{"id":1347,"date":"2023-08-30T07:22:51","date_gmt":"2023-08-30T05:22:51","guid":{"rendered":"https:\/\/tuto.provacy.com\/?page_id=1347"},"modified":"2025-03-24T15:49:02","modified_gmt":"2025-03-24T14:49:02","slug":"deploy","status":"publish","type":"page","link":"https:\/\/tuto.provacy.com\/en\/deploy\/","title":{"rendered":"Deployments"},"content":{"rendered":"<div class=\"wp-block-group top-nav is-nowrap is-layout-flex wp-container-core-group-layout-1 wp-block-group-is-layout-flex\">\n\n<\/div>\n\n\n\n<p class=\"translation-block\">The <strong>Deployment<\/strong> function is suitable for complex organisations with many Data Controllers. A single form can be used to populate the registers of all companies, all subsidiaries, certain groups of companies or certain data controllers.<\/p>\n\n\n\n<h5 class=\"wp-block-heading\">To all Controllers<\/h5>\n\n\n\n<p>The Group implements identical processing* in all its subsidiaries. The Deployment function allows you to create and manage a single record which will be published in the registers of its subsidiaries.<\/p>\n\n\n\n<div class=\"wp-block-group is-content-justification-center is-nowrap is-layout-flex wp-container-core-group-layout-2 wp-block-group-is-layout-flex\" style=\"padding-top:var(--wp--preset--spacing--50);padding-right:var(--wp--preset--spacing--80);padding-bottom:var(--wp--preset--spacing--50);padding-left:var(--wp--preset--spacing--80)\">\n<figure class=\"wp-block-image size-large is-resized\"><img decoding=\"async\" src=\"https:\/\/tuto.provacy.com\/wp-content\/uploads\/sites\/4\/2023\/08\/dbae9a52-5c08-4cce-b64f-19da7554add6.png\" alt=\"D\u00e9ploiement d'une fiche sur tous les Responsables de Traitements\" style=\"width:1000px\" \/><figcaption class=\"wp-element-caption\">*The processing is identical, e.g. payroll management, which uses the same tools, the same recipients, the same duration, etc.<\/figcaption><\/figure>\n<\/div>\n\n\n\n<h5 class=\"wp-block-heading\">To all subsidiaries<\/h5>\n\n\n\n<p>An organisation, MyCorp Services decides a processing* applied by its subsidiaries. The Deployment function can be used to create a card which will also be added to the records of its subsidiaries<\/p>\n\n\n\n<div class=\"wp-block-group is-content-justification-center is-nowrap is-layout-flex wp-container-core-group-layout-3 wp-block-group-is-layout-flex\" style=\"padding-top:var(--wp--preset--spacing--50);padding-right:var(--wp--preset--spacing--80);padding-bottom:var(--wp--preset--spacing--50);padding-left:var(--wp--preset--spacing--80)\">\n<figure class=\"wp-block-image size-large is-resized\"><img decoding=\"async\" src=\"https:\/\/tuto.provacy.com\/wp-content\/uploads\/sites\/4\/2023\/08\/854d3530-ac6b-4cce-bfd6-2e4331f28d4b.png\" alt=\"D\u00e9ploiement d'une fiche sur toutes les filiales de son ou ses Responsables de Traitements\" style=\"width:1000px\" \/><figcaption class=\"wp-element-caption\">* Processing is identical: same tools, purposes, recipients, duration of storage, etc.<\/figcaption><\/figure>\n<\/div>\n\n\n\n<h5 class=\"wp-block-heading\">To various Controllers<\/h5>\n\n\n\n<p>Data controllers are selected individually, or a group of target companies is created (e.g. German companies, Western agencies, etc.)<\/p>\n\n\n\n<div class=\"wp-block-group is-content-justification-center is-nowrap is-layout-flex wp-container-core-group-layout-4 wp-block-group-is-layout-flex\" style=\"padding-top:var(--wp--preset--spacing--50);padding-right:var(--wp--preset--spacing--80);padding-bottom:var(--wp--preset--spacing--50);padding-left:var(--wp--preset--spacing--80)\">\n<figure class=\"wp-block-image size-large is-resized\"><img decoding=\"async\" src=\"https:\/\/tuto.provacy.com\/wp-content\/uploads\/sites\/4\/2023\/08\/a541971d-27a6-4096-a9ca-9cccc8de6ae8.png\" alt=\"D\u00e9ploiement d'une fiche vers des groupes sp\u00e9cifiques de Responsables de Traitements\" style=\"width:800px\" \/><figcaption class=\"wp-element-caption\">* Processing is identical: same tools, purposes, recipients, duration of storage, etc.<\/figcaption><\/figure>\n<\/div>\n\n\n\n<div class=\"wp-block-columns bottom-nav is-layout-flex wp-container-core-columns-layout-1 wp-block-columns-is-layout-flex\">\n<div class=\"wp-block-column is-layout-flow wp-block-column-is-layout-flow\" style=\"flex-basis:25%\"><\/div>\n\n\n\n<div class=\"wp-block-column is-layout-flow wp-block-column-is-layout-flow\" style=\"flex-basis:50%\"><\/div>\n\n\n\n<div class=\"wp-block-column is-layout-flow wp-block-column-is-layout-flow\" style=\"flex-basis:25%\"><\/div>\n<\/div>\n\n\n\n<span class=\"sidebar-toggle hidden\" title=\"Show\/Hide side menu\"><i class=\"fal fa-table-layout\"><\/i><\/span>\n<script src=\"\/wp-includes\/js\/provacy\/js.cookie.min.js\"><\/script>\n<script>\nvar shown = true, $ = jQuery, b = $('body'), t = $('.sidebar-toggle'), c = Cookies.get('sidebar');\nif (c) {\n  shown = c == 1;\n}\nb.addClass('sidebar-' + (shown ? 'shown' : 'hidden'));\nif (shown) {\n  t.find('i').toggleClass('fa-table-layout fa-window-maximize');\n}\nt.on('click', function() {\n  shown = !shown;\n  t.find('i').toggleClass('fa-table-layout fa-window-maximize');\n  b.toggleClass('sidebar-shown sidebar-hidden');\n  Cookies.set('sidebar', shown ? 1 : 0, { expires: 30 });\n});\n\n$('figure.wp-lightbox-container').on('click', function(e) {\n  var img = $(e.target).parents('figure:first').find('img:first'), src = img.attr('src'), enlarged = $('figure.enlarged-image img.' + img.attr('class'));\n  if (enlarged.length && src != enlarged.attr('src')) {\n    let count = 0;\n    function incr() {\n      count++;\n      if (src != enlarged.attr('src'))\n        enlarged.attr('src', src);\n      if (count >= 10) {\n        clearInterval(intervalId);\n      }\n    }\n    const intervalId = setInterval(incr, 100);\n  }\n\n  \/\/console.log('lightbox clicked', e, this);\n});\n\n<\/script>","protected":false},"excerpt":{"rendered":"<p>La fonction D\u00e9ploiement convient aux organisations complexes comptant de nombreux Responsables de traitements. Une seule fiche alimente les registres de toutes les soci\u00e9t\u00e9s, toutes les filiales, certains groupes de soci\u00e9t\u00e9s ou certains Responsables de traitements. Vers tous les Responsables de traitements Le groupe met en \u0153uvre un traitement* identique dans toutes ses filiales. La fonction &hellip;<\/p>\n<p class=\"read-more\"> <a class=\"\" href=\"https:\/\/tuto.provacy.com\/en\/deploy\/\"> <span class=\"screen-reader-text\">Deployments<\/span> Read More &raquo;<\/a><\/p>","protected":false},"author":2,"featured_media":0,"parent":0,"menu_order":56,"comment_status":"closed","ping_status":"closed","template":"","meta":{"site-sidebar-layout":"default","site-content-layout":"","ast-site-content-layout":"default","site-content-style":"default","site-sidebar-style":"default","ast-global-header-display":"","ast-banner-title-visibility":"","ast-main-header-display":"","ast-hfb-above-header-display":"","ast-hfb-below-header-display":"","ast-hfb-mobile-header-display":"","site-post-title":"","ast-breadcrumbs-content":"","ast-featured-img":"","footer-sml-layout":"","theme-transparent-header-meta":"","adv-header-id-meta":"","stick-header-meta":"","header-above-stick-meta":"","header-main-stick-meta":"","header-below-stick-meta":"","astra-migrate-meta-layouts":"set","footnotes":""},"yoast_head":"<!-- This site is optimized with the Yoast SEO plugin v23.3 - https:\/\/yoast.com\/wordpress\/plugins\/seo\/ -->\n<title>D\u00e9ploiements - Guide utilisateur<\/title>\n<meta name=\"robots\" content=\"noindex, follow, max-snippet:-1, max-image-preview:large, max-video-preview:-1\" \/>\n<meta property=\"og:locale\" content=\"en_GB\" \/>\n<meta property=\"og:type\" content=\"article\" \/>\n<meta property=\"og:title\" content=\"D\u00e9ploiements - Guide utilisateur\" \/>\n<meta property=\"og:description\" content=\"La fonction D\u00e9ploiement convient aux organisations complexes comptant de nombreux Responsables de traitements. Une seule fiche alimente les registres de toutes les soci\u00e9t\u00e9s, toutes les filiales, certains groupes de soci\u00e9t\u00e9s ou certains Responsables de traitements. Vers tous les Responsables de traitements Le groupe met en \u0153uvre un traitement* identique dans toutes ses filiales. La fonction &hellip; D\u00e9ploiements Read More &raquo;\" \/>\n<meta property=\"og:url\" content=\"https:\/\/tuto.provacy.com\/en\/deploy\/\" \/>\n<meta property=\"og:site_name\" content=\"Guide utilisateur\" \/>\n<meta property=\"article:modified_time\" content=\"2025-03-24T14:49:02+00:00\" \/>\n<meta property=\"og:image\" content=\"https:\/\/tuto.provacy.com\/wp-content\/uploads\/sites\/4\/2023\/08\/1fcb7385-c7b8-4680-ac56-46f92a434c53.png\" \/>\n<meta name=\"twitter:card\" content=\"summary_large_image\" \/>\n<meta name=\"twitter:label1\" content=\"Estimated reading time\" \/>\n\t<meta name=\"twitter:data1\" content=\"2 minutes\" \/>\n<script type=\"application\/ld+json\" class=\"yoast-schema-graph\">{\"@context\":\"https:\/\/schema.org\",\"@graph\":[{\"@type\":\"WebPage\",\"@id\":\"https:\/\/tuto.provacy.com\/deploy\/\",\"url\":\"https:\/\/tuto.provacy.com\/deploy\/\",\"name\":\"D\u00e9ploiements - Guide utilisateur\",\"isPartOf\":{\"@id\":\"https:\/\/tuto.provacy.com\/#website\"},\"primaryImageOfPage\":{\"@id\":\"https:\/\/tuto.provacy.com\/deploy\/#primaryimage\"},\"image\":{\"@id\":\"https:\/\/tuto.provacy.com\/deploy\/#primaryimage\"},\"thumbnailUrl\":\"https:\/\/tuto.provacy.com\/wp-content\/uploads\/sites\/4\/2023\/08\/1fcb7385-c7b8-4680-ac56-46f92a434c53.png\",\"datePublished\":\"2023-08-30T05:22:51+00:00\",\"dateModified\":\"2025-03-24T14:49:02+00:00\",\"breadcrumb\":{\"@id\":\"https:\/\/tuto.provacy.com\/deploy\/#breadcrumb\"},\"inLanguage\":\"en-GB\",\"potentialAction\":[{\"@type\":\"ReadAction\",\"target\":[\"https:\/\/tuto.provacy.com\/deploy\/\"]}]},{\"@type\":\"ImageObject\",\"inLanguage\":\"en-GB\",\"@id\":\"https:\/\/tuto.provacy.com\/deploy\/#primaryimage\",\"url\":\"https:\/\/tuto.provacy.com\/wp-content\/uploads\/sites\/4\/2023\/08\/1fcb7385-c7b8-4680-ac56-46f92a434c53.png\",\"contentUrl\":\"https:\/\/tuto.provacy.com\/wp-content\/uploads\/sites\/4\/2023\/08\/1fcb7385-c7b8-4680-ac56-46f92a434c53.png\"},{\"@type\":\"BreadcrumbList\",\"@id\":\"https:\/\/tuto.provacy.com\/deploy\/#breadcrumb\",\"itemListElement\":[{\"@type\":\"ListItem\",\"position\":1,\"name\":\"Accueil\",\"item\":\"https:\/\/tuto.provacy.com\/\"},{\"@type\":\"ListItem\",\"position\":2,\"name\":\"D\u00e9ploiements\"}]},{\"@type\":\"WebSite\",\"@id\":\"https:\/\/tuto.provacy.com\/#website\",\"url\":\"https:\/\/tuto.provacy.com\/\",\"name\":\"Guide utilisateur\",\"description\":\"\",\"publisher\":{\"@id\":\"https:\/\/tuto.provacy.com\/#organization\"},\"potentialAction\":[{\"@type\":\"SearchAction\",\"target\":{\"@type\":\"EntryPoint\",\"urlTemplate\":\"https:\/\/tuto.provacy.com\/?s={search_term_string}\"},\"query-input\":\"required name=search_term_string\"}],\"inLanguage\":\"en-GB\"},{\"@type\":\"Organization\",\"@id\":\"https:\/\/tuto.provacy.com\/#organization\",\"name\":\"Guide utilisateur\",\"url\":\"https:\/\/tuto.provacy.com\/\",\"logo\":{\"@type\":\"ImageObject\",\"inLanguage\":\"en-GB\",\"@id\":\"https:\/\/tuto.provacy.com\/#\/schema\/logo\/image\/\",\"url\":\"https:\/\/tuto.provacy.com\/wp-content\/uploads\/sites\/4\/2023\/10\/cropped-power-logo-white-slogan.png\",\"contentUrl\":\"https:\/\/tuto.provacy.com\/wp-content\/uploads\/sites\/4\/2023\/10\/cropped-power-logo-white-slogan.png\",\"width\":1231,\"height\":272,\"caption\":\"Guide utilisateur\"},\"image\":{\"@id\":\"https:\/\/tuto.provacy.com\/#\/schema\/logo\/image\/\"}}]}<\/script>\n<!-- \/ Yoast SEO plugin. -->","yoast_head_json":{"title":"D\u00e9ploiements - Guide utilisateur","robots":{"index":"noindex","follow":"follow","max-snippet":"max-snippet:-1","max-image-preview":"max-image-preview:large","max-video-preview":"max-video-preview:-1"},"og_locale":"en_GB","og_type":"article","og_title":"D\u00e9ploiements - Guide utilisateur","og_description":"La fonction D\u00e9ploiement convient aux organisations complexes comptant de nombreux Responsables de traitements. Une seule fiche alimente les registres de toutes les soci\u00e9t\u00e9s, toutes les filiales, certains groupes de soci\u00e9t\u00e9s ou certains Responsables de traitements. Vers tous les Responsables de traitements Le groupe met en \u0153uvre un traitement* identique dans toutes ses filiales. La fonction &hellip; D\u00e9ploiements Read More &raquo;","og_url":"https:\/\/tuto.provacy.com\/en\/deploy\/","og_site_name":"Guide utilisateur","article_modified_time":"2025-03-24T14:49:02+00:00","og_image":[{"url":"https:\/\/tuto.provacy.com\/wp-content\/uploads\/sites\/4\/2023\/08\/1fcb7385-c7b8-4680-ac56-46f92a434c53.png"}],"twitter_card":"summary_large_image","twitter_misc":{"Estimated reading time":"2 minutes"},"schema":{"@context":"https:\/\/schema.org","@graph":[{"@type":"WebPage","@id":"https:\/\/tuto.provacy.com\/deploy\/","url":"https:\/\/tuto.provacy.com\/deploy\/","name":"D\u00e9ploiements - Guide utilisateur","isPartOf":{"@id":"https:\/\/tuto.provacy.com\/#website"},"primaryImageOfPage":{"@id":"https:\/\/tuto.provacy.com\/deploy\/#primaryimage"},"image":{"@id":"https:\/\/tuto.provacy.com\/deploy\/#primaryimage"},"thumbnailUrl":"https:\/\/tuto.provacy.com\/wp-content\/uploads\/sites\/4\/2023\/08\/1fcb7385-c7b8-4680-ac56-46f92a434c53.png","datePublished":"2023-08-30T05:22:51+00:00","dateModified":"2025-03-24T14:49:02+00:00","breadcrumb":{"@id":"https:\/\/tuto.provacy.com\/deploy\/#breadcrumb"},"inLanguage":"en-GB","potentialAction":[{"@type":"ReadAction","target":["https:\/\/tuto.provacy.com\/deploy\/"]}]},{"@type":"ImageObject","inLanguage":"en-GB","@id":"https:\/\/tuto.provacy.com\/deploy\/#primaryimage","url":"https:\/\/tuto.provacy.com\/wp-content\/uploads\/sites\/4\/2023\/08\/1fcb7385-c7b8-4680-ac56-46f92a434c53.png","contentUrl":"https:\/\/tuto.provacy.com\/wp-content\/uploads\/sites\/4\/2023\/08\/1fcb7385-c7b8-4680-ac56-46f92a434c53.png"},{"@type":"BreadcrumbList","@id":"https:\/\/tuto.provacy.com\/deploy\/#breadcrumb","itemListElement":[{"@type":"ListItem","position":1,"name":"Accueil","item":"https:\/\/tuto.provacy.com\/"},{"@type":"ListItem","position":2,"name":"D\u00e9ploiements"}]},{"@type":"WebSite","@id":"https:\/\/tuto.provacy.com\/#website","url":"https:\/\/tuto.provacy.com\/","name":"Guide utilisateur","description":"","publisher":{"@id":"https:\/\/tuto.provacy.com\/#organization"},"potentialAction":[{"@type":"SearchAction","target":{"@type":"EntryPoint","urlTemplate":"https:\/\/tuto.provacy.com\/?s={search_term_string}"},"query-input":"required name=search_term_string"}],"inLanguage":"en-GB"},{"@type":"Organization","@id":"https:\/\/tuto.provacy.com\/#organization","name":"Guide utilisateur","url":"https:\/\/tuto.provacy.com\/","logo":{"@type":"ImageObject","inLanguage":"en-GB","@id":"https:\/\/tuto.provacy.com\/#\/schema\/logo\/image\/","url":"https:\/\/tuto.provacy.com\/wp-content\/uploads\/sites\/4\/2023\/10\/cropped-power-logo-white-slogan.png","contentUrl":"https:\/\/tuto.provacy.com\/wp-content\/uploads\/sites\/4\/2023\/10\/cropped-power-logo-white-slogan.png","width":1231,"height":272,"caption":"Guide utilisateur"},"image":{"@id":"https:\/\/tuto.provacy.com\/#\/schema\/logo\/image\/"}}]}},"_links":{"self":[{"href":"https:\/\/tuto.provacy.com\/en\/wp-json\/wp\/v2\/pages\/1347"}],"collection":[{"href":"https:\/\/tuto.provacy.com\/en\/wp-json\/wp\/v2\/pages"}],"about":[{"href":"https:\/\/tuto.provacy.com\/en\/wp-json\/wp\/v2\/types\/page"}],"author":[{"embeddable":true,"href":"https:\/\/tuto.provacy.com\/en\/wp-json\/wp\/v2\/users\/2"}],"replies":[{"embeddable":true,"href":"https:\/\/tuto.provacy.com\/en\/wp-json\/wp\/v2\/comments?post=1347"}],"version-history":[{"count":23,"href":"https:\/\/tuto.provacy.com\/en\/wp-json\/wp\/v2\/pages\/1347\/revisions"}],"predecessor-version":[{"id":3747,"href":"https:\/\/tuto.provacy.com\/en\/wp-json\/wp\/v2\/pages\/1347\/revisions\/3747"}],"wp:attachment":[{"href":"https:\/\/tuto.provacy.com\/en\/wp-json\/wp\/v2\/media?parent=1347"}],"curies":[{"name":"wp","href":"https:\/\/api.w.org\/{rel}","templated":true}]}}