{"id":1514,"date":"2023-10-10T08:55:00","date_gmt":"2023-10-10T06:55:00","guid":{"rendered":"https:\/\/tuto.provacy.com\/?page_id=1514"},"modified":"2023-12-11T09:00:18","modified_gmt":"2023-12-11T08:00:18","slug":"export-base","status":"publish","type":"page","link":"https:\/\/tuto.provacy.com\/en\/export\/export-base\/","title":{"rendered":"2. Database export"},"content":{"rendered":"<div class=\"wp-block-group top-nav is-nowrap is-layout-flex wp-container-core-group-layout-1 wp-block-group-is-layout-flex\">\n\n<\/div>\n\n\n\n<p>The export is done in two stages: a backup of the database, then the export<\/p>\n\n\n\n<div class=\"wp-block-group is-content-justification-center is-nowrap is-layout-flex wp-container-core-group-layout-2 wp-block-group-is-layout-flex\">\n<figure class=\"wp-block-image size-full is-resized\"><img loading=\"lazy\" decoding=\"async\" width=\"255\" height=\"193\" src=\"https:\/\/tuto.provacy.com\/wp-content\/uploads\/sites\/4\/2023\/12\/provacy_en.png\" alt=\"\" class=\"wp-image-1515\" style=\"width:430px;height:325px\" srcset=\"https:\/\/tuto.provacy.com\/wp-content\/uploads\/sites\/4\/2023\/12\/provacy_en.png 456w, https:\/\/tuto.provacy.com\/wp-content\/uploads\/sites\/4\/2023\/12\/provacy_en-300x234.png 300w, https:\/\/tuto.provacy.com\/wp-content\/uploads\/sites\/4\/2023\/12\/provacy_en-15x12.png 15w\" sizes=\"(max-width: 255px) 100vw, 255px\" \/><\/figure>\n<\/div>\n\n\n\n<ol>\n<li>Click on Save, then Validate:<\/li>\n<\/ol>\n\n\n\n<div class=\"wp-block-group is-content-justification-center is-nowrap is-layout-flex wp-container-core-group-layout-3 wp-block-group-is-layout-flex\">\n<figure class=\"wp-block-image size-full is-resized\"><img loading=\"lazy\" decoding=\"async\" width=\"500\" height=\"198\" src=\"https:\/\/tuto.provacy.com\/wp-content\/uploads\/sites\/4\/2023\/12\/sauv_en.png\" alt=\"\" class=\"wp-image-1516\" style=\"width:576px;height:228px\" srcset=\"https:\/\/tuto.provacy.com\/wp-content\/uploads\/sites\/4\/2023\/12\/sauv_en.png 500w, https:\/\/tuto.provacy.com\/wp-content\/uploads\/sites\/4\/2023\/12\/sauv_en-300x119.png 300w, https:\/\/tuto.provacy.com\/wp-content\/uploads\/sites\/4\/2023\/12\/sauv_en-18x7.png 18w\" sizes=\"(max-width: 500px) 100vw, 500px\" \/><\/figure>\n<\/div>\n\n\n\n<p class=\"translation-block\">2. Click Export, choose the backup dataset. The file name is composed of the year, month, day and time of the backup. In the example below: P4_5.0.7_<strong>20231211_0837<\/strong>42 dataset from December 11, 2023 at 08:37. Validate.<\/p>\n\n\n\n<div class=\"wp-block-group is-content-justification-center is-nowrap is-layout-flex wp-container-core-group-layout-4 wp-block-group-is-layout-flex\">\n<figure class=\"wp-block-image size-full\"><img loading=\"lazy\" decoding=\"async\" width=\"691\" height=\"328\" src=\"https:\/\/tuto.provacy.com\/wp-content\/uploads\/sites\/4\/2023\/12\/exp_fr.png\" alt=\"\" class=\"wp-image-1603\" srcset=\"https:\/\/tuto.provacy.com\/wp-content\/uploads\/sites\/4\/2023\/12\/exp_fr.png 691w, https:\/\/tuto.provacy.com\/wp-content\/uploads\/sites\/4\/2023\/12\/exp_fr-300x142.png 300w, https:\/\/tuto.provacy.com\/wp-content\/uploads\/sites\/4\/2023\/12\/exp_fr-18x9.png 18w\" sizes=\"(max-width: 691px) 100vw, 691px\" \/><\/figure>\n<\/div>\n\n\n\n<p>3. Click the link inside the window to download the file<\/p>\n\n\n\n<div class=\"wp-block-group is-content-justification-center is-nowrap is-layout-flex wp-container-core-group-layout-5 wp-block-group-is-layout-flex\">\n<figure class=\"wp-block-image size-full\"><img loading=\"lazy\" decoding=\"async\" width=\"767\" height=\"228\" src=\"https:\/\/tuto.provacy.com\/wp-content\/uploads\/sites\/4\/2023\/12\/lien_en.png\" alt=\"\" class=\"wp-image-1604\" srcset=\"https:\/\/tuto.provacy.com\/wp-content\/uploads\/sites\/4\/2023\/12\/lien_en.png 768w, https:\/\/tuto.provacy.com\/wp-content\/uploads\/sites\/4\/2023\/12\/lien_en-300x88.png 300w, https:\/\/tuto.provacy.com\/wp-content\/uploads\/sites\/4\/2023\/12\/lien_en-18x5.png 18w\" sizes=\"(max-width: 767px) 100vw, 767px\" \/><\/figure>\n<\/div>\n\n\n\n<div class=\"wp-block-columns bottom-nav is-layout-flex wp-container-core-columns-layout-1 wp-block-columns-is-layout-flex\">\n<div class=\"wp-block-column is-layout-flow wp-block-column-is-layout-flow\" style=\"flex-basis:25%\"><\/div>\n\n\n\n<div class=\"wp-block-column is-layout-flow wp-block-column-is-layout-flow\" style=\"flex-basis:50%\"><\/div>\n\n\n\n<div class=\"wp-block-column is-layout-flow wp-block-column-is-layout-flow\" style=\"flex-basis:25%\"><\/div>\n<\/div>\n\n\n\n<span class=\"sidebar-toggle hidden\" title=\"Show\/Hide side menu\"><i class=\"fal fa-table-layout\"><\/i><\/span>\n<script src=\"\/wp-includes\/js\/provacy\/js.cookie.min.js\"><\/script>\n<script>\nvar shown = true, $ = jQuery, b = $('body'), t = $('.sidebar-toggle'), c = Cookies.get('sidebar');\nif (c) {\n  shown = c == 1;\n}\nb.addClass('sidebar-' + (shown ? 'shown' : 'hidden'));\nif (shown) {\n  t.find('i').toggleClass('fa-table-layout fa-window-maximize');\n}\nt.on('click', function() {\n  shown = !shown;\n  t.find('i').toggleClass('fa-table-layout fa-window-maximize');\n  b.toggleClass('sidebar-shown sidebar-hidden');\n  Cookies.set('sidebar', shown ? 1 : 0, { expires: 30 });\n});\n\n$('figure.wp-lightbox-container').on('click', function(e) {\n  var img = $(e.target).parents('figure:first').find('img:first'), src = img.attr('src'), enlarged = $('figure.enlarged-image img.' + img.attr('class'));\n  if (enlarged.length && src != enlarged.attr('src')) {\n    let count = 0;\n    function incr() {\n      count++;\n      if (src != enlarged.attr('src'))\n        enlarged.attr('src', src);\n      if (count >= 10) {\n        clearInterval(intervalId);\n      }\n    }\n    const intervalId = setInterval(incr, 100);\n  }\n\n  \/\/console.log('lightbox clicked', e, this);\n});\n\n<\/script>","protected":false},"excerpt":{"rendered":"<p>L'export se fait en deux temps : une sauvegarde de la base, puis l'export 2. Cliquez sur Exporter, choisissez le jeu de donn\u00e9es de la sauvegarde. Le nom du fichier est compos\u00e9 de l'ann\u00e9e, du mois, jour et heure de la sauvegarde. Dans l'exemple ci-dessous : P4_5.0.7_20231211_083742 jeu de donn\u00e9es du 11 d\u00e9cembre 2023 \u00e0 &hellip;<\/p>\n<p class=\"read-more\"> <a class=\"\" href=\"https:\/\/tuto.provacy.com\/en\/export\/export-base\/\"> <span class=\"screen-reader-text\">2. Database export<\/span> Read More &raquo;<\/a><\/p>","protected":false},"author":2,"featured_media":0,"parent":1505,"menu_order":128,"comment_status":"closed","ping_status":"closed","template":"","meta":{"site-sidebar-layout":"default","site-content-layout":"","ast-site-content-layout":"default","site-content-style":"default","site-sidebar-style":"default","ast-global-header-display":"","ast-banner-title-visibility":"","ast-main-header-display":"","ast-hfb-above-header-display":"","ast-hfb-below-header-display":"","ast-hfb-mobile-header-display":"","site-post-title":"","ast-breadcrumbs-content":"","ast-featured-img":"","footer-sml-layout":"","theme-transparent-header-meta":"","adv-header-id-meta":"","stick-header-meta":"","header-above-stick-meta":"","header-main-stick-meta":"","header-below-stick-meta":"","astra-migrate-meta-layouts":"set","footnotes":""},"yoast_head":"<!-- This site is optimized with the Yoast SEO plugin v23.3 - https:\/\/yoast.com\/wordpress\/plugins\/seo\/ -->\n<title>2. Export de la base - Guide utilisateur<\/title>\n<meta name=\"robots\" content=\"noindex, follow, max-snippet:-1, max-image-preview:large, max-video-preview:-1\" \/>\n<meta property=\"og:locale\" content=\"en_GB\" \/>\n<meta property=\"og:type\" content=\"article\" \/>\n<meta property=\"og:title\" content=\"2. Export de la base - Guide utilisateur\" \/>\n<meta property=\"og:description\" content=\"L&#039;export se fait en deux temps : une sauvegarde de la base, puis l&#039;export 2. Cliquez sur Exporter, choisissez le jeu de donn\u00e9es de la sauvegarde. Le nom du fichier est compos\u00e9 de l&#039;ann\u00e9e, du mois, jour et heure de la sauvegarde. Dans l&#039;exemple ci-dessous : P4_5.0.7_20231211_083742 jeu de donn\u00e9es du 11 d\u00e9cembre 2023 \u00e0 &hellip; 2. Export de la base Read More &raquo;\" \/>\n<meta property=\"og:url\" content=\"https:\/\/tuto.provacy.com\/en\/export\/export-base\/\" \/>\n<meta property=\"og:site_name\" content=\"Guide utilisateur\" \/>\n<meta property=\"article:modified_time\" content=\"2023-12-11T08:00:18+00:00\" \/>\n<meta property=\"og:image\" content=\"https:\/\/tuto.provacy.com\/wp-content\/uploads\/sites\/4\/2023\/10\/screenshot-test-c9993.provacy4.eu-2023.10.10-07_58_29.png\" \/>\n<meta name=\"twitter:card\" content=\"summary_large_image\" \/>\n<script type=\"application\/ld+json\" class=\"yoast-schema-graph\">{\"@context\":\"https:\/\/schema.org\",\"@graph\":[{\"@type\":\"WebPage\",\"@id\":\"https:\/\/tuto.provacy.com\/export\/export-base\/\",\"url\":\"https:\/\/tuto.provacy.com\/export\/export-base\/\",\"name\":\"2. Export de la base - Guide utilisateur\",\"isPartOf\":{\"@id\":\"https:\/\/tuto.provacy.com\/#website\"},\"primaryImageOfPage\":{\"@id\":\"https:\/\/tuto.provacy.com\/export\/export-base\/#primaryimage\"},\"image\":{\"@id\":\"https:\/\/tuto.provacy.com\/export\/export-base\/#primaryimage\"},\"thumbnailUrl\":\"https:\/\/tuto.provacy.com\/wp-content\/uploads\/sites\/4\/2023\/10\/screenshot-test-c9993.provacy4.eu-2023.10.10-07_58_29.png\",\"datePublished\":\"2023-10-10T06:55:00+00:00\",\"dateModified\":\"2023-12-11T08:00:18+00:00\",\"breadcrumb\":{\"@id\":\"https:\/\/tuto.provacy.com\/export\/export-base\/#breadcrumb\"},\"inLanguage\":\"en-GB\",\"potentialAction\":[{\"@type\":\"ReadAction\",\"target\":[\"https:\/\/tuto.provacy.com\/export\/export-base\/\"]}]},{\"@type\":\"ImageObject\",\"inLanguage\":\"en-GB\",\"@id\":\"https:\/\/tuto.provacy.com\/export\/export-base\/#primaryimage\",\"url\":\"https:\/\/tuto.provacy.com\/wp-content\/uploads\/sites\/4\/2023\/10\/screenshot-test-c9993.provacy4.eu-2023.10.10-07_58_29.png\",\"contentUrl\":\"https:\/\/tuto.provacy.com\/wp-content\/uploads\/sites\/4\/2023\/10\/screenshot-test-c9993.provacy4.eu-2023.10.10-07_58_29.png\"},{\"@type\":\"BreadcrumbList\",\"@id\":\"https:\/\/tuto.provacy.com\/export\/export-base\/#breadcrumb\",\"itemListElement\":[{\"@type\":\"ListItem\",\"position\":1,\"name\":\"Accueil\",\"item\":\"https:\/\/tuto.provacy.com\/\"},{\"@type\":\"ListItem\",\"position\":2,\"name\":\"Exporter\",\"item\":\"https:\/\/tuto.provacy.com\/export\/\"},{\"@type\":\"ListItem\",\"position\":3,\"name\":\"2. Export de la base\"}]},{\"@type\":\"WebSite\",\"@id\":\"https:\/\/tuto.provacy.com\/#website\",\"url\":\"https:\/\/tuto.provacy.com\/\",\"name\":\"Guide utilisateur\",\"description\":\"\",\"publisher\":{\"@id\":\"https:\/\/tuto.provacy.com\/#organization\"},\"potentialAction\":[{\"@type\":\"SearchAction\",\"target\":{\"@type\":\"EntryPoint\",\"urlTemplate\":\"https:\/\/tuto.provacy.com\/?s={search_term_string}\"},\"query-input\":\"required name=search_term_string\"}],\"inLanguage\":\"en-GB\"},{\"@type\":\"Organization\",\"@id\":\"https:\/\/tuto.provacy.com\/#organization\",\"name\":\"Guide utilisateur\",\"url\":\"https:\/\/tuto.provacy.com\/\",\"logo\":{\"@type\":\"ImageObject\",\"inLanguage\":\"en-GB\",\"@id\":\"https:\/\/tuto.provacy.com\/#\/schema\/logo\/image\/\",\"url\":\"https:\/\/tuto.provacy.com\/wp-content\/uploads\/sites\/4\/2023\/10\/cropped-power-logo-white-slogan.png\",\"contentUrl\":\"https:\/\/tuto.provacy.com\/wp-content\/uploads\/sites\/4\/2023\/10\/cropped-power-logo-white-slogan.png\",\"width\":1231,\"height\":272,\"caption\":\"Guide utilisateur\"},\"image\":{\"@id\":\"https:\/\/tuto.provacy.com\/#\/schema\/logo\/image\/\"}}]}<\/script>\n<!-- \/ Yoast SEO plugin. -->","yoast_head_json":{"title":"2. Export de la base - Guide utilisateur","robots":{"index":"noindex","follow":"follow","max-snippet":"max-snippet:-1","max-image-preview":"max-image-preview:large","max-video-preview":"max-video-preview:-1"},"og_locale":"en_GB","og_type":"article","og_title":"2. Export de la base - Guide utilisateur","og_description":"L'export se fait en deux temps : une sauvegarde de la base, puis l'export 2. Cliquez sur Exporter, choisissez le jeu de donn\u00e9es de la sauvegarde. Le nom du fichier est compos\u00e9 de l'ann\u00e9e, du mois, jour et heure de la sauvegarde. Dans l'exemple ci-dessous : P4_5.0.7_20231211_083742 jeu de donn\u00e9es du 11 d\u00e9cembre 2023 \u00e0 &hellip; 2. Export de la base Read More &raquo;","og_url":"https:\/\/tuto.provacy.com\/en\/export\/export-base\/","og_site_name":"Guide utilisateur","article_modified_time":"2023-12-11T08:00:18+00:00","og_image":[{"url":"https:\/\/tuto.provacy.com\/wp-content\/uploads\/sites\/4\/2023\/10\/screenshot-test-c9993.provacy4.eu-2023.10.10-07_58_29.png"}],"twitter_card":"summary_large_image","schema":{"@context":"https:\/\/schema.org","@graph":[{"@type":"WebPage","@id":"https:\/\/tuto.provacy.com\/export\/export-base\/","url":"https:\/\/tuto.provacy.com\/export\/export-base\/","name":"2. Export de la base - Guide utilisateur","isPartOf":{"@id":"https:\/\/tuto.provacy.com\/#website"},"primaryImageOfPage":{"@id":"https:\/\/tuto.provacy.com\/export\/export-base\/#primaryimage"},"image":{"@id":"https:\/\/tuto.provacy.com\/export\/export-base\/#primaryimage"},"thumbnailUrl":"https:\/\/tuto.provacy.com\/wp-content\/uploads\/sites\/4\/2023\/10\/screenshot-test-c9993.provacy4.eu-2023.10.10-07_58_29.png","datePublished":"2023-10-10T06:55:00+00:00","dateModified":"2023-12-11T08:00:18+00:00","breadcrumb":{"@id":"https:\/\/tuto.provacy.com\/export\/export-base\/#breadcrumb"},"inLanguage":"en-GB","potentialAction":[{"@type":"ReadAction","target":["https:\/\/tuto.provacy.com\/export\/export-base\/"]}]},{"@type":"ImageObject","inLanguage":"en-GB","@id":"https:\/\/tuto.provacy.com\/export\/export-base\/#primaryimage","url":"https:\/\/tuto.provacy.com\/wp-content\/uploads\/sites\/4\/2023\/10\/screenshot-test-c9993.provacy4.eu-2023.10.10-07_58_29.png","contentUrl":"https:\/\/tuto.provacy.com\/wp-content\/uploads\/sites\/4\/2023\/10\/screenshot-test-c9993.provacy4.eu-2023.10.10-07_58_29.png"},{"@type":"BreadcrumbList","@id":"https:\/\/tuto.provacy.com\/export\/export-base\/#breadcrumb","itemListElement":[{"@type":"ListItem","position":1,"name":"Accueil","item":"https:\/\/tuto.provacy.com\/"},{"@type":"ListItem","position":2,"name":"Exporter","item":"https:\/\/tuto.provacy.com\/export\/"},{"@type":"ListItem","position":3,"name":"2. Export de la base"}]},{"@type":"WebSite","@id":"https:\/\/tuto.provacy.com\/#website","url":"https:\/\/tuto.provacy.com\/","name":"Guide utilisateur","description":"","publisher":{"@id":"https:\/\/tuto.provacy.com\/#organization"},"potentialAction":[{"@type":"SearchAction","target":{"@type":"EntryPoint","urlTemplate":"https:\/\/tuto.provacy.com\/?s={search_term_string}"},"query-input":"required name=search_term_string"}],"inLanguage":"en-GB"},{"@type":"Organization","@id":"https:\/\/tuto.provacy.com\/#organization","name":"Guide utilisateur","url":"https:\/\/tuto.provacy.com\/","logo":{"@type":"ImageObject","inLanguage":"en-GB","@id":"https:\/\/tuto.provacy.com\/#\/schema\/logo\/image\/","url":"https:\/\/tuto.provacy.com\/wp-content\/uploads\/sites\/4\/2023\/10\/cropped-power-logo-white-slogan.png","contentUrl":"https:\/\/tuto.provacy.com\/wp-content\/uploads\/sites\/4\/2023\/10\/cropped-power-logo-white-slogan.png","width":1231,"height":272,"caption":"Guide utilisateur"},"image":{"@id":"https:\/\/tuto.provacy.com\/#\/schema\/logo\/image\/"}}]}},"_links":{"self":[{"href":"https:\/\/tuto.provacy.com\/en\/wp-json\/wp\/v2\/pages\/1514"}],"collection":[{"href":"https:\/\/tuto.provacy.com\/en\/wp-json\/wp\/v2\/pages"}],"about":[{"href":"https:\/\/tuto.provacy.com\/en\/wp-json\/wp\/v2\/types\/page"}],"author":[{"embeddable":true,"href":"https:\/\/tuto.provacy.com\/en\/wp-json\/wp\/v2\/users\/2"}],"replies":[{"embeddable":true,"href":"https:\/\/tuto.provacy.com\/en\/wp-json\/wp\/v2\/comments?post=1514"}],"version-history":[{"count":5,"href":"https:\/\/tuto.provacy.com\/en\/wp-json\/wp\/v2\/pages\/1514\/revisions"}],"predecessor-version":[{"id":1607,"href":"https:\/\/tuto.provacy.com\/en\/wp-json\/wp\/v2\/pages\/1514\/revisions\/1607"}],"up":[{"embeddable":true,"href":"https:\/\/tuto.provacy.com\/en\/wp-json\/wp\/v2\/pages\/1505"}],"wp:attachment":[{"href":"https:\/\/tuto.provacy.com\/en\/wp-json\/wp\/v2\/media?parent=1514"}],"curies":[{"name":"wp","href":"https:\/\/api.w.org\/{rel}","templated":true}]}}