{"id":1555,"date":"2023-12-09T16:34:14","date_gmt":"2023-12-09T15:34:14","guid":{"rendered":"https:\/\/tuto.provacy.com\/?page_id=1555"},"modified":"2024-08-01T16:24:52","modified_gmt":"2024-08-01T14:24:52","slug":"inheritance","status":"publish","type":"page","link":"https:\/\/tuto.provacy.com\/en\/measures\/inheritance\/","title":{"rendered":"2. Measure inheritance"},"content":{"rendered":"<div class=\"wp-block-group top-nav is-nowrap is-layout-flex wp-container-core-group-layout-1 wp-block-group-is-layout-flex\">\n\n<\/div>\n\n\n\n<p>Associate security measures with software, third parties, units and RTs and find them by inheritance in your processing cards or contracts cards. A Measures tab allows the association of security measures on the Data Controller, Unit, Software &amp; Tools and Third Party forms.<\/p>\n\n\n\n<p>Do you have a data protection policy established in your organization? Create the corresponding measure at the RT level. It will be inherited and displayed in all the Controller's processing cards.<\/p>\n\n\n\n<p>Is access to a department protected by biometric access control? Associate this measure with the department concerned so that it's displayed in the processing cards implemented by this department.<\/p>\n\n\n\n<p>Has your organization signed a data processing contract with a subcontractor (Third Party)? Specify this in the subcontractor's file by associating it with the corresponding measure.<\/p>\n\n\n\n<div class=\"wp-block-group is-content-justification-center is-nowrap is-layout-flex wp-container-core-group-layout-2 wp-block-group-is-layout-flex\">\n<figure class=\"wp-block-image size-large\"><img decoding=\"async\" src=\"https:\/\/tuto.provacy.com\/wp-content\/uploads\/sites\/4\/2023\/08\/fb7d30f6-2cae-4574-84e0-0c229db3adc6.png\" alt=\"\" \/><\/figure>\n<\/div>\n\n\n\n<p>For example, from a processing card, Data tab, you have selected the software used:<\/p>\n\n\n\n<div class=\"wp-block-group is-nowrap is-layout-flex wp-container-core-group-layout-3 wp-block-group-is-layout-flex\">\n<figure class=\"wp-block-image size-large\"><img decoding=\"async\" src=\"https:\/\/tuto.provacy.com\/wp-content\/uploads\/sites\/4\/2023\/08\/88cb1253-67c7-4df0-b81e-f64682ad0cfe.png\" alt=\"\" \/><\/figure>\n<\/div>\n\n\n\n<p>Open the software card from the link in the processing sheet or Administration &gt; Tools &gt; Software &amp; Tools then select the security measures included in the tool:<\/p>\n\n\n\n<div class=\"wp-block-group is-nowrap is-layout-flex wp-container-core-group-layout-4 wp-block-group-is-layout-flex\">\n<figure class=\"wp-block-image size-large\"><img decoding=\"async\" src=\"https:\/\/tuto.provacy.com\/wp-content\/uploads\/sites\/4\/2023\/08\/ca6cefd2-b276-4797-88d9-7c7de77f8c60.png\" alt=\"\" \/><\/figure>\n<\/div>\n\n\n\n<p>These measures will be automatically displayed in the summary of all processing cards using this software:<\/p>\n\n\n\n<div class=\"wp-block-group is-nowrap is-layout-flex wp-container-core-group-layout-5 wp-block-group-is-layout-flex\">\n<figure class=\"wp-block-image size-large\"><img decoding=\"async\" src=\"https:\/\/tuto.provacy.com\/wp-content\/uploads\/sites\/4\/2023\/08\/359a7f05-d972-49f7-a354-c652e44335ba.png\" alt=\"\" \/><\/figure>\n<\/div>\n\n\n\n<p>Inherited measures are shown in the \u201cLevel\u201d column:<\/p>\n\n\n\n<div class=\"wp-block-group is-content-justification-center is-nowrap is-layout-flex wp-container-core-group-layout-6 wp-block-group-is-layout-flex\">\n<figure class=\"wp-block-image size-large\"><img decoding=\"async\" src=\"https:\/\/tuto.provacy.com\/wp-content\/uploads\/sites\/4\/2023\/08\/c2d2dc77-0030-46e3-9a3f-877fded12313.png\" alt=\"\" \/><\/figure>\n<\/div>\n\n\n\n<div class=\"wp-block-columns bottom-nav is-layout-flex wp-container-core-columns-layout-1 wp-block-columns-is-layout-flex\">\n<div class=\"wp-block-column is-layout-flow wp-block-column-is-layout-flow\" style=\"flex-basis:25%\"><\/div>\n\n\n\n<div class=\"wp-block-column is-layout-flow wp-block-column-is-layout-flow\" style=\"flex-basis:50%\"><\/div>\n\n\n\n<div class=\"wp-block-column is-layout-flow wp-block-column-is-layout-flow\" style=\"flex-basis:25%\"><\/div>\n<\/div>\n\n\n\n<span class=\"sidebar-toggle hidden\" title=\"Show\/Hide side menu\"><i class=\"fal fa-table-layout\"><\/i><\/span>\n<script src=\"\/wp-includes\/js\/provacy\/js.cookie.min.js\"><\/script>\n<script>\nvar shown = true, $ = jQuery, b = $('body'), t = $('.sidebar-toggle'), c = Cookies.get('sidebar');\nif (c) {\n  shown = c == 1;\n}\nb.addClass('sidebar-' + (shown ? 'shown' : 'hidden'));\nif (shown) {\n  t.find('i').toggleClass('fa-table-layout fa-window-maximize');\n}\nt.on('click', function() {\n  shown = !shown;\n  t.find('i').toggleClass('fa-table-layout fa-window-maximize');\n  b.toggleClass('sidebar-shown sidebar-hidden');\n  Cookies.set('sidebar', shown ? 1 : 0, { expires: 30 });\n});\n\n$('figure.wp-lightbox-container').on('click', function(e) {\n  var img = $(e.target).parents('figure:first').find('img:first'), src = img.attr('src'), enlarged = $('figure.enlarged-image img.' + img.attr('class'));\n  if (enlarged.length && src != enlarged.attr('src')) {\n    let count = 0;\n    function incr() {\n      count++;\n      if (src != enlarged.attr('src'))\n        enlarged.attr('src', src);\n      if (count >= 10) {\n        clearInterval(intervalId);\n      }\n    }\n    const intervalId = setInterval(incr, 100);\n  }\n\n  \/\/console.log('lightbox clicked', e, this);\n});\n\n<\/script>","protected":false},"excerpt":{"rendered":"<p>Associez des mesures de s\u00e9curit\u00e9 aux logiciels, tiers, unit\u00e9s et RT et retrouvez-les par h\u00e9ritage dans vos fiches de traitements ou contrats de sous-traitance. Un onglet Mesures permet l'association de mesures de s\u00e9curit\u00e9 sur les formulaires Responsables de Traitements, Unit\u00e9s, Logiciels &amp; outils et Tiers Vous avez une politique de protection des donn\u00e9es \u00e9tablie dans &hellip;<\/p>\n<p class=\"read-more\"> <a class=\"\" href=\"https:\/\/tuto.provacy.com\/en\/measures\/inheritance\/\"> <span class=\"screen-reader-text\">2. Measure inheritance<\/span> Read More &raquo;<\/a><\/p>","protected":false},"author":2,"featured_media":0,"parent":1548,"menu_order":80,"comment_status":"closed","ping_status":"closed","template":"","meta":{"site-sidebar-layout":"default","site-content-layout":"","ast-site-content-layout":"default","site-content-style":"default","site-sidebar-style":"default","ast-global-header-display":"","ast-banner-title-visibility":"","ast-main-header-display":"","ast-hfb-above-header-display":"","ast-hfb-below-header-display":"","ast-hfb-mobile-header-display":"","site-post-title":"","ast-breadcrumbs-content":"","ast-featured-img":"","footer-sml-layout":"","theme-transparent-header-meta":"","adv-header-id-meta":"","stick-header-meta":"","header-above-stick-meta":"","header-main-stick-meta":"","header-below-stick-meta":"","astra-migrate-meta-layouts":"set","footnotes":""},"yoast_head":"<!-- This site is optimized with the Yoast SEO plugin v23.3 - https:\/\/yoast.com\/wordpress\/plugins\/seo\/ -->\n<title>2. H\u00e9ritage des mesures - Guide utilisateur<\/title>\n<meta name=\"robots\" content=\"noindex, follow, max-snippet:-1, max-image-preview:large, max-video-preview:-1\" \/>\n<meta property=\"og:locale\" content=\"en_GB\" \/>\n<meta property=\"og:type\" content=\"article\" \/>\n<meta property=\"og:title\" content=\"2. H\u00e9ritage des mesures - Guide utilisateur\" \/>\n<meta property=\"og:description\" content=\"Associez des mesures de s\u00e9curit\u00e9 aux logiciels, tiers, unit\u00e9s et RT et retrouvez-les par h\u00e9ritage dans vos fiches de traitements ou contrats de sous-traitance. Un onglet Mesures permet l&#039;association de mesures de s\u00e9curit\u00e9 sur les formulaires Responsables de Traitements, Unit\u00e9s, Logiciels &amp; outils et Tiers Vous avez une politique de protection des donn\u00e9es \u00e9tablie dans &hellip; 2. H\u00e9ritage des mesures Read More &raquo;\" \/>\n<meta property=\"og:url\" content=\"https:\/\/tuto.provacy.com\/en\/measures\/inheritance\/\" \/>\n<meta property=\"og:site_name\" content=\"Guide utilisateur\" \/>\n<meta property=\"article:modified_time\" content=\"2024-08-01T14:24:52+00:00\" \/>\n<meta property=\"og:image\" content=\"https:\/\/tuto.provacy.com\/wp-content\/uploads\/sites\/4\/2023\/08\/7fde5f74-e430-4a14-82f7-3fcbb5d01065.png\" \/>\n<meta name=\"twitter:card\" content=\"summary_large_image\" \/>\n<meta name=\"twitter:label1\" content=\"Estimated reading time\" \/>\n\t<meta name=\"twitter:data1\" content=\"3 minutes\" \/>\n<script type=\"application\/ld+json\" class=\"yoast-schema-graph\">{\"@context\":\"https:\/\/schema.org\",\"@graph\":[{\"@type\":\"WebPage\",\"@id\":\"https:\/\/tuto.provacy.com\/measures\/inheritance\/\",\"url\":\"https:\/\/tuto.provacy.com\/measures\/inheritance\/\",\"name\":\"2. H\u00e9ritage des mesures - Guide utilisateur\",\"isPartOf\":{\"@id\":\"https:\/\/tuto.provacy.com\/#website\"},\"primaryImageOfPage\":{\"@id\":\"https:\/\/tuto.provacy.com\/measures\/inheritance\/#primaryimage\"},\"image\":{\"@id\":\"https:\/\/tuto.provacy.com\/measures\/inheritance\/#primaryimage\"},\"thumbnailUrl\":\"https:\/\/tuto.provacy.com\/wp-content\/uploads\/sites\/4\/2023\/08\/7fde5f74-e430-4a14-82f7-3fcbb5d01065.png\",\"datePublished\":\"2023-12-09T15:34:14+00:00\",\"dateModified\":\"2024-08-01T14:24:52+00:00\",\"breadcrumb\":{\"@id\":\"https:\/\/tuto.provacy.com\/measures\/inheritance\/#breadcrumb\"},\"inLanguage\":\"en-GB\",\"potentialAction\":[{\"@type\":\"ReadAction\",\"target\":[\"https:\/\/tuto.provacy.com\/measures\/inheritance\/\"]}]},{\"@type\":\"ImageObject\",\"inLanguage\":\"en-GB\",\"@id\":\"https:\/\/tuto.provacy.com\/measures\/inheritance\/#primaryimage\",\"url\":\"https:\/\/tuto.provacy.com\/wp-content\/uploads\/sites\/4\/2023\/08\/7fde5f74-e430-4a14-82f7-3fcbb5d01065.png\",\"contentUrl\":\"https:\/\/tuto.provacy.com\/wp-content\/uploads\/sites\/4\/2023\/08\/7fde5f74-e430-4a14-82f7-3fcbb5d01065.png\"},{\"@type\":\"BreadcrumbList\",\"@id\":\"https:\/\/tuto.provacy.com\/measures\/inheritance\/#breadcrumb\",\"itemListElement\":[{\"@type\":\"ListItem\",\"position\":1,\"name\":\"Accueil\",\"item\":\"https:\/\/tuto.provacy.com\/\"},{\"@type\":\"ListItem\",\"position\":2,\"name\":\"Mesures de s\u00e9curit\u00e9\",\"item\":\"https:\/\/tuto.provacy.com\/measures\/\"},{\"@type\":\"ListItem\",\"position\":3,\"name\":\"2. H\u00e9ritage des mesures\"}]},{\"@type\":\"WebSite\",\"@id\":\"https:\/\/tuto.provacy.com\/#website\",\"url\":\"https:\/\/tuto.provacy.com\/\",\"name\":\"Guide utilisateur\",\"description\":\"\",\"publisher\":{\"@id\":\"https:\/\/tuto.provacy.com\/#organization\"},\"potentialAction\":[{\"@type\":\"SearchAction\",\"target\":{\"@type\":\"EntryPoint\",\"urlTemplate\":\"https:\/\/tuto.provacy.com\/?s={search_term_string}\"},\"query-input\":\"required name=search_term_string\"}],\"inLanguage\":\"en-GB\"},{\"@type\":\"Organization\",\"@id\":\"https:\/\/tuto.provacy.com\/#organization\",\"name\":\"Guide utilisateur\",\"url\":\"https:\/\/tuto.provacy.com\/\",\"logo\":{\"@type\":\"ImageObject\",\"inLanguage\":\"en-GB\",\"@id\":\"https:\/\/tuto.provacy.com\/#\/schema\/logo\/image\/\",\"url\":\"https:\/\/tuto.provacy.com\/wp-content\/uploads\/sites\/4\/2023\/10\/cropped-power-logo-white-slogan.png\",\"contentUrl\":\"https:\/\/tuto.provacy.com\/wp-content\/uploads\/sites\/4\/2023\/10\/cropped-power-logo-white-slogan.png\",\"width\":1231,\"height\":272,\"caption\":\"Guide utilisateur\"},\"image\":{\"@id\":\"https:\/\/tuto.provacy.com\/#\/schema\/logo\/image\/\"}}]}<\/script>\n<!-- \/ Yoast SEO plugin. -->","yoast_head_json":{"title":"2. H\u00e9ritage des mesures - Guide utilisateur","robots":{"index":"noindex","follow":"follow","max-snippet":"max-snippet:-1","max-image-preview":"max-image-preview:large","max-video-preview":"max-video-preview:-1"},"og_locale":"en_GB","og_type":"article","og_title":"2. H\u00e9ritage des mesures - Guide utilisateur","og_description":"Associez des mesures de s\u00e9curit\u00e9 aux logiciels, tiers, unit\u00e9s et RT et retrouvez-les par h\u00e9ritage dans vos fiches de traitements ou contrats de sous-traitance. Un onglet Mesures permet l'association de mesures de s\u00e9curit\u00e9 sur les formulaires Responsables de Traitements, Unit\u00e9s, Logiciels &amp; outils et Tiers Vous avez une politique de protection des donn\u00e9es \u00e9tablie dans &hellip; 2. H\u00e9ritage des mesures Read More &raquo;","og_url":"https:\/\/tuto.provacy.com\/en\/measures\/inheritance\/","og_site_name":"Guide utilisateur","article_modified_time":"2024-08-01T14:24:52+00:00","og_image":[{"url":"https:\/\/tuto.provacy.com\/wp-content\/uploads\/sites\/4\/2023\/08\/7fde5f74-e430-4a14-82f7-3fcbb5d01065.png"}],"twitter_card":"summary_large_image","twitter_misc":{"Estimated reading time":"3 minutes"},"schema":{"@context":"https:\/\/schema.org","@graph":[{"@type":"WebPage","@id":"https:\/\/tuto.provacy.com\/measures\/inheritance\/","url":"https:\/\/tuto.provacy.com\/measures\/inheritance\/","name":"2. H\u00e9ritage des mesures - Guide utilisateur","isPartOf":{"@id":"https:\/\/tuto.provacy.com\/#website"},"primaryImageOfPage":{"@id":"https:\/\/tuto.provacy.com\/measures\/inheritance\/#primaryimage"},"image":{"@id":"https:\/\/tuto.provacy.com\/measures\/inheritance\/#primaryimage"},"thumbnailUrl":"https:\/\/tuto.provacy.com\/wp-content\/uploads\/sites\/4\/2023\/08\/7fde5f74-e430-4a14-82f7-3fcbb5d01065.png","datePublished":"2023-12-09T15:34:14+00:00","dateModified":"2024-08-01T14:24:52+00:00","breadcrumb":{"@id":"https:\/\/tuto.provacy.com\/measures\/inheritance\/#breadcrumb"},"inLanguage":"en-GB","potentialAction":[{"@type":"ReadAction","target":["https:\/\/tuto.provacy.com\/measures\/inheritance\/"]}]},{"@type":"ImageObject","inLanguage":"en-GB","@id":"https:\/\/tuto.provacy.com\/measures\/inheritance\/#primaryimage","url":"https:\/\/tuto.provacy.com\/wp-content\/uploads\/sites\/4\/2023\/08\/7fde5f74-e430-4a14-82f7-3fcbb5d01065.png","contentUrl":"https:\/\/tuto.provacy.com\/wp-content\/uploads\/sites\/4\/2023\/08\/7fde5f74-e430-4a14-82f7-3fcbb5d01065.png"},{"@type":"BreadcrumbList","@id":"https:\/\/tuto.provacy.com\/measures\/inheritance\/#breadcrumb","itemListElement":[{"@type":"ListItem","position":1,"name":"Accueil","item":"https:\/\/tuto.provacy.com\/"},{"@type":"ListItem","position":2,"name":"Mesures de s\u00e9curit\u00e9","item":"https:\/\/tuto.provacy.com\/measures\/"},{"@type":"ListItem","position":3,"name":"2. H\u00e9ritage des mesures"}]},{"@type":"WebSite","@id":"https:\/\/tuto.provacy.com\/#website","url":"https:\/\/tuto.provacy.com\/","name":"Guide utilisateur","description":"","publisher":{"@id":"https:\/\/tuto.provacy.com\/#organization"},"potentialAction":[{"@type":"SearchAction","target":{"@type":"EntryPoint","urlTemplate":"https:\/\/tuto.provacy.com\/?s={search_term_string}"},"query-input":"required name=search_term_string"}],"inLanguage":"en-GB"},{"@type":"Organization","@id":"https:\/\/tuto.provacy.com\/#organization","name":"Guide utilisateur","url":"https:\/\/tuto.provacy.com\/","logo":{"@type":"ImageObject","inLanguage":"en-GB","@id":"https:\/\/tuto.provacy.com\/#\/schema\/logo\/image\/","url":"https:\/\/tuto.provacy.com\/wp-content\/uploads\/sites\/4\/2023\/10\/cropped-power-logo-white-slogan.png","contentUrl":"https:\/\/tuto.provacy.com\/wp-content\/uploads\/sites\/4\/2023\/10\/cropped-power-logo-white-slogan.png","width":1231,"height":272,"caption":"Guide utilisateur"},"image":{"@id":"https:\/\/tuto.provacy.com\/#\/schema\/logo\/image\/"}}]}},"_links":{"self":[{"href":"https:\/\/tuto.provacy.com\/en\/wp-json\/wp\/v2\/pages\/1555"}],"collection":[{"href":"https:\/\/tuto.provacy.com\/en\/wp-json\/wp\/v2\/pages"}],"about":[{"href":"https:\/\/tuto.provacy.com\/en\/wp-json\/wp\/v2\/types\/page"}],"author":[{"embeddable":true,"href":"https:\/\/tuto.provacy.com\/en\/wp-json\/wp\/v2\/users\/2"}],"replies":[{"embeddable":true,"href":"https:\/\/tuto.provacy.com\/en\/wp-json\/wp\/v2\/comments?post=1555"}],"version-history":[{"count":7,"href":"https:\/\/tuto.provacy.com\/en\/wp-json\/wp\/v2\/pages\/1555\/revisions"}],"predecessor-version":[{"id":3092,"href":"https:\/\/tuto.provacy.com\/en\/wp-json\/wp\/v2\/pages\/1555\/revisions\/3092"}],"up":[{"embeddable":true,"href":"https:\/\/tuto.provacy.com\/en\/wp-json\/wp\/v2\/pages\/1548"}],"wp:attachment":[{"href":"https:\/\/tuto.provacy.com\/en\/wp-json\/wp\/v2\/media?parent=1555"}],"curies":[{"name":"wp","href":"https:\/\/api.w.org\/{rel}","templated":true}]}}