{"id":1626,"date":"2023-12-15T09:08:28","date_gmt":"2023-12-15T08:08:28","guid":{"rendered":"https:\/\/tuto.provacy.com\/?page_id=1626"},"modified":"2026-01-23T08:04:52","modified_gmt":"2026-01-23T07:04:52","slug":"translation","status":"publish","type":"page","link":"https:\/\/tuto.provacy.com\/en\/lang\/translation\/","title":{"rendered":"2. Automatic translations"},"content":{"rendered":"<div class=\"wp-block-group top-nav is-nowrap is-layout-flex wp-container-core-group-layout-1 wp-block-group-is-layout-flex\">\n\n<\/div>\n\n\n\n<h5 class=\"wp-block-heading\">2. Automatic content translations<\/h5>\n\n\n\n<p>The user enters content in only one language as long as the form is not complete.<\/p>\n\n\n\n<p>Key takeaways: <\/p>\n\n\n\n<ul>\n<li class=\"translation-block\"><strong>Automatic translation<\/strong> of forms occurs upon their <strong>validation<\/strong> or <strong>publication<\/strong>.<\/li>\n\n\n\n<li>Forms in the Processing Activities, Data Processing Agreements, DPIAs, Data Breaches, and AI Systems menus are automatically translated.<\/li>\n\n\n\n<li class=\"translation-block\">Forms in <strong>draft<\/strong> status have only <strong>one content language<\/strong>, indicated at the top right of the form.<\/li>\n\n\n\n<li>The content language corresponds to the interface language used by the author when drafting the form.<\/li>\n\n\n\n<li class=\"translation-block\"><strong>Template forms<\/strong> can only be shared if they are published.<\/li>\n<\/ul>\n\n\n\n<div class=\"wp-block-group is-nowrap is-layout-flex wp-container-core-group-layout-2 wp-block-group-is-layout-flex\">\n<figure class=\"wp-block-image size-large is-resized\"><img loading=\"lazy\" decoding=\"async\" width=\"978\" height=\"1024\" src=\"https:\/\/tuto.provacy.com\/wp-content\/uploads\/sites\/4\/2026\/01\/LANGAGE-Page-1-3.png\" alt=\"\" class=\"wp-image-4442\" style=\"width:800px\" srcset=\"https:\/\/tuto.provacy.com\/wp-content\/uploads\/sites\/4\/2026\/01\/LANGAGE-Page-1-3.png 1305w, https:\/\/tuto.provacy.com\/wp-content\/uploads\/sites\/4\/2026\/01\/LANGAGE-Page-1-3-286x300.png 286w, https:\/\/tuto.provacy.com\/wp-content\/uploads\/sites\/4\/2026\/01\/LANGAGE-Page-1-3-978x1024.png 978w, https:\/\/tuto.provacy.com\/wp-content\/uploads\/sites\/4\/2026\/01\/LANGAGE-Page-1-3-768x804.png 768w, https:\/\/tuto.provacy.com\/wp-content\/uploads\/sites\/4\/2026\/01\/LANGAGE-Page-1-3-11x12.png 11w\" sizes=\"(max-width: 978px) 100vw, 978px\" \/><\/figure>\n\n\n\n<ul>\n<li class=\"translation-block\"><strong><mark style=\"color:#43e500\" class=\"has-inline-color\">Automatic translations<\/mark><\/strong> apply to menus that include a workflow, in particular those with validation and\/or publication steps.<\/li>\n\n\n\n<li class=\"translation-block\">The Data Subject Requests and Activities menus intentionally remain <strong><mark style=\"color:#ff4d4d\" class=\"has-inline-color\">monolingual<\/mark><\/strong>: they are used in a local context and do not require international collaboration.<\/li>\n\n\n\n<li class=\"translation-block\">For menus <strong>without a workflow<\/strong>, content translation is <strong><mark style=\"color:#ff9500\" class=\"has-inline-color\">semi-automatic<\/mark><\/strong>, as it must be triggered manually.<\/li>\n<\/ul>\n<\/div>\n\n\n\n<div class=\"wp-block-group is-nowrap is-layout-flex wp-container-core-group-layout-3 wp-block-group-is-layout-flex\" style=\"margin-top:var(--wp--preset--spacing--50);margin-bottom:var(--wp--preset--spacing--50);padding-top:0;padding-right:var(--wp--preset--spacing--20);padding-bottom:0;padding-left:var(--wp--preset--spacing--20)\">\n<figure class=\"wp-block-image size-large\"><img decoding=\"async\" src=\"https:\/\/tuto.provacy.com\/wp-content\/uploads\/sites\/4\/2023\/08\/6de8a7e8-5d9b-4731-81f1-f5007940150e.png\" alt=\"\" \/><\/figure>\n<\/div>\n\n\n\n<p class=\"translation-block\">In the table below, you will find a <strong>summary of the effects of the main actions on automatic translations<\/strong>.<\/p>\n\n\n\n<div class=\"wp-block-group is-content-justification-center is-nowrap is-layout-flex wp-container-core-group-layout-4 wp-block-group-is-layout-flex\" style=\"padding-top:var(--wp--preset--spacing--40);padding-bottom:var(--wp--preset--spacing--40)\">\n<figure class=\"wp-block-image size-large\"><img decoding=\"async\" src=\"https:\/\/tuto.provacy.com\/wp-content\/uploads\/sites\/4\/2023\/08\/4f4e2b9c-2360-4249-be89-59b99f258442.png\" alt=\"\" \/><\/figure>\n<\/div>\n\n\n\n<div class=\"wp-block-columns bottom-nav is-layout-flex wp-container-core-columns-layout-1 wp-block-columns-is-layout-flex\">\n<div class=\"wp-block-column is-layout-flow wp-block-column-is-layout-flow\" style=\"flex-basis:25%\"><\/div>\n\n\n\n<div class=\"wp-block-column is-layout-flow wp-block-column-is-layout-flow\" style=\"flex-basis:50%\"><\/div>\n\n\n\n<div class=\"wp-block-column is-layout-flow wp-block-column-is-layout-flow\" style=\"flex-basis:25%\"><\/div>\n<\/div>\n\n\n\n<span class=\"sidebar-toggle hidden\" title=\"Show\/Hide side menu\"><i class=\"fal fa-table-layout\"><\/i><\/span>\n<script src=\"\/wp-includes\/js\/provacy\/js.cookie.min.js\"><\/script>\n<script>\nvar shown = true, $ = jQuery, b = $('body'), t = $('.sidebar-toggle'), c = Cookies.get('sidebar');\nif (c) {\n  shown = c == 1;\n}\nb.addClass('sidebar-' + (shown ? 'shown' : 'hidden'));\nif (shown) {\n  t.find('i').toggleClass('fa-table-layout fa-window-maximize');\n}\nt.on('click', function() {\n  shown = !shown;\n  t.find('i').toggleClass('fa-table-layout fa-window-maximize');\n  b.toggleClass('sidebar-shown sidebar-hidden');\n  Cookies.set('sidebar', shown ? 1 : 0, { expires: 30 });\n});\n\n$('figure.wp-lightbox-container').on('click', function(e) {\n  var img = $(e.target).parents('figure:first').find('img:first'), src = img.attr('src'), enlarged = $('figure.enlarged-image img.' + img.attr('class'));\n  if (enlarged.length && src != enlarged.attr('src')) {\n    let count = 0;\n    function incr() {\n      count++;\n      if (src != enlarged.attr('src'))\n        enlarged.attr('src', src);\n      if (count >= 10) {\n        clearInterval(intervalId);\n      }\n    }\n    const intervalId = setInterval(incr, 100);\n  }\n\n  \/\/console.log('lightbox clicked', e, this);\n});\n\n<\/script>","protected":false},"excerpt":{"rendered":"<p>2. Traductions automatiques des contenus L'utilisateur ne saisit que dans une langue tant que la fiche n'est pas compl\u00e8te. Ce qu'il faut retenir : Dans le tableau ci-dessous, vous trouverez un r\u00e9sum\u00e9 des effets des principales actions sur les traductions automatiques.<\/p>","protected":false},"author":2,"featured_media":0,"parent":1619,"menu_order":122,"comment_status":"closed","ping_status":"closed","template":"","meta":{"site-sidebar-layout":"default","site-content-layout":"","ast-site-content-layout":"default","site-content-style":"default","site-sidebar-style":"default","ast-global-header-display":"","ast-banner-title-visibility":"","ast-main-header-display":"","ast-hfb-above-header-display":"","ast-hfb-below-header-display":"","ast-hfb-mobile-header-display":"","site-post-title":"","ast-breadcrumbs-content":"","ast-featured-img":"","footer-sml-layout":"","theme-transparent-header-meta":"","adv-header-id-meta":"","stick-header-meta":"","header-above-stick-meta":"","header-main-stick-meta":"","header-below-stick-meta":"","astra-migrate-meta-layouts":"set","footnotes":""},"yoast_head":"<!-- This site is optimized with the Yoast SEO plugin v23.3 - https:\/\/yoast.com\/wordpress\/plugins\/seo\/ -->\n<title>2. Traductions automatiques - Guide utilisateur<\/title>\n<meta name=\"robots\" content=\"noindex, follow, max-snippet:-1, max-image-preview:large, max-video-preview:-1\" \/>\n<meta property=\"og:locale\" content=\"en_GB\" \/>\n<meta property=\"og:type\" content=\"article\" \/>\n<meta property=\"og:title\" content=\"2. Traductions automatiques - Guide utilisateur\" \/>\n<meta property=\"og:description\" content=\"2. Traductions automatiques des contenus L&#039;utilisateur ne saisit que dans une langue tant que la fiche n&#039;est pas compl\u00e8te. Ce qu&#039;il faut retenir : Dans le tableau ci-dessous, vous trouverez un r\u00e9sum\u00e9 des effets des principales actions sur les traductions automatiques.\" \/>\n<meta property=\"og:url\" content=\"https:\/\/tuto.provacy.com\/en\/lang\/translation\/\" \/>\n<meta property=\"og:site_name\" content=\"Guide utilisateur\" \/>\n<meta property=\"article:modified_time\" content=\"2026-01-23T07:04:52+00:00\" \/>\n<meta property=\"og:image\" content=\"https:\/\/tuto.provacy.com\/wp-content\/uploads\/sites\/4\/2026\/01\/LANGAGE-Page-1-2-978x1024.png\" \/>\n<meta name=\"twitter:card\" content=\"summary_large_image\" \/>\n<meta name=\"twitter:label1\" content=\"Estimated reading time\" \/>\n\t<meta name=\"twitter:data1\" content=\"2 minutes\" \/>\n<script type=\"application\/ld+json\" class=\"yoast-schema-graph\">{\"@context\":\"https:\/\/schema.org\",\"@graph\":[{\"@type\":\"WebPage\",\"@id\":\"https:\/\/tuto.provacy.com\/lang\/translation\/\",\"url\":\"https:\/\/tuto.provacy.com\/lang\/translation\/\",\"name\":\"2. Traductions automatiques - Guide utilisateur\",\"isPartOf\":{\"@id\":\"https:\/\/tuto.provacy.com\/#website\"},\"primaryImageOfPage\":{\"@id\":\"https:\/\/tuto.provacy.com\/lang\/translation\/#primaryimage\"},\"image\":{\"@id\":\"https:\/\/tuto.provacy.com\/lang\/translation\/#primaryimage\"},\"thumbnailUrl\":\"https:\/\/tuto.provacy.com\/wp-content\/uploads\/sites\/4\/2026\/01\/LANGAGE-Page-1-2-978x1024.png\",\"datePublished\":\"2023-12-15T08:08:28+00:00\",\"dateModified\":\"2026-01-23T07:04:52+00:00\",\"breadcrumb\":{\"@id\":\"https:\/\/tuto.provacy.com\/lang\/translation\/#breadcrumb\"},\"inLanguage\":\"en-GB\",\"potentialAction\":[{\"@type\":\"ReadAction\",\"target\":[\"https:\/\/tuto.provacy.com\/lang\/translation\/\"]}]},{\"@type\":\"ImageObject\",\"inLanguage\":\"en-GB\",\"@id\":\"https:\/\/tuto.provacy.com\/lang\/translation\/#primaryimage\",\"url\":\"https:\/\/tuto.provacy.com\/wp-content\/uploads\/sites\/4\/2026\/01\/LANGAGE-Page-1-2-978x1024.png\",\"contentUrl\":\"https:\/\/tuto.provacy.com\/wp-content\/uploads\/sites\/4\/2026\/01\/LANGAGE-Page-1-2-978x1024.png\"},{\"@type\":\"BreadcrumbList\",\"@id\":\"https:\/\/tuto.provacy.com\/lang\/translation\/#breadcrumb\",\"itemListElement\":[{\"@type\":\"ListItem\",\"position\":1,\"name\":\"Accueil\",\"item\":\"https:\/\/tuto.provacy.com\/\"},{\"@type\":\"ListItem\",\"position\":2,\"name\":\"Langues\",\"item\":\"https:\/\/tuto.provacy.com\/lang\/\"},{\"@type\":\"ListItem\",\"position\":3,\"name\":\"2. Traductions automatiques\"}]},{\"@type\":\"WebSite\",\"@id\":\"https:\/\/tuto.provacy.com\/#website\",\"url\":\"https:\/\/tuto.provacy.com\/\",\"name\":\"Guide utilisateur\",\"description\":\"\",\"publisher\":{\"@id\":\"https:\/\/tuto.provacy.com\/#organization\"},\"potentialAction\":[{\"@type\":\"SearchAction\",\"target\":{\"@type\":\"EntryPoint\",\"urlTemplate\":\"https:\/\/tuto.provacy.com\/?s={search_term_string}\"},\"query-input\":\"required name=search_term_string\"}],\"inLanguage\":\"en-GB\"},{\"@type\":\"Organization\",\"@id\":\"https:\/\/tuto.provacy.com\/#organization\",\"name\":\"Guide utilisateur\",\"url\":\"https:\/\/tuto.provacy.com\/\",\"logo\":{\"@type\":\"ImageObject\",\"inLanguage\":\"en-GB\",\"@id\":\"https:\/\/tuto.provacy.com\/#\/schema\/logo\/image\/\",\"url\":\"https:\/\/tuto.provacy.com\/wp-content\/uploads\/sites\/4\/2023\/10\/cropped-power-logo-white-slogan.png\",\"contentUrl\":\"https:\/\/tuto.provacy.com\/wp-content\/uploads\/sites\/4\/2023\/10\/cropped-power-logo-white-slogan.png\",\"width\":1231,\"height\":272,\"caption\":\"Guide utilisateur\"},\"image\":{\"@id\":\"https:\/\/tuto.provacy.com\/#\/schema\/logo\/image\/\"}}]}<\/script>\n<!-- \/ Yoast SEO plugin. -->","yoast_head_json":{"title":"2. Traductions automatiques - Guide utilisateur","robots":{"index":"noindex","follow":"follow","max-snippet":"max-snippet:-1","max-image-preview":"max-image-preview:large","max-video-preview":"max-video-preview:-1"},"og_locale":"en_GB","og_type":"article","og_title":"2. Traductions automatiques - Guide utilisateur","og_description":"2. Traductions automatiques des contenus L'utilisateur ne saisit que dans une langue tant que la fiche n'est pas compl\u00e8te. Ce qu'il faut retenir : Dans le tableau ci-dessous, vous trouverez un r\u00e9sum\u00e9 des effets des principales actions sur les traductions automatiques.","og_url":"https:\/\/tuto.provacy.com\/en\/lang\/translation\/","og_site_name":"Guide utilisateur","article_modified_time":"2026-01-23T07:04:52+00:00","og_image":[{"url":"https:\/\/tuto.provacy.com\/wp-content\/uploads\/sites\/4\/2026\/01\/LANGAGE-Page-1-2-978x1024.png"}],"twitter_card":"summary_large_image","twitter_misc":{"Estimated reading time":"2 minutes"},"schema":{"@context":"https:\/\/schema.org","@graph":[{"@type":"WebPage","@id":"https:\/\/tuto.provacy.com\/lang\/translation\/","url":"https:\/\/tuto.provacy.com\/lang\/translation\/","name":"2. Traductions automatiques - Guide utilisateur","isPartOf":{"@id":"https:\/\/tuto.provacy.com\/#website"},"primaryImageOfPage":{"@id":"https:\/\/tuto.provacy.com\/lang\/translation\/#primaryimage"},"image":{"@id":"https:\/\/tuto.provacy.com\/lang\/translation\/#primaryimage"},"thumbnailUrl":"https:\/\/tuto.provacy.com\/wp-content\/uploads\/sites\/4\/2026\/01\/LANGAGE-Page-1-2-978x1024.png","datePublished":"2023-12-15T08:08:28+00:00","dateModified":"2026-01-23T07:04:52+00:00","breadcrumb":{"@id":"https:\/\/tuto.provacy.com\/lang\/translation\/#breadcrumb"},"inLanguage":"en-GB","potentialAction":[{"@type":"ReadAction","target":["https:\/\/tuto.provacy.com\/lang\/translation\/"]}]},{"@type":"ImageObject","inLanguage":"en-GB","@id":"https:\/\/tuto.provacy.com\/lang\/translation\/#primaryimage","url":"https:\/\/tuto.provacy.com\/wp-content\/uploads\/sites\/4\/2026\/01\/LANGAGE-Page-1-2-978x1024.png","contentUrl":"https:\/\/tuto.provacy.com\/wp-content\/uploads\/sites\/4\/2026\/01\/LANGAGE-Page-1-2-978x1024.png"},{"@type":"BreadcrumbList","@id":"https:\/\/tuto.provacy.com\/lang\/translation\/#breadcrumb","itemListElement":[{"@type":"ListItem","position":1,"name":"Accueil","item":"https:\/\/tuto.provacy.com\/"},{"@type":"ListItem","position":2,"name":"Langues","item":"https:\/\/tuto.provacy.com\/lang\/"},{"@type":"ListItem","position":3,"name":"2. Traductions automatiques"}]},{"@type":"WebSite","@id":"https:\/\/tuto.provacy.com\/#website","url":"https:\/\/tuto.provacy.com\/","name":"Guide utilisateur","description":"","publisher":{"@id":"https:\/\/tuto.provacy.com\/#organization"},"potentialAction":[{"@type":"SearchAction","target":{"@type":"EntryPoint","urlTemplate":"https:\/\/tuto.provacy.com\/?s={search_term_string}"},"query-input":"required name=search_term_string"}],"inLanguage":"en-GB"},{"@type":"Organization","@id":"https:\/\/tuto.provacy.com\/#organization","name":"Guide utilisateur","url":"https:\/\/tuto.provacy.com\/","logo":{"@type":"ImageObject","inLanguage":"en-GB","@id":"https:\/\/tuto.provacy.com\/#\/schema\/logo\/image\/","url":"https:\/\/tuto.provacy.com\/wp-content\/uploads\/sites\/4\/2023\/10\/cropped-power-logo-white-slogan.png","contentUrl":"https:\/\/tuto.provacy.com\/wp-content\/uploads\/sites\/4\/2023\/10\/cropped-power-logo-white-slogan.png","width":1231,"height":272,"caption":"Guide utilisateur"},"image":{"@id":"https:\/\/tuto.provacy.com\/#\/schema\/logo\/image\/"}}]}},"_links":{"self":[{"href":"https:\/\/tuto.provacy.com\/en\/wp-json\/wp\/v2\/pages\/1626"}],"collection":[{"href":"https:\/\/tuto.provacy.com\/en\/wp-json\/wp\/v2\/pages"}],"about":[{"href":"https:\/\/tuto.provacy.com\/en\/wp-json\/wp\/v2\/types\/page"}],"author":[{"embeddable":true,"href":"https:\/\/tuto.provacy.com\/en\/wp-json\/wp\/v2\/users\/2"}],"replies":[{"embeddable":true,"href":"https:\/\/tuto.provacy.com\/en\/wp-json\/wp\/v2\/comments?post=1626"}],"version-history":[{"count":24,"href":"https:\/\/tuto.provacy.com\/en\/wp-json\/wp\/v2\/pages\/1626\/revisions"}],"predecessor-version":[{"id":4450,"href":"https:\/\/tuto.provacy.com\/en\/wp-json\/wp\/v2\/pages\/1626\/revisions\/4450"}],"up":[{"embeddable":true,"href":"https:\/\/tuto.provacy.com\/en\/wp-json\/wp\/v2\/pages\/1619"}],"wp:attachment":[{"href":"https:\/\/tuto.provacy.com\/en\/wp-json\/wp\/v2\/media?parent=1626"}],"curies":[{"name":"wp","href":"https:\/\/api.w.org\/{rel}","templated":true}]}}