{"id":1707,"date":"2023-12-21T09:45:07","date_gmt":"2023-12-21T08:45:07","guid":{"rendered":"https:\/\/tuto.provacy.com\/?page_id=1707"},"modified":"2025-10-28T07:55:25","modified_gmt":"2025-10-28T06:55:25","slug":"field","status":"publish","type":"page","link":"https:\/\/tuto.provacy.com\/en\/notices\/field\/","title":{"rendered":"Legal notices"},"content":{"rendered":"<div class=\"wp-block-group top-nav is-nowrap is-layout-flex wp-container-core-group-layout-1 wp-block-group-is-layout-flex\">\n\n<\/div>\n\n\n\n<p>From the <img loading=\"lazy\" decoding=\"async\" width=\"181\" height=\"46\" class=\"wp-image-2545\" style=\"width: 120px\" src=\"https:\/\/tuto.provacy.com\/wp-content\/uploads\/sites\/4\/2024\/03\/onglet-legal-basis.png\" alt=\"\" srcset=\"https:\/\/tuto.provacy.com\/wp-content\/uploads\/sites\/4\/2024\/03\/onglet-legal-basis.png 175w, https:\/\/tuto.provacy.com\/wp-content\/uploads\/sites\/4\/2024\/03\/onglet-legal-basis-18x5.png 18w\" sizes=\"(max-width: 181px) 100vw, 181px\" \/> tab of processing tab <img loading=\"lazy\" decoding=\"async\" width=\"108\" height=\"99\" class=\"wp-image-1794\" style=\"width: 60px\" src=\"https:\/\/tuto.provacy.com\/wp-content\/uploads\/sites\/4\/2024\/02\/proc.png\" alt=\"\" srcset=\"https:\/\/tuto.provacy.com\/wp-content\/uploads\/sites\/4\/2024\/02\/proc.png 108w, https:\/\/tuto.provacy.com\/wp-content\/uploads\/sites\/4\/2024\/02\/proc-13x12.png 13w\" sizes=\"(max-width: 108px) 100vw, 108px\" \/>, the Legal notices field automatically generates the text to insert in your forms <\/p>\n\n\n\n<div class=\"wp-block-group is-content-justification-center is-nowrap is-layout-flex wp-container-core-group-layout-2 wp-block-group-is-layout-flex\">\n<figure class=\"wp-block-image size-large\"><img loading=\"lazy\" decoding=\"async\" width=\"1024\" height=\"561\" src=\"https:\/\/tuto.provacy.com\/wp-content\/uploads\/sites\/4\/2024\/03\/screenshot-test-c9993.provacy4.eu-2024.03.24-14_08_05.png\" alt=\"\" class=\"wp-image-2543\" srcset=\"https:\/\/tuto.provacy.com\/wp-content\/uploads\/sites\/4\/2024\/03\/screenshot-test-c9993.provacy4.eu-2024.03.24-14_08_05.png 1398w, https:\/\/tuto.provacy.com\/wp-content\/uploads\/sites\/4\/2024\/03\/screenshot-test-c9993.provacy4.eu-2024.03.24-14_08_05-300x161.png 300w, https:\/\/tuto.provacy.com\/wp-content\/uploads\/sites\/4\/2024\/03\/screenshot-test-c9993.provacy4.eu-2024.03.24-14_08_05-1024x548.png 1024w, https:\/\/tuto.provacy.com\/wp-content\/uploads\/sites\/4\/2024\/03\/screenshot-test-c9993.provacy4.eu-2024.03.24-14_08_05-768x411.png 768w, https:\/\/tuto.provacy.com\/wp-content\/uploads\/sites\/4\/2024\/03\/screenshot-test-c9993.provacy4.eu-2024.03.24-14_08_05-18x10.png 18w\" sizes=\"(max-width: 1024px) 100vw, 1024px\" \/><\/figure>\n<\/div>\n\n\n\n<p>Choose from the 7 templates offered by the Data Protection Authority. You can adapt the text to your liking. <\/p>\n\n\n\n<div class=\"wp-block-group is-content-justification-center is-nowrap is-layout-flex wp-container-core-group-layout-3 wp-block-group-is-layout-flex\">\n<figure class=\"wp-block-image size-large\"><img loading=\"lazy\" decoding=\"async\" width=\"1024\" height=\"488\" src=\"https:\/\/tuto.provacy.com\/wp-content\/uploads\/sites\/4\/2024\/03\/image-6-1024x488.png\" alt=\"\" class=\"wp-image-2547\" srcset=\"https:\/\/tuto.provacy.com\/wp-content\/uploads\/sites\/4\/2024\/03\/image-6-1024x488.png 1024w, https:\/\/tuto.provacy.com\/wp-content\/uploads\/sites\/4\/2024\/03\/image-6-300x143.png 300w, https:\/\/tuto.provacy.com\/wp-content\/uploads\/sites\/4\/2024\/03\/image-6-768x366.png 768w, https:\/\/tuto.provacy.com\/wp-content\/uploads\/sites\/4\/2024\/03\/image-6-18x9.png 18w, https:\/\/tuto.provacy.com\/wp-content\/uploads\/sites\/4\/2024\/03\/image-6.png 1162w\" sizes=\"(max-width: 1024px) 100vw, 1024px\" \/><\/figure>\n<\/div>\n\n\n\n<p>The application inserts the useful fields provided in the form. It's easy to find your way around:<\/p>\n\n\n\n<div class=\"wp-block-group is-nowrap is-layout-flex wp-container-core-group-layout-4 wp-block-group-is-layout-flex\">\n<figure class=\"wp-block-image size-large\"><img loading=\"lazy\" decoding=\"async\" width=\"1024\" height=\"328\" src=\"https:\/\/tuto.provacy.com\/wp-content\/uploads\/sites\/4\/2023\/12\/scrnli_21_12_2023-14-27-11.png\" alt=\"\" class=\"wp-image-1712\" srcset=\"https:\/\/tuto.provacy.com\/wp-content\/uploads\/sites\/4\/2023\/12\/scrnli_21_12_2023-14-27-11.png 1456w, https:\/\/tuto.provacy.com\/wp-content\/uploads\/sites\/4\/2023\/12\/scrnli_21_12_2023-14-27-11-300x90.png 300w, https:\/\/tuto.provacy.com\/wp-content\/uploads\/sites\/4\/2023\/12\/scrnli_21_12_2023-14-27-11-1024x309.png 1024w, https:\/\/tuto.provacy.com\/wp-content\/uploads\/sites\/4\/2023\/12\/scrnli_21_12_2023-14-27-11-768x232.png 768w, https:\/\/tuto.provacy.com\/wp-content\/uploads\/sites\/4\/2023\/12\/scrnli_21_12_2023-14-27-11-18x5.png 18w\" sizes=\"(max-width: 1024px) 100vw, 1024px\" \/><\/figure>\n<\/div>\n\n\n\n<p>You can delete the entire content (CTRL+A+Del) and display a new template as many times as necessary until you achieve the desired result. <\/p>\n\n\n\n<div class=\"wp-block-group is-nowrap is-layout-flex wp-container-core-group-layout-5 wp-block-group-is-layout-flex\">\n<figure class=\"wp-block-image size-large\"><img loading=\"lazy\" decoding=\"async\" width=\"1024\" height=\"456\" src=\"https:\/\/tuto.provacy.com\/wp-content\/uploads\/sites\/4\/2023\/12\/scrnli_21_12_2023-14-32-34.png\" alt=\"\" class=\"wp-image-1713\" srcset=\"https:\/\/tuto.provacy.com\/wp-content\/uploads\/sites\/4\/2023\/12\/scrnli_21_12_2023-14-32-34.png 1252w, https:\/\/tuto.provacy.com\/wp-content\/uploads\/sites\/4\/2023\/12\/scrnli_21_12_2023-14-32-34-300x128.png 300w, https:\/\/tuto.provacy.com\/wp-content\/uploads\/sites\/4\/2023\/12\/scrnli_21_12_2023-14-32-34-1024x438.png 1024w, https:\/\/tuto.provacy.com\/wp-content\/uploads\/sites\/4\/2023\/12\/scrnli_21_12_2023-14-32-34-768x329.png 768w, https:\/\/tuto.provacy.com\/wp-content\/uploads\/sites\/4\/2023\/12\/scrnli_21_12_2023-14-32-34-18x8.png 18w\" sizes=\"(max-width: 1024px) 100vw, 1024px\" \/><\/figure>\n<\/div>\n\n\n\n<p>All you have to do is copy the text onto the appropriate medium! All your legal notices are saved in Provacy<\/p>\n\n\n\n<div class=\"wp-block-group is-nowrap is-layout-flex wp-container-core-group-layout-6 wp-block-group-is-layout-flex\">\n<figure class=\"wp-block-image size-large\"><img loading=\"lazy\" decoding=\"async\" width=\"1024\" height=\"510\" src=\"https:\/\/tuto.provacy.com\/wp-content\/uploads\/sites\/4\/2023\/12\/scrnli_21_12_2023-09-09-45-1024x510.png\" alt=\"\" class=\"wp-image-1714\" srcset=\"https:\/\/tuto.provacy.com\/wp-content\/uploads\/sites\/4\/2023\/12\/scrnli_21_12_2023-09-09-45-1024x510.png 1024w, https:\/\/tuto.provacy.com\/wp-content\/uploads\/sites\/4\/2023\/12\/scrnli_21_12_2023-09-09-45-300x150.png 300w, https:\/\/tuto.provacy.com\/wp-content\/uploads\/sites\/4\/2023\/12\/scrnli_21_12_2023-09-09-45-768x383.png 768w, https:\/\/tuto.provacy.com\/wp-content\/uploads\/sites\/4\/2023\/12\/scrnli_21_12_2023-09-09-45-18x9.png 18w, https:\/\/tuto.provacy.com\/wp-content\/uploads\/sites\/4\/2023\/12\/scrnli_21_12_2023-09-09-45.png 1266w\" sizes=\"(max-width: 1024px) 100vw, 1024px\" \/><\/figure>\n<\/div>\n\n\n\n<div class=\"wp-block-columns bottom-nav is-layout-flex wp-container-core-columns-layout-1 wp-block-columns-is-layout-flex\">\n<div class=\"wp-block-column is-layout-flow wp-block-column-is-layout-flow\" style=\"flex-basis:25%\"><\/div>\n\n\n\n<div class=\"wp-block-column is-layout-flow wp-block-column-is-layout-flow\" style=\"flex-basis:50%\"><\/div>\n\n\n\n<div class=\"wp-block-column is-layout-flow wp-block-column-is-layout-flow\" style=\"flex-basis:25%\"><\/div>\n<\/div>\n\n\n\n<span class=\"sidebar-toggle hidden\" title=\"Show\/Hide side menu\"><i class=\"fal fa-table-layout\"><\/i><\/span>\n<script src=\"\/wp-includes\/js\/provacy\/js.cookie.min.js\"><\/script>\n<script>\nvar shown = true, $ = jQuery, b = $('body'), t = $('.sidebar-toggle'), c = Cookies.get('sidebar');\nif (c) {\n  shown = c == 1;\n}\nb.addClass('sidebar-' + (shown ? 'shown' : 'hidden'));\nif (shown) {\n  t.find('i').toggleClass('fa-table-layout fa-window-maximize');\n}\nt.on('click', function() {\n  shown = !shown;\n  t.find('i').toggleClass('fa-table-layout fa-window-maximize');\n  b.toggleClass('sidebar-shown sidebar-hidden');\n  Cookies.set('sidebar', shown ? 1 : 0, { expires: 30 });\n});\n\n$('figure.wp-lightbox-container').on('click', function(e) {\n  var img = $(e.target).parents('figure:first').find('img:first'), src = img.attr('src'), enlarged = $('figure.enlarged-image img.' + img.attr('class'));\n  if (enlarged.length && src != enlarged.attr('src')) {\n    let count = 0;\n    function incr() {\n      count++;\n      if (src != enlarged.attr('src'))\n        enlarged.attr('src', src);\n      if (count >= 10) {\n        clearInterval(intervalId);\n      }\n    }\n    const intervalId = setInterval(incr, 100);\n  }\n\n  \/\/console.log('lightbox clicked', e, this);\n});\n\n<\/script>","protected":false},"excerpt":{"rendered":"<p>Depuis l'onglet de la fiche traitement , le champ Mentions l\u00e9gales g\u00e9n\u00e8re automatiquement le texte \u00e0 ins\u00e9rer dans vos formulaires. Choisissez parmi les 7 mod\u00e8les propos\u00e9s par l'Autorit\u00e9 \u00e0 la Protection des Donn\u00e9es. Vous pourrez adapter le texte \u00e0 votre convenance. L'application ins\u00e8re les champs utiles renseign\u00e9s dans la fiche. Il est simple de s'y &hellip;<\/p>\n<p class=\"read-more\"> <a class=\"\" href=\"https:\/\/tuto.provacy.com\/en\/notices\/field\/\"> <span class=\"screen-reader-text\">Legal notices<\/span> Read More &raquo;<\/a><\/p>","protected":false},"author":2,"featured_media":0,"parent":1703,"menu_order":64,"comment_status":"closed","ping_status":"closed","template":"","meta":{"site-sidebar-layout":"default","site-content-layout":"","ast-site-content-layout":"default","site-content-style":"default","site-sidebar-style":"default","ast-global-header-display":"","ast-banner-title-visibility":"","ast-main-header-display":"","ast-hfb-above-header-display":"","ast-hfb-below-header-display":"","ast-hfb-mobile-header-display":"","site-post-title":"","ast-breadcrumbs-content":"","ast-featured-img":"","footer-sml-layout":"","theme-transparent-header-meta":"","adv-header-id-meta":"","stick-header-meta":"","header-above-stick-meta":"","header-main-stick-meta":"","header-below-stick-meta":"","astra-migrate-meta-layouts":"set","footnotes":""},"yoast_head":"<!-- This site is optimized with the Yoast SEO plugin v23.3 - https:\/\/yoast.com\/wordpress\/plugins\/seo\/ -->\n<title>Mentions l\u00e9gales - Guide utilisateur<\/title>\n<meta name=\"robots\" content=\"noindex, follow, max-snippet:-1, max-image-preview:large, max-video-preview:-1\" \/>\n<meta property=\"og:locale\" content=\"en_GB\" \/>\n<meta property=\"og:type\" content=\"article\" \/>\n<meta property=\"og:title\" content=\"Mentions l\u00e9gales - Guide utilisateur\" \/>\n<meta property=\"og:description\" content=\"Depuis l&#039;onglet de la fiche traitement , le champ Mentions l\u00e9gales g\u00e9n\u00e8re automatiquement le texte \u00e0 ins\u00e9rer dans vos formulaires. Choisissez parmi les 7 mod\u00e8les propos\u00e9s par l&#039;Autorit\u00e9 \u00e0 la Protection des Donn\u00e9es. Vous pourrez adapter le texte \u00e0 votre convenance. L&#039;application ins\u00e8re les champs utiles renseign\u00e9s dans la fiche. Il est simple de s&#039;y &hellip; Mentions l\u00e9gales Read More &raquo;\" \/>\n<meta property=\"og:url\" content=\"https:\/\/tuto.provacy.com\/en\/notices\/field\/\" \/>\n<meta property=\"og:site_name\" content=\"Guide utilisateur\" \/>\n<meta property=\"article:modified_time\" content=\"2025-10-28T06:55:25+00:00\" \/>\n<meta property=\"og:image\" content=\"https:\/\/tuto.provacy.com\/wp-content\/uploads\/sites\/4\/2024\/03\/onglet-base-legale.png\" \/>\n<meta name=\"twitter:card\" content=\"summary_large_image\" \/>\n<meta name=\"twitter:label1\" content=\"Estimated reading time\" \/>\n\t<meta name=\"twitter:data1\" content=\"8 minutes\" \/>\n<script type=\"application\/ld+json\" class=\"yoast-schema-graph\">{\"@context\":\"https:\/\/schema.org\",\"@graph\":[{\"@type\":\"WebPage\",\"@id\":\"https:\/\/tuto.provacy.com\/notices\/field\/\",\"url\":\"https:\/\/tuto.provacy.com\/notices\/field\/\",\"name\":\"Mentions l\u00e9gales - Guide utilisateur\",\"isPartOf\":{\"@id\":\"https:\/\/tuto.provacy.com\/#website\"},\"primaryImageOfPage\":{\"@id\":\"https:\/\/tuto.provacy.com\/notices\/field\/#primaryimage\"},\"image\":{\"@id\":\"https:\/\/tuto.provacy.com\/notices\/field\/#primaryimage\"},\"thumbnailUrl\":\"https:\/\/tuto.provacy.com\/wp-content\/uploads\/sites\/4\/2024\/03\/onglet-base-legale.png\",\"datePublished\":\"2023-12-21T08:45:07+00:00\",\"dateModified\":\"2025-10-28T06:55:25+00:00\",\"breadcrumb\":{\"@id\":\"https:\/\/tuto.provacy.com\/notices\/field\/#breadcrumb\"},\"inLanguage\":\"en-GB\",\"potentialAction\":[{\"@type\":\"ReadAction\",\"target\":[\"https:\/\/tuto.provacy.com\/notices\/field\/\"]}]},{\"@type\":\"ImageObject\",\"inLanguage\":\"en-GB\",\"@id\":\"https:\/\/tuto.provacy.com\/notices\/field\/#primaryimage\",\"url\":\"https:\/\/tuto.provacy.com\/wp-content\/uploads\/sites\/4\/2024\/03\/onglet-base-legale.png\",\"contentUrl\":\"https:\/\/tuto.provacy.com\/wp-content\/uploads\/sites\/4\/2024\/03\/onglet-base-legale.png\"},{\"@type\":\"BreadcrumbList\",\"@id\":\"https:\/\/tuto.provacy.com\/notices\/field\/#breadcrumb\",\"itemListElement\":[{\"@type\":\"ListItem\",\"position\":1,\"name\":\"Accueil\",\"item\":\"https:\/\/tuto.provacy.com\/\"},{\"@type\":\"ListItem\",\"position\":2,\"name\":\"Informations l\u00e9gales\",\"item\":\"https:\/\/tuto.provacy.com\/notices\/\"},{\"@type\":\"ListItem\",\"position\":3,\"name\":\"Mentions l\u00e9gales\"}]},{\"@type\":\"WebSite\",\"@id\":\"https:\/\/tuto.provacy.com\/#website\",\"url\":\"https:\/\/tuto.provacy.com\/\",\"name\":\"Guide utilisateur\",\"description\":\"\",\"publisher\":{\"@id\":\"https:\/\/tuto.provacy.com\/#organization\"},\"potentialAction\":[{\"@type\":\"SearchAction\",\"target\":{\"@type\":\"EntryPoint\",\"urlTemplate\":\"https:\/\/tuto.provacy.com\/?s={search_term_string}\"},\"query-input\":\"required name=search_term_string\"}],\"inLanguage\":\"en-GB\"},{\"@type\":\"Organization\",\"@id\":\"https:\/\/tuto.provacy.com\/#organization\",\"name\":\"Guide utilisateur\",\"url\":\"https:\/\/tuto.provacy.com\/\",\"logo\":{\"@type\":\"ImageObject\",\"inLanguage\":\"en-GB\",\"@id\":\"https:\/\/tuto.provacy.com\/#\/schema\/logo\/image\/\",\"url\":\"https:\/\/tuto.provacy.com\/wp-content\/uploads\/sites\/4\/2023\/10\/cropped-power-logo-white-slogan.png\",\"contentUrl\":\"https:\/\/tuto.provacy.com\/wp-content\/uploads\/sites\/4\/2023\/10\/cropped-power-logo-white-slogan.png\",\"width\":1231,\"height\":272,\"caption\":\"Guide utilisateur\"},\"image\":{\"@id\":\"https:\/\/tuto.provacy.com\/#\/schema\/logo\/image\/\"}}]}<\/script>\n<!-- \/ Yoast SEO plugin. -->","yoast_head_json":{"title":"Mentions l\u00e9gales - Guide utilisateur","robots":{"index":"noindex","follow":"follow","max-snippet":"max-snippet:-1","max-image-preview":"max-image-preview:large","max-video-preview":"max-video-preview:-1"},"og_locale":"en_GB","og_type":"article","og_title":"Mentions l\u00e9gales - Guide utilisateur","og_description":"Depuis l'onglet de la fiche traitement , le champ Mentions l\u00e9gales g\u00e9n\u00e8re automatiquement le texte \u00e0 ins\u00e9rer dans vos formulaires. Choisissez parmi les 7 mod\u00e8les propos\u00e9s par l'Autorit\u00e9 \u00e0 la Protection des Donn\u00e9es. Vous pourrez adapter le texte \u00e0 votre convenance. L'application ins\u00e8re les champs utiles renseign\u00e9s dans la fiche. Il est simple de s'y &hellip; Mentions l\u00e9gales Read More &raquo;","og_url":"https:\/\/tuto.provacy.com\/en\/notices\/field\/","og_site_name":"Guide utilisateur","article_modified_time":"2025-10-28T06:55:25+00:00","og_image":[{"url":"https:\/\/tuto.provacy.com\/wp-content\/uploads\/sites\/4\/2024\/03\/onglet-base-legale.png"}],"twitter_card":"summary_large_image","twitter_misc":{"Estimated reading time":"8 minutes"},"schema":{"@context":"https:\/\/schema.org","@graph":[{"@type":"WebPage","@id":"https:\/\/tuto.provacy.com\/notices\/field\/","url":"https:\/\/tuto.provacy.com\/notices\/field\/","name":"Mentions l\u00e9gales - Guide utilisateur","isPartOf":{"@id":"https:\/\/tuto.provacy.com\/#website"},"primaryImageOfPage":{"@id":"https:\/\/tuto.provacy.com\/notices\/field\/#primaryimage"},"image":{"@id":"https:\/\/tuto.provacy.com\/notices\/field\/#primaryimage"},"thumbnailUrl":"https:\/\/tuto.provacy.com\/wp-content\/uploads\/sites\/4\/2024\/03\/onglet-base-legale.png","datePublished":"2023-12-21T08:45:07+00:00","dateModified":"2025-10-28T06:55:25+00:00","breadcrumb":{"@id":"https:\/\/tuto.provacy.com\/notices\/field\/#breadcrumb"},"inLanguage":"en-GB","potentialAction":[{"@type":"ReadAction","target":["https:\/\/tuto.provacy.com\/notices\/field\/"]}]},{"@type":"ImageObject","inLanguage":"en-GB","@id":"https:\/\/tuto.provacy.com\/notices\/field\/#primaryimage","url":"https:\/\/tuto.provacy.com\/wp-content\/uploads\/sites\/4\/2024\/03\/onglet-base-legale.png","contentUrl":"https:\/\/tuto.provacy.com\/wp-content\/uploads\/sites\/4\/2024\/03\/onglet-base-legale.png"},{"@type":"BreadcrumbList","@id":"https:\/\/tuto.provacy.com\/notices\/field\/#breadcrumb","itemListElement":[{"@type":"ListItem","position":1,"name":"Accueil","item":"https:\/\/tuto.provacy.com\/"},{"@type":"ListItem","position":2,"name":"Informations l\u00e9gales","item":"https:\/\/tuto.provacy.com\/notices\/"},{"@type":"ListItem","position":3,"name":"Mentions l\u00e9gales"}]},{"@type":"WebSite","@id":"https:\/\/tuto.provacy.com\/#website","url":"https:\/\/tuto.provacy.com\/","name":"Guide utilisateur","description":"","publisher":{"@id":"https:\/\/tuto.provacy.com\/#organization"},"potentialAction":[{"@type":"SearchAction","target":{"@type":"EntryPoint","urlTemplate":"https:\/\/tuto.provacy.com\/?s={search_term_string}"},"query-input":"required name=search_term_string"}],"inLanguage":"en-GB"},{"@type":"Organization","@id":"https:\/\/tuto.provacy.com\/#organization","name":"Guide utilisateur","url":"https:\/\/tuto.provacy.com\/","logo":{"@type":"ImageObject","inLanguage":"en-GB","@id":"https:\/\/tuto.provacy.com\/#\/schema\/logo\/image\/","url":"https:\/\/tuto.provacy.com\/wp-content\/uploads\/sites\/4\/2023\/10\/cropped-power-logo-white-slogan.png","contentUrl":"https:\/\/tuto.provacy.com\/wp-content\/uploads\/sites\/4\/2023\/10\/cropped-power-logo-white-slogan.png","width":1231,"height":272,"caption":"Guide utilisateur"},"image":{"@id":"https:\/\/tuto.provacy.com\/#\/schema\/logo\/image\/"}}]}},"_links":{"self":[{"href":"https:\/\/tuto.provacy.com\/en\/wp-json\/wp\/v2\/pages\/1707"}],"collection":[{"href":"https:\/\/tuto.provacy.com\/en\/wp-json\/wp\/v2\/pages"}],"about":[{"href":"https:\/\/tuto.provacy.com\/en\/wp-json\/wp\/v2\/types\/page"}],"author":[{"embeddable":true,"href":"https:\/\/tuto.provacy.com\/en\/wp-json\/wp\/v2\/users\/2"}],"replies":[{"embeddable":true,"href":"https:\/\/tuto.provacy.com\/en\/wp-json\/wp\/v2\/comments?post=1707"}],"version-history":[{"count":7,"href":"https:\/\/tuto.provacy.com\/en\/wp-json\/wp\/v2\/pages\/1707\/revisions"}],"predecessor-version":[{"id":4188,"href":"https:\/\/tuto.provacy.com\/en\/wp-json\/wp\/v2\/pages\/1707\/revisions\/4188"}],"up":[{"embeddable":true,"href":"https:\/\/tuto.provacy.com\/en\/wp-json\/wp\/v2\/pages\/1703"}],"wp:attachment":[{"href":"https:\/\/tuto.provacy.com\/en\/wp-json\/wp\/v2\/media?parent=1707"}],"curies":[{"name":"wp","href":"https:\/\/api.w.org\/{rel}","templated":true}]}}