{"id":1717,"date":"2023-12-21T10:59:47","date_gmt":"2023-12-21T09:59:47","guid":{"rendered":"https:\/\/tuto.provacy.com\/?page_id=1717"},"modified":"2025-10-28T09:45:16","modified_gmt":"2025-10-28T08:45:16","slug":"record","status":"publish","type":"page","link":"https:\/\/tuto.provacy.com\/en\/notices\/record\/","title":{"rendered":"Public record"},"content":{"rendered":"<div class=\"wp-block-group top-nav is-nowrap is-layout-flex wp-container-core-group-layout-1 wp-block-group-is-layout-flex\">\n\n<\/div>\n\n\n\n<h5 class=\"wp-block-heading\">\ud83c\udf10 Simplified Public Register: a built-in transparency tool<\/h5>\n\n\n\n<p>A more compact model displaying only the essential information, with a filter by category of data subjects.<\/p>\n\n\n\n<p>Ce registre devient un v\u00e9ritable support de communication : informez facilement vos clients, prospects, collaborateurs, administr\u00e9s ou \u00e9tudiants sur l\u2019utilisation de leurs donn\u00e9es, en toute clart\u00e9 et transparence.<\/p>\n\n\n\n<p>Directly integrated into your website or intranet, it updates automatically whenever a record form is modified in Provacy, and complements your privacy policy effectively.<\/p>\n\n\n\n<div class=\"wp-block-group is-nowrap is-layout-flex wp-container-core-group-layout-2 wp-block-group-is-layout-flex\">\n<figure class=\"wp-block-image size-large\"><img loading=\"lazy\" decoding=\"async\" width=\"1024\" height=\"576\" src=\"https:\/\/tuto.provacy.com\/wp-content\/uploads\/sites\/4\/2023\/12\/scrnli_21_12_2023-14-11-12.png\" alt=\"\" class=\"wp-image-1728\" srcset=\"https:\/\/tuto.provacy.com\/wp-content\/uploads\/sites\/4\/2023\/12\/scrnli_21_12_2023-14-11-12.png 1488w, https:\/\/tuto.provacy.com\/wp-content\/uploads\/sites\/4\/2023\/12\/scrnli_21_12_2023-14-11-12-300x159.png 300w, https:\/\/tuto.provacy.com\/wp-content\/uploads\/sites\/4\/2023\/12\/scrnli_21_12_2023-14-11-12-1024x542.png 1024w, https:\/\/tuto.provacy.com\/wp-content\/uploads\/sites\/4\/2023\/12\/scrnli_21_12_2023-14-11-12-768x407.png 768w, https:\/\/tuto.provacy.com\/wp-content\/uploads\/sites\/4\/2023\/12\/scrnli_21_12_2023-14-11-12-18x10.png 18w\" sizes=\"(max-width: 1024px) 100vw, 1024px\" \/><\/figure>\n<\/div>\n\n\n\n<p class=\"translation-block\">Here is an example of the Public Register integration on <a href=\"\/en\/provacy.com\/notices\/\" target=\"_self\">our own company website provacy.com<\/a>. We customize it to match your colors! Request its activation from Provacy Support.<\/p>\n\n\n\n<div class=\"wp-block-group is-nowrap is-layout-flex wp-container-core-group-layout-3 wp-block-group-is-layout-flex\">\n<figure class=\"wp-block-image size-large\"><img loading=\"lazy\" decoding=\"async\" width=\"1024\" height=\"595\" src=\"https:\/\/tuto.provacy.com\/wp-content\/uploads\/sites\/4\/2023\/12\/scrnli_21_12_2023-14-12-44.png\" alt=\"\" class=\"wp-image-1729\" srcset=\"https:\/\/tuto.provacy.com\/wp-content\/uploads\/sites\/4\/2023\/12\/scrnli_21_12_2023-14-12-44.png 1486w, https:\/\/tuto.provacy.com\/wp-content\/uploads\/sites\/4\/2023\/12\/scrnli_21_12_2023-14-12-44-300x151.png 300w, https:\/\/tuto.provacy.com\/wp-content\/uploads\/sites\/4\/2023\/12\/scrnli_21_12_2023-14-12-44-1024x517.png 1024w, https:\/\/tuto.provacy.com\/wp-content\/uploads\/sites\/4\/2023\/12\/scrnli_21_12_2023-14-12-44-768x388.png 768w, https:\/\/tuto.provacy.com\/wp-content\/uploads\/sites\/4\/2023\/12\/scrnli_21_12_2023-14-12-44-18x9.png 18w\" sizes=\"(max-width: 1024px) 100vw, 1024px\" \/><\/figure>\n<\/div>\n\n\n\n<div class=\"wp-block-columns bottom-nav is-layout-flex wp-container-core-columns-layout-1 wp-block-columns-is-layout-flex\">\n<div class=\"wp-block-column is-layout-flow wp-block-column-is-layout-flow\" style=\"flex-basis:25%\"><\/div>\n\n\n\n<div class=\"wp-block-column is-layout-flow wp-block-column-is-layout-flow\" style=\"flex-basis:50%\"><\/div>\n\n\n\n<div class=\"wp-block-column is-layout-flow wp-block-column-is-layout-flow\" style=\"flex-basis:25%\"><\/div>\n<\/div>\n\n\n\n<span class=\"sidebar-toggle hidden\" title=\"Show\/Hide side menu\"><i class=\"fal fa-table-layout\"><\/i><\/span>\n<script src=\"\/wp-includes\/js\/provacy\/js.cookie.min.js\"><\/script>\n<script>\nvar shown = true, $ = jQuery, b = $('body'), t = $('.sidebar-toggle'), c = Cookies.get('sidebar');\nif (c) {\n  shown = c == 1;\n}\nb.addClass('sidebar-' + (shown ? 'shown' : 'hidden'));\nif (shown) {\n  t.find('i').toggleClass('fa-table-layout fa-window-maximize');\n}\nt.on('click', function() {\n  shown = !shown;\n  t.find('i').toggleClass('fa-table-layout fa-window-maximize');\n  b.toggleClass('sidebar-shown sidebar-hidden');\n  Cookies.set('sidebar', shown ? 1 : 0, { expires: 30 });\n});\n\n$('figure.wp-lightbox-container').on('click', function(e) {\n  var img = $(e.target).parents('figure:first').find('img:first'), src = img.attr('src'), enlarged = $('figure.enlarged-image img.' + img.attr('class'));\n  if (enlarged.length && src != enlarged.attr('src')) {\n    let count = 0;\n    function incr() {\n      count++;\n      if (src != enlarged.attr('src'))\n        enlarged.attr('src', src);\n      if (count >= 10) {\n        clearInterval(intervalId);\n      }\n    }\n    const intervalId = setInterval(incr, 100);\n  }\n\n  \/\/console.log('lightbox clicked', e, this);\n});\n\n<\/script>","protected":false},"excerpt":{"rendered":"<p>\ud83c\udf10 Registre simplifi\u00e9 : un outil de transparence int\u00e9gr\u00e9 Un mod\u00e8le plus compact, affichant uniquement les informations essentielles, avec un filtrage par cat\u00e9gorie de personnes concern\u00e9es. Ce registre devient un v\u00e9ritable support de communication : informez facilement vos clients, prospects, collaborateurs, administr\u00e9s ou \u00e9tudiants sur l\u2019utilisation de leurs donn\u00e9es, en toute clart\u00e9 et transparence. Directement &hellip;<\/p>\n<p class=\"read-more\"> <a class=\"\" href=\"https:\/\/tuto.provacy.com\/en\/notices\/record\/\"> <span class=\"screen-reader-text\">Public record<\/span> Read More &raquo;<\/a><\/p>","protected":false},"author":2,"featured_media":0,"parent":1703,"menu_order":64,"comment_status":"closed","ping_status":"closed","template":"","meta":{"site-sidebar-layout":"default","site-content-layout":"","ast-site-content-layout":"default","site-content-style":"default","site-sidebar-style":"default","ast-global-header-display":"","ast-banner-title-visibility":"","ast-main-header-display":"","ast-hfb-above-header-display":"","ast-hfb-below-header-display":"","ast-hfb-mobile-header-display":"","site-post-title":"","ast-breadcrumbs-content":"","ast-featured-img":"","footer-sml-layout":"","theme-transparent-header-meta":"","adv-header-id-meta":"","stick-header-meta":"","header-above-stick-meta":"","header-main-stick-meta":"","header-below-stick-meta":"","astra-migrate-meta-layouts":"set","footnotes":""},"yoast_head":"<!-- This site is optimized with the Yoast SEO plugin v23.3 - https:\/\/yoast.com\/wordpress\/plugins\/seo\/ -->\n<title>Registre public - Guide utilisateur<\/title>\n<meta name=\"robots\" content=\"noindex, follow, max-snippet:-1, max-image-preview:large, max-video-preview:-1\" \/>\n<meta property=\"og:locale\" content=\"en_GB\" \/>\n<meta property=\"og:type\" content=\"article\" \/>\n<meta property=\"og:title\" content=\"Registre public - Guide utilisateur\" \/>\n<meta property=\"og:description\" content=\"\ud83c\udf10 Registre simplifi\u00e9 : un outil de transparence int\u00e9gr\u00e9 Un mod\u00e8le plus compact, affichant uniquement les informations essentielles, avec un filtrage par cat\u00e9gorie de personnes concern\u00e9es. Ce registre devient un v\u00e9ritable support de communication : informez facilement vos clients, prospects, collaborateurs, administr\u00e9s ou \u00e9tudiants sur l\u2019utilisation de leurs donn\u00e9es, en toute clart\u00e9 et transparence. Directement &hellip; Registre public Read More &raquo;\" \/>\n<meta property=\"og:url\" content=\"https:\/\/tuto.provacy.com\/en\/notices\/record\/\" \/>\n<meta property=\"og:site_name\" content=\"Guide utilisateur\" \/>\n<meta property=\"article:modified_time\" content=\"2025-10-28T08:45:16+00:00\" \/>\n<meta property=\"og:image\" content=\"https:\/\/tuto.provacy.com\/wp-content\/uploads\/sites\/4\/2023\/12\/scrnli_21_12_2023-11-22-04-1024x576.png\" \/>\n<meta name=\"twitter:card\" content=\"summary_large_image\" \/>\n<meta name=\"twitter:label1\" content=\"Estimated reading time\" \/>\n\t<meta name=\"twitter:data1\" content=\"1 minute\" \/>\n<script type=\"application\/ld+json\" class=\"yoast-schema-graph\">{\"@context\":\"https:\/\/schema.org\",\"@graph\":[{\"@type\":\"WebPage\",\"@id\":\"https:\/\/tuto.provacy.com\/notices\/record\/\",\"url\":\"https:\/\/tuto.provacy.com\/notices\/record\/\",\"name\":\"Registre public - Guide utilisateur\",\"isPartOf\":{\"@id\":\"https:\/\/tuto.provacy.com\/#website\"},\"primaryImageOfPage\":{\"@id\":\"https:\/\/tuto.provacy.com\/notices\/record\/#primaryimage\"},\"image\":{\"@id\":\"https:\/\/tuto.provacy.com\/notices\/record\/#primaryimage\"},\"thumbnailUrl\":\"https:\/\/tuto.provacy.com\/wp-content\/uploads\/sites\/4\/2023\/12\/scrnli_21_12_2023-11-22-04-1024x576.png\",\"datePublished\":\"2023-12-21T09:59:47+00:00\",\"dateModified\":\"2025-10-28T08:45:16+00:00\",\"breadcrumb\":{\"@id\":\"https:\/\/tuto.provacy.com\/notices\/record\/#breadcrumb\"},\"inLanguage\":\"en-GB\",\"potentialAction\":[{\"@type\":\"ReadAction\",\"target\":[\"https:\/\/tuto.provacy.com\/notices\/record\/\"]}]},{\"@type\":\"ImageObject\",\"inLanguage\":\"en-GB\",\"@id\":\"https:\/\/tuto.provacy.com\/notices\/record\/#primaryimage\",\"url\":\"https:\/\/tuto.provacy.com\/wp-content\/uploads\/sites\/4\/2023\/12\/scrnli_21_12_2023-11-22-04-1024x576.png\",\"contentUrl\":\"https:\/\/tuto.provacy.com\/wp-content\/uploads\/sites\/4\/2023\/12\/scrnli_21_12_2023-11-22-04-1024x576.png\"},{\"@type\":\"BreadcrumbList\",\"@id\":\"https:\/\/tuto.provacy.com\/notices\/record\/#breadcrumb\",\"itemListElement\":[{\"@type\":\"ListItem\",\"position\":1,\"name\":\"Accueil\",\"item\":\"https:\/\/tuto.provacy.com\/\"},{\"@type\":\"ListItem\",\"position\":2,\"name\":\"Informations l\u00e9gales\",\"item\":\"https:\/\/tuto.provacy.com\/notices\/\"},{\"@type\":\"ListItem\",\"position\":3,\"name\":\"Registre public\"}]},{\"@type\":\"WebSite\",\"@id\":\"https:\/\/tuto.provacy.com\/#website\",\"url\":\"https:\/\/tuto.provacy.com\/\",\"name\":\"Guide utilisateur\",\"description\":\"\",\"publisher\":{\"@id\":\"https:\/\/tuto.provacy.com\/#organization\"},\"potentialAction\":[{\"@type\":\"SearchAction\",\"target\":{\"@type\":\"EntryPoint\",\"urlTemplate\":\"https:\/\/tuto.provacy.com\/?s={search_term_string}\"},\"query-input\":\"required name=search_term_string\"}],\"inLanguage\":\"en-GB\"},{\"@type\":\"Organization\",\"@id\":\"https:\/\/tuto.provacy.com\/#organization\",\"name\":\"Guide utilisateur\",\"url\":\"https:\/\/tuto.provacy.com\/\",\"logo\":{\"@type\":\"ImageObject\",\"inLanguage\":\"en-GB\",\"@id\":\"https:\/\/tuto.provacy.com\/#\/schema\/logo\/image\/\",\"url\":\"https:\/\/tuto.provacy.com\/wp-content\/uploads\/sites\/4\/2023\/10\/cropped-power-logo-white-slogan.png\",\"contentUrl\":\"https:\/\/tuto.provacy.com\/wp-content\/uploads\/sites\/4\/2023\/10\/cropped-power-logo-white-slogan.png\",\"width\":1231,\"height\":272,\"caption\":\"Guide utilisateur\"},\"image\":{\"@id\":\"https:\/\/tuto.provacy.com\/#\/schema\/logo\/image\/\"}}]}<\/script>\n<!-- \/ Yoast SEO plugin. -->","yoast_head_json":{"title":"Registre public - Guide utilisateur","robots":{"index":"noindex","follow":"follow","max-snippet":"max-snippet:-1","max-image-preview":"max-image-preview:large","max-video-preview":"max-video-preview:-1"},"og_locale":"en_GB","og_type":"article","og_title":"Registre public - Guide utilisateur","og_description":"\ud83c\udf10 Registre simplifi\u00e9 : un outil de transparence int\u00e9gr\u00e9 Un mod\u00e8le plus compact, affichant uniquement les informations essentielles, avec un filtrage par cat\u00e9gorie de personnes concern\u00e9es. Ce registre devient un v\u00e9ritable support de communication : informez facilement vos clients, prospects, collaborateurs, administr\u00e9s ou \u00e9tudiants sur l\u2019utilisation de leurs donn\u00e9es, en toute clart\u00e9 et transparence. Directement &hellip; Registre public Read More &raquo;","og_url":"https:\/\/tuto.provacy.com\/en\/notices\/record\/","og_site_name":"Guide utilisateur","article_modified_time":"2025-10-28T08:45:16+00:00","og_image":[{"url":"https:\/\/tuto.provacy.com\/wp-content\/uploads\/sites\/4\/2023\/12\/scrnli_21_12_2023-11-22-04-1024x576.png"}],"twitter_card":"summary_large_image","twitter_misc":{"Estimated reading time":"1 minute"},"schema":{"@context":"https:\/\/schema.org","@graph":[{"@type":"WebPage","@id":"https:\/\/tuto.provacy.com\/notices\/record\/","url":"https:\/\/tuto.provacy.com\/notices\/record\/","name":"Registre public - Guide utilisateur","isPartOf":{"@id":"https:\/\/tuto.provacy.com\/#website"},"primaryImageOfPage":{"@id":"https:\/\/tuto.provacy.com\/notices\/record\/#primaryimage"},"image":{"@id":"https:\/\/tuto.provacy.com\/notices\/record\/#primaryimage"},"thumbnailUrl":"https:\/\/tuto.provacy.com\/wp-content\/uploads\/sites\/4\/2023\/12\/scrnli_21_12_2023-11-22-04-1024x576.png","datePublished":"2023-12-21T09:59:47+00:00","dateModified":"2025-10-28T08:45:16+00:00","breadcrumb":{"@id":"https:\/\/tuto.provacy.com\/notices\/record\/#breadcrumb"},"inLanguage":"en-GB","potentialAction":[{"@type":"ReadAction","target":["https:\/\/tuto.provacy.com\/notices\/record\/"]}]},{"@type":"ImageObject","inLanguage":"en-GB","@id":"https:\/\/tuto.provacy.com\/notices\/record\/#primaryimage","url":"https:\/\/tuto.provacy.com\/wp-content\/uploads\/sites\/4\/2023\/12\/scrnli_21_12_2023-11-22-04-1024x576.png","contentUrl":"https:\/\/tuto.provacy.com\/wp-content\/uploads\/sites\/4\/2023\/12\/scrnli_21_12_2023-11-22-04-1024x576.png"},{"@type":"BreadcrumbList","@id":"https:\/\/tuto.provacy.com\/notices\/record\/#breadcrumb","itemListElement":[{"@type":"ListItem","position":1,"name":"Accueil","item":"https:\/\/tuto.provacy.com\/"},{"@type":"ListItem","position":2,"name":"Informations l\u00e9gales","item":"https:\/\/tuto.provacy.com\/notices\/"},{"@type":"ListItem","position":3,"name":"Registre public"}]},{"@type":"WebSite","@id":"https:\/\/tuto.provacy.com\/#website","url":"https:\/\/tuto.provacy.com\/","name":"Guide utilisateur","description":"","publisher":{"@id":"https:\/\/tuto.provacy.com\/#organization"},"potentialAction":[{"@type":"SearchAction","target":{"@type":"EntryPoint","urlTemplate":"https:\/\/tuto.provacy.com\/?s={search_term_string}"},"query-input":"required name=search_term_string"}],"inLanguage":"en-GB"},{"@type":"Organization","@id":"https:\/\/tuto.provacy.com\/#organization","name":"Guide utilisateur","url":"https:\/\/tuto.provacy.com\/","logo":{"@type":"ImageObject","inLanguage":"en-GB","@id":"https:\/\/tuto.provacy.com\/#\/schema\/logo\/image\/","url":"https:\/\/tuto.provacy.com\/wp-content\/uploads\/sites\/4\/2023\/10\/cropped-power-logo-white-slogan.png","contentUrl":"https:\/\/tuto.provacy.com\/wp-content\/uploads\/sites\/4\/2023\/10\/cropped-power-logo-white-slogan.png","width":1231,"height":272,"caption":"Guide utilisateur"},"image":{"@id":"https:\/\/tuto.provacy.com\/#\/schema\/logo\/image\/"}}]}},"_links":{"self":[{"href":"https:\/\/tuto.provacy.com\/en\/wp-json\/wp\/v2\/pages\/1717"}],"collection":[{"href":"https:\/\/tuto.provacy.com\/en\/wp-json\/wp\/v2\/pages"}],"about":[{"href":"https:\/\/tuto.provacy.com\/en\/wp-json\/wp\/v2\/types\/page"}],"author":[{"embeddable":true,"href":"https:\/\/tuto.provacy.com\/en\/wp-json\/wp\/v2\/users\/2"}],"replies":[{"embeddable":true,"href":"https:\/\/tuto.provacy.com\/en\/wp-json\/wp\/v2\/comments?post=1717"}],"version-history":[{"count":13,"href":"https:\/\/tuto.provacy.com\/en\/wp-json\/wp\/v2\/pages\/1717\/revisions"}],"predecessor-version":[{"id":4211,"href":"https:\/\/tuto.provacy.com\/en\/wp-json\/wp\/v2\/pages\/1717\/revisions\/4211"}],"up":[{"embeddable":true,"href":"https:\/\/tuto.provacy.com\/en\/wp-json\/wp\/v2\/pages\/1703"}],"wp:attachment":[{"href":"https:\/\/tuto.provacy.com\/en\/wp-json\/wp\/v2\/media?parent=1717"}],"curies":[{"name":"wp","href":"https:\/\/api.w.org\/{rel}","templated":true}]}}