{"id":1806,"date":"2024-02-19T15:06:46","date_gmt":"2024-02-19T14:06:46","guid":{"rendered":"https:\/\/tuto.provacy.com\/?page_id=1806"},"modified":"2025-05-05T10:14:58","modified_gmt":"2025-05-05T08:14:58","slug":"rights","status":"publish","type":"page","link":"https:\/\/tuto.provacy.com\/en\/tchatch\/rights\/","title":{"rendered":"Rights Requests"},"content":{"rendered":"<div class=\"wp-block-group top-nav is-nowrap is-layout-flex wp-container-core-group-layout-1 wp-block-group-is-layout-flex\">\n\n<\/div>\n\n\n\n<div class=\"wp-block-columns p7y-nopadding is-layout-flex wp-container-core-columns-layout-1 wp-block-columns-is-layout-flex\">\n<div class=\"wp-block-column is-layout-flow wp-block-column-is-layout-flow\" style=\"flex-basis:66.66%\">\n<h2 class=\"wp-block-heading\">Rights Requests <img loading=\"lazy\" decoding=\"async\" width=\"109\" height=\"97\" class=\"wp-image-1807\" style=\"width: 109px\" src=\"https:\/\/tuto.provacy.com\/wp-content\/uploads\/sites\/4\/2024\/02\/daro-1.png\" alt=\"\" srcset=\"https:\/\/tuto.provacy.com\/wp-content\/uploads\/sites\/4\/2024\/02\/daro-1.png 109w, https:\/\/tuto.provacy.com\/wp-content\/uploads\/sites\/4\/2024\/02\/daro-1-13x12.png 13w\" sizes=\"(max-width: 109px) 100vw, 109px\" \/><\/h2>\n<\/div>\n\n\n\n<div class=\"wp-block-column is-layout-flow wp-block-column-is-layout-flow\" style=\"flex-basis:33.33%\">\n<figure class=\"wp-block-image size-large is-resized\"><img loading=\"lazy\" decoding=\"async\" width=\"1024\" height=\"194\" src=\"https:\/\/tuto.provacy.com\/wp-content\/uploads\/sites\/4\/2024\/02\/tchatch1200-1-1024x194.png\" alt=\"\" class=\"wp-image-1792\" style=\"width:211px;height:auto\" srcset=\"https:\/\/tuto.provacy.com\/wp-content\/uploads\/sites\/4\/2024\/02\/tchatch1200-1-1024x194.png 1024w, https:\/\/tuto.provacy.com\/wp-content\/uploads\/sites\/4\/2024\/02\/tchatch1200-1-300x57.png 300w, https:\/\/tuto.provacy.com\/wp-content\/uploads\/sites\/4\/2024\/02\/tchatch1200-1-768x145.png 768w, https:\/\/tuto.provacy.com\/wp-content\/uploads\/sites\/4\/2024\/02\/tchatch1200-1-18x3.png 18w, https:\/\/tuto.provacy.com\/wp-content\/uploads\/sites\/4\/2024\/02\/tchatch1200-1.png 1193w\" sizes=\"(max-width: 1024px) 100vw, 1024px\" \/><\/figure>\n<\/div>\n<\/div>\n\n\n\n<ol>\n<li>The requester accesses the Tchatch interface via a link provided in the legal information. They enter their email address and immediately receive a message containing a secure login link. Once connected, they complete the request form. Upon validation, the information is automatically transmitted to Provacy.<\/li>\n\n\n\n<li>The DPO team in charge is notified by email, with a direct link to the request to be processed. Several tools facilitate its handling: the integrated chat to communicate with the requester, email templates for quick replies, and a validation workflow to track response times. All shared documents are protected by a watermark.<\/li>\n\n\n\n<li>Each message sent via the chat is also delivered by email, with a link to the interface. All exchanges are retained until the request is archived, at which point it is anonymized.<\/li>\n<\/ol>\n\n\n\n<div class=\"wp-block-group is-content-justification-center is-nowrap is-layout-flex wp-container-core-group-layout-2 wp-block-group-is-layout-flex\">\n<figure data-wp-context=\"{ &quot;core&quot;:\t\t\t\t{ &quot;image&quot;:\t\t\t\t\t{   &quot;imageLoaded&quot;: false,\t\t\t\t\t\t&quot;initialized&quot;: false,\t\t\t\t\t\t&quot;lightboxEnabled&quot;: false,\t\t\t\t\t\t&quot;hideAnimationEnabled&quot;: false,\t\t\t\t\t\t&quot;preloadInitialized&quot;: false,\t\t\t\t\t\t&quot;lightboxAnimation&quot;: &quot;zoom&quot;,\t\t\t\t\t\t&quot;imageUploadedSrc&quot;: &quot;https:\/\/tuto.provacy.com\/wp-content\/uploads\/sites\/4\/2023\/08\/d26f7aaf-d19d-43e3-bede-38dba8d67ba0.png&quot;,\t\t\t\t\t\t&quot;imageCurrentSrc&quot;: &quot;&quot;,\t\t\t\t\t\t&quot;targetWidth&quot;: &quot;none&quot;,\t\t\t\t\t\t&quot;targetHeight&quot;: &quot;none&quot;,\t\t\t\t\t\t&quot;scaleAttr&quot;: &quot;cover&quot;,\t\t\t\t\t\t&quot;dialogLabel&quot;: &quot;Enlarged image&quot;\t\t\t\t\t}\t\t\t\t}\t\t\t}\" data-wp-interactive class=\"wp-block-image size-large p7y-zoom wp-lightbox-container\"><img decoding=\"async\" data-wp-effect--setstylesonresize=\"effects.core.image.setStylesOnResize\" data-wp-effect=\"effects.core.image.setButtonStyles\" data-wp-init=\"effects.core.image.initOriginImage\" data-wp-on--click=\"actions.core.image.showLightbox\" data-wp-on--load=\"actions.core.image.handleLoad\" src=\"https:\/\/tuto.provacy.com\/wp-content\/uploads\/sites\/4\/2023\/08\/f60cba11-a8ad-4730-bca9-e855e03e662c.png\" alt=\"\" style=\"object-fit:cover\" \/><button\n\t\t\tclass=\"lightbox-trigger\"\n\t\t\ttype=\"button\"\n\t\t\taria-haspopup=\"dialog\"\n\t\t\taria-label=\"Enlarge image\"\n\t\t\tdata-wp-on--click=\"actions.core.image.showLightbox\"\n\t\t\tdata-wp-style--right=\"context.core.image.imageButtonRight\"\n\t\t\tdata-wp-style--top=\"context.core.image.imageButtonTop\"\n\t\t>\n\t\t\t<svg xmlns=\"http:\/\/www.w3.org\/2000\/svg\" width=\"12\" height=\"12\" fill=\"none\" viewbox=\"0 0 12 12\">\n\t\t\t\t<path fill=\"#fff\" d=\"M2 0a2 2 0 0 0-2 2v2h1.5V2a.5.5 0 0 1 .5-.5h2V0H2Zm2 10.5H2a.5.5 0 0 1-.5-.5V8H0v2a2 2 0 0 0 2 2h2v-1.5ZM8 12v-1.5h2a.5.5 0 0 0 .5-.5V8H12v2a2 2 0 0 1-2 2H8Zm2-12a2 2 0 0 1 2 2v2h-1.5V2a.5.5 0 0 0-.5-.5H8V0h2Z\" \/>\n\t\t\t<\/svg>\n\t\t<\/button>        <div data-wp-body=\"\" class=\"wp-lightbox-overlay zoom\"\n            data-wp-bind--role=\"selectors.core.image.roleAttribute\"\n            data-wp-bind--aria-label=\"selectors.core.image.dialogLabel\"\n            data-wp-class--initialized=\"context.core.image.initialized\"\n            data-wp-class--active=\"context.core.image.lightboxEnabled\"\n            data-wp-class--hideanimationenabled=\"context.core.image.hideAnimationEnabled\"\n            data-wp-bind--aria-modal=\"selectors.core.image.ariaModal\"\n            data-wp-effect=\"effects.core.image.initLightbox\"\n            data-wp-on--keydown=\"actions.core.image.handleKeydown\"\n            data-wp-on--touchstart=\"actions.core.image.handleTouchStart\"\n            data-wp-on--touchmove=\"actions.core.image.handleTouchMove\"\n            data-wp-on--touchend=\"actions.core.image.handleTouchEnd\"\n            data-wp-on--click=\"actions.core.image.hideLightbox\"\n            tabindex=\"-1\"\n            >\n                <button type=\"button\" aria-label=\"Close\" style=\"fill: #000\" class=\"close-button\" data-wp-on--click=\"actions.core.image.hideLightbox\">\n                    <svg xmlns=\"http:\/\/www.w3.org\/2000\/svg\" viewbox=\"0 0 24 24\" width=\"20\" height=\"20\" aria-hidden=\"true\" focusable=\"false\"><path d=\"M13 11.8l6.1-6.3-1-1-6.1 6.2-6.1-6.2-1 1 6.1 6.3-6.5 6.7 1 1 6.5-6.6 6.5 6.6 1-1z\"><\/path><\/svg>\n                <\/button>\n                <div class=\"lightbox-image-container\">\n<figure class=\"wp-block-image size-large p7y-zoom responsive-image\"><img decoding=\"async\" data-wp-bind--src=\"context.core.image.imageCurrentSrc\" data-wp-style--object-fit=\"selectors.core.image.lightboxObjectFit\" src=\"\" alt=\"\" style=\"object-fit:cover\" \/><\/figure>\n<\/div>\n                <div class=\"lightbox-image-container\">\n<figure class=\"wp-block-image size-large p7y-zoom enlarged-image\"><img decoding=\"async\" data-wp-bind--src=\"selectors.core.image.enlargedImgSrc\" data-wp-style--object-fit=\"selectors.core.image.lightboxObjectFit\" src=\"\" alt=\"\" style=\"object-fit:cover\" \/><\/figure>\n<\/div>\n                <div class=\"scrim\" style=\"background-color: #fff\" aria-hidden=\"true\"><\/div>\n        <\/div><\/figure>\n<\/div>\n\n\n\n<p class=\"has-text-align-center has-medium-font-size\">Up to you ! Test filing a rights request<\/p>\n\n\n\n<div class=\"wp-block-buttons is-content-justification-center is-layout-flex wp-container-core-buttons-layout-1 wp-block-buttons-is-layout-flex\">\n<div class=\"wp-block-button has-custom-font-size has-large-font-size\"><a class=\"wp-block-button__link wp-element-button\" href=\"https:\/\/request.provacy.com\/\" target=\"_blank\" rel=\"noreferrer noopener\">Test<\/a><\/div>\n<\/div>\n\n\n\n<p><\/p>\n\n\n\n<p class=\"has-text-align-center has-medium-font-size\"><a href=\"\/en\/tchatch\/rights\/rights-provacy\/\">And Provacy side ?<\/a><\/p>\n\n\n\n<div class=\"wp-block-columns bottom-nav is-layout-flex wp-container-core-columns-layout-2 wp-block-columns-is-layout-flex\">\n<div class=\"wp-block-column is-layout-flow wp-block-column-is-layout-flow\" style=\"flex-basis:25%\"><\/div>\n\n\n\n<div class=\"wp-block-column is-layout-flow wp-block-column-is-layout-flow\" style=\"flex-basis:50%\"><\/div>\n\n\n\n<div class=\"wp-block-column is-layout-flow wp-block-column-is-layout-flow\" style=\"flex-basis:25%\"><\/div>\n<\/div>\n\n\n\n<span class=\"sidebar-toggle hidden\" title=\"Show\/Hide side menu\"><i class=\"fal fa-table-layout\"><\/i><\/span>\n<script src=\"\/wp-includes\/js\/provacy\/js.cookie.min.js\"><\/script>\n<script>\nvar shown = true, $ = jQuery, b = $('body'), t = $('.sidebar-toggle'), c = Cookies.get('sidebar');\nif (c) {\n  shown = c == 1;\n}\nb.addClass('sidebar-' + (shown ? 'shown' : 'hidden'));\nif (shown) {\n  t.find('i').toggleClass('fa-table-layout fa-window-maximize');\n}\nt.on('click', function() {\n  shown = !shown;\n  t.find('i').toggleClass('fa-table-layout fa-window-maximize');\n  b.toggleClass('sidebar-shown sidebar-hidden');\n  Cookies.set('sidebar', shown ? 1 : 0, { expires: 30 });\n});\n\n$('figure.wp-lightbox-container').on('click', function(e) {\n  var img = $(e.target).parents('figure:first').find('img:first'), src = img.attr('src'), enlarged = $('figure.enlarged-image img.' + img.attr('class'));\n  if (enlarged.length && src != enlarged.attr('src')) {\n    let count = 0;\n    function incr() {\n      count++;\n      if (src != enlarged.attr('src'))\n        enlarged.attr('src', src);\n      if (count >= 10) {\n        clearInterval(intervalId);\n      }\n    }\n    const intervalId = setInterval(incr, 100);\n  }\n\n  \/\/console.log('lightbox clicked', e, this);\n});\n\n<\/script>","protected":false},"excerpt":{"rendered":"<p>Demandes de droits A vous de jouer ! Testez le d\u00e9p\u00f4t d'une demande de droits Et c\u00f4t\u00e9 Provacy ?<\/p>","protected":false},"author":2,"featured_media":0,"parent":1789,"menu_order":104,"comment_status":"closed","ping_status":"closed","template":"","meta":{"site-sidebar-layout":"default","site-content-layout":"","ast-site-content-layout":"default","site-content-style":"default","site-sidebar-style":"default","ast-global-header-display":"","ast-banner-title-visibility":"","ast-main-header-display":"","ast-hfb-above-header-display":"","ast-hfb-below-header-display":"","ast-hfb-mobile-header-display":"","site-post-title":"","ast-breadcrumbs-content":"","ast-featured-img":"","footer-sml-layout":"","theme-transparent-header-meta":"","adv-header-id-meta":"","stick-header-meta":"","header-above-stick-meta":"","header-main-stick-meta":"","header-below-stick-meta":"","astra-migrate-meta-layouts":"set","footnotes":""},"yoast_head":"<!-- This site is optimized with the Yoast SEO plugin v23.3 - https:\/\/yoast.com\/wordpress\/plugins\/seo\/ -->\n<title>Demandes de droits - Guide utilisateur<\/title>\n<meta name=\"robots\" content=\"noindex, follow, max-snippet:-1, max-image-preview:large, max-video-preview:-1\" \/>\n<meta property=\"og:locale\" content=\"en_GB\" \/>\n<meta property=\"og:type\" content=\"article\" \/>\n<meta property=\"og:title\" content=\"Demandes de droits - Guide utilisateur\" \/>\n<meta property=\"og:description\" content=\"Demandes de droits A vous de jouer ! Testez le d\u00e9p\u00f4t d&#039;une demande de droits Et c\u00f4t\u00e9 Provacy ?\" \/>\n<meta property=\"og:url\" content=\"https:\/\/tuto.provacy.com\/en\/tchatch\/rights\/\" \/>\n<meta property=\"og:site_name\" content=\"Guide utilisateur\" \/>\n<meta property=\"article:modified_time\" content=\"2025-05-05T08:14:58+00:00\" \/>\n<meta property=\"og:image\" content=\"https:\/\/tuto.provacy.com\/wp-content\/uploads\/sites\/4\/2024\/02\/daro-1.png\" \/>\n<meta name=\"twitter:card\" content=\"summary_large_image\" \/>\n<meta name=\"twitter:label1\" content=\"Estimated reading time\" \/>\n\t<meta name=\"twitter:data1\" content=\"2 minutes\" \/>\n<script type=\"application\/ld+json\" class=\"yoast-schema-graph\">{\"@context\":\"https:\/\/schema.org\",\"@graph\":[{\"@type\":\"WebPage\",\"@id\":\"https:\/\/tuto.provacy.com\/tchatch\/rights\/\",\"url\":\"https:\/\/tuto.provacy.com\/tchatch\/rights\/\",\"name\":\"Demandes de droits - Guide utilisateur\",\"isPartOf\":{\"@id\":\"https:\/\/tuto.provacy.com\/#website\"},\"primaryImageOfPage\":{\"@id\":\"https:\/\/tuto.provacy.com\/tchatch\/rights\/#primaryimage\"},\"image\":{\"@id\":\"https:\/\/tuto.provacy.com\/tchatch\/rights\/#primaryimage\"},\"thumbnailUrl\":\"https:\/\/tuto.provacy.com\/wp-content\/uploads\/sites\/4\/2024\/02\/daro-1.png\",\"datePublished\":\"2024-02-19T14:06:46+00:00\",\"dateModified\":\"2025-05-05T08:14:58+00:00\",\"breadcrumb\":{\"@id\":\"https:\/\/tuto.provacy.com\/tchatch\/rights\/#breadcrumb\"},\"inLanguage\":\"en-GB\",\"potentialAction\":[{\"@type\":\"ReadAction\",\"target\":[\"https:\/\/tuto.provacy.com\/tchatch\/rights\/\"]}]},{\"@type\":\"ImageObject\",\"inLanguage\":\"en-GB\",\"@id\":\"https:\/\/tuto.provacy.com\/tchatch\/rights\/#primaryimage\",\"url\":\"https:\/\/tuto.provacy.com\/wp-content\/uploads\/sites\/4\/2024\/02\/daro-1.png\",\"contentUrl\":\"https:\/\/tuto.provacy.com\/wp-content\/uploads\/sites\/4\/2024\/02\/daro-1.png\"},{\"@type\":\"BreadcrumbList\",\"@id\":\"https:\/\/tuto.provacy.com\/tchatch\/rights\/#breadcrumb\",\"itemListElement\":[{\"@type\":\"ListItem\",\"position\":1,\"name\":\"Accueil\",\"item\":\"https:\/\/tuto.provacy.com\/\"},{\"@type\":\"ListItem\",\"position\":2,\"name\":\"Tchatch\",\"item\":\"https:\/\/tuto.provacy.com\/tchatch\/\"},{\"@type\":\"ListItem\",\"position\":3,\"name\":\"Demandes de droits\"}]},{\"@type\":\"WebSite\",\"@id\":\"https:\/\/tuto.provacy.com\/#website\",\"url\":\"https:\/\/tuto.provacy.com\/\",\"name\":\"Guide utilisateur\",\"description\":\"\",\"publisher\":{\"@id\":\"https:\/\/tuto.provacy.com\/#organization\"},\"potentialAction\":[{\"@type\":\"SearchAction\",\"target\":{\"@type\":\"EntryPoint\",\"urlTemplate\":\"https:\/\/tuto.provacy.com\/?s={search_term_string}\"},\"query-input\":\"required name=search_term_string\"}],\"inLanguage\":\"en-GB\"},{\"@type\":\"Organization\",\"@id\":\"https:\/\/tuto.provacy.com\/#organization\",\"name\":\"Guide utilisateur\",\"url\":\"https:\/\/tuto.provacy.com\/\",\"logo\":{\"@type\":\"ImageObject\",\"inLanguage\":\"en-GB\",\"@id\":\"https:\/\/tuto.provacy.com\/#\/schema\/logo\/image\/\",\"url\":\"https:\/\/tuto.provacy.com\/wp-content\/uploads\/sites\/4\/2023\/10\/cropped-power-logo-white-slogan.png\",\"contentUrl\":\"https:\/\/tuto.provacy.com\/wp-content\/uploads\/sites\/4\/2023\/10\/cropped-power-logo-white-slogan.png\",\"width\":1231,\"height\":272,\"caption\":\"Guide utilisateur\"},\"image\":{\"@id\":\"https:\/\/tuto.provacy.com\/#\/schema\/logo\/image\/\"}}]}<\/script>\n<!-- \/ Yoast SEO plugin. -->","yoast_head_json":{"title":"Demandes de droits - Guide utilisateur","robots":{"index":"noindex","follow":"follow","max-snippet":"max-snippet:-1","max-image-preview":"max-image-preview:large","max-video-preview":"max-video-preview:-1"},"og_locale":"en_GB","og_type":"article","og_title":"Demandes de droits - Guide utilisateur","og_description":"Demandes de droits A vous de jouer ! Testez le d\u00e9p\u00f4t d'une demande de droits Et c\u00f4t\u00e9 Provacy ?","og_url":"https:\/\/tuto.provacy.com\/en\/tchatch\/rights\/","og_site_name":"Guide utilisateur","article_modified_time":"2025-05-05T08:14:58+00:00","og_image":[{"url":"https:\/\/tuto.provacy.com\/wp-content\/uploads\/sites\/4\/2024\/02\/daro-1.png"}],"twitter_card":"summary_large_image","twitter_misc":{"Estimated reading time":"2 minutes"},"schema":{"@context":"https:\/\/schema.org","@graph":[{"@type":"WebPage","@id":"https:\/\/tuto.provacy.com\/tchatch\/rights\/","url":"https:\/\/tuto.provacy.com\/tchatch\/rights\/","name":"Demandes de droits - Guide utilisateur","isPartOf":{"@id":"https:\/\/tuto.provacy.com\/#website"},"primaryImageOfPage":{"@id":"https:\/\/tuto.provacy.com\/tchatch\/rights\/#primaryimage"},"image":{"@id":"https:\/\/tuto.provacy.com\/tchatch\/rights\/#primaryimage"},"thumbnailUrl":"https:\/\/tuto.provacy.com\/wp-content\/uploads\/sites\/4\/2024\/02\/daro-1.png","datePublished":"2024-02-19T14:06:46+00:00","dateModified":"2025-05-05T08:14:58+00:00","breadcrumb":{"@id":"https:\/\/tuto.provacy.com\/tchatch\/rights\/#breadcrumb"},"inLanguage":"en-GB","potentialAction":[{"@type":"ReadAction","target":["https:\/\/tuto.provacy.com\/tchatch\/rights\/"]}]},{"@type":"ImageObject","inLanguage":"en-GB","@id":"https:\/\/tuto.provacy.com\/tchatch\/rights\/#primaryimage","url":"https:\/\/tuto.provacy.com\/wp-content\/uploads\/sites\/4\/2024\/02\/daro-1.png","contentUrl":"https:\/\/tuto.provacy.com\/wp-content\/uploads\/sites\/4\/2024\/02\/daro-1.png"},{"@type":"BreadcrumbList","@id":"https:\/\/tuto.provacy.com\/tchatch\/rights\/#breadcrumb","itemListElement":[{"@type":"ListItem","position":1,"name":"Accueil","item":"https:\/\/tuto.provacy.com\/"},{"@type":"ListItem","position":2,"name":"Tchatch","item":"https:\/\/tuto.provacy.com\/tchatch\/"},{"@type":"ListItem","position":3,"name":"Demandes de droits"}]},{"@type":"WebSite","@id":"https:\/\/tuto.provacy.com\/#website","url":"https:\/\/tuto.provacy.com\/","name":"Guide utilisateur","description":"","publisher":{"@id":"https:\/\/tuto.provacy.com\/#organization"},"potentialAction":[{"@type":"SearchAction","target":{"@type":"EntryPoint","urlTemplate":"https:\/\/tuto.provacy.com\/?s={search_term_string}"},"query-input":"required name=search_term_string"}],"inLanguage":"en-GB"},{"@type":"Organization","@id":"https:\/\/tuto.provacy.com\/#organization","name":"Guide utilisateur","url":"https:\/\/tuto.provacy.com\/","logo":{"@type":"ImageObject","inLanguage":"en-GB","@id":"https:\/\/tuto.provacy.com\/#\/schema\/logo\/image\/","url":"https:\/\/tuto.provacy.com\/wp-content\/uploads\/sites\/4\/2023\/10\/cropped-power-logo-white-slogan.png","contentUrl":"https:\/\/tuto.provacy.com\/wp-content\/uploads\/sites\/4\/2023\/10\/cropped-power-logo-white-slogan.png","width":1231,"height":272,"caption":"Guide utilisateur"},"image":{"@id":"https:\/\/tuto.provacy.com\/#\/schema\/logo\/image\/"}}]}},"_links":{"self":[{"href":"https:\/\/tuto.provacy.com\/en\/wp-json\/wp\/v2\/pages\/1806"}],"collection":[{"href":"https:\/\/tuto.provacy.com\/en\/wp-json\/wp\/v2\/pages"}],"about":[{"href":"https:\/\/tuto.provacy.com\/en\/wp-json\/wp\/v2\/types\/page"}],"author":[{"embeddable":true,"href":"https:\/\/tuto.provacy.com\/en\/wp-json\/wp\/v2\/users\/2"}],"replies":[{"embeddable":true,"href":"https:\/\/tuto.provacy.com\/en\/wp-json\/wp\/v2\/comments?post=1806"}],"version-history":[{"count":32,"href":"https:\/\/tuto.provacy.com\/en\/wp-json\/wp\/v2\/pages\/1806\/revisions"}],"predecessor-version":[{"id":3808,"href":"https:\/\/tuto.provacy.com\/en\/wp-json\/wp\/v2\/pages\/1806\/revisions\/3808"}],"up":[{"embeddable":true,"href":"https:\/\/tuto.provacy.com\/en\/wp-json\/wp\/v2\/pages\/1789"}],"wp:attachment":[{"href":"https:\/\/tuto.provacy.com\/en\/wp-json\/wp\/v2\/media?parent=1806"}],"curies":[{"name":"wp","href":"https:\/\/api.w.org\/{rel}","templated":true}]}}