{"id":1921,"date":"2024-02-27T07:05:07","date_gmt":"2024-02-27T06:05:07","guid":{"rendered":"https:\/\/tuto.provacy.com\/?page_id=1921"},"modified":"2024-03-15T22:26:13","modified_gmt":"2024-03-15T21:26:13","slug":"processing-provacy","status":"publish","type":"page","link":"https:\/\/tuto.provacy.com\/en\/tchatch\/processing-provacy\/","title":{"rendered":"Provacy side ?"},"content":{"rendered":"<div class=\"wp-block-group top-nav is-nowrap is-layout-flex wp-container-core-group-layout-1 wp-block-group-is-layout-flex\">\n\n<\/div>\n\n\n\n<h2 class=\"wp-block-heading\"><img loading=\"lazy\" decoding=\"async\" width=\"108\" height=\"99\" class=\"wp-image-1794\" style=\"width: 108px\" src=\"https:\/\/tuto.provacy.com\/wp-content\/uploads\/sites\/4\/2024\/02\/proc.png\" alt=\"\" srcset=\"https:\/\/tuto.provacy.com\/wp-content\/uploads\/sites\/4\/2024\/02\/proc.png 108w, https:\/\/tuto.provacy.com\/wp-content\/uploads\/sites\/4\/2024\/02\/proc-13x12.png 13w\" sizes=\"(max-width: 108px) 100vw, 108px\" \/><img loading=\"lazy\" decoding=\"async\" width=\"111\" height=\"107\" class=\"wp-image-1795\" style=\"width: 111px\" src=\"https:\/\/tuto.provacy.com\/wp-content\/uploads\/sites\/4\/2024\/02\/dbn.png\" alt=\"\" srcset=\"https:\/\/tuto.provacy.com\/wp-content\/uploads\/sites\/4\/2024\/02\/dbn.png 111w, https:\/\/tuto.provacy.com\/wp-content\/uploads\/sites\/4\/2024\/02\/dbn-12x12.png 12w\" sizes=\"(max-width: 111px) 100vw, 111px\" \/>Provacy side...<\/h2>\n\n\n\n<div class=\"wp-block-group is-nowrap is-layout-flex wp-container-core-group-layout-2 wp-block-group-is-layout-flex\">\n<figure class=\"wp-block-image size-large\"><img decoding=\"async\" src=\"https:\/\/tuto.provacy.com\/wp-content\/uploads\/sites\/4\/2023\/08\/2b829a50-0340-423a-a532-659c1e84ae81.png\" alt=\"\" \/><\/figure>\n<\/div>\n\n\n\n<p>The answers are integrated into the standard fields, allowing for example the creation of a data table and the selection of security measures<\/p>\n\n\n\n<div class=\"wp-block-group is-nowrap is-layout-flex wp-container-core-group-layout-5 wp-block-group-is-layout-flex\">\n<div class=\"wp-block-group is-vertical is-layout-flex wp-container-core-group-layout-3 wp-block-group-is-layout-flex\">\n<p><img loading=\"lazy\" decoding=\"async\" width=\"108\" height=\"99\" class=\"wp-image-1794\" style=\"width: 50px\" src=\"https:\/\/tuto.provacy.com\/wp-content\/uploads\/sites\/4\/2024\/02\/proc.png\" alt=\"\" srcset=\"https:\/\/tuto.provacy.com\/wp-content\/uploads\/sites\/4\/2024\/02\/proc.png 108w, https:\/\/tuto.provacy.com\/wp-content\/uploads\/sites\/4\/2024\/02\/proc-13x12.png 13w\" sizes=\"(max-width: 108px) 100vw, 108px\" \/>Tab <img loading=\"lazy\" decoding=\"async\" width=\"144\" height=\"42\" class=\"wp-image-2012\" style=\"width: 120px\" src=\"https:\/\/tuto.provacy.com\/wp-content\/uploads\/sites\/4\/2024\/03\/onglet_data.png\" alt=\"\" srcset=\"https:\/\/tuto.provacy.com\/wp-content\/uploads\/sites\/4\/2024\/03\/onglet_data.png 102w, https:\/\/tuto.provacy.com\/wp-content\/uploads\/sites\/4\/2024\/03\/onglet_data-18x7.png 18w\" sizes=\"(max-width: 144px) 100vw, 144px\" \/><\/p>\n\n\n\n<figure data-wp-context=\"{ &quot;core&quot;:\t\t\t\t{ &quot;image&quot;:\t\t\t\t\t{   &quot;imageLoaded&quot;: false,\t\t\t\t\t\t&quot;initialized&quot;: false,\t\t\t\t\t\t&quot;lightboxEnabled&quot;: false,\t\t\t\t\t\t&quot;hideAnimationEnabled&quot;: false,\t\t\t\t\t\t&quot;preloadInitialized&quot;: false,\t\t\t\t\t\t&quot;lightboxAnimation&quot;: &quot;zoom&quot;,\t\t\t\t\t\t&quot;imageUploadedSrc&quot;: &quot;https:\/\/tuto.provacy.com\/wp-content\/uploads\/sites\/4\/2024\/03\/screenshot-test-c9993.provacy4.eu-2024.03.04-08_19_56.png&quot;,\t\t\t\t\t\t&quot;imageCurrentSrc&quot;: &quot;&quot;,\t\t\t\t\t\t&quot;targetWidth&quot;: &quot;1423&quot;,\t\t\t\t\t\t&quot;targetHeight&quot;: &quot;793&quot;,\t\t\t\t\t\t&quot;scaleAttr&quot;: &quot;cover&quot;,\t\t\t\t\t\t&quot;dialogLabel&quot;: &quot;Enlarged image&quot;\t\t\t\t\t}\t\t\t\t}\t\t\t}\" data-wp-interactive class=\"wp-block-image size-large wp-lightbox-container\"><img loading=\"lazy\" decoding=\"async\" width=\"1024\" height=\"571\" data-wp-effect--setstylesonresize=\"effects.core.image.setStylesOnResize\" data-wp-effect=\"effects.core.image.setButtonStyles\" data-wp-init=\"effects.core.image.initOriginImage\" data-wp-on--click=\"actions.core.image.showLightbox\" data-wp-on--load=\"actions.core.image.handleLoad\" src=\"https:\/\/tuto.provacy.com\/wp-content\/uploads\/sites\/4\/2024\/03\/screenshot-test-c9993.provacy4.eu-2024.03.04-08_19_56-1024x571.png\" alt=\"\" class=\"wp-image-2010\" style=\"object-fit:cover\" srcset=\"https:\/\/tuto.provacy.com\/wp-content\/uploads\/sites\/4\/2024\/03\/screenshot-test-c9993.provacy4.eu-2024.03.04-08_19_56-1024x571.png 1024w, https:\/\/tuto.provacy.com\/wp-content\/uploads\/sites\/4\/2024\/03\/screenshot-test-c9993.provacy4.eu-2024.03.04-08_19_56-300x167.png 300w, https:\/\/tuto.provacy.com\/wp-content\/uploads\/sites\/4\/2024\/03\/screenshot-test-c9993.provacy4.eu-2024.03.04-08_19_56-768x428.png 768w, https:\/\/tuto.provacy.com\/wp-content\/uploads\/sites\/4\/2024\/03\/screenshot-test-c9993.provacy4.eu-2024.03.04-08_19_56-18x10.png 18w, https:\/\/tuto.provacy.com\/wp-content\/uploads\/sites\/4\/2024\/03\/screenshot-test-c9993.provacy4.eu-2024.03.04-08_19_56.png 1423w\" sizes=\"(max-width: 1024px) 100vw, 1024px\" \/><button\n\t\t\tclass=\"lightbox-trigger\"\n\t\t\ttype=\"button\"\n\t\t\taria-haspopup=\"dialog\"\n\t\t\taria-label=\"Enlarge image\"\n\t\t\tdata-wp-on--click=\"actions.core.image.showLightbox\"\n\t\t\tdata-wp-style--right=\"context.core.image.imageButtonRight\"\n\t\t\tdata-wp-style--top=\"context.core.image.imageButtonTop\"\n\t\t>\n\t\t\t<svg xmlns=\"http:\/\/www.w3.org\/2000\/svg\" width=\"12\" height=\"12\" fill=\"none\" viewbox=\"0 0 12 12\">\n\t\t\t\t<path fill=\"#fff\" d=\"M2 0a2 2 0 0 0-2 2v2h1.5V2a.5.5 0 0 1 .5-.5h2V0H2Zm2 10.5H2a.5.5 0 0 1-.5-.5V8H0v2a2 2 0 0 0 2 2h2v-1.5ZM8 12v-1.5h2a.5.5 0 0 0 .5-.5V8H12v2a2 2 0 0 1-2 2H8Zm2-12a2 2 0 0 1 2 2v2h-1.5V2a.5.5 0 0 0-.5-.5H8V0h2Z\" \/>\n\t\t\t<\/svg>\n\t\t<\/button>        <div data-wp-body=\"\" class=\"wp-lightbox-overlay zoom\"\n            data-wp-bind--role=\"selectors.core.image.roleAttribute\"\n            data-wp-bind--aria-label=\"selectors.core.image.dialogLabel\"\n            data-wp-class--initialized=\"context.core.image.initialized\"\n            data-wp-class--active=\"context.core.image.lightboxEnabled\"\n            data-wp-class--hideanimationenabled=\"context.core.image.hideAnimationEnabled\"\n            data-wp-bind--aria-modal=\"selectors.core.image.ariaModal\"\n            data-wp-effect=\"effects.core.image.initLightbox\"\n            data-wp-on--keydown=\"actions.core.image.handleKeydown\"\n            data-wp-on--touchstart=\"actions.core.image.handleTouchStart\"\n            data-wp-on--touchmove=\"actions.core.image.handleTouchMove\"\n            data-wp-on--touchend=\"actions.core.image.handleTouchEnd\"\n            data-wp-on--click=\"actions.core.image.hideLightbox\"\n            tabindex=\"-1\"\n            >\n                <button type=\"button\" aria-label=\"Close\" style=\"fill: #000\" class=\"close-button\" data-wp-on--click=\"actions.core.image.hideLightbox\">\n                    <svg xmlns=\"http:\/\/www.w3.org\/2000\/svg\" viewbox=\"0 0 24 24\" width=\"20\" height=\"20\" aria-hidden=\"true\" focusable=\"false\"><path d=\"M13 11.8l6.1-6.3-1-1-6.1 6.2-6.1-6.2-1 1 6.1 6.3-6.5 6.7 1 1 6.5-6.6 6.5 6.6 1-1z\"><\/path><\/svg>\n                <\/button>\n                <div class=\"lightbox-image-container\">\n<figure class=\"wp-block-image size-large responsive-image\"><img decoding=\"async\" data-wp-bind--src=\"context.core.image.imageCurrentSrc\" data-wp-style--object-fit=\"selectors.core.image.lightboxObjectFit\" src=\"\" alt=\"\" class=\"wp-image-2010\" style=\"object-fit:cover\" \/><\/figure>\n<\/div>\n                <div class=\"lightbox-image-container\">\n<figure class=\"wp-block-image size-large enlarged-image\"><img decoding=\"async\" data-wp-bind--src=\"selectors.core.image.enlargedImgSrc\" data-wp-style--object-fit=\"selectors.core.image.lightboxObjectFit\" src=\"\" alt=\"\" class=\"wp-image-2010\" style=\"object-fit:cover\" \/><\/figure>\n<\/div>\n                <div class=\"scrim\" style=\"background-color: #fff\" aria-hidden=\"true\"><\/div>\n        <\/div><\/figure>\n<\/div>\n\n\n\n<div class=\"wp-block-group is-vertical is-layout-flex wp-container-core-group-layout-4 wp-block-group-is-layout-flex\">\n<p><img loading=\"lazy\" decoding=\"async\" width=\"108\" height=\"99\" class=\"wp-image-1794\" style=\"width: 50px\" src=\"https:\/\/tuto.provacy.com\/wp-content\/uploads\/sites\/4\/2024\/02\/proc.png\" alt=\"\" srcset=\"https:\/\/tuto.provacy.com\/wp-content\/uploads\/sites\/4\/2024\/02\/proc.png 108w, https:\/\/tuto.provacy.com\/wp-content\/uploads\/sites\/4\/2024\/02\/proc-13x12.png 13w\" sizes=\"(max-width: 108px) 100vw, 108px\" \/>Tab <img loading=\"lazy\" decoding=\"async\" width=\"168\" height=\"56\" class=\"wp-image-1993\" style=\"width: 120px\" src=\"https:\/\/tuto.provacy.com\/wp-content\/uploads\/sites\/4\/2024\/03\/onglet_measures.png\" alt=\"\" srcset=\"https:\/\/tuto.provacy.com\/wp-content\/uploads\/sites\/4\/2024\/03\/onglet_measures.png 156w, https:\/\/tuto.provacy.com\/wp-content\/uploads\/sites\/4\/2024\/03\/onglet_measures-18x6.png 18w\" sizes=\"(max-width: 168px) 100vw, 168px\" \/><\/p>\n\n\n\n<figure data-wp-context=\"{ &quot;core&quot;:\t\t\t\t{ &quot;image&quot;:\t\t\t\t\t{   &quot;imageLoaded&quot;: false,\t\t\t\t\t\t&quot;initialized&quot;: false,\t\t\t\t\t\t&quot;lightboxEnabled&quot;: false,\t\t\t\t\t\t&quot;hideAnimationEnabled&quot;: false,\t\t\t\t\t\t&quot;preloadInitialized&quot;: false,\t\t\t\t\t\t&quot;lightboxAnimation&quot;: &quot;zoom&quot;,\t\t\t\t\t\t&quot;imageUploadedSrc&quot;: &quot;https:\/\/tuto.provacy.com\/wp-content\/uploads\/sites\/4\/2024\/03\/screenshot-test-c9993.provacy4.eu-2024.03.04-08_20_49.png&quot;,\t\t\t\t\t\t&quot;imageCurrentSrc&quot;: &quot;&quot;,\t\t\t\t\t\t&quot;targetWidth&quot;: &quot;1429&quot;,\t\t\t\t\t\t&quot;targetHeight&quot;: &quot;782&quot;,\t\t\t\t\t\t&quot;scaleAttr&quot;: &quot;&quot;,\t\t\t\t\t\t&quot;dialogLabel&quot;: &quot;Enlarged image&quot;\t\t\t\t\t}\t\t\t\t}\t\t\t}\" data-wp-interactive class=\"wp-block-image size-large wp-lightbox-container\"><img loading=\"lazy\" decoding=\"async\" width=\"1024\" height=\"560\" data-wp-effect--setstylesonresize=\"effects.core.image.setStylesOnResize\" data-wp-effect=\"effects.core.image.setButtonStyles\" data-wp-init=\"effects.core.image.initOriginImage\" data-wp-on--click=\"actions.core.image.showLightbox\" data-wp-on--load=\"actions.core.image.handleLoad\" src=\"https:\/\/tuto.provacy.com\/wp-content\/uploads\/sites\/4\/2024\/03\/screenshot-test-c9993.provacy4.eu-2024.03.04-08_20_49-1024x560.png\" alt=\"\" class=\"wp-image-2011\" srcset=\"https:\/\/tuto.provacy.com\/wp-content\/uploads\/sites\/4\/2024\/03\/screenshot-test-c9993.provacy4.eu-2024.03.04-08_20_49-1024x560.png 1024w, https:\/\/tuto.provacy.com\/wp-content\/uploads\/sites\/4\/2024\/03\/screenshot-test-c9993.provacy4.eu-2024.03.04-08_20_49-300x164.png 300w, https:\/\/tuto.provacy.com\/wp-content\/uploads\/sites\/4\/2024\/03\/screenshot-test-c9993.provacy4.eu-2024.03.04-08_20_49-768x420.png 768w, https:\/\/tuto.provacy.com\/wp-content\/uploads\/sites\/4\/2024\/03\/screenshot-test-c9993.provacy4.eu-2024.03.04-08_20_49-18x10.png 18w, https:\/\/tuto.provacy.com\/wp-content\/uploads\/sites\/4\/2024\/03\/screenshot-test-c9993.provacy4.eu-2024.03.04-08_20_49.png 1429w\" sizes=\"(max-width: 1024px) 100vw, 1024px\" \/><button\n\t\t\tclass=\"lightbox-trigger\"\n\t\t\ttype=\"button\"\n\t\t\taria-haspopup=\"dialog\"\n\t\t\taria-label=\"Enlarge image\"\n\t\t\tdata-wp-on--click=\"actions.core.image.showLightbox\"\n\t\t\tdata-wp-style--right=\"context.core.image.imageButtonRight\"\n\t\t\tdata-wp-style--top=\"context.core.image.imageButtonTop\"\n\t\t>\n\t\t\t<svg xmlns=\"http:\/\/www.w3.org\/2000\/svg\" width=\"12\" height=\"12\" fill=\"none\" viewbox=\"0 0 12 12\">\n\t\t\t\t<path fill=\"#fff\" d=\"M2 0a2 2 0 0 0-2 2v2h1.5V2a.5.5 0 0 1 .5-.5h2V0H2Zm2 10.5H2a.5.5 0 0 1-.5-.5V8H0v2a2 2 0 0 0 2 2h2v-1.5ZM8 12v-1.5h2a.5.5 0 0 0 .5-.5V8H12v2a2 2 0 0 1-2 2H8Zm2-12a2 2 0 0 1 2 2v2h-1.5V2a.5.5 0 0 0-.5-.5H8V0h2Z\" \/>\n\t\t\t<\/svg>\n\t\t<\/button>        <div data-wp-body=\"\" class=\"wp-lightbox-overlay zoom\"\n            data-wp-bind--role=\"selectors.core.image.roleAttribute\"\n            data-wp-bind--aria-label=\"selectors.core.image.dialogLabel\"\n            data-wp-class--initialized=\"context.core.image.initialized\"\n            data-wp-class--active=\"context.core.image.lightboxEnabled\"\n            data-wp-class--hideanimationenabled=\"context.core.image.hideAnimationEnabled\"\n            data-wp-bind--aria-modal=\"selectors.core.image.ariaModal\"\n            data-wp-effect=\"effects.core.image.initLightbox\"\n            data-wp-on--keydown=\"actions.core.image.handleKeydown\"\n            data-wp-on--touchstart=\"actions.core.image.handleTouchStart\"\n            data-wp-on--touchmove=\"actions.core.image.handleTouchMove\"\n            data-wp-on--touchend=\"actions.core.image.handleTouchEnd\"\n            data-wp-on--click=\"actions.core.image.hideLightbox\"\n            tabindex=\"-1\"\n            >\n                <button type=\"button\" aria-label=\"Close\" style=\"fill: #000\" class=\"close-button\" data-wp-on--click=\"actions.core.image.hideLightbox\">\n                    <svg xmlns=\"http:\/\/www.w3.org\/2000\/svg\" viewbox=\"0 0 24 24\" width=\"20\" height=\"20\" aria-hidden=\"true\" focusable=\"false\"><path d=\"M13 11.8l6.1-6.3-1-1-6.1 6.2-6.1-6.2-1 1 6.1 6.3-6.5 6.7 1 1 6.5-6.6 6.5 6.6 1-1z\"><\/path><\/svg>\n                <\/button>\n                <div class=\"lightbox-image-container\">\n<figure class=\"wp-block-image size-large responsive-image\"><img decoding=\"async\" data-wp-bind--src=\"context.core.image.imageCurrentSrc\" data-wp-style--object-fit=\"selectors.core.image.lightboxObjectFit\" src=\"\" alt=\"\" class=\"wp-image-2011\" \/><\/figure>\n<\/div>\n                <div class=\"lightbox-image-container\">\n<figure class=\"wp-block-image size-large enlarged-image\"><img decoding=\"async\" data-wp-bind--src=\"selectors.core.image.enlargedImgSrc\" data-wp-style--object-fit=\"selectors.core.image.lightboxObjectFit\" src=\"\" alt=\"\" class=\"wp-image-2011\" \/><\/figure>\n<\/div>\n                <div class=\"scrim\" style=\"background-color: #fff\" aria-hidden=\"true\"><\/div>\n        <\/div><\/figure>\n<\/div>\n<\/div>\n\n\n\n<div class=\"wp-block-group is-nowrap is-layout-flex wp-container-core-group-layout-6 wp-block-group-is-layout-flex\">\n<figure class=\"wp-block-image size-large\"><img decoding=\"async\" src=\"https:\/\/tuto.provacy.com\/wp-content\/uploads\/sites\/4\/2023\/08\/da44b182-aa18-4a36-8931-0545bee200a4.png\" alt=\"\" \/><\/figure>\n<\/div>\n\n\n\n<div class=\"wp-block-group is-nowrap is-layout-flex wp-container-core-group-layout-7 wp-block-group-is-layout-flex\">\n<figure class=\"wp-block-image size-large\"><img decoding=\"async\" src=\"https:\/\/tuto.provacy.com\/wp-content\/uploads\/sites\/4\/2023\/08\/7d885d63-797a-43fc-bd44-fe0b869644b9.png\" alt=\"\" \/><\/figure>\n<\/div>\n\n\n\n<div class=\"wp-block-columns bottom-nav is-layout-flex wp-container-core-columns-layout-1 wp-block-columns-is-layout-flex\">\n<div class=\"wp-block-column is-layout-flow wp-block-column-is-layout-flow\" style=\"flex-basis:25%\"><\/div>\n\n\n\n<div class=\"wp-block-column is-layout-flow wp-block-column-is-layout-flow\" style=\"flex-basis:50%\"><\/div>\n\n\n\n<div class=\"wp-block-column is-layout-flow wp-block-column-is-layout-flow\" style=\"flex-basis:25%\"><\/div>\n<\/div>\n\n\n\n<span class=\"sidebar-toggle hidden\" title=\"Show\/Hide side menu\"><i class=\"fal fa-table-layout\"><\/i><\/span>\n<script src=\"\/wp-includes\/js\/provacy\/js.cookie.min.js\"><\/script>\n<script>\nvar shown = true, $ = jQuery, b = $('body'), t = $('.sidebar-toggle'), c = Cookies.get('sidebar');\nif (c) {\n  shown = c == 1;\n}\nb.addClass('sidebar-' + (shown ? 'shown' : 'hidden'));\nif (shown) {\n  t.find('i').toggleClass('fa-table-layout fa-window-maximize');\n}\nt.on('click', function() {\n  shown = !shown;\n  t.find('i').toggleClass('fa-table-layout fa-window-maximize');\n  b.toggleClass('sidebar-shown sidebar-hidden');\n  Cookies.set('sidebar', shown ? 1 : 0, { expires: 30 });\n});\n\n$('figure.wp-lightbox-container').on('click', function(e) {\n  var img = $(e.target).parents('figure:first').find('img:first'), src = img.attr('src'), enlarged = $('figure.enlarged-image img.' + img.attr('class'));\n  if (enlarged.length && src != enlarged.attr('src')) {\n    let count = 0;\n    function incr() {\n      count++;\n      if (src != enlarged.attr('src'))\n        enlarged.attr('src', src);\n      if (count >= 10) {\n        clearInterval(intervalId);\n      }\n    }\n    const intervalId = setInterval(incr, 100);\n  }\n\n  \/\/console.log('lightbox clicked', e, this);\n});\n\n<\/script>","protected":false},"excerpt":{"rendered":"<p>C\u00f4t\u00e9 Provacy... Les r\u00e9ponses sont int\u00e9gr\u00e9es dans les champs standard, permettant par exemple la cr\u00e9ation d'un tableau de donn\u00e9es et la s\u00e9lection des mesures de s\u00e9curit\u00e9 Onglet Onglet<\/p>","protected":false},"author":2,"featured_media":0,"parent":1789,"menu_order":107,"comment_status":"closed","ping_status":"closed","template":"","meta":{"site-sidebar-layout":"default","site-content-layout":"","ast-site-content-layout":"default","site-content-style":"default","site-sidebar-style":"default","ast-global-header-display":"","ast-banner-title-visibility":"","ast-main-header-display":"","ast-hfb-above-header-display":"","ast-hfb-below-header-display":"","ast-hfb-mobile-header-display":"","site-post-title":"","ast-breadcrumbs-content":"","ast-featured-img":"","footer-sml-layout":"","theme-transparent-header-meta":"","adv-header-id-meta":"","stick-header-meta":"","header-above-stick-meta":"","header-main-stick-meta":"","header-below-stick-meta":"","astra-migrate-meta-layouts":"set","footnotes":""},"yoast_head":"<!-- This site is optimized with the Yoast SEO plugin v23.3 - https:\/\/yoast.com\/wordpress\/plugins\/seo\/ -->\n<title>C\u00f4t\u00e9 Provacy ? - Guide utilisateur<\/title>\n<meta name=\"robots\" content=\"noindex, follow, max-snippet:-1, max-image-preview:large, max-video-preview:-1\" \/>\n<meta property=\"og:locale\" content=\"en_GB\" \/>\n<meta property=\"og:type\" content=\"article\" \/>\n<meta property=\"og:title\" content=\"C\u00f4t\u00e9 Provacy ? - Guide utilisateur\" \/>\n<meta property=\"og:description\" content=\"C\u00f4t\u00e9 Provacy... Les r\u00e9ponses sont int\u00e9gr\u00e9es dans les champs standard, permettant par exemple la cr\u00e9ation d&#039;un tableau de donn\u00e9es et la s\u00e9lection des mesures de s\u00e9curit\u00e9 Onglet Onglet\" \/>\n<meta property=\"og:url\" content=\"https:\/\/tuto.provacy.com\/en\/tchatch\/processing-provacy\/\" \/>\n<meta property=\"og:site_name\" content=\"Guide utilisateur\" \/>\n<meta property=\"article:modified_time\" content=\"2024-03-15T21:26:13+00:00\" \/>\n<meta property=\"og:image\" content=\"https:\/\/tuto.provacy.com\/wp-content\/uploads\/sites\/4\/2024\/02\/proc.png\" \/>\n<meta name=\"twitter:card\" content=\"summary_large_image\" \/>\n<script type=\"application\/ld+json\" class=\"yoast-schema-graph\">{\"@context\":\"https:\/\/schema.org\",\"@graph\":[{\"@type\":\"WebPage\",\"@id\":\"https:\/\/tuto.provacy.com\/tchatch\/processing-provacy\/\",\"url\":\"https:\/\/tuto.provacy.com\/tchatch\/processing-provacy\/\",\"name\":\"C\u00f4t\u00e9 Provacy ? - Guide utilisateur\",\"isPartOf\":{\"@id\":\"https:\/\/tuto.provacy.com\/#website\"},\"primaryImageOfPage\":{\"@id\":\"https:\/\/tuto.provacy.com\/tchatch\/processing-provacy\/#primaryimage\"},\"image\":{\"@id\":\"https:\/\/tuto.provacy.com\/tchatch\/processing-provacy\/#primaryimage\"},\"thumbnailUrl\":\"https:\/\/tuto.provacy.com\/wp-content\/uploads\/sites\/4\/2024\/02\/proc.png\",\"datePublished\":\"2024-02-27T06:05:07+00:00\",\"dateModified\":\"2024-03-15T21:26:13+00:00\",\"breadcrumb\":{\"@id\":\"https:\/\/tuto.provacy.com\/tchatch\/processing-provacy\/#breadcrumb\"},\"inLanguage\":\"en-GB\",\"potentialAction\":[{\"@type\":\"ReadAction\",\"target\":[\"https:\/\/tuto.provacy.com\/tchatch\/processing-provacy\/\"]}]},{\"@type\":\"ImageObject\",\"inLanguage\":\"en-GB\",\"@id\":\"https:\/\/tuto.provacy.com\/tchatch\/processing-provacy\/#primaryimage\",\"url\":\"https:\/\/tuto.provacy.com\/wp-content\/uploads\/sites\/4\/2024\/02\/proc.png\",\"contentUrl\":\"https:\/\/tuto.provacy.com\/wp-content\/uploads\/sites\/4\/2024\/02\/proc.png\"},{\"@type\":\"BreadcrumbList\",\"@id\":\"https:\/\/tuto.provacy.com\/tchatch\/processing-provacy\/#breadcrumb\",\"itemListElement\":[{\"@type\":\"ListItem\",\"position\":1,\"name\":\"Accueil\",\"item\":\"https:\/\/tuto.provacy.com\/\"},{\"@type\":\"ListItem\",\"position\":2,\"name\":\"Tchatch\",\"item\":\"https:\/\/tuto.provacy.com\/tchatch\/\"},{\"@type\":\"ListItem\",\"position\":3,\"name\":\"C\u00f4t\u00e9 Provacy ?\"}]},{\"@type\":\"WebSite\",\"@id\":\"https:\/\/tuto.provacy.com\/#website\",\"url\":\"https:\/\/tuto.provacy.com\/\",\"name\":\"Guide utilisateur\",\"description\":\"\",\"publisher\":{\"@id\":\"https:\/\/tuto.provacy.com\/#organization\"},\"potentialAction\":[{\"@type\":\"SearchAction\",\"target\":{\"@type\":\"EntryPoint\",\"urlTemplate\":\"https:\/\/tuto.provacy.com\/?s={search_term_string}\"},\"query-input\":\"required name=search_term_string\"}],\"inLanguage\":\"en-GB\"},{\"@type\":\"Organization\",\"@id\":\"https:\/\/tuto.provacy.com\/#organization\",\"name\":\"Guide utilisateur\",\"url\":\"https:\/\/tuto.provacy.com\/\",\"logo\":{\"@type\":\"ImageObject\",\"inLanguage\":\"en-GB\",\"@id\":\"https:\/\/tuto.provacy.com\/#\/schema\/logo\/image\/\",\"url\":\"https:\/\/tuto.provacy.com\/wp-content\/uploads\/sites\/4\/2023\/10\/cropped-power-logo-white-slogan.png\",\"contentUrl\":\"https:\/\/tuto.provacy.com\/wp-content\/uploads\/sites\/4\/2023\/10\/cropped-power-logo-white-slogan.png\",\"width\":1231,\"height\":272,\"caption\":\"Guide utilisateur\"},\"image\":{\"@id\":\"https:\/\/tuto.provacy.com\/#\/schema\/logo\/image\/\"}}]}<\/script>\n<!-- \/ Yoast SEO plugin. -->","yoast_head_json":{"title":"C\u00f4t\u00e9 Provacy ? - Guide utilisateur","robots":{"index":"noindex","follow":"follow","max-snippet":"max-snippet:-1","max-image-preview":"max-image-preview:large","max-video-preview":"max-video-preview:-1"},"og_locale":"en_GB","og_type":"article","og_title":"C\u00f4t\u00e9 Provacy ? - Guide utilisateur","og_description":"C\u00f4t\u00e9 Provacy... Les r\u00e9ponses sont int\u00e9gr\u00e9es dans les champs standard, permettant par exemple la cr\u00e9ation d'un tableau de donn\u00e9es et la s\u00e9lection des mesures de s\u00e9curit\u00e9 Onglet Onglet","og_url":"https:\/\/tuto.provacy.com\/en\/tchatch\/processing-provacy\/","og_site_name":"Guide utilisateur","article_modified_time":"2024-03-15T21:26:13+00:00","og_image":[{"url":"https:\/\/tuto.provacy.com\/wp-content\/uploads\/sites\/4\/2024\/02\/proc.png"}],"twitter_card":"summary_large_image","schema":{"@context":"https:\/\/schema.org","@graph":[{"@type":"WebPage","@id":"https:\/\/tuto.provacy.com\/tchatch\/processing-provacy\/","url":"https:\/\/tuto.provacy.com\/tchatch\/processing-provacy\/","name":"C\u00f4t\u00e9 Provacy ? - Guide utilisateur","isPartOf":{"@id":"https:\/\/tuto.provacy.com\/#website"},"primaryImageOfPage":{"@id":"https:\/\/tuto.provacy.com\/tchatch\/processing-provacy\/#primaryimage"},"image":{"@id":"https:\/\/tuto.provacy.com\/tchatch\/processing-provacy\/#primaryimage"},"thumbnailUrl":"https:\/\/tuto.provacy.com\/wp-content\/uploads\/sites\/4\/2024\/02\/proc.png","datePublished":"2024-02-27T06:05:07+00:00","dateModified":"2024-03-15T21:26:13+00:00","breadcrumb":{"@id":"https:\/\/tuto.provacy.com\/tchatch\/processing-provacy\/#breadcrumb"},"inLanguage":"en-GB","potentialAction":[{"@type":"ReadAction","target":["https:\/\/tuto.provacy.com\/tchatch\/processing-provacy\/"]}]},{"@type":"ImageObject","inLanguage":"en-GB","@id":"https:\/\/tuto.provacy.com\/tchatch\/processing-provacy\/#primaryimage","url":"https:\/\/tuto.provacy.com\/wp-content\/uploads\/sites\/4\/2024\/02\/proc.png","contentUrl":"https:\/\/tuto.provacy.com\/wp-content\/uploads\/sites\/4\/2024\/02\/proc.png"},{"@type":"BreadcrumbList","@id":"https:\/\/tuto.provacy.com\/tchatch\/processing-provacy\/#breadcrumb","itemListElement":[{"@type":"ListItem","position":1,"name":"Accueil","item":"https:\/\/tuto.provacy.com\/"},{"@type":"ListItem","position":2,"name":"Tchatch","item":"https:\/\/tuto.provacy.com\/tchatch\/"},{"@type":"ListItem","position":3,"name":"C\u00f4t\u00e9 Provacy ?"}]},{"@type":"WebSite","@id":"https:\/\/tuto.provacy.com\/#website","url":"https:\/\/tuto.provacy.com\/","name":"Guide utilisateur","description":"","publisher":{"@id":"https:\/\/tuto.provacy.com\/#organization"},"potentialAction":[{"@type":"SearchAction","target":{"@type":"EntryPoint","urlTemplate":"https:\/\/tuto.provacy.com\/?s={search_term_string}"},"query-input":"required name=search_term_string"}],"inLanguage":"en-GB"},{"@type":"Organization","@id":"https:\/\/tuto.provacy.com\/#organization","name":"Guide utilisateur","url":"https:\/\/tuto.provacy.com\/","logo":{"@type":"ImageObject","inLanguage":"en-GB","@id":"https:\/\/tuto.provacy.com\/#\/schema\/logo\/image\/","url":"https:\/\/tuto.provacy.com\/wp-content\/uploads\/sites\/4\/2023\/10\/cropped-power-logo-white-slogan.png","contentUrl":"https:\/\/tuto.provacy.com\/wp-content\/uploads\/sites\/4\/2023\/10\/cropped-power-logo-white-slogan.png","width":1231,"height":272,"caption":"Guide utilisateur"},"image":{"@id":"https:\/\/tuto.provacy.com\/#\/schema\/logo\/image\/"}}]}},"_links":{"self":[{"href":"https:\/\/tuto.provacy.com\/en\/wp-json\/wp\/v2\/pages\/1921"}],"collection":[{"href":"https:\/\/tuto.provacy.com\/en\/wp-json\/wp\/v2\/pages"}],"about":[{"href":"https:\/\/tuto.provacy.com\/en\/wp-json\/wp\/v2\/types\/page"}],"author":[{"embeddable":true,"href":"https:\/\/tuto.provacy.com\/en\/wp-json\/wp\/v2\/users\/2"}],"replies":[{"embeddable":true,"href":"https:\/\/tuto.provacy.com\/en\/wp-json\/wp\/v2\/comments?post=1921"}],"version-history":[{"count":10,"href":"https:\/\/tuto.provacy.com\/en\/wp-json\/wp\/v2\/pages\/1921\/revisions"}],"predecessor-version":[{"id":2110,"href":"https:\/\/tuto.provacy.com\/en\/wp-json\/wp\/v2\/pages\/1921\/revisions\/2110"}],"up":[{"embeddable":true,"href":"https:\/\/tuto.provacy.com\/en\/wp-json\/wp\/v2\/pages\/1789"}],"wp:attachment":[{"href":"https:\/\/tuto.provacy.com\/en\/wp-json\/wp\/v2\/media?parent=1921"}],"curies":[{"name":"wp","href":"https:\/\/api.w.org\/{rel}","templated":true}]}}