{"id":1995,"date":"2024-03-03T12:01:21","date_gmt":"2024-03-03T11:01:21","guid":{"rendered":"https:\/\/tuto.provacy.com\/?page_id=1995"},"modified":"2024-03-15T22:27:06","modified_gmt":"2024-03-15T21:27:06","slug":"actualisation","status":"publish","type":"page","link":"https:\/\/tuto.provacy.com\/en\/tchatch\/actualisation\/","title":{"rendered":"Updating"},"content":{"rendered":"<div class=\"wp-block-group top-nav is-nowrap is-layout-flex wp-container-core-group-layout-1 wp-block-group-is-layout-flex\">\n\n<\/div>\n\n\n\n<h2 class=\"wp-block-heading\">Survey update<\/h2>\n\n\n\n<p class=\"has-medium-font-size\">Subcontractors are evolving in their compliance. To allow them to update their answers, simply invite them again by clicking on <img loading=\"lazy\" decoding=\"async\" width=\"147\" height=\"47\" class=\"wp-image-1996\" style=\"width: 147px\" src=\"https:\/\/tuto.provacy.com\/wp-content\/uploads\/sites\/4\/2024\/03\/bouton_contact.png\" alt=\"\" srcset=\"https:\/\/tuto.provacy.com\/wp-content\/uploads\/sites\/4\/2024\/03\/bouton_contact.png 196w, https:\/\/tuto.provacy.com\/wp-content\/uploads\/sites\/4\/2024\/03\/bouton_contact-18x6.png 18w\" sizes=\"(max-width: 147px) 100vw, 147px\" \/><\/p>\n\n\n\n<p class=\"has-medium-font-size\">The subcontractor does not start with a blank questionnaire: his last answers are kept. All he has to do is add his modifications.<\/p>\n\n\n\n<div class=\"wp-block-group is-nowrap is-layout-flex wp-container-core-group-layout-2 wp-block-group-is-layout-flex\">\n<figure class=\"wp-block-image size-large\"><img loading=\"lazy\" decoding=\"async\" width=\"1024\" height=\"578\" src=\"https:\/\/tuto.provacy.com\/wp-content\/uploads\/sites\/4\/2024\/03\/Capture-decran-de-2024-03-07-11-52-23.png\" alt=\"\" class=\"wp-image-1998\" srcset=\"https:\/\/tuto.provacy.com\/wp-content\/uploads\/sites\/4\/2024\/03\/Capture-decran-de-2024-03-07-11-52-23.png 1083w, https:\/\/tuto.provacy.com\/wp-content\/uploads\/sites\/4\/2024\/03\/Capture-decran-de-2024-03-07-11-52-23-300x168.png 300w, https:\/\/tuto.provacy.com\/wp-content\/uploads\/sites\/4\/2024\/03\/Capture-decran-de-2024-03-07-11-52-23-1024x574.png 1024w, https:\/\/tuto.provacy.com\/wp-content\/uploads\/sites\/4\/2024\/03\/Capture-decran-de-2024-03-07-11-52-23-768x430.png 768w, https:\/\/tuto.provacy.com\/wp-content\/uploads\/sites\/4\/2024\/03\/Capture-decran-de-2024-03-07-11-52-23-18x10.png 18w\" sizes=\"(max-width: 1024px) 100vw, 1024px\" \/><\/figure>\n<\/div>\n\n\n\n<div class=\"wp-block-columns bottom-nav is-layout-flex wp-container-core-columns-layout-1 wp-block-columns-is-layout-flex\">\n<div class=\"wp-block-column is-layout-flow wp-block-column-is-layout-flow\" style=\"flex-basis:25%\"><\/div>\n\n\n\n<div class=\"wp-block-column is-layout-flow wp-block-column-is-layout-flow\" style=\"flex-basis:50%\"><\/div>\n\n\n\n<div class=\"wp-block-column is-layout-flow wp-block-column-is-layout-flow\" style=\"flex-basis:25%\"><\/div>\n<\/div>\n\n\n\n<span class=\"sidebar-toggle hidden\" title=\"Show\/Hide side menu\"><i class=\"fal fa-table-layout\"><\/i><\/span>\n<script src=\"\/wp-includes\/js\/provacy\/js.cookie.min.js\"><\/script>\n<script>\nvar shown = true, $ = jQuery, b = $('body'), t = $('.sidebar-toggle'), c = Cookies.get('sidebar');\nif (c) {\n  shown = c == 1;\n}\nb.addClass('sidebar-' + (shown ? 'shown' : 'hidden'));\nif (shown) {\n  t.find('i').toggleClass('fa-table-layout fa-window-maximize');\n}\nt.on('click', function() {\n  shown = !shown;\n  t.find('i').toggleClass('fa-table-layout fa-window-maximize');\n  b.toggleClass('sidebar-shown sidebar-hidden');\n  Cookies.set('sidebar', shown ? 1 : 0, { expires: 30 });\n});\n\n$('figure.wp-lightbox-container').on('click', function(e) {\n  var img = $(e.target).parents('figure:first').find('img:first'), src = img.attr('src'), enlarged = $('figure.enlarged-image img.' + img.attr('class'));\n  if (enlarged.length && src != enlarged.attr('src')) {\n    let count = 0;\n    function incr() {\n      count++;\n      if (src != enlarged.attr('src'))\n        enlarged.attr('src', src);\n      if (count >= 10) {\n        clearInterval(intervalId);\n      }\n    }\n    const intervalId = setInterval(incr, 100);\n  }\n\n  \/\/console.log('lightbox clicked', e, this);\n});\n\n<\/script>","protected":false},"excerpt":{"rendered":"<p>Actualisation de l'enqu\u00eate Les sous-traitants \u00e9voluent dans leur conformit\u00e9. Pour leur permettre d'actualiser leurs r\u00e9ponses, il suffira de les inviter \u00e0 nouveau en cliquant sur Le sous-traitants ne repart pas d'un questionnaire vierge : ses derni\u00e8res r\u00e9ponses sont conserv\u00e9es. Il ne lui reste qu'\u00e0 ajouter ses modifications.<\/p>","protected":false},"author":2,"featured_media":0,"parent":1789,"menu_order":111,"comment_status":"closed","ping_status":"closed","template":"","meta":{"site-sidebar-layout":"default","site-content-layout":"","ast-site-content-layout":"default","site-content-style":"default","site-sidebar-style":"default","ast-global-header-display":"","ast-banner-title-visibility":"","ast-main-header-display":"","ast-hfb-above-header-display":"","ast-hfb-below-header-display":"","ast-hfb-mobile-header-display":"","site-post-title":"","ast-breadcrumbs-content":"","ast-featured-img":"","footer-sml-layout":"","theme-transparent-header-meta":"","adv-header-id-meta":"","stick-header-meta":"","header-above-stick-meta":"","header-main-stick-meta":"","header-below-stick-meta":"","astra-migrate-meta-layouts":"set","footnotes":""},"yoast_head":"<!-- This site is optimized with the Yoast SEO plugin v23.3 - https:\/\/yoast.com\/wordpress\/plugins\/seo\/ -->\n<title>Actualisation - Guide utilisateur<\/title>\n<meta name=\"robots\" content=\"noindex, follow, max-snippet:-1, max-image-preview:large, max-video-preview:-1\" \/>\n<meta property=\"og:locale\" content=\"en_GB\" \/>\n<meta property=\"og:type\" content=\"article\" \/>\n<meta property=\"og:title\" content=\"Actualisation - Guide utilisateur\" \/>\n<meta property=\"og:description\" content=\"Actualisation de l&#039;enqu\u00eate Les sous-traitants \u00e9voluent dans leur conformit\u00e9. Pour leur permettre d&#039;actualiser leurs r\u00e9ponses, il suffira de les inviter \u00e0 nouveau en cliquant sur Le sous-traitants ne repart pas d&#039;un questionnaire vierge : ses derni\u00e8res r\u00e9ponses sont conserv\u00e9es. Il ne lui reste qu&#039;\u00e0 ajouter ses modifications.\" \/>\n<meta property=\"og:url\" content=\"https:\/\/tuto.provacy.com\/en\/tchatch\/actualisation\/\" \/>\n<meta property=\"og:site_name\" content=\"Guide utilisateur\" \/>\n<meta property=\"article:modified_time\" content=\"2024-03-15T21:27:06+00:00\" \/>\n<meta property=\"og:image\" content=\"https:\/\/tuto.provacy.com\/wp-content\/uploads\/sites\/4\/2024\/03\/contacter.png\" \/>\n<meta name=\"twitter:card\" content=\"summary_large_image\" \/>\n<script type=\"application\/ld+json\" class=\"yoast-schema-graph\">{\"@context\":\"https:\/\/schema.org\",\"@graph\":[{\"@type\":\"WebPage\",\"@id\":\"https:\/\/tuto.provacy.com\/tchatch\/actualisation\/\",\"url\":\"https:\/\/tuto.provacy.com\/tchatch\/actualisation\/\",\"name\":\"Actualisation - Guide utilisateur\",\"isPartOf\":{\"@id\":\"https:\/\/tuto.provacy.com\/#website\"},\"primaryImageOfPage\":{\"@id\":\"https:\/\/tuto.provacy.com\/tchatch\/actualisation\/#primaryimage\"},\"image\":{\"@id\":\"https:\/\/tuto.provacy.com\/tchatch\/actualisation\/#primaryimage\"},\"thumbnailUrl\":\"https:\/\/tuto.provacy.com\/wp-content\/uploads\/sites\/4\/2024\/03\/contacter.png\",\"datePublished\":\"2024-03-03T11:01:21+00:00\",\"dateModified\":\"2024-03-15T21:27:06+00:00\",\"breadcrumb\":{\"@id\":\"https:\/\/tuto.provacy.com\/tchatch\/actualisation\/#breadcrumb\"},\"inLanguage\":\"en-GB\",\"potentialAction\":[{\"@type\":\"ReadAction\",\"target\":[\"https:\/\/tuto.provacy.com\/tchatch\/actualisation\/\"]}]},{\"@type\":\"ImageObject\",\"inLanguage\":\"en-GB\",\"@id\":\"https:\/\/tuto.provacy.com\/tchatch\/actualisation\/#primaryimage\",\"url\":\"https:\/\/tuto.provacy.com\/wp-content\/uploads\/sites\/4\/2024\/03\/contacter.png\",\"contentUrl\":\"https:\/\/tuto.provacy.com\/wp-content\/uploads\/sites\/4\/2024\/03\/contacter.png\"},{\"@type\":\"BreadcrumbList\",\"@id\":\"https:\/\/tuto.provacy.com\/tchatch\/actualisation\/#breadcrumb\",\"itemListElement\":[{\"@type\":\"ListItem\",\"position\":1,\"name\":\"Accueil\",\"item\":\"https:\/\/tuto.provacy.com\/\"},{\"@type\":\"ListItem\",\"position\":2,\"name\":\"Tchatch\",\"item\":\"https:\/\/tuto.provacy.com\/tchatch\/\"},{\"@type\":\"ListItem\",\"position\":3,\"name\":\"Actualisation\"}]},{\"@type\":\"WebSite\",\"@id\":\"https:\/\/tuto.provacy.com\/#website\",\"url\":\"https:\/\/tuto.provacy.com\/\",\"name\":\"Guide utilisateur\",\"description\":\"\",\"publisher\":{\"@id\":\"https:\/\/tuto.provacy.com\/#organization\"},\"potentialAction\":[{\"@type\":\"SearchAction\",\"target\":{\"@type\":\"EntryPoint\",\"urlTemplate\":\"https:\/\/tuto.provacy.com\/?s={search_term_string}\"},\"query-input\":\"required name=search_term_string\"}],\"inLanguage\":\"en-GB\"},{\"@type\":\"Organization\",\"@id\":\"https:\/\/tuto.provacy.com\/#organization\",\"name\":\"Guide utilisateur\",\"url\":\"https:\/\/tuto.provacy.com\/\",\"logo\":{\"@type\":\"ImageObject\",\"inLanguage\":\"en-GB\",\"@id\":\"https:\/\/tuto.provacy.com\/#\/schema\/logo\/image\/\",\"url\":\"https:\/\/tuto.provacy.com\/wp-content\/uploads\/sites\/4\/2023\/10\/cropped-power-logo-white-slogan.png\",\"contentUrl\":\"https:\/\/tuto.provacy.com\/wp-content\/uploads\/sites\/4\/2023\/10\/cropped-power-logo-white-slogan.png\",\"width\":1231,\"height\":272,\"caption\":\"Guide utilisateur\"},\"image\":{\"@id\":\"https:\/\/tuto.provacy.com\/#\/schema\/logo\/image\/\"}}]}<\/script>\n<!-- \/ Yoast SEO plugin. -->","yoast_head_json":{"title":"Actualisation - Guide utilisateur","robots":{"index":"noindex","follow":"follow","max-snippet":"max-snippet:-1","max-image-preview":"max-image-preview:large","max-video-preview":"max-video-preview:-1"},"og_locale":"en_GB","og_type":"article","og_title":"Actualisation - Guide utilisateur","og_description":"Actualisation de l'enqu\u00eate Les sous-traitants \u00e9voluent dans leur conformit\u00e9. Pour leur permettre d'actualiser leurs r\u00e9ponses, il suffira de les inviter \u00e0 nouveau en cliquant sur Le sous-traitants ne repart pas d'un questionnaire vierge : ses derni\u00e8res r\u00e9ponses sont conserv\u00e9es. Il ne lui reste qu'\u00e0 ajouter ses modifications.","og_url":"https:\/\/tuto.provacy.com\/en\/tchatch\/actualisation\/","og_site_name":"Guide utilisateur","article_modified_time":"2024-03-15T21:27:06+00:00","og_image":[{"url":"https:\/\/tuto.provacy.com\/wp-content\/uploads\/sites\/4\/2024\/03\/contacter.png"}],"twitter_card":"summary_large_image","schema":{"@context":"https:\/\/schema.org","@graph":[{"@type":"WebPage","@id":"https:\/\/tuto.provacy.com\/tchatch\/actualisation\/","url":"https:\/\/tuto.provacy.com\/tchatch\/actualisation\/","name":"Actualisation - Guide utilisateur","isPartOf":{"@id":"https:\/\/tuto.provacy.com\/#website"},"primaryImageOfPage":{"@id":"https:\/\/tuto.provacy.com\/tchatch\/actualisation\/#primaryimage"},"image":{"@id":"https:\/\/tuto.provacy.com\/tchatch\/actualisation\/#primaryimage"},"thumbnailUrl":"https:\/\/tuto.provacy.com\/wp-content\/uploads\/sites\/4\/2024\/03\/contacter.png","datePublished":"2024-03-03T11:01:21+00:00","dateModified":"2024-03-15T21:27:06+00:00","breadcrumb":{"@id":"https:\/\/tuto.provacy.com\/tchatch\/actualisation\/#breadcrumb"},"inLanguage":"en-GB","potentialAction":[{"@type":"ReadAction","target":["https:\/\/tuto.provacy.com\/tchatch\/actualisation\/"]}]},{"@type":"ImageObject","inLanguage":"en-GB","@id":"https:\/\/tuto.provacy.com\/tchatch\/actualisation\/#primaryimage","url":"https:\/\/tuto.provacy.com\/wp-content\/uploads\/sites\/4\/2024\/03\/contacter.png","contentUrl":"https:\/\/tuto.provacy.com\/wp-content\/uploads\/sites\/4\/2024\/03\/contacter.png"},{"@type":"BreadcrumbList","@id":"https:\/\/tuto.provacy.com\/tchatch\/actualisation\/#breadcrumb","itemListElement":[{"@type":"ListItem","position":1,"name":"Accueil","item":"https:\/\/tuto.provacy.com\/"},{"@type":"ListItem","position":2,"name":"Tchatch","item":"https:\/\/tuto.provacy.com\/tchatch\/"},{"@type":"ListItem","position":3,"name":"Actualisation"}]},{"@type":"WebSite","@id":"https:\/\/tuto.provacy.com\/#website","url":"https:\/\/tuto.provacy.com\/","name":"Guide utilisateur","description":"","publisher":{"@id":"https:\/\/tuto.provacy.com\/#organization"},"potentialAction":[{"@type":"SearchAction","target":{"@type":"EntryPoint","urlTemplate":"https:\/\/tuto.provacy.com\/?s={search_term_string}"},"query-input":"required name=search_term_string"}],"inLanguage":"en-GB"},{"@type":"Organization","@id":"https:\/\/tuto.provacy.com\/#organization","name":"Guide utilisateur","url":"https:\/\/tuto.provacy.com\/","logo":{"@type":"ImageObject","inLanguage":"en-GB","@id":"https:\/\/tuto.provacy.com\/#\/schema\/logo\/image\/","url":"https:\/\/tuto.provacy.com\/wp-content\/uploads\/sites\/4\/2023\/10\/cropped-power-logo-white-slogan.png","contentUrl":"https:\/\/tuto.provacy.com\/wp-content\/uploads\/sites\/4\/2023\/10\/cropped-power-logo-white-slogan.png","width":1231,"height":272,"caption":"Guide utilisateur"},"image":{"@id":"https:\/\/tuto.provacy.com\/#\/schema\/logo\/image\/"}}]}},"_links":{"self":[{"href":"https:\/\/tuto.provacy.com\/en\/wp-json\/wp\/v2\/pages\/1995"}],"collection":[{"href":"https:\/\/tuto.provacy.com\/en\/wp-json\/wp\/v2\/pages"}],"about":[{"href":"https:\/\/tuto.provacy.com\/en\/wp-json\/wp\/v2\/types\/page"}],"author":[{"embeddable":true,"href":"https:\/\/tuto.provacy.com\/en\/wp-json\/wp\/v2\/users\/2"}],"replies":[{"embeddable":true,"href":"https:\/\/tuto.provacy.com\/en\/wp-json\/wp\/v2\/comments?post=1995"}],"version-history":[{"count":3,"href":"https:\/\/tuto.provacy.com\/en\/wp-json\/wp\/v2\/pages\/1995\/revisions"}],"predecessor-version":[{"id":2207,"href":"https:\/\/tuto.provacy.com\/en\/wp-json\/wp\/v2\/pages\/1995\/revisions\/2207"}],"up":[{"embeddable":true,"href":"https:\/\/tuto.provacy.com\/en\/wp-json\/wp\/v2\/pages\/1789"}],"wp:attachment":[{"href":"https:\/\/tuto.provacy.com\/en\/wp-json\/wp\/v2\/media?parent=1995"}],"curies":[{"name":"wp","href":"https:\/\/api.w.org\/{rel}","templated":true}]}}