{"id":2235,"date":"2024-03-22T18:12:23","date_gmt":"2024-03-22T17:12:23","guid":{"rendered":"https:\/\/tuto.provacy.com\/?page_id=2235"},"modified":"2026-05-13T17:21:41","modified_gmt":"2026-05-13T15:21:41","slug":"scope","status":"publish","type":"page","link":"https:\/\/tuto.provacy.com\/en\/list\/scope\/","title":{"rendered":"4. Scope"},"content":{"rendered":"<div class=\"wp-block-group top-nav is-nowrap is-layout-flex wp-container-core-group-layout-1 wp-block-group-is-layout-flex\">\n\n<\/div>\n\n\n\n<h2 class=\"wp-block-heading\">Select the organisational scope<\/h2>\n\n\n\n<p>In the Provacy application, a user can only act on forms within their organisational scope, meaning the entity and\/or unit to which they are assigned.<\/p>\n\n\n\n<p>By default, only forms within this scope are displayed.<\/p>\n\n\n\n<p>In the standard configuration, users can also view published forms from other scopes. However, this option may be disabled on certain instances.<\/p>\n\n\n\n<p class=\"translation-block\">The <strong>Scopes<\/strong> commands allow you to manage the display of forms according to the required scope:<\/p>\n\n\n\n<div class=\"wp-block-group is-content-justification-center is-nowrap is-layout-flex wp-container-core-group-layout-2 wp-block-group-is-layout-flex\">\n<figure class=\"wp-block-image size-large is-resized\"><img loading=\"lazy\" decoding=\"async\" width=\"1024\" height=\"467\" src=\"https:\/\/tuto.provacy.com\/wp-content\/uploads\/sites\/4\/2026\/05\/LIST-Page-1-16.png\" alt=\"\" class=\"wp-image-4758\" style=\"width:700px\" srcset=\"https:\/\/tuto.provacy.com\/wp-content\/uploads\/sites\/4\/2026\/05\/LIST-Page-1-16.png 2169w, https:\/\/tuto.provacy.com\/wp-content\/uploads\/sites\/4\/2026\/05\/LIST-Page-1-16-300x127.png 300w, https:\/\/tuto.provacy.com\/wp-content\/uploads\/sites\/4\/2026\/05\/LIST-Page-1-16-1024x432.png 1024w, https:\/\/tuto.provacy.com\/wp-content\/uploads\/sites\/4\/2026\/05\/LIST-Page-1-16-768x324.png 768w, https:\/\/tuto.provacy.com\/wp-content\/uploads\/sites\/4\/2026\/05\/LIST-Page-1-16-1536x648.png 1536w, https:\/\/tuto.provacy.com\/wp-content\/uploads\/sites\/4\/2026\/05\/LIST-Page-1-16-2048x864.png 2048w, https:\/\/tuto.provacy.com\/wp-content\/uploads\/sites\/4\/2026\/05\/LIST-Page-1-16-18x8.png 18w\" sizes=\"(max-width: 1024px) 100vw, 1024px\" \/><\/figure>\n<\/div>\n\n\n\n<div class=\"wp-block-group is-content-justification-center is-nowrap is-layout-flex wp-container-core-group-layout-3 wp-block-group-is-layout-flex\">\n<figure class=\"wp-block-image size-large\"><img loading=\"lazy\" decoding=\"async\" width=\"1024\" height=\"499\" src=\"https:\/\/tuto.provacy.com\/wp-content\/uploads\/sites\/4\/2026\/05\/LIST-Page-1-15.png\" alt=\"\" class=\"wp-image-4759\" srcset=\"https:\/\/tuto.provacy.com\/wp-content\/uploads\/sites\/4\/2026\/05\/LIST-Page-1-15.png 1875w, https:\/\/tuto.provacy.com\/wp-content\/uploads\/sites\/4\/2026\/05\/LIST-Page-1-15-300x146.png 300w, https:\/\/tuto.provacy.com\/wp-content\/uploads\/sites\/4\/2026\/05\/LIST-Page-1-15-1024x499.png 1024w, https:\/\/tuto.provacy.com\/wp-content\/uploads\/sites\/4\/2026\/05\/LIST-Page-1-15-768x374.png 768w, https:\/\/tuto.provacy.com\/wp-content\/uploads\/sites\/4\/2026\/05\/LIST-Page-1-15-1536x748.png 1536w, https:\/\/tuto.provacy.com\/wp-content\/uploads\/sites\/4\/2026\/05\/LIST-Page-1-15-18x9.png 18w\" sizes=\"(max-width: 1024px) 100vw, 1024px\" \/><\/figure>\n<\/div>\n\n\n\n<div class=\"wp-block-columns bottom-nav is-layout-flex wp-container-core-columns-layout-1 wp-block-columns-is-layout-flex\">\n<div class=\"wp-block-column is-layout-flow wp-block-column-is-layout-flow\" style=\"flex-basis:25%\"><\/div>\n\n\n\n<div class=\"wp-block-column is-layout-flow wp-block-column-is-layout-flow\" style=\"flex-basis:50%\"><\/div>\n\n\n\n<div class=\"wp-block-column is-layout-flow wp-block-column-is-layout-flow\" style=\"flex-basis:25%\"><\/div>\n<\/div>\n\n\n\n<span class=\"sidebar-toggle hidden\" title=\"Show\/Hide side menu\"><i class=\"fal fa-table-layout\"><\/i><\/span>\n<script src=\"\/wp-includes\/js\/provacy\/js.cookie.min.js\"><\/script>\n<script>\nvar shown = true, $ = jQuery, b = $('body'), t = $('.sidebar-toggle'), c = Cookies.get('sidebar');\nif (c) {\n  shown = c == 1;\n}\nb.addClass('sidebar-' + (shown ? 'shown' : 'hidden'));\nif (shown) {\n  t.find('i').toggleClass('fa-table-layout fa-window-maximize');\n}\nt.on('click', function() {\n  shown = !shown;\n  t.find('i').toggleClass('fa-table-layout fa-window-maximize');\n  b.toggleClass('sidebar-shown sidebar-hidden');\n  Cookies.set('sidebar', shown ? 1 : 0, { expires: 30 });\n});\n\n$('figure.wp-lightbox-container').on('click', function(e) {\n  var img = $(e.target).parents('figure:first').find('img:first'), src = img.attr('src'), enlarged = $('figure.enlarged-image img.' + img.attr('class'));\n  if (enlarged.length && src != enlarged.attr('src')) {\n    let count = 0;\n    function incr() {\n      count++;\n      if (src != enlarged.attr('src'))\n        enlarged.attr('src', src);\n      if (count >= 10) {\n        clearInterval(intervalId);\n      }\n    }\n    const intervalId = setInterval(incr, 100);\n  }\n\n  \/\/console.log('lightbox clicked', e, this);\n});\n\n<\/script>","protected":false},"excerpt":{"rendered":"<p>S\u00e9lectionner le p\u00e9rim\u00e8tre organisationnel Dans l\u2019application Provacy, un utilisateur ne peut agir que sur les fiches relevant de son p\u00e9rim\u00e8tre organisationnel, c\u2019est-\u00e0-dire de l\u2019entit\u00e9 et\/ou de l\u2019unit\u00e9 auxquelles il est rattach\u00e9. Par d\u00e9faut, seules les fiches de ce p\u00e9rim\u00e8tre sont affich\u00e9es. En configuration standard, les utilisateurs peuvent \u00e9galement consulter les fiches publi\u00e9es des autres p\u00e9rim\u00e8tres. &hellip;<\/p>\n<p class=\"read-more\"> <a class=\"\" href=\"https:\/\/tuto.provacy.com\/en\/list\/scope\/\"> <span class=\"screen-reader-text\">4. Scope<\/span> Read More &raquo;<\/a><\/p>","protected":false},"author":2,"featured_media":0,"parent":1903,"menu_order":17,"comment_status":"closed","ping_status":"closed","template":"","meta":{"site-sidebar-layout":"default","site-content-layout":"","ast-site-content-layout":"default","site-content-style":"default","site-sidebar-style":"default","ast-global-header-display":"","ast-banner-title-visibility":"","ast-main-header-display":"","ast-hfb-above-header-display":"","ast-hfb-below-header-display":"","ast-hfb-mobile-header-display":"","site-post-title":"","ast-breadcrumbs-content":"","ast-featured-img":"","footer-sml-layout":"","theme-transparent-header-meta":"","adv-header-id-meta":"","stick-header-meta":"","header-above-stick-meta":"","header-main-stick-meta":"","header-below-stick-meta":"","astra-migrate-meta-layouts":"set","footnotes":""},"yoast_head":"<!-- This site is optimized with the Yoast SEO plugin v23.3 - https:\/\/yoast.com\/wordpress\/plugins\/seo\/ -->\n<title>4. P\u00e9rim\u00e8tre - Guide utilisateur<\/title>\n<meta name=\"robots\" content=\"noindex, follow, max-snippet:-1, max-image-preview:large, max-video-preview:-1\" \/>\n<meta property=\"og:locale\" content=\"en_GB\" \/>\n<meta property=\"og:type\" content=\"article\" \/>\n<meta property=\"og:title\" content=\"4. P\u00e9rim\u00e8tre - Guide utilisateur\" \/>\n<meta property=\"og:description\" content=\"S\u00e9lectionner le p\u00e9rim\u00e8tre organisationnel Dans l\u2019application Provacy, un utilisateur ne peut agir que sur les fiches relevant de son p\u00e9rim\u00e8tre organisationnel, c\u2019est-\u00e0-dire de l\u2019entit\u00e9 et\/ou de l\u2019unit\u00e9 auxquelles il est rattach\u00e9. Par d\u00e9faut, seules les fiches de ce p\u00e9rim\u00e8tre sont affich\u00e9es. En configuration standard, les utilisateurs peuvent \u00e9galement consulter les fiches publi\u00e9es des autres p\u00e9rim\u00e8tres. &hellip; 4. P\u00e9rim\u00e8tre Read More &raquo;\" \/>\n<meta property=\"og:url\" content=\"https:\/\/tuto.provacy.com\/en\/list\/scope\/\" \/>\n<meta property=\"og:site_name\" content=\"Guide utilisateur\" \/>\n<meta property=\"article:modified_time\" content=\"2026-05-13T15:21:41+00:00\" \/>\n<meta property=\"og:image\" content=\"https:\/\/tuto.provacy.com\/wp-content\/uploads\/sites\/4\/2026\/05\/LIST-Page-1-10-1024x467.png\" \/>\n<meta name=\"twitter:card\" content=\"summary_large_image\" \/>\n<meta name=\"twitter:label1\" content=\"Estimated reading time\" \/>\n\t<meta name=\"twitter:data1\" content=\"1 minute\" \/>\n<script type=\"application\/ld+json\" class=\"yoast-schema-graph\">{\"@context\":\"https:\/\/schema.org\",\"@graph\":[{\"@type\":\"WebPage\",\"@id\":\"https:\/\/tuto.provacy.com\/list\/scope\/\",\"url\":\"https:\/\/tuto.provacy.com\/list\/scope\/\",\"name\":\"4. P\u00e9rim\u00e8tre - Guide utilisateur\",\"isPartOf\":{\"@id\":\"https:\/\/tuto.provacy.com\/#website\"},\"primaryImageOfPage\":{\"@id\":\"https:\/\/tuto.provacy.com\/list\/scope\/#primaryimage\"},\"image\":{\"@id\":\"https:\/\/tuto.provacy.com\/list\/scope\/#primaryimage\"},\"thumbnailUrl\":\"https:\/\/tuto.provacy.com\/wp-content\/uploads\/sites\/4\/2026\/05\/LIST-Page-1-10-1024x467.png\",\"datePublished\":\"2024-03-22T17:12:23+00:00\",\"dateModified\":\"2026-05-13T15:21:41+00:00\",\"breadcrumb\":{\"@id\":\"https:\/\/tuto.provacy.com\/list\/scope\/#breadcrumb\"},\"inLanguage\":\"en-GB\",\"potentialAction\":[{\"@type\":\"ReadAction\",\"target\":[\"https:\/\/tuto.provacy.com\/list\/scope\/\"]}]},{\"@type\":\"ImageObject\",\"inLanguage\":\"en-GB\",\"@id\":\"https:\/\/tuto.provacy.com\/list\/scope\/#primaryimage\",\"url\":\"https:\/\/tuto.provacy.com\/wp-content\/uploads\/sites\/4\/2026\/05\/LIST-Page-1-10-1024x467.png\",\"contentUrl\":\"https:\/\/tuto.provacy.com\/wp-content\/uploads\/sites\/4\/2026\/05\/LIST-Page-1-10-1024x467.png\"},{\"@type\":\"BreadcrumbList\",\"@id\":\"https:\/\/tuto.provacy.com\/list\/scope\/#breadcrumb\",\"itemListElement\":[{\"@type\":\"ListItem\",\"position\":1,\"name\":\"Accueil\",\"item\":\"https:\/\/tuto.provacy.com\/\"},{\"@type\":\"ListItem\",\"position\":2,\"name\":\"Listes\",\"item\":\"https:\/\/tuto.provacy.com\/list\/\"},{\"@type\":\"ListItem\",\"position\":3,\"name\":\"4. P\u00e9rim\u00e8tre\"}]},{\"@type\":\"WebSite\",\"@id\":\"https:\/\/tuto.provacy.com\/#website\",\"url\":\"https:\/\/tuto.provacy.com\/\",\"name\":\"Guide utilisateur\",\"description\":\"\",\"publisher\":{\"@id\":\"https:\/\/tuto.provacy.com\/#organization\"},\"potentialAction\":[{\"@type\":\"SearchAction\",\"target\":{\"@type\":\"EntryPoint\",\"urlTemplate\":\"https:\/\/tuto.provacy.com\/?s={search_term_string}\"},\"query-input\":\"required name=search_term_string\"}],\"inLanguage\":\"en-GB\"},{\"@type\":\"Organization\",\"@id\":\"https:\/\/tuto.provacy.com\/#organization\",\"name\":\"Guide utilisateur\",\"url\":\"https:\/\/tuto.provacy.com\/\",\"logo\":{\"@type\":\"ImageObject\",\"inLanguage\":\"en-GB\",\"@id\":\"https:\/\/tuto.provacy.com\/#\/schema\/logo\/image\/\",\"url\":\"https:\/\/tuto.provacy.com\/wp-content\/uploads\/sites\/4\/2023\/10\/cropped-power-logo-white-slogan.png\",\"contentUrl\":\"https:\/\/tuto.provacy.com\/wp-content\/uploads\/sites\/4\/2023\/10\/cropped-power-logo-white-slogan.png\",\"width\":1231,\"height\":272,\"caption\":\"Guide utilisateur\"},\"image\":{\"@id\":\"https:\/\/tuto.provacy.com\/#\/schema\/logo\/image\/\"}}]}<\/script>\n<!-- \/ Yoast SEO plugin. -->","yoast_head_json":{"title":"4. P\u00e9rim\u00e8tre - Guide utilisateur","robots":{"index":"noindex","follow":"follow","max-snippet":"max-snippet:-1","max-image-preview":"max-image-preview:large","max-video-preview":"max-video-preview:-1"},"og_locale":"en_GB","og_type":"article","og_title":"4. P\u00e9rim\u00e8tre - Guide utilisateur","og_description":"S\u00e9lectionner le p\u00e9rim\u00e8tre organisationnel Dans l\u2019application Provacy, un utilisateur ne peut agir que sur les fiches relevant de son p\u00e9rim\u00e8tre organisationnel, c\u2019est-\u00e0-dire de l\u2019entit\u00e9 et\/ou de l\u2019unit\u00e9 auxquelles il est rattach\u00e9. Par d\u00e9faut, seules les fiches de ce p\u00e9rim\u00e8tre sont affich\u00e9es. En configuration standard, les utilisateurs peuvent \u00e9galement consulter les fiches publi\u00e9es des autres p\u00e9rim\u00e8tres. &hellip; 4. P\u00e9rim\u00e8tre Read More &raquo;","og_url":"https:\/\/tuto.provacy.com\/en\/list\/scope\/","og_site_name":"Guide utilisateur","article_modified_time":"2026-05-13T15:21:41+00:00","og_image":[{"url":"https:\/\/tuto.provacy.com\/wp-content\/uploads\/sites\/4\/2026\/05\/LIST-Page-1-10-1024x467.png"}],"twitter_card":"summary_large_image","twitter_misc":{"Estimated reading time":"1 minute"},"schema":{"@context":"https:\/\/schema.org","@graph":[{"@type":"WebPage","@id":"https:\/\/tuto.provacy.com\/list\/scope\/","url":"https:\/\/tuto.provacy.com\/list\/scope\/","name":"4. P\u00e9rim\u00e8tre - Guide utilisateur","isPartOf":{"@id":"https:\/\/tuto.provacy.com\/#website"},"primaryImageOfPage":{"@id":"https:\/\/tuto.provacy.com\/list\/scope\/#primaryimage"},"image":{"@id":"https:\/\/tuto.provacy.com\/list\/scope\/#primaryimage"},"thumbnailUrl":"https:\/\/tuto.provacy.com\/wp-content\/uploads\/sites\/4\/2026\/05\/LIST-Page-1-10-1024x467.png","datePublished":"2024-03-22T17:12:23+00:00","dateModified":"2026-05-13T15:21:41+00:00","breadcrumb":{"@id":"https:\/\/tuto.provacy.com\/list\/scope\/#breadcrumb"},"inLanguage":"en-GB","potentialAction":[{"@type":"ReadAction","target":["https:\/\/tuto.provacy.com\/list\/scope\/"]}]},{"@type":"ImageObject","inLanguage":"en-GB","@id":"https:\/\/tuto.provacy.com\/list\/scope\/#primaryimage","url":"https:\/\/tuto.provacy.com\/wp-content\/uploads\/sites\/4\/2026\/05\/LIST-Page-1-10-1024x467.png","contentUrl":"https:\/\/tuto.provacy.com\/wp-content\/uploads\/sites\/4\/2026\/05\/LIST-Page-1-10-1024x467.png"},{"@type":"BreadcrumbList","@id":"https:\/\/tuto.provacy.com\/list\/scope\/#breadcrumb","itemListElement":[{"@type":"ListItem","position":1,"name":"Accueil","item":"https:\/\/tuto.provacy.com\/"},{"@type":"ListItem","position":2,"name":"Listes","item":"https:\/\/tuto.provacy.com\/list\/"},{"@type":"ListItem","position":3,"name":"4. P\u00e9rim\u00e8tre"}]},{"@type":"WebSite","@id":"https:\/\/tuto.provacy.com\/#website","url":"https:\/\/tuto.provacy.com\/","name":"Guide utilisateur","description":"","publisher":{"@id":"https:\/\/tuto.provacy.com\/#organization"},"potentialAction":[{"@type":"SearchAction","target":{"@type":"EntryPoint","urlTemplate":"https:\/\/tuto.provacy.com\/?s={search_term_string}"},"query-input":"required name=search_term_string"}],"inLanguage":"en-GB"},{"@type":"Organization","@id":"https:\/\/tuto.provacy.com\/#organization","name":"Guide utilisateur","url":"https:\/\/tuto.provacy.com\/","logo":{"@type":"ImageObject","inLanguage":"en-GB","@id":"https:\/\/tuto.provacy.com\/#\/schema\/logo\/image\/","url":"https:\/\/tuto.provacy.com\/wp-content\/uploads\/sites\/4\/2023\/10\/cropped-power-logo-white-slogan.png","contentUrl":"https:\/\/tuto.provacy.com\/wp-content\/uploads\/sites\/4\/2023\/10\/cropped-power-logo-white-slogan.png","width":1231,"height":272,"caption":"Guide utilisateur"},"image":{"@id":"https:\/\/tuto.provacy.com\/#\/schema\/logo\/image\/"}}]}},"_links":{"self":[{"href":"https:\/\/tuto.provacy.com\/en\/wp-json\/wp\/v2\/pages\/2235"}],"collection":[{"href":"https:\/\/tuto.provacy.com\/en\/wp-json\/wp\/v2\/pages"}],"about":[{"href":"https:\/\/tuto.provacy.com\/en\/wp-json\/wp\/v2\/types\/page"}],"author":[{"embeddable":true,"href":"https:\/\/tuto.provacy.com\/en\/wp-json\/wp\/v2\/users\/2"}],"replies":[{"embeddable":true,"href":"https:\/\/tuto.provacy.com\/en\/wp-json\/wp\/v2\/comments?post=2235"}],"version-history":[{"count":10,"href":"https:\/\/tuto.provacy.com\/en\/wp-json\/wp\/v2\/pages\/2235\/revisions"}],"predecessor-version":[{"id":4760,"href":"https:\/\/tuto.provacy.com\/en\/wp-json\/wp\/v2\/pages\/2235\/revisions\/4760"}],"up":[{"embeddable":true,"href":"https:\/\/tuto.provacy.com\/en\/wp-json\/wp\/v2\/pages\/1903"}],"wp:attachment":[{"href":"https:\/\/tuto.provacy.com\/en\/wp-json\/wp\/v2\/media?parent=2235"}],"curies":[{"name":"wp","href":"https:\/\/api.w.org\/{rel}","templated":true}]}}