{"id":2260,"date":"2024-03-22T18:22:26","date_gmt":"2024-03-22T17:22:26","guid":{"rendered":"https:\/\/tuto.provacy.com\/?page_id=2260"},"modified":"2024-03-24T13:21:40","modified_gmt":"2024-03-24T12:21:40","slug":"bookmarks","status":"publish","type":"page","link":"https:\/\/tuto.provacy.com\/en\/list\/bookmarks\/","title":{"rendered":"16. Manage grid dispositions"},"content":{"rendered":"<div class=\"wp-block-group top-nav is-nowrap is-layout-flex wp-container-core-group-layout-1 wp-block-group-is-layout-flex\">\n\n<\/div>\n\n\n\n<p class=\"has-medium-font-size\">Bookmark your favorite layouts. <img loading=\"lazy\" decoding=\"async\" width=\"102\" height=\"70\" class=\"wp-image-2336\" style=\"width: 50px\" src=\"https:\/\/tuto.provacy.com\/wp-content\/uploads\/sites\/4\/2024\/03\/scrnli_22_03_2024-07-35-11.png\" alt=\"\" srcset=\"https:\/\/tuto.provacy.com\/wp-content\/uploads\/sites\/4\/2024\/03\/scrnli_22_03_2024-07-35-11.png 102w, https:\/\/tuto.provacy.com\/wp-content\/uploads\/sites\/4\/2024\/03\/scrnli_22_03_2024-07-35-11-18x12.png 18w\" sizes=\"(max-width: 102px) 100vw, 102px\" \/><\/p>\n\n\n\n<p class=\"translation-block\">After selecting your columns, adjusting their <a href=\"#ajuster\" target=\"_self\">size*<\/a>, their <a href=\"#ordonner\" target=\"_self\">order**<\/a>, adding filters or sorts, you get an ideal layout (only  <a href=\"\/en\/list\/grouping\">groups<\/a> are not saved). This feature allows you to save it for future use.<\/p>\n\n\n\n<div class=\"wp-block-group is-nowrap is-layout-flex wp-container-core-group-layout-2 wp-block-group-is-layout-flex\">\n<figure class=\"wp-block-image size-large\"><img decoding=\"async\" src=\"https:\/\/tuto.provacy.com\/wp-content\/uploads\/sites\/4\/2023\/08\/0c960d1d-d69f-41e3-9fdb-0fd415769b2d.png\" alt=\"\" \/><\/figure>\n<\/div>\n\n\n\n<p class=\"has-medium-font-size\">Bookmark a new layout <img loading=\"lazy\" decoding=\"async\" width=\"102\" height=\"70\" class=\"wp-image-2336\" style=\"width: 50px\" src=\"https:\/\/tuto.provacy.com\/wp-content\/uploads\/sites\/4\/2024\/03\/scrnli_22_03_2024-07-35-11.png\" alt=\"\" srcset=\"https:\/\/tuto.provacy.com\/wp-content\/uploads\/sites\/4\/2024\/03\/scrnli_22_03_2024-07-35-11.png 102w, https:\/\/tuto.provacy.com\/wp-content\/uploads\/sites\/4\/2024\/03\/scrnli_22_03_2024-07-35-11-18x12.png 18w\" sizes=\"(max-width: 102px) 100vw, 102px\" \/><\/p>\n\n\n\n<p>You can preserve a default display layout by selecting it as Favorite<\/p>\n\n\n\n<div class=\"wp-block-group is-nowrap is-layout-flex wp-container-core-group-layout-3 wp-block-group-is-layout-flex\">\n<figure class=\"wp-block-image size-large\"><img decoding=\"async\" src=\"https:\/\/tuto.provacy.com\/wp-content\/uploads\/sites\/4\/2023\/08\/9b30ae4b-fa3b-4948-ae06-4e933aab65d4.png\" alt=\"\" \/><\/figure>\n<\/div>\n\n\n\n<p id=\"ajuster\">* To adjust the width of the columns, place the cursor between the column headers and then drag the cursor to the left or right (similar to Excel)<\/p>\n\n\n\n<p id=\"ordonner\">** To reorder the columns, click on the header and hold, then drag left or right to move the column where you want it.<\/p>\n\n\n\n<div class=\"wp-block-columns bottom-nav is-layout-flex wp-container-core-columns-layout-1 wp-block-columns-is-layout-flex\">\n<div class=\"wp-block-column is-layout-flow wp-block-column-is-layout-flow\" style=\"flex-basis:25%\"><\/div>\n\n\n\n<div class=\"wp-block-column is-layout-flow wp-block-column-is-layout-flow\" style=\"flex-basis:50%\"><\/div>\n\n\n\n<div class=\"wp-block-column is-layout-flow wp-block-column-is-layout-flow\" style=\"flex-basis:25%\"><\/div>\n<\/div>\n\n\n\n<span class=\"sidebar-toggle hidden\" title=\"Show\/Hide side menu\"><i class=\"fal fa-table-layout\"><\/i><\/span>\n<script src=\"\/wp-includes\/js\/provacy\/js.cookie.min.js\"><\/script>\n<script>\nvar shown = true, $ = jQuery, b = $('body'), t = $('.sidebar-toggle'), c = Cookies.get('sidebar');\nif (c) {\n  shown = c == 1;\n}\nb.addClass('sidebar-' + (shown ? 'shown' : 'hidden'));\nif (shown) {\n  t.find('i').toggleClass('fa-table-layout fa-window-maximize');\n}\nt.on('click', function() {\n  shown = !shown;\n  t.find('i').toggleClass('fa-table-layout fa-window-maximize');\n  b.toggleClass('sidebar-shown sidebar-hidden');\n  Cookies.set('sidebar', shown ? 1 : 0, { expires: 30 });\n});\n\n$('figure.wp-lightbox-container').on('click', function(e) {\n  var img = $(e.target).parents('figure:first').find('img:first'), src = img.attr('src'), enlarged = $('figure.enlarged-image img.' + img.attr('class'));\n  if (enlarged.length && src != enlarged.attr('src')) {\n    let count = 0;\n    function incr() {\n      count++;\n      if (src != enlarged.attr('src'))\n        enlarged.attr('src', src);\n      if (count >= 10) {\n        clearInterval(intervalId);\n      }\n    }\n    const intervalId = setInterval(incr, 100);\n  }\n\n  \/\/console.log('lightbox clicked', e, this);\n});\n\n<\/script>","protected":false},"excerpt":{"rendered":"<p>Sauvegardez vos dispositions favorites Apr\u00e8s avoir s\u00e9lectionn\u00e9 vos colonnes, modifi\u00e9 leur dimension*, leur ordre**, ajout\u00e9 des filtres ou des tris, vous obtenez une disposition id\u00e9ale (seuls les groupes ne sont pas m\u00e9moris\u00e9s). Cette fonction vous permet de la conserver pour une prochaine utilisation. Enregistrez une nouvelle disposition Vous conservez une disposition d'affichage par d\u00e9faut en &hellip;<\/p>\n<p class=\"read-more\"> <a class=\"\" href=\"https:\/\/tuto.provacy.com\/en\/list\/bookmarks\/\"> <span class=\"screen-reader-text\">16. Manage grid dispositions<\/span> Read More &raquo;<\/a><\/p>","protected":false},"author":2,"featured_media":0,"parent":1903,"menu_order":30,"comment_status":"closed","ping_status":"closed","template":"","meta":{"site-sidebar-layout":"default","site-content-layout":"","ast-site-content-layout":"default","site-content-style":"default","site-sidebar-style":"default","ast-global-header-display":"","ast-banner-title-visibility":"","ast-main-header-display":"","ast-hfb-above-header-display":"","ast-hfb-below-header-display":"","ast-hfb-mobile-header-display":"","site-post-title":"","ast-breadcrumbs-content":"","ast-featured-img":"","footer-sml-layout":"","theme-transparent-header-meta":"","adv-header-id-meta":"","stick-header-meta":"","header-above-stick-meta":"","header-main-stick-meta":"","header-below-stick-meta":"","astra-migrate-meta-layouts":"set","footnotes":""},"yoast_head":"<!-- This site is optimized with the Yoast SEO plugin v23.3 - https:\/\/yoast.com\/wordpress\/plugins\/seo\/ -->\n<title>16. G\u00e9rer les dispositions - Guide utilisateur<\/title>\n<meta name=\"robots\" content=\"noindex, follow, max-snippet:-1, max-image-preview:large, max-video-preview:-1\" \/>\n<meta property=\"og:locale\" content=\"en_GB\" \/>\n<meta property=\"og:type\" content=\"article\" \/>\n<meta property=\"og:title\" content=\"16. G\u00e9rer les dispositions - Guide utilisateur\" \/>\n<meta property=\"og:description\" content=\"Sauvegardez vos dispositions favorites Apr\u00e8s avoir s\u00e9lectionn\u00e9 vos colonnes, modifi\u00e9 leur dimension*, leur ordre**, ajout\u00e9 des filtres ou des tris, vous obtenez une disposition id\u00e9ale (seuls les groupes ne sont pas m\u00e9moris\u00e9s). Cette fonction vous permet de la conserver pour une prochaine utilisation. Enregistrez une nouvelle disposition Vous conservez une disposition d&#039;affichage par d\u00e9faut en &hellip; 16. G\u00e9rer les dispositions Read More &raquo;\" \/>\n<meta property=\"og:url\" content=\"https:\/\/tuto.provacy.com\/en\/list\/bookmarks\/\" \/>\n<meta property=\"og:site_name\" content=\"Guide utilisateur\" \/>\n<meta property=\"article:modified_time\" content=\"2024-03-24T12:21:40+00:00\" \/>\n<meta property=\"og:image\" content=\"https:\/\/tuto.provacy.com\/wp-content\/uploads\/sites\/4\/2024\/03\/scrnli_22_03_2024-07-35-11.png\" \/>\n<meta name=\"twitter:card\" content=\"summary_large_image\" \/>\n<meta name=\"twitter:label1\" content=\"Estimated reading time\" \/>\n\t<meta name=\"twitter:data1\" content=\"1 minute\" \/>\n<script type=\"application\/ld+json\" class=\"yoast-schema-graph\">{\"@context\":\"https:\/\/schema.org\",\"@graph\":[{\"@type\":\"WebPage\",\"@id\":\"https:\/\/tuto.provacy.com\/list\/bookmarks\/\",\"url\":\"https:\/\/tuto.provacy.com\/list\/bookmarks\/\",\"name\":\"16. G\u00e9rer les dispositions - Guide utilisateur\",\"isPartOf\":{\"@id\":\"https:\/\/tuto.provacy.com\/#website\"},\"primaryImageOfPage\":{\"@id\":\"https:\/\/tuto.provacy.com\/list\/bookmarks\/#primaryimage\"},\"image\":{\"@id\":\"https:\/\/tuto.provacy.com\/list\/bookmarks\/#primaryimage\"},\"thumbnailUrl\":\"https:\/\/tuto.provacy.com\/wp-content\/uploads\/sites\/4\/2024\/03\/scrnli_22_03_2024-07-35-11.png\",\"datePublished\":\"2024-03-22T17:22:26+00:00\",\"dateModified\":\"2024-03-24T12:21:40+00:00\",\"breadcrumb\":{\"@id\":\"https:\/\/tuto.provacy.com\/list\/bookmarks\/#breadcrumb\"},\"inLanguage\":\"en-GB\",\"potentialAction\":[{\"@type\":\"ReadAction\",\"target\":[\"https:\/\/tuto.provacy.com\/list\/bookmarks\/\"]}]},{\"@type\":\"ImageObject\",\"inLanguage\":\"en-GB\",\"@id\":\"https:\/\/tuto.provacy.com\/list\/bookmarks\/#primaryimage\",\"url\":\"https:\/\/tuto.provacy.com\/wp-content\/uploads\/sites\/4\/2024\/03\/scrnli_22_03_2024-07-35-11.png\",\"contentUrl\":\"https:\/\/tuto.provacy.com\/wp-content\/uploads\/sites\/4\/2024\/03\/scrnli_22_03_2024-07-35-11.png\"},{\"@type\":\"BreadcrumbList\",\"@id\":\"https:\/\/tuto.provacy.com\/list\/bookmarks\/#breadcrumb\",\"itemListElement\":[{\"@type\":\"ListItem\",\"position\":1,\"name\":\"Accueil\",\"item\":\"https:\/\/tuto.provacy.com\/\"},{\"@type\":\"ListItem\",\"position\":2,\"name\":\"Listes\",\"item\":\"https:\/\/tuto.provacy.com\/list\/\"},{\"@type\":\"ListItem\",\"position\":3,\"name\":\"16. G\u00e9rer les dispositions\"}]},{\"@type\":\"WebSite\",\"@id\":\"https:\/\/tuto.provacy.com\/#website\",\"url\":\"https:\/\/tuto.provacy.com\/\",\"name\":\"Guide utilisateur\",\"description\":\"\",\"publisher\":{\"@id\":\"https:\/\/tuto.provacy.com\/#organization\"},\"potentialAction\":[{\"@type\":\"SearchAction\",\"target\":{\"@type\":\"EntryPoint\",\"urlTemplate\":\"https:\/\/tuto.provacy.com\/?s={search_term_string}\"},\"query-input\":\"required name=search_term_string\"}],\"inLanguage\":\"en-GB\"},{\"@type\":\"Organization\",\"@id\":\"https:\/\/tuto.provacy.com\/#organization\",\"name\":\"Guide utilisateur\",\"url\":\"https:\/\/tuto.provacy.com\/\",\"logo\":{\"@type\":\"ImageObject\",\"inLanguage\":\"en-GB\",\"@id\":\"https:\/\/tuto.provacy.com\/#\/schema\/logo\/image\/\",\"url\":\"https:\/\/tuto.provacy.com\/wp-content\/uploads\/sites\/4\/2023\/10\/cropped-power-logo-white-slogan.png\",\"contentUrl\":\"https:\/\/tuto.provacy.com\/wp-content\/uploads\/sites\/4\/2023\/10\/cropped-power-logo-white-slogan.png\",\"width\":1231,\"height\":272,\"caption\":\"Guide utilisateur\"},\"image\":{\"@id\":\"https:\/\/tuto.provacy.com\/#\/schema\/logo\/image\/\"}}]}<\/script>\n<!-- \/ Yoast SEO plugin. -->","yoast_head_json":{"title":"16. G\u00e9rer les dispositions - Guide utilisateur","robots":{"index":"noindex","follow":"follow","max-snippet":"max-snippet:-1","max-image-preview":"max-image-preview:large","max-video-preview":"max-video-preview:-1"},"og_locale":"en_GB","og_type":"article","og_title":"16. G\u00e9rer les dispositions - Guide utilisateur","og_description":"Sauvegardez vos dispositions favorites Apr\u00e8s avoir s\u00e9lectionn\u00e9 vos colonnes, modifi\u00e9 leur dimension*, leur ordre**, ajout\u00e9 des filtres ou des tris, vous obtenez une disposition id\u00e9ale (seuls les groupes ne sont pas m\u00e9moris\u00e9s). Cette fonction vous permet de la conserver pour une prochaine utilisation. Enregistrez une nouvelle disposition Vous conservez une disposition d'affichage par d\u00e9faut en &hellip; 16. G\u00e9rer les dispositions Read More &raquo;","og_url":"https:\/\/tuto.provacy.com\/en\/list\/bookmarks\/","og_site_name":"Guide utilisateur","article_modified_time":"2024-03-24T12:21:40+00:00","og_image":[{"url":"https:\/\/tuto.provacy.com\/wp-content\/uploads\/sites\/4\/2024\/03\/scrnli_22_03_2024-07-35-11.png"}],"twitter_card":"summary_large_image","twitter_misc":{"Estimated reading time":"1 minute"},"schema":{"@context":"https:\/\/schema.org","@graph":[{"@type":"WebPage","@id":"https:\/\/tuto.provacy.com\/list\/bookmarks\/","url":"https:\/\/tuto.provacy.com\/list\/bookmarks\/","name":"16. G\u00e9rer les dispositions - Guide utilisateur","isPartOf":{"@id":"https:\/\/tuto.provacy.com\/#website"},"primaryImageOfPage":{"@id":"https:\/\/tuto.provacy.com\/list\/bookmarks\/#primaryimage"},"image":{"@id":"https:\/\/tuto.provacy.com\/list\/bookmarks\/#primaryimage"},"thumbnailUrl":"https:\/\/tuto.provacy.com\/wp-content\/uploads\/sites\/4\/2024\/03\/scrnli_22_03_2024-07-35-11.png","datePublished":"2024-03-22T17:22:26+00:00","dateModified":"2024-03-24T12:21:40+00:00","breadcrumb":{"@id":"https:\/\/tuto.provacy.com\/list\/bookmarks\/#breadcrumb"},"inLanguage":"en-GB","potentialAction":[{"@type":"ReadAction","target":["https:\/\/tuto.provacy.com\/list\/bookmarks\/"]}]},{"@type":"ImageObject","inLanguage":"en-GB","@id":"https:\/\/tuto.provacy.com\/list\/bookmarks\/#primaryimage","url":"https:\/\/tuto.provacy.com\/wp-content\/uploads\/sites\/4\/2024\/03\/scrnli_22_03_2024-07-35-11.png","contentUrl":"https:\/\/tuto.provacy.com\/wp-content\/uploads\/sites\/4\/2024\/03\/scrnli_22_03_2024-07-35-11.png"},{"@type":"BreadcrumbList","@id":"https:\/\/tuto.provacy.com\/list\/bookmarks\/#breadcrumb","itemListElement":[{"@type":"ListItem","position":1,"name":"Accueil","item":"https:\/\/tuto.provacy.com\/"},{"@type":"ListItem","position":2,"name":"Listes","item":"https:\/\/tuto.provacy.com\/list\/"},{"@type":"ListItem","position":3,"name":"16. G\u00e9rer les dispositions"}]},{"@type":"WebSite","@id":"https:\/\/tuto.provacy.com\/#website","url":"https:\/\/tuto.provacy.com\/","name":"Guide utilisateur","description":"","publisher":{"@id":"https:\/\/tuto.provacy.com\/#organization"},"potentialAction":[{"@type":"SearchAction","target":{"@type":"EntryPoint","urlTemplate":"https:\/\/tuto.provacy.com\/?s={search_term_string}"},"query-input":"required name=search_term_string"}],"inLanguage":"en-GB"},{"@type":"Organization","@id":"https:\/\/tuto.provacy.com\/#organization","name":"Guide utilisateur","url":"https:\/\/tuto.provacy.com\/","logo":{"@type":"ImageObject","inLanguage":"en-GB","@id":"https:\/\/tuto.provacy.com\/#\/schema\/logo\/image\/","url":"https:\/\/tuto.provacy.com\/wp-content\/uploads\/sites\/4\/2023\/10\/cropped-power-logo-white-slogan.png","contentUrl":"https:\/\/tuto.provacy.com\/wp-content\/uploads\/sites\/4\/2023\/10\/cropped-power-logo-white-slogan.png","width":1231,"height":272,"caption":"Guide utilisateur"},"image":{"@id":"https:\/\/tuto.provacy.com\/#\/schema\/logo\/image\/"}}]}},"_links":{"self":[{"href":"https:\/\/tuto.provacy.com\/en\/wp-json\/wp\/v2\/pages\/2260"}],"collection":[{"href":"https:\/\/tuto.provacy.com\/en\/wp-json\/wp\/v2\/pages"}],"about":[{"href":"https:\/\/tuto.provacy.com\/en\/wp-json\/wp\/v2\/types\/page"}],"author":[{"embeddable":true,"href":"https:\/\/tuto.provacy.com\/en\/wp-json\/wp\/v2\/users\/2"}],"replies":[{"embeddable":true,"href":"https:\/\/tuto.provacy.com\/en\/wp-json\/wp\/v2\/comments?post=2260"}],"version-history":[{"count":9,"href":"https:\/\/tuto.provacy.com\/en\/wp-json\/wp\/v2\/pages\/2260\/revisions"}],"predecessor-version":[{"id":2540,"href":"https:\/\/tuto.provacy.com\/en\/wp-json\/wp\/v2\/pages\/2260\/revisions\/2540"}],"up":[{"embeddable":true,"href":"https:\/\/tuto.provacy.com\/en\/wp-json\/wp\/v2\/pages\/1903"}],"wp:attachment":[{"href":"https:\/\/tuto.provacy.com\/en\/wp-json\/wp\/v2\/media?parent=2260"}],"curies":[{"name":"wp","href":"https:\/\/api.w.org\/{rel}","templated":true}]}}