{"id":2666,"date":"2024-05-13T15:33:08","date_gmt":"2024-05-13T13:33:08","guid":{"rendered":"https:\/\/tuto.provacy.com\/?page_id=2666"},"modified":"2026-01-23T10:09:04","modified_gmt":"2026-01-23T09:09:04","slug":"source","status":"publish","type":"page","link":"https:\/\/tuto.provacy.com\/en\/data\/source\/","title":{"rendered":"5. Source"},"content":{"rendered":"<div class=\"wp-block-group top-nav is-nowrap is-layout-flex wp-container-core-group-layout-1 wp-block-group-is-layout-flex\">\n\n<\/div>\n\n\n\n<h5 class=\"wp-block-heading\">5. Source<\/h5>\n\n\n\n<h5 class=\"wp-block-heading\">How did we obtain this data? Who were they collected from?<\/h5>\n\n\n\n<p>This information does not appear in the official record, as it is not part of the information required under Article 30 of the GDPR. If you nevertheless wish to include it, please contact Provacy support.<\/p>\n\n\n\n<div class=\"wp-block-group is-content-justification-center is-nowrap is-layout-flex wp-container-core-group-layout-2 wp-block-group-is-layout-flex\">\n<figure class=\"wp-block-image size-large\"><img loading=\"lazy\" decoding=\"async\" width=\"1024\" height=\"385\" src=\"https:\/\/tuto.provacy.com\/wp-content\/uploads\/sites\/4\/2024\/05\/AIDE_TABLEAU-DE-DONNEES-Page-1-3.png\" alt=\"\" class=\"wp-image-2667\" srcset=\"https:\/\/tuto.provacy.com\/wp-content\/uploads\/sites\/4\/2024\/05\/AIDE_TABLEAU-DE-DONNEES-Page-1-3.png 1995w, https:\/\/tuto.provacy.com\/wp-content\/uploads\/sites\/4\/2024\/05\/AIDE_TABLEAU-DE-DONNEES-Page-1-3-300x113.png 300w, https:\/\/tuto.provacy.com\/wp-content\/uploads\/sites\/4\/2024\/05\/AIDE_TABLEAU-DE-DONNEES-Page-1-3-1024x386.png 1024w, https:\/\/tuto.provacy.com\/wp-content\/uploads\/sites\/4\/2024\/05\/AIDE_TABLEAU-DE-DONNEES-Page-1-3-768x289.png 768w, https:\/\/tuto.provacy.com\/wp-content\/uploads\/sites\/4\/2024\/05\/AIDE_TABLEAU-DE-DONNEES-Page-1-3-1536x579.png 1536w, https:\/\/tuto.provacy.com\/wp-content\/uploads\/sites\/4\/2024\/05\/AIDE_TABLEAU-DE-DONNEES-Page-1-3-18x7.png 18w\" sizes=\"(max-width: 1024px) 100vw, 1024px\" \/><\/figure>\n<\/div>\n\n\n\n<div class=\"wp-block-columns bottom-nav is-layout-flex wp-container-core-columns-layout-1 wp-block-columns-is-layout-flex\">\n<div class=\"wp-block-column is-layout-flow wp-block-column-is-layout-flow\" style=\"flex-basis:25%\"><\/div>\n\n\n\n<div class=\"wp-block-column is-layout-flow wp-block-column-is-layout-flow\" style=\"flex-basis:50%\"><\/div>\n\n\n\n<div class=\"wp-block-column is-layout-flow wp-block-column-is-layout-flow\" style=\"flex-basis:25%\"><\/div>\n<\/div>\n\n\n\n<span class=\"sidebar-toggle hidden\" title=\"Show\/Hide side menu\"><i class=\"fal fa-table-layout\"><\/i><\/span>\n<script src=\"\/wp-includes\/js\/provacy\/js.cookie.min.js\"><\/script>\n<script>\nvar shown = true, $ = jQuery, b = $('body'), t = $('.sidebar-toggle'), c = Cookies.get('sidebar');\nif (c) {\n  shown = c == 1;\n}\nb.addClass('sidebar-' + (shown ? 'shown' : 'hidden'));\nif (shown) {\n  t.find('i').toggleClass('fa-table-layout fa-window-maximize');\n}\nt.on('click', function() {\n  shown = !shown;\n  t.find('i').toggleClass('fa-table-layout fa-window-maximize');\n  b.toggleClass('sidebar-shown sidebar-hidden');\n  Cookies.set('sidebar', shown ? 1 : 0, { expires: 30 });\n});\n\n$('figure.wp-lightbox-container').on('click', function(e) {\n  var img = $(e.target).parents('figure:first').find('img:first'), src = img.attr('src'), enlarged = $('figure.enlarged-image img.' + img.attr('class'));\n  if (enlarged.length && src != enlarged.attr('src')) {\n    let count = 0;\n    function incr() {\n      count++;\n      if (src != enlarged.attr('src'))\n        enlarged.attr('src', src);\n      if (count >= 10) {\n        clearInterval(intervalId);\n      }\n    }\n    const intervalId = setInterval(incr, 100);\n  }\n\n  \/\/console.log('lightbox clicked', e, this);\n});\n\n<\/script>","protected":false},"excerpt":{"rendered":"<p>5. Origine Comment avons-nous obtenu ces donn\u00e9es ? Aupr\u00e8s de qui ont-elle \u00e9t\u00e9 collect\u00e9es ? Cette information n\u2019appara\u00eet pas dans le registre officiel, car elle ne fait pas partie des informations requises par l\u2019article 30 du RGPD. Si vous souhaitez n\u00e9anmoins l\u2019y faire figurer, demandez au support Provacy.<\/p>","protected":false},"author":2,"featured_media":0,"parent":925,"menu_order":47,"comment_status":"closed","ping_status":"closed","template":"","meta":{"site-sidebar-layout":"default","site-content-layout":"","ast-site-content-layout":"default","site-content-style":"default","site-sidebar-style":"default","ast-global-header-display":"","ast-banner-title-visibility":"","ast-main-header-display":"","ast-hfb-above-header-display":"","ast-hfb-below-header-display":"","ast-hfb-mobile-header-display":"","site-post-title":"","ast-breadcrumbs-content":"","ast-featured-img":"","footer-sml-layout":"","theme-transparent-header-meta":"","adv-header-id-meta":"","stick-header-meta":"","header-above-stick-meta":"","header-main-stick-meta":"","header-below-stick-meta":"","astra-migrate-meta-layouts":"set","footnotes":""},"yoast_head":"<!-- This site is optimized with the Yoast SEO plugin v23.3 - https:\/\/yoast.com\/wordpress\/plugins\/seo\/ -->\n<title>5. Origine - Guide utilisateur<\/title>\n<meta name=\"robots\" content=\"noindex, follow, max-snippet:-1, max-image-preview:large, max-video-preview:-1\" \/>\n<meta property=\"og:locale\" content=\"en_GB\" \/>\n<meta property=\"og:type\" content=\"article\" \/>\n<meta property=\"og:title\" content=\"5. Origine - Guide utilisateur\" \/>\n<meta property=\"og:description\" content=\"5. Origine Comment avons-nous obtenu ces donn\u00e9es ? Aupr\u00e8s de qui ont-elle \u00e9t\u00e9 collect\u00e9es ? Cette information n\u2019appara\u00eet pas dans le registre officiel, car elle ne fait pas partie des informations requises par l\u2019article 30 du RGPD. Si vous souhaitez n\u00e9anmoins l\u2019y faire figurer, demandez au support Provacy.\" \/>\n<meta property=\"og:url\" content=\"https:\/\/tuto.provacy.com\/en\/data\/source\/\" \/>\n<meta property=\"og:site_name\" content=\"Guide utilisateur\" \/>\n<meta property=\"article:modified_time\" content=\"2026-01-23T09:09:04+00:00\" \/>\n<meta property=\"og:image\" content=\"https:\/\/tuto.provacy.com\/wp-content\/uploads\/sites\/4\/2024\/05\/AIDE_TABLEAU-DE-DONNEES-Page-1-1-1024x385.png\" \/>\n<meta name=\"twitter:card\" content=\"summary_large_image\" \/>\n<meta name=\"twitter:label1\" content=\"Estimated reading time\" \/>\n\t<meta name=\"twitter:data1\" content=\"2 minutes\" \/>\n<script type=\"application\/ld+json\" class=\"yoast-schema-graph\">{\"@context\":\"https:\/\/schema.org\",\"@graph\":[{\"@type\":\"WebPage\",\"@id\":\"https:\/\/tuto.provacy.com\/data\/source\/\",\"url\":\"https:\/\/tuto.provacy.com\/data\/source\/\",\"name\":\"5. Origine - Guide utilisateur\",\"isPartOf\":{\"@id\":\"https:\/\/tuto.provacy.com\/#website\"},\"primaryImageOfPage\":{\"@id\":\"https:\/\/tuto.provacy.com\/data\/source\/#primaryimage\"},\"image\":{\"@id\":\"https:\/\/tuto.provacy.com\/data\/source\/#primaryimage\"},\"thumbnailUrl\":\"https:\/\/tuto.provacy.com\/wp-content\/uploads\/sites\/4\/2024\/05\/AIDE_TABLEAU-DE-DONNEES-Page-1-1-1024x385.png\",\"datePublished\":\"2024-05-13T13:33:08+00:00\",\"dateModified\":\"2026-01-23T09:09:04+00:00\",\"breadcrumb\":{\"@id\":\"https:\/\/tuto.provacy.com\/data\/source\/#breadcrumb\"},\"inLanguage\":\"en-GB\",\"potentialAction\":[{\"@type\":\"ReadAction\",\"target\":[\"https:\/\/tuto.provacy.com\/data\/source\/\"]}]},{\"@type\":\"ImageObject\",\"inLanguage\":\"en-GB\",\"@id\":\"https:\/\/tuto.provacy.com\/data\/source\/#primaryimage\",\"url\":\"https:\/\/tuto.provacy.com\/wp-content\/uploads\/sites\/4\/2024\/05\/AIDE_TABLEAU-DE-DONNEES-Page-1-1-1024x385.png\",\"contentUrl\":\"https:\/\/tuto.provacy.com\/wp-content\/uploads\/sites\/4\/2024\/05\/AIDE_TABLEAU-DE-DONNEES-Page-1-1-1024x385.png\"},{\"@type\":\"BreadcrumbList\",\"@id\":\"https:\/\/tuto.provacy.com\/data\/source\/#breadcrumb\",\"itemListElement\":[{\"@type\":\"ListItem\",\"position\":1,\"name\":\"Accueil\",\"item\":\"https:\/\/tuto.provacy.com\/\"},{\"@type\":\"ListItem\",\"position\":2,\"name\":\"Donn\u00e9es\",\"item\":\"https:\/\/tuto.provacy.com\/data\/\"},{\"@type\":\"ListItem\",\"position\":3,\"name\":\"5. Origine\"}]},{\"@type\":\"WebSite\",\"@id\":\"https:\/\/tuto.provacy.com\/#website\",\"url\":\"https:\/\/tuto.provacy.com\/\",\"name\":\"Guide utilisateur\",\"description\":\"\",\"publisher\":{\"@id\":\"https:\/\/tuto.provacy.com\/#organization\"},\"potentialAction\":[{\"@type\":\"SearchAction\",\"target\":{\"@type\":\"EntryPoint\",\"urlTemplate\":\"https:\/\/tuto.provacy.com\/?s={search_term_string}\"},\"query-input\":\"required name=search_term_string\"}],\"inLanguage\":\"en-GB\"},{\"@type\":\"Organization\",\"@id\":\"https:\/\/tuto.provacy.com\/#organization\",\"name\":\"Guide utilisateur\",\"url\":\"https:\/\/tuto.provacy.com\/\",\"logo\":{\"@type\":\"ImageObject\",\"inLanguage\":\"en-GB\",\"@id\":\"https:\/\/tuto.provacy.com\/#\/schema\/logo\/image\/\",\"url\":\"https:\/\/tuto.provacy.com\/wp-content\/uploads\/sites\/4\/2023\/10\/cropped-power-logo-white-slogan.png\",\"contentUrl\":\"https:\/\/tuto.provacy.com\/wp-content\/uploads\/sites\/4\/2023\/10\/cropped-power-logo-white-slogan.png\",\"width\":1231,\"height\":272,\"caption\":\"Guide utilisateur\"},\"image\":{\"@id\":\"https:\/\/tuto.provacy.com\/#\/schema\/logo\/image\/\"}}]}<\/script>\n<!-- \/ Yoast SEO plugin. -->","yoast_head_json":{"title":"5. Origine - Guide utilisateur","robots":{"index":"noindex","follow":"follow","max-snippet":"max-snippet:-1","max-image-preview":"max-image-preview:large","max-video-preview":"max-video-preview:-1"},"og_locale":"en_GB","og_type":"article","og_title":"5. Origine - Guide utilisateur","og_description":"5. Origine Comment avons-nous obtenu ces donn\u00e9es ? Aupr\u00e8s de qui ont-elle \u00e9t\u00e9 collect\u00e9es ? Cette information n\u2019appara\u00eet pas dans le registre officiel, car elle ne fait pas partie des informations requises par l\u2019article 30 du RGPD. Si vous souhaitez n\u00e9anmoins l\u2019y faire figurer, demandez au support Provacy.","og_url":"https:\/\/tuto.provacy.com\/en\/data\/source\/","og_site_name":"Guide utilisateur","article_modified_time":"2026-01-23T09:09:04+00:00","og_image":[{"url":"https:\/\/tuto.provacy.com\/wp-content\/uploads\/sites\/4\/2024\/05\/AIDE_TABLEAU-DE-DONNEES-Page-1-1-1024x385.png"}],"twitter_card":"summary_large_image","twitter_misc":{"Estimated reading time":"2 minutes"},"schema":{"@context":"https:\/\/schema.org","@graph":[{"@type":"WebPage","@id":"https:\/\/tuto.provacy.com\/data\/source\/","url":"https:\/\/tuto.provacy.com\/data\/source\/","name":"5. Origine - Guide utilisateur","isPartOf":{"@id":"https:\/\/tuto.provacy.com\/#website"},"primaryImageOfPage":{"@id":"https:\/\/tuto.provacy.com\/data\/source\/#primaryimage"},"image":{"@id":"https:\/\/tuto.provacy.com\/data\/source\/#primaryimage"},"thumbnailUrl":"https:\/\/tuto.provacy.com\/wp-content\/uploads\/sites\/4\/2024\/05\/AIDE_TABLEAU-DE-DONNEES-Page-1-1-1024x385.png","datePublished":"2024-05-13T13:33:08+00:00","dateModified":"2026-01-23T09:09:04+00:00","breadcrumb":{"@id":"https:\/\/tuto.provacy.com\/data\/source\/#breadcrumb"},"inLanguage":"en-GB","potentialAction":[{"@type":"ReadAction","target":["https:\/\/tuto.provacy.com\/data\/source\/"]}]},{"@type":"ImageObject","inLanguage":"en-GB","@id":"https:\/\/tuto.provacy.com\/data\/source\/#primaryimage","url":"https:\/\/tuto.provacy.com\/wp-content\/uploads\/sites\/4\/2024\/05\/AIDE_TABLEAU-DE-DONNEES-Page-1-1-1024x385.png","contentUrl":"https:\/\/tuto.provacy.com\/wp-content\/uploads\/sites\/4\/2024\/05\/AIDE_TABLEAU-DE-DONNEES-Page-1-1-1024x385.png"},{"@type":"BreadcrumbList","@id":"https:\/\/tuto.provacy.com\/data\/source\/#breadcrumb","itemListElement":[{"@type":"ListItem","position":1,"name":"Accueil","item":"https:\/\/tuto.provacy.com\/"},{"@type":"ListItem","position":2,"name":"Donn\u00e9es","item":"https:\/\/tuto.provacy.com\/data\/"},{"@type":"ListItem","position":3,"name":"5. Origine"}]},{"@type":"WebSite","@id":"https:\/\/tuto.provacy.com\/#website","url":"https:\/\/tuto.provacy.com\/","name":"Guide utilisateur","description":"","publisher":{"@id":"https:\/\/tuto.provacy.com\/#organization"},"potentialAction":[{"@type":"SearchAction","target":{"@type":"EntryPoint","urlTemplate":"https:\/\/tuto.provacy.com\/?s={search_term_string}"},"query-input":"required name=search_term_string"}],"inLanguage":"en-GB"},{"@type":"Organization","@id":"https:\/\/tuto.provacy.com\/#organization","name":"Guide utilisateur","url":"https:\/\/tuto.provacy.com\/","logo":{"@type":"ImageObject","inLanguage":"en-GB","@id":"https:\/\/tuto.provacy.com\/#\/schema\/logo\/image\/","url":"https:\/\/tuto.provacy.com\/wp-content\/uploads\/sites\/4\/2023\/10\/cropped-power-logo-white-slogan.png","contentUrl":"https:\/\/tuto.provacy.com\/wp-content\/uploads\/sites\/4\/2023\/10\/cropped-power-logo-white-slogan.png","width":1231,"height":272,"caption":"Guide utilisateur"},"image":{"@id":"https:\/\/tuto.provacy.com\/#\/schema\/logo\/image\/"}}]}},"_links":{"self":[{"href":"https:\/\/tuto.provacy.com\/en\/wp-json\/wp\/v2\/pages\/2666"}],"collection":[{"href":"https:\/\/tuto.provacy.com\/en\/wp-json\/wp\/v2\/pages"}],"about":[{"href":"https:\/\/tuto.provacy.com\/en\/wp-json\/wp\/v2\/types\/page"}],"author":[{"embeddable":true,"href":"https:\/\/tuto.provacy.com\/en\/wp-json\/wp\/v2\/users\/2"}],"replies":[{"embeddable":true,"href":"https:\/\/tuto.provacy.com\/en\/wp-json\/wp\/v2\/comments?post=2666"}],"version-history":[{"count":7,"href":"https:\/\/tuto.provacy.com\/en\/wp-json\/wp\/v2\/pages\/2666\/revisions"}],"predecessor-version":[{"id":4456,"href":"https:\/\/tuto.provacy.com\/en\/wp-json\/wp\/v2\/pages\/2666\/revisions\/4456"}],"up":[{"embeddable":true,"href":"https:\/\/tuto.provacy.com\/en\/wp-json\/wp\/v2\/pages\/925"}],"wp:attachment":[{"href":"https:\/\/tuto.provacy.com\/en\/wp-json\/wp\/v2\/media?parent=2666"}],"curies":[{"name":"wp","href":"https:\/\/api.w.org\/{rel}","templated":true}]}}