{"id":2920,"date":"2024-07-15T16:34:10","date_gmt":"2024-07-15T14:34:10","guid":{"rendered":"https:\/\/tuto.provacy.com\/?page_id=2920"},"modified":"2024-07-29T17:12:42","modified_gmt":"2024-07-29T15:12:42","slug":"mechanism","status":"publish","type":"page","link":"https:\/\/tuto.provacy.com\/en\/clauses\/mechanism\/","title":{"rendered":"Mechanism"},"content":{"rendered":"<div class=\"wp-block-group top-nav is-nowrap is-layout-flex wp-container-core-group-layout-1 wp-block-group-is-layout-flex\">\n\n<\/div>\n\n\n\n<h2 class=\"wp-block-heading\">General operation<\/h2>\n\n\n\n<p>From a processing card <img loading=\"lazy\" decoding=\"async\" width=\"108\" height=\"99\" class=\"wp-image-1794\" style=\"width: 60px\" src=\"https:\/\/tuto.provacy.com\/wp-content\/uploads\/sites\/4\/2024\/02\/proc.png\" alt=\"\" srcset=\"https:\/\/tuto.provacy.com\/wp-content\/uploads\/sites\/4\/2024\/02\/proc.png 108w, https:\/\/tuto.provacy.com\/wp-content\/uploads\/sites\/4\/2024\/02\/proc-13x12.png 13w\" sizes=\"(max-width: 108px) 100vw, 108px\" \/>or subcontract card <img loading=\"lazy\" decoding=\"async\" width=\"103\" height=\"100\" class=\"wp-image-2326\" style=\"width: 60px\" src=\"https:\/\/tuto.provacy.com\/wp-content\/uploads\/sites\/4\/2024\/03\/contract.png\" alt=\"\" srcset=\"https:\/\/tuto.provacy.com\/wp-content\/uploads\/sites\/4\/2024\/03\/contract.png 103w, https:\/\/tuto.provacy.com\/wp-content\/uploads\/sites\/4\/2024\/03\/contract-12x12.png 12w\" sizes=\"(max-width: 103px) 100vw, 103px\" \/>:<\/p>\n\n\n\n<p><img loading=\"lazy\" decoding=\"async\" width=\"143\" height=\"141\" class=\"wp-image-2605\" style=\"width: 50px\" src=\"https:\/\/tuto.provacy.com\/wp-content\/uploads\/sites\/4\/2024\/04\/01_Menu-Page-1.png\" alt=\"\" srcset=\"https:\/\/tuto.provacy.com\/wp-content\/uploads\/sites\/4\/2024\/04\/01_Menu-Page-1.png 143w, https:\/\/tuto.provacy.com\/wp-content\/uploads\/sites\/4\/2024\/04\/01_Menu-Page-1-12x12.png 12w\" sizes=\"(max-width: 143px) 100vw, 143px\" \/> Click on the printer <img loading=\"lazy\" decoding=\"async\" width=\"127\" height=\"72\" class=\"wp-image-3031\" style=\"width: 60px\" src=\"https:\/\/tuto.provacy.com\/wp-content\/uploads\/sites\/4\/2024\/07\/scrnli_29_07_2024-16-57-23.png\" alt=\"\" srcset=\"https:\/\/tuto.provacy.com\/wp-content\/uploads\/sites\/4\/2024\/07\/scrnli_29_07_2024-16-57-23.png 127w, https:\/\/tuto.provacy.com\/wp-content\/uploads\/sites\/4\/2024\/07\/scrnli_29_07_2024-16-57-23-18x10.png 18w\" sizes=\"(max-width: 127px) 100vw, 127px\" \/> at the top, to the right of the toolbar then on \u201cStandard contractual clauses\u201d.<\/p>\n\n\n\n<p><img loading=\"lazy\" decoding=\"async\" width=\"143\" height=\"141\" class=\"wp-image-2604\" style=\"width: 50px\" src=\"https:\/\/tuto.provacy.com\/wp-content\/uploads\/sites\/4\/2024\/04\/01_Menu-Page-1-1.png\" alt=\"\" srcset=\"https:\/\/tuto.provacy.com\/wp-content\/uploads\/sites\/4\/2024\/04\/01_Menu-Page-1-1.png 143w, https:\/\/tuto.provacy.com\/wp-content\/uploads\/sites\/4\/2024\/04\/01_Menu-Page-1-1-12x12.png 12w\" sizes=\"(max-width: 143px) 100vw, 143px\" \/> Complete the various fields in the window (fields marked with an asterisk * are required). <\/p>\n\n\n\n<div class=\"wp-block-group is-content-justification-center is-nowrap is-layout-flex wp-container-core-group-layout-2 wp-block-group-is-layout-flex\">\n<figure class=\"wp-block-image size-large\"><img decoding=\"async\" src=\"https:\/\/tuto.provacy.com\/wp-content\/uploads\/sites\/4\/2023\/08\/c7c0c4b3-85a9-409f-b5c5-34727a9c3ae3.png\" alt=\"\"\/><\/figure>\n<\/div>\n\n\n\n<p><img loading=\"lazy\" decoding=\"async\" width=\"143\" height=\"141\" class=\"wp-image-2603\" style=\"width: 50px\" src=\"https:\/\/tuto.provacy.com\/wp-content\/uploads\/sites\/4\/2024\/04\/01_Menu-Page-1-2.png\" alt=\"\" srcset=\"https:\/\/tuto.provacy.com\/wp-content\/uploads\/sites\/4\/2024\/04\/01_Menu-Page-1-2.png 143w, https:\/\/tuto.provacy.com\/wp-content\/uploads\/sites\/4\/2024\/04\/01_Menu-Page-1-2-12x12.png 12w\" sizes=\"(max-width: 143px) 100vw, 143px\" \/> The clauses are displayed in a new \u201cPrinting\u201d tab<\/p>\n\n\n\n<p><img loading=\"lazy\" decoding=\"async\" width=\"143\" height=\"141\" class=\"wp-image-2602\" style=\"width: 50px\" src=\"https:\/\/tuto.provacy.com\/wp-content\/uploads\/sites\/4\/2024\/04\/01_Menu-Page-1-3.png\" alt=\"\" srcset=\"https:\/\/tuto.provacy.com\/wp-content\/uploads\/sites\/4\/2024\/04\/01_Menu-Page-1-3.png 143w, https:\/\/tuto.provacy.com\/wp-content\/uploads\/sites\/4\/2024\/04\/01_Menu-Page-1-3-12x12.png 12w\" sizes=\"(max-width: 143px) 100vw, 143px\" \/> Print directly <img loading=\"lazy\" decoding=\"async\" width=\"100\" height=\"87\" class=\"wp-image-3033\" style=\"width: 50px\" src=\"https:\/\/tuto.provacy.com\/wp-content\/uploads\/sites\/4\/2024\/07\/scrnli_29_07_2024-16-59-31.png\" alt=\"\" srcset=\"https:\/\/tuto.provacy.com\/wp-content\/uploads\/sites\/4\/2024\/07\/scrnli_29_07_2024-16-59-31.png 100w, https:\/\/tuto.provacy.com\/wp-content\/uploads\/sites\/4\/2024\/07\/scrnli_29_07_2024-16-59-31-14x12.png 14w\" sizes=\"(max-width: 100px) 100vw, 100px\" \/> or export to Word <img loading=\"lazy\" decoding=\"async\" width=\"90\" height=\"82\" class=\"wp-image-3034\" style=\"width: 50px\" src=\"https:\/\/tuto.provacy.com\/wp-content\/uploads\/sites\/4\/2024\/07\/scrnli_29_07_2024-16-59-58.png\" alt=\"\" srcset=\"https:\/\/tuto.provacy.com\/wp-content\/uploads\/sites\/4\/2024\/07\/scrnli_29_07_2024-16-59-58.png 90w, https:\/\/tuto.provacy.com\/wp-content\/uploads\/sites\/4\/2024\/07\/scrnli_29_07_2024-16-59-58-13x12.png 13w\" sizes=\"(max-width: 90px) 100vw, 90px\" \/><\/p>\n\n\n\n<div class=\"wp-block-group is-content-justification-center is-nowrap is-layout-flex wp-container-core-group-layout-3 wp-block-group-is-layout-flex\">\n<figure class=\"wp-block-image size-large\"><img decoding=\"async\" src=\"https:\/\/tuto.provacy.com\/wp-content\/uploads\/sites\/4\/2023\/08\/a385356d-24ae-4819-8b07-e9ea41ded961.png\" alt=\"\"\/><\/figure>\n<\/div>\n\n\n\n<p>You can repeat these operations as many times as necessary.<\/p>\n\n\n\n<div class=\"wp-block-columns bottom-nav is-layout-flex wp-container-core-columns-layout-1 wp-block-columns-is-layout-flex\">\n<div class=\"wp-block-column is-layout-flow wp-block-column-is-layout-flow\" style=\"flex-basis:25%\"><\/div>\n\n\n\n<div class=\"wp-block-column is-layout-flow wp-block-column-is-layout-flow\" style=\"flex-basis:50%\"><\/div>\n\n\n\n<div class=\"wp-block-column is-layout-flow wp-block-column-is-layout-flow\" style=\"flex-basis:25%\"><\/div>\n<\/div>\n\n\n\n<span class=\"sidebar-toggle hidden\" title=\"Show\/Hide side menu\"><i class=\"fal fa-table-layout\"><\/i><\/span>\n<script src=\"\/wp-includes\/js\/provacy\/js.cookie.min.js\"><\/script>\n<script>\nvar shown = true, $ = jQuery, b = $('body'), t = $('.sidebar-toggle'), c = Cookies.get('sidebar');\nif (c) {\n  shown = c == 1;\n}\nb.addClass('sidebar-' + (shown ? 'shown' : 'hidden'));\nif (shown) {\n  t.find('i').toggleClass('fa-table-layout fa-window-maximize');\n}\nt.on('click', function() {\n  shown = !shown;\n  t.find('i').toggleClass('fa-table-layout fa-window-maximize');\n  b.toggleClass('sidebar-shown sidebar-hidden');\n  Cookies.set('sidebar', shown ? 1 : 0, { expires: 30 });\n});\n\n$('figure.wp-lightbox-container').on('click', function(e) {\n  var img = $(e.target).parents('figure:first').find('img:first'), src = img.attr('src'), enlarged = $('figure.enlarged-image img.' + img.attr('class'));\n  if (enlarged.length && src != enlarged.attr('src')) {\n    let count = 0;\n    function incr() {\n      count++;\n      if (src != enlarged.attr('src'))\n        enlarged.attr('src', src);\n      if (count >= 10) {\n        clearInterval(intervalId);\n      }\n    }\n    const intervalId = setInterval(incr, 100);\n  }\n\n  \/\/console.log('lightbox clicked', e, this);\n});\n\n<\/script>","protected":false},"excerpt":{"rendered":"<p>Fonctionnement g\u00e9n\u00e9ral Depuis une fiche traitement ou contrat de sous-traitance : Cliquez sur l'imprimante en haut, \u00e0 droite de la barre d'outils puis sur \"Clauses contractuelles types\". Renseignez les diff\u00e9rents champs de la fen\u00eatre (les champs marqu\u00e9s d'un ast\u00e9risque * sont obligatoires). Les clauses s'affichent dans un nouvel onglet \"Impression\" Imprimez directement ou exportez sous &hellip;<\/p>\n<p class=\"read-more\"> <a class=\"\" href=\"https:\/\/tuto.provacy.com\/en\/clauses\/mechanism\/\"> <span class=\"screen-reader-text\">Mechanism<\/span> Read More &raquo;<\/a><\/p>","protected":false},"author":2,"featured_media":0,"parent":2904,"menu_order":67,"comment_status":"closed","ping_status":"closed","template":"","meta":{"site-sidebar-layout":"default","site-content-layout":"","ast-site-content-layout":"default","site-content-style":"default","site-sidebar-style":"default","ast-global-header-display":"","ast-banner-title-visibility":"","ast-main-header-display":"","ast-hfb-above-header-display":"","ast-hfb-below-header-display":"","ast-hfb-mobile-header-display":"","site-post-title":"","ast-breadcrumbs-content":"","ast-featured-img":"","footer-sml-layout":"","theme-transparent-header-meta":"","adv-header-id-meta":"","stick-header-meta":"","header-above-stick-meta":"","header-main-stick-meta":"","header-below-stick-meta":"","astra-migrate-meta-layouts":"set","footnotes":""},"yoast_head":"<!-- This site is optimized with the Yoast SEO plugin v23.3 - https:\/\/yoast.com\/wordpress\/plugins\/seo\/ -->\n<title>M\u00e9canisme - Guide utilisateur<\/title>\n<meta name=\"robots\" content=\"noindex, follow, max-snippet:-1, max-image-preview:large, max-video-preview:-1\" \/>\n<meta property=\"og:locale\" content=\"en_GB\" \/>\n<meta property=\"og:type\" content=\"article\" \/>\n<meta property=\"og:title\" content=\"M\u00e9canisme - Guide utilisateur\" \/>\n<meta property=\"og:description\" content=\"Fonctionnement g\u00e9n\u00e9ral Depuis une fiche traitement ou contrat de sous-traitance : Cliquez sur l&#039;imprimante en haut, \u00e0 droite de la barre d&#039;outils puis sur &quot;Clauses contractuelles types&quot;. Renseignez les diff\u00e9rents champs de la fen\u00eatre (les champs marqu\u00e9s d&#039;un ast\u00e9risque * sont obligatoires). Les clauses s&#039;affichent dans un nouvel onglet &quot;Impression&quot; Imprimez directement ou exportez sous &hellip; M\u00e9canisme Read More &raquo;\" \/>\n<meta property=\"og:url\" content=\"https:\/\/tuto.provacy.com\/en\/clauses\/mechanism\/\" \/>\n<meta property=\"og:site_name\" content=\"Guide utilisateur\" \/>\n<meta property=\"article:modified_time\" content=\"2024-07-29T15:12:42+00:00\" \/>\n<meta property=\"og:image\" content=\"https:\/\/tuto.provacy.com\/wp-content\/uploads\/sites\/4\/2024\/02\/proc.png\" \/>\n<meta name=\"twitter:card\" content=\"summary_large_image\" \/>\n<script type=\"application\/ld+json\" class=\"yoast-schema-graph\">{\"@context\":\"https:\/\/schema.org\",\"@graph\":[{\"@type\":\"WebPage\",\"@id\":\"https:\/\/tuto.provacy.com\/clauses\/mechanism\/\",\"url\":\"https:\/\/tuto.provacy.com\/clauses\/mechanism\/\",\"name\":\"M\u00e9canisme - Guide utilisateur\",\"isPartOf\":{\"@id\":\"https:\/\/tuto.provacy.com\/#website\"},\"primaryImageOfPage\":{\"@id\":\"https:\/\/tuto.provacy.com\/clauses\/mechanism\/#primaryimage\"},\"image\":{\"@id\":\"https:\/\/tuto.provacy.com\/clauses\/mechanism\/#primaryimage\"},\"thumbnailUrl\":\"https:\/\/tuto.provacy.com\/wp-content\/uploads\/sites\/4\/2024\/02\/proc.png\",\"datePublished\":\"2024-07-15T14:34:10+00:00\",\"dateModified\":\"2024-07-29T15:12:42+00:00\",\"breadcrumb\":{\"@id\":\"https:\/\/tuto.provacy.com\/clauses\/mechanism\/#breadcrumb\"},\"inLanguage\":\"en-GB\",\"potentialAction\":[{\"@type\":\"ReadAction\",\"target\":[\"https:\/\/tuto.provacy.com\/clauses\/mechanism\/\"]}]},{\"@type\":\"ImageObject\",\"inLanguage\":\"en-GB\",\"@id\":\"https:\/\/tuto.provacy.com\/clauses\/mechanism\/#primaryimage\",\"url\":\"https:\/\/tuto.provacy.com\/wp-content\/uploads\/sites\/4\/2024\/02\/proc.png\",\"contentUrl\":\"https:\/\/tuto.provacy.com\/wp-content\/uploads\/sites\/4\/2024\/02\/proc.png\"},{\"@type\":\"BreadcrumbList\",\"@id\":\"https:\/\/tuto.provacy.com\/clauses\/mechanism\/#breadcrumb\",\"itemListElement\":[{\"@type\":\"ListItem\",\"position\":1,\"name\":\"Accueil\",\"item\":\"https:\/\/tuto.provacy.com\/\"},{\"@type\":\"ListItem\",\"position\":2,\"name\":\"Clauses contractuelles\",\"item\":\"https:\/\/tuto.provacy.com\/clauses\/\"},{\"@type\":\"ListItem\",\"position\":3,\"name\":\"M\u00e9canisme\"}]},{\"@type\":\"WebSite\",\"@id\":\"https:\/\/tuto.provacy.com\/#website\",\"url\":\"https:\/\/tuto.provacy.com\/\",\"name\":\"Guide utilisateur\",\"description\":\"\",\"publisher\":{\"@id\":\"https:\/\/tuto.provacy.com\/#organization\"},\"potentialAction\":[{\"@type\":\"SearchAction\",\"target\":{\"@type\":\"EntryPoint\",\"urlTemplate\":\"https:\/\/tuto.provacy.com\/?s={search_term_string}\"},\"query-input\":\"required name=search_term_string\"}],\"inLanguage\":\"en-GB\"},{\"@type\":\"Organization\",\"@id\":\"https:\/\/tuto.provacy.com\/#organization\",\"name\":\"Guide utilisateur\",\"url\":\"https:\/\/tuto.provacy.com\/\",\"logo\":{\"@type\":\"ImageObject\",\"inLanguage\":\"en-GB\",\"@id\":\"https:\/\/tuto.provacy.com\/#\/schema\/logo\/image\/\",\"url\":\"https:\/\/tuto.provacy.com\/wp-content\/uploads\/sites\/4\/2023\/10\/cropped-power-logo-white-slogan.png\",\"contentUrl\":\"https:\/\/tuto.provacy.com\/wp-content\/uploads\/sites\/4\/2023\/10\/cropped-power-logo-white-slogan.png\",\"width\":1231,\"height\":272,\"caption\":\"Guide utilisateur\"},\"image\":{\"@id\":\"https:\/\/tuto.provacy.com\/#\/schema\/logo\/image\/\"}}]}<\/script>\n<!-- \/ Yoast SEO plugin. -->","yoast_head_json":{"title":"M\u00e9canisme - Guide utilisateur","robots":{"index":"noindex","follow":"follow","max-snippet":"max-snippet:-1","max-image-preview":"max-image-preview:large","max-video-preview":"max-video-preview:-1"},"og_locale":"en_GB","og_type":"article","og_title":"M\u00e9canisme - Guide utilisateur","og_description":"Fonctionnement g\u00e9n\u00e9ral Depuis une fiche traitement ou contrat de sous-traitance : Cliquez sur l'imprimante en haut, \u00e0 droite de la barre d'outils puis sur \"Clauses contractuelles types\". Renseignez les diff\u00e9rents champs de la fen\u00eatre (les champs marqu\u00e9s d'un ast\u00e9risque * sont obligatoires). Les clauses s'affichent dans un nouvel onglet \"Impression\" Imprimez directement ou exportez sous &hellip; M\u00e9canisme Read More &raquo;","og_url":"https:\/\/tuto.provacy.com\/en\/clauses\/mechanism\/","og_site_name":"Guide utilisateur","article_modified_time":"2024-07-29T15:12:42+00:00","og_image":[{"url":"https:\/\/tuto.provacy.com\/wp-content\/uploads\/sites\/4\/2024\/02\/proc.png"}],"twitter_card":"summary_large_image","schema":{"@context":"https:\/\/schema.org","@graph":[{"@type":"WebPage","@id":"https:\/\/tuto.provacy.com\/clauses\/mechanism\/","url":"https:\/\/tuto.provacy.com\/clauses\/mechanism\/","name":"M\u00e9canisme - Guide utilisateur","isPartOf":{"@id":"https:\/\/tuto.provacy.com\/#website"},"primaryImageOfPage":{"@id":"https:\/\/tuto.provacy.com\/clauses\/mechanism\/#primaryimage"},"image":{"@id":"https:\/\/tuto.provacy.com\/clauses\/mechanism\/#primaryimage"},"thumbnailUrl":"https:\/\/tuto.provacy.com\/wp-content\/uploads\/sites\/4\/2024\/02\/proc.png","datePublished":"2024-07-15T14:34:10+00:00","dateModified":"2024-07-29T15:12:42+00:00","breadcrumb":{"@id":"https:\/\/tuto.provacy.com\/clauses\/mechanism\/#breadcrumb"},"inLanguage":"en-GB","potentialAction":[{"@type":"ReadAction","target":["https:\/\/tuto.provacy.com\/clauses\/mechanism\/"]}]},{"@type":"ImageObject","inLanguage":"en-GB","@id":"https:\/\/tuto.provacy.com\/clauses\/mechanism\/#primaryimage","url":"https:\/\/tuto.provacy.com\/wp-content\/uploads\/sites\/4\/2024\/02\/proc.png","contentUrl":"https:\/\/tuto.provacy.com\/wp-content\/uploads\/sites\/4\/2024\/02\/proc.png"},{"@type":"BreadcrumbList","@id":"https:\/\/tuto.provacy.com\/clauses\/mechanism\/#breadcrumb","itemListElement":[{"@type":"ListItem","position":1,"name":"Accueil","item":"https:\/\/tuto.provacy.com\/"},{"@type":"ListItem","position":2,"name":"Clauses contractuelles","item":"https:\/\/tuto.provacy.com\/clauses\/"},{"@type":"ListItem","position":3,"name":"M\u00e9canisme"}]},{"@type":"WebSite","@id":"https:\/\/tuto.provacy.com\/#website","url":"https:\/\/tuto.provacy.com\/","name":"Guide utilisateur","description":"","publisher":{"@id":"https:\/\/tuto.provacy.com\/#organization"},"potentialAction":[{"@type":"SearchAction","target":{"@type":"EntryPoint","urlTemplate":"https:\/\/tuto.provacy.com\/?s={search_term_string}"},"query-input":"required name=search_term_string"}],"inLanguage":"en-GB"},{"@type":"Organization","@id":"https:\/\/tuto.provacy.com\/#organization","name":"Guide utilisateur","url":"https:\/\/tuto.provacy.com\/","logo":{"@type":"ImageObject","inLanguage":"en-GB","@id":"https:\/\/tuto.provacy.com\/#\/schema\/logo\/image\/","url":"https:\/\/tuto.provacy.com\/wp-content\/uploads\/sites\/4\/2023\/10\/cropped-power-logo-white-slogan.png","contentUrl":"https:\/\/tuto.provacy.com\/wp-content\/uploads\/sites\/4\/2023\/10\/cropped-power-logo-white-slogan.png","width":1231,"height":272,"caption":"Guide utilisateur"},"image":{"@id":"https:\/\/tuto.provacy.com\/#\/schema\/logo\/image\/"}}]}},"_links":{"self":[{"href":"https:\/\/tuto.provacy.com\/en\/wp-json\/wp\/v2\/pages\/2920"}],"collection":[{"href":"https:\/\/tuto.provacy.com\/en\/wp-json\/wp\/v2\/pages"}],"about":[{"href":"https:\/\/tuto.provacy.com\/en\/wp-json\/wp\/v2\/types\/page"}],"author":[{"embeddable":true,"href":"https:\/\/tuto.provacy.com\/en\/wp-json\/wp\/v2\/users\/2"}],"replies":[{"embeddable":true,"href":"https:\/\/tuto.provacy.com\/en\/wp-json\/wp\/v2\/comments?post=2920"}],"version-history":[{"count":4,"href":"https:\/\/tuto.provacy.com\/en\/wp-json\/wp\/v2\/pages\/2920\/revisions"}],"predecessor-version":[{"id":3038,"href":"https:\/\/tuto.provacy.com\/en\/wp-json\/wp\/v2\/pages\/2920\/revisions\/3038"}],"up":[{"embeddable":true,"href":"https:\/\/tuto.provacy.com\/en\/wp-json\/wp\/v2\/pages\/2904"}],"wp:attachment":[{"href":"https:\/\/tuto.provacy.com\/en\/wp-json\/wp\/v2\/media?parent=2920"}],"curies":[{"name":"wp","href":"https:\/\/api.w.org\/{rel}","templated":true}]}}