{"id":2933,"date":"2024-07-15T16:34:41","date_gmt":"2024-07-15T14:34:41","guid":{"rendered":"https:\/\/tuto.provacy.com\/?page_id=2933"},"modified":"2024-07-31T14:57:55","modified_gmt":"2024-07-31T12:57:55","slug":"processing","status":"publish","type":"page","link":"https:\/\/tuto.provacy.com\/en\/clauses\/processing\/","title":{"rendered":"Editing from Processing"},"content":{"rendered":"<div class=\"wp-block-group top-nav is-nowrap is-layout-flex wp-container-core-group-layout-1 wp-block-group-is-layout-flex\">\n\n<\/div>\n\n\n\n<p>Personalized information is mainly included in the ANNEXES<\/p>\n\n\n\n<h5 class=\"wp-block-heading\">ANNEX - List of parties<\/h5>\n\n\n\n<p>Several controllers or several processors can be selected<\/p>\n\n\n\n<div class=\"wp-block-group is-content-justification-center is-nowrap is-layout-flex wp-container-core-group-layout-2 wp-block-group-is-layout-flex\">\n<figure class=\"wp-block-image size-large is-resized\"><img decoding=\"async\" src=\"https:\/\/tuto.provacy.com\/wp-content\/uploads\/sites\/4\/2023\/08\/314efe16-6a79-4d93-b64a-1b7f0a9ca8f4.png\" alt=\"\" style=\"width:800px\" \/><\/figure>\n<\/div>\n\n\n\n<h5 class=\"wp-block-heading\">ANNEX - Description of processing or transfer<\/h5>\n\n\n\n<p>The information comes from the processing card <img loading=\"lazy\" decoding=\"async\" width=\"108\" height=\"99\" class=\"wp-image-1794\" style=\"width: 65px\" src=\"https:\/\/tuto.provacy.com\/wp-content\/uploads\/sites\/4\/2024\/02\/proc.png\" alt=\"\" srcset=\"https:\/\/tuto.provacy.com\/wp-content\/uploads\/sites\/4\/2024\/02\/proc.png 108w, https:\/\/tuto.provacy.com\/wp-content\/uploads\/sites\/4\/2024\/02\/proc-13x12.png 13w\" sizes=\"(max-width: 108px) 100vw, 108px\" \/> and the third party\u2019s card <img loading=\"lazy\" decoding=\"async\" width=\"70\" height=\"70\" class=\"wp-image-2288\" style=\"width: 50px\" src=\"https:\/\/tuto.provacy.com\/wp-content\/uploads\/sites\/4\/2024\/03\/partners.png\" alt=\"\" srcset=\"https:\/\/tuto.provacy.com\/wp-content\/uploads\/sites\/4\/2024\/03\/partners.png 70w, https:\/\/tuto.provacy.com\/wp-content\/uploads\/sites\/4\/2024\/03\/partners-12x12.png 12w\" sizes=\"(max-width: 70px) 100vw, 70px\" \/><\/p>\n\n\n\n<div class=\"wp-block-group is-content-justification-center is-nowrap is-layout-flex wp-container-core-group-layout-3 wp-block-group-is-layout-flex\">\n<figure class=\"wp-block-image size-large is-resized\"><img decoding=\"async\" src=\"https:\/\/tuto.provacy.com\/wp-content\/uploads\/sites\/4\/2023\/08\/f6aed610-4113-4940-b83e-dca2f5ba1d81.png\" alt=\"\" style=\"width:800px\" \/><\/figure>\n<\/div>\n\n\n\n<h5 class=\"wp-block-heading\">ANNEX - Data table<\/h5>\n\n\n\n<p>The data associated with the third party is included in the table. In the example below, the \"Password\" data does not appear in the clauses because no third party receives this data.<\/p>\n\n\n\n<div class=\"wp-block-group is-content-justification-center is-nowrap is-layout-flex wp-container-core-group-layout-4 wp-block-group-is-layout-flex\">\n<figure class=\"wp-block-image size-large is-resized\"><img decoding=\"async\" src=\"https:\/\/tuto.provacy.com\/wp-content\/uploads\/sites\/4\/2023\/08\/a526f844-e4c3-4a2c-859d-4711bf20859f.png\" alt=\"\" style=\"width:800px\" \/><\/figure>\n<\/div>\n\n\n\n<h5 class=\"wp-block-heading\">ANNEX - Technical and organizational measures implemented<\/h5>\n\n\n\n<p>Only security measures related to Third Parties <img loading=\"lazy\" decoding=\"async\" width=\"70\" height=\"70\" class=\"wp-image-2288\" style=\"width: 50px\" src=\"https:\/\/tuto.provacy.com\/wp-content\/uploads\/sites\/4\/2024\/03\/partners.png\" alt=\"\" srcset=\"https:\/\/tuto.provacy.com\/wp-content\/uploads\/sites\/4\/2024\/03\/partners.png 70w, https:\/\/tuto.provacy.com\/wp-content\/uploads\/sites\/4\/2024\/03\/partners-12x12.png 12w\" sizes=\"(max-width: 70px) 100vw, 70px\" \/> are displayed and tool measures <strong>associated with third parties<\/strong> <img loading=\"lazy\" decoding=\"async\" width=\"70\" height=\"70\" class=\"wp-image-2286\" style=\"width: 50px\" src=\"https:\/\/tuto.provacy.com\/wp-content\/uploads\/sites\/4\/2024\/03\/tools.png\" alt=\"\" srcset=\"https:\/\/tuto.provacy.com\/wp-content\/uploads\/sites\/4\/2024\/03\/tools.png 70w, https:\/\/tuto.provacy.com\/wp-content\/uploads\/sites\/4\/2024\/03\/tools-12x12.png 12w\" sizes=\"(max-width: 70px) 100vw, 70px\" \/><\/p>\n\n\n\n<div class=\"wp-block-group is-content-justification-center is-nowrap is-layout-flex wp-container-core-group-layout-5 wp-block-group-is-layout-flex\">\n<figure class=\"wp-block-image size-large is-resized\"><img decoding=\"async\" src=\"https:\/\/tuto.provacy.com\/wp-content\/uploads\/sites\/4\/2023\/08\/1f036eb4-db11-4729-bfd1-c09f695d5d4d.png\" alt=\"\" style=\"width:800px\" \/><\/figure>\n<\/div>\n\n\n\n<p>You can associate Third parties and tools from the third party card <img loading=\"lazy\" decoding=\"async\" width=\"70\" height=\"70\" class=\"wp-image-2288\" style=\"width: 50px\" src=\"https:\/\/tuto.provacy.com\/wp-content\/uploads\/sites\/4\/2024\/03\/partners.png\" alt=\"\" srcset=\"https:\/\/tuto.provacy.com\/wp-content\/uploads\/sites\/4\/2024\/03\/partners.png 70w, https:\/\/tuto.provacy.com\/wp-content\/uploads\/sites\/4\/2024\/03\/partners-12x12.png 12w\" sizes=\"(max-width: 70px) 100vw, 70px\" \/> OR from the tool card <img loading=\"lazy\" decoding=\"async\" width=\"70\" height=\"70\" class=\"wp-image-2286\" style=\"width: 50px\" src=\"https:\/\/tuto.provacy.com\/wp-content\/uploads\/sites\/4\/2024\/03\/tools.png\" alt=\"\" srcset=\"https:\/\/tuto.provacy.com\/wp-content\/uploads\/sites\/4\/2024\/03\/tools.png 70w, https:\/\/tuto.provacy.com\/wp-content\/uploads\/sites\/4\/2024\/03\/tools-12x12.png 12w\" sizes=\"(max-width: 70px) 100vw, 70px\" \/><\/p>\n\n\n\n<div class=\"wp-block-group is-content-justification-center is-nowrap is-layout-flex wp-container-core-group-layout-6 wp-block-group-is-layout-flex\">\n<figure class=\"wp-block-image size-large\"><img decoding=\"async\" src=\"https:\/\/tuto.provacy.com\/wp-content\/uploads\/sites\/4\/2023\/08\/b545c9d3-1d16-442d-ae7b-e9693370c231.png\" alt=\"\" \/><\/figure>\n\n\n\n<figure class=\"wp-block-image size-large\"><img decoding=\"async\" src=\"https:\/\/tuto.provacy.com\/wp-content\/uploads\/sites\/4\/2023\/08\/5440b3b3-3850-46f4-af0d-a3506b470690.png\" alt=\"\" \/><\/figure>\n<\/div>\n\n\n\n<p><img loading=\"lazy\" decoding=\"async\" width=\"108\" height=\"99\" class=\"wp-image-1794\" style=\"width: 50px\" src=\"https:\/\/tuto.provacy.com\/wp-content\/uploads\/sites\/4\/2024\/02\/proc.png\" alt=\"\" srcset=\"https:\/\/tuto.provacy.com\/wp-content\/uploads\/sites\/4\/2024\/02\/proc.png 108w, https:\/\/tuto.provacy.com\/wp-content\/uploads\/sites\/4\/2024\/02\/proc-13x12.png 13w\" sizes=\"(max-width: 108px) 100vw, 108px\" \/>Processing, Third Parties tab, the Summary table allows you to control essential information:<\/p>\n\n\n\n<div class=\"wp-block-group is-content-justification-center is-nowrap is-layout-flex wp-container-core-group-layout-7 wp-block-group-is-layout-flex\">\n<figure class=\"wp-block-image size-large\"><img decoding=\"async\" src=\"https:\/\/tuto.provacy.com\/wp-content\/uploads\/sites\/4\/2023\/08\/579dce12-5dfe-43bd-b3a2-53e0f99f9fa0.png\" alt=\"\" \/><\/figure>\n<\/div>\n\n\n\n<h5 class=\"wp-block-heading\">ANNEX - List of sub-processors<\/h5>\n\n\n\n<div class=\"wp-block-group is-content-justification-center is-nowrap is-layout-flex wp-container-core-group-layout-8 wp-block-group-is-layout-flex\">\n<figure class=\"wp-block-image size-large\"><img decoding=\"async\" src=\"https:\/\/tuto.provacy.com\/wp-content\/uploads\/sites\/4\/2023\/08\/99ff8a3d-07d7-4381-b017-d39d87cb41a5.png\" alt=\"\" \/><\/figure>\n<\/div>\n\n\n\n<div class=\"wp-block-columns bottom-nav is-layout-flex wp-container-core-columns-layout-1 wp-block-columns-is-layout-flex\">\n<div class=\"wp-block-column is-layout-flow wp-block-column-is-layout-flow\" style=\"flex-basis:25%\"><\/div>\n\n\n\n<div class=\"wp-block-column is-layout-flow wp-block-column-is-layout-flow\" style=\"flex-basis:50%\"><\/div>\n\n\n\n<div class=\"wp-block-column is-layout-flow wp-block-column-is-layout-flow\" style=\"flex-basis:25%\"><\/div>\n<\/div>\n\n\n\n<span class=\"sidebar-toggle hidden\" title=\"Show\/Hide side menu\"><i class=\"fal fa-table-layout\"><\/i><\/span>\n<script src=\"\/wp-includes\/js\/provacy\/js.cookie.min.js\"><\/script>\n<script>\nvar shown = true, $ = jQuery, b = $('body'), t = $('.sidebar-toggle'), c = Cookies.get('sidebar');\nif (c) {\n  shown = c == 1;\n}\nb.addClass('sidebar-' + (shown ? 'shown' : 'hidden'));\nif (shown) {\n  t.find('i').toggleClass('fa-table-layout fa-window-maximize');\n}\nt.on('click', function() {\n  shown = !shown;\n  t.find('i').toggleClass('fa-table-layout fa-window-maximize');\n  b.toggleClass('sidebar-shown sidebar-hidden');\n  Cookies.set('sidebar', shown ? 1 : 0, { expires: 30 });\n});\n\n$('figure.wp-lightbox-container').on('click', function(e) {\n  var img = $(e.target).parents('figure:first').find('img:first'), src = img.attr('src'), enlarged = $('figure.enlarged-image img.' + img.attr('class'));\n  if (enlarged.length && src != enlarged.attr('src')) {\n    let count = 0;\n    function incr() {\n      count++;\n      if (src != enlarged.attr('src'))\n        enlarged.attr('src', src);\n      if (count >= 10) {\n        clearInterval(intervalId);\n      }\n    }\n    const intervalId = setInterval(incr, 100);\n  }\n\n  \/\/console.log('lightbox clicked', e, this);\n});\n\n<\/script>","protected":false},"excerpt":{"rendered":"<p>Les informations personnalis\u00e9es sont principalement reprises dans les ANNEXES ANNEXE - Liste des parties Plusieurs responsables de traitements ou plusieurs sous-traitants peuvent \u00eatre s\u00e9lectionn\u00e9s ANNEXE - Description du traitement ou du transfert Les informations proviennent de la fiche traitement et de la fiche du tiers ANNEXE - Tableau de donn\u00e9es Les donn\u00e9es associ\u00e9es au tiers &hellip;<\/p>\n<p class=\"read-more\"> <a class=\"\" href=\"https:\/\/tuto.provacy.com\/en\/clauses\/processing\/\"> <span class=\"screen-reader-text\">Editing from Processing<\/span> Read More &raquo;<\/a><\/p>","protected":false},"author":2,"featured_media":0,"parent":2904,"menu_order":70,"comment_status":"closed","ping_status":"closed","template":"","meta":{"site-sidebar-layout":"default","site-content-layout":"","ast-site-content-layout":"default","site-content-style":"default","site-sidebar-style":"default","ast-global-header-display":"","ast-banner-title-visibility":"","ast-main-header-display":"","ast-hfb-above-header-display":"","ast-hfb-below-header-display":"","ast-hfb-mobile-header-display":"","site-post-title":"","ast-breadcrumbs-content":"","ast-featured-img":"","footer-sml-layout":"","theme-transparent-header-meta":"","adv-header-id-meta":"","stick-header-meta":"","header-above-stick-meta":"","header-main-stick-meta":"","header-below-stick-meta":"","astra-migrate-meta-layouts":"set","footnotes":""},"yoast_head":"<!-- This site is optimized with the Yoast SEO plugin v23.3 - https:\/\/yoast.com\/wordpress\/plugins\/seo\/ -->\n<title>Edition depuis Traitements - Guide utilisateur<\/title>\n<meta name=\"robots\" content=\"noindex, follow, max-snippet:-1, max-image-preview:large, max-video-preview:-1\" \/>\n<meta property=\"og:locale\" content=\"en_GB\" \/>\n<meta property=\"og:type\" content=\"article\" \/>\n<meta property=\"og:title\" content=\"Edition depuis Traitements - Guide utilisateur\" \/>\n<meta property=\"og:description\" content=\"Les informations personnalis\u00e9es sont principalement reprises dans les ANNEXES ANNEXE - Liste des parties Plusieurs responsables de traitements ou plusieurs sous-traitants peuvent \u00eatre s\u00e9lectionn\u00e9s ANNEXE - Description du traitement ou du transfert Les informations proviennent de la fiche traitement et de la fiche du tiers ANNEXE - Tableau de donn\u00e9es Les donn\u00e9es associ\u00e9es au tiers &hellip; Edition depuis Traitements Read More &raquo;\" \/>\n<meta property=\"og:url\" content=\"https:\/\/tuto.provacy.com\/en\/clauses\/processing\/\" \/>\n<meta property=\"og:site_name\" content=\"Guide utilisateur\" \/>\n<meta property=\"article:modified_time\" content=\"2024-07-31T12:57:55+00:00\" \/>\n<meta property=\"og:image\" content=\"https:\/\/tuto.provacy.com\/wp-content\/uploads\/sites\/4\/2023\/08\/e040d388-e355-41d7-8b68-75d8f334b852.png\" \/>\n<meta name=\"twitter:card\" content=\"summary_large_image\" \/>\n<meta name=\"twitter:label1\" content=\"Estimated reading time\" \/>\n\t<meta name=\"twitter:data1\" content=\"1 minute\" \/>\n<script type=\"application\/ld+json\" class=\"yoast-schema-graph\">{\"@context\":\"https:\/\/schema.org\",\"@graph\":[{\"@type\":\"WebPage\",\"@id\":\"https:\/\/tuto.provacy.com\/clauses\/processing\/\",\"url\":\"https:\/\/tuto.provacy.com\/clauses\/processing\/\",\"name\":\"Edition depuis Traitements - Guide utilisateur\",\"isPartOf\":{\"@id\":\"https:\/\/tuto.provacy.com\/#website\"},\"primaryImageOfPage\":{\"@id\":\"https:\/\/tuto.provacy.com\/clauses\/processing\/#primaryimage\"},\"image\":{\"@id\":\"https:\/\/tuto.provacy.com\/clauses\/processing\/#primaryimage\"},\"thumbnailUrl\":\"https:\/\/tuto.provacy.com\/wp-content\/uploads\/sites\/4\/2023\/08\/e040d388-e355-41d7-8b68-75d8f334b852.png\",\"datePublished\":\"2024-07-15T14:34:41+00:00\",\"dateModified\":\"2024-07-31T12:57:55+00:00\",\"breadcrumb\":{\"@id\":\"https:\/\/tuto.provacy.com\/clauses\/processing\/#breadcrumb\"},\"inLanguage\":\"en-GB\",\"potentialAction\":[{\"@type\":\"ReadAction\",\"target\":[\"https:\/\/tuto.provacy.com\/clauses\/processing\/\"]}]},{\"@type\":\"ImageObject\",\"inLanguage\":\"en-GB\",\"@id\":\"https:\/\/tuto.provacy.com\/clauses\/processing\/#primaryimage\",\"url\":\"https:\/\/tuto.provacy.com\/wp-content\/uploads\/sites\/4\/2023\/08\/e040d388-e355-41d7-8b68-75d8f334b852.png\",\"contentUrl\":\"https:\/\/tuto.provacy.com\/wp-content\/uploads\/sites\/4\/2023\/08\/e040d388-e355-41d7-8b68-75d8f334b852.png\"},{\"@type\":\"BreadcrumbList\",\"@id\":\"https:\/\/tuto.provacy.com\/clauses\/processing\/#breadcrumb\",\"itemListElement\":[{\"@type\":\"ListItem\",\"position\":1,\"name\":\"Accueil\",\"item\":\"https:\/\/tuto.provacy.com\/\"},{\"@type\":\"ListItem\",\"position\":2,\"name\":\"Clauses contractuelles\",\"item\":\"https:\/\/tuto.provacy.com\/clauses\/\"},{\"@type\":\"ListItem\",\"position\":3,\"name\":\"Edition depuis Traitements\"}]},{\"@type\":\"WebSite\",\"@id\":\"https:\/\/tuto.provacy.com\/#website\",\"url\":\"https:\/\/tuto.provacy.com\/\",\"name\":\"Guide utilisateur\",\"description\":\"\",\"publisher\":{\"@id\":\"https:\/\/tuto.provacy.com\/#organization\"},\"potentialAction\":[{\"@type\":\"SearchAction\",\"target\":{\"@type\":\"EntryPoint\",\"urlTemplate\":\"https:\/\/tuto.provacy.com\/?s={search_term_string}\"},\"query-input\":\"required name=search_term_string\"}],\"inLanguage\":\"en-GB\"},{\"@type\":\"Organization\",\"@id\":\"https:\/\/tuto.provacy.com\/#organization\",\"name\":\"Guide utilisateur\",\"url\":\"https:\/\/tuto.provacy.com\/\",\"logo\":{\"@type\":\"ImageObject\",\"inLanguage\":\"en-GB\",\"@id\":\"https:\/\/tuto.provacy.com\/#\/schema\/logo\/image\/\",\"url\":\"https:\/\/tuto.provacy.com\/wp-content\/uploads\/sites\/4\/2023\/10\/cropped-power-logo-white-slogan.png\",\"contentUrl\":\"https:\/\/tuto.provacy.com\/wp-content\/uploads\/sites\/4\/2023\/10\/cropped-power-logo-white-slogan.png\",\"width\":1231,\"height\":272,\"caption\":\"Guide utilisateur\"},\"image\":{\"@id\":\"https:\/\/tuto.provacy.com\/#\/schema\/logo\/image\/\"}}]}<\/script>\n<!-- \/ Yoast SEO plugin. -->","yoast_head_json":{"title":"Edition depuis Traitements - Guide utilisateur","robots":{"index":"noindex","follow":"follow","max-snippet":"max-snippet:-1","max-image-preview":"max-image-preview:large","max-video-preview":"max-video-preview:-1"},"og_locale":"en_GB","og_type":"article","og_title":"Edition depuis Traitements - Guide utilisateur","og_description":"Les informations personnalis\u00e9es sont principalement reprises dans les ANNEXES ANNEXE - Liste des parties Plusieurs responsables de traitements ou plusieurs sous-traitants peuvent \u00eatre s\u00e9lectionn\u00e9s ANNEXE - Description du traitement ou du transfert Les informations proviennent de la fiche traitement et de la fiche du tiers ANNEXE - Tableau de donn\u00e9es Les donn\u00e9es associ\u00e9es au tiers &hellip; Edition depuis Traitements Read More &raquo;","og_url":"https:\/\/tuto.provacy.com\/en\/clauses\/processing\/","og_site_name":"Guide utilisateur","article_modified_time":"2024-07-31T12:57:55+00:00","og_image":[{"url":"https:\/\/tuto.provacy.com\/wp-content\/uploads\/sites\/4\/2023\/08\/e040d388-e355-41d7-8b68-75d8f334b852.png"}],"twitter_card":"summary_large_image","twitter_misc":{"Estimated reading time":"1 minute"},"schema":{"@context":"https:\/\/schema.org","@graph":[{"@type":"WebPage","@id":"https:\/\/tuto.provacy.com\/clauses\/processing\/","url":"https:\/\/tuto.provacy.com\/clauses\/processing\/","name":"Edition depuis Traitements - Guide utilisateur","isPartOf":{"@id":"https:\/\/tuto.provacy.com\/#website"},"primaryImageOfPage":{"@id":"https:\/\/tuto.provacy.com\/clauses\/processing\/#primaryimage"},"image":{"@id":"https:\/\/tuto.provacy.com\/clauses\/processing\/#primaryimage"},"thumbnailUrl":"https:\/\/tuto.provacy.com\/wp-content\/uploads\/sites\/4\/2023\/08\/e040d388-e355-41d7-8b68-75d8f334b852.png","datePublished":"2024-07-15T14:34:41+00:00","dateModified":"2024-07-31T12:57:55+00:00","breadcrumb":{"@id":"https:\/\/tuto.provacy.com\/clauses\/processing\/#breadcrumb"},"inLanguage":"en-GB","potentialAction":[{"@type":"ReadAction","target":["https:\/\/tuto.provacy.com\/clauses\/processing\/"]}]},{"@type":"ImageObject","inLanguage":"en-GB","@id":"https:\/\/tuto.provacy.com\/clauses\/processing\/#primaryimage","url":"https:\/\/tuto.provacy.com\/wp-content\/uploads\/sites\/4\/2023\/08\/e040d388-e355-41d7-8b68-75d8f334b852.png","contentUrl":"https:\/\/tuto.provacy.com\/wp-content\/uploads\/sites\/4\/2023\/08\/e040d388-e355-41d7-8b68-75d8f334b852.png"},{"@type":"BreadcrumbList","@id":"https:\/\/tuto.provacy.com\/clauses\/processing\/#breadcrumb","itemListElement":[{"@type":"ListItem","position":1,"name":"Accueil","item":"https:\/\/tuto.provacy.com\/"},{"@type":"ListItem","position":2,"name":"Clauses contractuelles","item":"https:\/\/tuto.provacy.com\/clauses\/"},{"@type":"ListItem","position":3,"name":"Edition depuis Traitements"}]},{"@type":"WebSite","@id":"https:\/\/tuto.provacy.com\/#website","url":"https:\/\/tuto.provacy.com\/","name":"Guide utilisateur","description":"","publisher":{"@id":"https:\/\/tuto.provacy.com\/#organization"},"potentialAction":[{"@type":"SearchAction","target":{"@type":"EntryPoint","urlTemplate":"https:\/\/tuto.provacy.com\/?s={search_term_string}"},"query-input":"required name=search_term_string"}],"inLanguage":"en-GB"},{"@type":"Organization","@id":"https:\/\/tuto.provacy.com\/#organization","name":"Guide utilisateur","url":"https:\/\/tuto.provacy.com\/","logo":{"@type":"ImageObject","inLanguage":"en-GB","@id":"https:\/\/tuto.provacy.com\/#\/schema\/logo\/image\/","url":"https:\/\/tuto.provacy.com\/wp-content\/uploads\/sites\/4\/2023\/10\/cropped-power-logo-white-slogan.png","contentUrl":"https:\/\/tuto.provacy.com\/wp-content\/uploads\/sites\/4\/2023\/10\/cropped-power-logo-white-slogan.png","width":1231,"height":272,"caption":"Guide utilisateur"},"image":{"@id":"https:\/\/tuto.provacy.com\/#\/schema\/logo\/image\/"}}]}},"_links":{"self":[{"href":"https:\/\/tuto.provacy.com\/en\/wp-json\/wp\/v2\/pages\/2933"}],"collection":[{"href":"https:\/\/tuto.provacy.com\/en\/wp-json\/wp\/v2\/pages"}],"about":[{"href":"https:\/\/tuto.provacy.com\/en\/wp-json\/wp\/v2\/types\/page"}],"author":[{"embeddable":true,"href":"https:\/\/tuto.provacy.com\/en\/wp-json\/wp\/v2\/users\/2"}],"replies":[{"embeddable":true,"href":"https:\/\/tuto.provacy.com\/en\/wp-json\/wp\/v2\/comments?post=2933"}],"version-history":[{"count":12,"href":"https:\/\/tuto.provacy.com\/en\/wp-json\/wp\/v2\/pages\/2933\/revisions"}],"predecessor-version":[{"id":3077,"href":"https:\/\/tuto.provacy.com\/en\/wp-json\/wp\/v2\/pages\/2933\/revisions\/3077"}],"up":[{"embeddable":true,"href":"https:\/\/tuto.provacy.com\/en\/wp-json\/wp\/v2\/pages\/2904"}],"wp:attachment":[{"href":"https:\/\/tuto.provacy.com\/en\/wp-json\/wp\/v2\/media?parent=2933"}],"curies":[{"name":"wp","href":"https:\/\/api.w.org\/{rel}","templated":true}]}}