{"id":3061,"date":"2024-07-30T11:29:21","date_gmt":"2024-07-30T09:29:21","guid":{"rendered":"https:\/\/tuto.provacy.com\/?page_id=3061"},"modified":"2024-07-31T15:52:31","modified_gmt":"2024-07-31T13:52:31","slug":"contract","status":"publish","type":"page","link":"https:\/\/tuto.provacy.com\/en\/clauses\/contract\/","title":{"rendered":"Editing from Contract"},"content":{"rendered":"<div class=\"wp-block-group top-nav is-nowrap is-layout-flex wp-container-core-group-layout-1 wp-block-group-is-layout-flex\">\n\n<\/div>\n\n\n\n<p>Personalized information is mainly included in the ANNEXES<\/p>\n\n\n\n<h5 class=\"wp-block-heading\">ANNEX - List of parties<\/h5>\n\n\n\n<p>Several data controllers (Principals) or several processors can be selected<\/p>\n\n\n\n<div class=\"wp-block-group is-content-justification-center is-nowrap is-layout-flex wp-container-core-group-layout-2 wp-block-group-is-layout-flex\">\n<figure class=\"wp-block-image size-large is-resized\"><img decoding=\"async\" src=\"https:\/\/tuto.provacy.com\/wp-content\/uploads\/sites\/4\/2023\/08\/92ef7f6e-cc64-43df-921d-e961952326e5.png\" alt=\"\" style=\"width:800px\" \/><\/figure>\n<\/div>\n\n\n\n<p>The parties, Principals or Data Controllers <img loading=\"lazy\" decoding=\"async\" width=\"143\" height=\"141\" class=\"wp-image-2605\" style=\"width: 50px\" src=\"https:\/\/tuto.provacy.com\/wp-content\/uploads\/sites\/4\/2024\/04\/01_Menu-Page-1.png\" alt=\"\" srcset=\"https:\/\/tuto.provacy.com\/wp-content\/uploads\/sites\/4\/2024\/04\/01_Menu-Page-1.png 143w, https:\/\/tuto.provacy.com\/wp-content\/uploads\/sites\/4\/2024\/04\/01_Menu-Page-1-12x12.png 12w\" sizes=\"(max-width: 143px) 100vw, 143px\" \/> and processors <img loading=\"lazy\" decoding=\"async\" width=\"143\" height=\"141\" class=\"wp-image-2604\" style=\"width: 50px\" src=\"https:\/\/tuto.provacy.com\/wp-content\/uploads\/sites\/4\/2024\/04\/01_Menu-Page-1-1.png\" alt=\"\" srcset=\"https:\/\/tuto.provacy.com\/wp-content\/uploads\/sites\/4\/2024\/04\/01_Menu-Page-1-1.png 143w, https:\/\/tuto.provacy.com\/wp-content\/uploads\/sites\/4\/2024\/04\/01_Menu-Page-1-1-12x12.png 12w\" sizes=\"(max-width: 143px) 100vw, 143px\" \/> are selected in the Description tab of the form <img loading=\"lazy\" decoding=\"async\" width=\"103\" height=\"100\" class=\"wp-image-2326\" style=\"width: 60px\" src=\"https:\/\/tuto.provacy.com\/wp-content\/uploads\/sites\/4\/2024\/03\/contract.png\" alt=\"\" srcset=\"https:\/\/tuto.provacy.com\/wp-content\/uploads\/sites\/4\/2024\/03\/contract.png 103w, https:\/\/tuto.provacy.com\/wp-content\/uploads\/sites\/4\/2024\/03\/contract-12x12.png 12w\" sizes=\"(max-width: 103px) 100vw, 103px\" \/>. <\/p>\n\n\n\n<p>For Clauses outside the EU to the processor template, the exporting processor <img loading=\"lazy\" decoding=\"async\" width=\"143\" height=\"141\" class=\"wp-image-2604\" style=\"width: 50px\" src=\"https:\/\/tuto.provacy.com\/wp-content\/uploads\/sites\/4\/2024\/04\/01_Menu-Page-1-1.png\" alt=\"\" srcset=\"https:\/\/tuto.provacy.com\/wp-content\/uploads\/sites\/4\/2024\/04\/01_Menu-Page-1-1.png 143w, https:\/\/tuto.provacy.com\/wp-content\/uploads\/sites\/4\/2024\/04\/01_Menu-Page-1-1-12x12.png 12w\" sizes=\"(max-width: 143px) 100vw, 143px\" \/> is selected in the Description tab, the importing processor in the data table. <\/p>\n\n\n\n<div class=\"wp-block-group is-content-justification-center is-nowrap is-layout-flex wp-container-core-group-layout-3 wp-block-group-is-layout-flex\">\n<figure class=\"wp-block-image size-large is-resized\"><img decoding=\"async\" src=\"https:\/\/tuto.provacy.com\/wp-content\/uploads\/sites\/4\/2023\/08\/a26e4b4d-6ca4-4d14-a852-089b0395d985.png\" alt=\"\" style=\"width:800px\" \/><\/figure>\n<\/div>\n\n\n\n<h5 class=\"wp-block-heading\">ANNEX - Description of processing or transfer<\/h5>\n\n\n\n<p>The information comes from the Description tab of the Contract card <img loading=\"lazy\" decoding=\"async\" width=\"103\" height=\"100\" class=\"wp-image-2326\" style=\"width: 60px\" src=\"https:\/\/tuto.provacy.com\/wp-content\/uploads\/sites\/4\/2024\/03\/contract.png\" alt=\"\" srcset=\"https:\/\/tuto.provacy.com\/wp-content\/uploads\/sites\/4\/2024\/03\/contract.png 103w, https:\/\/tuto.provacy.com\/wp-content\/uploads\/sites\/4\/2024\/03\/contract-12x12.png 12w\" sizes=\"(max-width: 103px) 100vw, 103px\" \/><\/p>\n\n\n\n<div class=\"wp-block-group is-content-justification-center is-nowrap is-layout-flex wp-container-core-group-layout-4 wp-block-group-is-layout-flex\">\n<figure class=\"wp-block-image size-large is-resized\"><img decoding=\"async\" src=\"https:\/\/tuto.provacy.com\/wp-content\/uploads\/sites\/4\/2023\/08\/60af689f-da4f-4e86-82dc-fa8d73c06e13.png\" alt=\"\" style=\"width:800px\" \/><\/figure>\n<\/div>\n\n\n\n<h5 class=\"wp-block-heading\">ANNEX - Data table<\/h5>\n\n\n\n<p>All data categories selected in the table are displayed except for Non-EU processor-to-processor Clauses. In this case, only the categories of data received by the processor are presented.<\/p>\n\n\n\n<div class=\"wp-block-group is-content-justification-center is-nowrap is-layout-flex wp-container-core-group-layout-5 wp-block-group-is-layout-flex\">\n<figure class=\"wp-block-image size-large is-resized\"><img decoding=\"async\" src=\"https:\/\/tuto.provacy.com\/wp-content\/uploads\/sites\/4\/2023\/08\/cea915f2-8af8-432d-be81-79f14bf243c1.png\" alt=\"\" style=\"width:800px\" \/><\/figure>\n<\/div>\n\n\n\n<h5 class=\"wp-block-heading\">ANNEX - Technical and organizational measures implemented<\/h5>\n\n\n\n<p>Measures linked to the Contract <img loading=\"lazy\" decoding=\"async\" width=\"103\" height=\"100\" class=\"wp-image-2326\" style=\"width: 70px\" src=\"https:\/\/tuto.provacy.com\/wp-content\/uploads\/sites\/4\/2024\/03\/contract.png\" alt=\"\" srcset=\"https:\/\/tuto.provacy.com\/wp-content\/uploads\/sites\/4\/2024\/03\/contract.png 103w, https:\/\/tuto.provacy.com\/wp-content\/uploads\/sites\/4\/2024\/03\/contract-12x12.png 12w\" sizes=\"(max-width: 103px) 100vw, 103px\" \/>and tools <img loading=\"lazy\" decoding=\"async\" width=\"70\" height=\"70\" class=\"wp-image-2286\" style=\"width: 60px\" src=\"https:\/\/tuto.provacy.com\/wp-content\/uploads\/sites\/4\/2024\/03\/tools.png\" alt=\"\" srcset=\"https:\/\/tuto.provacy.com\/wp-content\/uploads\/sites\/4\/2024\/03\/tools.png 70w, https:\/\/tuto.provacy.com\/wp-content\/uploads\/sites\/4\/2024\/03\/tools-12x12.png 12w\" sizes=\"(max-width: 70px) 100vw, 70px\" \/> selected in the table are displayed. <\/p>\n\n\n\n<p>For Clauses outside EU from processor to processor, the security measures linked to the Third Party <img loading=\"lazy\" decoding=\"async\" width=\"70\" height=\"70\" class=\"wp-image-2288\" style=\"width: 50px\" src=\"https:\/\/tuto.provacy.com\/wp-content\/uploads\/sites\/4\/2024\/03\/partners.png\" alt=\"\" srcset=\"https:\/\/tuto.provacy.com\/wp-content\/uploads\/sites\/4\/2024\/03\/partners.png 70w, https:\/\/tuto.provacy.com\/wp-content\/uploads\/sites\/4\/2024\/03\/partners-12x12.png 12w\" sizes=\"(max-width: 70px) 100vw, 70px\" \/> which imports the data and that of its linked tools <img loading=\"lazy\" decoding=\"async\" width=\"70\" height=\"70\" class=\"wp-image-2286\" style=\"width: 50px\" src=\"https:\/\/tuto.provacy.com\/wp-content\/uploads\/sites\/4\/2024\/03\/tools.png\" alt=\"\" srcset=\"https:\/\/tuto.provacy.com\/wp-content\/uploads\/sites\/4\/2024\/03\/tools.png 70w, https:\/\/tuto.provacy.com\/wp-content\/uploads\/sites\/4\/2024\/03\/tools-12x12.png 12w\" sizes=\"(max-width: 70px) 100vw, 70px\" \/> are displayed.<\/p>\n\n\n\n<div class=\"wp-block-group is-content-justification-center is-nowrap is-layout-flex wp-container-core-group-layout-6 wp-block-group-is-layout-flex\">\n<figure class=\"wp-block-image size-large is-resized\"><img decoding=\"async\" src=\"https:\/\/tuto.provacy.com\/wp-content\/uploads\/sites\/4\/2023\/08\/ce3d4a22-ba73-4f7b-b53c-46f35759f174.png\" alt=\"\" style=\"width:1000px\" \/><\/figure>\n<\/div>\n\n\n\n<h5 class=\"wp-block-heading\">ANNEX - List of sub-processors<\/h5>\n\n\n\n<div class=\"wp-block-group is-content-justification-center is-nowrap is-layout-flex wp-container-core-group-layout-7 wp-block-group-is-layout-flex\">\n<figure class=\"wp-block-image size-large is-resized\"><img decoding=\"async\" src=\"https:\/\/tuto.provacy.com\/wp-content\/uploads\/sites\/4\/2023\/08\/2dd35537-a95e-4970-bbe5-7724e0d18cc3.png\" alt=\"\" style=\"width:1000px\" \/><\/figure>\n<\/div>\n\n\n\n<div class=\"wp-block-columns bottom-nav is-layout-flex wp-container-core-columns-layout-1 wp-block-columns-is-layout-flex\">\n<div class=\"wp-block-column is-layout-flow wp-block-column-is-layout-flow\" style=\"flex-basis:25%\"><\/div>\n\n\n\n<div class=\"wp-block-column is-layout-flow wp-block-column-is-layout-flow\" style=\"flex-basis:50%\"><\/div>\n\n\n\n<div class=\"wp-block-column is-layout-flow wp-block-column-is-layout-flow\" style=\"flex-basis:25%\"><\/div>\n<\/div>\n\n\n\n<span class=\"sidebar-toggle hidden\" title=\"Show\/Hide side menu\"><i class=\"fal fa-table-layout\"><\/i><\/span>\n<script src=\"\/wp-includes\/js\/provacy\/js.cookie.min.js\"><\/script>\n<script>\nvar shown = true, $ = jQuery, b = $('body'), t = $('.sidebar-toggle'), c = Cookies.get('sidebar');\nif (c) {\n  shown = c == 1;\n}\nb.addClass('sidebar-' + (shown ? 'shown' : 'hidden'));\nif (shown) {\n  t.find('i').toggleClass('fa-table-layout fa-window-maximize');\n}\nt.on('click', function() {\n  shown = !shown;\n  t.find('i').toggleClass('fa-table-layout fa-window-maximize');\n  b.toggleClass('sidebar-shown sidebar-hidden');\n  Cookies.set('sidebar', shown ? 1 : 0, { expires: 30 });\n});\n\n$('figure.wp-lightbox-container').on('click', function(e) {\n  var img = $(e.target).parents('figure:first').find('img:first'), src = img.attr('src'), enlarged = $('figure.enlarged-image img.' + img.attr('class'));\n  if (enlarged.length && src != enlarged.attr('src')) {\n    let count = 0;\n    function incr() {\n      count++;\n      if (src != enlarged.attr('src'))\n        enlarged.attr('src', src);\n      if (count >= 10) {\n        clearInterval(intervalId);\n      }\n    }\n    const intervalId = setInterval(incr, 100);\n  }\n\n  \/\/console.log('lightbox clicked', e, this);\n});\n\n<\/script>","protected":false},"excerpt":{"rendered":"<p>Les informations personnalis\u00e9es sont principalement reprises dans les ANNEXES ANNEXE - Liste des parties Plusieurs responsables de traitements (Donneurs d'ordre) ou plusieurs sous-traitants peuvent \u00eatre s\u00e9lectionn\u00e9s Les parties, Donneurs d'ordre ou Responsables de traitement et Sous-traitants sont s\u00e9lectionn\u00e9es dans l'onglet Description de la fiche . Pour le mod\u00e8le Clause Hors UE vers sous-traitant, le sous-traitant &hellip;<\/p>\n<p class=\"read-more\"> <a class=\"\" href=\"https:\/\/tuto.provacy.com\/en\/clauses\/contract\/\"> <span class=\"screen-reader-text\">Editing from Contract<\/span> Read More &raquo;<\/a><\/p>","protected":false},"author":2,"featured_media":0,"parent":2904,"menu_order":70,"comment_status":"closed","ping_status":"closed","template":"","meta":{"site-sidebar-layout":"default","site-content-layout":"","ast-site-content-layout":"default","site-content-style":"default","site-sidebar-style":"default","ast-global-header-display":"","ast-banner-title-visibility":"","ast-main-header-display":"","ast-hfb-above-header-display":"","ast-hfb-below-header-display":"","ast-hfb-mobile-header-display":"","site-post-title":"","ast-breadcrumbs-content":"","ast-featured-img":"","footer-sml-layout":"","theme-transparent-header-meta":"","adv-header-id-meta":"","stick-header-meta":"","header-above-stick-meta":"","header-main-stick-meta":"","header-below-stick-meta":"","astra-migrate-meta-layouts":"set","footnotes":""},"yoast_head":"<!-- This site is optimized with the Yoast SEO plugin v23.3 - https:\/\/yoast.com\/wordpress\/plugins\/seo\/ -->\n<title>Edition depuis Contrats - Guide utilisateur<\/title>\n<meta name=\"robots\" content=\"noindex, follow, max-snippet:-1, max-image-preview:large, max-video-preview:-1\" \/>\n<meta property=\"og:locale\" content=\"en_GB\" \/>\n<meta property=\"og:type\" content=\"article\" \/>\n<meta property=\"og:title\" content=\"Edition depuis Contrats - Guide utilisateur\" \/>\n<meta property=\"og:description\" content=\"Les informations personnalis\u00e9es sont principalement reprises dans les ANNEXES ANNEXE - Liste des parties Plusieurs responsables de traitements (Donneurs d&#039;ordre) ou plusieurs sous-traitants peuvent \u00eatre s\u00e9lectionn\u00e9s Les parties, Donneurs d&#039;ordre ou Responsables de traitement et Sous-traitants sont s\u00e9lectionn\u00e9es dans l&#039;onglet Description de la fiche . Pour le mod\u00e8le Clause Hors UE vers sous-traitant, le sous-traitant &hellip; Edition depuis Contrats Read More &raquo;\" \/>\n<meta property=\"og:url\" content=\"https:\/\/tuto.provacy.com\/en\/clauses\/contract\/\" \/>\n<meta property=\"og:site_name\" content=\"Guide utilisateur\" \/>\n<meta property=\"article:modified_time\" content=\"2024-07-31T13:52:31+00:00\" \/>\n<meta property=\"og:image\" content=\"https:\/\/tuto.provacy.com\/wp-content\/uploads\/sites\/4\/2023\/08\/24e68ddb-3b75-4fa6-b289-44bc525c3c85.png\" \/>\n<meta name=\"twitter:card\" content=\"summary_large_image\" \/>\n<meta name=\"twitter:label1\" content=\"Estimated reading time\" \/>\n\t<meta name=\"twitter:data1\" content=\"1 minute\" \/>\n<script type=\"application\/ld+json\" class=\"yoast-schema-graph\">{\"@context\":\"https:\/\/schema.org\",\"@graph\":[{\"@type\":\"WebPage\",\"@id\":\"https:\/\/tuto.provacy.com\/clauses\/contract\/\",\"url\":\"https:\/\/tuto.provacy.com\/clauses\/contract\/\",\"name\":\"Edition depuis Contrats - Guide utilisateur\",\"isPartOf\":{\"@id\":\"https:\/\/tuto.provacy.com\/#website\"},\"primaryImageOfPage\":{\"@id\":\"https:\/\/tuto.provacy.com\/clauses\/contract\/#primaryimage\"},\"image\":{\"@id\":\"https:\/\/tuto.provacy.com\/clauses\/contract\/#primaryimage\"},\"thumbnailUrl\":\"https:\/\/tuto.provacy.com\/wp-content\/uploads\/sites\/4\/2023\/08\/24e68ddb-3b75-4fa6-b289-44bc525c3c85.png\",\"datePublished\":\"2024-07-30T09:29:21+00:00\",\"dateModified\":\"2024-07-31T13:52:31+00:00\",\"breadcrumb\":{\"@id\":\"https:\/\/tuto.provacy.com\/clauses\/contract\/#breadcrumb\"},\"inLanguage\":\"en-GB\",\"potentialAction\":[{\"@type\":\"ReadAction\",\"target\":[\"https:\/\/tuto.provacy.com\/clauses\/contract\/\"]}]},{\"@type\":\"ImageObject\",\"inLanguage\":\"en-GB\",\"@id\":\"https:\/\/tuto.provacy.com\/clauses\/contract\/#primaryimage\",\"url\":\"https:\/\/tuto.provacy.com\/wp-content\/uploads\/sites\/4\/2023\/08\/24e68ddb-3b75-4fa6-b289-44bc525c3c85.png\",\"contentUrl\":\"https:\/\/tuto.provacy.com\/wp-content\/uploads\/sites\/4\/2023\/08\/24e68ddb-3b75-4fa6-b289-44bc525c3c85.png\"},{\"@type\":\"BreadcrumbList\",\"@id\":\"https:\/\/tuto.provacy.com\/clauses\/contract\/#breadcrumb\",\"itemListElement\":[{\"@type\":\"ListItem\",\"position\":1,\"name\":\"Accueil\",\"item\":\"https:\/\/tuto.provacy.com\/\"},{\"@type\":\"ListItem\",\"position\":2,\"name\":\"Clauses contractuelles\",\"item\":\"https:\/\/tuto.provacy.com\/clauses\/\"},{\"@type\":\"ListItem\",\"position\":3,\"name\":\"Edition depuis Contrats\"}]},{\"@type\":\"WebSite\",\"@id\":\"https:\/\/tuto.provacy.com\/#website\",\"url\":\"https:\/\/tuto.provacy.com\/\",\"name\":\"Guide utilisateur\",\"description\":\"\",\"publisher\":{\"@id\":\"https:\/\/tuto.provacy.com\/#organization\"},\"potentialAction\":[{\"@type\":\"SearchAction\",\"target\":{\"@type\":\"EntryPoint\",\"urlTemplate\":\"https:\/\/tuto.provacy.com\/?s={search_term_string}\"},\"query-input\":\"required name=search_term_string\"}],\"inLanguage\":\"en-GB\"},{\"@type\":\"Organization\",\"@id\":\"https:\/\/tuto.provacy.com\/#organization\",\"name\":\"Guide utilisateur\",\"url\":\"https:\/\/tuto.provacy.com\/\",\"logo\":{\"@type\":\"ImageObject\",\"inLanguage\":\"en-GB\",\"@id\":\"https:\/\/tuto.provacy.com\/#\/schema\/logo\/image\/\",\"url\":\"https:\/\/tuto.provacy.com\/wp-content\/uploads\/sites\/4\/2023\/10\/cropped-power-logo-white-slogan.png\",\"contentUrl\":\"https:\/\/tuto.provacy.com\/wp-content\/uploads\/sites\/4\/2023\/10\/cropped-power-logo-white-slogan.png\",\"width\":1231,\"height\":272,\"caption\":\"Guide utilisateur\"},\"image\":{\"@id\":\"https:\/\/tuto.provacy.com\/#\/schema\/logo\/image\/\"}}]}<\/script>\n<!-- \/ Yoast SEO plugin. -->","yoast_head_json":{"title":"Edition depuis Contrats - Guide utilisateur","robots":{"index":"noindex","follow":"follow","max-snippet":"max-snippet:-1","max-image-preview":"max-image-preview:large","max-video-preview":"max-video-preview:-1"},"og_locale":"en_GB","og_type":"article","og_title":"Edition depuis Contrats - Guide utilisateur","og_description":"Les informations personnalis\u00e9es sont principalement reprises dans les ANNEXES ANNEXE - Liste des parties Plusieurs responsables de traitements (Donneurs d'ordre) ou plusieurs sous-traitants peuvent \u00eatre s\u00e9lectionn\u00e9s Les parties, Donneurs d'ordre ou Responsables de traitement et Sous-traitants sont s\u00e9lectionn\u00e9es dans l'onglet Description de la fiche . Pour le mod\u00e8le Clause Hors UE vers sous-traitant, le sous-traitant &hellip; Edition depuis Contrats Read More &raquo;","og_url":"https:\/\/tuto.provacy.com\/en\/clauses\/contract\/","og_site_name":"Guide utilisateur","article_modified_time":"2024-07-31T13:52:31+00:00","og_image":[{"url":"https:\/\/tuto.provacy.com\/wp-content\/uploads\/sites\/4\/2023\/08\/24e68ddb-3b75-4fa6-b289-44bc525c3c85.png"}],"twitter_card":"summary_large_image","twitter_misc":{"Estimated reading time":"1 minute"},"schema":{"@context":"https:\/\/schema.org","@graph":[{"@type":"WebPage","@id":"https:\/\/tuto.provacy.com\/clauses\/contract\/","url":"https:\/\/tuto.provacy.com\/clauses\/contract\/","name":"Edition depuis Contrats - Guide utilisateur","isPartOf":{"@id":"https:\/\/tuto.provacy.com\/#website"},"primaryImageOfPage":{"@id":"https:\/\/tuto.provacy.com\/clauses\/contract\/#primaryimage"},"image":{"@id":"https:\/\/tuto.provacy.com\/clauses\/contract\/#primaryimage"},"thumbnailUrl":"https:\/\/tuto.provacy.com\/wp-content\/uploads\/sites\/4\/2023\/08\/24e68ddb-3b75-4fa6-b289-44bc525c3c85.png","datePublished":"2024-07-30T09:29:21+00:00","dateModified":"2024-07-31T13:52:31+00:00","breadcrumb":{"@id":"https:\/\/tuto.provacy.com\/clauses\/contract\/#breadcrumb"},"inLanguage":"en-GB","potentialAction":[{"@type":"ReadAction","target":["https:\/\/tuto.provacy.com\/clauses\/contract\/"]}]},{"@type":"ImageObject","inLanguage":"en-GB","@id":"https:\/\/tuto.provacy.com\/clauses\/contract\/#primaryimage","url":"https:\/\/tuto.provacy.com\/wp-content\/uploads\/sites\/4\/2023\/08\/24e68ddb-3b75-4fa6-b289-44bc525c3c85.png","contentUrl":"https:\/\/tuto.provacy.com\/wp-content\/uploads\/sites\/4\/2023\/08\/24e68ddb-3b75-4fa6-b289-44bc525c3c85.png"},{"@type":"BreadcrumbList","@id":"https:\/\/tuto.provacy.com\/clauses\/contract\/#breadcrumb","itemListElement":[{"@type":"ListItem","position":1,"name":"Accueil","item":"https:\/\/tuto.provacy.com\/"},{"@type":"ListItem","position":2,"name":"Clauses contractuelles","item":"https:\/\/tuto.provacy.com\/clauses\/"},{"@type":"ListItem","position":3,"name":"Edition depuis Contrats"}]},{"@type":"WebSite","@id":"https:\/\/tuto.provacy.com\/#website","url":"https:\/\/tuto.provacy.com\/","name":"Guide utilisateur","description":"","publisher":{"@id":"https:\/\/tuto.provacy.com\/#organization"},"potentialAction":[{"@type":"SearchAction","target":{"@type":"EntryPoint","urlTemplate":"https:\/\/tuto.provacy.com\/?s={search_term_string}"},"query-input":"required name=search_term_string"}],"inLanguage":"en-GB"},{"@type":"Organization","@id":"https:\/\/tuto.provacy.com\/#organization","name":"Guide utilisateur","url":"https:\/\/tuto.provacy.com\/","logo":{"@type":"ImageObject","inLanguage":"en-GB","@id":"https:\/\/tuto.provacy.com\/#\/schema\/logo\/image\/","url":"https:\/\/tuto.provacy.com\/wp-content\/uploads\/sites\/4\/2023\/10\/cropped-power-logo-white-slogan.png","contentUrl":"https:\/\/tuto.provacy.com\/wp-content\/uploads\/sites\/4\/2023\/10\/cropped-power-logo-white-slogan.png","width":1231,"height":272,"caption":"Guide utilisateur"},"image":{"@id":"https:\/\/tuto.provacy.com\/#\/schema\/logo\/image\/"}}]}},"_links":{"self":[{"href":"https:\/\/tuto.provacy.com\/en\/wp-json\/wp\/v2\/pages\/3061"}],"collection":[{"href":"https:\/\/tuto.provacy.com\/en\/wp-json\/wp\/v2\/pages"}],"about":[{"href":"https:\/\/tuto.provacy.com\/en\/wp-json\/wp\/v2\/types\/page"}],"author":[{"embeddable":true,"href":"https:\/\/tuto.provacy.com\/en\/wp-json\/wp\/v2\/users\/2"}],"replies":[{"embeddable":true,"href":"https:\/\/tuto.provacy.com\/en\/wp-json\/wp\/v2\/comments?post=3061"}],"version-history":[{"count":12,"href":"https:\/\/tuto.provacy.com\/en\/wp-json\/wp\/v2\/pages\/3061\/revisions"}],"predecessor-version":[{"id":3082,"href":"https:\/\/tuto.provacy.com\/en\/wp-json\/wp\/v2\/pages\/3061\/revisions\/3082"}],"up":[{"embeddable":true,"href":"https:\/\/tuto.provacy.com\/en\/wp-json\/wp\/v2\/pages\/2904"}],"wp:attachment":[{"href":"https:\/\/tuto.provacy.com\/en\/wp-json\/wp\/v2\/media?parent=3061"}],"curies":[{"name":"wp","href":"https:\/\/api.w.org\/{rel}","templated":true}]}}