{"id":3089,"date":"2024-08-01T16:09:54","date_gmt":"2024-08-01T14:09:54","guid":{"rendered":"https:\/\/tuto.provacy.com\/?page_id=3089"},"modified":"2024-08-09T11:52:21","modified_gmt":"2024-08-09T09:52:21","slug":"copy","status":"publish","type":"page","link":"https:\/\/tuto.provacy.com\/en\/measures\/copy\/","title":{"rendered":"4. Copy measures"},"content":{"rendered":"<div class=\"wp-block-group top-nav is-nowrap is-layout-flex wp-container-core-group-layout-1 wp-block-group-is-layout-flex\">\n\n<\/div>\n\n\n\n<h5 class=\"wp-block-heading\">This action is only accessible to administrators<\/h5>\n\n\n\n<h5 class=\"wp-block-heading\">Copy measures: <\/h5>\n\n\n\n<ul>\n<li><img loading=\"lazy\" decoding=\"async\" width=\"179\" height=\"168\" class=\"wp-image-3097\" style=\"width: 55px\" src=\"https:\/\/tuto.provacy.com\/wp-content\/uploads\/sites\/4\/2024\/08\/Logo_Controller_NoBG.png\" alt=\"\" srcset=\"https:\/\/tuto.provacy.com\/wp-content\/uploads\/sites\/4\/2024\/08\/Logo_Controller_NoBG.png 179w, https:\/\/tuto.provacy.com\/wp-content\/uploads\/sites\/4\/2024\/08\/Logo_Controller_NoBG-13x12.png 13w\" sizes=\"(max-width: 179px) 100vw, 179px\" \/>from a Data Controller to other Data Controllers, <\/li>\n\n\n\n<li><img loading=\"lazy\" decoding=\"async\" width=\"165\" height=\"156\" class=\"wp-image-3100\" style=\"width: 50px\" src=\"https:\/\/tuto.provacy.com\/wp-content\/uploads\/sites\/4\/2024\/08\/Logo_Unit.png\" alt=\"\" srcset=\"https:\/\/tuto.provacy.com\/wp-content\/uploads\/sites\/4\/2024\/08\/Logo_Unit.png 165w, https:\/\/tuto.provacy.com\/wp-content\/uploads\/sites\/4\/2024\/08\/Logo_Unit-13x12.png 13w\" sizes=\"(max-width: 165px) 100vw, 165px\" \/>from one unit to other units, <\/li>\n\n\n\n<li><img loading=\"lazy\" decoding=\"async\" width=\"156\" height=\"172\" class=\"wp-image-3101\" style=\"width: 50px\" src=\"https:\/\/tuto.provacy.com\/wp-content\/uploads\/sites\/4\/2024\/08\/Partner.png\" alt=\"\" srcset=\"https:\/\/tuto.provacy.com\/wp-content\/uploads\/sites\/4\/2024\/08\/Partner.png 156w, https:\/\/tuto.provacy.com\/wp-content\/uploads\/sites\/4\/2024\/08\/Partner-11x12.png 11w\" sizes=\"(max-width: 156px) 100vw, 156px\" \/>from a third party to other third parties, <\/li>\n\n\n\n<li><img loading=\"lazy\" decoding=\"async\" width=\"166\" height=\"156\" class=\"wp-image-3098\" style=\"width: 52px\" src=\"https:\/\/tuto.provacy.com\/wp-content\/uploads\/sites\/4\/2024\/08\/Tool.png\" alt=\"\" srcset=\"https:\/\/tuto.provacy.com\/wp-content\/uploads\/sites\/4\/2024\/08\/Tool.png 166w, https:\/\/tuto.provacy.com\/wp-content\/uploads\/sites\/4\/2024\/08\/Tool-13x12.png 13w\" sizes=\"(max-width: 166px) 100vw, 166px\" \/>or from one tool to other tools.<\/li>\n<\/ul>\n\n\n\n<p>The measures in the Processing or Contract records will be updated by inheritance.<\/p>\n\n\n\n<div class=\"wp-block-group is-content-justification-center is-nowrap is-layout-flex wp-container-core-group-layout-2 wp-block-group-is-layout-flex\">\n<figure class=\"wp-block-image size-large\"><img decoding=\"async\" src=\"https:\/\/tuto.provacy.com\/wp-content\/uploads\/sites\/4\/2023\/08\/6e2aea85-2bef-41d5-966b-ef373d310e18.png\" alt=\"\" \/><\/figure>\n<\/div>\n\n\n\n<p>Click on <img loading=\"lazy\" decoding=\"async\" width=\"608\" height=\"113\" class=\"wp-image-3096\" style=\"width: 230px\" src=\"https:\/\/tuto.provacy.com\/wp-content\/uploads\/sites\/4\/2024\/08\/scrnli_05_08_2024-14-07-49.png\" alt=\"\" srcset=\"https:\/\/tuto.provacy.com\/wp-content\/uploads\/sites\/4\/2024\/08\/scrnli_05_08_2024-14-07-49.png 282w, https:\/\/tuto.provacy.com\/wp-content\/uploads\/sites\/4\/2024\/08\/scrnli_05_08_2024-14-07-49-18x4.png 18w\" sizes=\"(max-width: 608px) 100vw, 608px\" \/> to select targets<\/p>\n\n\n\n<p>The measures in unpublished processing and contract cards are automatically updated. You can choose to update the records published in the register by checking the box.<\/p>\n\n\n\n<div class=\"wp-block-group is-content-justification-center is-nowrap is-layout-flex wp-container-core-group-layout-3 wp-block-group-is-layout-flex\">\n<figure class=\"wp-block-image size-large is-resized\"><img decoding=\"async\" src=\"https:\/\/tuto.provacy.com\/wp-content\/uploads\/sites\/4\/2023\/08\/e6696918-576a-4691-a99b-b12ccfbb124b.png\" alt=\"\" style=\"width:800px\" \/><\/figure>\n<\/div>\n\n\n\n<p><img loading=\"lazy\" decoding=\"async\" width=\"179\" height=\"168\" class=\"wp-image-3097\" style=\"width: 50px\" src=\"https:\/\/tuto.provacy.com\/wp-content\/uploads\/sites\/4\/2024\/08\/Logo_Controller_NoBG.png\" alt=\"\" srcset=\"https:\/\/tuto.provacy.com\/wp-content\/uploads\/sites\/4\/2024\/08\/Logo_Controller_NoBG.png 179w, https:\/\/tuto.provacy.com\/wp-content\/uploads\/sites\/4\/2024\/08\/Logo_Controller_NoBG-13x12.png 13w\" sizes=\"(max-width: 179px) 100vw, 179px\" \/>Special feature for Data Controllers: you can select target groups<\/p>\n\n\n\n<div class=\"wp-block-group is-content-justification-center is-nowrap is-layout-flex wp-container-core-group-layout-4 wp-block-group-is-layout-flex\">\n<figure class=\"wp-block-image size-large is-resized\"><img decoding=\"async\" src=\"https:\/\/tuto.provacy.com\/wp-content\/uploads\/sites\/4\/2023\/08\/36c7678e-ca5e-4cbb-88ee-f1680dd36e45.png\" alt=\"\" style=\"width:800px\" \/><\/figure>\n<\/div>\n\n\n\n<p><img loading=\"lazy\" decoding=\"async\" width=\"143\" height=\"141\" class=\"wp-image-2605\" style=\"width: 50px\" src=\"https:\/\/tuto.provacy.com\/wp-content\/uploads\/sites\/4\/2024\/04\/01_Menu-Page-1.png\" alt=\"\" srcset=\"https:\/\/tuto.provacy.com\/wp-content\/uploads\/sites\/4\/2024\/04\/01_Menu-Page-1.png 143w, https:\/\/tuto.provacy.com\/wp-content\/uploads\/sites\/4\/2024\/04\/01_Menu-Page-1-12x12.png 12w\" sizes=\"(max-width: 143px) 100vw, 143px\" \/> The Target groups menu allows you to create and name groups of data controllers:<\/p>\n\n\n\n<div class=\"wp-block-group is-content-justification-center is-nowrap is-layout-flex wp-container-core-group-layout-5 wp-block-group-is-layout-flex\">\n<figure class=\"wp-block-image size-large\"><img decoding=\"async\" src=\"https:\/\/tuto.provacy.com\/wp-content\/uploads\/sites\/4\/2023\/08\/88e55ec3-5b22-4170-b9fa-fc5c03740a5b.png\" alt=\"\" \/><\/figure>\n<\/div>\n\n\n\n<div class=\"wp-block-columns bottom-nav is-layout-flex wp-container-core-columns-layout-1 wp-block-columns-is-layout-flex\">\n<div class=\"wp-block-column is-layout-flow wp-block-column-is-layout-flow\" style=\"flex-basis:25%\"><\/div>\n\n\n\n<div class=\"wp-block-column is-layout-flow wp-block-column-is-layout-flow\" style=\"flex-basis:50%\"><\/div>\n\n\n\n<div class=\"wp-block-column is-layout-flow wp-block-column-is-layout-flow\" style=\"flex-basis:25%\"><\/div>\n<\/div>\n\n\n\n<span class=\"sidebar-toggle hidden\" title=\"Show\/Hide side menu\"><i class=\"fal fa-table-layout\"><\/i><\/span>\n<script src=\"\/wp-includes\/js\/provacy\/js.cookie.min.js\"><\/script>\n<script>\nvar shown = true, $ = jQuery, b = $('body'), t = $('.sidebar-toggle'), c = Cookies.get('sidebar');\nif (c) {\n  shown = c == 1;\n}\nb.addClass('sidebar-' + (shown ? 'shown' : 'hidden'));\nif (shown) {\n  t.find('i').toggleClass('fa-table-layout fa-window-maximize');\n}\nt.on('click', function() {\n  shown = !shown;\n  t.find('i').toggleClass('fa-table-layout fa-window-maximize');\n  b.toggleClass('sidebar-shown sidebar-hidden');\n  Cookies.set('sidebar', shown ? 1 : 0, { expires: 30 });\n});\n\n$('figure.wp-lightbox-container').on('click', function(e) {\n  var img = $(e.target).parents('figure:first').find('img:first'), src = img.attr('src'), enlarged = $('figure.enlarged-image img.' + img.attr('class'));\n  if (enlarged.length && src != enlarged.attr('src')) {\n    let count = 0;\n    function incr() {\n      count++;\n      if (src != enlarged.attr('src'))\n        enlarged.attr('src', src);\n      if (count >= 10) {\n        clearInterval(intervalId);\n      }\n    }\n    const intervalId = setInterval(incr, 100);\n  }\n\n  \/\/console.log('lightbox clicked', e, this);\n});\n\n<\/script>","protected":false},"excerpt":{"rendered":"<p>Cette action n'est accessible qu'aux administrateurs Copiez des mesures : Les mesures des fiches Traitement ou Contrat seront mises \u00e0 jour par h\u00e9ritage. Cliquez sur pour s\u00e9lectionner les cibles Les mesures des fiches traitement et contrat non publi\u00e9es se mettent automatiquement \u00e0 jour. Vous pouvez choisir de mettre a jour les fiches publi\u00e9es au registre &hellip;<\/p>\n<p class=\"read-more\"> <a class=\"\" href=\"https:\/\/tuto.provacy.com\/en\/measures\/copy\/\"> <span class=\"screen-reader-text\">4. Copy measures<\/span> Read More &raquo;<\/a><\/p>","protected":false},"author":2,"featured_media":0,"parent":1548,"menu_order":83,"comment_status":"closed","ping_status":"closed","template":"","meta":{"site-sidebar-layout":"default","site-content-layout":"","ast-site-content-layout":"default","site-content-style":"default","site-sidebar-style":"default","ast-global-header-display":"","ast-banner-title-visibility":"","ast-main-header-display":"","ast-hfb-above-header-display":"","ast-hfb-below-header-display":"","ast-hfb-mobile-header-display":"","site-post-title":"","ast-breadcrumbs-content":"","ast-featured-img":"","footer-sml-layout":"","theme-transparent-header-meta":"","adv-header-id-meta":"","stick-header-meta":"","header-above-stick-meta":"","header-main-stick-meta":"","header-below-stick-meta":"","astra-migrate-meta-layouts":"set","footnotes":""},"yoast_head":"<!-- This site is optimized with the Yoast SEO plugin v23.3 - https:\/\/yoast.com\/wordpress\/plugins\/seo\/ -->\n<title>4. Copier des mesures - Guide utilisateur<\/title>\n<meta name=\"robots\" content=\"noindex, follow, max-snippet:-1, max-image-preview:large, max-video-preview:-1\" \/>\n<meta property=\"og:locale\" content=\"en_GB\" \/>\n<meta property=\"og:type\" content=\"article\" \/>\n<meta property=\"og:title\" content=\"4. Copier des mesures - Guide utilisateur\" \/>\n<meta property=\"og:description\" content=\"Cette action n&#039;est accessible qu&#039;aux administrateurs Copiez des mesures : Les mesures des fiches Traitement ou Contrat seront mises \u00e0 jour par h\u00e9ritage. Cliquez sur pour s\u00e9lectionner les cibles Les mesures des fiches traitement et contrat non publi\u00e9es se mettent automatiquement \u00e0 jour. Vous pouvez choisir de mettre a jour les fiches publi\u00e9es au registre &hellip; 4. Copier des mesures Read More &raquo;\" \/>\n<meta property=\"og:url\" content=\"https:\/\/tuto.provacy.com\/en\/measures\/copy\/\" \/>\n<meta property=\"og:site_name\" content=\"Guide utilisateur\" \/>\n<meta property=\"article:modified_time\" content=\"2024-08-09T09:52:21+00:00\" \/>\n<meta property=\"og:image\" content=\"https:\/\/tuto.provacy.com\/wp-content\/uploads\/sites\/4\/2024\/08\/Logo_Controller_NoBG.png\" \/>\n<meta name=\"twitter:card\" content=\"summary_large_image\" \/>\n<meta name=\"twitter:label1\" content=\"Estimated reading time\" \/>\n\t<meta name=\"twitter:data1\" content=\"3 minutes\" \/>\n<script type=\"application\/ld+json\" class=\"yoast-schema-graph\">{\"@context\":\"https:\/\/schema.org\",\"@graph\":[{\"@type\":\"WebPage\",\"@id\":\"https:\/\/tuto.provacy.com\/measures\/copy\/\",\"url\":\"https:\/\/tuto.provacy.com\/measures\/copy\/\",\"name\":\"4. Copier des mesures - Guide utilisateur\",\"isPartOf\":{\"@id\":\"https:\/\/tuto.provacy.com\/#website\"},\"primaryImageOfPage\":{\"@id\":\"https:\/\/tuto.provacy.com\/measures\/copy\/#primaryimage\"},\"image\":{\"@id\":\"https:\/\/tuto.provacy.com\/measures\/copy\/#primaryimage\"},\"thumbnailUrl\":\"https:\/\/tuto.provacy.com\/wp-content\/uploads\/sites\/4\/2024\/08\/Logo_Controller_NoBG.png\",\"datePublished\":\"2024-08-01T14:09:54+00:00\",\"dateModified\":\"2024-08-09T09:52:21+00:00\",\"breadcrumb\":{\"@id\":\"https:\/\/tuto.provacy.com\/measures\/copy\/#breadcrumb\"},\"inLanguage\":\"en-GB\",\"potentialAction\":[{\"@type\":\"ReadAction\",\"target\":[\"https:\/\/tuto.provacy.com\/measures\/copy\/\"]}]},{\"@type\":\"ImageObject\",\"inLanguage\":\"en-GB\",\"@id\":\"https:\/\/tuto.provacy.com\/measures\/copy\/#primaryimage\",\"url\":\"https:\/\/tuto.provacy.com\/wp-content\/uploads\/sites\/4\/2024\/08\/Logo_Controller_NoBG.png\",\"contentUrl\":\"https:\/\/tuto.provacy.com\/wp-content\/uploads\/sites\/4\/2024\/08\/Logo_Controller_NoBG.png\"},{\"@type\":\"BreadcrumbList\",\"@id\":\"https:\/\/tuto.provacy.com\/measures\/copy\/#breadcrumb\",\"itemListElement\":[{\"@type\":\"ListItem\",\"position\":1,\"name\":\"Accueil\",\"item\":\"https:\/\/tuto.provacy.com\/\"},{\"@type\":\"ListItem\",\"position\":2,\"name\":\"Mesures de s\u00e9curit\u00e9\",\"item\":\"https:\/\/tuto.provacy.com\/measures\/\"},{\"@type\":\"ListItem\",\"position\":3,\"name\":\"4. Copier des mesures\"}]},{\"@type\":\"WebSite\",\"@id\":\"https:\/\/tuto.provacy.com\/#website\",\"url\":\"https:\/\/tuto.provacy.com\/\",\"name\":\"Guide utilisateur\",\"description\":\"\",\"publisher\":{\"@id\":\"https:\/\/tuto.provacy.com\/#organization\"},\"potentialAction\":[{\"@type\":\"SearchAction\",\"target\":{\"@type\":\"EntryPoint\",\"urlTemplate\":\"https:\/\/tuto.provacy.com\/?s={search_term_string}\"},\"query-input\":\"required name=search_term_string\"}],\"inLanguage\":\"en-GB\"},{\"@type\":\"Organization\",\"@id\":\"https:\/\/tuto.provacy.com\/#organization\",\"name\":\"Guide utilisateur\",\"url\":\"https:\/\/tuto.provacy.com\/\",\"logo\":{\"@type\":\"ImageObject\",\"inLanguage\":\"en-GB\",\"@id\":\"https:\/\/tuto.provacy.com\/#\/schema\/logo\/image\/\",\"url\":\"https:\/\/tuto.provacy.com\/wp-content\/uploads\/sites\/4\/2023\/10\/cropped-power-logo-white-slogan.png\",\"contentUrl\":\"https:\/\/tuto.provacy.com\/wp-content\/uploads\/sites\/4\/2023\/10\/cropped-power-logo-white-slogan.png\",\"width\":1231,\"height\":272,\"caption\":\"Guide utilisateur\"},\"image\":{\"@id\":\"https:\/\/tuto.provacy.com\/#\/schema\/logo\/image\/\"}}]}<\/script>\n<!-- \/ Yoast SEO plugin. -->","yoast_head_json":{"title":"4. Copier des mesures - Guide utilisateur","robots":{"index":"noindex","follow":"follow","max-snippet":"max-snippet:-1","max-image-preview":"max-image-preview:large","max-video-preview":"max-video-preview:-1"},"og_locale":"en_GB","og_type":"article","og_title":"4. Copier des mesures - Guide utilisateur","og_description":"Cette action n'est accessible qu'aux administrateurs Copiez des mesures : Les mesures des fiches Traitement ou Contrat seront mises \u00e0 jour par h\u00e9ritage. Cliquez sur pour s\u00e9lectionner les cibles Les mesures des fiches traitement et contrat non publi\u00e9es se mettent automatiquement \u00e0 jour. Vous pouvez choisir de mettre a jour les fiches publi\u00e9es au registre &hellip; 4. Copier des mesures Read More &raquo;","og_url":"https:\/\/tuto.provacy.com\/en\/measures\/copy\/","og_site_name":"Guide utilisateur","article_modified_time":"2024-08-09T09:52:21+00:00","og_image":[{"url":"https:\/\/tuto.provacy.com\/wp-content\/uploads\/sites\/4\/2024\/08\/Logo_Controller_NoBG.png"}],"twitter_card":"summary_large_image","twitter_misc":{"Estimated reading time":"3 minutes"},"schema":{"@context":"https:\/\/schema.org","@graph":[{"@type":"WebPage","@id":"https:\/\/tuto.provacy.com\/measures\/copy\/","url":"https:\/\/tuto.provacy.com\/measures\/copy\/","name":"4. Copier des mesures - Guide utilisateur","isPartOf":{"@id":"https:\/\/tuto.provacy.com\/#website"},"primaryImageOfPage":{"@id":"https:\/\/tuto.provacy.com\/measures\/copy\/#primaryimage"},"image":{"@id":"https:\/\/tuto.provacy.com\/measures\/copy\/#primaryimage"},"thumbnailUrl":"https:\/\/tuto.provacy.com\/wp-content\/uploads\/sites\/4\/2024\/08\/Logo_Controller_NoBG.png","datePublished":"2024-08-01T14:09:54+00:00","dateModified":"2024-08-09T09:52:21+00:00","breadcrumb":{"@id":"https:\/\/tuto.provacy.com\/measures\/copy\/#breadcrumb"},"inLanguage":"en-GB","potentialAction":[{"@type":"ReadAction","target":["https:\/\/tuto.provacy.com\/measures\/copy\/"]}]},{"@type":"ImageObject","inLanguage":"en-GB","@id":"https:\/\/tuto.provacy.com\/measures\/copy\/#primaryimage","url":"https:\/\/tuto.provacy.com\/wp-content\/uploads\/sites\/4\/2024\/08\/Logo_Controller_NoBG.png","contentUrl":"https:\/\/tuto.provacy.com\/wp-content\/uploads\/sites\/4\/2024\/08\/Logo_Controller_NoBG.png"},{"@type":"BreadcrumbList","@id":"https:\/\/tuto.provacy.com\/measures\/copy\/#breadcrumb","itemListElement":[{"@type":"ListItem","position":1,"name":"Accueil","item":"https:\/\/tuto.provacy.com\/"},{"@type":"ListItem","position":2,"name":"Mesures de s\u00e9curit\u00e9","item":"https:\/\/tuto.provacy.com\/measures\/"},{"@type":"ListItem","position":3,"name":"4. Copier des mesures"}]},{"@type":"WebSite","@id":"https:\/\/tuto.provacy.com\/#website","url":"https:\/\/tuto.provacy.com\/","name":"Guide utilisateur","description":"","publisher":{"@id":"https:\/\/tuto.provacy.com\/#organization"},"potentialAction":[{"@type":"SearchAction","target":{"@type":"EntryPoint","urlTemplate":"https:\/\/tuto.provacy.com\/?s={search_term_string}"},"query-input":"required name=search_term_string"}],"inLanguage":"en-GB"},{"@type":"Organization","@id":"https:\/\/tuto.provacy.com\/#organization","name":"Guide utilisateur","url":"https:\/\/tuto.provacy.com\/","logo":{"@type":"ImageObject","inLanguage":"en-GB","@id":"https:\/\/tuto.provacy.com\/#\/schema\/logo\/image\/","url":"https:\/\/tuto.provacy.com\/wp-content\/uploads\/sites\/4\/2023\/10\/cropped-power-logo-white-slogan.png","contentUrl":"https:\/\/tuto.provacy.com\/wp-content\/uploads\/sites\/4\/2023\/10\/cropped-power-logo-white-slogan.png","width":1231,"height":272,"caption":"Guide utilisateur"},"image":{"@id":"https:\/\/tuto.provacy.com\/#\/schema\/logo\/image\/"}}]}},"_links":{"self":[{"href":"https:\/\/tuto.provacy.com\/en\/wp-json\/wp\/v2\/pages\/3089"}],"collection":[{"href":"https:\/\/tuto.provacy.com\/en\/wp-json\/wp\/v2\/pages"}],"about":[{"href":"https:\/\/tuto.provacy.com\/en\/wp-json\/wp\/v2\/types\/page"}],"author":[{"embeddable":true,"href":"https:\/\/tuto.provacy.com\/en\/wp-json\/wp\/v2\/users\/2"}],"replies":[{"embeddable":true,"href":"https:\/\/tuto.provacy.com\/en\/wp-json\/wp\/v2\/comments?post=3089"}],"version-history":[{"count":9,"href":"https:\/\/tuto.provacy.com\/en\/wp-json\/wp\/v2\/pages\/3089\/revisions"}],"predecessor-version":[{"id":3116,"href":"https:\/\/tuto.provacy.com\/en\/wp-json\/wp\/v2\/pages\/3089\/revisions\/3116"}],"up":[{"embeddable":true,"href":"https:\/\/tuto.provacy.com\/en\/wp-json\/wp\/v2\/pages\/1548"}],"wp:attachment":[{"href":"https:\/\/tuto.provacy.com\/en\/wp-json\/wp\/v2\/media?parent=3089"}],"curies":[{"name":"wp","href":"https:\/\/api.w.org\/{rel}","templated":true}]}}