{"id":3148,"date":"2025-01-10T14:34:36","date_gmt":"2025-01-10T13:34:36","guid":{"rendered":"https:\/\/tuto.provacy.com\/?page_id=3148"},"modified":"2025-01-15T13:50:48","modified_gmt":"2025-01-15T12:50:48","slug":"new","status":"publish","type":"page","link":"https:\/\/tuto.provacy.com\/en\/pia\/new\/","title":{"rendered":"01. Create"},"content":{"rendered":"<div class=\"wp-block-group top-nav is-nowrap is-layout-flex wp-container-core-group-layout-1 wp-block-group-is-layout-flex\">\n\n<\/div>\n\n\n\n<h4 class=\"wp-block-heading\">1. Creation of a PIA<\/h4>\n\n\n\n<p>Each DPIA is generated from a processing record as it takes certain information from it. If necessary, a DPIA can be associated with multiple processing records.<\/p>\n\n\n\n<div class=\"wp-block-group is-content-justification-center is-nowrap is-layout-flex wp-container-core-group-layout-2 wp-block-group-is-layout-flex\" style=\"padding-top:0;padding-bottom:0\">\n<figure class=\"wp-block-image size-large is-resized\"><img decoding=\"async\" src=\"https:\/\/tuto.provacy.com\/wp-content\/uploads\/sites\/4\/2023\/08\/0ad3ea96-62bb-412e-87e3-8b17c25abc5f.png\" alt=\"\" style=\"width:600px\" \/><\/figure>\n<\/div>\n\n\n\n<p><\/p>\n\n\n\n<div class=\"wp-block-group is-vertical is-content-justification-center is-nowrap is-layout-flex wp-container-core-group-layout-5 wp-block-group-is-layout-flex\" style=\"padding-top:var(--wp--preset--spacing--20);padding-right:0;padding-bottom:var(--wp--preset--spacing--20);padding-left:0\">\n<div class=\"wp-block-group is-nowrap is-layout-flex wp-container-core-group-layout-3 wp-block-group-is-layout-flex\">\n<figure class=\"wp-block-image size-large is-resized\"><img loading=\"lazy\" decoding=\"async\" width=\"1024\" height=\"335\" src=\"https:\/\/tuto.provacy.com\/wp-content\/uploads\/sites\/4\/2025\/01\/screenshot-test-c9993_provacy4_eu-2025_01_10-14_32_37.png\" alt=\"\" class=\"wp-image-3151\" style=\"width:800px\" srcset=\"https:\/\/tuto.provacy.com\/wp-content\/uploads\/sites\/4\/2025\/01\/screenshot-test-c9993_provacy4_eu-2025_01_10-14_32_37.png 1914w, https:\/\/tuto.provacy.com\/wp-content\/uploads\/sites\/4\/2025\/01\/screenshot-test-c9993_provacy4_eu-2025_01_10-14_32_37-300x98.png 300w, https:\/\/tuto.provacy.com\/wp-content\/uploads\/sites\/4\/2025\/01\/screenshot-test-c9993_provacy4_eu-2025_01_10-14_32_37-1024x335.png 1024w, https:\/\/tuto.provacy.com\/wp-content\/uploads\/sites\/4\/2025\/01\/screenshot-test-c9993_provacy4_eu-2025_01_10-14_32_37-768x251.png 768w, https:\/\/tuto.provacy.com\/wp-content\/uploads\/sites\/4\/2025\/01\/screenshot-test-c9993_provacy4_eu-2025_01_10-14_32_37-1536x502.png 1536w, https:\/\/tuto.provacy.com\/wp-content\/uploads\/sites\/4\/2025\/01\/screenshot-test-c9993_provacy4_eu-2025_01_10-14_32_37-18x6.png 18w\" sizes=\"(max-width: 1024px) 100vw, 1024px\" \/><figcaption class=\"wp-element-caption\">List of processings with linked PIAs - Access the PIA:  <img loading=\"lazy\" decoding=\"async\" width=\"48\" height=\"44\" class=\"wp-image-3157\" style=\"width: 35px\" src=\"https:\/\/tuto.provacy.com\/wp-content\/uploads\/sites\/4\/2025\/01\/screenshot-test-c9993_provacy4_eu-2025_01_10-15_00_14.png\" alt=\"\" srcset=\"https:\/\/tuto.provacy.com\/wp-content\/uploads\/sites\/4\/2025\/01\/screenshot-test-c9993_provacy4_eu-2025_01_10-15_00_14.png 48w, https:\/\/tuto.provacy.com\/wp-content\/uploads\/sites\/4\/2025\/01\/screenshot-test-c9993_provacy4_eu-2025_01_10-15_00_14-13x12.png 13w\" sizes=\"(max-width: 48px) 100vw, 48px\" \/><\/figcaption><\/figure>\n<\/div>\n\n\n\n<div class=\"wp-block-group is-nowrap is-layout-flex wp-container-core-group-layout-4 wp-block-group-is-layout-flex\">\n<figure class=\"wp-block-image size-large is-resized\"><img loading=\"lazy\" decoding=\"async\" width=\"1024\" height=\"217\" src=\"https:\/\/tuto.provacy.com\/wp-content\/uploads\/sites\/4\/2025\/01\/screenshot-test-c9993_provacy4_eu-2025_01_10-14_38_53.png\" alt=\"\" class=\"wp-image-3152\" style=\"width:800px\" srcset=\"https:\/\/tuto.provacy.com\/wp-content\/uploads\/sites\/4\/2025\/01\/screenshot-test-c9993_provacy4_eu-2025_01_10-14_38_53.png 1917w, https:\/\/tuto.provacy.com\/wp-content\/uploads\/sites\/4\/2025\/01\/screenshot-test-c9993_provacy4_eu-2025_01_10-14_38_53-300x63.png 300w, https:\/\/tuto.provacy.com\/wp-content\/uploads\/sites\/4\/2025\/01\/screenshot-test-c9993_provacy4_eu-2025_01_10-14_38_53-1024x216.png 1024w, https:\/\/tuto.provacy.com\/wp-content\/uploads\/sites\/4\/2025\/01\/screenshot-test-c9993_provacy4_eu-2025_01_10-14_38_53-768x162.png 768w, https:\/\/tuto.provacy.com\/wp-content\/uploads\/sites\/4\/2025\/01\/screenshot-test-c9993_provacy4_eu-2025_01_10-14_38_53-1536x325.png 1536w, https:\/\/tuto.provacy.com\/wp-content\/uploads\/sites\/4\/2025\/01\/screenshot-test-c9993_provacy4_eu-2025_01_10-14_38_53-18x4.png 18w\" sizes=\"(max-width: 1024px) 100vw, 1024px\" \/><figcaption class=\"wp-element-caption\">List of PIAs with linked processing - Access the processing: <img loading=\"lazy\" decoding=\"async\" width=\"48\" height=\"44\" class=\"wp-image-3157\" style=\"width: 35px\" src=\"https:\/\/tuto.provacy.com\/wp-content\/uploads\/sites\/4\/2025\/01\/screenshot-test-c9993_provacy4_eu-2025_01_10-15_00_14.png\" alt=\"\" srcset=\"https:\/\/tuto.provacy.com\/wp-content\/uploads\/sites\/4\/2025\/01\/screenshot-test-c9993_provacy4_eu-2025_01_10-15_00_14.png 48w, https:\/\/tuto.provacy.com\/wp-content\/uploads\/sites\/4\/2025\/01\/screenshot-test-c9993_provacy4_eu-2025_01_10-15_00_14-13x12.png 13w\" sizes=\"(max-width: 48px) 100vw, 48px\" \/><\/figcaption><\/figure>\n<\/div>\n<\/div>\n\n\n\n<p>To create a PIA, two methods are available:<\/p>\n\n\n\n<p><img loading=\"lazy\" decoding=\"async\" width=\"572\" height=\"565\" class=\"wp-image-3146\" style=\"width: 30px\" src=\"https:\/\/tuto.provacy.com\/wp-content\/uploads\/sites\/4\/2025\/01\/aipd2.png\" alt=\"\" srcset=\"https:\/\/tuto.provacy.com\/wp-content\/uploads\/sites\/4\/2025\/01\/aipd2.png 572w, https:\/\/tuto.provacy.com\/wp-content\/uploads\/sites\/4\/2025\/01\/aipd2-300x296.png 300w, https:\/\/tuto.provacy.com\/wp-content\/uploads\/sites\/4\/2025\/01\/aipd2-12x12.png 12w\" sizes=\"(max-width: 572px) 100vw, 572px\" \/> From the Processing form, after the DPIA diagnosis - \"Risk - PIA\" tab.<\/p>\n\n\n\n<div class=\"wp-block-group is-content-justification-center is-nowrap is-layout-flex wp-container-core-group-layout-6 wp-block-group-is-layout-flex\" style=\"margin-top:0;margin-bottom:0;padding-top:0;padding-right:var(--wp--preset--spacing--50);padding-bottom:0;padding-left:var(--wp--preset--spacing--50)\">\n<figure class=\"wp-block-image size-large is-resized\"><img decoding=\"async\" src=\"https:\/\/tuto.provacy.com\/wp-content\/uploads\/sites\/4\/2023\/08\/c3783dd4-601e-4e92-a18a-6be8ad17708f.png\" alt=\"\" style=\"width:800px\" \/><\/figure>\n<\/div>\n\n\n\n<p><\/p>\n\n\n\n<p><img loading=\"lazy\" decoding=\"async\" width=\"572\" height=\"565\" class=\"wp-image-3146\" style=\"width: 30px\" src=\"https:\/\/tuto.provacy.com\/wp-content\/uploads\/sites\/4\/2025\/01\/aipd2.png\" alt=\"\" srcset=\"https:\/\/tuto.provacy.com\/wp-content\/uploads\/sites\/4\/2025\/01\/aipd2.png 572w, https:\/\/tuto.provacy.com\/wp-content\/uploads\/sites\/4\/2025\/01\/aipd2-300x296.png 300w, https:\/\/tuto.provacy.com\/wp-content\/uploads\/sites\/4\/2025\/01\/aipd2-12x12.png 12w\" sizes=\"(max-width: 572px) 100vw, 572px\" \/> From the PIA list<\/p>\n\n\n\n<div class=\"wp-block-group is-content-justification-center is-nowrap is-layout-flex wp-container-core-group-layout-7 wp-block-group-is-layout-flex\" style=\"padding-top:var(--wp--preset--spacing--20);padding-right:var(--wp--preset--spacing--40);padding-bottom:var(--wp--preset--spacing--20);padding-left:var(--wp--preset--spacing--40)\">\n<figure class=\"wp-block-image size-large is-resized\"><img decoding=\"async\" src=\"https:\/\/tuto.provacy.com\/wp-content\/uploads\/sites\/4\/2023\/08\/78245b73-c3bf-4405-b425-e56598e7e8be.png\" alt=\"\" style=\"width:800px\" \/><\/figure>\n<\/div>\n\n\n\n<p>Users authorized to create a processing form are also permitted to initiate an impact assessment and to develop a new version of an existing PIA.<\/p>\n\n\n\n<div class=\"wp-block-group is-content-justification-center is-nowrap is-layout-flex wp-container-core-group-layout-8 wp-block-group-is-layout-flex\" style=\"padding-top:0;padding-bottom:0\">\n<figure class=\"wp-block-image size-large is-resized\"><img loading=\"lazy\" decoding=\"async\" width=\"1024\" height=\"205\" src=\"https:\/\/tuto.provacy.com\/wp-content\/uploads\/sites\/4\/2025\/01\/AIPD-Page-1-2.png\" alt=\"\" class=\"wp-image-3299\" style=\"width:750px\" srcset=\"https:\/\/tuto.provacy.com\/wp-content\/uploads\/sites\/4\/2025\/01\/AIPD-Page-1-2.png 2207w, https:\/\/tuto.provacy.com\/wp-content\/uploads\/sites\/4\/2025\/01\/AIPD-Page-1-2-300x60.png 300w, https:\/\/tuto.provacy.com\/wp-content\/uploads\/sites\/4\/2025\/01\/AIPD-Page-1-2-1024x206.png 1024w, https:\/\/tuto.provacy.com\/wp-content\/uploads\/sites\/4\/2025\/01\/AIPD-Page-1-2-768x154.png 768w, https:\/\/tuto.provacy.com\/wp-content\/uploads\/sites\/4\/2025\/01\/AIPD-Page-1-2-1536x308.png 1536w, https:\/\/tuto.provacy.com\/wp-content\/uploads\/sites\/4\/2025\/01\/AIPD-Page-1-2-2048x411.png 2048w, https:\/\/tuto.provacy.com\/wp-content\/uploads\/sites\/4\/2025\/01\/AIPD-Page-1-2-18x4.png 18w\" sizes=\"(max-width: 1024px) 100vw, 1024px\" \/><figcaption class=\"wp-element-caption\">The different versions are also accessible from the \"Risk - PIA\" tab in the processing form.<\/figcaption><\/figure>\n<\/div>\n\n\n\n<div class=\"wp-block-columns bottom-nav is-layout-flex wp-container-core-columns-layout-1 wp-block-columns-is-layout-flex\">\n<div class=\"wp-block-column is-layout-flow wp-block-column-is-layout-flow\" style=\"flex-basis:25%\"><\/div>\n\n\n\n<div class=\"wp-block-column is-layout-flow wp-block-column-is-layout-flow\" style=\"flex-basis:50%\"><\/div>\n\n\n\n<div class=\"wp-block-column is-layout-flow wp-block-column-is-layout-flow\" style=\"flex-basis:25%\"><\/div>\n<\/div>\n\n\n\n<span class=\"sidebar-toggle hidden\" title=\"Show\/Hide side menu\"><i class=\"fal fa-table-layout\"><\/i><\/span>\n<script src=\"\/wp-includes\/js\/provacy\/js.cookie.min.js\"><\/script>\n<script>\nvar shown = true, $ = jQuery, b = $('body'), t = $('.sidebar-toggle'), c = Cookies.get('sidebar');\nif (c) {\n  shown = c == 1;\n}\nb.addClass('sidebar-' + (shown ? 'shown' : 'hidden'));\nif (shown) {\n  t.find('i').toggleClass('fa-table-layout fa-window-maximize');\n}\nt.on('click', function() {\n  shown = !shown;\n  t.find('i').toggleClass('fa-table-layout fa-window-maximize');\n  b.toggleClass('sidebar-shown sidebar-hidden');\n  Cookies.set('sidebar', shown ? 1 : 0, { expires: 30 });\n});\n\n$('figure.wp-lightbox-container').on('click', function(e) {\n  var img = $(e.target).parents('figure:first').find('img:first'), src = img.attr('src'), enlarged = $('figure.enlarged-image img.' + img.attr('class'));\n  if (enlarged.length && src != enlarged.attr('src')) {\n    let count = 0;\n    function incr() {\n      count++;\n      if (src != enlarged.attr('src'))\n        enlarged.attr('src', src);\n      if (count >= 10) {\n        clearInterval(intervalId);\n      }\n    }\n    const intervalId = setInterval(incr, 100);\n  }\n\n  \/\/console.log('lightbox clicked', e, this);\n});\n\n<\/script>","protected":false},"excerpt":{"rendered":"<p>1. Cr\u00e9ation d'une AIPD Chaque AIPD est g\u00e9n\u00e9r\u00e9e \u00e0 partir d'une fiche de traitement car elle en reprend certaines informations. Si n\u00e9cessaire, une AIPD peut \u00eatre associ\u00e9e \u00e0 plusieurs fiches de traitement. Pour cr\u00e9er une AIPD, deux m\u00e9thodes sont possibles : Depuis le formulaire Traitement, apr\u00e8s le diagnostic AIPD - Onglet \"Risque - AIPD\" Depuis &hellip;<\/p>\n<p class=\"read-more\"> <a class=\"\" href=\"https:\/\/tuto.provacy.com\/en\/pia\/new\/\"> <span class=\"screen-reader-text\">01. Create<\/span> Read More &raquo;<\/a><\/p>","protected":false},"author":2,"featured_media":0,"parent":3145,"menu_order":87,"comment_status":"closed","ping_status":"closed","template":"","meta":{"site-sidebar-layout":"default","site-content-layout":"","ast-site-content-layout":"default","site-content-style":"default","site-sidebar-style":"default","ast-global-header-display":"","ast-banner-title-visibility":"","ast-main-header-display":"","ast-hfb-above-header-display":"","ast-hfb-below-header-display":"","ast-hfb-mobile-header-display":"","site-post-title":"","ast-breadcrumbs-content":"","ast-featured-img":"","footer-sml-layout":"","theme-transparent-header-meta":"","adv-header-id-meta":"","stick-header-meta":"","header-above-stick-meta":"","header-main-stick-meta":"","header-below-stick-meta":"","astra-migrate-meta-layouts":"set","footnotes":""},"yoast_head":"<!-- This site is optimized with the Yoast SEO plugin v23.3 - https:\/\/yoast.com\/wordpress\/plugins\/seo\/ -->\n<title>01. Cr\u00e9ation - Guide utilisateur<\/title>\n<meta name=\"robots\" content=\"noindex, follow, max-snippet:-1, max-image-preview:large, max-video-preview:-1\" \/>\n<meta property=\"og:locale\" content=\"en_GB\" \/>\n<meta property=\"og:type\" content=\"article\" \/>\n<meta property=\"og:title\" content=\"01. Cr\u00e9ation - Guide utilisateur\" \/>\n<meta property=\"og:description\" content=\"1. Cr\u00e9ation d&#039;une AIPD Chaque AIPD est g\u00e9n\u00e9r\u00e9e \u00e0 partir d&#039;une fiche de traitement car elle en reprend certaines informations. Si n\u00e9cessaire, une AIPD peut \u00eatre associ\u00e9e \u00e0 plusieurs fiches de traitement. Pour cr\u00e9er une AIPD, deux m\u00e9thodes sont possibles : Depuis le formulaire Traitement, apr\u00e8s le diagnostic AIPD - Onglet &quot;Risque - AIPD&quot; Depuis &hellip; 01. Cr\u00e9ation Read More &raquo;\" \/>\n<meta property=\"og:url\" content=\"https:\/\/tuto.provacy.com\/en\/pia\/new\/\" \/>\n<meta property=\"og:site_name\" content=\"Guide utilisateur\" \/>\n<meta property=\"article:modified_time\" content=\"2025-01-15T12:50:48+00:00\" \/>\n<meta property=\"og:image\" content=\"https:\/\/tuto.provacy.com\/wp-content\/uploads\/sites\/4\/2023\/08\/b4d969ce-c8b5-468f-9c32-a48a34d10c3f.png\" \/>\n<meta name=\"twitter:card\" content=\"summary_large_image\" \/>\n<meta name=\"twitter:label1\" content=\"Estimated reading time\" \/>\n\t<meta name=\"twitter:data1\" content=\"3 minutes\" \/>\n<script type=\"application\/ld+json\" class=\"yoast-schema-graph\">{\"@context\":\"https:\/\/schema.org\",\"@graph\":[{\"@type\":\"WebPage\",\"@id\":\"https:\/\/tuto.provacy.com\/pia\/new\/\",\"url\":\"https:\/\/tuto.provacy.com\/pia\/new\/\",\"name\":\"01. Cr\u00e9ation - Guide utilisateur\",\"isPartOf\":{\"@id\":\"https:\/\/tuto.provacy.com\/#website\"},\"primaryImageOfPage\":{\"@id\":\"https:\/\/tuto.provacy.com\/pia\/new\/#primaryimage\"},\"image\":{\"@id\":\"https:\/\/tuto.provacy.com\/pia\/new\/#primaryimage\"},\"thumbnailUrl\":\"https:\/\/tuto.provacy.com\/wp-content\/uploads\/sites\/4\/2023\/08\/b4d969ce-c8b5-468f-9c32-a48a34d10c3f.png\",\"datePublished\":\"2025-01-10T13:34:36+00:00\",\"dateModified\":\"2025-01-15T12:50:48+00:00\",\"breadcrumb\":{\"@id\":\"https:\/\/tuto.provacy.com\/pia\/new\/#breadcrumb\"},\"inLanguage\":\"en-GB\",\"potentialAction\":[{\"@type\":\"ReadAction\",\"target\":[\"https:\/\/tuto.provacy.com\/pia\/new\/\"]}]},{\"@type\":\"ImageObject\",\"inLanguage\":\"en-GB\",\"@id\":\"https:\/\/tuto.provacy.com\/pia\/new\/#primaryimage\",\"url\":\"https:\/\/tuto.provacy.com\/wp-content\/uploads\/sites\/4\/2023\/08\/b4d969ce-c8b5-468f-9c32-a48a34d10c3f.png\",\"contentUrl\":\"https:\/\/tuto.provacy.com\/wp-content\/uploads\/sites\/4\/2023\/08\/b4d969ce-c8b5-468f-9c32-a48a34d10c3f.png\"},{\"@type\":\"BreadcrumbList\",\"@id\":\"https:\/\/tuto.provacy.com\/pia\/new\/#breadcrumb\",\"itemListElement\":[{\"@type\":\"ListItem\",\"position\":1,\"name\":\"Accueil\",\"item\":\"https:\/\/tuto.provacy.com\/\"},{\"@type\":\"ListItem\",\"position\":2,\"name\":\"Analyse d'impact\",\"item\":\"https:\/\/tuto.provacy.com\/pia\/\"},{\"@type\":\"ListItem\",\"position\":3,\"name\":\"01. Cr\u00e9ation\"}]},{\"@type\":\"WebSite\",\"@id\":\"https:\/\/tuto.provacy.com\/#website\",\"url\":\"https:\/\/tuto.provacy.com\/\",\"name\":\"Guide utilisateur\",\"description\":\"\",\"publisher\":{\"@id\":\"https:\/\/tuto.provacy.com\/#organization\"},\"potentialAction\":[{\"@type\":\"SearchAction\",\"target\":{\"@type\":\"EntryPoint\",\"urlTemplate\":\"https:\/\/tuto.provacy.com\/?s={search_term_string}\"},\"query-input\":\"required name=search_term_string\"}],\"inLanguage\":\"en-GB\"},{\"@type\":\"Organization\",\"@id\":\"https:\/\/tuto.provacy.com\/#organization\",\"name\":\"Guide utilisateur\",\"url\":\"https:\/\/tuto.provacy.com\/\",\"logo\":{\"@type\":\"ImageObject\",\"inLanguage\":\"en-GB\",\"@id\":\"https:\/\/tuto.provacy.com\/#\/schema\/logo\/image\/\",\"url\":\"https:\/\/tuto.provacy.com\/wp-content\/uploads\/sites\/4\/2023\/10\/cropped-power-logo-white-slogan.png\",\"contentUrl\":\"https:\/\/tuto.provacy.com\/wp-content\/uploads\/sites\/4\/2023\/10\/cropped-power-logo-white-slogan.png\",\"width\":1231,\"height\":272,\"caption\":\"Guide utilisateur\"},\"image\":{\"@id\":\"https:\/\/tuto.provacy.com\/#\/schema\/logo\/image\/\"}}]}<\/script>\n<!-- \/ Yoast SEO plugin. -->","yoast_head_json":{"title":"01. Cr\u00e9ation - Guide utilisateur","robots":{"index":"noindex","follow":"follow","max-snippet":"max-snippet:-1","max-image-preview":"max-image-preview:large","max-video-preview":"max-video-preview:-1"},"og_locale":"en_GB","og_type":"article","og_title":"01. Cr\u00e9ation - Guide utilisateur","og_description":"1. Cr\u00e9ation d'une AIPD Chaque AIPD est g\u00e9n\u00e9r\u00e9e \u00e0 partir d'une fiche de traitement car elle en reprend certaines informations. Si n\u00e9cessaire, une AIPD peut \u00eatre associ\u00e9e \u00e0 plusieurs fiches de traitement. Pour cr\u00e9er une AIPD, deux m\u00e9thodes sont possibles : Depuis le formulaire Traitement, apr\u00e8s le diagnostic AIPD - Onglet \"Risque - AIPD\" Depuis &hellip; 01. Cr\u00e9ation Read More &raquo;","og_url":"https:\/\/tuto.provacy.com\/en\/pia\/new\/","og_site_name":"Guide utilisateur","article_modified_time":"2025-01-15T12:50:48+00:00","og_image":[{"url":"https:\/\/tuto.provacy.com\/wp-content\/uploads\/sites\/4\/2023\/08\/b4d969ce-c8b5-468f-9c32-a48a34d10c3f.png"}],"twitter_card":"summary_large_image","twitter_misc":{"Estimated reading time":"3 minutes"},"schema":{"@context":"https:\/\/schema.org","@graph":[{"@type":"WebPage","@id":"https:\/\/tuto.provacy.com\/pia\/new\/","url":"https:\/\/tuto.provacy.com\/pia\/new\/","name":"01. Cr\u00e9ation - Guide utilisateur","isPartOf":{"@id":"https:\/\/tuto.provacy.com\/#website"},"primaryImageOfPage":{"@id":"https:\/\/tuto.provacy.com\/pia\/new\/#primaryimage"},"image":{"@id":"https:\/\/tuto.provacy.com\/pia\/new\/#primaryimage"},"thumbnailUrl":"https:\/\/tuto.provacy.com\/wp-content\/uploads\/sites\/4\/2023\/08\/b4d969ce-c8b5-468f-9c32-a48a34d10c3f.png","datePublished":"2025-01-10T13:34:36+00:00","dateModified":"2025-01-15T12:50:48+00:00","breadcrumb":{"@id":"https:\/\/tuto.provacy.com\/pia\/new\/#breadcrumb"},"inLanguage":"en-GB","potentialAction":[{"@type":"ReadAction","target":["https:\/\/tuto.provacy.com\/pia\/new\/"]}]},{"@type":"ImageObject","inLanguage":"en-GB","@id":"https:\/\/tuto.provacy.com\/pia\/new\/#primaryimage","url":"https:\/\/tuto.provacy.com\/wp-content\/uploads\/sites\/4\/2023\/08\/b4d969ce-c8b5-468f-9c32-a48a34d10c3f.png","contentUrl":"https:\/\/tuto.provacy.com\/wp-content\/uploads\/sites\/4\/2023\/08\/b4d969ce-c8b5-468f-9c32-a48a34d10c3f.png"},{"@type":"BreadcrumbList","@id":"https:\/\/tuto.provacy.com\/pia\/new\/#breadcrumb","itemListElement":[{"@type":"ListItem","position":1,"name":"Accueil","item":"https:\/\/tuto.provacy.com\/"},{"@type":"ListItem","position":2,"name":"Analyse d'impact","item":"https:\/\/tuto.provacy.com\/pia\/"},{"@type":"ListItem","position":3,"name":"01. Cr\u00e9ation"}]},{"@type":"WebSite","@id":"https:\/\/tuto.provacy.com\/#website","url":"https:\/\/tuto.provacy.com\/","name":"Guide utilisateur","description":"","publisher":{"@id":"https:\/\/tuto.provacy.com\/#organization"},"potentialAction":[{"@type":"SearchAction","target":{"@type":"EntryPoint","urlTemplate":"https:\/\/tuto.provacy.com\/?s={search_term_string}"},"query-input":"required name=search_term_string"}],"inLanguage":"en-GB"},{"@type":"Organization","@id":"https:\/\/tuto.provacy.com\/#organization","name":"Guide utilisateur","url":"https:\/\/tuto.provacy.com\/","logo":{"@type":"ImageObject","inLanguage":"en-GB","@id":"https:\/\/tuto.provacy.com\/#\/schema\/logo\/image\/","url":"https:\/\/tuto.provacy.com\/wp-content\/uploads\/sites\/4\/2023\/10\/cropped-power-logo-white-slogan.png","contentUrl":"https:\/\/tuto.provacy.com\/wp-content\/uploads\/sites\/4\/2023\/10\/cropped-power-logo-white-slogan.png","width":1231,"height":272,"caption":"Guide utilisateur"},"image":{"@id":"https:\/\/tuto.provacy.com\/#\/schema\/logo\/image\/"}}]}},"_links":{"self":[{"href":"https:\/\/tuto.provacy.com\/en\/wp-json\/wp\/v2\/pages\/3148"}],"collection":[{"href":"https:\/\/tuto.provacy.com\/en\/wp-json\/wp\/v2\/pages"}],"about":[{"href":"https:\/\/tuto.provacy.com\/en\/wp-json\/wp\/v2\/types\/page"}],"author":[{"embeddable":true,"href":"https:\/\/tuto.provacy.com\/en\/wp-json\/wp\/v2\/users\/2"}],"replies":[{"embeddable":true,"href":"https:\/\/tuto.provacy.com\/en\/wp-json\/wp\/v2\/comments?post=3148"}],"version-history":[{"count":26,"href":"https:\/\/tuto.provacy.com\/en\/wp-json\/wp\/v2\/pages\/3148\/revisions"}],"predecessor-version":[{"id":3437,"href":"https:\/\/tuto.provacy.com\/en\/wp-json\/wp\/v2\/pages\/3148\/revisions\/3437"}],"up":[{"embeddable":true,"href":"https:\/\/tuto.provacy.com\/en\/wp-json\/wp\/v2\/pages\/3145"}],"wp:attachment":[{"href":"https:\/\/tuto.provacy.com\/en\/wp-json\/wp\/v2\/media?parent=3148"}],"curies":[{"name":"wp","href":"https:\/\/api.w.org\/{rel}","templated":true}]}}