{"id":3167,"date":"2025-01-10T15:31:30","date_gmt":"2025-01-10T14:31:30","guid":{"rendered":"https:\/\/tuto.provacy.com\/?page_id=3167"},"modified":"2025-01-15T13:57:01","modified_gmt":"2025-01-15T12:57:01","slug":"recovery","status":"publish","type":"page","link":"https:\/\/tuto.provacy.com\/en\/pia\/recovery\/","title":{"rendered":"02. Information recovery"},"content":{"rendered":"<div class=\"wp-block-group top-nav is-nowrap is-layout-flex wp-container-core-group-layout-1 wp-block-group-is-layout-flex\">\n\n<\/div>\n\n\n\n<h4 class=\"wp-block-heading\">2. Information imported from the processing form<\/h4>\n\n\n\n<p>As soon as it is created, a great deal of information is included in the various parts of the analysis.<\/p>\n\n\n\n<div class=\"wp-block-group is-content-justification-center is-nowrap is-layout-flex wp-container-core-group-layout-2 wp-block-group-is-layout-flex\" style=\"padding-top:var(--wp--preset--spacing--50);padding-bottom:var(--wp--preset--spacing--50)\">\n<figure class=\"wp-block-image size-large is-resized\"><img decoding=\"async\" src=\"https:\/\/tuto.provacy.com\/wp-content\/uploads\/sites\/4\/2023\/08\/377036c2-e655-4b87-9648-1c8f437478ea.png\" alt=\"\" style=\"width:800px\" \/><\/figure>\n<\/div>\n\n\n\n<p><img loading=\"lazy\" decoding=\"async\" width=\"108\" height=\"99\" class=\"wp-image-1794\" style=\"width: 60px\" src=\"https:\/\/tuto.provacy.com\/wp-content\/uploads\/sites\/4\/2024\/02\/proc.png\" alt=\"\" srcset=\"https:\/\/tuto.provacy.com\/wp-content\/uploads\/sites\/4\/2024\/02\/proc.png 108w, https:\/\/tuto.provacy.com\/wp-content\/uploads\/sites\/4\/2024\/02\/proc-13x12.png 13w\" sizes=\"(max-width: 108px) 100vw, 108px\" \/>In the processing form, the fields included are indicated at the end of the heading by the icon <img loading=\"lazy\" decoding=\"async\" width=\"572\" height=\"565\" class=\"wp-image-3146\" style=\"width: 30px\" src=\"https:\/\/tuto.provacy.com\/wp-content\/uploads\/sites\/4\/2025\/01\/aipd2.png\" alt=\"\" srcset=\"https:\/\/tuto.provacy.com\/wp-content\/uploads\/sites\/4\/2025\/01\/aipd2.png 572w, https:\/\/tuto.provacy.com\/wp-content\/uploads\/sites\/4\/2025\/01\/aipd2-300x296.png 300w, https:\/\/tuto.provacy.com\/wp-content\/uploads\/sites\/4\/2025\/01\/aipd2-12x12.png 12w\" sizes=\"(max-width: 572px) 100vw, 572px\" \/><\/p>\n\n\n\n<div class=\"wp-block-group is-content-justification-center is-nowrap is-layout-flex wp-container-core-group-layout-3 wp-block-group-is-layout-flex\" style=\"padding-top:var(--wp--preset--spacing--30);padding-bottom:var(--wp--preset--spacing--30)\">\n<figure class=\"wp-block-image size-full\"><img loading=\"lazy\" decoding=\"async\" width=\"466\" height=\"303\" src=\"https:\/\/tuto.provacy.com\/wp-content\/uploads\/sites\/4\/2025\/01\/screenshot-test-c9993_provacy4_eu-2025_01_10-15_35_17.png\" alt=\"\" class=\"wp-image-3170\" srcset=\"https:\/\/tuto.provacy.com\/wp-content\/uploads\/sites\/4\/2025\/01\/screenshot-test-c9993_provacy4_eu-2025_01_10-15_35_17.png 462w, https:\/\/tuto.provacy.com\/wp-content\/uploads\/sites\/4\/2025\/01\/screenshot-test-c9993_provacy4_eu-2025_01_10-15_35_17-300x213.png 300w, https:\/\/tuto.provacy.com\/wp-content\/uploads\/sites\/4\/2025\/01\/screenshot-test-c9993_provacy4_eu-2025_01_10-15_35_17-18x12.png 18w\" sizes=\"(max-width: 466px) 100vw, 466px\" \/><\/figure>\n<\/div>\n\n\n\n<p class=\"translation-block\"><strong>Note<\/strong>: Once the DPIA is created, any changes made to the processing form will not affect the information in the DPIA. Additionally, all fields in the DPIA remain editable, except for the data tables. If you would like to edit these tables directly from the DPIA, you can submit a request to Provacy Support.<\/p>\n\n\n\n<div class=\"wp-block-columns bottom-nav is-layout-flex wp-container-core-columns-layout-1 wp-block-columns-is-layout-flex\">\n<div class=\"wp-block-column is-layout-flow wp-block-column-is-layout-flow\" style=\"flex-basis:25%\"><\/div>\n\n\n\n<div class=\"wp-block-column is-layout-flow wp-block-column-is-layout-flow\" style=\"flex-basis:50%\"><\/div>\n\n\n\n<div class=\"wp-block-column is-layout-flow wp-block-column-is-layout-flow\" style=\"flex-basis:25%\"><\/div>\n<\/div>\n\n\n\n<span class=\"sidebar-toggle hidden\" title=\"Show\/Hide side menu\"><i class=\"fal fa-table-layout\"><\/i><\/span>\n<script src=\"\/wp-includes\/js\/provacy\/js.cookie.min.js\"><\/script>\n<script>\nvar shown = true, $ = jQuery, b = $('body'), t = $('.sidebar-toggle'), c = Cookies.get('sidebar');\nif (c) {\n  shown = c == 1;\n}\nb.addClass('sidebar-' + (shown ? 'shown' : 'hidden'));\nif (shown) {\n  t.find('i').toggleClass('fa-table-layout fa-window-maximize');\n}\nt.on('click', function() {\n  shown = !shown;\n  t.find('i').toggleClass('fa-table-layout fa-window-maximize');\n  b.toggleClass('sidebar-shown sidebar-hidden');\n  Cookies.set('sidebar', shown ? 1 : 0, { expires: 30 });\n});\n\n$('figure.wp-lightbox-container').on('click', function(e) {\n  var img = $(e.target).parents('figure:first').find('img:first'), src = img.attr('src'), enlarged = $('figure.enlarged-image img.' + img.attr('class'));\n  if (enlarged.length && src != enlarged.attr('src')) {\n    let count = 0;\n    function incr() {\n      count++;\n      if (src != enlarged.attr('src'))\n        enlarged.attr('src', src);\n      if (count >= 10) {\n        clearInterval(intervalId);\n      }\n    }\n    const intervalId = setInterval(incr, 100);\n  }\n\n  \/\/console.log('lightbox clicked', e, this);\n});\n\n<\/script>","protected":false},"excerpt":{"rendered":"<p>2. Informations reprises depuis la fiche traitement D\u00e8s la cr\u00e9ation, de nombreuses informations sont reprises dans les diff\u00e9rentes parties de l'analyse. Dans la fiche traitement, les champs repris sont indiqu\u00e9s \u00e0 la fin de l'intitul\u00e9 par l'ic\u00f4ne Remarque : une fois l'AIPD cr\u00e9\u00e9e, les modifications apport\u00e9es \u00e0 la fiche de traitement n'affecteront pas les informations &hellip;<\/p>\n<p class=\"read-more\"> <a class=\"\" href=\"https:\/\/tuto.provacy.com\/en\/pia\/recovery\/\"> <span class=\"screen-reader-text\">02. Information recovery<\/span> Read More &raquo;<\/a><\/p>","protected":false},"author":2,"featured_media":0,"parent":3145,"menu_order":87,"comment_status":"closed","ping_status":"closed","template":"","meta":{"site-sidebar-layout":"default","site-content-layout":"","ast-site-content-layout":"default","site-content-style":"default","site-sidebar-style":"default","ast-global-header-display":"","ast-banner-title-visibility":"","ast-main-header-display":"","ast-hfb-above-header-display":"","ast-hfb-below-header-display":"","ast-hfb-mobile-header-display":"","site-post-title":"","ast-breadcrumbs-content":"","ast-featured-img":"","footer-sml-layout":"","theme-transparent-header-meta":"","adv-header-id-meta":"","stick-header-meta":"","header-above-stick-meta":"","header-main-stick-meta":"","header-below-stick-meta":"","astra-migrate-meta-layouts":"set","footnotes":""},"yoast_head":"<!-- This site is optimized with the Yoast SEO plugin v23.3 - https:\/\/yoast.com\/wordpress\/plugins\/seo\/ -->\n<title>02. Reprise des informations - Guide utilisateur<\/title>\n<meta name=\"robots\" content=\"noindex, follow, max-snippet:-1, max-image-preview:large, max-video-preview:-1\" \/>\n<meta property=\"og:locale\" content=\"en_GB\" \/>\n<meta property=\"og:type\" content=\"article\" \/>\n<meta property=\"og:title\" content=\"02. Reprise des informations - Guide utilisateur\" \/>\n<meta property=\"og:description\" content=\"2. Informations reprises depuis la fiche traitement D\u00e8s la cr\u00e9ation, de nombreuses informations sont reprises dans les diff\u00e9rentes parties de l&#039;analyse. Dans la fiche traitement, les champs repris sont indiqu\u00e9s \u00e0 la fin de l&#039;intitul\u00e9 par l&#039;ic\u00f4ne Remarque : une fois l&#039;AIPD cr\u00e9\u00e9e, les modifications apport\u00e9es \u00e0 la fiche de traitement n&#039;affecteront pas les informations &hellip; 02. Reprise des informations Read More &raquo;\" \/>\n<meta property=\"og:url\" content=\"https:\/\/tuto.provacy.com\/en\/pia\/recovery\/\" \/>\n<meta property=\"og:site_name\" content=\"Guide utilisateur\" \/>\n<meta property=\"article:modified_time\" content=\"2025-01-15T12:57:01+00:00\" \/>\n<meta property=\"og:image\" content=\"https:\/\/tuto.provacy.com\/wp-content\/uploads\/sites\/4\/2023\/08\/59883968-d02a-4462-8cc4-55f12d386515.png\" \/>\n<meta name=\"twitter:card\" content=\"summary_large_image\" \/>\n<meta name=\"twitter:label1\" content=\"Estimated reading time\" \/>\n\t<meta name=\"twitter:data1\" content=\"2 minutes\" \/>\n<script type=\"application\/ld+json\" class=\"yoast-schema-graph\">{\"@context\":\"https:\/\/schema.org\",\"@graph\":[{\"@type\":\"WebPage\",\"@id\":\"https:\/\/tuto.provacy.com\/pia\/recovery\/\",\"url\":\"https:\/\/tuto.provacy.com\/pia\/recovery\/\",\"name\":\"02. Reprise des informations - Guide utilisateur\",\"isPartOf\":{\"@id\":\"https:\/\/tuto.provacy.com\/#website\"},\"primaryImageOfPage\":{\"@id\":\"https:\/\/tuto.provacy.com\/pia\/recovery\/#primaryimage\"},\"image\":{\"@id\":\"https:\/\/tuto.provacy.com\/pia\/recovery\/#primaryimage\"},\"thumbnailUrl\":\"https:\/\/tuto.provacy.com\/wp-content\/uploads\/sites\/4\/2023\/08\/59883968-d02a-4462-8cc4-55f12d386515.png\",\"datePublished\":\"2025-01-10T14:31:30+00:00\",\"dateModified\":\"2025-01-15T12:57:01+00:00\",\"breadcrumb\":{\"@id\":\"https:\/\/tuto.provacy.com\/pia\/recovery\/#breadcrumb\"},\"inLanguage\":\"en-GB\",\"potentialAction\":[{\"@type\":\"ReadAction\",\"target\":[\"https:\/\/tuto.provacy.com\/pia\/recovery\/\"]}]},{\"@type\":\"ImageObject\",\"inLanguage\":\"en-GB\",\"@id\":\"https:\/\/tuto.provacy.com\/pia\/recovery\/#primaryimage\",\"url\":\"https:\/\/tuto.provacy.com\/wp-content\/uploads\/sites\/4\/2023\/08\/59883968-d02a-4462-8cc4-55f12d386515.png\",\"contentUrl\":\"https:\/\/tuto.provacy.com\/wp-content\/uploads\/sites\/4\/2023\/08\/59883968-d02a-4462-8cc4-55f12d386515.png\"},{\"@type\":\"BreadcrumbList\",\"@id\":\"https:\/\/tuto.provacy.com\/pia\/recovery\/#breadcrumb\",\"itemListElement\":[{\"@type\":\"ListItem\",\"position\":1,\"name\":\"Accueil\",\"item\":\"https:\/\/tuto.provacy.com\/\"},{\"@type\":\"ListItem\",\"position\":2,\"name\":\"Analyse d'impact\",\"item\":\"https:\/\/tuto.provacy.com\/pia\/\"},{\"@type\":\"ListItem\",\"position\":3,\"name\":\"02. Reprise des informations\"}]},{\"@type\":\"WebSite\",\"@id\":\"https:\/\/tuto.provacy.com\/#website\",\"url\":\"https:\/\/tuto.provacy.com\/\",\"name\":\"Guide utilisateur\",\"description\":\"\",\"publisher\":{\"@id\":\"https:\/\/tuto.provacy.com\/#organization\"},\"potentialAction\":[{\"@type\":\"SearchAction\",\"target\":{\"@type\":\"EntryPoint\",\"urlTemplate\":\"https:\/\/tuto.provacy.com\/?s={search_term_string}\"},\"query-input\":\"required name=search_term_string\"}],\"inLanguage\":\"en-GB\"},{\"@type\":\"Organization\",\"@id\":\"https:\/\/tuto.provacy.com\/#organization\",\"name\":\"Guide utilisateur\",\"url\":\"https:\/\/tuto.provacy.com\/\",\"logo\":{\"@type\":\"ImageObject\",\"inLanguage\":\"en-GB\",\"@id\":\"https:\/\/tuto.provacy.com\/#\/schema\/logo\/image\/\",\"url\":\"https:\/\/tuto.provacy.com\/wp-content\/uploads\/sites\/4\/2023\/10\/cropped-power-logo-white-slogan.png\",\"contentUrl\":\"https:\/\/tuto.provacy.com\/wp-content\/uploads\/sites\/4\/2023\/10\/cropped-power-logo-white-slogan.png\",\"width\":1231,\"height\":272,\"caption\":\"Guide utilisateur\"},\"image\":{\"@id\":\"https:\/\/tuto.provacy.com\/#\/schema\/logo\/image\/\"}}]}<\/script>\n<!-- \/ Yoast SEO plugin. -->","yoast_head_json":{"title":"02. Reprise des informations - Guide utilisateur","robots":{"index":"noindex","follow":"follow","max-snippet":"max-snippet:-1","max-image-preview":"max-image-preview:large","max-video-preview":"max-video-preview:-1"},"og_locale":"en_GB","og_type":"article","og_title":"02. Reprise des informations - Guide utilisateur","og_description":"2. Informations reprises depuis la fiche traitement D\u00e8s la cr\u00e9ation, de nombreuses informations sont reprises dans les diff\u00e9rentes parties de l'analyse. Dans la fiche traitement, les champs repris sont indiqu\u00e9s \u00e0 la fin de l'intitul\u00e9 par l'ic\u00f4ne Remarque : une fois l'AIPD cr\u00e9\u00e9e, les modifications apport\u00e9es \u00e0 la fiche de traitement n'affecteront pas les informations &hellip; 02. Reprise des informations Read More &raquo;","og_url":"https:\/\/tuto.provacy.com\/en\/pia\/recovery\/","og_site_name":"Guide utilisateur","article_modified_time":"2025-01-15T12:57:01+00:00","og_image":[{"url":"https:\/\/tuto.provacy.com\/wp-content\/uploads\/sites\/4\/2023\/08\/59883968-d02a-4462-8cc4-55f12d386515.png"}],"twitter_card":"summary_large_image","twitter_misc":{"Estimated reading time":"2 minutes"},"schema":{"@context":"https:\/\/schema.org","@graph":[{"@type":"WebPage","@id":"https:\/\/tuto.provacy.com\/pia\/recovery\/","url":"https:\/\/tuto.provacy.com\/pia\/recovery\/","name":"02. Reprise des informations - Guide utilisateur","isPartOf":{"@id":"https:\/\/tuto.provacy.com\/#website"},"primaryImageOfPage":{"@id":"https:\/\/tuto.provacy.com\/pia\/recovery\/#primaryimage"},"image":{"@id":"https:\/\/tuto.provacy.com\/pia\/recovery\/#primaryimage"},"thumbnailUrl":"https:\/\/tuto.provacy.com\/wp-content\/uploads\/sites\/4\/2023\/08\/59883968-d02a-4462-8cc4-55f12d386515.png","datePublished":"2025-01-10T14:31:30+00:00","dateModified":"2025-01-15T12:57:01+00:00","breadcrumb":{"@id":"https:\/\/tuto.provacy.com\/pia\/recovery\/#breadcrumb"},"inLanguage":"en-GB","potentialAction":[{"@type":"ReadAction","target":["https:\/\/tuto.provacy.com\/pia\/recovery\/"]}]},{"@type":"ImageObject","inLanguage":"en-GB","@id":"https:\/\/tuto.provacy.com\/pia\/recovery\/#primaryimage","url":"https:\/\/tuto.provacy.com\/wp-content\/uploads\/sites\/4\/2023\/08\/59883968-d02a-4462-8cc4-55f12d386515.png","contentUrl":"https:\/\/tuto.provacy.com\/wp-content\/uploads\/sites\/4\/2023\/08\/59883968-d02a-4462-8cc4-55f12d386515.png"},{"@type":"BreadcrumbList","@id":"https:\/\/tuto.provacy.com\/pia\/recovery\/#breadcrumb","itemListElement":[{"@type":"ListItem","position":1,"name":"Accueil","item":"https:\/\/tuto.provacy.com\/"},{"@type":"ListItem","position":2,"name":"Analyse d'impact","item":"https:\/\/tuto.provacy.com\/pia\/"},{"@type":"ListItem","position":3,"name":"02. Reprise des informations"}]},{"@type":"WebSite","@id":"https:\/\/tuto.provacy.com\/#website","url":"https:\/\/tuto.provacy.com\/","name":"Guide utilisateur","description":"","publisher":{"@id":"https:\/\/tuto.provacy.com\/#organization"},"potentialAction":[{"@type":"SearchAction","target":{"@type":"EntryPoint","urlTemplate":"https:\/\/tuto.provacy.com\/?s={search_term_string}"},"query-input":"required name=search_term_string"}],"inLanguage":"en-GB"},{"@type":"Organization","@id":"https:\/\/tuto.provacy.com\/#organization","name":"Guide utilisateur","url":"https:\/\/tuto.provacy.com\/","logo":{"@type":"ImageObject","inLanguage":"en-GB","@id":"https:\/\/tuto.provacy.com\/#\/schema\/logo\/image\/","url":"https:\/\/tuto.provacy.com\/wp-content\/uploads\/sites\/4\/2023\/10\/cropped-power-logo-white-slogan.png","contentUrl":"https:\/\/tuto.provacy.com\/wp-content\/uploads\/sites\/4\/2023\/10\/cropped-power-logo-white-slogan.png","width":1231,"height":272,"caption":"Guide utilisateur"},"image":{"@id":"https:\/\/tuto.provacy.com\/#\/schema\/logo\/image\/"}}]}},"_links":{"self":[{"href":"https:\/\/tuto.provacy.com\/en\/wp-json\/wp\/v2\/pages\/3167"}],"collection":[{"href":"https:\/\/tuto.provacy.com\/en\/wp-json\/wp\/v2\/pages"}],"about":[{"href":"https:\/\/tuto.provacy.com\/en\/wp-json\/wp\/v2\/types\/page"}],"author":[{"embeddable":true,"href":"https:\/\/tuto.provacy.com\/en\/wp-json\/wp\/v2\/users\/2"}],"replies":[{"embeddable":true,"href":"https:\/\/tuto.provacy.com\/en\/wp-json\/wp\/v2\/comments?post=3167"}],"version-history":[{"count":15,"href":"https:\/\/tuto.provacy.com\/en\/wp-json\/wp\/v2\/pages\/3167\/revisions"}],"predecessor-version":[{"id":3439,"href":"https:\/\/tuto.provacy.com\/en\/wp-json\/wp\/v2\/pages\/3167\/revisions\/3439"}],"up":[{"embeddable":true,"href":"https:\/\/tuto.provacy.com\/en\/wp-json\/wp\/v2\/pages\/3145"}],"wp:attachment":[{"href":"https:\/\/tuto.provacy.com\/en\/wp-json\/wp\/v2\/media?parent=3167"}],"curies":[{"name":"wp","href":"https:\/\/api.w.org\/{rel}","templated":true}]}}