{"id":3190,"date":"2025-01-13T09:27:04","date_gmt":"2025-01-13T08:27:04","guid":{"rendered":"https:\/\/tuto.provacy.com\/?page_id=3190"},"modified":"2025-01-14T17:24:28","modified_gmt":"2025-01-14T16:24:28","slug":"eval","status":"publish","type":"page","link":"https:\/\/tuto.provacy.com\/en\/pia\/eval\/","title":{"rendered":"04. Reviews"},"content":{"rendered":"<div class=\"wp-block-group top-nav is-nowrap is-layout-flex wp-container-core-group-layout-1 wp-block-group-is-layout-flex\">\n\n<\/div>\n\n\n\n<h4 class=\"wp-block-heading\">4. Reviews<\/h4>\n\n\n\n<p>The review fields consist of a slider and a text area. They apply to:<\/p>\n\n\n\n<ul>\n<li><img loading=\"lazy\" decoding=\"async\" width=\"143\" height=\"141\" class=\"wp-image-2605\" style=\"width: 30px\" src=\"https:\/\/tuto.provacy.com\/wp-content\/uploads\/sites\/4\/2024\/04\/01_Menu-Page-1.png\" alt=\"\" srcset=\"https:\/\/tuto.provacy.com\/wp-content\/uploads\/sites\/4\/2024\/04\/01_Menu-Page-1.png 143w, https:\/\/tuto.provacy.com\/wp-content\/uploads\/sites\/4\/2024\/04\/01_Menu-Page-1-12x12.png 12w\" sizes=\"(max-width: 143px) 100vw, 143px\" \/> to the entire section of the analysis or tab (Tabs Description, Data, Confidentiality, Integrity, and Availability)<\/li>\n\n\n\n<li><img loading=\"lazy\" decoding=\"async\" width=\"143\" height=\"141\" class=\"wp-image-2604\" style=\"width: 30px\" src=\"https:\/\/tuto.provacy.com\/wp-content\/uploads\/sites\/4\/2024\/04\/01_Menu-Page-1-1.png\" alt=\"\" srcset=\"https:\/\/tuto.provacy.com\/wp-content\/uploads\/sites\/4\/2024\/04\/01_Menu-Page-1-1.png 143w, https:\/\/tuto.provacy.com\/wp-content\/uploads\/sites\/4\/2024\/04\/01_Menu-Page-1-1-12x12.png 12w\" sizes=\"(max-width: 143px) 100vw, 143px\" \/> to specific fields (Tabs Proportionality and Rights)<\/li>\n\n\n\n<li><img loading=\"lazy\" decoding=\"async\" width=\"143\" height=\"141\" class=\"wp-image-2603\" style=\"width: 30px\" src=\"https:\/\/tuto.provacy.com\/wp-content\/uploads\/sites\/4\/2024\/04\/01_Menu-Page-1-2.png\" alt=\"\" srcset=\"https:\/\/tuto.provacy.com\/wp-content\/uploads\/sites\/4\/2024\/04\/01_Menu-Page-1-2.png 143w, https:\/\/tuto.provacy.com\/wp-content\/uploads\/sites\/4\/2024\/04\/01_Menu-Page-1-2-12x12.png 12w\" sizes=\"(max-width: 143px) 100vw, 143px\" \/> to each of the selected security measures (Tab Measures)<\/li>\n<\/ul>\n\n\n\n<div class=\"wp-block-group is-vertical is-content-justification-center is-layout-flex wp-container-core-group-layout-2 wp-block-group-is-layout-flex\" style=\"padding-top:var(--wp--preset--spacing--50);padding-bottom:var(--wp--preset--spacing--50)\">\n<figure class=\"wp-block-image size-large is-resized\"><img decoding=\"async\" src=\"https:\/\/tuto.provacy.com\/wp-content\/uploads\/sites\/4\/2023\/08\/929ddf21-13ff-49aa-8d11-bf51198c6c91.png\" alt=\"\" style=\"width:800px\" \/><\/figure>\n\n\n\n<figure class=\"wp-block-image size-large is-resized\"><img decoding=\"async\" src=\"https:\/\/tuto.provacy.com\/wp-content\/uploads\/sites\/4\/2023\/08\/852387ea-f90f-41e3-8503-cfa930ca7b4c.png\" alt=\"\" style=\"width:800px\" \/><\/figure>\n\n\n\n<figure class=\"wp-block-image size-large is-resized\"><img decoding=\"async\" src=\"https:\/\/tuto.provacy.com\/wp-content\/uploads\/sites\/4\/2023\/08\/7dff352b-bac2-4d02-8e57-d6ca09934325.png\" alt=\"\" style=\"width:800px\" \/><\/figure>\n<\/div>\n\n\n\n<p>Each level is associated with a color and an icon:<\/p>\n\n\n\n<div class=\"wp-block-group is-content-justification-center is-nowrap is-layout-flex wp-container-core-group-layout-3 wp-block-group-is-layout-flex\" style=\"padding-top:0;padding-bottom:0\">\n<figure class=\"wp-block-image size-large is-resized\"><img decoding=\"async\" src=\"https:\/\/tuto.provacy.com\/wp-content\/uploads\/sites\/4\/2023\/08\/d697874e-1961-4f28-9294-daa26cc9f479.png\" alt=\"\" style=\"width:800px\" \/><figcaption class=\"wp-element-caption\">By default, the Good Practice level is not activated. If you wish to activate it, please contact Provacy Support.<\/figcaption><\/figure>\n<\/div>\n\n\n\n<p>An overview of the reviews is provided in the Action Plan tab. The tab displays the icon of the lowest review level when it contains multiple levels.<\/p>\n\n\n\n<div class=\"wp-block-group is-content-justification-center is-nowrap is-layout-flex wp-container-core-group-layout-4 wp-block-group-is-layout-flex\" style=\"padding-top:var(--wp--preset--spacing--50);padding-bottom:var(--wp--preset--spacing--50)\">\n<figure class=\"wp-block-image size-large is-resized\"><img loading=\"lazy\" decoding=\"async\" width=\"1024\" height=\"395\" src=\"https:\/\/tuto.provacy.com\/wp-content\/uploads\/sites\/4\/2025\/01\/AIPD-Page-1-4.png\" alt=\"\" class=\"wp-image-3199\" style=\"width:800px\" srcset=\"https:\/\/tuto.provacy.com\/wp-content\/uploads\/sites\/4\/2025\/01\/AIPD-Page-1-4.png 2642w, https:\/\/tuto.provacy.com\/wp-content\/uploads\/sites\/4\/2025\/01\/AIPD-Page-1-4-300x112.png 300w, https:\/\/tuto.provacy.com\/wp-content\/uploads\/sites\/4\/2025\/01\/AIPD-Page-1-4-1024x381.png 1024w, https:\/\/tuto.provacy.com\/wp-content\/uploads\/sites\/4\/2025\/01\/AIPD-Page-1-4-768x286.png 768w, https:\/\/tuto.provacy.com\/wp-content\/uploads\/sites\/4\/2025\/01\/AIPD-Page-1-4-1536x571.png 1536w, https:\/\/tuto.provacy.com\/wp-content\/uploads\/sites\/4\/2025\/01\/AIPD-Page-1-4-2048x762.png 2048w, https:\/\/tuto.provacy.com\/wp-content\/uploads\/sites\/4\/2025\/01\/AIPD-Page-1-4-18x7.png 18w\" sizes=\"(max-width: 1024px) 100vw, 1024px\" \/><\/figure>\n<\/div>\n\n\n\n<p>In the PIA list, the \"Progress\" column shows the percentage of completed reviews.<\/p>\n\n\n\n<div class=\"wp-block-group is-content-justification-center is-nowrap is-layout-flex wp-container-core-group-layout-5 wp-block-group-is-layout-flex\" style=\"padding-top:var(--wp--preset--spacing--50);padding-bottom:var(--wp--preset--spacing--50)\">\n<figure class=\"wp-block-image size-large is-resized\"><img decoding=\"async\" src=\"https:\/\/tuto.provacy.com\/wp-content\/uploads\/sites\/4\/2023\/08\/2ac2796a-0920-4b82-ae6f-e88be3529292.png\" alt=\"\" style=\"width:800px\" \/><\/figure>\n<\/div>\n\n\n\n<div class=\"wp-block-columns bottom-nav is-layout-flex wp-container-core-columns-layout-1 wp-block-columns-is-layout-flex\">\n<div class=\"wp-block-column is-layout-flow wp-block-column-is-layout-flow\" style=\"flex-basis:25%\"><\/div>\n\n\n\n<div class=\"wp-block-column is-layout-flow wp-block-column-is-layout-flow\" style=\"flex-basis:50%\"><\/div>\n\n\n\n<div class=\"wp-block-column is-layout-flow wp-block-column-is-layout-flow\" style=\"flex-basis:25%\"><\/div>\n<\/div>\n\n\n\n<span class=\"sidebar-toggle hidden\" title=\"Show\/Hide side menu\"><i class=\"fal fa-table-layout\"><\/i><\/span>\n<script src=\"\/wp-includes\/js\/provacy\/js.cookie.min.js\"><\/script>\n<script>\nvar shown = true, $ = jQuery, b = $('body'), t = $('.sidebar-toggle'), c = Cookies.get('sidebar');\nif (c) {\n  shown = c == 1;\n}\nb.addClass('sidebar-' + (shown ? 'shown' : 'hidden'));\nif (shown) {\n  t.find('i').toggleClass('fa-table-layout fa-window-maximize');\n}\nt.on('click', function() {\n  shown = !shown;\n  t.find('i').toggleClass('fa-table-layout fa-window-maximize');\n  b.toggleClass('sidebar-shown sidebar-hidden');\n  Cookies.set('sidebar', shown ? 1 : 0, { expires: 30 });\n});\n\n$('figure.wp-lightbox-container').on('click', function(e) {\n  var img = $(e.target).parents('figure:first').find('img:first'), src = img.attr('src'), enlarged = $('figure.enlarged-image img.' + img.attr('class'));\n  if (enlarged.length && src != enlarged.attr('src')) {\n    let count = 0;\n    function incr() {\n      count++;\n      if (src != enlarged.attr('src'))\n        enlarged.attr('src', src);\n      if (count >= 10) {\n        clearInterval(intervalId);\n      }\n    }\n    const intervalId = setInterval(incr, 100);\n  }\n\n  \/\/console.log('lightbox clicked', e, this);\n});\n\n<\/script>","protected":false},"excerpt":{"rendered":"<p>4. Evaluations Les champs \u00e9valuations se composent d'un curseur et d'une zone de texte. Ils s'appliquent : Chaque niveau est associ\u00e9 \u00e0 une couleur et une ic\u00f4ne : Une vue d'ensemble des \u00e9valuations est propos\u00e9e dans l'onglet Plan d'action. L'onglet affiche l'ic\u00f4ne de l'\u00e9valuation la plus basse lorsqu'il en contient plusieurs. Dans la liste des &hellip;<\/p>\n<p class=\"read-more\"> <a class=\"\" href=\"https:\/\/tuto.provacy.com\/en\/pia\/eval\/\"> <span class=\"screen-reader-text\">04. Reviews<\/span> Read More &raquo;<\/a><\/p>","protected":false},"author":2,"featured_media":0,"parent":3145,"menu_order":92,"comment_status":"closed","ping_status":"closed","template":"","meta":{"site-sidebar-layout":"default","site-content-layout":"","ast-site-content-layout":"default","site-content-style":"default","site-sidebar-style":"default","ast-global-header-display":"","ast-banner-title-visibility":"","ast-main-header-display":"","ast-hfb-above-header-display":"","ast-hfb-below-header-display":"","ast-hfb-mobile-header-display":"","site-post-title":"","ast-breadcrumbs-content":"","ast-featured-img":"","footer-sml-layout":"","theme-transparent-header-meta":"","adv-header-id-meta":"","stick-header-meta":"","header-above-stick-meta":"","header-main-stick-meta":"","header-below-stick-meta":"","astra-migrate-meta-layouts":"set","footnotes":""},"yoast_head":"<!-- This site is optimized with the Yoast SEO plugin v23.3 - https:\/\/yoast.com\/wordpress\/plugins\/seo\/ -->\n<title>04. Evaluations - Guide utilisateur<\/title>\n<meta name=\"robots\" content=\"noindex, follow, max-snippet:-1, max-image-preview:large, max-video-preview:-1\" \/>\n<meta property=\"og:locale\" content=\"en_GB\" \/>\n<meta property=\"og:type\" content=\"article\" \/>\n<meta property=\"og:title\" content=\"04. Evaluations - Guide utilisateur\" \/>\n<meta property=\"og:description\" content=\"4. Evaluations Les champs \u00e9valuations se composent d&#039;un curseur et d&#039;une zone de texte. Ils s&#039;appliquent : Chaque niveau est associ\u00e9 \u00e0 une couleur et une ic\u00f4ne : Une vue d&#039;ensemble des \u00e9valuations est propos\u00e9e dans l&#039;onglet Plan d&#039;action. L&#039;onglet affiche l&#039;ic\u00f4ne de l&#039;\u00e9valuation la plus basse lorsqu&#039;il en contient plusieurs. Dans la liste des &hellip; 04. Evaluations Read More &raquo;\" \/>\n<meta property=\"og:url\" content=\"https:\/\/tuto.provacy.com\/en\/pia\/eval\/\" \/>\n<meta property=\"og:site_name\" content=\"Guide utilisateur\" \/>\n<meta property=\"article:modified_time\" content=\"2025-01-14T16:24:28+00:00\" \/>\n<meta property=\"og:image\" content=\"https:\/\/tuto.provacy.com\/wp-content\/uploads\/sites\/4\/2024\/04\/01_Menu-Page-1.png\" \/>\n<meta name=\"twitter:card\" content=\"summary_large_image\" \/>\n<meta name=\"twitter:label1\" content=\"Estimated reading time\" \/>\n\t<meta name=\"twitter:data1\" content=\"3 minutes\" \/>\n<script type=\"application\/ld+json\" class=\"yoast-schema-graph\">{\"@context\":\"https:\/\/schema.org\",\"@graph\":[{\"@type\":\"WebPage\",\"@id\":\"https:\/\/tuto.provacy.com\/pia\/eval\/\",\"url\":\"https:\/\/tuto.provacy.com\/pia\/eval\/\",\"name\":\"04. Evaluations - Guide utilisateur\",\"isPartOf\":{\"@id\":\"https:\/\/tuto.provacy.com\/#website\"},\"primaryImageOfPage\":{\"@id\":\"https:\/\/tuto.provacy.com\/pia\/eval\/#primaryimage\"},\"image\":{\"@id\":\"https:\/\/tuto.provacy.com\/pia\/eval\/#primaryimage\"},\"thumbnailUrl\":\"https:\/\/tuto.provacy.com\/wp-content\/uploads\/sites\/4\/2024\/04\/01_Menu-Page-1.png\",\"datePublished\":\"2025-01-13T08:27:04+00:00\",\"dateModified\":\"2025-01-14T16:24:28+00:00\",\"breadcrumb\":{\"@id\":\"https:\/\/tuto.provacy.com\/pia\/eval\/#breadcrumb\"},\"inLanguage\":\"en-GB\",\"potentialAction\":[{\"@type\":\"ReadAction\",\"target\":[\"https:\/\/tuto.provacy.com\/pia\/eval\/\"]}]},{\"@type\":\"ImageObject\",\"inLanguage\":\"en-GB\",\"@id\":\"https:\/\/tuto.provacy.com\/pia\/eval\/#primaryimage\",\"url\":\"https:\/\/tuto.provacy.com\/wp-content\/uploads\/sites\/4\/2024\/04\/01_Menu-Page-1.png\",\"contentUrl\":\"https:\/\/tuto.provacy.com\/wp-content\/uploads\/sites\/4\/2024\/04\/01_Menu-Page-1.png\"},{\"@type\":\"BreadcrumbList\",\"@id\":\"https:\/\/tuto.provacy.com\/pia\/eval\/#breadcrumb\",\"itemListElement\":[{\"@type\":\"ListItem\",\"position\":1,\"name\":\"Accueil\",\"item\":\"https:\/\/tuto.provacy.com\/\"},{\"@type\":\"ListItem\",\"position\":2,\"name\":\"Analyse d'impact\",\"item\":\"https:\/\/tuto.provacy.com\/pia\/\"},{\"@type\":\"ListItem\",\"position\":3,\"name\":\"04. Evaluations\"}]},{\"@type\":\"WebSite\",\"@id\":\"https:\/\/tuto.provacy.com\/#website\",\"url\":\"https:\/\/tuto.provacy.com\/\",\"name\":\"Guide utilisateur\",\"description\":\"\",\"publisher\":{\"@id\":\"https:\/\/tuto.provacy.com\/#organization\"},\"potentialAction\":[{\"@type\":\"SearchAction\",\"target\":{\"@type\":\"EntryPoint\",\"urlTemplate\":\"https:\/\/tuto.provacy.com\/?s={search_term_string}\"},\"query-input\":\"required name=search_term_string\"}],\"inLanguage\":\"en-GB\"},{\"@type\":\"Organization\",\"@id\":\"https:\/\/tuto.provacy.com\/#organization\",\"name\":\"Guide utilisateur\",\"url\":\"https:\/\/tuto.provacy.com\/\",\"logo\":{\"@type\":\"ImageObject\",\"inLanguage\":\"en-GB\",\"@id\":\"https:\/\/tuto.provacy.com\/#\/schema\/logo\/image\/\",\"url\":\"https:\/\/tuto.provacy.com\/wp-content\/uploads\/sites\/4\/2023\/10\/cropped-power-logo-white-slogan.png\",\"contentUrl\":\"https:\/\/tuto.provacy.com\/wp-content\/uploads\/sites\/4\/2023\/10\/cropped-power-logo-white-slogan.png\",\"width\":1231,\"height\":272,\"caption\":\"Guide utilisateur\"},\"image\":{\"@id\":\"https:\/\/tuto.provacy.com\/#\/schema\/logo\/image\/\"}}]}<\/script>\n<!-- \/ Yoast SEO plugin. -->","yoast_head_json":{"title":"04. Evaluations - Guide utilisateur","robots":{"index":"noindex","follow":"follow","max-snippet":"max-snippet:-1","max-image-preview":"max-image-preview:large","max-video-preview":"max-video-preview:-1"},"og_locale":"en_GB","og_type":"article","og_title":"04. Evaluations - Guide utilisateur","og_description":"4. Evaluations Les champs \u00e9valuations se composent d'un curseur et d'une zone de texte. Ils s'appliquent : Chaque niveau est associ\u00e9 \u00e0 une couleur et une ic\u00f4ne : Une vue d'ensemble des \u00e9valuations est propos\u00e9e dans l'onglet Plan d'action. L'onglet affiche l'ic\u00f4ne de l'\u00e9valuation la plus basse lorsqu'il en contient plusieurs. Dans la liste des &hellip; 04. Evaluations Read More &raquo;","og_url":"https:\/\/tuto.provacy.com\/en\/pia\/eval\/","og_site_name":"Guide utilisateur","article_modified_time":"2025-01-14T16:24:28+00:00","og_image":[{"url":"https:\/\/tuto.provacy.com\/wp-content\/uploads\/sites\/4\/2024\/04\/01_Menu-Page-1.png"}],"twitter_card":"summary_large_image","twitter_misc":{"Estimated reading time":"3 minutes"},"schema":{"@context":"https:\/\/schema.org","@graph":[{"@type":"WebPage","@id":"https:\/\/tuto.provacy.com\/pia\/eval\/","url":"https:\/\/tuto.provacy.com\/pia\/eval\/","name":"04. Evaluations - Guide utilisateur","isPartOf":{"@id":"https:\/\/tuto.provacy.com\/#website"},"primaryImageOfPage":{"@id":"https:\/\/tuto.provacy.com\/pia\/eval\/#primaryimage"},"image":{"@id":"https:\/\/tuto.provacy.com\/pia\/eval\/#primaryimage"},"thumbnailUrl":"https:\/\/tuto.provacy.com\/wp-content\/uploads\/sites\/4\/2024\/04\/01_Menu-Page-1.png","datePublished":"2025-01-13T08:27:04+00:00","dateModified":"2025-01-14T16:24:28+00:00","breadcrumb":{"@id":"https:\/\/tuto.provacy.com\/pia\/eval\/#breadcrumb"},"inLanguage":"en-GB","potentialAction":[{"@type":"ReadAction","target":["https:\/\/tuto.provacy.com\/pia\/eval\/"]}]},{"@type":"ImageObject","inLanguage":"en-GB","@id":"https:\/\/tuto.provacy.com\/pia\/eval\/#primaryimage","url":"https:\/\/tuto.provacy.com\/wp-content\/uploads\/sites\/4\/2024\/04\/01_Menu-Page-1.png","contentUrl":"https:\/\/tuto.provacy.com\/wp-content\/uploads\/sites\/4\/2024\/04\/01_Menu-Page-1.png"},{"@type":"BreadcrumbList","@id":"https:\/\/tuto.provacy.com\/pia\/eval\/#breadcrumb","itemListElement":[{"@type":"ListItem","position":1,"name":"Accueil","item":"https:\/\/tuto.provacy.com\/"},{"@type":"ListItem","position":2,"name":"Analyse d'impact","item":"https:\/\/tuto.provacy.com\/pia\/"},{"@type":"ListItem","position":3,"name":"04. Evaluations"}]},{"@type":"WebSite","@id":"https:\/\/tuto.provacy.com\/#website","url":"https:\/\/tuto.provacy.com\/","name":"Guide utilisateur","description":"","publisher":{"@id":"https:\/\/tuto.provacy.com\/#organization"},"potentialAction":[{"@type":"SearchAction","target":{"@type":"EntryPoint","urlTemplate":"https:\/\/tuto.provacy.com\/?s={search_term_string}"},"query-input":"required name=search_term_string"}],"inLanguage":"en-GB"},{"@type":"Organization","@id":"https:\/\/tuto.provacy.com\/#organization","name":"Guide utilisateur","url":"https:\/\/tuto.provacy.com\/","logo":{"@type":"ImageObject","inLanguage":"en-GB","@id":"https:\/\/tuto.provacy.com\/#\/schema\/logo\/image\/","url":"https:\/\/tuto.provacy.com\/wp-content\/uploads\/sites\/4\/2023\/10\/cropped-power-logo-white-slogan.png","contentUrl":"https:\/\/tuto.provacy.com\/wp-content\/uploads\/sites\/4\/2023\/10\/cropped-power-logo-white-slogan.png","width":1231,"height":272,"caption":"Guide utilisateur"},"image":{"@id":"https:\/\/tuto.provacy.com\/#\/schema\/logo\/image\/"}}]}},"_links":{"self":[{"href":"https:\/\/tuto.provacy.com\/en\/wp-json\/wp\/v2\/pages\/3190"}],"collection":[{"href":"https:\/\/tuto.provacy.com\/en\/wp-json\/wp\/v2\/pages"}],"about":[{"href":"https:\/\/tuto.provacy.com\/en\/wp-json\/wp\/v2\/types\/page"}],"author":[{"embeddable":true,"href":"https:\/\/tuto.provacy.com\/en\/wp-json\/wp\/v2\/users\/2"}],"replies":[{"embeddable":true,"href":"https:\/\/tuto.provacy.com\/en\/wp-json\/wp\/v2\/comments?post=3190"}],"version-history":[{"count":14,"href":"https:\/\/tuto.provacy.com\/en\/wp-json\/wp\/v2\/pages\/3190\/revisions"}],"predecessor-version":[{"id":3370,"href":"https:\/\/tuto.provacy.com\/en\/wp-json\/wp\/v2\/pages\/3190\/revisions\/3370"}],"up":[{"embeddable":true,"href":"https:\/\/tuto.provacy.com\/en\/wp-json\/wp\/v2\/pages\/3145"}],"wp:attachment":[{"href":"https:\/\/tuto.provacy.com\/en\/wp-json\/wp\/v2\/media?parent=3190"}],"curies":[{"name":"wp","href":"https:\/\/api.w.org\/{rel}","templated":true}]}}