{"id":3260,"date":"2025-01-13T17:52:31","date_gmt":"2025-01-13T16:52:31","guid":{"rendered":"https:\/\/tuto.provacy.com\/?page_id=3260"},"modified":"2025-01-15T10:22:18","modified_gmt":"2025-01-15T09:22:18","slug":"action","status":"publish","type":"page","link":"https:\/\/tuto.provacy.com\/en\/pia\/action\/","title":{"rendered":"08. Plan d'action"},"content":{"rendered":"<div class=\"wp-block-group top-nav is-nowrap is-layout-flex wp-container-core-group-layout-1 wp-block-group-is-layout-flex\">\n\n<\/div>\n\n\n\n<h4 class=\"wp-block-heading\">8. Action Plan<\/h4>\n\n\n\n<p>The action plan automatically lists all evaluations marked as \"To correct\" or \"Improvable\":<\/p>\n\n\n\n<div class=\"wp-block-group is-content-justification-center is-nowrap is-layout-flex wp-container-core-group-layout-2 wp-block-group-is-layout-flex\" style=\"padding-top:var(--wp--preset--spacing--50);padding-bottom:var(--wp--preset--spacing--50)\">\n<figure class=\"wp-block-image size-large is-resized\"><img decoding=\"async\" src=\"https:\/\/tuto.provacy.com\/wp-content\/uploads\/sites\/4\/2023\/08\/07a28b93-92a8-427c-82ba-f51c26339eb1.png\" alt=\"\" style=\"width:800px\" \/><\/figure>\n<\/div>\n\n\n\n<p><img loading=\"lazy\" decoding=\"async\" width=\"107\" height=\"97\" class=\"wp-image-3261\" style=\"width: 50px\" src=\"https:\/\/tuto.provacy.com\/wp-content\/uploads\/sites\/4\/2025\/01\/activity.png\" alt=\"\" srcset=\"https:\/\/tuto.provacy.com\/wp-content\/uploads\/sites\/4\/2025\/01\/activity.png 107w, https:\/\/tuto.provacy.com\/wp-content\/uploads\/sites\/4\/2025\/01\/activity-13x12.png 13w\" sizes=\"(max-width: 107px) 100vw, 107px\" \/>To save time, activities created from the action plan display the type (DPIA) and include the detailed notes:<\/p>\n\n\n\n<div class=\"wp-block-group is-content-justification-center is-nowrap is-layout-flex wp-container-core-group-layout-3 wp-block-group-is-layout-flex\" style=\"padding-top:var(--wp--preset--spacing--50);padding-bottom:var(--wp--preset--spacing--50)\">\n<figure class=\"wp-block-image size-large is-resized\"><img decoding=\"async\" src=\"https:\/\/tuto.provacy.com\/wp-content\/uploads\/sites\/4\/2023\/08\/a40bbc9d-b7be-41ba-9ead-7ee77167e691.png\" alt=\"\" style=\"width:800px\" \/><\/figure>\n<\/div>\n\n\n\n<p>From the \"Links\" tab, the list of activities linked to the action plan allows easy access to the activity forms:<\/p>\n\n\n\n<div class=\"wp-block-group is-content-justification-center is-nowrap is-layout-flex wp-container-core-group-layout-4 wp-block-group-is-layout-flex\" style=\"padding-top:var(--wp--preset--spacing--50);padding-bottom:var(--wp--preset--spacing--50)\">\n<figure class=\"wp-block-image size-large is-resized\"><img decoding=\"async\" src=\"https:\/\/tuto.provacy.com\/wp-content\/uploads\/sites\/4\/2023\/08\/b2d533a9-a7d1-4088-91e4-4f70b15022c8.png\" alt=\"\" style=\"width:800px\" \/><\/figure>\n<\/div>\n\n\n\n<div class=\"wp-block-columns bottom-nav is-layout-flex wp-container-core-columns-layout-1 wp-block-columns-is-layout-flex\">\n<div class=\"wp-block-column is-layout-flow wp-block-column-is-layout-flow\" style=\"flex-basis:25%\"><\/div>\n\n\n\n<div class=\"wp-block-column is-layout-flow wp-block-column-is-layout-flow\" style=\"flex-basis:50%\"><\/div>\n\n\n\n<div class=\"wp-block-column is-layout-flow wp-block-column-is-layout-flow\" style=\"flex-basis:25%\"><\/div>\n<\/div>\n\n\n\n<span class=\"sidebar-toggle hidden\" title=\"Show\/Hide side menu\"><i class=\"fal fa-table-layout\"><\/i><\/span>\n<script src=\"\/wp-includes\/js\/provacy\/js.cookie.min.js\"><\/script>\n<script>\nvar shown = true, $ = jQuery, b = $('body'), t = $('.sidebar-toggle'), c = Cookies.get('sidebar');\nif (c) {\n  shown = c == 1;\n}\nb.addClass('sidebar-' + (shown ? 'shown' : 'hidden'));\nif (shown) {\n  t.find('i').toggleClass('fa-table-layout fa-window-maximize');\n}\nt.on('click', function() {\n  shown = !shown;\n  t.find('i').toggleClass('fa-table-layout fa-window-maximize');\n  b.toggleClass('sidebar-shown sidebar-hidden');\n  Cookies.set('sidebar', shown ? 1 : 0, { expires: 30 });\n});\n\n$('figure.wp-lightbox-container').on('click', function(e) {\n  var img = $(e.target).parents('figure:first').find('img:first'), src = img.attr('src'), enlarged = $('figure.enlarged-image img.' + img.attr('class'));\n  if (enlarged.length && src != enlarged.attr('src')) {\n    let count = 0;\n    function incr() {\n      count++;\n      if (src != enlarged.attr('src'))\n        enlarged.attr('src', src);\n      if (count >= 10) {\n        clearInterval(intervalId);\n      }\n    }\n    const intervalId = setInterval(incr, 100);\n  }\n\n  \/\/console.log('lightbox clicked', e, this);\n});\n\n<\/script>","protected":false},"excerpt":{"rendered":"<p>8. Plan d'action La plan d'action liste automatiquement toutes les \u00e9valuations de type \"A corriger\" ou \"Am\u00e9liorable\" : Pour gagner du temps, les activit\u00e9s cr\u00e9\u00e9es \u00e0 partir du plan d'action affichent le type (AIPD) et reprennent les notes dans le d\u00e9tail : Depuis l'onglet Liens, la liste des activit\u00e9s li\u00e9es au plan d'action permet d'acc\u00e8der &hellip;<\/p>\n<p class=\"read-more\"> <a class=\"\" href=\"https:\/\/tuto.provacy.com\/en\/pia\/action\/\"> <span class=\"screen-reader-text\">08. Plan d'action<\/span> Read More &raquo;<\/a><\/p>","protected":false},"author":2,"featured_media":0,"parent":3145,"menu_order":95,"comment_status":"closed","ping_status":"closed","template":"","meta":{"site-sidebar-layout":"default","site-content-layout":"","ast-site-content-layout":"default","site-content-style":"default","site-sidebar-style":"default","ast-global-header-display":"","ast-banner-title-visibility":"","ast-main-header-display":"","ast-hfb-above-header-display":"","ast-hfb-below-header-display":"","ast-hfb-mobile-header-display":"","site-post-title":"","ast-breadcrumbs-content":"","ast-featured-img":"","footer-sml-layout":"","theme-transparent-header-meta":"","adv-header-id-meta":"","stick-header-meta":"","header-above-stick-meta":"","header-main-stick-meta":"","header-below-stick-meta":"","astra-migrate-meta-layouts":"set","footnotes":""},"yoast_head":"<!-- This site is optimized with the Yoast SEO plugin v23.3 - https:\/\/yoast.com\/wordpress\/plugins\/seo\/ -->\n<title>08. Plan d&#039;action - Guide utilisateur<\/title>\n<meta name=\"robots\" content=\"noindex, follow, max-snippet:-1, max-image-preview:large, max-video-preview:-1\" \/>\n<meta property=\"og:locale\" content=\"en_GB\" \/>\n<meta property=\"og:type\" content=\"article\" \/>\n<meta property=\"og:title\" content=\"08. Plan d&#039;action - Guide utilisateur\" \/>\n<meta property=\"og:description\" content=\"8. Plan d&#039;action La plan d&#039;action liste automatiquement toutes les \u00e9valuations de type &quot;A corriger&quot; ou &quot;Am\u00e9liorable&quot; : Pour gagner du temps, les activit\u00e9s cr\u00e9\u00e9es \u00e0 partir du plan d&#039;action affichent le type (AIPD) et reprennent les notes dans le d\u00e9tail : Depuis l&#039;onglet Liens, la liste des activit\u00e9s li\u00e9es au plan d&#039;action permet d&#039;acc\u00e8der &hellip; 08. Plan d&#039;action Read More &raquo;\" \/>\n<meta property=\"og:url\" content=\"https:\/\/tuto.provacy.com\/en\/pia\/action\/\" \/>\n<meta property=\"og:site_name\" content=\"Guide utilisateur\" \/>\n<meta property=\"article:modified_time\" content=\"2025-01-15T09:22:18+00:00\" \/>\n<meta property=\"og:image\" content=\"https:\/\/tuto.provacy.com\/wp-content\/uploads\/sites\/4\/2023\/08\/b7a1ecb7-2cff-43dd-80f8-22871bb29a59.png\" \/>\n<meta name=\"twitter:card\" content=\"summary_large_image\" \/>\n<meta name=\"twitter:label1\" content=\"Estimated reading time\" \/>\n\t<meta name=\"twitter:data1\" content=\"2 minutes\" \/>\n<script type=\"application\/ld+json\" class=\"yoast-schema-graph\">{\"@context\":\"https:\/\/schema.org\",\"@graph\":[{\"@type\":\"WebPage\",\"@id\":\"https:\/\/tuto.provacy.com\/pia\/action\/\",\"url\":\"https:\/\/tuto.provacy.com\/pia\/action\/\",\"name\":\"08. Plan d'action - Guide utilisateur\",\"isPartOf\":{\"@id\":\"https:\/\/tuto.provacy.com\/#website\"},\"primaryImageOfPage\":{\"@id\":\"https:\/\/tuto.provacy.com\/pia\/action\/#primaryimage\"},\"image\":{\"@id\":\"https:\/\/tuto.provacy.com\/pia\/action\/#primaryimage\"},\"thumbnailUrl\":\"https:\/\/tuto.provacy.com\/wp-content\/uploads\/sites\/4\/2023\/08\/b7a1ecb7-2cff-43dd-80f8-22871bb29a59.png\",\"datePublished\":\"2025-01-13T16:52:31+00:00\",\"dateModified\":\"2025-01-15T09:22:18+00:00\",\"breadcrumb\":{\"@id\":\"https:\/\/tuto.provacy.com\/pia\/action\/#breadcrumb\"},\"inLanguage\":\"en-GB\",\"potentialAction\":[{\"@type\":\"ReadAction\",\"target\":[\"https:\/\/tuto.provacy.com\/pia\/action\/\"]}]},{\"@type\":\"ImageObject\",\"inLanguage\":\"en-GB\",\"@id\":\"https:\/\/tuto.provacy.com\/pia\/action\/#primaryimage\",\"url\":\"https:\/\/tuto.provacy.com\/wp-content\/uploads\/sites\/4\/2023\/08\/b7a1ecb7-2cff-43dd-80f8-22871bb29a59.png\",\"contentUrl\":\"https:\/\/tuto.provacy.com\/wp-content\/uploads\/sites\/4\/2023\/08\/b7a1ecb7-2cff-43dd-80f8-22871bb29a59.png\"},{\"@type\":\"BreadcrumbList\",\"@id\":\"https:\/\/tuto.provacy.com\/pia\/action\/#breadcrumb\",\"itemListElement\":[{\"@type\":\"ListItem\",\"position\":1,\"name\":\"Accueil\",\"item\":\"https:\/\/tuto.provacy.com\/\"},{\"@type\":\"ListItem\",\"position\":2,\"name\":\"Analyse d'impact\",\"item\":\"https:\/\/tuto.provacy.com\/pia\/\"},{\"@type\":\"ListItem\",\"position\":3,\"name\":\"08. Plan d'action\"}]},{\"@type\":\"WebSite\",\"@id\":\"https:\/\/tuto.provacy.com\/#website\",\"url\":\"https:\/\/tuto.provacy.com\/\",\"name\":\"Guide utilisateur\",\"description\":\"\",\"publisher\":{\"@id\":\"https:\/\/tuto.provacy.com\/#organization\"},\"potentialAction\":[{\"@type\":\"SearchAction\",\"target\":{\"@type\":\"EntryPoint\",\"urlTemplate\":\"https:\/\/tuto.provacy.com\/?s={search_term_string}\"},\"query-input\":\"required name=search_term_string\"}],\"inLanguage\":\"en-GB\"},{\"@type\":\"Organization\",\"@id\":\"https:\/\/tuto.provacy.com\/#organization\",\"name\":\"Guide utilisateur\",\"url\":\"https:\/\/tuto.provacy.com\/\",\"logo\":{\"@type\":\"ImageObject\",\"inLanguage\":\"en-GB\",\"@id\":\"https:\/\/tuto.provacy.com\/#\/schema\/logo\/image\/\",\"url\":\"https:\/\/tuto.provacy.com\/wp-content\/uploads\/sites\/4\/2023\/10\/cropped-power-logo-white-slogan.png\",\"contentUrl\":\"https:\/\/tuto.provacy.com\/wp-content\/uploads\/sites\/4\/2023\/10\/cropped-power-logo-white-slogan.png\",\"width\":1231,\"height\":272,\"caption\":\"Guide utilisateur\"},\"image\":{\"@id\":\"https:\/\/tuto.provacy.com\/#\/schema\/logo\/image\/\"}}]}<\/script>\n<!-- \/ Yoast SEO plugin. -->","yoast_head_json":{"title":"08. Plan d'action - Guide utilisateur","robots":{"index":"noindex","follow":"follow","max-snippet":"max-snippet:-1","max-image-preview":"max-image-preview:large","max-video-preview":"max-video-preview:-1"},"og_locale":"en_GB","og_type":"article","og_title":"08. Plan d'action - Guide utilisateur","og_description":"8. Plan d'action La plan d'action liste automatiquement toutes les \u00e9valuations de type \"A corriger\" ou \"Am\u00e9liorable\" : Pour gagner du temps, les activit\u00e9s cr\u00e9\u00e9es \u00e0 partir du plan d'action affichent le type (AIPD) et reprennent les notes dans le d\u00e9tail : Depuis l'onglet Liens, la liste des activit\u00e9s li\u00e9es au plan d'action permet d'acc\u00e8der &hellip; 08. Plan d'action Read More &raquo;","og_url":"https:\/\/tuto.provacy.com\/en\/pia\/action\/","og_site_name":"Guide utilisateur","article_modified_time":"2025-01-15T09:22:18+00:00","og_image":[{"url":"https:\/\/tuto.provacy.com\/wp-content\/uploads\/sites\/4\/2023\/08\/b7a1ecb7-2cff-43dd-80f8-22871bb29a59.png"}],"twitter_card":"summary_large_image","twitter_misc":{"Estimated reading time":"2 minutes"},"schema":{"@context":"https:\/\/schema.org","@graph":[{"@type":"WebPage","@id":"https:\/\/tuto.provacy.com\/pia\/action\/","url":"https:\/\/tuto.provacy.com\/pia\/action\/","name":"08. Plan d'action - Guide utilisateur","isPartOf":{"@id":"https:\/\/tuto.provacy.com\/#website"},"primaryImageOfPage":{"@id":"https:\/\/tuto.provacy.com\/pia\/action\/#primaryimage"},"image":{"@id":"https:\/\/tuto.provacy.com\/pia\/action\/#primaryimage"},"thumbnailUrl":"https:\/\/tuto.provacy.com\/wp-content\/uploads\/sites\/4\/2023\/08\/b7a1ecb7-2cff-43dd-80f8-22871bb29a59.png","datePublished":"2025-01-13T16:52:31+00:00","dateModified":"2025-01-15T09:22:18+00:00","breadcrumb":{"@id":"https:\/\/tuto.provacy.com\/pia\/action\/#breadcrumb"},"inLanguage":"en-GB","potentialAction":[{"@type":"ReadAction","target":["https:\/\/tuto.provacy.com\/pia\/action\/"]}]},{"@type":"ImageObject","inLanguage":"en-GB","@id":"https:\/\/tuto.provacy.com\/pia\/action\/#primaryimage","url":"https:\/\/tuto.provacy.com\/wp-content\/uploads\/sites\/4\/2023\/08\/b7a1ecb7-2cff-43dd-80f8-22871bb29a59.png","contentUrl":"https:\/\/tuto.provacy.com\/wp-content\/uploads\/sites\/4\/2023\/08\/b7a1ecb7-2cff-43dd-80f8-22871bb29a59.png"},{"@type":"BreadcrumbList","@id":"https:\/\/tuto.provacy.com\/pia\/action\/#breadcrumb","itemListElement":[{"@type":"ListItem","position":1,"name":"Accueil","item":"https:\/\/tuto.provacy.com\/"},{"@type":"ListItem","position":2,"name":"Analyse d'impact","item":"https:\/\/tuto.provacy.com\/pia\/"},{"@type":"ListItem","position":3,"name":"08. Plan d'action"}]},{"@type":"WebSite","@id":"https:\/\/tuto.provacy.com\/#website","url":"https:\/\/tuto.provacy.com\/","name":"Guide utilisateur","description":"","publisher":{"@id":"https:\/\/tuto.provacy.com\/#organization"},"potentialAction":[{"@type":"SearchAction","target":{"@type":"EntryPoint","urlTemplate":"https:\/\/tuto.provacy.com\/?s={search_term_string}"},"query-input":"required name=search_term_string"}],"inLanguage":"en-GB"},{"@type":"Organization","@id":"https:\/\/tuto.provacy.com\/#organization","name":"Guide utilisateur","url":"https:\/\/tuto.provacy.com\/","logo":{"@type":"ImageObject","inLanguage":"en-GB","@id":"https:\/\/tuto.provacy.com\/#\/schema\/logo\/image\/","url":"https:\/\/tuto.provacy.com\/wp-content\/uploads\/sites\/4\/2023\/10\/cropped-power-logo-white-slogan.png","contentUrl":"https:\/\/tuto.provacy.com\/wp-content\/uploads\/sites\/4\/2023\/10\/cropped-power-logo-white-slogan.png","width":1231,"height":272,"caption":"Guide utilisateur"},"image":{"@id":"https:\/\/tuto.provacy.com\/#\/schema\/logo\/image\/"}}]}},"_links":{"self":[{"href":"https:\/\/tuto.provacy.com\/en\/wp-json\/wp\/v2\/pages\/3260"}],"collection":[{"href":"https:\/\/tuto.provacy.com\/en\/wp-json\/wp\/v2\/pages"}],"about":[{"href":"https:\/\/tuto.provacy.com\/en\/wp-json\/wp\/v2\/types\/page"}],"author":[{"embeddable":true,"href":"https:\/\/tuto.provacy.com\/en\/wp-json\/wp\/v2\/users\/2"}],"replies":[{"embeddable":true,"href":"https:\/\/tuto.provacy.com\/en\/wp-json\/wp\/v2\/comments?post=3260"}],"version-history":[{"count":6,"href":"https:\/\/tuto.provacy.com\/en\/wp-json\/wp\/v2\/pages\/3260\/revisions"}],"predecessor-version":[{"id":3395,"href":"https:\/\/tuto.provacy.com\/en\/wp-json\/wp\/v2\/pages\/3260\/revisions\/3395"}],"up":[{"embeddable":true,"href":"https:\/\/tuto.provacy.com\/en\/wp-json\/wp\/v2\/pages\/3145"}],"wp:attachment":[{"href":"https:\/\/tuto.provacy.com\/en\/wp-json\/wp\/v2\/media?parent=3260"}],"curies":[{"name":"wp","href":"https:\/\/api.w.org\/{rel}","templated":true}]}}