{"id":3279,"date":"2025-01-14T09:12:08","date_gmt":"2025-01-14T08:12:08","guid":{"rendered":"https:\/\/tuto.provacy.com\/?page_id=3279"},"modified":"2025-01-15T11:33:45","modified_gmt":"2025-01-15T10:33:45","slug":"signature","status":"publish","type":"page","link":"https:\/\/tuto.provacy.com\/en\/pia\/signature\/","title":{"rendered":"11. Signature"},"content":{"rendered":"<div class=\"wp-block-group top-nav is-nowrap is-layout-flex wp-container-core-group-layout-1 wp-block-group-is-layout-flex\">\n\n<\/div>\n\n\n\n<h4 class=\"wp-block-heading\">11. Signature<\/h4>\n\n\n\n<p>In the \"Description\" tab, select a signatory:<\/p>\n\n\n\n<div class=\"wp-block-group is-content-justification-center is-nowrap is-layout-flex wp-container-core-group-layout-2 wp-block-group-is-layout-flex\" style=\"padding-top:var(--wp--preset--spacing--50);padding-bottom:var(--wp--preset--spacing--50)\">\n<figure class=\"wp-block-image size-large is-resized\"><img decoding=\"async\" src=\"https:\/\/tuto.provacy.com\/wp-content\/uploads\/sites\/4\/2023\/08\/831b71cb-8c9c-4a5f-8530-396a8334a005.png\" alt=\"\" style=\"width:800px\" \/><\/figure>\n<\/div>\n\n\n\n<p>If the signatory already has a Provacy account, assign the role to their user profile <img loading=\"lazy\" decoding=\"async\" width=\"70\" height=\"70\" class=\"wp-image-2287\" style=\"width: 50px\" src=\"https:\/\/tuto.provacy.com\/wp-content\/uploads\/sites\/4\/2024\/03\/users.png\" alt=\"\" srcset=\"https:\/\/tuto.provacy.com\/wp-content\/uploads\/sites\/4\/2024\/03\/users.png 70w, https:\/\/tuto.provacy.com\/wp-content\/uploads\/sites\/4\/2024\/03\/users-12x12.png 12w\" sizes=\"(max-width: 70px) 100vw, 70px\" \/><\/p>\n\n\n\n<div class=\"wp-block-group is-content-justification-center is-nowrap is-layout-flex wp-container-core-group-layout-3 wp-block-group-is-layout-flex\" style=\"padding-top:var(--wp--preset--spacing--50);padding-bottom:var(--wp--preset--spacing--50)\">\n<figure class=\"wp-block-image size-large is-resized\"><img decoding=\"async\" src=\"https:\/\/tuto.provacy.com\/wp-content\/uploads\/sites\/4\/2023\/08\/070cfbc8-608f-451b-913d-53ec003b6368.png\" alt=\"\" style=\"width:800px\" \/><\/figure>\n<\/div>\n\n\n\n<p>Upon validation of the form, the signatory receives a notification:<\/p>\n\n\n\n<div class=\"wp-block-group is-content-justification-center is-nowrap is-layout-flex wp-container-core-group-layout-4 wp-block-group-is-layout-flex\" style=\"padding-top:var(--wp--preset--spacing--50);padding-bottom:var(--wp--preset--spacing--50)\">\n<figure class=\"wp-block-image size-large is-resized\"><img decoding=\"async\" src=\"https:\/\/tuto.provacy.com\/wp-content\/uploads\/sites\/4\/2023\/08\/d05e3388-aaa9-466c-8be3-736c2d916609.png\" alt=\"\" style=\"width:700px\" \/><\/figure>\n<\/div>\n\n\n\n<p><img loading=\"lazy\" decoding=\"async\" width=\"143\" height=\"141\" class=\"wp-image-2605\" style=\"width: 50px\" src=\"https:\/\/tuto.provacy.com\/wp-content\/uploads\/sites\/4\/2024\/04\/01_Menu-Page-1.png\" alt=\"\" srcset=\"https:\/\/tuto.provacy.com\/wp-content\/uploads\/sites\/4\/2024\/04\/01_Menu-Page-1.png 143w, https:\/\/tuto.provacy.com\/wp-content\/uploads\/sites\/4\/2024\/04\/01_Menu-Page-1-12x12.png 12w\" sizes=\"(max-width: 143px) 100vw, 143px\" \/> The signatory logs in with their code and password. From the form, they click on <img loading=\"lazy\" decoding=\"async\" width=\"198\" height=\"74\" class=\"wp-image-3282\" style=\"width: 100px\" src=\"https:\/\/tuto.provacy.com\/wp-content\/uploads\/sites\/4\/2025\/01\/screenshot-test-c9993_provacy4_eu-2025_01_08-13_39_54.png\" alt=\"\" srcset=\"https:\/\/tuto.provacy.com\/wp-content\/uploads\/sites\/4\/2025\/01\/screenshot-test-c9993_provacy4_eu-2025_01_08-13_39_54.png 144w, https:\/\/tuto.provacy.com\/wp-content\/uploads\/sites\/4\/2025\/01\/screenshot-test-c9993_provacy4_eu-2025_01_08-13_39_54-18x8.png 18w\" sizes=\"(max-width: 198px) 100vw, 198px\" \/> or <img loading=\"lazy\" decoding=\"async\" width=\"207\" height=\"72\" class=\"wp-image-3283\" style=\"width: 110px\" src=\"https:\/\/tuto.provacy.com\/wp-content\/uploads\/sites\/4\/2025\/01\/screenshot-test-c9993_provacy4_eu-2025_01_08-13_40_04.png\" alt=\"\" srcset=\"https:\/\/tuto.provacy.com\/wp-content\/uploads\/sites\/4\/2025\/01\/screenshot-test-c9993_provacy4_eu-2025_01_08-13_40_04.png 169w, https:\/\/tuto.provacy.com\/wp-content\/uploads\/sites\/4\/2025\/01\/screenshot-test-c9993_provacy4_eu-2025_01_08-13_40_04-18x6.png 18w\" sizes=\"(max-width: 207px) 100vw, 207px\" \/> <\/p>\n\n\n\n<p><img loading=\"lazy\" decoding=\"async\" width=\"143\" height=\"141\" class=\"wp-image-2604\" style=\"width: 50px\" src=\"https:\/\/tuto.provacy.com\/wp-content\/uploads\/sites\/4\/2024\/04\/01_Menu-Page-1-1.png\" alt=\"\" srcset=\"https:\/\/tuto.provacy.com\/wp-content\/uploads\/sites\/4\/2024\/04\/01_Menu-Page-1-1.png 143w, https:\/\/tuto.provacy.com\/wp-content\/uploads\/sites\/4\/2024\/04\/01_Menu-Page-1-1-12x12.png 12w\" sizes=\"(max-width: 143px) 100vw, 143px\" \/> The signatory uses <img loading=\"lazy\" decoding=\"async\" width=\"411\" height=\"118\" class=\"wp-image-3286\" style=\"width: 150px\" src=\"https:\/\/tuto.provacy.com\/wp-content\/uploads\/sites\/4\/2025\/01\/AIPD-4-Page-1.png\" alt=\"\" srcset=\"https:\/\/tuto.provacy.com\/wp-content\/uploads\/sites\/4\/2025\/01\/AIPD-4-Page-1.png 411w, https:\/\/tuto.provacy.com\/wp-content\/uploads\/sites\/4\/2025\/01\/AIPD-4-Page-1-300x86.png 300w, https:\/\/tuto.provacy.com\/wp-content\/uploads\/sites\/4\/2025\/01\/AIPD-4-Page-1-18x5.png 18w\" sizes=\"(max-width: 411px) 100vw, 411px\" \/><\/p>\n\n\n\n<div class=\"wp-block-group is-vertical is-content-justification-center is-layout-flex wp-container-core-group-layout-8 wp-block-group-is-layout-flex\" style=\"padding-top:var(--wp--preset--spacing--50);padding-right:0;padding-bottom:var(--wp--preset--spacing--50);padding-left:0\">\n<div class=\"wp-block-group is-content-justification-center is-nowrap is-layout-flex wp-container-core-group-layout-5 wp-block-group-is-layout-flex\">\n<figure class=\"wp-block-image size-large\"><img decoding=\"async\" src=\"https:\/\/tuto.provacy.com\/wp-content\/uploads\/sites\/4\/2023\/08\/80c760f4-2816-4b1e-a1fa-b29a6e3070c9.png\" alt=\"\" \/><\/figure>\n\n\n\n<figure class=\"wp-block-image size-large\"><img decoding=\"async\" src=\"https:\/\/tuto.provacy.com\/wp-content\/uploads\/sites\/4\/2023\/08\/43f0ff0c-39e0-4ff4-9e9e-ac531cc7c240.png\" alt=\"\" \/><\/figure>\n<\/div>\n\n\n\n<div class=\"wp-block-group is-nowrap is-layout-flex wp-container-core-group-layout-6 wp-block-group-is-layout-flex\">\n<figure class=\"wp-block-image size-large\"><img decoding=\"async\" src=\"https:\/\/tuto.provacy.com\/wp-content\/uploads\/sites\/4\/2023\/08\/e3407d58-b9a9-453c-a66d-bb79ec795cdc.png\" alt=\"\" \/><\/figure>\n\n\n\n<figure class=\"wp-block-image size-large\"><img decoding=\"async\" src=\"https:\/\/tuto.provacy.com\/wp-content\/uploads\/sites\/4\/2023\/08\/1d58a92f-a67c-407e-b70b-8902c98bef33.png\" alt=\"\" \/><\/figure>\n<\/div>\n\n\n\n<div class=\"wp-block-group is-nowrap is-layout-flex wp-container-core-group-layout-7 wp-block-group-is-layout-flex\">\n<figure class=\"wp-block-image size-large is-resized\"><img decoding=\"async\" src=\"https:\/\/tuto.provacy.com\/wp-content\/uploads\/sites\/4\/2023\/08\/8685ae03-9846-432f-8b5d-3d2234736b8d.png\" alt=\"\" style=\"width:600px\" \/><\/figure>\n<\/div>\n<\/div>\n\n\n\n<p>Sign <img loading=\"lazy\" decoding=\"async\" width=\"1014\" height=\"156\" class=\"wp-image-3289\" style=\"width: 300px\" src=\"https:\/\/tuto.provacy.com\/wp-content\/uploads\/sites\/4\/2025\/01\/AIPD-4-Page-1-3.png\" alt=\"\" srcset=\"https:\/\/tuto.provacy.com\/wp-content\/uploads\/sites\/4\/2025\/01\/AIPD-4-Page-1-3.png 975w, https:\/\/tuto.provacy.com\/wp-content\/uploads\/sites\/4\/2025\/01\/AIPD-4-Page-1-3-300x46.png 300w, https:\/\/tuto.provacy.com\/wp-content\/uploads\/sites\/4\/2025\/01\/AIPD-4-Page-1-3-768x118.png 768w, https:\/\/tuto.provacy.com\/wp-content\/uploads\/sites\/4\/2025\/01\/AIPD-4-Page-1-3-18x3.png 18w\" sizes=\"(max-width: 1014px) 100vw, 1014px\" \/><\/p>\n\n\n\n<div class=\"wp-block-group is-content-justification-center is-nowrap is-layout-flex wp-container-core-group-layout-9 wp-block-group-is-layout-flex\" style=\"padding-top:var(--wp--preset--spacing--50);padding-bottom:var(--wp--preset--spacing--50)\">\n<figure class=\"wp-block-image size-large is-resized\"><img decoding=\"async\" src=\"https:\/\/tuto.provacy.com\/wp-content\/uploads\/sites\/4\/2023\/08\/8f1da0a9-86f0-48c6-9297-2e559777f55f.png\" alt=\"\" style=\"width:800px\" \/><\/figure>\n<\/div>\n\n\n\n<p>When the report is printed, the signature is protected by a watermark:<\/p>\n\n\n\n<div class=\"wp-block-group is-content-justification-center is-nowrap is-layout-flex wp-container-core-group-layout-10 wp-block-group-is-layout-flex\" style=\"padding-top:var(--wp--preset--spacing--50);padding-bottom:var(--wp--preset--spacing--50)\">\n<figure class=\"wp-block-image size-full is-resized\"><img loading=\"lazy\" decoding=\"async\" width=\"900\" height=\"438\" src=\"https:\/\/tuto.provacy.com\/wp-content\/uploads\/sites\/4\/2025\/01\/screenshot-test-c9993_provacy4_eu-2025_01_15-11_52_46.png\" alt=\"\" class=\"wp-image-3290\" style=\"width:600px\" srcset=\"https:\/\/tuto.provacy.com\/wp-content\/uploads\/sites\/4\/2025\/01\/screenshot-test-c9993_provacy4_eu-2025_01_15-11_52_46.png 695w, https:\/\/tuto.provacy.com\/wp-content\/uploads\/sites\/4\/2025\/01\/screenshot-test-c9993_provacy4_eu-2025_01_15-11_52_46-300x187.png 300w, https:\/\/tuto.provacy.com\/wp-content\/uploads\/sites\/4\/2025\/01\/screenshot-test-c9993_provacy4_eu-2025_01_15-11_52_46-18x12.png 18w\" sizes=\"(max-width: 900px) 100vw, 900px\" \/><\/figure>\n<\/div>\n\n\n\n<p>Reject <img loading=\"lazy\" decoding=\"async\" width=\"966\" height=\"152\" class=\"wp-image-3291\" style=\"width: 300px\" src=\"https:\/\/tuto.provacy.com\/wp-content\/uploads\/sites\/4\/2025\/01\/AIPD-4-Page-1-4.png\" alt=\"\" srcset=\"https:\/\/tuto.provacy.com\/wp-content\/uploads\/sites\/4\/2025\/01\/AIPD-4-Page-1-4.png 990w, https:\/\/tuto.provacy.com\/wp-content\/uploads\/sites\/4\/2025\/01\/AIPD-4-Page-1-4-300x46.png 300w, https:\/\/tuto.provacy.com\/wp-content\/uploads\/sites\/4\/2025\/01\/AIPD-4-Page-1-4-768x118.png 768w, https:\/\/tuto.provacy.com\/wp-content\/uploads\/sites\/4\/2025\/01\/AIPD-4-Page-1-4-18x3.png 18w\" sizes=\"(max-width: 966px) 100vw, 966px\" \/> The rejection reasons are displayed at the bottom of the \"Validation\" tab in the DPIA form.<\/p>\n\n\n\n<div class=\"wp-block-group is-content-justification-center is-nowrap is-layout-flex wp-container-core-group-layout-11 wp-block-group-is-layout-flex\" style=\"padding-top:0;padding-bottom:0\">\n<figure class=\"wp-block-image size-large is-resized\"><img decoding=\"async\" src=\"https:\/\/tuto.provacy.com\/wp-content\/uploads\/sites\/4\/2023\/08\/0849c579-bfd1-46e6-a5c1-ec9886896616.png\" alt=\"\" style=\"width:700px\" \/><\/figure>\n<\/div>\n\n\n\n<div class=\"wp-block-columns bottom-nav is-layout-flex wp-container-core-columns-layout-1 wp-block-columns-is-layout-flex\">\n<div class=\"wp-block-column is-layout-flow wp-block-column-is-layout-flow\" style=\"flex-basis:25%\"><\/div>\n\n\n\n<div class=\"wp-block-column is-layout-flow wp-block-column-is-layout-flow\" style=\"flex-basis:50%\"><\/div>\n\n\n\n<div class=\"wp-block-column is-layout-flow wp-block-column-is-layout-flow\" style=\"flex-basis:25%\"><\/div>\n<\/div>\n\n\n\n<span class=\"sidebar-toggle hidden\" title=\"Show\/Hide side menu\"><i class=\"fal fa-table-layout\"><\/i><\/span>\n<script src=\"\/wp-includes\/js\/provacy\/js.cookie.min.js\"><\/script>\n<script>\nvar shown = true, $ = jQuery, b = $('body'), t = $('.sidebar-toggle'), c = Cookies.get('sidebar');\nif (c) {\n  shown = c == 1;\n}\nb.addClass('sidebar-' + (shown ? 'shown' : 'hidden'));\nif (shown) {\n  t.find('i').toggleClass('fa-table-layout fa-window-maximize');\n}\nt.on('click', function() {\n  shown = !shown;\n  t.find('i').toggleClass('fa-table-layout fa-window-maximize');\n  b.toggleClass('sidebar-shown sidebar-hidden');\n  Cookies.set('sidebar', shown ? 1 : 0, { expires: 30 });\n});\n\n$('figure.wp-lightbox-container').on('click', function(e) {\n  var img = $(e.target).parents('figure:first').find('img:first'), src = img.attr('src'), enlarged = $('figure.enlarged-image img.' + img.attr('class'));\n  if (enlarged.length && src != enlarged.attr('src')) {\n    let count = 0;\n    function incr() {\n      count++;\n      if (src != enlarged.attr('src'))\n        enlarged.attr('src', src);\n      if (count >= 10) {\n        clearInterval(intervalId);\n      }\n    }\n    const intervalId = setInterval(incr, 100);\n  }\n\n  \/\/console.log('lightbox clicked', e, this);\n});\n\n<\/script>\n\n\n\n\n\n<div class=\"wp-block-group is-nowrap is-layout-flex wp-container-core-group-layout-12 wp-block-group-is-layout-flex\"><\/div>","protected":false},"excerpt":{"rendered":"<p>11. Signature Dans l'onglet Description, s\u00e9lectionnez un signataire : Si le signataire poss\u00e8de d\u00e9j\u00e0 un compte Provacy, ajoutez-lui le r\u00f4le dans sa fiche utilisateur A la validation de la fiche, le signataire re\u00e7oit une notification : Le signataire se connecte avec son code et mot de passe. Depuis le formulaire, il clique sur ou Le &hellip;<\/p>\n<p class=\"read-more\"> <a class=\"\" href=\"https:\/\/tuto.provacy.com\/en\/pia\/signature\/\"> <span class=\"screen-reader-text\">11. Signature<\/span> Read More &raquo;<\/a><\/p>","protected":false},"author":2,"featured_media":0,"parent":3145,"menu_order":100,"comment_status":"closed","ping_status":"closed","template":"","meta":{"site-sidebar-layout":"default","site-content-layout":"","ast-site-content-layout":"default","site-content-style":"default","site-sidebar-style":"default","ast-global-header-display":"","ast-banner-title-visibility":"","ast-main-header-display":"","ast-hfb-above-header-display":"","ast-hfb-below-header-display":"","ast-hfb-mobile-header-display":"","site-post-title":"","ast-breadcrumbs-content":"","ast-featured-img":"","footer-sml-layout":"","theme-transparent-header-meta":"","adv-header-id-meta":"","stick-header-meta":"","header-above-stick-meta":"","header-main-stick-meta":"","header-below-stick-meta":"","astra-migrate-meta-layouts":"set","footnotes":""},"yoast_head":"<!-- This site is optimized with the Yoast SEO plugin v23.3 - https:\/\/yoast.com\/wordpress\/plugins\/seo\/ -->\n<title>11. Signature - Guide utilisateur<\/title>\n<meta name=\"robots\" content=\"noindex, follow, max-snippet:-1, max-image-preview:large, max-video-preview:-1\" \/>\n<meta property=\"og:locale\" content=\"en_GB\" \/>\n<meta property=\"og:type\" content=\"article\" \/>\n<meta property=\"og:title\" content=\"11. Signature - Guide utilisateur\" \/>\n<meta property=\"og:description\" content=\"11. Signature Dans l&#039;onglet Description, s\u00e9lectionnez un signataire : Si le signataire poss\u00e8de d\u00e9j\u00e0 un compte Provacy, ajoutez-lui le r\u00f4le dans sa fiche utilisateur A la validation de la fiche, le signataire re\u00e7oit une notification : Le signataire se connecte avec son code et mot de passe. Depuis le formulaire, il clique sur ou Le &hellip; 11. Signature Read More &raquo;\" \/>\n<meta property=\"og:url\" content=\"https:\/\/tuto.provacy.com\/en\/pia\/signature\/\" \/>\n<meta property=\"og:site_name\" content=\"Guide utilisateur\" \/>\n<meta property=\"article:modified_time\" content=\"2025-01-15T10:33:45+00:00\" \/>\n<meta property=\"og:image\" content=\"https:\/\/tuto.provacy.com\/wp-content\/uploads\/sites\/4\/2023\/08\/d00aaacd-cbbc-4211-8f75-8f2dc57dbc97.png\" \/>\n<meta name=\"twitter:card\" content=\"summary_large_image\" \/>\n<meta name=\"twitter:label1\" content=\"Estimated reading time\" \/>\n\t<meta name=\"twitter:data1\" content=\"5 minutes\" \/>\n<script type=\"application\/ld+json\" class=\"yoast-schema-graph\">{\"@context\":\"https:\/\/schema.org\",\"@graph\":[{\"@type\":\"WebPage\",\"@id\":\"https:\/\/tuto.provacy.com\/pia\/signature\/\",\"url\":\"https:\/\/tuto.provacy.com\/pia\/signature\/\",\"name\":\"11. Signature - Guide utilisateur\",\"isPartOf\":{\"@id\":\"https:\/\/tuto.provacy.com\/#website\"},\"primaryImageOfPage\":{\"@id\":\"https:\/\/tuto.provacy.com\/pia\/signature\/#primaryimage\"},\"image\":{\"@id\":\"https:\/\/tuto.provacy.com\/pia\/signature\/#primaryimage\"},\"thumbnailUrl\":\"https:\/\/tuto.provacy.com\/wp-content\/uploads\/sites\/4\/2023\/08\/d00aaacd-cbbc-4211-8f75-8f2dc57dbc97.png\",\"datePublished\":\"2025-01-14T08:12:08+00:00\",\"dateModified\":\"2025-01-15T10:33:45+00:00\",\"breadcrumb\":{\"@id\":\"https:\/\/tuto.provacy.com\/pia\/signature\/#breadcrumb\"},\"inLanguage\":\"en-GB\",\"potentialAction\":[{\"@type\":\"ReadAction\",\"target\":[\"https:\/\/tuto.provacy.com\/pia\/signature\/\"]}]},{\"@type\":\"ImageObject\",\"inLanguage\":\"en-GB\",\"@id\":\"https:\/\/tuto.provacy.com\/pia\/signature\/#primaryimage\",\"url\":\"https:\/\/tuto.provacy.com\/wp-content\/uploads\/sites\/4\/2023\/08\/d00aaacd-cbbc-4211-8f75-8f2dc57dbc97.png\",\"contentUrl\":\"https:\/\/tuto.provacy.com\/wp-content\/uploads\/sites\/4\/2023\/08\/d00aaacd-cbbc-4211-8f75-8f2dc57dbc97.png\"},{\"@type\":\"BreadcrumbList\",\"@id\":\"https:\/\/tuto.provacy.com\/pia\/signature\/#breadcrumb\",\"itemListElement\":[{\"@type\":\"ListItem\",\"position\":1,\"name\":\"Accueil\",\"item\":\"https:\/\/tuto.provacy.com\/\"},{\"@type\":\"ListItem\",\"position\":2,\"name\":\"Analyse d'impact\",\"item\":\"https:\/\/tuto.provacy.com\/pia\/\"},{\"@type\":\"ListItem\",\"position\":3,\"name\":\"11. Signature\"}]},{\"@type\":\"WebSite\",\"@id\":\"https:\/\/tuto.provacy.com\/#website\",\"url\":\"https:\/\/tuto.provacy.com\/\",\"name\":\"Guide utilisateur\",\"description\":\"\",\"publisher\":{\"@id\":\"https:\/\/tuto.provacy.com\/#organization\"},\"potentialAction\":[{\"@type\":\"SearchAction\",\"target\":{\"@type\":\"EntryPoint\",\"urlTemplate\":\"https:\/\/tuto.provacy.com\/?s={search_term_string}\"},\"query-input\":\"required name=search_term_string\"}],\"inLanguage\":\"en-GB\"},{\"@type\":\"Organization\",\"@id\":\"https:\/\/tuto.provacy.com\/#organization\",\"name\":\"Guide utilisateur\",\"url\":\"https:\/\/tuto.provacy.com\/\",\"logo\":{\"@type\":\"ImageObject\",\"inLanguage\":\"en-GB\",\"@id\":\"https:\/\/tuto.provacy.com\/#\/schema\/logo\/image\/\",\"url\":\"https:\/\/tuto.provacy.com\/wp-content\/uploads\/sites\/4\/2023\/10\/cropped-power-logo-white-slogan.png\",\"contentUrl\":\"https:\/\/tuto.provacy.com\/wp-content\/uploads\/sites\/4\/2023\/10\/cropped-power-logo-white-slogan.png\",\"width\":1231,\"height\":272,\"caption\":\"Guide utilisateur\"},\"image\":{\"@id\":\"https:\/\/tuto.provacy.com\/#\/schema\/logo\/image\/\"}}]}<\/script>\n<!-- \/ Yoast SEO plugin. -->","yoast_head_json":{"title":"11. Signature - Guide utilisateur","robots":{"index":"noindex","follow":"follow","max-snippet":"max-snippet:-1","max-image-preview":"max-image-preview:large","max-video-preview":"max-video-preview:-1"},"og_locale":"en_GB","og_type":"article","og_title":"11. Signature - Guide utilisateur","og_description":"11. Signature Dans l'onglet Description, s\u00e9lectionnez un signataire : Si le signataire poss\u00e8de d\u00e9j\u00e0 un compte Provacy, ajoutez-lui le r\u00f4le dans sa fiche utilisateur A la validation de la fiche, le signataire re\u00e7oit une notification : Le signataire se connecte avec son code et mot de passe. Depuis le formulaire, il clique sur ou Le &hellip; 11. Signature Read More &raquo;","og_url":"https:\/\/tuto.provacy.com\/en\/pia\/signature\/","og_site_name":"Guide utilisateur","article_modified_time":"2025-01-15T10:33:45+00:00","og_image":[{"url":"https:\/\/tuto.provacy.com\/wp-content\/uploads\/sites\/4\/2023\/08\/d00aaacd-cbbc-4211-8f75-8f2dc57dbc97.png"}],"twitter_card":"summary_large_image","twitter_misc":{"Estimated reading time":"5 minutes"},"schema":{"@context":"https:\/\/schema.org","@graph":[{"@type":"WebPage","@id":"https:\/\/tuto.provacy.com\/pia\/signature\/","url":"https:\/\/tuto.provacy.com\/pia\/signature\/","name":"11. Signature - Guide utilisateur","isPartOf":{"@id":"https:\/\/tuto.provacy.com\/#website"},"primaryImageOfPage":{"@id":"https:\/\/tuto.provacy.com\/pia\/signature\/#primaryimage"},"image":{"@id":"https:\/\/tuto.provacy.com\/pia\/signature\/#primaryimage"},"thumbnailUrl":"https:\/\/tuto.provacy.com\/wp-content\/uploads\/sites\/4\/2023\/08\/d00aaacd-cbbc-4211-8f75-8f2dc57dbc97.png","datePublished":"2025-01-14T08:12:08+00:00","dateModified":"2025-01-15T10:33:45+00:00","breadcrumb":{"@id":"https:\/\/tuto.provacy.com\/pia\/signature\/#breadcrumb"},"inLanguage":"en-GB","potentialAction":[{"@type":"ReadAction","target":["https:\/\/tuto.provacy.com\/pia\/signature\/"]}]},{"@type":"ImageObject","inLanguage":"en-GB","@id":"https:\/\/tuto.provacy.com\/pia\/signature\/#primaryimage","url":"https:\/\/tuto.provacy.com\/wp-content\/uploads\/sites\/4\/2023\/08\/d00aaacd-cbbc-4211-8f75-8f2dc57dbc97.png","contentUrl":"https:\/\/tuto.provacy.com\/wp-content\/uploads\/sites\/4\/2023\/08\/d00aaacd-cbbc-4211-8f75-8f2dc57dbc97.png"},{"@type":"BreadcrumbList","@id":"https:\/\/tuto.provacy.com\/pia\/signature\/#breadcrumb","itemListElement":[{"@type":"ListItem","position":1,"name":"Accueil","item":"https:\/\/tuto.provacy.com\/"},{"@type":"ListItem","position":2,"name":"Analyse d'impact","item":"https:\/\/tuto.provacy.com\/pia\/"},{"@type":"ListItem","position":3,"name":"11. Signature"}]},{"@type":"WebSite","@id":"https:\/\/tuto.provacy.com\/#website","url":"https:\/\/tuto.provacy.com\/","name":"Guide utilisateur","description":"","publisher":{"@id":"https:\/\/tuto.provacy.com\/#organization"},"potentialAction":[{"@type":"SearchAction","target":{"@type":"EntryPoint","urlTemplate":"https:\/\/tuto.provacy.com\/?s={search_term_string}"},"query-input":"required name=search_term_string"}],"inLanguage":"en-GB"},{"@type":"Organization","@id":"https:\/\/tuto.provacy.com\/#organization","name":"Guide utilisateur","url":"https:\/\/tuto.provacy.com\/","logo":{"@type":"ImageObject","inLanguage":"en-GB","@id":"https:\/\/tuto.provacy.com\/#\/schema\/logo\/image\/","url":"https:\/\/tuto.provacy.com\/wp-content\/uploads\/sites\/4\/2023\/10\/cropped-power-logo-white-slogan.png","contentUrl":"https:\/\/tuto.provacy.com\/wp-content\/uploads\/sites\/4\/2023\/10\/cropped-power-logo-white-slogan.png","width":1231,"height":272,"caption":"Guide utilisateur"},"image":{"@id":"https:\/\/tuto.provacy.com\/#\/schema\/logo\/image\/"}}]}},"_links":{"self":[{"href":"https:\/\/tuto.provacy.com\/en\/wp-json\/wp\/v2\/pages\/3279"}],"collection":[{"href":"https:\/\/tuto.provacy.com\/en\/wp-json\/wp\/v2\/pages"}],"about":[{"href":"https:\/\/tuto.provacy.com\/en\/wp-json\/wp\/v2\/types\/page"}],"author":[{"embeddable":true,"href":"https:\/\/tuto.provacy.com\/en\/wp-json\/wp\/v2\/users\/2"}],"replies":[{"embeddable":true,"href":"https:\/\/tuto.provacy.com\/en\/wp-json\/wp\/v2\/comments?post=3279"}],"version-history":[{"count":8,"href":"https:\/\/tuto.provacy.com\/en\/wp-json\/wp\/v2\/pages\/3279\/revisions"}],"predecessor-version":[{"id":3407,"href":"https:\/\/tuto.provacy.com\/en\/wp-json\/wp\/v2\/pages\/3279\/revisions\/3407"}],"up":[{"embeddable":true,"href":"https:\/\/tuto.provacy.com\/en\/wp-json\/wp\/v2\/pages\/3145"}],"wp:attachment":[{"href":"https:\/\/tuto.provacy.com\/en\/wp-json\/wp\/v2\/media?parent=3279"}],"curies":[{"name":"wp","href":"https:\/\/api.w.org\/{rel}","templated":true}]}}