{"id":3484,"date":"2025-03-11T16:43:15","date_gmt":"2025-03-11T15:43:15","guid":{"rendered":"https:\/\/tuto.provacy.com\/?page_id=3484"},"modified":"2025-04-24T17:23:32","modified_gmt":"2025-04-24T15:23:32","slug":"transfers","status":"publish","type":"page","link":"https:\/\/tuto.provacy.com\/en\/transfers\/","title":{"rendered":"Transfers"},"content":{"rendered":"<div class=\"wp-block-group top-nav is-nowrap is-layout-flex wp-container-core-group-layout-1 wp-block-group-is-layout-flex\">\n\n<\/div>\n\n\n\n<h5 class=\"wp-block-heading\">Data transfers<\/h5>\n\n\n\n<p class=\"translation-block\">In order to facilitate the completion of DTIAs (Data Transfer Impact Assessments), in accordance with the <a href=\"\/\/tuto.provacy.com\/wp-content\/uploads\/sites\/4\/2025\/03\/guide_aitd-en.pdf\" target=\"\u2018_blank\u2019\" rel=\"\u2018noreferrer\">Practical Guide of the CNIL<\/a>, the mechanism for describing transfers is evolving with the following objectives:<\/p>\n\n\n\n<ul>\n<li>Enable a precise description of each data transfer.<\/li>\n\n\n\n<li class=\"translation-block\">Integrate data protection levels by country, as published on <a href=\"\/\/www.data.gouv.fr\/fr\/datasets\/protection-des-donnees-personnelles-dans-le-monde\/#\/resources\u2019\" target=\"\u2018_blank\u2019\" rel=\"\u2018noreferrer\">data.gouv<\/a>, and exploited in the <a href=\"\/\/www.cnil.fr\/fr\/la-protection-des-donnees-dans-le-monde\" target=\"\u2018_blank\u2019\" rel=\"\u2018noreferrer\">interactive mapping of the CNIL<\/a>.<\/li>\n\n\n\n<li>To provide an overview of the transfers underway in the organisation for better management.<\/li>\n\n\n\n<li>Document applicable legislation by country.<\/li>\n<\/ul>\n\n\n\n<p>These developments are the first building blocks needed to create DTIA, which will then simply need to be assembled.<\/p>\n\n\n\n<ol>\n<li><a href=\"\/en\/transfers\/create\/\">Creating transfers<\/a><\/li>\n\n\n\n<li><a href=\"\/en\/transfers\/description\/\">Description and documentation<\/a><\/li>\n\n\n\n<li><a href=\"\/en\/transfers\/register\/\">List and register display<\/a><\/li>\n\n\n\n<li><a href=\"\/en\/transfers\/manage\/\">Transfer management, mapping<\/a><\/li>\n\n\n\n<li><a href=\"\/en\/transfers\/legislation\/\">Documentation of legislation<\/a><\/li>\n\n\n\n<li><a href=\"\/en\/published\/\">Management from validated or published records<\/a><\/li>\n<\/ol>\n\n\n\n<div class=\"wp-block-columns bottom-nav is-layout-flex wp-container-core-columns-layout-1 wp-block-columns-is-layout-flex\">\n<div class=\"wp-block-column is-layout-flow wp-block-column-is-layout-flow\" style=\"flex-basis:25%\"><\/div>\n\n\n\n<div class=\"wp-block-column is-layout-flow wp-block-column-is-layout-flow\" style=\"flex-basis:50%\"><\/div>\n\n\n\n<div class=\"wp-block-column is-layout-flow wp-block-column-is-layout-flow\" style=\"flex-basis:25%\"><\/div>\n<\/div>\n\n\n\n<span class=\"sidebar-toggle hidden\" title=\"Show\/Hide side menu\"><i class=\"fal fa-table-layout\"><\/i><\/span>\n<script src=\"\/wp-includes\/js\/provacy\/js.cookie.min.js\"><\/script>\n<script>\nvar shown = true, $ = jQuery, b = $('body'), t = $('.sidebar-toggle'), c = Cookies.get('sidebar');\nif (c) {\n  shown = c == 1;\n}\nb.addClass('sidebar-' + (shown ? 'shown' : 'hidden'));\nif (shown) {\n  t.find('i').toggleClass('fa-table-layout fa-window-maximize');\n}\nt.on('click', function() {\n  shown = !shown;\n  t.find('i').toggleClass('fa-table-layout fa-window-maximize');\n  b.toggleClass('sidebar-shown sidebar-hidden');\n  Cookies.set('sidebar', shown ? 1 : 0, { expires: 30 });\n});\n\n$('figure.wp-lightbox-container').on('click', function(e) {\n  var img = $(e.target).parents('figure:first').find('img:first'), src = img.attr('src'), enlarged = $('figure.enlarged-image img.' + img.attr('class'));\n  if (enlarged.length && src != enlarged.attr('src')) {\n    let count = 0;\n    function incr() {\n      count++;\n      if (src != enlarged.attr('src'))\n        enlarged.attr('src', src);\n      if (count >= 10) {\n        clearInterval(intervalId);\n      }\n    }\n    const intervalId = setInterval(incr, 100);\n  }\n\n  \/\/console.log('lightbox clicked', e, this);\n});\n\n<\/script>","protected":false},"excerpt":{"rendered":"<p>Transferts de donn\u00e9es Afin de faciliter la r\u00e9alisation des AITD (Analyses d'Impact sur le Transfert de Donn\u00e9es), conform\u00e9ment au Guide pratique de la CNIL, le m\u00e9canisme de description des transferts \u00e9volue avec les objectifs suivants : Ces \u00e9volutions constituent les premi\u00e8res briques n\u00e9cessaires \u00e0 la cr\u00e9ation d\u2019AITD, qu\u2019il suffira ensuite d\u2019assembler.<\/p>","protected":false},"author":2,"featured_media":0,"parent":0,"menu_order":71,"comment_status":"closed","ping_status":"closed","template":"","meta":{"site-sidebar-layout":"default","site-content-layout":"","ast-site-content-layout":"default","site-content-style":"default","site-sidebar-style":"default","ast-global-header-display":"","ast-banner-title-visibility":"","ast-main-header-display":"","ast-hfb-above-header-display":"","ast-hfb-below-header-display":"","ast-hfb-mobile-header-display":"","site-post-title":"","ast-breadcrumbs-content":"","ast-featured-img":"","footer-sml-layout":"","theme-transparent-header-meta":"","adv-header-id-meta":"","stick-header-meta":"","header-above-stick-meta":"","header-main-stick-meta":"","header-below-stick-meta":"","astra-migrate-meta-layouts":"set","footnotes":""},"yoast_head":"<!-- This site is optimized with the Yoast SEO plugin v23.3 - https:\/\/yoast.com\/wordpress\/plugins\/seo\/ -->\n<title>Transferts - Guide utilisateur<\/title>\n<meta name=\"robots\" content=\"noindex, follow, max-snippet:-1, max-image-preview:large, max-video-preview:-1\" \/>\n<meta property=\"og:locale\" content=\"en_GB\" \/>\n<meta property=\"og:type\" content=\"article\" \/>\n<meta property=\"og:title\" content=\"Transferts - Guide utilisateur\" \/>\n<meta property=\"og:description\" content=\"Transferts de donn\u00e9es Afin de faciliter la r\u00e9alisation des AITD (Analyses d&#039;Impact sur le Transfert de Donn\u00e9es), conform\u00e9ment au Guide pratique de la CNIL, le m\u00e9canisme de description des transferts \u00e9volue avec les objectifs suivants : Ces \u00e9volutions constituent les premi\u00e8res briques n\u00e9cessaires \u00e0 la cr\u00e9ation d\u2019AITD, qu\u2019il suffira ensuite d\u2019assembler.\" \/>\n<meta property=\"og:url\" content=\"https:\/\/tuto.provacy.com\/en\/transfers\/\" \/>\n<meta property=\"og:site_name\" content=\"Guide utilisateur\" \/>\n<meta property=\"article:modified_time\" content=\"2025-04-24T15:23:32+00:00\" \/>\n<meta name=\"twitter:card\" content=\"summary_large_image\" \/>\n<meta name=\"twitter:label1\" content=\"Estimated reading time\" \/>\n\t<meta name=\"twitter:data1\" content=\"1 minute\" \/>\n<script type=\"application\/ld+json\" class=\"yoast-schema-graph\">{\"@context\":\"https:\/\/schema.org\",\"@graph\":[{\"@type\":\"WebPage\",\"@id\":\"https:\/\/tuto.provacy.com\/transfers\/\",\"url\":\"https:\/\/tuto.provacy.com\/transfers\/\",\"name\":\"Transferts - Guide utilisateur\",\"isPartOf\":{\"@id\":\"https:\/\/tuto.provacy.com\/#website\"},\"datePublished\":\"2025-03-11T15:43:15+00:00\",\"dateModified\":\"2025-04-24T15:23:32+00:00\",\"breadcrumb\":{\"@id\":\"https:\/\/tuto.provacy.com\/transfers\/#breadcrumb\"},\"inLanguage\":\"en-GB\",\"potentialAction\":[{\"@type\":\"ReadAction\",\"target\":[\"https:\/\/tuto.provacy.com\/transfers\/\"]}]},{\"@type\":\"BreadcrumbList\",\"@id\":\"https:\/\/tuto.provacy.com\/transfers\/#breadcrumb\",\"itemListElement\":[{\"@type\":\"ListItem\",\"position\":1,\"name\":\"Accueil\",\"item\":\"https:\/\/tuto.provacy.com\/\"},{\"@type\":\"ListItem\",\"position\":2,\"name\":\"Transferts\"}]},{\"@type\":\"WebSite\",\"@id\":\"https:\/\/tuto.provacy.com\/#website\",\"url\":\"https:\/\/tuto.provacy.com\/\",\"name\":\"Guide utilisateur\",\"description\":\"\",\"publisher\":{\"@id\":\"https:\/\/tuto.provacy.com\/#organization\"},\"potentialAction\":[{\"@type\":\"SearchAction\",\"target\":{\"@type\":\"EntryPoint\",\"urlTemplate\":\"https:\/\/tuto.provacy.com\/?s={search_term_string}\"},\"query-input\":\"required name=search_term_string\"}],\"inLanguage\":\"en-GB\"},{\"@type\":\"Organization\",\"@id\":\"https:\/\/tuto.provacy.com\/#organization\",\"name\":\"Guide utilisateur\",\"url\":\"https:\/\/tuto.provacy.com\/\",\"logo\":{\"@type\":\"ImageObject\",\"inLanguage\":\"en-GB\",\"@id\":\"https:\/\/tuto.provacy.com\/#\/schema\/logo\/image\/\",\"url\":\"https:\/\/tuto.provacy.com\/wp-content\/uploads\/sites\/4\/2023\/10\/cropped-power-logo-white-slogan.png\",\"contentUrl\":\"https:\/\/tuto.provacy.com\/wp-content\/uploads\/sites\/4\/2023\/10\/cropped-power-logo-white-slogan.png\",\"width\":1231,\"height\":272,\"caption\":\"Guide utilisateur\"},\"image\":{\"@id\":\"https:\/\/tuto.provacy.com\/#\/schema\/logo\/image\/\"}}]}<\/script>\n<!-- \/ Yoast SEO plugin. -->","yoast_head_json":{"title":"Transferts - Guide utilisateur","robots":{"index":"noindex","follow":"follow","max-snippet":"max-snippet:-1","max-image-preview":"max-image-preview:large","max-video-preview":"max-video-preview:-1"},"og_locale":"en_GB","og_type":"article","og_title":"Transferts - Guide utilisateur","og_description":"Transferts de donn\u00e9es Afin de faciliter la r\u00e9alisation des AITD (Analyses d'Impact sur le Transfert de Donn\u00e9es), conform\u00e9ment au Guide pratique de la CNIL, le m\u00e9canisme de description des transferts \u00e9volue avec les objectifs suivants : Ces \u00e9volutions constituent les premi\u00e8res briques n\u00e9cessaires \u00e0 la cr\u00e9ation d\u2019AITD, qu\u2019il suffira ensuite d\u2019assembler.","og_url":"https:\/\/tuto.provacy.com\/en\/transfers\/","og_site_name":"Guide utilisateur","article_modified_time":"2025-04-24T15:23:32+00:00","twitter_card":"summary_large_image","twitter_misc":{"Estimated reading time":"1 minute"},"schema":{"@context":"https:\/\/schema.org","@graph":[{"@type":"WebPage","@id":"https:\/\/tuto.provacy.com\/transfers\/","url":"https:\/\/tuto.provacy.com\/transfers\/","name":"Transferts - Guide utilisateur","isPartOf":{"@id":"https:\/\/tuto.provacy.com\/#website"},"datePublished":"2025-03-11T15:43:15+00:00","dateModified":"2025-04-24T15:23:32+00:00","breadcrumb":{"@id":"https:\/\/tuto.provacy.com\/transfers\/#breadcrumb"},"inLanguage":"en-GB","potentialAction":[{"@type":"ReadAction","target":["https:\/\/tuto.provacy.com\/transfers\/"]}]},{"@type":"BreadcrumbList","@id":"https:\/\/tuto.provacy.com\/transfers\/#breadcrumb","itemListElement":[{"@type":"ListItem","position":1,"name":"Accueil","item":"https:\/\/tuto.provacy.com\/"},{"@type":"ListItem","position":2,"name":"Transferts"}]},{"@type":"WebSite","@id":"https:\/\/tuto.provacy.com\/#website","url":"https:\/\/tuto.provacy.com\/","name":"Guide utilisateur","description":"","publisher":{"@id":"https:\/\/tuto.provacy.com\/#organization"},"potentialAction":[{"@type":"SearchAction","target":{"@type":"EntryPoint","urlTemplate":"https:\/\/tuto.provacy.com\/?s={search_term_string}"},"query-input":"required name=search_term_string"}],"inLanguage":"en-GB"},{"@type":"Organization","@id":"https:\/\/tuto.provacy.com\/#organization","name":"Guide utilisateur","url":"https:\/\/tuto.provacy.com\/","logo":{"@type":"ImageObject","inLanguage":"en-GB","@id":"https:\/\/tuto.provacy.com\/#\/schema\/logo\/image\/","url":"https:\/\/tuto.provacy.com\/wp-content\/uploads\/sites\/4\/2023\/10\/cropped-power-logo-white-slogan.png","contentUrl":"https:\/\/tuto.provacy.com\/wp-content\/uploads\/sites\/4\/2023\/10\/cropped-power-logo-white-slogan.png","width":1231,"height":272,"caption":"Guide utilisateur"},"image":{"@id":"https:\/\/tuto.provacy.com\/#\/schema\/logo\/image\/"}}]}},"_links":{"self":[{"href":"https:\/\/tuto.provacy.com\/en\/wp-json\/wp\/v2\/pages\/3484"}],"collection":[{"href":"https:\/\/tuto.provacy.com\/en\/wp-json\/wp\/v2\/pages"}],"about":[{"href":"https:\/\/tuto.provacy.com\/en\/wp-json\/wp\/v2\/types\/page"}],"author":[{"embeddable":true,"href":"https:\/\/tuto.provacy.com\/en\/wp-json\/wp\/v2\/users\/2"}],"replies":[{"embeddable":true,"href":"https:\/\/tuto.provacy.com\/en\/wp-json\/wp\/v2\/comments?post=3484"}],"version-history":[{"count":15,"href":"https:\/\/tuto.provacy.com\/en\/wp-json\/wp\/v2\/pages\/3484\/revisions"}],"predecessor-version":[{"id":3768,"href":"https:\/\/tuto.provacy.com\/en\/wp-json\/wp\/v2\/pages\/3484\/revisions\/3768"}],"wp:attachment":[{"href":"https:\/\/tuto.provacy.com\/en\/wp-json\/wp\/v2\/media?parent=3484"}],"curies":[{"name":"wp","href":"https:\/\/api.w.org\/{rel}","templated":true}]}}