{"id":3489,"date":"2025-03-11T16:43:33","date_gmt":"2025-03-11T15:43:33","guid":{"rendered":"https:\/\/tuto.provacy.com\/?page_id=3489"},"modified":"2026-04-21T13:55:39","modified_gmt":"2026-04-21T11:55:39","slug":"create","status":"publish","type":"page","link":"https:\/\/tuto.provacy.com\/en\/transfers\/create\/","title":{"rendered":"1. Creating transfers"},"content":{"rendered":"<div class=\"wp-block-group top-nav is-nowrap is-layout-flex wp-container-core-group-layout-1 wp-block-group-is-layout-flex\">\n\n<\/div>\n\n\n\n<h5 class=\"wp-block-heading\">Creating transfers<\/h5>\n\n\n\n<p class=\"translation-block\">Transfers are created from the <strong>data table<\/strong>.<\/p>\n\n\n\n<ol>\n<li>Click on Third party <img loading=\"lazy\" decoding=\"async\" width=\"58\" height=\"39\" class=\"wp-image-3491\" style=\"width: 40px\" src=\"https:\/\/tuto.provacy.com\/wp-content\/uploads\/sites\/4\/2025\/03\/Demo-General-2025-03-11_15_50.png\" alt=\"\" srcset=\"https:\/\/tuto.provacy.com\/wp-content\/uploads\/sites\/4\/2025\/03\/Demo-General-2025-03-11_15_50.png 58w, https:\/\/tuto.provacy.com\/wp-content\/uploads\/sites\/4\/2025\/03\/Demo-General-2025-03-11_15_50-18x12.png 18w\" sizes=\"(max-width: 58px) 100vw, 58px\" \/> <\/li>\n\n\n\n<li> Select them from the list<\/li>\n\n\n\n<li>Create transfers by indicating, via the checkbox, whether the third party exports data, imports data, or both.<\/li>\n<\/ol>\n\n\n\n<div class=\"wp-block-group is-content-justification-center is-nowrap is-layout-flex wp-container-core-group-layout-2 wp-block-group-is-layout-flex\" style=\"padding-top:var(--wp--preset--spacing--50);padding-right:var(--wp--preset--spacing--50);padding-bottom:var(--wp--preset--spacing--50);padding-left:var(--wp--preset--spacing--50)\">\n<figure class=\"wp-block-image size-large is-resized\"><img decoding=\"async\" src=\"https:\/\/lucid.app\/publicSegments\/view\/ed68f0fc-7415-4889-a6f8-6cf40268314c\/image.png\" alt=\"\" style=\"width:950px\" \/><\/figure>\n<\/div>\n\n\n\n<p>In the tables, third-party exporters and\/or importers are easily identified using the following markers <img loading=\"lazy\" decoding=\"async\" width=\"114\" height=\"31\" class=\"wp-image-3496\" style=\"width: 114px\" src=\"https:\/\/tuto.provacy.com\/wp-content\/uploads\/sites\/4\/2025\/03\/Exporter.png\" alt=\"\" srcset=\"https:\/\/tuto.provacy.com\/wp-content\/uploads\/sites\/4\/2025\/03\/Exporter.png 101w, https:\/\/tuto.provacy.com\/wp-content\/uploads\/sites\/4\/2025\/03\/Exporter-18x6.png 18w\" sizes=\"(max-width: 114px) 100vw, 114px\" \/> <img loading=\"lazy\" decoding=\"async\" width=\"109\" height=\"31\" class=\"wp-image-3495\" style=\"width: 109px\" src=\"https:\/\/tuto.provacy.com\/wp-content\/uploads\/sites\/4\/2025\/03\/Importer.png\" alt=\"\" srcset=\"https:\/\/tuto.provacy.com\/wp-content\/uploads\/sites\/4\/2025\/03\/Importer.png 95w, https:\/\/tuto.provacy.com\/wp-content\/uploads\/sites\/4\/2025\/03\/Importer-18x6.png 18w\" sizes=\"(max-width: 109px) 100vw, 109px\" \/><\/p>\n\n\n\n<div class=\"wp-block-group is-content-justification-center is-nowrap is-layout-flex wp-container-core-group-layout-3 wp-block-group-is-layout-flex\" style=\"padding-top:var(--wp--preset--spacing--50);padding-right:var(--wp--preset--spacing--50);padding-bottom:var(--wp--preset--spacing--50);padding-left:var(--wp--preset--spacing--50)\">\n<figure class=\"wp-block-image size-large\"><img loading=\"lazy\" decoding=\"async\" width=\"1024\" height=\"181\" src=\"https:\/\/tuto.provacy.com\/wp-content\/uploads\/sites\/4\/2026\/04\/Test-2026-04-21_11_23.png\" alt=\"\" class=\"wp-image-4530\" srcset=\"https:\/\/tuto.provacy.com\/wp-content\/uploads\/sites\/4\/2026\/04\/Test-2026-04-21_11_23.png 1197w, https:\/\/tuto.provacy.com\/wp-content\/uploads\/sites\/4\/2026\/04\/Test-2026-04-21_11_23-300x55.png 300w, https:\/\/tuto.provacy.com\/wp-content\/uploads\/sites\/4\/2026\/04\/Test-2026-04-21_11_23-1024x188.png 1024w, https:\/\/tuto.provacy.com\/wp-content\/uploads\/sites\/4\/2026\/04\/Test-2026-04-21_11_23-768x141.png 768w, https:\/\/tuto.provacy.com\/wp-content\/uploads\/sites\/4\/2026\/04\/Test-2026-04-21_11_23-18x3.png 18w\" sizes=\"(max-width: 1024px) 100vw, 1024px\" \/><\/figure>\n<\/div>\n\n\n\n<p class=\"translation-block\">Transfers are created in the <em>Transfers<\/em> tab. Remember to save to display your changes.<\/p>\n\n\n\n<div class=\"wp-block-group is-content-justification-center is-nowrap is-layout-flex wp-container-core-group-layout-4 wp-block-group-is-layout-flex\" style=\"padding-top:var(--wp--preset--spacing--50);padding-right:var(--wp--preset--spacing--50);padding-bottom:var(--wp--preset--spacing--50);padding-left:var(--wp--preset--spacing--50)\">\n<figure data-wp-context=\"{ &quot;core&quot;:\t\t\t\t{ &quot;image&quot;:\t\t\t\t\t{   &quot;imageLoaded&quot;: false,\t\t\t\t\t\t&quot;initialized&quot;: false,\t\t\t\t\t\t&quot;lightboxEnabled&quot;: false,\t\t\t\t\t\t&quot;hideAnimationEnabled&quot;: false,\t\t\t\t\t\t&quot;preloadInitialized&quot;: false,\t\t\t\t\t\t&quot;lightboxAnimation&quot;: &quot;zoom&quot;,\t\t\t\t\t\t&quot;imageUploadedSrc&quot;: &quot;https:\/\/tuto.provacy.com\/wp-content\/uploads\/sites\/4\/2026\/04\/Test-2026-04-21_13_51.png&quot;,\t\t\t\t\t\t&quot;imageCurrentSrc&quot;: &quot;&quot;,\t\t\t\t\t\t&quot;targetWidth&quot;: &quot;1588&quot;,\t\t\t\t\t\t&quot;targetHeight&quot;: &quot;728&quot;,\t\t\t\t\t\t&quot;scaleAttr&quot;: &quot;&quot;,\t\t\t\t\t\t&quot;dialogLabel&quot;: &quot;Enlarged image&quot;\t\t\t\t\t}\t\t\t\t}\t\t\t}\" data-wp-interactive class=\"wp-block-image size-large wp-lightbox-container\"><img loading=\"lazy\" decoding=\"async\" width=\"1024\" height=\"469\" data-wp-effect--setstylesonresize=\"effects.core.image.setStylesOnResize\" data-wp-effect=\"effects.core.image.setButtonStyles\" data-wp-init=\"effects.core.image.initOriginImage\" data-wp-on--click=\"actions.core.image.showLightbox\" data-wp-on--load=\"actions.core.image.handleLoad\" src=\"https:\/\/tuto.provacy.com\/wp-content\/uploads\/sites\/4\/2026\/04\/Test-2026-04-21_11_40.png\" alt=\"\" class=\"wp-image-4531\" srcset=\"https:\/\/tuto.provacy.com\/wp-content\/uploads\/sites\/4\/2026\/04\/Test-2026-04-21_11_40.png 1589w, https:\/\/tuto.provacy.com\/wp-content\/uploads\/sites\/4\/2026\/04\/Test-2026-04-21_11_40-300x138.png 300w, https:\/\/tuto.provacy.com\/wp-content\/uploads\/sites\/4\/2026\/04\/Test-2026-04-21_11_40-1024x470.png 1024w, https:\/\/tuto.provacy.com\/wp-content\/uploads\/sites\/4\/2026\/04\/Test-2026-04-21_11_40-768x353.png 768w, https:\/\/tuto.provacy.com\/wp-content\/uploads\/sites\/4\/2026\/04\/Test-2026-04-21_11_40-1536x706.png 1536w, https:\/\/tuto.provacy.com\/wp-content\/uploads\/sites\/4\/2026\/04\/Test-2026-04-21_11_40-18x8.png 18w\" sizes=\"(max-width: 1024px) 100vw, 1024px\" \/><button\n\t\t\tclass=\"lightbox-trigger\"\n\t\t\ttype=\"button\"\n\t\t\taria-haspopup=\"dialog\"\n\t\t\taria-label=\"Enlarge image\"\n\t\t\tdata-wp-on--click=\"actions.core.image.showLightbox\"\n\t\t\tdata-wp-style--right=\"context.core.image.imageButtonRight\"\n\t\t\tdata-wp-style--top=\"context.core.image.imageButtonTop\"\n\t\t>\n\t\t\t<svg xmlns=\"http:\/\/www.w3.org\/2000\/svg\" width=\"12\" height=\"12\" fill=\"none\" viewbox=\"0 0 12 12\">\n\t\t\t\t<path fill=\"#fff\" d=\"M2 0a2 2 0 0 0-2 2v2h1.5V2a.5.5 0 0 1 .5-.5h2V0H2Zm2 10.5H2a.5.5 0 0 1-.5-.5V8H0v2a2 2 0 0 0 2 2h2v-1.5ZM8 12v-1.5h2a.5.5 0 0 0 .5-.5V8H12v2a2 2 0 0 1-2 2H8Zm2-12a2 2 0 0 1 2 2v2h-1.5V2a.5.5 0 0 0-.5-.5H8V0h2Z\" \/>\n\t\t\t<\/svg>\n\t\t<\/button>        <div data-wp-body=\"\" class=\"wp-lightbox-overlay zoom\"\n            data-wp-bind--role=\"selectors.core.image.roleAttribute\"\n            data-wp-bind--aria-label=\"selectors.core.image.dialogLabel\"\n            data-wp-class--initialized=\"context.core.image.initialized\"\n            data-wp-class--active=\"context.core.image.lightboxEnabled\"\n            data-wp-class--hideanimationenabled=\"context.core.image.hideAnimationEnabled\"\n            data-wp-bind--aria-modal=\"selectors.core.image.ariaModal\"\n            data-wp-effect=\"effects.core.image.initLightbox\"\n            data-wp-on--keydown=\"actions.core.image.handleKeydown\"\n            data-wp-on--touchstart=\"actions.core.image.handleTouchStart\"\n            data-wp-on--touchmove=\"actions.core.image.handleTouchMove\"\n            data-wp-on--touchend=\"actions.core.image.handleTouchEnd\"\n            data-wp-on--click=\"actions.core.image.hideLightbox\"\n            tabindex=\"-1\"\n            >\n                <button type=\"button\" aria-label=\"Close\" style=\"fill: #000\" class=\"close-button\" data-wp-on--click=\"actions.core.image.hideLightbox\">\n                    <svg xmlns=\"http:\/\/www.w3.org\/2000\/svg\" viewbox=\"0 0 24 24\" width=\"20\" height=\"20\" aria-hidden=\"true\" focusable=\"false\"><path d=\"M13 11.8l6.1-6.3-1-1-6.1 6.2-6.1-6.2-1 1 6.1 6.3-6.5 6.7 1 1 6.5-6.6 6.5 6.6 1-1z\"><\/path><\/svg>\n                <\/button>\n                <div class=\"lightbox-image-container\">\n<figure class=\"wp-block-image size-large responsive-image\"><img decoding=\"async\" data-wp-bind--src=\"context.core.image.imageCurrentSrc\" data-wp-style--object-fit=\"selectors.core.image.lightboxObjectFit\" src=\"\" alt=\"\" class=\"wp-image-4531\" \/><\/figure>\n<\/div>\n                <div class=\"lightbox-image-container\">\n<figure class=\"wp-block-image size-large enlarged-image\"><img decoding=\"async\" data-wp-bind--src=\"selectors.core.image.enlargedImgSrc\" data-wp-style--object-fit=\"selectors.core.image.lightboxObjectFit\" src=\"\" alt=\"\" class=\"wp-image-4531\" \/><\/figure>\n<\/div>\n                <div class=\"scrim\" style=\"background-color: #fff\" aria-hidden=\"true\"><\/div>\n        <\/div><\/figure>\n<\/div>\n\n\n\n<p><img loading=\"lazy\" decoding=\"async\" width=\"144\" height=\"144\" class=\"wp-image-3799\" style=\"width: 70px\" src=\"https:\/\/tuto.provacy.com\/wp-content\/uploads\/sites\/4\/2025\/04\/CHANGE-LOG-5.3.2-Page-1.png\" alt=\"\" srcset=\"https:\/\/tuto.provacy.com\/wp-content\/uploads\/sites\/4\/2025\/04\/CHANGE-LOG-5.3.2-Page-1.png 144w, https:\/\/tuto.provacy.com\/wp-content\/uploads\/sites\/4\/2025\/04\/CHANGE-LOG-5.3.2-Page-1-12x12.png 12w\" sizes=\"(max-width: 144px) 100vw, 144px\" \/> if you uncheck a flow in the definition of third parties, the transfer and its content will be removed from the list. <\/p>\n\n\n\n<div class=\"wp-block-columns bottom-nav is-layout-flex wp-container-core-columns-layout-1 wp-block-columns-is-layout-flex\">\n<div class=\"wp-block-column is-layout-flow wp-block-column-is-layout-flow\" style=\"flex-basis:25%\"><\/div>\n\n\n\n<div class=\"wp-block-column is-layout-flow wp-block-column-is-layout-flow\" style=\"flex-basis:50%\"><\/div>\n\n\n\n<div class=\"wp-block-column is-layout-flow wp-block-column-is-layout-flow\" style=\"flex-basis:25%\"><\/div>\n<\/div>\n\n\n\n<span class=\"sidebar-toggle hidden\" title=\"Show\/Hide side menu\"><i class=\"fal fa-table-layout\"><\/i><\/span>\n<script src=\"\/wp-includes\/js\/provacy\/js.cookie.min.js\"><\/script>\n<script>\nvar shown = true, $ = jQuery, b = $('body'), t = $('.sidebar-toggle'), c = Cookies.get('sidebar');\nif (c) {\n  shown = c == 1;\n}\nb.addClass('sidebar-' + (shown ? 'shown' : 'hidden'));\nif (shown) {\n  t.find('i').toggleClass('fa-table-layout fa-window-maximize');\n}\nt.on('click', function() {\n  shown = !shown;\n  t.find('i').toggleClass('fa-table-layout fa-window-maximize');\n  b.toggleClass('sidebar-shown sidebar-hidden');\n  Cookies.set('sidebar', shown ? 1 : 0, { expires: 30 });\n});\n\n$('figure.wp-lightbox-container').on('click', function(e) {\n  var img = $(e.target).parents('figure:first').find('img:first'), src = img.attr('src'), enlarged = $('figure.enlarged-image img.' + img.attr('class'));\n  if (enlarged.length && src != enlarged.attr('src')) {\n    let count = 0;\n    function incr() {\n      count++;\n      if (src != enlarged.attr('src'))\n        enlarged.attr('src', src);\n      if (count >= 10) {\n        clearInterval(intervalId);\n      }\n    }\n    const intervalId = setInterval(incr, 100);\n  }\n\n  \/\/console.log('lightbox clicked', e, this);\n});\n\n<\/script>","protected":false},"excerpt":{"rendered":"<p>Cr\u00e9ation des transferts Les transferts sont cr\u00e9\u00e9s depuis le tableau de donn\u00e9es Dans les tableaux, les tiers exportateurs et\/ou importateurs sont facilement identifi\u00e9s gr\u00e2ce aux marqueurs Les transferts sont cr\u00e9\u00e9s dans l'onglet Transferts. Pensez \u00e0 enregistrer le formulaire pour que vos modifications soient prises en compte. si vous d\u00e9cochez un flux dans la d\u00e9finition des &hellip;<\/p>\n<p class=\"read-more\"> <a class=\"\" href=\"https:\/\/tuto.provacy.com\/en\/transfers\/create\/\"> <span class=\"screen-reader-text\">1. Creating transfers<\/span> Read More &raquo;<\/a><\/p>","protected":false},"author":2,"featured_media":0,"parent":3484,"menu_order":72,"comment_status":"closed","ping_status":"closed","template":"","meta":{"site-sidebar-layout":"default","site-content-layout":"","ast-site-content-layout":"default","site-content-style":"default","site-sidebar-style":"default","ast-global-header-display":"","ast-banner-title-visibility":"","ast-main-header-display":"","ast-hfb-above-header-display":"","ast-hfb-below-header-display":"","ast-hfb-mobile-header-display":"","site-post-title":"","ast-breadcrumbs-content":"","ast-featured-img":"","footer-sml-layout":"","theme-transparent-header-meta":"","adv-header-id-meta":"","stick-header-meta":"","header-above-stick-meta":"","header-main-stick-meta":"","header-below-stick-meta":"","astra-migrate-meta-layouts":"set","footnotes":""},"yoast_head":"<!-- This site is optimized with the Yoast SEO plugin v23.3 - https:\/\/yoast.com\/wordpress\/plugins\/seo\/ -->\n<title>1. Cr\u00e9ation des transferts - Guide utilisateur<\/title>\n<meta name=\"robots\" content=\"noindex, follow, max-snippet:-1, max-image-preview:large, max-video-preview:-1\" \/>\n<meta property=\"og:locale\" content=\"en_GB\" \/>\n<meta property=\"og:type\" content=\"article\" \/>\n<meta property=\"og:title\" content=\"1. Cr\u00e9ation des transferts - Guide utilisateur\" \/>\n<meta property=\"og:description\" content=\"Cr\u00e9ation des transferts Les transferts sont cr\u00e9\u00e9s depuis le tableau de donn\u00e9es Dans les tableaux, les tiers exportateurs et\/ou importateurs sont facilement identifi\u00e9s gr\u00e2ce aux marqueurs Les transferts sont cr\u00e9\u00e9s dans l&#039;onglet Transferts. Pensez \u00e0 enregistrer le formulaire pour que vos modifications soient prises en compte. si vous d\u00e9cochez un flux dans la d\u00e9finition des &hellip; 1. Cr\u00e9ation des transferts Read More &raquo;\" \/>\n<meta property=\"og:url\" content=\"https:\/\/tuto.provacy.com\/en\/transfers\/create\/\" \/>\n<meta property=\"og:site_name\" content=\"Guide utilisateur\" \/>\n<meta property=\"article:modified_time\" content=\"2026-04-21T11:55:39+00:00\" \/>\n<meta property=\"og:image\" content=\"https:\/\/tuto.provacy.com\/wp-content\/uploads\/sites\/4\/2025\/03\/Demo-General-2025-03-11_15_50.png\" \/>\n<meta name=\"twitter:card\" content=\"summary_large_image\" \/>\n<meta name=\"twitter:label1\" content=\"Estimated reading time\" \/>\n\t<meta name=\"twitter:data1\" content=\"2 minutes\" \/>\n<script type=\"application\/ld+json\" class=\"yoast-schema-graph\">{\"@context\":\"https:\/\/schema.org\",\"@graph\":[{\"@type\":\"WebPage\",\"@id\":\"https:\/\/tuto.provacy.com\/transfers\/create\/\",\"url\":\"https:\/\/tuto.provacy.com\/transfers\/create\/\",\"name\":\"1. Cr\u00e9ation des transferts - Guide utilisateur\",\"isPartOf\":{\"@id\":\"https:\/\/tuto.provacy.com\/#website\"},\"primaryImageOfPage\":{\"@id\":\"https:\/\/tuto.provacy.com\/transfers\/create\/#primaryimage\"},\"image\":{\"@id\":\"https:\/\/tuto.provacy.com\/transfers\/create\/#primaryimage\"},\"thumbnailUrl\":\"https:\/\/tuto.provacy.com\/wp-content\/uploads\/sites\/4\/2025\/03\/Demo-General-2025-03-11_15_50.png\",\"datePublished\":\"2025-03-11T15:43:33+00:00\",\"dateModified\":\"2026-04-21T11:55:39+00:00\",\"breadcrumb\":{\"@id\":\"https:\/\/tuto.provacy.com\/transfers\/create\/#breadcrumb\"},\"inLanguage\":\"en-GB\",\"potentialAction\":[{\"@type\":\"ReadAction\",\"target\":[\"https:\/\/tuto.provacy.com\/transfers\/create\/\"]}]},{\"@type\":\"ImageObject\",\"inLanguage\":\"en-GB\",\"@id\":\"https:\/\/tuto.provacy.com\/transfers\/create\/#primaryimage\",\"url\":\"https:\/\/tuto.provacy.com\/wp-content\/uploads\/sites\/4\/2025\/03\/Demo-General-2025-03-11_15_50.png\",\"contentUrl\":\"https:\/\/tuto.provacy.com\/wp-content\/uploads\/sites\/4\/2025\/03\/Demo-General-2025-03-11_15_50.png\"},{\"@type\":\"BreadcrumbList\",\"@id\":\"https:\/\/tuto.provacy.com\/transfers\/create\/#breadcrumb\",\"itemListElement\":[{\"@type\":\"ListItem\",\"position\":1,\"name\":\"Accueil\",\"item\":\"https:\/\/tuto.provacy.com\/\"},{\"@type\":\"ListItem\",\"position\":2,\"name\":\"Transferts\",\"item\":\"https:\/\/tuto.provacy.com\/transfers\/\"},{\"@type\":\"ListItem\",\"position\":3,\"name\":\"1. Cr\u00e9ation des transferts\"}]},{\"@type\":\"WebSite\",\"@id\":\"https:\/\/tuto.provacy.com\/#website\",\"url\":\"https:\/\/tuto.provacy.com\/\",\"name\":\"Guide utilisateur\",\"description\":\"\",\"publisher\":{\"@id\":\"https:\/\/tuto.provacy.com\/#organization\"},\"potentialAction\":[{\"@type\":\"SearchAction\",\"target\":{\"@type\":\"EntryPoint\",\"urlTemplate\":\"https:\/\/tuto.provacy.com\/?s={search_term_string}\"},\"query-input\":\"required name=search_term_string\"}],\"inLanguage\":\"en-GB\"},{\"@type\":\"Organization\",\"@id\":\"https:\/\/tuto.provacy.com\/#organization\",\"name\":\"Guide utilisateur\",\"url\":\"https:\/\/tuto.provacy.com\/\",\"logo\":{\"@type\":\"ImageObject\",\"inLanguage\":\"en-GB\",\"@id\":\"https:\/\/tuto.provacy.com\/#\/schema\/logo\/image\/\",\"url\":\"https:\/\/tuto.provacy.com\/wp-content\/uploads\/sites\/4\/2023\/10\/cropped-power-logo-white-slogan.png\",\"contentUrl\":\"https:\/\/tuto.provacy.com\/wp-content\/uploads\/sites\/4\/2023\/10\/cropped-power-logo-white-slogan.png\",\"width\":1231,\"height\":272,\"caption\":\"Guide utilisateur\"},\"image\":{\"@id\":\"https:\/\/tuto.provacy.com\/#\/schema\/logo\/image\/\"}}]}<\/script>\n<!-- \/ Yoast SEO plugin. -->","yoast_head_json":{"title":"1. Cr\u00e9ation des transferts - Guide utilisateur","robots":{"index":"noindex","follow":"follow","max-snippet":"max-snippet:-1","max-image-preview":"max-image-preview:large","max-video-preview":"max-video-preview:-1"},"og_locale":"en_GB","og_type":"article","og_title":"1. Cr\u00e9ation des transferts - Guide utilisateur","og_description":"Cr\u00e9ation des transferts Les transferts sont cr\u00e9\u00e9s depuis le tableau de donn\u00e9es Dans les tableaux, les tiers exportateurs et\/ou importateurs sont facilement identifi\u00e9s gr\u00e2ce aux marqueurs Les transferts sont cr\u00e9\u00e9s dans l'onglet Transferts. Pensez \u00e0 enregistrer le formulaire pour que vos modifications soient prises en compte. si vous d\u00e9cochez un flux dans la d\u00e9finition des &hellip; 1. Cr\u00e9ation des transferts Read More &raquo;","og_url":"https:\/\/tuto.provacy.com\/en\/transfers\/create\/","og_site_name":"Guide utilisateur","article_modified_time":"2026-04-21T11:55:39+00:00","og_image":[{"url":"https:\/\/tuto.provacy.com\/wp-content\/uploads\/sites\/4\/2025\/03\/Demo-General-2025-03-11_15_50.png"}],"twitter_card":"summary_large_image","twitter_misc":{"Estimated reading time":"2 minutes"},"schema":{"@context":"https:\/\/schema.org","@graph":[{"@type":"WebPage","@id":"https:\/\/tuto.provacy.com\/transfers\/create\/","url":"https:\/\/tuto.provacy.com\/transfers\/create\/","name":"1. Cr\u00e9ation des transferts - Guide utilisateur","isPartOf":{"@id":"https:\/\/tuto.provacy.com\/#website"},"primaryImageOfPage":{"@id":"https:\/\/tuto.provacy.com\/transfers\/create\/#primaryimage"},"image":{"@id":"https:\/\/tuto.provacy.com\/transfers\/create\/#primaryimage"},"thumbnailUrl":"https:\/\/tuto.provacy.com\/wp-content\/uploads\/sites\/4\/2025\/03\/Demo-General-2025-03-11_15_50.png","datePublished":"2025-03-11T15:43:33+00:00","dateModified":"2026-04-21T11:55:39+00:00","breadcrumb":{"@id":"https:\/\/tuto.provacy.com\/transfers\/create\/#breadcrumb"},"inLanguage":"en-GB","potentialAction":[{"@type":"ReadAction","target":["https:\/\/tuto.provacy.com\/transfers\/create\/"]}]},{"@type":"ImageObject","inLanguage":"en-GB","@id":"https:\/\/tuto.provacy.com\/transfers\/create\/#primaryimage","url":"https:\/\/tuto.provacy.com\/wp-content\/uploads\/sites\/4\/2025\/03\/Demo-General-2025-03-11_15_50.png","contentUrl":"https:\/\/tuto.provacy.com\/wp-content\/uploads\/sites\/4\/2025\/03\/Demo-General-2025-03-11_15_50.png"},{"@type":"BreadcrumbList","@id":"https:\/\/tuto.provacy.com\/transfers\/create\/#breadcrumb","itemListElement":[{"@type":"ListItem","position":1,"name":"Accueil","item":"https:\/\/tuto.provacy.com\/"},{"@type":"ListItem","position":2,"name":"Transferts","item":"https:\/\/tuto.provacy.com\/transfers\/"},{"@type":"ListItem","position":3,"name":"1. Cr\u00e9ation des transferts"}]},{"@type":"WebSite","@id":"https:\/\/tuto.provacy.com\/#website","url":"https:\/\/tuto.provacy.com\/","name":"Guide utilisateur","description":"","publisher":{"@id":"https:\/\/tuto.provacy.com\/#organization"},"potentialAction":[{"@type":"SearchAction","target":{"@type":"EntryPoint","urlTemplate":"https:\/\/tuto.provacy.com\/?s={search_term_string}"},"query-input":"required name=search_term_string"}],"inLanguage":"en-GB"},{"@type":"Organization","@id":"https:\/\/tuto.provacy.com\/#organization","name":"Guide utilisateur","url":"https:\/\/tuto.provacy.com\/","logo":{"@type":"ImageObject","inLanguage":"en-GB","@id":"https:\/\/tuto.provacy.com\/#\/schema\/logo\/image\/","url":"https:\/\/tuto.provacy.com\/wp-content\/uploads\/sites\/4\/2023\/10\/cropped-power-logo-white-slogan.png","contentUrl":"https:\/\/tuto.provacy.com\/wp-content\/uploads\/sites\/4\/2023\/10\/cropped-power-logo-white-slogan.png","width":1231,"height":272,"caption":"Guide utilisateur"},"image":{"@id":"https:\/\/tuto.provacy.com\/#\/schema\/logo\/image\/"}}]}},"_links":{"self":[{"href":"https:\/\/tuto.provacy.com\/en\/wp-json\/wp\/v2\/pages\/3489"}],"collection":[{"href":"https:\/\/tuto.provacy.com\/en\/wp-json\/wp\/v2\/pages"}],"about":[{"href":"https:\/\/tuto.provacy.com\/en\/wp-json\/wp\/v2\/types\/page"}],"author":[{"embeddable":true,"href":"https:\/\/tuto.provacy.com\/en\/wp-json\/wp\/v2\/users\/2"}],"replies":[{"embeddable":true,"href":"https:\/\/tuto.provacy.com\/en\/wp-json\/wp\/v2\/comments?post=3489"}],"version-history":[{"count":21,"href":"https:\/\/tuto.provacy.com\/en\/wp-json\/wp\/v2\/pages\/3489\/revisions"}],"predecessor-version":[{"id":4534,"href":"https:\/\/tuto.provacy.com\/en\/wp-json\/wp\/v2\/pages\/3489\/revisions\/4534"}],"up":[{"embeddable":true,"href":"https:\/\/tuto.provacy.com\/en\/wp-json\/wp\/v2\/pages\/3484"}],"wp:attachment":[{"href":"https:\/\/tuto.provacy.com\/en\/wp-json\/wp\/v2\/media?parent=3489"}],"curies":[{"name":"wp","href":"https:\/\/api.w.org\/{rel}","templated":true}]}}