{"id":3518,"date":"2025-03-12T17:07:28","date_gmt":"2025-03-12T16:07:28","guid":{"rendered":"https:\/\/tuto.provacy.com\/?page_id=3518"},"modified":"2025-03-21T16:17:21","modified_gmt":"2025-03-21T15:17:21","slug":"register","status":"publish","type":"page","link":"https:\/\/tuto.provacy.com\/en\/transfers\/register\/","title":{"rendered":"3. List and register display"},"content":{"rendered":"<div class=\"wp-block-group top-nav is-nowrap is-layout-flex wp-container-core-group-layout-1 wp-block-group-is-layout-flex\">\n\n<\/div>\n\n\n\n<h5 class=\"wp-block-heading\">List and register display - Coexistence of old and new mechanisms<\/h5>\n\n\n\n<p class=\"translation-block\">The original fields, <em><strong>Transfers<\/strong>, <strong><em>Legal frameworks<\/em><\/strong> and <strong><em>Countries outside EU<\/em><\/strong><\/em>, provide a general description of data transfers and feed into the official registers.<\/p>\n\n\n\n<div class=\"wp-block-group is-content-justification-center is-nowrap is-layout-flex wp-container-core-group-layout-2 wp-block-group-is-layout-flex\" style=\"padding-top:var(--wp--preset--spacing--50);padding-right:var(--wp--preset--spacing--50);padding-bottom:var(--wp--preset--spacing--50);padding-left:var(--wp--preset--spacing--50)\">\n<figure class=\"wp-block-image size-large\"><img decoding=\"async\" src=\"https:\/\/tuto.provacy.com\/wp-content\/uploads\/sites\/4\/2023\/08\/15228c3c-0acc-49ef-b661-b033cb431f80.png\" alt=\"\" \/><\/figure>\n<\/div>\n\n\n\n<p>It is possible to edit the list of transfers by third party in the registers, displaying only the third parties receiving the data (importers):<\/p>\n\n\n\n<div class=\"wp-block-group is-content-justification-center is-nowrap is-layout-flex wp-container-core-group-layout-3 wp-block-group-is-layout-flex\" style=\"padding-top:var(--wp--preset--spacing--50);padding-right:var(--wp--preset--spacing--50);padding-bottom:var(--wp--preset--spacing--50);padding-left:var(--wp--preset--spacing--50)\">\n<figure class=\"wp-block-image size-large\"><img decoding=\"async\" src=\"https:\/\/tuto.provacy.com\/wp-content\/uploads\/sites\/4\/2023\/08\/b43e4c7b-e004-46b2-b820-71598e89479c.png\" alt=\"\" \/><figcaption class=\"wp-element-caption\"><em>If you wish to display the list of transfers to the register, contact Support<\/em><\/figcaption><\/figure>\n<\/div>\n\n\n\n<p>In the lists, information on legal frameworks and countries is merged (origin fields and list of transfers):<\/p>\n\n\n\n<div class=\"wp-block-group is-content-justification-center is-nowrap is-layout-flex wp-container-core-group-layout-4 wp-block-group-is-layout-flex\" style=\"padding-top:var(--wp--preset--spacing--50);padding-right:var(--wp--preset--spacing--50);padding-bottom:var(--wp--preset--spacing--50);padding-left:var(--wp--preset--spacing--50)\">\n<figure class=\"wp-block-image size-large\"><img decoding=\"async\" src=\"https:\/\/tuto.provacy.com\/wp-content\/uploads\/sites\/4\/2023\/08\/179f4fb5-287a-4732-be7c-65759f29182b.png\" alt=\"\" \/><\/figure>\n<\/div>\n\n\n\n<div class=\"wp-block-columns bottom-nav is-layout-flex wp-container-core-columns-layout-1 wp-block-columns-is-layout-flex\">\n<div class=\"wp-block-column is-layout-flow wp-block-column-is-layout-flow\" style=\"flex-basis:25%\"><\/div>\n\n\n\n<div class=\"wp-block-column is-layout-flow wp-block-column-is-layout-flow\" style=\"flex-basis:50%\"><\/div>\n\n\n\n<div class=\"wp-block-column is-layout-flow wp-block-column-is-layout-flow\" style=\"flex-basis:25%\"><\/div>\n<\/div>\n\n\n\n<span class=\"sidebar-toggle hidden\" title=\"Show\/Hide side menu\"><i class=\"fal fa-table-layout\"><\/i><\/span>\n<script src=\"\/wp-includes\/js\/provacy\/js.cookie.min.js\"><\/script>\n<script>\nvar shown = true, $ = jQuery, b = $('body'), t = $('.sidebar-toggle'), c = Cookies.get('sidebar');\nif (c) {\n  shown = c == 1;\n}\nb.addClass('sidebar-' + (shown ? 'shown' : 'hidden'));\nif (shown) {\n  t.find('i').toggleClass('fa-table-layout fa-window-maximize');\n}\nt.on('click', function() {\n  shown = !shown;\n  t.find('i').toggleClass('fa-table-layout fa-window-maximize');\n  b.toggleClass('sidebar-shown sidebar-hidden');\n  Cookies.set('sidebar', shown ? 1 : 0, { expires: 30 });\n});\n\n$('figure.wp-lightbox-container').on('click', function(e) {\n  var img = $(e.target).parents('figure:first').find('img:first'), src = img.attr('src'), enlarged = $('figure.enlarged-image img.' + img.attr('class'));\n  if (enlarged.length && src != enlarged.attr('src')) {\n    let count = 0;\n    function incr() {\n      count++;\n      if (src != enlarged.attr('src'))\n        enlarged.attr('src', src);\n      if (count >= 10) {\n        clearInterval(intervalId);\n      }\n    }\n    const intervalId = setInterval(incr, 100);\n  }\n\n  \/\/console.log('lightbox clicked', e, this);\n});\n\n<\/script>","protected":false},"excerpt":{"rendered":"<p>Affichage liste et registre - Coexistence ancien et nouveau m\u00e9canisme Les champs d'origine, Transferts, Encadrements juridiques et Pays hors UE, d\u00e9crivent les transferts de mani\u00e8re g\u00e9n\u00e9rale et alimentent les registres officiels. Il est possible d'\u00e9diter la liste des transferts par tiers dans les registres en affichant uniquement les tiers destinataires des donn\u00e9es (importateurs) : Dans &hellip;<\/p>\n<p class=\"read-more\"> <a class=\"\" href=\"https:\/\/tuto.provacy.com\/en\/transfers\/register\/\"> <span class=\"screen-reader-text\">3. List and register display<\/span> Read More &raquo;<\/a><\/p>","protected":false},"author":2,"featured_media":0,"parent":3484,"menu_order":74,"comment_status":"closed","ping_status":"closed","template":"","meta":{"site-sidebar-layout":"default","site-content-layout":"","ast-site-content-layout":"default","site-content-style":"default","site-sidebar-style":"default","ast-global-header-display":"","ast-banner-title-visibility":"","ast-main-header-display":"","ast-hfb-above-header-display":"","ast-hfb-below-header-display":"","ast-hfb-mobile-header-display":"","site-post-title":"","ast-breadcrumbs-content":"","ast-featured-img":"","footer-sml-layout":"","theme-transparent-header-meta":"","adv-header-id-meta":"","stick-header-meta":"","header-above-stick-meta":"","header-main-stick-meta":"","header-below-stick-meta":"","astra-migrate-meta-layouts":"set","footnotes":""},"yoast_head":"<!-- This site is optimized with the Yoast SEO plugin v23.3 - https:\/\/yoast.com\/wordpress\/plugins\/seo\/ -->\n<title>3. Affichage liste et registre - Guide utilisateur<\/title>\n<meta name=\"robots\" content=\"noindex, follow, max-snippet:-1, max-image-preview:large, max-video-preview:-1\" \/>\n<meta property=\"og:locale\" content=\"en_GB\" \/>\n<meta property=\"og:type\" content=\"article\" \/>\n<meta property=\"og:title\" content=\"3. Affichage liste et registre - Guide utilisateur\" \/>\n<meta property=\"og:description\" content=\"Affichage liste et registre - Coexistence ancien et nouveau m\u00e9canisme Les champs d&#039;origine, Transferts, Encadrements juridiques et Pays hors UE, d\u00e9crivent les transferts de mani\u00e8re g\u00e9n\u00e9rale et alimentent les registres officiels. Il est possible d&#039;\u00e9diter la liste des transferts par tiers dans les registres en affichant uniquement les tiers destinataires des donn\u00e9es (importateurs) : Dans &hellip; 3. Affichage liste et registre Read More &raquo;\" \/>\n<meta property=\"og:url\" content=\"https:\/\/tuto.provacy.com\/en\/transfers\/register\/\" \/>\n<meta property=\"og:site_name\" content=\"Guide utilisateur\" \/>\n<meta property=\"article:modified_time\" content=\"2025-03-21T15:17:21+00:00\" \/>\n<meta property=\"og:image\" content=\"https:\/\/tuto.provacy.com\/wp-content\/uploads\/sites\/4\/2023\/08\/70d06130-efea-4e5b-a71c-36783f145e19.png\" \/>\n<meta name=\"twitter:card\" content=\"summary_large_image\" \/>\n<meta name=\"twitter:label1\" content=\"Estimated reading time\" \/>\n\t<meta name=\"twitter:data1\" content=\"2 minutes\" \/>\n<script type=\"application\/ld+json\" class=\"yoast-schema-graph\">{\"@context\":\"https:\/\/schema.org\",\"@graph\":[{\"@type\":\"WebPage\",\"@id\":\"https:\/\/tuto.provacy.com\/transfers\/register\/\",\"url\":\"https:\/\/tuto.provacy.com\/transfers\/register\/\",\"name\":\"3. Affichage liste et registre - Guide utilisateur\",\"isPartOf\":{\"@id\":\"https:\/\/tuto.provacy.com\/#website\"},\"primaryImageOfPage\":{\"@id\":\"https:\/\/tuto.provacy.com\/transfers\/register\/#primaryimage\"},\"image\":{\"@id\":\"https:\/\/tuto.provacy.com\/transfers\/register\/#primaryimage\"},\"thumbnailUrl\":\"https:\/\/tuto.provacy.com\/wp-content\/uploads\/sites\/4\/2023\/08\/70d06130-efea-4e5b-a71c-36783f145e19.png\",\"datePublished\":\"2025-03-12T16:07:28+00:00\",\"dateModified\":\"2025-03-21T15:17:21+00:00\",\"breadcrumb\":{\"@id\":\"https:\/\/tuto.provacy.com\/transfers\/register\/#breadcrumb\"},\"inLanguage\":\"en-GB\",\"potentialAction\":[{\"@type\":\"ReadAction\",\"target\":[\"https:\/\/tuto.provacy.com\/transfers\/register\/\"]}]},{\"@type\":\"ImageObject\",\"inLanguage\":\"en-GB\",\"@id\":\"https:\/\/tuto.provacy.com\/transfers\/register\/#primaryimage\",\"url\":\"https:\/\/tuto.provacy.com\/wp-content\/uploads\/sites\/4\/2023\/08\/70d06130-efea-4e5b-a71c-36783f145e19.png\",\"contentUrl\":\"https:\/\/tuto.provacy.com\/wp-content\/uploads\/sites\/4\/2023\/08\/70d06130-efea-4e5b-a71c-36783f145e19.png\"},{\"@type\":\"BreadcrumbList\",\"@id\":\"https:\/\/tuto.provacy.com\/transfers\/register\/#breadcrumb\",\"itemListElement\":[{\"@type\":\"ListItem\",\"position\":1,\"name\":\"Accueil\",\"item\":\"https:\/\/tuto.provacy.com\/\"},{\"@type\":\"ListItem\",\"position\":2,\"name\":\"Transferts\",\"item\":\"https:\/\/tuto.provacy.com\/transfers\/\"},{\"@type\":\"ListItem\",\"position\":3,\"name\":\"3. Affichage liste et registre\"}]},{\"@type\":\"WebSite\",\"@id\":\"https:\/\/tuto.provacy.com\/#website\",\"url\":\"https:\/\/tuto.provacy.com\/\",\"name\":\"Guide utilisateur\",\"description\":\"\",\"publisher\":{\"@id\":\"https:\/\/tuto.provacy.com\/#organization\"},\"potentialAction\":[{\"@type\":\"SearchAction\",\"target\":{\"@type\":\"EntryPoint\",\"urlTemplate\":\"https:\/\/tuto.provacy.com\/?s={search_term_string}\"},\"query-input\":\"required name=search_term_string\"}],\"inLanguage\":\"en-GB\"},{\"@type\":\"Organization\",\"@id\":\"https:\/\/tuto.provacy.com\/#organization\",\"name\":\"Guide utilisateur\",\"url\":\"https:\/\/tuto.provacy.com\/\",\"logo\":{\"@type\":\"ImageObject\",\"inLanguage\":\"en-GB\",\"@id\":\"https:\/\/tuto.provacy.com\/#\/schema\/logo\/image\/\",\"url\":\"https:\/\/tuto.provacy.com\/wp-content\/uploads\/sites\/4\/2023\/10\/cropped-power-logo-white-slogan.png\",\"contentUrl\":\"https:\/\/tuto.provacy.com\/wp-content\/uploads\/sites\/4\/2023\/10\/cropped-power-logo-white-slogan.png\",\"width\":1231,\"height\":272,\"caption\":\"Guide utilisateur\"},\"image\":{\"@id\":\"https:\/\/tuto.provacy.com\/#\/schema\/logo\/image\/\"}}]}<\/script>\n<!-- \/ Yoast SEO plugin. -->","yoast_head_json":{"title":"3. Affichage liste et registre - Guide utilisateur","robots":{"index":"noindex","follow":"follow","max-snippet":"max-snippet:-1","max-image-preview":"max-image-preview:large","max-video-preview":"max-video-preview:-1"},"og_locale":"en_GB","og_type":"article","og_title":"3. Affichage liste et registre - Guide utilisateur","og_description":"Affichage liste et registre - Coexistence ancien et nouveau m\u00e9canisme Les champs d'origine, Transferts, Encadrements juridiques et Pays hors UE, d\u00e9crivent les transferts de mani\u00e8re g\u00e9n\u00e9rale et alimentent les registres officiels. Il est possible d'\u00e9diter la liste des transferts par tiers dans les registres en affichant uniquement les tiers destinataires des donn\u00e9es (importateurs) : Dans &hellip; 3. Affichage liste et registre Read More &raquo;","og_url":"https:\/\/tuto.provacy.com\/en\/transfers\/register\/","og_site_name":"Guide utilisateur","article_modified_time":"2025-03-21T15:17:21+00:00","og_image":[{"url":"https:\/\/tuto.provacy.com\/wp-content\/uploads\/sites\/4\/2023\/08\/70d06130-efea-4e5b-a71c-36783f145e19.png"}],"twitter_card":"summary_large_image","twitter_misc":{"Estimated reading time":"2 minutes"},"schema":{"@context":"https:\/\/schema.org","@graph":[{"@type":"WebPage","@id":"https:\/\/tuto.provacy.com\/transfers\/register\/","url":"https:\/\/tuto.provacy.com\/transfers\/register\/","name":"3. Affichage liste et registre - Guide utilisateur","isPartOf":{"@id":"https:\/\/tuto.provacy.com\/#website"},"primaryImageOfPage":{"@id":"https:\/\/tuto.provacy.com\/transfers\/register\/#primaryimage"},"image":{"@id":"https:\/\/tuto.provacy.com\/transfers\/register\/#primaryimage"},"thumbnailUrl":"https:\/\/tuto.provacy.com\/wp-content\/uploads\/sites\/4\/2023\/08\/70d06130-efea-4e5b-a71c-36783f145e19.png","datePublished":"2025-03-12T16:07:28+00:00","dateModified":"2025-03-21T15:17:21+00:00","breadcrumb":{"@id":"https:\/\/tuto.provacy.com\/transfers\/register\/#breadcrumb"},"inLanguage":"en-GB","potentialAction":[{"@type":"ReadAction","target":["https:\/\/tuto.provacy.com\/transfers\/register\/"]}]},{"@type":"ImageObject","inLanguage":"en-GB","@id":"https:\/\/tuto.provacy.com\/transfers\/register\/#primaryimage","url":"https:\/\/tuto.provacy.com\/wp-content\/uploads\/sites\/4\/2023\/08\/70d06130-efea-4e5b-a71c-36783f145e19.png","contentUrl":"https:\/\/tuto.provacy.com\/wp-content\/uploads\/sites\/4\/2023\/08\/70d06130-efea-4e5b-a71c-36783f145e19.png"},{"@type":"BreadcrumbList","@id":"https:\/\/tuto.provacy.com\/transfers\/register\/#breadcrumb","itemListElement":[{"@type":"ListItem","position":1,"name":"Accueil","item":"https:\/\/tuto.provacy.com\/"},{"@type":"ListItem","position":2,"name":"Transferts","item":"https:\/\/tuto.provacy.com\/transfers\/"},{"@type":"ListItem","position":3,"name":"3. Affichage liste et registre"}]},{"@type":"WebSite","@id":"https:\/\/tuto.provacy.com\/#website","url":"https:\/\/tuto.provacy.com\/","name":"Guide utilisateur","description":"","publisher":{"@id":"https:\/\/tuto.provacy.com\/#organization"},"potentialAction":[{"@type":"SearchAction","target":{"@type":"EntryPoint","urlTemplate":"https:\/\/tuto.provacy.com\/?s={search_term_string}"},"query-input":"required name=search_term_string"}],"inLanguage":"en-GB"},{"@type":"Organization","@id":"https:\/\/tuto.provacy.com\/#organization","name":"Guide utilisateur","url":"https:\/\/tuto.provacy.com\/","logo":{"@type":"ImageObject","inLanguage":"en-GB","@id":"https:\/\/tuto.provacy.com\/#\/schema\/logo\/image\/","url":"https:\/\/tuto.provacy.com\/wp-content\/uploads\/sites\/4\/2023\/10\/cropped-power-logo-white-slogan.png","contentUrl":"https:\/\/tuto.provacy.com\/wp-content\/uploads\/sites\/4\/2023\/10\/cropped-power-logo-white-slogan.png","width":1231,"height":272,"caption":"Guide utilisateur"},"image":{"@id":"https:\/\/tuto.provacy.com\/#\/schema\/logo\/image\/"}}]}},"_links":{"self":[{"href":"https:\/\/tuto.provacy.com\/en\/wp-json\/wp\/v2\/pages\/3518"}],"collection":[{"href":"https:\/\/tuto.provacy.com\/en\/wp-json\/wp\/v2\/pages"}],"about":[{"href":"https:\/\/tuto.provacy.com\/en\/wp-json\/wp\/v2\/types\/page"}],"author":[{"embeddable":true,"href":"https:\/\/tuto.provacy.com\/en\/wp-json\/wp\/v2\/users\/2"}],"replies":[{"embeddable":true,"href":"https:\/\/tuto.provacy.com\/en\/wp-json\/wp\/v2\/comments?post=3518"}],"version-history":[{"count":24,"href":"https:\/\/tuto.provacy.com\/en\/wp-json\/wp\/v2\/pages\/3518\/revisions"}],"predecessor-version":[{"id":3694,"href":"https:\/\/tuto.provacy.com\/en\/wp-json\/wp\/v2\/pages\/3518\/revisions\/3694"}],"up":[{"embeddable":true,"href":"https:\/\/tuto.provacy.com\/en\/wp-json\/wp\/v2\/pages\/3484"}],"wp:attachment":[{"href":"https:\/\/tuto.provacy.com\/en\/wp-json\/wp\/v2\/media?parent=3518"}],"curies":[{"name":"wp","href":"https:\/\/api.w.org\/{rel}","templated":true}]}}