{"id":3544,"date":"2025-03-13T14:14:09","date_gmt":"2025-03-13T13:14:09","guid":{"rendered":"https:\/\/tuto.provacy.com\/?page_id=3544"},"modified":"2025-04-25T09:10:00","modified_gmt":"2025-04-25T07:10:00","slug":"manage","status":"publish","type":"page","link":"https:\/\/tuto.provacy.com\/en\/transfers\/manage\/","title":{"rendered":"4. Transfer management, mapping"},"content":{"rendered":"<div class=\"wp-block-group top-nav is-nowrap is-layout-flex wp-container-core-group-layout-1 wp-block-group-is-layout-flex\">\n\n<\/div>\n\n\n\n<h5 class=\"wp-block-heading\">Transfer management, mapping<\/h5>\n\n\n\n<p><strong>Consolidated list of transfers<\/strong><\/p>\n\n\n\n<p>All the transfers specified in the processing or subcontracting forms are grouped together in a list accessible from the Administration menu. As standard, this menu is open to the DPO team (DPO &amp; DPO assistant roles). Contact Support if you would like to give other roles access.<\/p>\n\n\n\n<div class=\"wp-block-group is-content-justification-center is-nowrap is-layout-flex wp-container-core-group-layout-2 wp-block-group-is-layout-flex\" style=\"padding-top:var(--wp--preset--spacing--50);padding-right:var(--wp--preset--spacing--50);padding-bottom:var(--wp--preset--spacing--50);padding-left:var(--wp--preset--spacing--50)\">\n<figure class=\"wp-block-image size-full\"><img loading=\"lazy\" decoding=\"async\" width=\"308\" height=\"181\" src=\"https:\/\/tuto.provacy.com\/wp-content\/uploads\/sites\/4\/2025\/04\/D9993-2025-04-24_17_09.png\" alt=\"\" class=\"wp-image-3764\" srcset=\"https:\/\/tuto.provacy.com\/wp-content\/uploads\/sites\/4\/2025\/04\/D9993-2025-04-24_17_09.png 312w, https:\/\/tuto.provacy.com\/wp-content\/uploads\/sites\/4\/2025\/04\/D9993-2025-04-24_17_09-300x177.png 300w, https:\/\/tuto.provacy.com\/wp-content\/uploads\/sites\/4\/2025\/04\/D9993-2025-04-24_17_09-18x12.png 18w\" sizes=\"(max-width: 308px) 100vw, 308px\" \/><\/figure>\n<\/div>\n\n\n\n<p>The consolidated view of transfers allows you to :<\/p>\n\n\n\n<ul>\n<li>List all data transfers by organisation<\/li>\n\n\n\n<li>Quickly identify risk flows according to the countries or data involved<\/li>\n\n\n\n<li>Filter and search for transfers according to several criteria (country, type of data, legal framework, presence of a contract, etc.).<\/li>\n<\/ul>\n\n\n\n<div class=\"wp-block-group is-content-justification-center is-nowrap is-layout-flex wp-container-core-group-layout-3 wp-block-group-is-layout-flex\" style=\"padding-top:var(--wp--preset--spacing--50);padding-right:var(--wp--preset--spacing--50);padding-bottom:var(--wp--preset--spacing--50);padding-left:var(--wp--preset--spacing--50)\">\n<figure class=\"wp-block-image size-large\"><img loading=\"lazy\" decoding=\"async\" width=\"1024\" height=\"479\" src=\"https:\/\/tuto.provacy.com\/wp-content\/uploads\/sites\/4\/2025\/03\/Demo-General-2025-03-14_09_17.png\" alt=\"\" class=\"wp-image-3547\" srcset=\"https:\/\/tuto.provacy.com\/wp-content\/uploads\/sites\/4\/2025\/03\/Demo-General-2025-03-14_09_17.png 1921w, https:\/\/tuto.provacy.com\/wp-content\/uploads\/sites\/4\/2025\/03\/Demo-General-2025-03-14_09_17-300x140.png 300w, https:\/\/tuto.provacy.com\/wp-content\/uploads\/sites\/4\/2025\/03\/Demo-General-2025-03-14_09_17-1024x479.png 1024w, https:\/\/tuto.provacy.com\/wp-content\/uploads\/sites\/4\/2025\/03\/Demo-General-2025-03-14_09_17-768x359.png 768w, https:\/\/tuto.provacy.com\/wp-content\/uploads\/sites\/4\/2025\/03\/Demo-General-2025-03-14_09_17-1536x718.png 1536w, https:\/\/tuto.provacy.com\/wp-content\/uploads\/sites\/4\/2025\/03\/Demo-General-2025-03-14_09_17-18x8.png 18w\" sizes=\"(max-width: 1024px) 100vw, 1024px\" \/><\/figure>\n<\/div>\n\n\n\n<p><strong>Interactive map of data transfers<\/strong><\/p>\n\n\n\n<p>The global data transfer map provides a dynamic view of data flows between data controllers and their third parties (processors, partners, organisations). It enables you to quickly identify international exchanges of personal data and assess their compliance with the levels of protection by country.<\/p>\n\n\n\n<div class=\"wp-block-group is-content-justification-center is-nowrap is-layout-flex wp-container-core-group-layout-4 wp-block-group-is-layout-flex\" style=\"padding-top:var(--wp--preset--spacing--50);padding-right:var(--wp--preset--spacing--50);padding-bottom:var(--wp--preset--spacing--50);padding-left:var(--wp--preset--spacing--50)\">\n<figure class=\"wp-block-image size-full\"><img loading=\"lazy\" decoding=\"async\" width=\"310\" height=\"177\" src=\"https:\/\/tuto.provacy.com\/wp-content\/uploads\/sites\/4\/2025\/04\/D9993-2025-04-24_17_10.png\" alt=\"\" class=\"wp-image-3772\" srcset=\"https:\/\/tuto.provacy.com\/wp-content\/uploads\/sites\/4\/2025\/04\/D9993-2025-04-24_17_10.png 310w, https:\/\/tuto.provacy.com\/wp-content\/uploads\/sites\/4\/2025\/04\/D9993-2025-04-24_17_10-300x179.png 300w, https:\/\/tuto.provacy.com\/wp-content\/uploads\/sites\/4\/2025\/04\/D9993-2025-04-24_17_10-18x12.png 18w\" sizes=\"(max-width: 310px) 100vw, 310px\" \/><\/figure>\n<\/div>\n\n\n\n<p>Third parties <img loading=\"lazy\" decoding=\"async\" width=\"156\" height=\"172\" class=\"wp-image-3101\" style=\"width: 50px\" src=\"https:\/\/tuto.provacy.com\/wp-content\/uploads\/sites\/4\/2024\/08\/Partner.png\" alt=\"\" srcset=\"https:\/\/tuto.provacy.com\/wp-content\/uploads\/sites\/4\/2024\/08\/Partner.png 156w, https:\/\/tuto.provacy.com\/wp-content\/uploads\/sites\/4\/2024\/08\/Partner-11x12.png 11w\" sizes=\"(max-width: 156px) 100vw, 156px\" \/> are represented by markers whose colour corresponds to the level of data protection in their country (in accordance with the RGPD). Data controllers are identified by the same pictogram: <img loading=\"lazy\" decoding=\"async\" width=\"179\" height=\"168\" class=\"wp-image-3097\" style=\"width: 60px\" src=\"https:\/\/tuto.provacy.com\/wp-content\/uploads\/sites\/4\/2024\/08\/Logo_Controller_NoBG.png\" alt=\"\" srcset=\"https:\/\/tuto.provacy.com\/wp-content\/uploads\/sites\/4\/2024\/08\/Logo_Controller_NoBG.png 179w, https:\/\/tuto.provacy.com\/wp-content\/uploads\/sites\/4\/2024\/08\/Logo_Controller_NoBG-13x12.png 13w\" sizes=\"(max-width: 179px) 100vw, 179px\" \/><\/p>\n\n\n\n<p>The animation of transfer flows illustrates the movement of data in one direction or the other.<\/p>\n\n\n\n<div class=\"wp-block-group is-content-justification-center is-nowrap is-layout-flex wp-container-core-group-layout-5 wp-block-group-is-layout-flex\" style=\"padding-top:var(--wp--preset--spacing--50);padding-right:var(--wp--preset--spacing--70);padding-bottom:var(--wp--preset--spacing--50);padding-left:var(--wp--preset--spacing--70)\">\n<figure class=\"wp-block-image size-large\"><img decoding=\"async\" src=\"https:\/\/tuto.provacy.com\/wp-content\/uploads\/sites\/4\/2023\/08\/75f503ee-aa0a-4e67-8d4a-49273f77e5d5.png\" alt=\"\" \/><\/figure>\n<\/div>\n\n\n\n<div class=\"wp-block-group is-content-justification-center is-nowrap is-layout-flex wp-container-core-group-layout-6 wp-block-group-is-layout-flex\" style=\"padding-top:var(--wp--preset--spacing--50);padding-right:var(--wp--preset--spacing--70);padding-bottom:var(--wp--preset--spacing--50);padding-left:var(--wp--preset--spacing--70)\">\n<figure class=\"wp-block-video\"><video controls src=\"https:\/\/tuto.provacy.com\/wp-content\/uploads\/sites\/4\/2025\/04\/Videomap_compressed_small.mp4\"><\/video><\/figure>\n<\/div>\n\n\n\n<div class=\"wp-block-columns bottom-nav is-layout-flex wp-container-core-columns-layout-1 wp-block-columns-is-layout-flex\">\n<div class=\"wp-block-column is-layout-flow wp-block-column-is-layout-flow\" style=\"flex-basis:25%\"><\/div>\n\n\n\n<div class=\"wp-block-column is-layout-flow wp-block-column-is-layout-flow\" style=\"flex-basis:50%\"><\/div>\n\n\n\n<div class=\"wp-block-column is-layout-flow wp-block-column-is-layout-flow\" style=\"flex-basis:25%\"><\/div>\n<\/div>\n\n\n\n<span class=\"sidebar-toggle hidden\" title=\"Show\/Hide side menu\"><i class=\"fal fa-table-layout\"><\/i><\/span>\n<script src=\"\/wp-includes\/js\/provacy\/js.cookie.min.js\"><\/script>\n<script>\nvar shown = true, $ = jQuery, b = $('body'), t = $('.sidebar-toggle'), c = Cookies.get('sidebar');\nif (c) {\n  shown = c == 1;\n}\nb.addClass('sidebar-' + (shown ? 'shown' : 'hidden'));\nif (shown) {\n  t.find('i').toggleClass('fa-table-layout fa-window-maximize');\n}\nt.on('click', function() {\n  shown = !shown;\n  t.find('i').toggleClass('fa-table-layout fa-window-maximize');\n  b.toggleClass('sidebar-shown sidebar-hidden');\n  Cookies.set('sidebar', shown ? 1 : 0, { expires: 30 });\n});\n\n$('figure.wp-lightbox-container').on('click', function(e) {\n  var img = $(e.target).parents('figure:first').find('img:first'), src = img.attr('src'), enlarged = $('figure.enlarged-image img.' + img.attr('class'));\n  if (enlarged.length && src != enlarged.attr('src')) {\n    let count = 0;\n    function incr() {\n      count++;\n      if (src != enlarged.attr('src'))\n        enlarged.attr('src', src);\n      if (count >= 10) {\n        clearInterval(intervalId);\n      }\n    }\n    const intervalId = setInterval(incr, 100);\n  }\n\n  \/\/console.log('lightbox clicked', e, this);\n});\n\n<\/script>","protected":false},"excerpt":{"rendered":"<p>Pilotage des transferts, cartographie Liste consolid\u00e9e des transferts L'ensemble des transferts ainsi sp\u00e9cifi\u00e9s depuis les fiches traitement ou contrat de sous-traitance sont regroup\u00e9s dans une liste accessible depuis le menu Administration. En standard, ce menu est ouvert \u00e0 l'\u00e9quipe DPO (r\u00f4les de DPO &amp; d'assistants DPO). Contactez le Support si vous souhaitez permettre son acc\u00e8s &hellip;<\/p>\n<p class=\"read-more\"> <a class=\"\" href=\"https:\/\/tuto.provacy.com\/en\/transfers\/manage\/\"> <span class=\"screen-reader-text\">4. Transfer management, mapping<\/span> Read More &raquo;<\/a><\/p>","protected":false},"author":2,"featured_media":0,"parent":3484,"menu_order":75,"comment_status":"closed","ping_status":"closed","template":"","meta":{"site-sidebar-layout":"default","site-content-layout":"","ast-site-content-layout":"default","site-content-style":"default","site-sidebar-style":"default","ast-global-header-display":"","ast-banner-title-visibility":"","ast-main-header-display":"","ast-hfb-above-header-display":"","ast-hfb-below-header-display":"","ast-hfb-mobile-header-display":"","site-post-title":"","ast-breadcrumbs-content":"","ast-featured-img":"","footer-sml-layout":"","theme-transparent-header-meta":"","adv-header-id-meta":"","stick-header-meta":"","header-above-stick-meta":"","header-main-stick-meta":"","header-below-stick-meta":"","astra-migrate-meta-layouts":"set","footnotes":""},"yoast_head":"<!-- This site is optimized with the Yoast SEO plugin v23.3 - https:\/\/yoast.com\/wordpress\/plugins\/seo\/ -->\n<title>4. Pilotage des transferts, cartographie - Guide utilisateur<\/title>\n<meta name=\"robots\" content=\"noindex, follow, max-snippet:-1, max-image-preview:large, max-video-preview:-1\" \/>\n<meta property=\"og:locale\" content=\"en_GB\" \/>\n<meta property=\"og:type\" content=\"article\" \/>\n<meta property=\"og:title\" content=\"4. Pilotage des transferts, cartographie - Guide utilisateur\" \/>\n<meta property=\"og:description\" content=\"Pilotage des transferts, cartographie Liste consolid\u00e9e des transferts L&#039;ensemble des transferts ainsi sp\u00e9cifi\u00e9s depuis les fiches traitement ou contrat de sous-traitance sont regroup\u00e9s dans une liste accessible depuis le menu Administration. En standard, ce menu est ouvert \u00e0 l&#039;\u00e9quipe DPO (r\u00f4les de DPO &amp; d&#039;assistants DPO). Contactez le Support si vous souhaitez permettre son acc\u00e8s &hellip; 4. Pilotage des transferts, cartographie Read More &raquo;\" \/>\n<meta property=\"og:url\" content=\"https:\/\/tuto.provacy.com\/en\/transfers\/manage\/\" \/>\n<meta property=\"og:site_name\" content=\"Guide utilisateur\" \/>\n<meta property=\"article:modified_time\" content=\"2025-04-25T07:10:00+00:00\" \/>\n<meta property=\"og:image\" content=\"https:\/\/tuto.provacy.com\/wp-content\/uploads\/sites\/4\/2025\/04\/D9993-2025-04-24_17_11.png\" \/>\n<meta name=\"twitter:card\" content=\"summary_large_image\" \/>\n<meta name=\"twitter:label1\" content=\"Estimated reading time\" \/>\n\t<meta name=\"twitter:data1\" content=\"3 minutes\" \/>\n<script type=\"application\/ld+json\" class=\"yoast-schema-graph\">{\"@context\":\"https:\/\/schema.org\",\"@graph\":[{\"@type\":\"WebPage\",\"@id\":\"https:\/\/tuto.provacy.com\/transfers\/manage\/\",\"url\":\"https:\/\/tuto.provacy.com\/transfers\/manage\/\",\"name\":\"4. Pilotage des transferts, cartographie - Guide utilisateur\",\"isPartOf\":{\"@id\":\"https:\/\/tuto.provacy.com\/#website\"},\"primaryImageOfPage\":{\"@id\":\"https:\/\/tuto.provacy.com\/transfers\/manage\/#primaryimage\"},\"image\":{\"@id\":\"https:\/\/tuto.provacy.com\/transfers\/manage\/#primaryimage\"},\"thumbnailUrl\":\"https:\/\/tuto.provacy.com\/wp-content\/uploads\/sites\/4\/2025\/04\/D9993-2025-04-24_17_11.png\",\"datePublished\":\"2025-03-13T13:14:09+00:00\",\"dateModified\":\"2025-04-25T07:10:00+00:00\",\"breadcrumb\":{\"@id\":\"https:\/\/tuto.provacy.com\/transfers\/manage\/#breadcrumb\"},\"inLanguage\":\"en-GB\",\"potentialAction\":[{\"@type\":\"ReadAction\",\"target\":[\"https:\/\/tuto.provacy.com\/transfers\/manage\/\"]}]},{\"@type\":\"ImageObject\",\"inLanguage\":\"en-GB\",\"@id\":\"https:\/\/tuto.provacy.com\/transfers\/manage\/#primaryimage\",\"url\":\"https:\/\/tuto.provacy.com\/wp-content\/uploads\/sites\/4\/2025\/04\/D9993-2025-04-24_17_11.png\",\"contentUrl\":\"https:\/\/tuto.provacy.com\/wp-content\/uploads\/sites\/4\/2025\/04\/D9993-2025-04-24_17_11.png\"},{\"@type\":\"BreadcrumbList\",\"@id\":\"https:\/\/tuto.provacy.com\/transfers\/manage\/#breadcrumb\",\"itemListElement\":[{\"@type\":\"ListItem\",\"position\":1,\"name\":\"Accueil\",\"item\":\"https:\/\/tuto.provacy.com\/\"},{\"@type\":\"ListItem\",\"position\":2,\"name\":\"Transferts\",\"item\":\"https:\/\/tuto.provacy.com\/transfers\/\"},{\"@type\":\"ListItem\",\"position\":3,\"name\":\"4. Pilotage des transferts, cartographie\"}]},{\"@type\":\"WebSite\",\"@id\":\"https:\/\/tuto.provacy.com\/#website\",\"url\":\"https:\/\/tuto.provacy.com\/\",\"name\":\"Guide utilisateur\",\"description\":\"\",\"publisher\":{\"@id\":\"https:\/\/tuto.provacy.com\/#organization\"},\"potentialAction\":[{\"@type\":\"SearchAction\",\"target\":{\"@type\":\"EntryPoint\",\"urlTemplate\":\"https:\/\/tuto.provacy.com\/?s={search_term_string}\"},\"query-input\":\"required name=search_term_string\"}],\"inLanguage\":\"en-GB\"},{\"@type\":\"Organization\",\"@id\":\"https:\/\/tuto.provacy.com\/#organization\",\"name\":\"Guide utilisateur\",\"url\":\"https:\/\/tuto.provacy.com\/\",\"logo\":{\"@type\":\"ImageObject\",\"inLanguage\":\"en-GB\",\"@id\":\"https:\/\/tuto.provacy.com\/#\/schema\/logo\/image\/\",\"url\":\"https:\/\/tuto.provacy.com\/wp-content\/uploads\/sites\/4\/2023\/10\/cropped-power-logo-white-slogan.png\",\"contentUrl\":\"https:\/\/tuto.provacy.com\/wp-content\/uploads\/sites\/4\/2023\/10\/cropped-power-logo-white-slogan.png\",\"width\":1231,\"height\":272,\"caption\":\"Guide utilisateur\"},\"image\":{\"@id\":\"https:\/\/tuto.provacy.com\/#\/schema\/logo\/image\/\"}}]}<\/script>\n<!-- \/ Yoast SEO plugin. -->","yoast_head_json":{"title":"4. Pilotage des transferts, cartographie - Guide utilisateur","robots":{"index":"noindex","follow":"follow","max-snippet":"max-snippet:-1","max-image-preview":"max-image-preview:large","max-video-preview":"max-video-preview:-1"},"og_locale":"en_GB","og_type":"article","og_title":"4. Pilotage des transferts, cartographie - Guide utilisateur","og_description":"Pilotage des transferts, cartographie Liste consolid\u00e9e des transferts L'ensemble des transferts ainsi sp\u00e9cifi\u00e9s depuis les fiches traitement ou contrat de sous-traitance sont regroup\u00e9s dans une liste accessible depuis le menu Administration. En standard, ce menu est ouvert \u00e0 l'\u00e9quipe DPO (r\u00f4les de DPO &amp; d'assistants DPO). Contactez le Support si vous souhaitez permettre son acc\u00e8s &hellip; 4. Pilotage des transferts, cartographie Read More &raquo;","og_url":"https:\/\/tuto.provacy.com\/en\/transfers\/manage\/","og_site_name":"Guide utilisateur","article_modified_time":"2025-04-25T07:10:00+00:00","og_image":[{"url":"https:\/\/tuto.provacy.com\/wp-content\/uploads\/sites\/4\/2025\/04\/D9993-2025-04-24_17_11.png"}],"twitter_card":"summary_large_image","twitter_misc":{"Estimated reading time":"3 minutes"},"schema":{"@context":"https:\/\/schema.org","@graph":[{"@type":"WebPage","@id":"https:\/\/tuto.provacy.com\/transfers\/manage\/","url":"https:\/\/tuto.provacy.com\/transfers\/manage\/","name":"4. Pilotage des transferts, cartographie - Guide utilisateur","isPartOf":{"@id":"https:\/\/tuto.provacy.com\/#website"},"primaryImageOfPage":{"@id":"https:\/\/tuto.provacy.com\/transfers\/manage\/#primaryimage"},"image":{"@id":"https:\/\/tuto.provacy.com\/transfers\/manage\/#primaryimage"},"thumbnailUrl":"https:\/\/tuto.provacy.com\/wp-content\/uploads\/sites\/4\/2025\/04\/D9993-2025-04-24_17_11.png","datePublished":"2025-03-13T13:14:09+00:00","dateModified":"2025-04-25T07:10:00+00:00","breadcrumb":{"@id":"https:\/\/tuto.provacy.com\/transfers\/manage\/#breadcrumb"},"inLanguage":"en-GB","potentialAction":[{"@type":"ReadAction","target":["https:\/\/tuto.provacy.com\/transfers\/manage\/"]}]},{"@type":"ImageObject","inLanguage":"en-GB","@id":"https:\/\/tuto.provacy.com\/transfers\/manage\/#primaryimage","url":"https:\/\/tuto.provacy.com\/wp-content\/uploads\/sites\/4\/2025\/04\/D9993-2025-04-24_17_11.png","contentUrl":"https:\/\/tuto.provacy.com\/wp-content\/uploads\/sites\/4\/2025\/04\/D9993-2025-04-24_17_11.png"},{"@type":"BreadcrumbList","@id":"https:\/\/tuto.provacy.com\/transfers\/manage\/#breadcrumb","itemListElement":[{"@type":"ListItem","position":1,"name":"Accueil","item":"https:\/\/tuto.provacy.com\/"},{"@type":"ListItem","position":2,"name":"Transferts","item":"https:\/\/tuto.provacy.com\/transfers\/"},{"@type":"ListItem","position":3,"name":"4. Pilotage des transferts, cartographie"}]},{"@type":"WebSite","@id":"https:\/\/tuto.provacy.com\/#website","url":"https:\/\/tuto.provacy.com\/","name":"Guide utilisateur","description":"","publisher":{"@id":"https:\/\/tuto.provacy.com\/#organization"},"potentialAction":[{"@type":"SearchAction","target":{"@type":"EntryPoint","urlTemplate":"https:\/\/tuto.provacy.com\/?s={search_term_string}"},"query-input":"required name=search_term_string"}],"inLanguage":"en-GB"},{"@type":"Organization","@id":"https:\/\/tuto.provacy.com\/#organization","name":"Guide utilisateur","url":"https:\/\/tuto.provacy.com\/","logo":{"@type":"ImageObject","inLanguage":"en-GB","@id":"https:\/\/tuto.provacy.com\/#\/schema\/logo\/image\/","url":"https:\/\/tuto.provacy.com\/wp-content\/uploads\/sites\/4\/2023\/10\/cropped-power-logo-white-slogan.png","contentUrl":"https:\/\/tuto.provacy.com\/wp-content\/uploads\/sites\/4\/2023\/10\/cropped-power-logo-white-slogan.png","width":1231,"height":272,"caption":"Guide utilisateur"},"image":{"@id":"https:\/\/tuto.provacy.com\/#\/schema\/logo\/image\/"}}]}},"_links":{"self":[{"href":"https:\/\/tuto.provacy.com\/en\/wp-json\/wp\/v2\/pages\/3544"}],"collection":[{"href":"https:\/\/tuto.provacy.com\/en\/wp-json\/wp\/v2\/pages"}],"about":[{"href":"https:\/\/tuto.provacy.com\/en\/wp-json\/wp\/v2\/types\/page"}],"author":[{"embeddable":true,"href":"https:\/\/tuto.provacy.com\/en\/wp-json\/wp\/v2\/users\/2"}],"replies":[{"embeddable":true,"href":"https:\/\/tuto.provacy.com\/en\/wp-json\/wp\/v2\/comments?post=3544"}],"version-history":[{"count":10,"href":"https:\/\/tuto.provacy.com\/en\/wp-json\/wp\/v2\/pages\/3544\/revisions"}],"predecessor-version":[{"id":3775,"href":"https:\/\/tuto.provacy.com\/en\/wp-json\/wp\/v2\/pages\/3544\/revisions\/3775"}],"up":[{"embeddable":true,"href":"https:\/\/tuto.provacy.com\/en\/wp-json\/wp\/v2\/pages\/3484"}],"wp:attachment":[{"href":"https:\/\/tuto.provacy.com\/en\/wp-json\/wp\/v2\/media?parent=3544"}],"curies":[{"name":"wp","href":"https:\/\/api.w.org\/{rel}","templated":true}]}}