{"id":3549,"date":"2025-03-13T15:27:42","date_gmt":"2025-03-13T14:27:42","guid":{"rendered":"https:\/\/tuto.provacy.com\/?page_id=3549"},"modified":"2025-03-17T10:31:17","modified_gmt":"2025-03-17T09:31:17","slug":"legislations","status":"publish","type":"page","link":"https:\/\/tuto.provacy.com\/en\/transfers\/legislations\/","title":{"rendered":"5. Documentation of legislation"},"content":{"rendered":"<div class=\"wp-block-group top-nav is-nowrap is-layout-flex wp-container-core-group-layout-1 wp-block-group-is-layout-flex\">\n\n<\/div>\n\n\n\n<h5 class=\"wp-block-heading\">Documentation of country legislation<\/h5>\n\n\n\n<p class=\"translation-block\">From the Administration menu, the DPO team can access the <em>Transfers<\/em> menu. The list of <em>Countries<\/em>, classified according to their level of data protection, is based on information from the <a href=\"https:\/\/www.data.gouv.fr\/fr\/datasets\/protection-des-donnees-personnelles-dans-le-monde\/#\/resources\" target=\"_blank\" rel=\"noreferrer noopener\">Data.gouv<\/a> file. It will be regularly updated by the Support team while preserving any modifications you may have made.<\/p>\n\n\n\n<div class=\"wp-block-group is-content-justification-center is-nowrap is-layout-flex wp-container-core-group-layout-2 wp-block-group-is-layout-flex\" style=\"padding-top:var(--wp--preset--spacing--20);padding-right:var(--wp--preset--spacing--50);padding-bottom:var(--wp--preset--spacing--20);padding-left:var(--wp--preset--spacing--50)\">\n<figure class=\"wp-block-image size-full\"><img loading=\"lazy\" decoding=\"async\" width=\"298\" height=\"184\" src=\"https:\/\/tuto.provacy.com\/wp-content\/uploads\/sites\/4\/2025\/03\/Demo-General-2025-03-13_15_06.png\" alt=\"\" class=\"wp-image-3552\" srcset=\"https:\/\/tuto.provacy.com\/wp-content\/uploads\/sites\/4\/2025\/03\/Demo-General-2025-03-13_15_06.png 305w, https:\/\/tuto.provacy.com\/wp-content\/uploads\/sites\/4\/2025\/03\/Demo-General-2025-03-13_15_06-300x175.png 300w, https:\/\/tuto.provacy.com\/wp-content\/uploads\/sites\/4\/2025\/03\/Demo-General-2025-03-13_15_06-18x12.png 18w\" sizes=\"(max-width: 298px) 100vw, 298px\" \/><\/figure>\n<\/div>\n\n\n\n<div class=\"wp-block-group is-nowrap is-layout-flex wp-container-core-group-layout-3 wp-block-group-is-layout-flex\">\n<figure class=\"wp-block-image size-large\"><img loading=\"lazy\" decoding=\"async\" width=\"1024\" height=\"516\" src=\"https:\/\/tuto.provacy.com\/wp-content\/uploads\/sites\/4\/2025\/03\/Demo-General-2025-03-13_14_45.png\" alt=\"\" class=\"wp-image-3554\" srcset=\"https:\/\/tuto.provacy.com\/wp-content\/uploads\/sites\/4\/2025\/03\/Demo-General-2025-03-13_14_45.png 1549w, https:\/\/tuto.provacy.com\/wp-content\/uploads\/sites\/4\/2025\/03\/Demo-General-2025-03-13_14_45-300x151.png 300w, https:\/\/tuto.provacy.com\/wp-content\/uploads\/sites\/4\/2025\/03\/Demo-General-2025-03-13_14_45-1024x516.png 1024w, https:\/\/tuto.provacy.com\/wp-content\/uploads\/sites\/4\/2025\/03\/Demo-General-2025-03-13_14_45-768x387.png 768w, https:\/\/tuto.provacy.com\/wp-content\/uploads\/sites\/4\/2025\/03\/Demo-General-2025-03-13_14_45-1536x773.png 1536w, https:\/\/tuto.provacy.com\/wp-content\/uploads\/sites\/4\/2025\/03\/Demo-General-2025-03-13_14_45-18x9.png 18w\" sizes=\"(max-width: 1024px) 100vw, 1024px\" \/><\/figure>\n\n\n\n<figure class=\"wp-block-image size-full\"><img loading=\"lazy\" decoding=\"async\" width=\"333\" height=\"321\" src=\"https:\/\/tuto.provacy.com\/wp-content\/uploads\/sites\/4\/2025\/03\/level_en.png\" alt=\"\" class=\"wp-image-3553\" srcset=\"https:\/\/tuto.provacy.com\/wp-content\/uploads\/sites\/4\/2025\/03\/level_en.png 341w, https:\/\/tuto.provacy.com\/wp-content\/uploads\/sites\/4\/2025\/03\/level_en-300x285.png 300w, https:\/\/tuto.provacy.com\/wp-content\/uploads\/sites\/4\/2025\/03\/level_en-13x12.png 13w\" sizes=\"(max-width: 333px) 100vw, 333px\" \/><\/figure>\n<\/div>\n\n\n\n<p class=\"translation-block\">Still from the same menu, <em>Legislations<\/em> allows you to assess the legislations and practices of the destination countries for data, as well as the effectiveness of the transfer tool.<\/p>\n\n\n\n<div class=\"wp-block-group is-content-justification-center is-nowrap is-layout-flex wp-container-core-group-layout-4 wp-block-group-is-layout-flex\" style=\"padding-top:var(--wp--preset--spacing--20);padding-right:var(--wp--preset--spacing--50);padding-bottom:var(--wp--preset--spacing--20);padding-left:var(--wp--preset--spacing--50)\">\n<figure class=\"wp-block-image size-full\"><img loading=\"lazy\" decoding=\"async\" width=\"301\" height=\"183\" src=\"https:\/\/tuto.provacy.com\/wp-content\/uploads\/sites\/4\/2025\/03\/Demo-General-2025-03-13_15_07.png\" alt=\"\" class=\"wp-image-3556\" srcset=\"https:\/\/tuto.provacy.com\/wp-content\/uploads\/sites\/4\/2025\/03\/Demo-General-2025-03-13_15_07.png 308w, https:\/\/tuto.provacy.com\/wp-content\/uploads\/sites\/4\/2025\/03\/Demo-General-2025-03-13_15_07-300x176.png 300w, https:\/\/tuto.provacy.com\/wp-content\/uploads\/sites\/4\/2025\/03\/Demo-General-2025-03-13_15_07-18x12.png 18w\" sizes=\"(max-width: 301px) 100vw, 301px\" \/><\/figure>\n<\/div>\n\n\n\n<p class=\"translation-block\">The legislations of six countries have been recorded based on reports from the EDPB (European Data Protection Board): <a href=\"https:\/\/www.edpb.europa.eu\/system\/files\/2022-01\/legalstudy_on_government_access_0.pdf\" target=\"_blank\" rel=\"noreferrer noopener\">Russia, India, China<\/a>, <a href=\"https:\/\/www.edpb.europa.eu\/system\/files\/2023-10\/study_on_government_access_to_data_in_third_countries_17042023_mexico_and_turkiye_final_report_milieu_redacted.pdf\" target=\"_blank\" rel=\"noreferrer noopener\">Mexico and Turkey<\/a>, and <a href=\"https:\/\/www.edpb.europa.eu\/system\/files\/2023-10\/study_on_government_access_to_data_in_third_countries_17042023_brazil_final_report_milieu_redacted.pdf\" target=\"_blank\" rel=\"noreferrer noopener\">Brazil<\/a>. You can complete them as needed.<\/p>\n\n\n\n<div class=\"wp-block-group is-content-justification-center is-nowrap is-layout-flex wp-container-core-group-layout-5 wp-block-group-is-layout-flex\" style=\"padding-top:var(--wp--preset--spacing--50);padding-right:var(--wp--preset--spacing--50);padding-bottom:var(--wp--preset--spacing--50);padding-left:var(--wp--preset--spacing--50)\">\n<figure class=\"wp-block-image size-large\"><img loading=\"lazy\" decoding=\"async\" width=\"1024\" height=\"261\" src=\"https:\/\/tuto.provacy.com\/wp-content\/uploads\/sites\/4\/2025\/03\/Dev-2025-03-17_10_28.png\" alt=\"\" class=\"wp-image-3657\" srcset=\"https:\/\/tuto.provacy.com\/wp-content\/uploads\/sites\/4\/2025\/03\/Dev-2025-03-17_10_28.png 1542w, https:\/\/tuto.provacy.com\/wp-content\/uploads\/sites\/4\/2025\/03\/Dev-2025-03-17_10_28-300x78.png 300w, https:\/\/tuto.provacy.com\/wp-content\/uploads\/sites\/4\/2025\/03\/Dev-2025-03-17_10_28-1024x265.png 1024w, https:\/\/tuto.provacy.com\/wp-content\/uploads\/sites\/4\/2025\/03\/Dev-2025-03-17_10_28-768x199.png 768w, https:\/\/tuto.provacy.com\/wp-content\/uploads\/sites\/4\/2025\/03\/Dev-2025-03-17_10_28-1536x397.png 1536w, https:\/\/tuto.provacy.com\/wp-content\/uploads\/sites\/4\/2025\/03\/Dev-2025-03-17_10_28-18x5.png 18w\" sizes=\"(max-width: 1024px) 100vw, 1024px\" \/><\/figure>\n<\/div>\n\n\n\n<p>The form is based on the CNIL's practical guide. Complete the various tabs:<\/p>\n\n\n\n<div class=\"wp-block-group is-content-justification-center is-nowrap is-layout-flex wp-container-core-group-layout-6 wp-block-group-is-layout-flex\" style=\"padding-top:var(--wp--preset--spacing--50);padding-right:var(--wp--preset--spacing--50);padding-bottom:var(--wp--preset--spacing--50);padding-left:var(--wp--preset--spacing--50)\">\n<figure class=\"wp-block-image size-large is-resized\"><img loading=\"lazy\" decoding=\"async\" width=\"1024\" height=\"446\" src=\"https:\/\/tuto.provacy.com\/wp-content\/uploads\/sites\/4\/2025\/03\/003.png\" alt=\"\" class=\"wp-image-3569\" style=\"width:800px\" srcset=\"https:\/\/tuto.provacy.com\/wp-content\/uploads\/sites\/4\/2025\/03\/003.png 1555w, https:\/\/tuto.provacy.com\/wp-content\/uploads\/sites\/4\/2025\/03\/003-300x128.png 300w, https:\/\/tuto.provacy.com\/wp-content\/uploads\/sites\/4\/2025\/03\/003-1024x437.png 1024w, https:\/\/tuto.provacy.com\/wp-content\/uploads\/sites\/4\/2025\/03\/003-768x327.png 768w, https:\/\/tuto.provacy.com\/wp-content\/uploads\/sites\/4\/2025\/03\/003-1536x655.png 1536w, https:\/\/tuto.provacy.com\/wp-content\/uploads\/sites\/4\/2025\/03\/003-18x8.png 18w\" sizes=\"(max-width: 1024px) 100vw, 1024px\" \/><\/figure>\n<\/div>\n\n\n\n<div class=\"wp-block-columns bottom-nav is-layout-flex wp-container-core-columns-layout-1 wp-block-columns-is-layout-flex\">\n<div class=\"wp-block-column is-layout-flow wp-block-column-is-layout-flow\" style=\"flex-basis:25%\"><\/div>\n\n\n\n<div class=\"wp-block-column is-layout-flow wp-block-column-is-layout-flow\" style=\"flex-basis:50%\"><\/div>\n\n\n\n<div class=\"wp-block-column is-layout-flow wp-block-column-is-layout-flow\" style=\"flex-basis:25%\"><\/div>\n<\/div>\n\n\n\n<span class=\"sidebar-toggle hidden\" title=\"Show\/Hide side menu\"><i class=\"fal fa-table-layout\"><\/i><\/span>\n<script src=\"\/wp-includes\/js\/provacy\/js.cookie.min.js\"><\/script>\n<script>\nvar shown = true, $ = jQuery, b = $('body'), t = $('.sidebar-toggle'), c = Cookies.get('sidebar');\nif (c) {\n  shown = c == 1;\n}\nb.addClass('sidebar-' + (shown ? 'shown' : 'hidden'));\nif (shown) {\n  t.find('i').toggleClass('fa-table-layout fa-window-maximize');\n}\nt.on('click', function() {\n  shown = !shown;\n  t.find('i').toggleClass('fa-table-layout fa-window-maximize');\n  b.toggleClass('sidebar-shown sidebar-hidden');\n  Cookies.set('sidebar', shown ? 1 : 0, { expires: 30 });\n});\n\n$('figure.wp-lightbox-container').on('click', function(e) {\n  var img = $(e.target).parents('figure:first').find('img:first'), src = img.attr('src'), enlarged = $('figure.enlarged-image img.' + img.attr('class'));\n  if (enlarged.length && src != enlarged.attr('src')) {\n    let count = 0;\n    function incr() {\n      count++;\n      if (src != enlarged.attr('src'))\n        enlarged.attr('src', src);\n      if (count >= 10) {\n        clearInterval(intervalId);\n      }\n    }\n    const intervalId = setInterval(incr, 100);\n  }\n\n  \/\/console.log('lightbox clicked', e, this);\n});\n\n<\/script>","protected":false},"excerpt":{"rendered":"<p>Documentation des l\u00e9gislations des pays Depuis le menu Administration, l'\u00e9quipe DPO acc\u00e8de au menu Transferts. La liste des Pays, qualifi\u00e9s selon leur niveau de protection des donn\u00e9es, utilise les informations issues du fichier Data.gouv. Elle sera r\u00e9guli\u00e8rement mise \u00e0 jour par le Support, tout en respectant vos \u00e9ventuelles modifications. Toujours depuis ce m\u00eame menu, L\u00e9gislations &hellip;<\/p>\n<p class=\"read-more\"> <a class=\"\" href=\"https:\/\/tuto.provacy.com\/en\/transfers\/legislations\/\"> <span class=\"screen-reader-text\">5. Documentation of legislation<\/span> Read More &raquo;<\/a><\/p>","protected":false},"author":2,"featured_media":0,"parent":3484,"menu_order":76,"comment_status":"closed","ping_status":"closed","template":"","meta":{"site-sidebar-layout":"default","site-content-layout":"","ast-site-content-layout":"default","site-content-style":"default","site-sidebar-style":"default","ast-global-header-display":"","ast-banner-title-visibility":"","ast-main-header-display":"","ast-hfb-above-header-display":"","ast-hfb-below-header-display":"","ast-hfb-mobile-header-display":"","site-post-title":"","ast-breadcrumbs-content":"","ast-featured-img":"","footer-sml-layout":"","theme-transparent-header-meta":"","adv-header-id-meta":"","stick-header-meta":"","header-above-stick-meta":"","header-main-stick-meta":"","header-below-stick-meta":"","astra-migrate-meta-layouts":"set","footnotes":""},"yoast_head":"<!-- This site is optimized with the Yoast SEO plugin v23.3 - https:\/\/yoast.com\/wordpress\/plugins\/seo\/ -->\n<title>5. Documentation des l\u00e9gislations - Guide utilisateur<\/title>\n<meta name=\"robots\" content=\"noindex, follow, max-snippet:-1, max-image-preview:large, max-video-preview:-1\" \/>\n<meta property=\"og:locale\" content=\"en_GB\" \/>\n<meta property=\"og:type\" content=\"article\" \/>\n<meta property=\"og:title\" content=\"5. Documentation des l\u00e9gislations - Guide utilisateur\" \/>\n<meta property=\"og:description\" content=\"Documentation des l\u00e9gislations des pays Depuis le menu Administration, l&#039;\u00e9quipe DPO acc\u00e8de au menu Transferts. La liste des Pays, qualifi\u00e9s selon leur niveau de protection des donn\u00e9es, utilise les informations issues du fichier Data.gouv. Elle sera r\u00e9guli\u00e8rement mise \u00e0 jour par le Support, tout en respectant vos \u00e9ventuelles modifications. Toujours depuis ce m\u00eame menu, L\u00e9gislations &hellip; 5. Documentation des l\u00e9gislations Read More &raquo;\" \/>\n<meta property=\"og:url\" content=\"https:\/\/tuto.provacy.com\/en\/transfers\/legislations\/\" \/>\n<meta property=\"og:site_name\" content=\"Guide utilisateur\" \/>\n<meta property=\"article:modified_time\" content=\"2025-03-17T09:31:17+00:00\" \/>\n<meta property=\"og:image\" content=\"https:\/\/tuto.provacy.com\/wp-content\/uploads\/sites\/4\/2025\/03\/Demo-General-2025-03-13_14_32.png\" \/>\n<meta name=\"twitter:card\" content=\"summary_large_image\" \/>\n<meta name=\"twitter:label1\" content=\"Estimated reading time\" \/>\n\t<meta name=\"twitter:data1\" content=\"2 minutes\" \/>\n<script type=\"application\/ld+json\" class=\"yoast-schema-graph\">{\"@context\":\"https:\/\/schema.org\",\"@graph\":[{\"@type\":\"WebPage\",\"@id\":\"https:\/\/tuto.provacy.com\/transfers\/legislations\/\",\"url\":\"https:\/\/tuto.provacy.com\/transfers\/legislations\/\",\"name\":\"5. Documentation des l\u00e9gislations - Guide utilisateur\",\"isPartOf\":{\"@id\":\"https:\/\/tuto.provacy.com\/#website\"},\"primaryImageOfPage\":{\"@id\":\"https:\/\/tuto.provacy.com\/transfers\/legislations\/#primaryimage\"},\"image\":{\"@id\":\"https:\/\/tuto.provacy.com\/transfers\/legislations\/#primaryimage\"},\"thumbnailUrl\":\"https:\/\/tuto.provacy.com\/wp-content\/uploads\/sites\/4\/2025\/03\/Demo-General-2025-03-13_14_32.png\",\"datePublished\":\"2025-03-13T14:27:42+00:00\",\"dateModified\":\"2025-03-17T09:31:17+00:00\",\"breadcrumb\":{\"@id\":\"https:\/\/tuto.provacy.com\/transfers\/legislations\/#breadcrumb\"},\"inLanguage\":\"en-GB\",\"potentialAction\":[{\"@type\":\"ReadAction\",\"target\":[\"https:\/\/tuto.provacy.com\/transfers\/legislations\/\"]}]},{\"@type\":\"ImageObject\",\"inLanguage\":\"en-GB\",\"@id\":\"https:\/\/tuto.provacy.com\/transfers\/legislations\/#primaryimage\",\"url\":\"https:\/\/tuto.provacy.com\/wp-content\/uploads\/sites\/4\/2025\/03\/Demo-General-2025-03-13_14_32.png\",\"contentUrl\":\"https:\/\/tuto.provacy.com\/wp-content\/uploads\/sites\/4\/2025\/03\/Demo-General-2025-03-13_14_32.png\"},{\"@type\":\"BreadcrumbList\",\"@id\":\"https:\/\/tuto.provacy.com\/transfers\/legislations\/#breadcrumb\",\"itemListElement\":[{\"@type\":\"ListItem\",\"position\":1,\"name\":\"Accueil\",\"item\":\"https:\/\/tuto.provacy.com\/\"},{\"@type\":\"ListItem\",\"position\":2,\"name\":\"Transferts\",\"item\":\"https:\/\/tuto.provacy.com\/transfers\/\"},{\"@type\":\"ListItem\",\"position\":3,\"name\":\"5. Documentation des l\u00e9gislations\"}]},{\"@type\":\"WebSite\",\"@id\":\"https:\/\/tuto.provacy.com\/#website\",\"url\":\"https:\/\/tuto.provacy.com\/\",\"name\":\"Guide utilisateur\",\"description\":\"\",\"publisher\":{\"@id\":\"https:\/\/tuto.provacy.com\/#organization\"},\"potentialAction\":[{\"@type\":\"SearchAction\",\"target\":{\"@type\":\"EntryPoint\",\"urlTemplate\":\"https:\/\/tuto.provacy.com\/?s={search_term_string}\"},\"query-input\":\"required name=search_term_string\"}],\"inLanguage\":\"en-GB\"},{\"@type\":\"Organization\",\"@id\":\"https:\/\/tuto.provacy.com\/#organization\",\"name\":\"Guide utilisateur\",\"url\":\"https:\/\/tuto.provacy.com\/\",\"logo\":{\"@type\":\"ImageObject\",\"inLanguage\":\"en-GB\",\"@id\":\"https:\/\/tuto.provacy.com\/#\/schema\/logo\/image\/\",\"url\":\"https:\/\/tuto.provacy.com\/wp-content\/uploads\/sites\/4\/2023\/10\/cropped-power-logo-white-slogan.png\",\"contentUrl\":\"https:\/\/tuto.provacy.com\/wp-content\/uploads\/sites\/4\/2023\/10\/cropped-power-logo-white-slogan.png\",\"width\":1231,\"height\":272,\"caption\":\"Guide utilisateur\"},\"image\":{\"@id\":\"https:\/\/tuto.provacy.com\/#\/schema\/logo\/image\/\"}}]}<\/script>\n<!-- \/ Yoast SEO plugin. -->","yoast_head_json":{"title":"5. Documentation des l\u00e9gislations - Guide utilisateur","robots":{"index":"noindex","follow":"follow","max-snippet":"max-snippet:-1","max-image-preview":"max-image-preview:large","max-video-preview":"max-video-preview:-1"},"og_locale":"en_GB","og_type":"article","og_title":"5. Documentation des l\u00e9gislations - Guide utilisateur","og_description":"Documentation des l\u00e9gislations des pays Depuis le menu Administration, l'\u00e9quipe DPO acc\u00e8de au menu Transferts. La liste des Pays, qualifi\u00e9s selon leur niveau de protection des donn\u00e9es, utilise les informations issues du fichier Data.gouv. Elle sera r\u00e9guli\u00e8rement mise \u00e0 jour par le Support, tout en respectant vos \u00e9ventuelles modifications. Toujours depuis ce m\u00eame menu, L\u00e9gislations &hellip; 5. Documentation des l\u00e9gislations Read More &raquo;","og_url":"https:\/\/tuto.provacy.com\/en\/transfers\/legislations\/","og_site_name":"Guide utilisateur","article_modified_time":"2025-03-17T09:31:17+00:00","og_image":[{"url":"https:\/\/tuto.provacy.com\/wp-content\/uploads\/sites\/4\/2025\/03\/Demo-General-2025-03-13_14_32.png"}],"twitter_card":"summary_large_image","twitter_misc":{"Estimated reading time":"2 minutes"},"schema":{"@context":"https:\/\/schema.org","@graph":[{"@type":"WebPage","@id":"https:\/\/tuto.provacy.com\/transfers\/legislations\/","url":"https:\/\/tuto.provacy.com\/transfers\/legislations\/","name":"5. Documentation des l\u00e9gislations - Guide utilisateur","isPartOf":{"@id":"https:\/\/tuto.provacy.com\/#website"},"primaryImageOfPage":{"@id":"https:\/\/tuto.provacy.com\/transfers\/legislations\/#primaryimage"},"image":{"@id":"https:\/\/tuto.provacy.com\/transfers\/legislations\/#primaryimage"},"thumbnailUrl":"https:\/\/tuto.provacy.com\/wp-content\/uploads\/sites\/4\/2025\/03\/Demo-General-2025-03-13_14_32.png","datePublished":"2025-03-13T14:27:42+00:00","dateModified":"2025-03-17T09:31:17+00:00","breadcrumb":{"@id":"https:\/\/tuto.provacy.com\/transfers\/legislations\/#breadcrumb"},"inLanguage":"en-GB","potentialAction":[{"@type":"ReadAction","target":["https:\/\/tuto.provacy.com\/transfers\/legislations\/"]}]},{"@type":"ImageObject","inLanguage":"en-GB","@id":"https:\/\/tuto.provacy.com\/transfers\/legislations\/#primaryimage","url":"https:\/\/tuto.provacy.com\/wp-content\/uploads\/sites\/4\/2025\/03\/Demo-General-2025-03-13_14_32.png","contentUrl":"https:\/\/tuto.provacy.com\/wp-content\/uploads\/sites\/4\/2025\/03\/Demo-General-2025-03-13_14_32.png"},{"@type":"BreadcrumbList","@id":"https:\/\/tuto.provacy.com\/transfers\/legislations\/#breadcrumb","itemListElement":[{"@type":"ListItem","position":1,"name":"Accueil","item":"https:\/\/tuto.provacy.com\/"},{"@type":"ListItem","position":2,"name":"Transferts","item":"https:\/\/tuto.provacy.com\/transfers\/"},{"@type":"ListItem","position":3,"name":"5. Documentation des l\u00e9gislations"}]},{"@type":"WebSite","@id":"https:\/\/tuto.provacy.com\/#website","url":"https:\/\/tuto.provacy.com\/","name":"Guide utilisateur","description":"","publisher":{"@id":"https:\/\/tuto.provacy.com\/#organization"},"potentialAction":[{"@type":"SearchAction","target":{"@type":"EntryPoint","urlTemplate":"https:\/\/tuto.provacy.com\/?s={search_term_string}"},"query-input":"required name=search_term_string"}],"inLanguage":"en-GB"},{"@type":"Organization","@id":"https:\/\/tuto.provacy.com\/#organization","name":"Guide utilisateur","url":"https:\/\/tuto.provacy.com\/","logo":{"@type":"ImageObject","inLanguage":"en-GB","@id":"https:\/\/tuto.provacy.com\/#\/schema\/logo\/image\/","url":"https:\/\/tuto.provacy.com\/wp-content\/uploads\/sites\/4\/2023\/10\/cropped-power-logo-white-slogan.png","contentUrl":"https:\/\/tuto.provacy.com\/wp-content\/uploads\/sites\/4\/2023\/10\/cropped-power-logo-white-slogan.png","width":1231,"height":272,"caption":"Guide utilisateur"},"image":{"@id":"https:\/\/tuto.provacy.com\/#\/schema\/logo\/image\/"}}]}},"_links":{"self":[{"href":"https:\/\/tuto.provacy.com\/en\/wp-json\/wp\/v2\/pages\/3549"}],"collection":[{"href":"https:\/\/tuto.provacy.com\/en\/wp-json\/wp\/v2\/pages"}],"about":[{"href":"https:\/\/tuto.provacy.com\/en\/wp-json\/wp\/v2\/types\/page"}],"author":[{"embeddable":true,"href":"https:\/\/tuto.provacy.com\/en\/wp-json\/wp\/v2\/users\/2"}],"replies":[{"embeddable":true,"href":"https:\/\/tuto.provacy.com\/en\/wp-json\/wp\/v2\/comments?post=3549"}],"version-history":[{"count":16,"href":"https:\/\/tuto.provacy.com\/en\/wp-json\/wp\/v2\/pages\/3549\/revisions"}],"predecessor-version":[{"id":3659,"href":"https:\/\/tuto.provacy.com\/en\/wp-json\/wp\/v2\/pages\/3549\/revisions\/3659"}],"up":[{"embeddable":true,"href":"https:\/\/tuto.provacy.com\/en\/wp-json\/wp\/v2\/pages\/3484"}],"wp:attachment":[{"href":"https:\/\/tuto.provacy.com\/en\/wp-json\/wp\/v2\/media?parent=3549"}],"curies":[{"name":"wp","href":"https:\/\/api.w.org\/{rel}","templated":true}]}}