{"id":3860,"date":"2025-07-04T14:18:06","date_gmt":"2025-07-04T12:18:06","guid":{"rendered":"https:\/\/tuto.provacy.com\/?page_id=3860"},"modified":"2025-07-10T11:17:10","modified_gmt":"2025-07-10T09:17:10","slug":"governance","status":"publish","type":"page","link":"https:\/\/tuto.provacy.com\/en\/governance\/","title":{"rendered":"Governance"},"content":{"rendered":"<div class=\"wp-block-group top-nav is-nowrap is-layout-flex wp-container-core-group-layout-1 wp-block-group-is-layout-flex\">\n\n<\/div>\n\n\n\n<h2 class=\"wp-block-heading\">Governance tools<\/h2>\n\n\n\n<p style=\"margin-top:var(--wp--preset--spacing--20);margin-bottom:var(--wp--preset--spacing--20)\" class=\"translation-block\">Explore the governance functions of Provacy to turn data into decisions: powerful and complementary tools to <strong>visualize activity<\/strong>, <strong>prioritize actions<\/strong>, and <strong>boost efficiency<\/strong>.<\/p>\n\n\n\n<p style=\"margin-top:var(--wp--preset--spacing--20);margin-bottom:var(--wp--preset--spacing--20)\" class=\"translation-block\">These tools are available from the <em>Compliance &gt; Utilities<\/em> menu, except for the dashboard and the sidebar, which are directly accessible from the homepage.<\/p>\n\n\n\n<div class=\"wp-block-group is-content-justification-center is-nowrap is-layout-flex wp-container-core-group-layout-2 wp-block-group-is-layout-flex\" style=\"margin-top:0;margin-bottom:0;padding-top:var(--wp--preset--spacing--40);padding-right:var(--wp--preset--spacing--40);padding-bottom:var(--wp--preset--spacing--40);padding-left:var(--wp--preset--spacing--40)\">\n<div class=\"wp-block-cover is-light clickable has-small-font-size wp-duotone-midnight\"><span aria-hidden=\"true\" class=\"wp-block-cover__background has-background-dim\"><\/span><img loading=\"lazy\" decoding=\"async\" width=\"1467\" height=\"1359\" class=\"wp-block-cover__image-background wp-image-3902\" alt=\"\" src=\"https:\/\/tuto.provacy.com\/wp-content\/uploads\/sites\/4\/2025\/07\/image-4.png\" data-object-fit=\"cover\" srcset=\"https:\/\/tuto.provacy.com\/wp-content\/uploads\/sites\/4\/2025\/07\/image-4.png 1467w, https:\/\/tuto.provacy.com\/wp-content\/uploads\/sites\/4\/2025\/07\/image-4-300x278.png 300w, https:\/\/tuto.provacy.com\/wp-content\/uploads\/sites\/4\/2025\/07\/image-4-1024x949.png 1024w, https:\/\/tuto.provacy.com\/wp-content\/uploads\/sites\/4\/2025\/07\/image-4-768x711.png 768w, https:\/\/tuto.provacy.com\/wp-content\/uploads\/sites\/4\/2025\/07\/image-4-13x12.png 13w\" sizes=\"(max-width: 1467px) 100vw, 1467px\" \/><div class=\"wp-block-cover__inner-container is-layout-constrained wp-block-cover-is-layout-constrained\">\n<p class=\"has-text-align-center has-large-font-size\"><a href=\"\/en\/governance\/dashboard\/\">Dashboard<\/a><\/p>\n\n\n\n<p class=\"has-text-align-center has-medium-font-size\">Key figures. Interactive charts. Smart filters. One-click chart export.<\/p>\n<\/div><\/div>\n\n\n\n<div class=\"wp-block-cover clickable wp-duotone-purple-green\"><span aria-hidden=\"true\" class=\"wp-block-cover__background has-background-dim\"><\/span><img loading=\"lazy\" decoding=\"async\" width=\"1899\" height=\"510\" class=\"wp-block-cover__image-background wp-image-3864\" alt=\"\" src=\"https:\/\/tuto.provacy.com\/wp-content\/uploads\/sites\/4\/2025\/07\/Demo-General-2025-07-03_09_01.png\" style=\"object-position:57% 50%\" data-object-fit=\"cover\" data-object-position=\"57% 50%\" srcset=\"https:\/\/tuto.provacy.com\/wp-content\/uploads\/sites\/4\/2025\/07\/Demo-General-2025-07-03_09_01.png 1899w, https:\/\/tuto.provacy.com\/wp-content\/uploads\/sites\/4\/2025\/07\/Demo-General-2025-07-03_09_01-300x81.png 300w, https:\/\/tuto.provacy.com\/wp-content\/uploads\/sites\/4\/2025\/07\/Demo-General-2025-07-03_09_01-1024x275.png 1024w, https:\/\/tuto.provacy.com\/wp-content\/uploads\/sites\/4\/2025\/07\/Demo-General-2025-07-03_09_01-768x206.png 768w, https:\/\/tuto.provacy.com\/wp-content\/uploads\/sites\/4\/2025\/07\/Demo-General-2025-07-03_09_01-1536x413.png 1536w, https:\/\/tuto.provacy.com\/wp-content\/uploads\/sites\/4\/2025\/07\/Demo-General-2025-07-03_09_01-18x5.png 18w\" sizes=\"(max-width: 1899px) 100vw, 1899px\" \/><div class=\"wp-block-cover__inner-container is-layout-constrained wp-block-cover-is-layout-constrained\">\n<p class=\"has-text-align-center has-large-font-size\"><a href=\"\/en\/governance\/orga\/\">Org chart<\/a><\/p>\n\n\n\n<p class=\"has-text-align-center has-medium-font-size\">Clear structure. Visual indicators. Smooth navigation. Targeted governance.<\/p>\n<\/div><\/div>\n\n\n\n<div class=\"wp-block-cover clickable wp-duotone-magenta-yellow\"><span aria-hidden=\"true\" class=\"wp-block-cover__background has-background-dim\"><\/span><img loading=\"lazy\" decoding=\"async\" width=\"1367\" height=\"714\" class=\"wp-block-cover__image-background wp-image-3865\" alt=\"\" src=\"https:\/\/tuto.provacy.com\/wp-content\/uploads\/sites\/4\/2025\/07\/Demo-General-2025-07-03_09_08.png\" style=\"object-position:73% 50%\" data-object-fit=\"cover\" data-object-position=\"73% 50%\" srcset=\"https:\/\/tuto.provacy.com\/wp-content\/uploads\/sites\/4\/2025\/07\/Demo-General-2025-07-03_09_08.png 1367w, https:\/\/tuto.provacy.com\/wp-content\/uploads\/sites\/4\/2025\/07\/Demo-General-2025-07-03_09_08-300x157.png 300w, https:\/\/tuto.provacy.com\/wp-content\/uploads\/sites\/4\/2025\/07\/Demo-General-2025-07-03_09_08-1024x535.png 1024w, https:\/\/tuto.provacy.com\/wp-content\/uploads\/sites\/4\/2025\/07\/Demo-General-2025-07-03_09_08-768x401.png 768w, https:\/\/tuto.provacy.com\/wp-content\/uploads\/sites\/4\/2025\/07\/Demo-General-2025-07-03_09_08-18x9.png 18w\" sizes=\"(max-width: 1367px) 100vw, 1367px\" \/><div class=\"wp-block-cover__inner-container is-layout-constrained wp-block-cover-is-layout-constrained\">\n<p class=\"has-text-align-center has-large-font-size\"><a href=\"\/en\/governance\/mindmap\/\">Processing Mind Map<\/a><\/p>\n\n\n\n<p class=\"has-text-align-center has-medium-font-size\">Tree view. Fast navigation. Visual and structured export.<\/p>\n<\/div><\/div>\n\n\n\n<div class=\"wp-block-cover clickable wp-duotone-blue-orange\"><span aria-hidden=\"true\" class=\"wp-block-cover__background has-background-dim\"><\/span><img loading=\"lazy\" decoding=\"async\" width=\"397\" height=\"841\" class=\"wp-block-cover__image-background wp-image-3866\" alt=\"\" src=\"https:\/\/tuto.provacy.com\/wp-content\/uploads\/sites\/4\/2025\/07\/Demo-General-2025-07-03_09_15.png\" style=\"object-position:0% 50%\" data-object-fit=\"cover\" data-object-position=\"0% 50%\" srcset=\"https:\/\/tuto.provacy.com\/wp-content\/uploads\/sites\/4\/2025\/07\/Demo-General-2025-07-03_09_15.png 397w, https:\/\/tuto.provacy.com\/wp-content\/uploads\/sites\/4\/2025\/07\/Demo-General-2025-07-03_09_15-142x300.png 142w, https:\/\/tuto.provacy.com\/wp-content\/uploads\/sites\/4\/2025\/07\/Demo-General-2025-07-03_09_15-6x12.png 6w\" sizes=\"(max-width: 397px) 100vw, 397px\" \/><div class=\"wp-block-cover__inner-container is-layout-constrained wp-block-cover-is-layout-constrained\">\n<p class=\"has-text-align-center has-large-font-size\"><a href=\"\/en\/governance\/sidebar\/\">Sidebar<\/a><\/p>\n\n\n\n<p class=\"has-text-align-center has-medium-font-size\">Key forms. Team collaboration. Full history. All just a click away.<\/p>\n<\/div><\/div>\n<\/div>\n\n\n\n<script>\nvar clickables = jQuery('.clickable');\nfor (var clickable of clickables) {\n   var $clickable = jQuery(clickable);\nconsole.log($clickable);\n   $clickable.one('click', function(e) { \n       var a = jQuery(this).find('a').first();\n       if (a.length)\n       window.location.href = a.attr('href');\n  });   \n}\n<\/script>\n\n\n\n<div class=\"wp-block-columns bottom-nav is-layout-flex wp-container-core-columns-layout-1 wp-block-columns-is-layout-flex\">\n<div class=\"wp-block-column is-layout-flow wp-block-column-is-layout-flow\" style=\"flex-basis:25%\"><\/div>\n\n\n\n<div class=\"wp-block-column is-layout-flow wp-block-column-is-layout-flow\" style=\"flex-basis:50%\"><\/div>\n\n\n\n<div class=\"wp-block-column is-layout-flow wp-block-column-is-layout-flow\" style=\"flex-basis:25%\"><\/div>\n<\/div>\n\n\n\n<span class=\"sidebar-toggle hidden\" title=\"Show\/Hide side menu\"><i class=\"fal fa-table-layout\"><\/i><\/span>\n<script src=\"\/wp-includes\/js\/provacy\/js.cookie.min.js\"><\/script>\n<script>\nvar shown = true, $ = jQuery, b = $('body'), t = $('.sidebar-toggle'), c = Cookies.get('sidebar');\nif (c) {\n  shown = c == 1;\n}\nb.addClass('sidebar-' + (shown ? 'shown' : 'hidden'));\nif (shown) {\n  t.find('i').toggleClass('fa-table-layout fa-window-maximize');\n}\nt.on('click', function() {\n  shown = !shown;\n  t.find('i').toggleClass('fa-table-layout fa-window-maximize');\n  b.toggleClass('sidebar-shown sidebar-hidden');\n  Cookies.set('sidebar', shown ? 1 : 0, { expires: 30 });\n});\n\n$('figure.wp-lightbox-container').on('click', function(e) {\n  var img = $(e.target).parents('figure:first').find('img:first'), src = img.attr('src'), enlarged = $('figure.enlarged-image img.' + img.attr('class'));\n  if (enlarged.length && src != enlarged.attr('src')) {\n    let count = 0;\n    function incr() {\n      count++;\n      if (src != enlarged.attr('src'))\n        enlarged.attr('src', src);\n      if (count >= 10) {\n        clearInterval(intervalId);\n      }\n    }\n    const intervalId = setInterval(incr, 100);\n  }\n\n  \/\/console.log('lightbox clicked', e, this);\n});\n\n<\/script>","protected":false},"excerpt":{"rendered":"<p>Les outils de pilotage Explorez les fonctions de pilotage de Provacy pour transformer les donn\u00e9es en d\u00e9cisions : des outils puissants et compl\u00e9mentaires pour visualiser l\u2019activit\u00e9, prioriser les actions et gagner en efficacit\u00e9. Ces outils sont accessibles depuis le menu Conformit\u00e9 &gt; Utilitaires, \u00e0 l\u2019exception du tableau de bord et de la Sidebar, directement accessibles &hellip;<\/p>\n<p class=\"read-more\"> <a class=\"\" href=\"https:\/\/tuto.provacy.com\/en\/governance\/\"> <span class=\"screen-reader-text\">Governance<\/span> Read More &raquo;<\/a><\/p>","protected":false},"author":2,"featured_media":0,"parent":0,"menu_order":98,"comment_status":"closed","ping_status":"closed","template":"","meta":{"site-sidebar-layout":"default","site-content-layout":"","ast-site-content-layout":"default","site-content-style":"default","site-sidebar-style":"default","ast-global-header-display":"","ast-banner-title-visibility":"","ast-main-header-display":"","ast-hfb-above-header-display":"","ast-hfb-below-header-display":"","ast-hfb-mobile-header-display":"","site-post-title":"","ast-breadcrumbs-content":"","ast-featured-img":"","footer-sml-layout":"","theme-transparent-header-meta":"","adv-header-id-meta":"","stick-header-meta":"","header-above-stick-meta":"","header-main-stick-meta":"","header-below-stick-meta":"","astra-migrate-meta-layouts":"set","footnotes":""},"yoast_head":"<!-- This site is optimized with the Yoast SEO plugin v23.3 - https:\/\/yoast.com\/wordpress\/plugins\/seo\/ -->\n<title>Pilotage - Guide utilisateur<\/title>\n<meta name=\"robots\" content=\"noindex, follow, max-snippet:-1, max-image-preview:large, max-video-preview:-1\" \/>\n<meta property=\"og:locale\" content=\"en_GB\" \/>\n<meta property=\"og:type\" content=\"article\" \/>\n<meta property=\"og:title\" content=\"Pilotage - Guide utilisateur\" \/>\n<meta property=\"og:description\" content=\"Les outils de pilotage Explorez les fonctions de pilotage de Provacy pour transformer les donn\u00e9es en d\u00e9cisions : des outils puissants et compl\u00e9mentaires pour visualiser l\u2019activit\u00e9, prioriser les actions et gagner en efficacit\u00e9. Ces outils sont accessibles depuis le menu Conformit\u00e9 &gt; Utilitaires, \u00e0 l\u2019exception du tableau de bord et de la Sidebar, directement accessibles &hellip; Pilotage Read More &raquo;\" \/>\n<meta property=\"og:url\" content=\"https:\/\/tuto.provacy.com\/en\/governance\/\" \/>\n<meta property=\"og:site_name\" content=\"Guide utilisateur\" \/>\n<meta property=\"article:modified_time\" content=\"2025-07-10T09:17:10+00:00\" \/>\n<meta property=\"og:image\" content=\"https:\/\/tuto.provacy.com\/wp-content\/uploads\/sites\/4\/2025\/07\/image-4.png\" \/>\n<meta name=\"twitter:card\" content=\"summary_large_image\" \/>\n<meta name=\"twitter:label1\" content=\"Estimated reading time\" \/>\n\t<meta name=\"twitter:data1\" content=\"2 minutes\" \/>\n<script type=\"application\/ld+json\" class=\"yoast-schema-graph\">{\"@context\":\"https:\/\/schema.org\",\"@graph\":[{\"@type\":\"WebPage\",\"@id\":\"https:\/\/tuto.provacy.com\/governance\/\",\"url\":\"https:\/\/tuto.provacy.com\/governance\/\",\"name\":\"Pilotage - Guide utilisateur\",\"isPartOf\":{\"@id\":\"https:\/\/tuto.provacy.com\/#website\"},\"primaryImageOfPage\":{\"@id\":\"https:\/\/tuto.provacy.com\/governance\/#primaryimage\"},\"image\":{\"@id\":\"https:\/\/tuto.provacy.com\/governance\/#primaryimage\"},\"thumbnailUrl\":\"https:\/\/tuto.provacy.com\/wp-content\/uploads\/sites\/4\/2025\/07\/image-4.png\",\"datePublished\":\"2025-07-04T12:18:06+00:00\",\"dateModified\":\"2025-07-10T09:17:10+00:00\",\"breadcrumb\":{\"@id\":\"https:\/\/tuto.provacy.com\/governance\/#breadcrumb\"},\"inLanguage\":\"en-GB\",\"potentialAction\":[{\"@type\":\"ReadAction\",\"target\":[\"https:\/\/tuto.provacy.com\/governance\/\"]}]},{\"@type\":\"ImageObject\",\"inLanguage\":\"en-GB\",\"@id\":\"https:\/\/tuto.provacy.com\/governance\/#primaryimage\",\"url\":\"https:\/\/tuto.provacy.com\/wp-content\/uploads\/sites\/4\/2025\/07\/image-4.png\",\"contentUrl\":\"https:\/\/tuto.provacy.com\/wp-content\/uploads\/sites\/4\/2025\/07\/image-4.png\"},{\"@type\":\"BreadcrumbList\",\"@id\":\"https:\/\/tuto.provacy.com\/governance\/#breadcrumb\",\"itemListElement\":[{\"@type\":\"ListItem\",\"position\":1,\"name\":\"Accueil\",\"item\":\"https:\/\/tuto.provacy.com\/\"},{\"@type\":\"ListItem\",\"position\":2,\"name\":\"Pilotage\"}]},{\"@type\":\"WebSite\",\"@id\":\"https:\/\/tuto.provacy.com\/#website\",\"url\":\"https:\/\/tuto.provacy.com\/\",\"name\":\"Guide utilisateur\",\"description\":\"\",\"publisher\":{\"@id\":\"https:\/\/tuto.provacy.com\/#organization\"},\"potentialAction\":[{\"@type\":\"SearchAction\",\"target\":{\"@type\":\"EntryPoint\",\"urlTemplate\":\"https:\/\/tuto.provacy.com\/?s={search_term_string}\"},\"query-input\":\"required name=search_term_string\"}],\"inLanguage\":\"en-GB\"},{\"@type\":\"Organization\",\"@id\":\"https:\/\/tuto.provacy.com\/#organization\",\"name\":\"Guide utilisateur\",\"url\":\"https:\/\/tuto.provacy.com\/\",\"logo\":{\"@type\":\"ImageObject\",\"inLanguage\":\"en-GB\",\"@id\":\"https:\/\/tuto.provacy.com\/#\/schema\/logo\/image\/\",\"url\":\"https:\/\/tuto.provacy.com\/wp-content\/uploads\/sites\/4\/2023\/10\/cropped-power-logo-white-slogan.png\",\"contentUrl\":\"https:\/\/tuto.provacy.com\/wp-content\/uploads\/sites\/4\/2023\/10\/cropped-power-logo-white-slogan.png\",\"width\":1231,\"height\":272,\"caption\":\"Guide utilisateur\"},\"image\":{\"@id\":\"https:\/\/tuto.provacy.com\/#\/schema\/logo\/image\/\"}}]}<\/script>\n<!-- \/ Yoast SEO plugin. -->","yoast_head_json":{"title":"Pilotage - Guide utilisateur","robots":{"index":"noindex","follow":"follow","max-snippet":"max-snippet:-1","max-image-preview":"max-image-preview:large","max-video-preview":"max-video-preview:-1"},"og_locale":"en_GB","og_type":"article","og_title":"Pilotage - Guide utilisateur","og_description":"Les outils de pilotage Explorez les fonctions de pilotage de Provacy pour transformer les donn\u00e9es en d\u00e9cisions : des outils puissants et compl\u00e9mentaires pour visualiser l\u2019activit\u00e9, prioriser les actions et gagner en efficacit\u00e9. Ces outils sont accessibles depuis le menu Conformit\u00e9 &gt; Utilitaires, \u00e0 l\u2019exception du tableau de bord et de la Sidebar, directement accessibles &hellip; Pilotage Read More &raquo;","og_url":"https:\/\/tuto.provacy.com\/en\/governance\/","og_site_name":"Guide utilisateur","article_modified_time":"2025-07-10T09:17:10+00:00","og_image":[{"url":"https:\/\/tuto.provacy.com\/wp-content\/uploads\/sites\/4\/2025\/07\/image-4.png"}],"twitter_card":"summary_large_image","twitter_misc":{"Estimated reading time":"2 minutes"},"schema":{"@context":"https:\/\/schema.org","@graph":[{"@type":"WebPage","@id":"https:\/\/tuto.provacy.com\/governance\/","url":"https:\/\/tuto.provacy.com\/governance\/","name":"Pilotage - Guide utilisateur","isPartOf":{"@id":"https:\/\/tuto.provacy.com\/#website"},"primaryImageOfPage":{"@id":"https:\/\/tuto.provacy.com\/governance\/#primaryimage"},"image":{"@id":"https:\/\/tuto.provacy.com\/governance\/#primaryimage"},"thumbnailUrl":"https:\/\/tuto.provacy.com\/wp-content\/uploads\/sites\/4\/2025\/07\/image-4.png","datePublished":"2025-07-04T12:18:06+00:00","dateModified":"2025-07-10T09:17:10+00:00","breadcrumb":{"@id":"https:\/\/tuto.provacy.com\/governance\/#breadcrumb"},"inLanguage":"en-GB","potentialAction":[{"@type":"ReadAction","target":["https:\/\/tuto.provacy.com\/governance\/"]}]},{"@type":"ImageObject","inLanguage":"en-GB","@id":"https:\/\/tuto.provacy.com\/governance\/#primaryimage","url":"https:\/\/tuto.provacy.com\/wp-content\/uploads\/sites\/4\/2025\/07\/image-4.png","contentUrl":"https:\/\/tuto.provacy.com\/wp-content\/uploads\/sites\/4\/2025\/07\/image-4.png"},{"@type":"BreadcrumbList","@id":"https:\/\/tuto.provacy.com\/governance\/#breadcrumb","itemListElement":[{"@type":"ListItem","position":1,"name":"Accueil","item":"https:\/\/tuto.provacy.com\/"},{"@type":"ListItem","position":2,"name":"Pilotage"}]},{"@type":"WebSite","@id":"https:\/\/tuto.provacy.com\/#website","url":"https:\/\/tuto.provacy.com\/","name":"Guide utilisateur","description":"","publisher":{"@id":"https:\/\/tuto.provacy.com\/#organization"},"potentialAction":[{"@type":"SearchAction","target":{"@type":"EntryPoint","urlTemplate":"https:\/\/tuto.provacy.com\/?s={search_term_string}"},"query-input":"required name=search_term_string"}],"inLanguage":"en-GB"},{"@type":"Organization","@id":"https:\/\/tuto.provacy.com\/#organization","name":"Guide utilisateur","url":"https:\/\/tuto.provacy.com\/","logo":{"@type":"ImageObject","inLanguage":"en-GB","@id":"https:\/\/tuto.provacy.com\/#\/schema\/logo\/image\/","url":"https:\/\/tuto.provacy.com\/wp-content\/uploads\/sites\/4\/2023\/10\/cropped-power-logo-white-slogan.png","contentUrl":"https:\/\/tuto.provacy.com\/wp-content\/uploads\/sites\/4\/2023\/10\/cropped-power-logo-white-slogan.png","width":1231,"height":272,"caption":"Guide utilisateur"},"image":{"@id":"https:\/\/tuto.provacy.com\/#\/schema\/logo\/image\/"}}]}},"_links":{"self":[{"href":"https:\/\/tuto.provacy.com\/en\/wp-json\/wp\/v2\/pages\/3860"}],"collection":[{"href":"https:\/\/tuto.provacy.com\/en\/wp-json\/wp\/v2\/pages"}],"about":[{"href":"https:\/\/tuto.provacy.com\/en\/wp-json\/wp\/v2\/types\/page"}],"author":[{"embeddable":true,"href":"https:\/\/tuto.provacy.com\/en\/wp-json\/wp\/v2\/users\/2"}],"replies":[{"embeddable":true,"href":"https:\/\/tuto.provacy.com\/en\/wp-json\/wp\/v2\/comments?post=3860"}],"version-history":[{"count":44,"href":"https:\/\/tuto.provacy.com\/en\/wp-json\/wp\/v2\/pages\/3860\/revisions"}],"predecessor-version":[{"id":3981,"href":"https:\/\/tuto.provacy.com\/en\/wp-json\/wp\/v2\/pages\/3860\/revisions\/3981"}],"wp:attachment":[{"href":"https:\/\/tuto.provacy.com\/en\/wp-json\/wp\/v2\/media?parent=3860"}],"curies":[{"name":"wp","href":"https:\/\/api.w.org\/{rel}","templated":true}]}}