{"id":3870,"date":"2025-07-04T14:19:12","date_gmt":"2025-07-04T12:19:12","guid":{"rendered":"https:\/\/tuto.provacy.com\/?page_id=3870"},"modified":"2025-07-04T14:33:01","modified_gmt":"2025-07-04T12:33:01","slug":"dashboard","status":"publish","type":"page","link":"https:\/\/tuto.provacy.com\/en\/governance\/dashboard\/","title":{"rendered":"Dashboard"},"content":{"rendered":"<div class=\"wp-block-group top-nav is-nowrap is-layout-flex wp-container-core-group-layout-1 wp-block-group-is-layout-flex\">\n\n<\/div>\n\n\n\n<h3 class=\"wp-block-heading\">Homepage dashboard<\/h3>\n\n\n\n<p style=\"margin-top:0;margin-right:var(--wp--preset--spacing--20);margin-bottom:0;margin-left:var(--wp--preset--spacing--20)\">The dashboard provides a synthetic view, structured around the main governance areas:<\/p>\n\n\n\n<ul style=\"margin-top:0;margin-right:0;margin-bottom:var(--wp--preset--spacing--20);margin-left:0\">\n<li>Processings<\/li>\n\n\n\n<li>Contracts<\/li>\n\n\n\n<li>Rights Requests<\/li>\n\n\n\n<li class=\"translation-block\">Data breaches<\/li>\n\n\n\n<li>Compliance activities<\/li>\n<\/ul>\n\n\n\n<p>The colored boxes use the same color codes as the menus for instant recognition.<\/p>\n\n\n\n<h3 class=\"wp-block-heading\">Dynamic and customizable display<\/h3>\n\n\n\n<ul>\n<li>Automatic update at each new login, then use <img loading=\"lazy\" decoding=\"async\" width=\"68\" height=\"48\" class=\"wp-image-3872\" style=\"width: 68px\" src=\"https:\/\/tuto.provacy.com\/wp-content\/uploads\/sites\/4\/2025\/07\/Demo-General-2025-07-03_09_40.png\" alt=\"\" srcset=\"https:\/\/tuto.provacy.com\/wp-content\/uploads\/sites\/4\/2025\/07\/Demo-General-2025-07-03_09_40.png 68w, https:\/\/tuto.provacy.com\/wp-content\/uploads\/sites\/4\/2025\/07\/Demo-General-2025-07-03_09_40-18x12.png 18w\" sizes=\"(max-width: 68px) 100vw, 68px\" \/> to refresh during use.<\/li>\n\n\n\n<li>A single selector allows filtering the display:\n<ul>\n<li>by data controller<\/li>\n\n\n\n<li>by unit or department<\/li>\n\n\n\n<li>by form creation year<\/li>\n<\/ul>\n<\/li>\n<\/ul>\n\n\n\n<p>\ud83e\udded Perfect for creating an annual report or managing by scope.<\/p>\n\n\n\n<div class=\"wp-block-group is-content-justification-left is-nowrap is-layout-flex wp-container-core-group-layout-2 wp-block-group-is-layout-flex\" style=\"padding-top:var(--wp--preset--spacing--50);padding-right:var(--wp--preset--spacing--50);padding-bottom:var(--wp--preset--spacing--50);padding-left:var(--wp--preset--spacing--50)\">\n<figure class=\"wp-block-image size-large\"><img decoding=\"async\" src=\"https:\/\/tuto.provacy.com\/wp-content\/uploads\/sites\/4\/2023\/08\/c92104f1-4671-48d2-922f-44449bcca836.png\" alt=\"\" \/><\/figure>\n<\/div>\n\n\n\n<h3 class=\"wp-block-heading\">Interactive and usable charts<\/h3>\n\n\n\n<ul>\n<li class=\"translation-block\">Each chart can <strong>open in a new window<\/strong>, with its own filters.<\/li>\n\n\n\n<li class=\"translation-block\">It can be <strong>exported as an image<\/strong>, ideal for illustrating your reports, annual reviews, or presentations.<\/li>\n<\/ul>\n\n\n\n<div class=\"wp-block-group is-vertical is-content-justification-center is-layout-flex wp-container-core-group-layout-3 wp-block-group-is-layout-flex\">\n<figure class=\"wp-block-image size-large is-resized\"><img decoding=\"async\" src=\"https:\/\/tuto.provacy.com\/wp-content\/uploads\/sites\/4\/2023\/08\/a6fb5f41-a3f5-4e94-b783-1a3de3559047.png\" alt=\"\" style=\"width:900px\" \/><\/figure>\n\n\n\n<figure class=\"wp-block-image size-large\"><img decoding=\"async\" src=\"https:\/\/tuto.provacy.com\/wp-content\/uploads\/sites\/4\/2023\/08\/d592f082-a29d-45b8-a877-1e467516e65c.png\" alt=\"\" style=\"object-fit:cover\" \/><\/figure>\n<\/div>\n\n\n\n<div class=\"wp-block-columns bottom-nav is-layout-flex wp-container-core-columns-layout-1 wp-block-columns-is-layout-flex\">\n<div class=\"wp-block-column is-layout-flow wp-block-column-is-layout-flow\" style=\"flex-basis:25%\"><\/div>\n\n\n\n<div class=\"wp-block-column is-layout-flow wp-block-column-is-layout-flow\" style=\"flex-basis:50%\"><\/div>\n\n\n\n<div class=\"wp-block-column is-layout-flow wp-block-column-is-layout-flow\" style=\"flex-basis:25%\"><\/div>\n<\/div>\n\n\n\n<span class=\"sidebar-toggle hidden\" title=\"Show\/Hide side menu\"><i class=\"fal fa-table-layout\"><\/i><\/span>\n<script src=\"\/wp-includes\/js\/provacy\/js.cookie.min.js\"><\/script>\n<script>\nvar shown = true, $ = jQuery, b = $('body'), t = $('.sidebar-toggle'), c = Cookies.get('sidebar');\nif (c) {\n  shown = c == 1;\n}\nb.addClass('sidebar-' + (shown ? 'shown' : 'hidden'));\nif (shown) {\n  t.find('i').toggleClass('fa-table-layout fa-window-maximize');\n}\nt.on('click', function() {\n  shown = !shown;\n  t.find('i').toggleClass('fa-table-layout fa-window-maximize');\n  b.toggleClass('sidebar-shown sidebar-hidden');\n  Cookies.set('sidebar', shown ? 1 : 0, { expires: 30 });\n});\n\n$('figure.wp-lightbox-container').on('click', function(e) {\n  var img = $(e.target).parents('figure:first').find('img:first'), src = img.attr('src'), enlarged = $('figure.enlarged-image img.' + img.attr('class'));\n  if (enlarged.length && src != enlarged.attr('src')) {\n    let count = 0;\n    function incr() {\n      count++;\n      if (src != enlarged.attr('src'))\n        enlarged.attr('src', src);\n      if (count >= 10) {\n        clearInterval(intervalId);\n      }\n    }\n    const intervalId = setInterval(incr, 100);\n  }\n\n  \/\/console.log('lightbox clicked', e, this);\n});\n\n<\/script>","protected":false},"excerpt":{"rendered":"<p>Tableau de bord en page d'accueil Le tableau de bord offre une vue synth\u00e9tique, structur\u00e9e autour des grands volets de pilotage : Les encadr\u00e9s color\u00e9s reprennent les codes couleur des menus pour une lecture imm\u00e9diate. Lecture dynamique et personnalisable \ud83e\udded Parfait pour \u00e9tablir un bilan annuel ou piloter par p\u00e9rim\u00e8tre. Des graphiques interactifs et exploitables<\/p>","protected":false},"author":2,"featured_media":0,"parent":3860,"menu_order":100,"comment_status":"closed","ping_status":"closed","template":"","meta":{"site-sidebar-layout":"default","site-content-layout":"","ast-site-content-layout":"default","site-content-style":"default","site-sidebar-style":"default","ast-global-header-display":"","ast-banner-title-visibility":"","ast-main-header-display":"","ast-hfb-above-header-display":"","ast-hfb-below-header-display":"","ast-hfb-mobile-header-display":"","site-post-title":"","ast-breadcrumbs-content":"","ast-featured-img":"","footer-sml-layout":"","theme-transparent-header-meta":"","adv-header-id-meta":"","stick-header-meta":"","header-above-stick-meta":"","header-main-stick-meta":"","header-below-stick-meta":"","astra-migrate-meta-layouts":"set","footnotes":""},"yoast_head":"<!-- This site is optimized with the Yoast SEO plugin v23.3 - https:\/\/yoast.com\/wordpress\/plugins\/seo\/ -->\n<title>Tableau de bord - Guide utilisateur<\/title>\n<meta name=\"robots\" content=\"noindex, follow, max-snippet:-1, max-image-preview:large, max-video-preview:-1\" \/>\n<meta property=\"og:locale\" content=\"en_GB\" \/>\n<meta property=\"og:type\" content=\"article\" \/>\n<meta property=\"og:title\" content=\"Tableau de bord - Guide utilisateur\" \/>\n<meta property=\"og:description\" content=\"Tableau de bord en page d&#039;accueil Le tableau de bord offre une vue synth\u00e9tique, structur\u00e9e autour des grands volets de pilotage : Les encadr\u00e9s color\u00e9s reprennent les codes couleur des menus pour une lecture imm\u00e9diate. Lecture dynamique et personnalisable \ud83e\udded Parfait pour \u00e9tablir un bilan annuel ou piloter par p\u00e9rim\u00e8tre. Des graphiques interactifs et exploitables\" \/>\n<meta property=\"og:url\" content=\"https:\/\/tuto.provacy.com\/en\/governance\/dashboard\/\" \/>\n<meta property=\"og:site_name\" content=\"Guide utilisateur\" \/>\n<meta property=\"article:modified_time\" content=\"2025-07-04T12:33:01+00:00\" \/>\n<meta property=\"og:image\" content=\"https:\/\/tuto.provacy.com\/wp-content\/uploads\/sites\/4\/2025\/07\/Demo-General-2025-07-03_09_40.png\" \/>\n<meta name=\"twitter:card\" content=\"summary_large_image\" \/>\n<meta name=\"twitter:label1\" content=\"Estimated reading time\" \/>\n\t<meta name=\"twitter:data1\" content=\"6 minutes\" \/>\n<script type=\"application\/ld+json\" class=\"yoast-schema-graph\">{\"@context\":\"https:\/\/schema.org\",\"@graph\":[{\"@type\":\"WebPage\",\"@id\":\"https:\/\/tuto.provacy.com\/governance\/dashboard\/\",\"url\":\"https:\/\/tuto.provacy.com\/governance\/dashboard\/\",\"name\":\"Tableau de bord - Guide utilisateur\",\"isPartOf\":{\"@id\":\"https:\/\/tuto.provacy.com\/#website\"},\"primaryImageOfPage\":{\"@id\":\"https:\/\/tuto.provacy.com\/governance\/dashboard\/#primaryimage\"},\"image\":{\"@id\":\"https:\/\/tuto.provacy.com\/governance\/dashboard\/#primaryimage\"},\"thumbnailUrl\":\"https:\/\/tuto.provacy.com\/wp-content\/uploads\/sites\/4\/2025\/07\/Demo-General-2025-07-03_09_40.png\",\"datePublished\":\"2025-07-04T12:19:12+00:00\",\"dateModified\":\"2025-07-04T12:33:01+00:00\",\"breadcrumb\":{\"@id\":\"https:\/\/tuto.provacy.com\/governance\/dashboard\/#breadcrumb\"},\"inLanguage\":\"en-GB\",\"potentialAction\":[{\"@type\":\"ReadAction\",\"target\":[\"https:\/\/tuto.provacy.com\/governance\/dashboard\/\"]}]},{\"@type\":\"ImageObject\",\"inLanguage\":\"en-GB\",\"@id\":\"https:\/\/tuto.provacy.com\/governance\/dashboard\/#primaryimage\",\"url\":\"https:\/\/tuto.provacy.com\/wp-content\/uploads\/sites\/4\/2025\/07\/Demo-General-2025-07-03_09_40.png\",\"contentUrl\":\"https:\/\/tuto.provacy.com\/wp-content\/uploads\/sites\/4\/2025\/07\/Demo-General-2025-07-03_09_40.png\"},{\"@type\":\"BreadcrumbList\",\"@id\":\"https:\/\/tuto.provacy.com\/governance\/dashboard\/#breadcrumb\",\"itemListElement\":[{\"@type\":\"ListItem\",\"position\":1,\"name\":\"Accueil\",\"item\":\"https:\/\/tuto.provacy.com\/\"},{\"@type\":\"ListItem\",\"position\":2,\"name\":\"Pilotage\",\"item\":\"https:\/\/tuto.provacy.com\/governance\/\"},{\"@type\":\"ListItem\",\"position\":3,\"name\":\"Tableau de bord\"}]},{\"@type\":\"WebSite\",\"@id\":\"https:\/\/tuto.provacy.com\/#website\",\"url\":\"https:\/\/tuto.provacy.com\/\",\"name\":\"Guide utilisateur\",\"description\":\"\",\"publisher\":{\"@id\":\"https:\/\/tuto.provacy.com\/#organization\"},\"potentialAction\":[{\"@type\":\"SearchAction\",\"target\":{\"@type\":\"EntryPoint\",\"urlTemplate\":\"https:\/\/tuto.provacy.com\/?s={search_term_string}\"},\"query-input\":\"required name=search_term_string\"}],\"inLanguage\":\"en-GB\"},{\"@type\":\"Organization\",\"@id\":\"https:\/\/tuto.provacy.com\/#organization\",\"name\":\"Guide utilisateur\",\"url\":\"https:\/\/tuto.provacy.com\/\",\"logo\":{\"@type\":\"ImageObject\",\"inLanguage\":\"en-GB\",\"@id\":\"https:\/\/tuto.provacy.com\/#\/schema\/logo\/image\/\",\"url\":\"https:\/\/tuto.provacy.com\/wp-content\/uploads\/sites\/4\/2023\/10\/cropped-power-logo-white-slogan.png\",\"contentUrl\":\"https:\/\/tuto.provacy.com\/wp-content\/uploads\/sites\/4\/2023\/10\/cropped-power-logo-white-slogan.png\",\"width\":1231,\"height\":272,\"caption\":\"Guide utilisateur\"},\"image\":{\"@id\":\"https:\/\/tuto.provacy.com\/#\/schema\/logo\/image\/\"}}]}<\/script>\n<!-- \/ Yoast SEO plugin. -->","yoast_head_json":{"title":"Tableau de bord - Guide utilisateur","robots":{"index":"noindex","follow":"follow","max-snippet":"max-snippet:-1","max-image-preview":"max-image-preview:large","max-video-preview":"max-video-preview:-1"},"og_locale":"en_GB","og_type":"article","og_title":"Tableau de bord - Guide utilisateur","og_description":"Tableau de bord en page d'accueil Le tableau de bord offre une vue synth\u00e9tique, structur\u00e9e autour des grands volets de pilotage : Les encadr\u00e9s color\u00e9s reprennent les codes couleur des menus pour une lecture imm\u00e9diate. Lecture dynamique et personnalisable \ud83e\udded Parfait pour \u00e9tablir un bilan annuel ou piloter par p\u00e9rim\u00e8tre. Des graphiques interactifs et exploitables","og_url":"https:\/\/tuto.provacy.com\/en\/governance\/dashboard\/","og_site_name":"Guide utilisateur","article_modified_time":"2025-07-04T12:33:01+00:00","og_image":[{"url":"https:\/\/tuto.provacy.com\/wp-content\/uploads\/sites\/4\/2025\/07\/Demo-General-2025-07-03_09_40.png"}],"twitter_card":"summary_large_image","twitter_misc":{"Estimated reading time":"6 minutes"},"schema":{"@context":"https:\/\/schema.org","@graph":[{"@type":"WebPage","@id":"https:\/\/tuto.provacy.com\/governance\/dashboard\/","url":"https:\/\/tuto.provacy.com\/governance\/dashboard\/","name":"Tableau de bord - Guide utilisateur","isPartOf":{"@id":"https:\/\/tuto.provacy.com\/#website"},"primaryImageOfPage":{"@id":"https:\/\/tuto.provacy.com\/governance\/dashboard\/#primaryimage"},"image":{"@id":"https:\/\/tuto.provacy.com\/governance\/dashboard\/#primaryimage"},"thumbnailUrl":"https:\/\/tuto.provacy.com\/wp-content\/uploads\/sites\/4\/2025\/07\/Demo-General-2025-07-03_09_40.png","datePublished":"2025-07-04T12:19:12+00:00","dateModified":"2025-07-04T12:33:01+00:00","breadcrumb":{"@id":"https:\/\/tuto.provacy.com\/governance\/dashboard\/#breadcrumb"},"inLanguage":"en-GB","potentialAction":[{"@type":"ReadAction","target":["https:\/\/tuto.provacy.com\/governance\/dashboard\/"]}]},{"@type":"ImageObject","inLanguage":"en-GB","@id":"https:\/\/tuto.provacy.com\/governance\/dashboard\/#primaryimage","url":"https:\/\/tuto.provacy.com\/wp-content\/uploads\/sites\/4\/2025\/07\/Demo-General-2025-07-03_09_40.png","contentUrl":"https:\/\/tuto.provacy.com\/wp-content\/uploads\/sites\/4\/2025\/07\/Demo-General-2025-07-03_09_40.png"},{"@type":"BreadcrumbList","@id":"https:\/\/tuto.provacy.com\/governance\/dashboard\/#breadcrumb","itemListElement":[{"@type":"ListItem","position":1,"name":"Accueil","item":"https:\/\/tuto.provacy.com\/"},{"@type":"ListItem","position":2,"name":"Pilotage","item":"https:\/\/tuto.provacy.com\/governance\/"},{"@type":"ListItem","position":3,"name":"Tableau de bord"}]},{"@type":"WebSite","@id":"https:\/\/tuto.provacy.com\/#website","url":"https:\/\/tuto.provacy.com\/","name":"Guide utilisateur","description":"","publisher":{"@id":"https:\/\/tuto.provacy.com\/#organization"},"potentialAction":[{"@type":"SearchAction","target":{"@type":"EntryPoint","urlTemplate":"https:\/\/tuto.provacy.com\/?s={search_term_string}"},"query-input":"required name=search_term_string"}],"inLanguage":"en-GB"},{"@type":"Organization","@id":"https:\/\/tuto.provacy.com\/#organization","name":"Guide utilisateur","url":"https:\/\/tuto.provacy.com\/","logo":{"@type":"ImageObject","inLanguage":"en-GB","@id":"https:\/\/tuto.provacy.com\/#\/schema\/logo\/image\/","url":"https:\/\/tuto.provacy.com\/wp-content\/uploads\/sites\/4\/2023\/10\/cropped-power-logo-white-slogan.png","contentUrl":"https:\/\/tuto.provacy.com\/wp-content\/uploads\/sites\/4\/2023\/10\/cropped-power-logo-white-slogan.png","width":1231,"height":272,"caption":"Guide utilisateur"},"image":{"@id":"https:\/\/tuto.provacy.com\/#\/schema\/logo\/image\/"}}]}},"_links":{"self":[{"href":"https:\/\/tuto.provacy.com\/en\/wp-json\/wp\/v2\/pages\/3870"}],"collection":[{"href":"https:\/\/tuto.provacy.com\/en\/wp-json\/wp\/v2\/pages"}],"about":[{"href":"https:\/\/tuto.provacy.com\/en\/wp-json\/wp\/v2\/types\/page"}],"author":[{"embeddable":true,"href":"https:\/\/tuto.provacy.com\/en\/wp-json\/wp\/v2\/users\/2"}],"replies":[{"embeddable":true,"href":"https:\/\/tuto.provacy.com\/en\/wp-json\/wp\/v2\/comments?post=3870"}],"version-history":[{"count":9,"href":"https:\/\/tuto.provacy.com\/en\/wp-json\/wp\/v2\/pages\/3870\/revisions"}],"predecessor-version":[{"id":3888,"href":"https:\/\/tuto.provacy.com\/en\/wp-json\/wp\/v2\/pages\/3870\/revisions\/3888"}],"up":[{"embeddable":true,"href":"https:\/\/tuto.provacy.com\/en\/wp-json\/wp\/v2\/pages\/3860"}],"wp:attachment":[{"href":"https:\/\/tuto.provacy.com\/en\/wp-json\/wp\/v2\/media?parent=3870"}],"curies":[{"name":"wp","href":"https:\/\/api.w.org\/{rel}","templated":true}]}}