{"id":3887,"date":"2025-07-04T14:19:15","date_gmt":"2025-07-04T12:19:15","guid":{"rendered":"https:\/\/tuto.provacy.com\/?page_id=3887"},"modified":"2025-07-04T16:23:16","modified_gmt":"2025-07-04T14:23:16","slug":"orga","status":"publish","type":"page","link":"https:\/\/tuto.provacy.com\/en\/governance\/orga\/","title":{"rendered":"Org chart"},"content":{"rendered":"<div class=\"wp-block-group top-nav is-nowrap is-layout-flex wp-container-core-group-layout-1 wp-block-group-is-layout-flex\">\n\n<\/div>\n\n\n\n<h3 class=\"wp-block-heading\">Interactive organization chart<\/h3>\n\n\n\n<p class=\"translation-block\">The organization chart is built <strong>automatically<\/strong> from the information entered in the <strong>Entities<\/strong>, <strong>Units (departments)<\/strong>, and <strong>Users<\/strong> menus (advisors, managers, DPOs, assistants, etc.).<\/p>\n\n\n\n<h3 class=\"wp-block-heading\">Dynamic and actionable mapping<\/h3>\n\n\n\n<ul>\n<li>Clear hierarchical view of entities and departments, with users and their roles.<\/li>\n\n\n\n<li class=\"translation-block\"><strong>Color-coded tags<\/strong> for each type of linked form: <br>Processing activities, Subcontracting agreements, Data subject requests, Activities, Data breaches<\/li>\n\n\n\n<li class=\"translation-block\"><strong>Form status<\/strong> immediately visible thanks to the CSS code applied to the tags<\/li>\n<\/ul>\n\n\n\n<div class=\"wp-block-group is-nowrap is-layout-flex wp-container-core-group-layout-2 wp-block-group-is-layout-flex\" style=\"padding-top:var(--wp--preset--spacing--50);padding-right:var(--wp--preset--spacing--50);padding-bottom:var(--wp--preset--spacing--50);padding-left:var(--wp--preset--spacing--50)\">\n<figure class=\"wp-block-image size-large is-resized\"><img decoding=\"async\" src=\"https:\/\/tuto.provacy.com\/wp-content\/uploads\/sites\/4\/2023\/08\/5f51c8d9-54f4-4c61-baf4-d4b7be5ccd38.png\" alt=\"\" style=\"width:300px\" \/><\/figure>\n<\/div>\n\n\n\n<h3 class=\"wp-block-heading\">Intuitive navigation<\/h3>\n\n\n\n<ul>\n<li class=\"translation-block\"><strong>Zoom in\/out<\/strong> with the mouse wheel while holding the <strong>CTRL<\/strong> key<\/li>\n\n\n\n<li class=\"translation-block\"><strong>Drag and drop<\/strong> to navigate through the organization chart<\/li>\n<\/ul>\n\n\n\n<div class=\"wp-block-group is-nowrap is-layout-flex wp-container-core-group-layout-3 wp-block-group-is-layout-flex\" style=\"padding-top:var(--wp--preset--spacing--40);padding-right:var(--wp--preset--spacing--40);padding-bottom:var(--wp--preset--spacing--40);padding-left:var(--wp--preset--spacing--40)\">\n<figure class=\"wp-block-image size-large\"><img decoding=\"async\" src=\"https:\/\/tuto.provacy.com\/wp-content\/uploads\/sites\/4\/2023\/08\/c87a65b6-9fcd-452d-8d01-a4335d7f6a2c.png\" alt=\"\" \/><\/figure>\n<\/div>\n\n\n\n<h3 class=\"wp-block-heading\">Operational view of compliance coverage<\/h3>\n\n\n\n<ul>\n<li>Quickly identify active or pending areas at a glance.<\/li>\n\n\n\n<li class=\"translation-block\">Easily manage <strong>follow-ups<\/strong>, <strong>action plans<\/strong>, and <strong>processing priorities<\/strong>.<\/li>\n<\/ul>\n\n\n\n<blockquote class=\"wp-block-quote\">\n<p>\ud83c\udfaf The ideal tool to track progress by department, identify gaps, and structure the compliance approach.<\/p>\n<\/blockquote>\n\n\n\n<div class=\"wp-block-columns bottom-nav is-layout-flex wp-container-core-columns-layout-1 wp-block-columns-is-layout-flex\">\n<div class=\"wp-block-column is-layout-flow wp-block-column-is-layout-flow\" style=\"flex-basis:25%\"><\/div>\n\n\n\n<div class=\"wp-block-column is-layout-flow wp-block-column-is-layout-flow\" style=\"flex-basis:50%\"><\/div>\n\n\n\n<div class=\"wp-block-column is-layout-flow wp-block-column-is-layout-flow\" style=\"flex-basis:25%\"><\/div>\n<\/div>\n\n\n\n<span class=\"sidebar-toggle hidden\" title=\"Show\/Hide side menu\"><i class=\"fal fa-table-layout\"><\/i><\/span>\n<script src=\"\/wp-includes\/js\/provacy\/js.cookie.min.js\"><\/script>\n<script>\nvar shown = true, $ = jQuery, b = $('body'), t = $('.sidebar-toggle'), c = Cookies.get('sidebar');\nif (c) {\n  shown = c == 1;\n}\nb.addClass('sidebar-' + (shown ? 'shown' : 'hidden'));\nif (shown) {\n  t.find('i').toggleClass('fa-table-layout fa-window-maximize');\n}\nt.on('click', function() {\n  shown = !shown;\n  t.find('i').toggleClass('fa-table-layout fa-window-maximize');\n  b.toggleClass('sidebar-shown sidebar-hidden');\n  Cookies.set('sidebar', shown ? 1 : 0, { expires: 30 });\n});\n\n$('figure.wp-lightbox-container').on('click', function(e) {\n  var img = $(e.target).parents('figure:first').find('img:first'), src = img.attr('src'), enlarged = $('figure.enlarged-image img.' + img.attr('class'));\n  if (enlarged.length && src != enlarged.attr('src')) {\n    let count = 0;\n    function incr() {\n      count++;\n      if (src != enlarged.attr('src'))\n        enlarged.attr('src', src);\n      if (count >= 10) {\n        clearInterval(intervalId);\n      }\n    }\n    const intervalId = setInterval(incr, 100);\n  }\n\n  \/\/console.log('lightbox clicked', e, this);\n});\n\n<\/script>","protected":false},"excerpt":{"rendered":"<p>Organigramme interactif L\u2019organigramme se construit automatiquement \u00e0 partir des \u00e9l\u00e9ments renseign\u00e9s dans les menus Entit\u00e9s, Unit\u00e9s (services) et Utilisateurs (r\u00e9f\u00e9rents, responsables, DPO, assistants\u2026). Cartographie vivante et actionnable Navigation intuitive Vue op\u00e9rationnelle de la couverture conformit\u00e9 \ud83c\udfaf L\u2019outil id\u00e9al pour suivre l\u2019avancement par service, rep\u00e9rer les trous dans la raquette, et structurer la d\u00e9marche conformit\u00e9.<\/p>","protected":false},"author":2,"featured_media":0,"parent":3860,"menu_order":101,"comment_status":"closed","ping_status":"closed","template":"","meta":{"site-sidebar-layout":"default","site-content-layout":"","ast-site-content-layout":"default","site-content-style":"default","site-sidebar-style":"default","ast-global-header-display":"","ast-banner-title-visibility":"","ast-main-header-display":"","ast-hfb-above-header-display":"","ast-hfb-below-header-display":"","ast-hfb-mobile-header-display":"","site-post-title":"","ast-breadcrumbs-content":"","ast-featured-img":"","footer-sml-layout":"","theme-transparent-header-meta":"","adv-header-id-meta":"","stick-header-meta":"","header-above-stick-meta":"","header-main-stick-meta":"","header-below-stick-meta":"","astra-migrate-meta-layouts":"set","footnotes":""},"yoast_head":"<!-- This site is optimized with the Yoast SEO plugin v23.3 - https:\/\/yoast.com\/wordpress\/plugins\/seo\/ -->\n<title>Organigramme - Guide utilisateur<\/title>\n<meta name=\"robots\" content=\"noindex, follow, max-snippet:-1, max-image-preview:large, max-video-preview:-1\" \/>\n<meta property=\"og:locale\" content=\"en_GB\" \/>\n<meta property=\"og:type\" content=\"article\" \/>\n<meta property=\"og:title\" content=\"Organigramme - Guide utilisateur\" \/>\n<meta property=\"og:description\" content=\"Organigramme interactif L\u2019organigramme se construit automatiquement \u00e0 partir des \u00e9l\u00e9ments renseign\u00e9s dans les menus Entit\u00e9s, Unit\u00e9s (services) et Utilisateurs (r\u00e9f\u00e9rents, responsables, DPO, assistants\u2026). Cartographie vivante et actionnable Navigation intuitive Vue op\u00e9rationnelle de la couverture conformit\u00e9 \ud83c\udfaf L\u2019outil id\u00e9al pour suivre l\u2019avancement par service, rep\u00e9rer les trous dans la raquette, et structurer la d\u00e9marche conformit\u00e9.\" \/>\n<meta property=\"og:url\" content=\"https:\/\/tuto.provacy.com\/en\/governance\/orga\/\" \/>\n<meta property=\"og:site_name\" content=\"Guide utilisateur\" \/>\n<meta property=\"article:modified_time\" content=\"2025-07-04T14:23:16+00:00\" \/>\n<meta property=\"og:image\" content=\"https:\/\/tuto.provacy.com\/wp-content\/uploads\/sites\/4\/2023\/08\/e5800e17-261c-4494-9220-5462db22ed6c.png\" \/>\n<meta name=\"twitter:card\" content=\"summary_large_image\" \/>\n<meta name=\"twitter:label1\" content=\"Estimated reading time\" \/>\n\t<meta name=\"twitter:data1\" content=\"2 minutes\" \/>\n<script type=\"application\/ld+json\" class=\"yoast-schema-graph\">{\"@context\":\"https:\/\/schema.org\",\"@graph\":[{\"@type\":\"WebPage\",\"@id\":\"https:\/\/tuto.provacy.com\/governance\/orga\/\",\"url\":\"https:\/\/tuto.provacy.com\/governance\/orga\/\",\"name\":\"Organigramme - Guide utilisateur\",\"isPartOf\":{\"@id\":\"https:\/\/tuto.provacy.com\/#website\"},\"primaryImageOfPage\":{\"@id\":\"https:\/\/tuto.provacy.com\/governance\/orga\/#primaryimage\"},\"image\":{\"@id\":\"https:\/\/tuto.provacy.com\/governance\/orga\/#primaryimage\"},\"thumbnailUrl\":\"https:\/\/tuto.provacy.com\/wp-content\/uploads\/sites\/4\/2023\/08\/e5800e17-261c-4494-9220-5462db22ed6c.png\",\"datePublished\":\"2025-07-04T12:19:15+00:00\",\"dateModified\":\"2025-07-04T14:23:16+00:00\",\"breadcrumb\":{\"@id\":\"https:\/\/tuto.provacy.com\/governance\/orga\/#breadcrumb\"},\"inLanguage\":\"en-GB\",\"potentialAction\":[{\"@type\":\"ReadAction\",\"target\":[\"https:\/\/tuto.provacy.com\/governance\/orga\/\"]}]},{\"@type\":\"ImageObject\",\"inLanguage\":\"en-GB\",\"@id\":\"https:\/\/tuto.provacy.com\/governance\/orga\/#primaryimage\",\"url\":\"https:\/\/tuto.provacy.com\/wp-content\/uploads\/sites\/4\/2023\/08\/e5800e17-261c-4494-9220-5462db22ed6c.png\",\"contentUrl\":\"https:\/\/tuto.provacy.com\/wp-content\/uploads\/sites\/4\/2023\/08\/e5800e17-261c-4494-9220-5462db22ed6c.png\"},{\"@type\":\"BreadcrumbList\",\"@id\":\"https:\/\/tuto.provacy.com\/governance\/orga\/#breadcrumb\",\"itemListElement\":[{\"@type\":\"ListItem\",\"position\":1,\"name\":\"Accueil\",\"item\":\"https:\/\/tuto.provacy.com\/\"},{\"@type\":\"ListItem\",\"position\":2,\"name\":\"Pilotage\",\"item\":\"https:\/\/tuto.provacy.com\/governance\/\"},{\"@type\":\"ListItem\",\"position\":3,\"name\":\"Organigramme\"}]},{\"@type\":\"WebSite\",\"@id\":\"https:\/\/tuto.provacy.com\/#website\",\"url\":\"https:\/\/tuto.provacy.com\/\",\"name\":\"Guide utilisateur\",\"description\":\"\",\"publisher\":{\"@id\":\"https:\/\/tuto.provacy.com\/#organization\"},\"potentialAction\":[{\"@type\":\"SearchAction\",\"target\":{\"@type\":\"EntryPoint\",\"urlTemplate\":\"https:\/\/tuto.provacy.com\/?s={search_term_string}\"},\"query-input\":\"required name=search_term_string\"}],\"inLanguage\":\"en-GB\"},{\"@type\":\"Organization\",\"@id\":\"https:\/\/tuto.provacy.com\/#organization\",\"name\":\"Guide utilisateur\",\"url\":\"https:\/\/tuto.provacy.com\/\",\"logo\":{\"@type\":\"ImageObject\",\"inLanguage\":\"en-GB\",\"@id\":\"https:\/\/tuto.provacy.com\/#\/schema\/logo\/image\/\",\"url\":\"https:\/\/tuto.provacy.com\/wp-content\/uploads\/sites\/4\/2023\/10\/cropped-power-logo-white-slogan.png\",\"contentUrl\":\"https:\/\/tuto.provacy.com\/wp-content\/uploads\/sites\/4\/2023\/10\/cropped-power-logo-white-slogan.png\",\"width\":1231,\"height\":272,\"caption\":\"Guide utilisateur\"},\"image\":{\"@id\":\"https:\/\/tuto.provacy.com\/#\/schema\/logo\/image\/\"}}]}<\/script>\n<!-- \/ Yoast SEO plugin. -->","yoast_head_json":{"title":"Organigramme - Guide utilisateur","robots":{"index":"noindex","follow":"follow","max-snippet":"max-snippet:-1","max-image-preview":"max-image-preview:large","max-video-preview":"max-video-preview:-1"},"og_locale":"en_GB","og_type":"article","og_title":"Organigramme - Guide utilisateur","og_description":"Organigramme interactif L\u2019organigramme se construit automatiquement \u00e0 partir des \u00e9l\u00e9ments renseign\u00e9s dans les menus Entit\u00e9s, Unit\u00e9s (services) et Utilisateurs (r\u00e9f\u00e9rents, responsables, DPO, assistants\u2026). Cartographie vivante et actionnable Navigation intuitive Vue op\u00e9rationnelle de la couverture conformit\u00e9 \ud83c\udfaf L\u2019outil id\u00e9al pour suivre l\u2019avancement par service, rep\u00e9rer les trous dans la raquette, et structurer la d\u00e9marche conformit\u00e9.","og_url":"https:\/\/tuto.provacy.com\/en\/governance\/orga\/","og_site_name":"Guide utilisateur","article_modified_time":"2025-07-04T14:23:16+00:00","og_image":[{"url":"https:\/\/tuto.provacy.com\/wp-content\/uploads\/sites\/4\/2023\/08\/e5800e17-261c-4494-9220-5462db22ed6c.png"}],"twitter_card":"summary_large_image","twitter_misc":{"Estimated reading time":"2 minutes"},"schema":{"@context":"https:\/\/schema.org","@graph":[{"@type":"WebPage","@id":"https:\/\/tuto.provacy.com\/governance\/orga\/","url":"https:\/\/tuto.provacy.com\/governance\/orga\/","name":"Organigramme - Guide utilisateur","isPartOf":{"@id":"https:\/\/tuto.provacy.com\/#website"},"primaryImageOfPage":{"@id":"https:\/\/tuto.provacy.com\/governance\/orga\/#primaryimage"},"image":{"@id":"https:\/\/tuto.provacy.com\/governance\/orga\/#primaryimage"},"thumbnailUrl":"https:\/\/tuto.provacy.com\/wp-content\/uploads\/sites\/4\/2023\/08\/e5800e17-261c-4494-9220-5462db22ed6c.png","datePublished":"2025-07-04T12:19:15+00:00","dateModified":"2025-07-04T14:23:16+00:00","breadcrumb":{"@id":"https:\/\/tuto.provacy.com\/governance\/orga\/#breadcrumb"},"inLanguage":"en-GB","potentialAction":[{"@type":"ReadAction","target":["https:\/\/tuto.provacy.com\/governance\/orga\/"]}]},{"@type":"ImageObject","inLanguage":"en-GB","@id":"https:\/\/tuto.provacy.com\/governance\/orga\/#primaryimage","url":"https:\/\/tuto.provacy.com\/wp-content\/uploads\/sites\/4\/2023\/08\/e5800e17-261c-4494-9220-5462db22ed6c.png","contentUrl":"https:\/\/tuto.provacy.com\/wp-content\/uploads\/sites\/4\/2023\/08\/e5800e17-261c-4494-9220-5462db22ed6c.png"},{"@type":"BreadcrumbList","@id":"https:\/\/tuto.provacy.com\/governance\/orga\/#breadcrumb","itemListElement":[{"@type":"ListItem","position":1,"name":"Accueil","item":"https:\/\/tuto.provacy.com\/"},{"@type":"ListItem","position":2,"name":"Pilotage","item":"https:\/\/tuto.provacy.com\/governance\/"},{"@type":"ListItem","position":3,"name":"Organigramme"}]},{"@type":"WebSite","@id":"https:\/\/tuto.provacy.com\/#website","url":"https:\/\/tuto.provacy.com\/","name":"Guide utilisateur","description":"","publisher":{"@id":"https:\/\/tuto.provacy.com\/#organization"},"potentialAction":[{"@type":"SearchAction","target":{"@type":"EntryPoint","urlTemplate":"https:\/\/tuto.provacy.com\/?s={search_term_string}"},"query-input":"required name=search_term_string"}],"inLanguage":"en-GB"},{"@type":"Organization","@id":"https:\/\/tuto.provacy.com\/#organization","name":"Guide utilisateur","url":"https:\/\/tuto.provacy.com\/","logo":{"@type":"ImageObject","inLanguage":"en-GB","@id":"https:\/\/tuto.provacy.com\/#\/schema\/logo\/image\/","url":"https:\/\/tuto.provacy.com\/wp-content\/uploads\/sites\/4\/2023\/10\/cropped-power-logo-white-slogan.png","contentUrl":"https:\/\/tuto.provacy.com\/wp-content\/uploads\/sites\/4\/2023\/10\/cropped-power-logo-white-slogan.png","width":1231,"height":272,"caption":"Guide utilisateur"},"image":{"@id":"https:\/\/tuto.provacy.com\/#\/schema\/logo\/image\/"}}]}},"_links":{"self":[{"href":"https:\/\/tuto.provacy.com\/en\/wp-json\/wp\/v2\/pages\/3887"}],"collection":[{"href":"https:\/\/tuto.provacy.com\/en\/wp-json\/wp\/v2\/pages"}],"about":[{"href":"https:\/\/tuto.provacy.com\/en\/wp-json\/wp\/v2\/types\/page"}],"author":[{"embeddable":true,"href":"https:\/\/tuto.provacy.com\/en\/wp-json\/wp\/v2\/users\/2"}],"replies":[{"embeddable":true,"href":"https:\/\/tuto.provacy.com\/en\/wp-json\/wp\/v2\/comments?post=3887"}],"version-history":[{"count":4,"href":"https:\/\/tuto.provacy.com\/en\/wp-json\/wp\/v2\/pages\/3887\/revisions"}],"predecessor-version":[{"id":3915,"href":"https:\/\/tuto.provacy.com\/en\/wp-json\/wp\/v2\/pages\/3887\/revisions\/3915"}],"up":[{"embeddable":true,"href":"https:\/\/tuto.provacy.com\/en\/wp-json\/wp\/v2\/pages\/3860"}],"wp:attachment":[{"href":"https:\/\/tuto.provacy.com\/en\/wp-json\/wp\/v2\/media?parent=3887"}],"curies":[{"name":"wp","href":"https:\/\/api.w.org\/{rel}","templated":true}]}}