{"id":3893,"date":"2025-07-04T17:27:10","date_gmt":"2025-07-04T15:27:10","guid":{"rendered":"https:\/\/tuto.provacy.com\/?page_id=3893"},"modified":"2025-07-04T17:27:11","modified_gmt":"2025-07-04T15:27:11","slug":"mindmap","status":"publish","type":"page","link":"https:\/\/tuto.provacy.com\/en\/governance\/mindmap\/","title":{"rendered":"Processing Mind Map"},"content":{"rendered":"<div class=\"wp-block-group top-nav is-nowrap is-layout-flex wp-container-core-group-layout-1 wp-block-group-is-layout-flex\">\n\n<\/div>\n\n\n\n<h3 class=\"wp-block-heading\">Processing Mind Map<\/h3>\n\n\n\n<p class=\"translation-block\">The mapping allows you to visualize <strong>all declared processing activities<\/strong> in the form of a dynamic <strong>mind map<\/strong>.<\/p>\n\n\n\n<h3 class=\"wp-block-heading\">An intuitive tree structure<\/h3>\n\n\n\n<ul>\n<li><strong>Starting point: the entity<\/strong><\/li>\n\n\n\n<li class=\"translation-block\">Then: <strong>units (departments)<\/strong> \u2192 <strong>form statuses<\/strong> (draft, validated, published) \u2192 <strong>processing titles<\/strong><\/li>\n\n\n\n<li class=\"translation-block\"><strong>Processing titles<\/strong> are <strong>direct links to the forms<\/strong> for viewing or editing.<\/li>\n<\/ul>\n\n\n\n<p class=\"translation-block\">You can <strong>collapse or expand<\/strong> the tree branches by clicking on the nodes, or by using the dedicated buttons.<\/p>\n\n\n\n<div class=\"wp-block-group is-nowrap is-layout-flex wp-container-core-group-layout-2 wp-block-group-is-layout-flex\" style=\"padding-top:var(--wp--preset--spacing--40);padding-right:var(--wp--preset--spacing--70);padding-bottom:var(--wp--preset--spacing--40);padding-left:var(--wp--preset--spacing--70)\">\n<figure class=\"wp-block-image size-large\"><img decoding=\"async\" src=\"https:\/\/tuto.provacy.com\/wp-content\/uploads\/sites\/4\/2023\/08\/b09f269e-4600-42db-8d3f-48c32003aea6.png\" alt=\"\" \/><\/figure>\n<\/div>\n\n\n\n<p>\ud83c\udfaf This tool is ideal for navigating complex structures, quickly assessing the current state, or creating visual materials.<\/p>\n\n\n\n<div class=\"wp-block-group is-nowrap is-layout-flex wp-container-core-group-layout-4 wp-block-group-is-layout-flex\" style=\"margin-top:var(--wp--preset--spacing--20);margin-bottom:var(--wp--preset--spacing--20);padding-top:var(--wp--preset--spacing--80);padding-right:var(--wp--preset--spacing--80);padding-bottom:var(--wp--preset--spacing--80);padding-left:var(--wp--preset--spacing--80)\">\n<div class=\"wp-block-group is-vertical is-layout-flex wp-container-core-group-layout-3 wp-block-group-is-layout-flex\" style=\"padding-top:var(--wp--preset--spacing--20);padding-right:var(--wp--preset--spacing--20);padding-bottom:var(--wp--preset--spacing--20);padding-left:var(--wp--preset--spacing--20)\">\n<h3 class=\"wp-block-heading\">\ud83d\udca1 What is the Freemind export (.mm) used for?<\/h3>\n\n\n\n<p>The .mm file allows you to reuse the processing activities map in mind mapping tools like Freemind, Freeplane, or XMind. A lightweight, open, and easily usable format for your reports, audits, or compliance reviews.<\/p>\n<\/div>\n<\/div>\n\n\n\n<div class=\"wp-block-columns bottom-nav is-layout-flex wp-container-core-columns-layout-1 wp-block-columns-is-layout-flex\">\n<div class=\"wp-block-column is-layout-flow wp-block-column-is-layout-flow\" style=\"flex-basis:25%\"><\/div>\n\n\n\n<div class=\"wp-block-column is-layout-flow wp-block-column-is-layout-flow\" style=\"flex-basis:50%\"><\/div>\n\n\n\n<div class=\"wp-block-column is-layout-flow wp-block-column-is-layout-flow\" style=\"flex-basis:25%\"><\/div>\n<\/div>\n\n\n\n<span class=\"sidebar-toggle hidden\" title=\"Show\/Hide side menu\"><i class=\"fal fa-table-layout\"><\/i><\/span>\n<script src=\"\/wp-includes\/js\/provacy\/js.cookie.min.js\"><\/script>\n<script>\nvar shown = true, $ = jQuery, b = $('body'), t = $('.sidebar-toggle'), c = Cookies.get('sidebar');\nif (c) {\n  shown = c == 1;\n}\nb.addClass('sidebar-' + (shown ? 'shown' : 'hidden'));\nif (shown) {\n  t.find('i').toggleClass('fa-table-layout fa-window-maximize');\n}\nt.on('click', function() {\n  shown = !shown;\n  t.find('i').toggleClass('fa-table-layout fa-window-maximize');\n  b.toggleClass('sidebar-shown sidebar-hidden');\n  Cookies.set('sidebar', shown ? 1 : 0, { expires: 30 });\n});\n\n$('figure.wp-lightbox-container').on('click', function(e) {\n  var img = $(e.target).parents('figure:first').find('img:first'), src = img.attr('src'), enlarged = $('figure.enlarged-image img.' + img.attr('class'));\n  if (enlarged.length && src != enlarged.attr('src')) {\n    let count = 0;\n    function incr() {\n      count++;\n      if (src != enlarged.attr('src'))\n        enlarged.attr('src', src);\n      if (count >= 10) {\n        clearInterval(intervalId);\n      }\n    }\n    const intervalId = setInterval(incr, 100);\n  }\n\n  \/\/console.log('lightbox clicked', e, this);\n});\n\n<\/script>","protected":false},"excerpt":{"rendered":"<p>Cartographie des traitements La cartographie vous permet de visualiser l\u2019ensemble des traitements d\u00e9clar\u00e9s sous forme de carte heuristique dynamique. Une arborescence intuitive Vous pouvez plier ou d\u00e9plier les branches de l\u2019arbre en cliquant sur les n\u0153uds, ou utiliser les boutons d\u00e9di\u00e9s \ud83c\udfaf Cet outil est id\u00e9al pour naviguer dans des structures complexes, faire un \u00e9tat &hellip;<\/p>\n<p class=\"read-more\"> <a class=\"\" href=\"https:\/\/tuto.provacy.com\/en\/governance\/mindmap\/\"> <span class=\"screen-reader-text\">Processing Mind Map<\/span> Read More &raquo;<\/a><\/p>","protected":false},"author":2,"featured_media":0,"parent":3860,"menu_order":101,"comment_status":"closed","ping_status":"closed","template":"","meta":{"site-sidebar-layout":"default","site-content-layout":"","ast-site-content-layout":"default","site-content-style":"default","site-sidebar-style":"default","ast-global-header-display":"","ast-banner-title-visibility":"","ast-main-header-display":"","ast-hfb-above-header-display":"","ast-hfb-below-header-display":"","ast-hfb-mobile-header-display":"","site-post-title":"","ast-breadcrumbs-content":"","ast-featured-img":"","footer-sml-layout":"","theme-transparent-header-meta":"","adv-header-id-meta":"","stick-header-meta":"","header-above-stick-meta":"","header-main-stick-meta":"","header-below-stick-meta":"","astra-migrate-meta-layouts":"set","footnotes":""},"yoast_head":"<!-- This site is optimized with the Yoast SEO plugin v23.3 - https:\/\/yoast.com\/wordpress\/plugins\/seo\/ -->\n<title>Cartographie des traitements - Guide utilisateur<\/title>\n<meta name=\"robots\" content=\"noindex, follow, max-snippet:-1, max-image-preview:large, max-video-preview:-1\" \/>\n<meta property=\"og:locale\" content=\"en_GB\" \/>\n<meta property=\"og:type\" content=\"article\" \/>\n<meta property=\"og:title\" content=\"Cartographie des traitements - Guide utilisateur\" \/>\n<meta property=\"og:description\" content=\"Cartographie des traitements La cartographie vous permet de visualiser l\u2019ensemble des traitements d\u00e9clar\u00e9s sous forme de carte heuristique dynamique. Une arborescence intuitive Vous pouvez plier ou d\u00e9plier les branches de l\u2019arbre en cliquant sur les n\u0153uds, ou utiliser les boutons d\u00e9di\u00e9s \ud83c\udfaf Cet outil est id\u00e9al pour naviguer dans des structures complexes, faire un \u00e9tat &hellip; Cartographie des traitements Read More &raquo;\" \/>\n<meta property=\"og:url\" content=\"https:\/\/tuto.provacy.com\/en\/governance\/mindmap\/\" \/>\n<meta property=\"og:site_name\" content=\"Guide utilisateur\" \/>\n<meta property=\"article:modified_time\" content=\"2025-07-04T15:27:11+00:00\" \/>\n<meta property=\"og:image\" content=\"https:\/\/tuto.provacy.com\/wp-content\/uploads\/sites\/4\/2023\/08\/4c76576b-946a-40be-9ae4-58841605805c.png\" \/>\n<meta name=\"twitter:card\" content=\"summary_large_image\" \/>\n<script type=\"application\/ld+json\" class=\"yoast-schema-graph\">{\"@context\":\"https:\/\/schema.org\",\"@graph\":[{\"@type\":\"WebPage\",\"@id\":\"https:\/\/tuto.provacy.com\/governance\/mindmap\/\",\"url\":\"https:\/\/tuto.provacy.com\/governance\/mindmap\/\",\"name\":\"Cartographie des traitements - Guide utilisateur\",\"isPartOf\":{\"@id\":\"https:\/\/tuto.provacy.com\/#website\"},\"primaryImageOfPage\":{\"@id\":\"https:\/\/tuto.provacy.com\/governance\/mindmap\/#primaryimage\"},\"image\":{\"@id\":\"https:\/\/tuto.provacy.com\/governance\/mindmap\/#primaryimage\"},\"thumbnailUrl\":\"https:\/\/tuto.provacy.com\/wp-content\/uploads\/sites\/4\/2023\/08\/4c76576b-946a-40be-9ae4-58841605805c.png\",\"datePublished\":\"2025-07-04T15:27:10+00:00\",\"dateModified\":\"2025-07-04T15:27:11+00:00\",\"breadcrumb\":{\"@id\":\"https:\/\/tuto.provacy.com\/governance\/mindmap\/#breadcrumb\"},\"inLanguage\":\"en-GB\",\"potentialAction\":[{\"@type\":\"ReadAction\",\"target\":[\"https:\/\/tuto.provacy.com\/governance\/mindmap\/\"]}]},{\"@type\":\"ImageObject\",\"inLanguage\":\"en-GB\",\"@id\":\"https:\/\/tuto.provacy.com\/governance\/mindmap\/#primaryimage\",\"url\":\"https:\/\/tuto.provacy.com\/wp-content\/uploads\/sites\/4\/2023\/08\/4c76576b-946a-40be-9ae4-58841605805c.png\",\"contentUrl\":\"https:\/\/tuto.provacy.com\/wp-content\/uploads\/sites\/4\/2023\/08\/4c76576b-946a-40be-9ae4-58841605805c.png\"},{\"@type\":\"BreadcrumbList\",\"@id\":\"https:\/\/tuto.provacy.com\/governance\/mindmap\/#breadcrumb\",\"itemListElement\":[{\"@type\":\"ListItem\",\"position\":1,\"name\":\"Accueil\",\"item\":\"https:\/\/tuto.provacy.com\/\"},{\"@type\":\"ListItem\",\"position\":2,\"name\":\"Pilotage\",\"item\":\"https:\/\/tuto.provacy.com\/governance\/\"},{\"@type\":\"ListItem\",\"position\":3,\"name\":\"Cartographie des traitements\"}]},{\"@type\":\"WebSite\",\"@id\":\"https:\/\/tuto.provacy.com\/#website\",\"url\":\"https:\/\/tuto.provacy.com\/\",\"name\":\"Guide utilisateur\",\"description\":\"\",\"publisher\":{\"@id\":\"https:\/\/tuto.provacy.com\/#organization\"},\"potentialAction\":[{\"@type\":\"SearchAction\",\"target\":{\"@type\":\"EntryPoint\",\"urlTemplate\":\"https:\/\/tuto.provacy.com\/?s={search_term_string}\"},\"query-input\":\"required name=search_term_string\"}],\"inLanguage\":\"en-GB\"},{\"@type\":\"Organization\",\"@id\":\"https:\/\/tuto.provacy.com\/#organization\",\"name\":\"Guide utilisateur\",\"url\":\"https:\/\/tuto.provacy.com\/\",\"logo\":{\"@type\":\"ImageObject\",\"inLanguage\":\"en-GB\",\"@id\":\"https:\/\/tuto.provacy.com\/#\/schema\/logo\/image\/\",\"url\":\"https:\/\/tuto.provacy.com\/wp-content\/uploads\/sites\/4\/2023\/10\/cropped-power-logo-white-slogan.png\",\"contentUrl\":\"https:\/\/tuto.provacy.com\/wp-content\/uploads\/sites\/4\/2023\/10\/cropped-power-logo-white-slogan.png\",\"width\":1231,\"height\":272,\"caption\":\"Guide utilisateur\"},\"image\":{\"@id\":\"https:\/\/tuto.provacy.com\/#\/schema\/logo\/image\/\"}}]}<\/script>\n<!-- \/ Yoast SEO plugin. -->","yoast_head_json":{"title":"Cartographie des traitements - Guide utilisateur","robots":{"index":"noindex","follow":"follow","max-snippet":"max-snippet:-1","max-image-preview":"max-image-preview:large","max-video-preview":"max-video-preview:-1"},"og_locale":"en_GB","og_type":"article","og_title":"Cartographie des traitements - Guide utilisateur","og_description":"Cartographie des traitements La cartographie vous permet de visualiser l\u2019ensemble des traitements d\u00e9clar\u00e9s sous forme de carte heuristique dynamique. Une arborescence intuitive Vous pouvez plier ou d\u00e9plier les branches de l\u2019arbre en cliquant sur les n\u0153uds, ou utiliser les boutons d\u00e9di\u00e9s \ud83c\udfaf Cet outil est id\u00e9al pour naviguer dans des structures complexes, faire un \u00e9tat &hellip; Cartographie des traitements Read More &raquo;","og_url":"https:\/\/tuto.provacy.com\/en\/governance\/mindmap\/","og_site_name":"Guide utilisateur","article_modified_time":"2025-07-04T15:27:11+00:00","og_image":[{"url":"https:\/\/tuto.provacy.com\/wp-content\/uploads\/sites\/4\/2023\/08\/4c76576b-946a-40be-9ae4-58841605805c.png"}],"twitter_card":"summary_large_image","schema":{"@context":"https:\/\/schema.org","@graph":[{"@type":"WebPage","@id":"https:\/\/tuto.provacy.com\/governance\/mindmap\/","url":"https:\/\/tuto.provacy.com\/governance\/mindmap\/","name":"Cartographie des traitements - Guide utilisateur","isPartOf":{"@id":"https:\/\/tuto.provacy.com\/#website"},"primaryImageOfPage":{"@id":"https:\/\/tuto.provacy.com\/governance\/mindmap\/#primaryimage"},"image":{"@id":"https:\/\/tuto.provacy.com\/governance\/mindmap\/#primaryimage"},"thumbnailUrl":"https:\/\/tuto.provacy.com\/wp-content\/uploads\/sites\/4\/2023\/08\/4c76576b-946a-40be-9ae4-58841605805c.png","datePublished":"2025-07-04T15:27:10+00:00","dateModified":"2025-07-04T15:27:11+00:00","breadcrumb":{"@id":"https:\/\/tuto.provacy.com\/governance\/mindmap\/#breadcrumb"},"inLanguage":"en-GB","potentialAction":[{"@type":"ReadAction","target":["https:\/\/tuto.provacy.com\/governance\/mindmap\/"]}]},{"@type":"ImageObject","inLanguage":"en-GB","@id":"https:\/\/tuto.provacy.com\/governance\/mindmap\/#primaryimage","url":"https:\/\/tuto.provacy.com\/wp-content\/uploads\/sites\/4\/2023\/08\/4c76576b-946a-40be-9ae4-58841605805c.png","contentUrl":"https:\/\/tuto.provacy.com\/wp-content\/uploads\/sites\/4\/2023\/08\/4c76576b-946a-40be-9ae4-58841605805c.png"},{"@type":"BreadcrumbList","@id":"https:\/\/tuto.provacy.com\/governance\/mindmap\/#breadcrumb","itemListElement":[{"@type":"ListItem","position":1,"name":"Accueil","item":"https:\/\/tuto.provacy.com\/"},{"@type":"ListItem","position":2,"name":"Pilotage","item":"https:\/\/tuto.provacy.com\/governance\/"},{"@type":"ListItem","position":3,"name":"Cartographie des traitements"}]},{"@type":"WebSite","@id":"https:\/\/tuto.provacy.com\/#website","url":"https:\/\/tuto.provacy.com\/","name":"Guide utilisateur","description":"","publisher":{"@id":"https:\/\/tuto.provacy.com\/#organization"},"potentialAction":[{"@type":"SearchAction","target":{"@type":"EntryPoint","urlTemplate":"https:\/\/tuto.provacy.com\/?s={search_term_string}"},"query-input":"required name=search_term_string"}],"inLanguage":"en-GB"},{"@type":"Organization","@id":"https:\/\/tuto.provacy.com\/#organization","name":"Guide utilisateur","url":"https:\/\/tuto.provacy.com\/","logo":{"@type":"ImageObject","inLanguage":"en-GB","@id":"https:\/\/tuto.provacy.com\/#\/schema\/logo\/image\/","url":"https:\/\/tuto.provacy.com\/wp-content\/uploads\/sites\/4\/2023\/10\/cropped-power-logo-white-slogan.png","contentUrl":"https:\/\/tuto.provacy.com\/wp-content\/uploads\/sites\/4\/2023\/10\/cropped-power-logo-white-slogan.png","width":1231,"height":272,"caption":"Guide utilisateur"},"image":{"@id":"https:\/\/tuto.provacy.com\/#\/schema\/logo\/image\/"}}]}},"_links":{"self":[{"href":"https:\/\/tuto.provacy.com\/en\/wp-json\/wp\/v2\/pages\/3893"}],"collection":[{"href":"https:\/\/tuto.provacy.com\/en\/wp-json\/wp\/v2\/pages"}],"about":[{"href":"https:\/\/tuto.provacy.com\/en\/wp-json\/wp\/v2\/types\/page"}],"author":[{"embeddable":true,"href":"https:\/\/tuto.provacy.com\/en\/wp-json\/wp\/v2\/users\/2"}],"replies":[{"embeddable":true,"href":"https:\/\/tuto.provacy.com\/en\/wp-json\/wp\/v2\/comments?post=3893"}],"version-history":[{"count":5,"href":"https:\/\/tuto.provacy.com\/en\/wp-json\/wp\/v2\/pages\/3893\/revisions"}],"predecessor-version":[{"id":3900,"href":"https:\/\/tuto.provacy.com\/en\/wp-json\/wp\/v2\/pages\/3893\/revisions\/3900"}],"up":[{"embeddable":true,"href":"https:\/\/tuto.provacy.com\/en\/wp-json\/wp\/v2\/pages\/3860"}],"wp:attachment":[{"href":"https:\/\/tuto.provacy.com\/en\/wp-json\/wp\/v2\/media?parent=3893"}],"curies":[{"name":"wp","href":"https:\/\/api.w.org\/{rel}","templated":true}]}}