{"id":3907,"date":"2025-07-04T14:18:14","date_gmt":"2025-07-04T12:18:14","guid":{"rendered":"https:\/\/tuto.provacy.com\/?page_id=3907"},"modified":"2025-07-08T13:01:14","modified_gmt":"2025-07-08T11:01:14","slug":"sidebar","status":"publish","type":"page","link":"https:\/\/tuto.provacy.com\/en\/governance\/sidebar\/","title":{"rendered":"Sidebar"},"content":{"rendered":"<div class=\"wp-block-group top-nav is-nowrap is-layout-flex wp-container-core-group-layout-1 wp-block-group-is-layout-flex\">\n\n<\/div>\n\n\n\n<h2 class=\"wp-block-heading\">Left sidebar<\/h2>\n\n\n\n<p class=\"translation-block\">Accessible via a discreet handle in the middle of the screen, the sidebar is <strong>reserved by default for the DPO team<\/strong> (DPO and assistants), but access can be extended to representatives or other roles upon request.<\/p>\n\n\n\n<div class=\"wp-block-group is-nowrap is-layout-flex wp-container-core-group-layout-2 wp-block-group-is-layout-flex\" style=\"padding-top:var(--wp--preset--spacing--40);padding-right:var(--wp--preset--spacing--80);padding-bottom:var(--wp--preset--spacing--40);padding-left:var(--wp--preset--spacing--80)\">\n<figure class=\"wp-block-image size-large is-resized\"><img decoding=\"async\" src=\"https:\/\/tuto.provacy.com\/wp-content\/uploads\/sites\/4\/2023\/08\/61458e1d-7f80-429e-a224-479c6099223d.png\" alt=\"\" style=\"width:800px\"\/><\/figure>\n<\/div>\n\n\n\n<h3 class=\"wp-block-heading\">A three-panel layout<\/h3>\n\n\n\n<p class=\"translation-block\">The panel is structured into <strong>three collapsible sections<\/strong>, all <strong>closed by default<\/strong> for a clean interface:<\/p>\n\n\n\n<h5 class=\"wp-block-heading\">\u2b50 Favorites<\/h5>\n\n\n\n<ul>\n<li>A form marked as favorite (processing, contract, right, activity, breach) appears here.<\/li>\n\n\n\n<li class=\"translation-block\">Useful for creating <strong>your own working binder<\/strong> and <strong>quickly opening forms<\/strong> with a single click.<\/li>\n<\/ul>\n\n\n\n<h5 class=\"wp-block-heading\">\ud83d\udcac Comments<\/h5>\n\n\n\n<ul>\n<li class=\"translation-block\">Find <strong>all comments left<\/strong> in the forms\u2019 discussion area.<\/li>\n\n\n\n<li class=\"translation-block\">Messages are <strong>sorted by date<\/strong>, showing the author\u2019s name.<\/li>\n\n\n\n<li class=\"translation-block\">A click opens the related form directly to <strong>reply or continue the discussion<\/strong>.<\/li>\n<\/ul>\n\n\n\n<h5 class=\"wp-block-heading\">\ud83d\udd52 Log<\/h5>\n\n\n\n<ul>\n<li class=\"translation-block\">All actions performed in the application are logged here: <strong>creation, publication, archiving<\/strong>, with <strong>user, time, and related form<\/strong>.<\/li>\n\n\n\n<li class=\"translation-block\">A single click is enough to <strong>open the related form<\/strong>.<\/li>\n<\/ul>\n\n\n\n<div class=\"wp-block-group is-nowrap is-layout-flex wp-container-core-group-layout-3 wp-block-group-is-layout-flex\" style=\"padding-top:var(--wp--preset--spacing--40);padding-right:var(--wp--preset--spacing--80);padding-bottom:var(--wp--preset--spacing--40);padding-left:var(--wp--preset--spacing--80)\">\n<figure class=\"wp-block-image size-large\"><img decoding=\"async\" src=\"https:\/\/tuto.provacy.com\/wp-content\/uploads\/sites\/4\/2023\/08\/aeb6905b-ba9d-4ed4-8021-aca9c17f1617.png\" alt=\"\"\/><\/figure>\n<\/div>\n\n\n\n<h3 class=\"wp-block-heading\">A clear and customizable interface<\/h3>\n\n\n\n<ul>\n<li class=\"translation-block\">The <strong>compliance menu color codes<\/strong> are used in each section: an immediate visual reference.<\/li>\n\n\n\n<li class=\"translation-block\">The <strong>Provacy support can customize<\/strong> the panel display upon request (showing only 1 or 2 sections).<\/li>\n<\/ul>\n\n\n\n<blockquote class=\"wp-block-quote\">\n<p>\ud83d\udd0d A discreet yet incredibly effective tool to track activities, centralize discussions, and keep key forms at your fingertips.<\/p>\n<\/blockquote>\n\n\n\n<div class=\"wp-block-columns bottom-nav is-layout-flex wp-container-core-columns-layout-1 wp-block-columns-is-layout-flex\">\n<div class=\"wp-block-column is-layout-flow wp-block-column-is-layout-flow\" style=\"flex-basis:25%\"><\/div>\n\n\n\n<div class=\"wp-block-column is-layout-flow wp-block-column-is-layout-flow\" style=\"flex-basis:50%\"><\/div>\n\n\n\n<div class=\"wp-block-column is-layout-flow wp-block-column-is-layout-flow\" style=\"flex-basis:25%\"><\/div>\n<\/div>\n\n\n\n<span class=\"sidebar-toggle hidden\" title=\"Show\/Hide side menu\"><i class=\"fal fa-table-layout\"><\/i><\/span>\n<script src=\"\/wp-includes\/js\/provacy\/js.cookie.min.js\"><\/script>\n<script>\nvar shown = true, $ = jQuery, b = $('body'), t = $('.sidebar-toggle'), c = Cookies.get('sidebar');\nif (c) {\n  shown = c == 1;\n}\nb.addClass('sidebar-' + (shown ? 'shown' : 'hidden'));\nif (shown) {\n  t.find('i').toggleClass('fa-table-layout fa-window-maximize');\n}\nt.on('click', function() {\n  shown = !shown;\n  t.find('i').toggleClass('fa-table-layout fa-window-maximize');\n  b.toggleClass('sidebar-shown sidebar-hidden');\n  Cookies.set('sidebar', shown ? 1 : 0, { expires: 30 });\n});\n\n$('figure.wp-lightbox-container').on('click', function(e) {\n  var img = $(e.target).parents('figure:first').find('img:first'), src = img.attr('src'), enlarged = $('figure.enlarged-image img.' + img.attr('class'));\n  if (enlarged.length && src != enlarged.attr('src')) {\n    let count = 0;\n    function incr() {\n      count++;\n      if (src != enlarged.attr('src'))\n        enlarged.attr('src', src);\n      if (count >= 10) {\n        clearInterval(intervalId);\n      }\n    }\n    const intervalId = setInterval(incr, 100);\n  }\n\n  \/\/console.log('lightbox clicked', e, this);\n});\n\n<\/script>","protected":false},"excerpt":{"rendered":"<p>Volet lat\u00e9ral gauche (Sidebar) Accessible via une poign\u00e9e discr\u00e8te en milieu d\u2019\u00e9cran, le volet lat\u00e9ral est r\u00e9serv\u00e9 par d\u00e9faut \u00e0 l\u2019\u00e9quipe DPO (DPO et assistants), mais son acc\u00e8s peut \u00eatre \u00e9largi aux r\u00e9f\u00e9rents ou d'autres r\u00f4les, sur demande. Une organisation en trois volets Le volet est structur\u00e9 en trois sections pliables, toutes ferm\u00e9es par d\u00e9faut &hellip;<\/p>\n<p class=\"read-more\"> <a class=\"\" href=\"https:\/\/tuto.provacy.com\/en\/governance\/sidebar\/\"> <span class=\"screen-reader-text\">Sidebar<\/span> Read More &raquo;<\/a><\/p>","protected":false},"author":2,"featured_media":0,"parent":3860,"menu_order":103,"comment_status":"closed","ping_status":"closed","template":"","meta":{"site-sidebar-layout":"default","site-content-layout":"","ast-site-content-layout":"default","site-content-style":"default","site-sidebar-style":"default","ast-global-header-display":"","ast-banner-title-visibility":"","ast-main-header-display":"","ast-hfb-above-header-display":"","ast-hfb-below-header-display":"","ast-hfb-mobile-header-display":"","site-post-title":"","ast-breadcrumbs-content":"","ast-featured-img":"","footer-sml-layout":"","theme-transparent-header-meta":"","adv-header-id-meta":"","stick-header-meta":"","header-above-stick-meta":"","header-main-stick-meta":"","header-below-stick-meta":"","astra-migrate-meta-layouts":"set","footnotes":""},"yoast_head":"<!-- This site is optimized with the Yoast SEO plugin v23.3 - https:\/\/yoast.com\/wordpress\/plugins\/seo\/ -->\n<title>Volet lat\u00e9ral - Guide utilisateur<\/title>\n<meta name=\"robots\" content=\"noindex, follow, max-snippet:-1, max-image-preview:large, max-video-preview:-1\" \/>\n<meta property=\"og:locale\" content=\"en_GB\" \/>\n<meta property=\"og:type\" content=\"article\" \/>\n<meta property=\"og:title\" content=\"Volet lat\u00e9ral - Guide utilisateur\" \/>\n<meta property=\"og:description\" content=\"Volet lat\u00e9ral gauche (Sidebar) Accessible via une poign\u00e9e discr\u00e8te en milieu d\u2019\u00e9cran, le volet lat\u00e9ral est r\u00e9serv\u00e9 par d\u00e9faut \u00e0 l\u2019\u00e9quipe DPO (DPO et assistants), mais son acc\u00e8s peut \u00eatre \u00e9largi aux r\u00e9f\u00e9rents ou d&#039;autres r\u00f4les, sur demande. Une organisation en trois volets Le volet est structur\u00e9 en trois sections pliables, toutes ferm\u00e9es par d\u00e9faut &hellip; Volet lat\u00e9ral Read More &raquo;\" \/>\n<meta property=\"og:url\" content=\"https:\/\/tuto.provacy.com\/en\/governance\/sidebar\/\" \/>\n<meta property=\"og:site_name\" content=\"Guide utilisateur\" \/>\n<meta property=\"article:modified_time\" content=\"2025-07-08T11:01:14+00:00\" \/>\n<meta property=\"og:image\" content=\"https:\/\/tuto.provacy.com\/wp-content\/uploads\/sites\/4\/2023\/08\/e70154cc-0d8b-4ec8-8107-ca6272706581.png\" \/>\n<meta name=\"twitter:card\" content=\"summary_large_image\" \/>\n<meta name=\"twitter:label1\" content=\"Estimated reading time\" \/>\n\t<meta name=\"twitter:data1\" content=\"2 minutes\" \/>\n<script type=\"application\/ld+json\" class=\"yoast-schema-graph\">{\"@context\":\"https:\/\/schema.org\",\"@graph\":[{\"@type\":\"WebPage\",\"@id\":\"https:\/\/tuto.provacy.com\/governance\/sidebar\/\",\"url\":\"https:\/\/tuto.provacy.com\/governance\/sidebar\/\",\"name\":\"Volet lat\u00e9ral - Guide utilisateur\",\"isPartOf\":{\"@id\":\"https:\/\/tuto.provacy.com\/#website\"},\"primaryImageOfPage\":{\"@id\":\"https:\/\/tuto.provacy.com\/governance\/sidebar\/#primaryimage\"},\"image\":{\"@id\":\"https:\/\/tuto.provacy.com\/governance\/sidebar\/#primaryimage\"},\"thumbnailUrl\":\"https:\/\/tuto.provacy.com\/wp-content\/uploads\/sites\/4\/2023\/08\/e70154cc-0d8b-4ec8-8107-ca6272706581.png\",\"datePublished\":\"2025-07-04T12:18:14+00:00\",\"dateModified\":\"2025-07-08T11:01:14+00:00\",\"breadcrumb\":{\"@id\":\"https:\/\/tuto.provacy.com\/governance\/sidebar\/#breadcrumb\"},\"inLanguage\":\"en-GB\",\"potentialAction\":[{\"@type\":\"ReadAction\",\"target\":[\"https:\/\/tuto.provacy.com\/governance\/sidebar\/\"]}]},{\"@type\":\"ImageObject\",\"inLanguage\":\"en-GB\",\"@id\":\"https:\/\/tuto.provacy.com\/governance\/sidebar\/#primaryimage\",\"url\":\"https:\/\/tuto.provacy.com\/wp-content\/uploads\/sites\/4\/2023\/08\/e70154cc-0d8b-4ec8-8107-ca6272706581.png\",\"contentUrl\":\"https:\/\/tuto.provacy.com\/wp-content\/uploads\/sites\/4\/2023\/08\/e70154cc-0d8b-4ec8-8107-ca6272706581.png\"},{\"@type\":\"BreadcrumbList\",\"@id\":\"https:\/\/tuto.provacy.com\/governance\/sidebar\/#breadcrumb\",\"itemListElement\":[{\"@type\":\"ListItem\",\"position\":1,\"name\":\"Accueil\",\"item\":\"https:\/\/tuto.provacy.com\/\"},{\"@type\":\"ListItem\",\"position\":2,\"name\":\"Pilotage\",\"item\":\"https:\/\/tuto.provacy.com\/governance\/\"},{\"@type\":\"ListItem\",\"position\":3,\"name\":\"Volet lat\u00e9ral\"}]},{\"@type\":\"WebSite\",\"@id\":\"https:\/\/tuto.provacy.com\/#website\",\"url\":\"https:\/\/tuto.provacy.com\/\",\"name\":\"Guide utilisateur\",\"description\":\"\",\"publisher\":{\"@id\":\"https:\/\/tuto.provacy.com\/#organization\"},\"potentialAction\":[{\"@type\":\"SearchAction\",\"target\":{\"@type\":\"EntryPoint\",\"urlTemplate\":\"https:\/\/tuto.provacy.com\/?s={search_term_string}\"},\"query-input\":\"required name=search_term_string\"}],\"inLanguage\":\"en-GB\"},{\"@type\":\"Organization\",\"@id\":\"https:\/\/tuto.provacy.com\/#organization\",\"name\":\"Guide utilisateur\",\"url\":\"https:\/\/tuto.provacy.com\/\",\"logo\":{\"@type\":\"ImageObject\",\"inLanguage\":\"en-GB\",\"@id\":\"https:\/\/tuto.provacy.com\/#\/schema\/logo\/image\/\",\"url\":\"https:\/\/tuto.provacy.com\/wp-content\/uploads\/sites\/4\/2023\/10\/cropped-power-logo-white-slogan.png\",\"contentUrl\":\"https:\/\/tuto.provacy.com\/wp-content\/uploads\/sites\/4\/2023\/10\/cropped-power-logo-white-slogan.png\",\"width\":1231,\"height\":272,\"caption\":\"Guide utilisateur\"},\"image\":{\"@id\":\"https:\/\/tuto.provacy.com\/#\/schema\/logo\/image\/\"}}]}<\/script>\n<!-- \/ Yoast SEO plugin. -->","yoast_head_json":{"title":"Volet lat\u00e9ral - Guide utilisateur","robots":{"index":"noindex","follow":"follow","max-snippet":"max-snippet:-1","max-image-preview":"max-image-preview:large","max-video-preview":"max-video-preview:-1"},"og_locale":"en_GB","og_type":"article","og_title":"Volet lat\u00e9ral - Guide utilisateur","og_description":"Volet lat\u00e9ral gauche (Sidebar) Accessible via une poign\u00e9e discr\u00e8te en milieu d\u2019\u00e9cran, le volet lat\u00e9ral est r\u00e9serv\u00e9 par d\u00e9faut \u00e0 l\u2019\u00e9quipe DPO (DPO et assistants), mais son acc\u00e8s peut \u00eatre \u00e9largi aux r\u00e9f\u00e9rents ou d'autres r\u00f4les, sur demande. Une organisation en trois volets Le volet est structur\u00e9 en trois sections pliables, toutes ferm\u00e9es par d\u00e9faut &hellip; Volet lat\u00e9ral Read More &raquo;","og_url":"https:\/\/tuto.provacy.com\/en\/governance\/sidebar\/","og_site_name":"Guide utilisateur","article_modified_time":"2025-07-08T11:01:14+00:00","og_image":[{"url":"https:\/\/tuto.provacy.com\/wp-content\/uploads\/sites\/4\/2023\/08\/e70154cc-0d8b-4ec8-8107-ca6272706581.png"}],"twitter_card":"summary_large_image","twitter_misc":{"Estimated reading time":"2 minutes"},"schema":{"@context":"https:\/\/schema.org","@graph":[{"@type":"WebPage","@id":"https:\/\/tuto.provacy.com\/governance\/sidebar\/","url":"https:\/\/tuto.provacy.com\/governance\/sidebar\/","name":"Volet lat\u00e9ral - Guide utilisateur","isPartOf":{"@id":"https:\/\/tuto.provacy.com\/#website"},"primaryImageOfPage":{"@id":"https:\/\/tuto.provacy.com\/governance\/sidebar\/#primaryimage"},"image":{"@id":"https:\/\/tuto.provacy.com\/governance\/sidebar\/#primaryimage"},"thumbnailUrl":"https:\/\/tuto.provacy.com\/wp-content\/uploads\/sites\/4\/2023\/08\/e70154cc-0d8b-4ec8-8107-ca6272706581.png","datePublished":"2025-07-04T12:18:14+00:00","dateModified":"2025-07-08T11:01:14+00:00","breadcrumb":{"@id":"https:\/\/tuto.provacy.com\/governance\/sidebar\/#breadcrumb"},"inLanguage":"en-GB","potentialAction":[{"@type":"ReadAction","target":["https:\/\/tuto.provacy.com\/governance\/sidebar\/"]}]},{"@type":"ImageObject","inLanguage":"en-GB","@id":"https:\/\/tuto.provacy.com\/governance\/sidebar\/#primaryimage","url":"https:\/\/tuto.provacy.com\/wp-content\/uploads\/sites\/4\/2023\/08\/e70154cc-0d8b-4ec8-8107-ca6272706581.png","contentUrl":"https:\/\/tuto.provacy.com\/wp-content\/uploads\/sites\/4\/2023\/08\/e70154cc-0d8b-4ec8-8107-ca6272706581.png"},{"@type":"BreadcrumbList","@id":"https:\/\/tuto.provacy.com\/governance\/sidebar\/#breadcrumb","itemListElement":[{"@type":"ListItem","position":1,"name":"Accueil","item":"https:\/\/tuto.provacy.com\/"},{"@type":"ListItem","position":2,"name":"Pilotage","item":"https:\/\/tuto.provacy.com\/governance\/"},{"@type":"ListItem","position":3,"name":"Volet lat\u00e9ral"}]},{"@type":"WebSite","@id":"https:\/\/tuto.provacy.com\/#website","url":"https:\/\/tuto.provacy.com\/","name":"Guide utilisateur","description":"","publisher":{"@id":"https:\/\/tuto.provacy.com\/#organization"},"potentialAction":[{"@type":"SearchAction","target":{"@type":"EntryPoint","urlTemplate":"https:\/\/tuto.provacy.com\/?s={search_term_string}"},"query-input":"required name=search_term_string"}],"inLanguage":"en-GB"},{"@type":"Organization","@id":"https:\/\/tuto.provacy.com\/#organization","name":"Guide utilisateur","url":"https:\/\/tuto.provacy.com\/","logo":{"@type":"ImageObject","inLanguage":"en-GB","@id":"https:\/\/tuto.provacy.com\/#\/schema\/logo\/image\/","url":"https:\/\/tuto.provacy.com\/wp-content\/uploads\/sites\/4\/2023\/10\/cropped-power-logo-white-slogan.png","contentUrl":"https:\/\/tuto.provacy.com\/wp-content\/uploads\/sites\/4\/2023\/10\/cropped-power-logo-white-slogan.png","width":1231,"height":272,"caption":"Guide utilisateur"},"image":{"@id":"https:\/\/tuto.provacy.com\/#\/schema\/logo\/image\/"}}]}},"_links":{"self":[{"href":"https:\/\/tuto.provacy.com\/en\/wp-json\/wp\/v2\/pages\/3907"}],"collection":[{"href":"https:\/\/tuto.provacy.com\/en\/wp-json\/wp\/v2\/pages"}],"about":[{"href":"https:\/\/tuto.provacy.com\/en\/wp-json\/wp\/v2\/types\/page"}],"author":[{"embeddable":true,"href":"https:\/\/tuto.provacy.com\/en\/wp-json\/wp\/v2\/users\/2"}],"replies":[{"embeddable":true,"href":"https:\/\/tuto.provacy.com\/en\/wp-json\/wp\/v2\/comments?post=3907"}],"version-history":[{"count":5,"href":"https:\/\/tuto.provacy.com\/en\/wp-json\/wp\/v2\/pages\/3907\/revisions"}],"predecessor-version":[{"id":3968,"href":"https:\/\/tuto.provacy.com\/en\/wp-json\/wp\/v2\/pages\/3907\/revisions\/3968"}],"up":[{"embeddable":true,"href":"https:\/\/tuto.provacy.com\/en\/wp-json\/wp\/v2\/pages\/3860"}],"wp:attachment":[{"href":"https:\/\/tuto.provacy.com\/en\/wp-json\/wp\/v2\/media?parent=3907"}],"curies":[{"name":"wp","href":"https:\/\/api.w.org\/{rel}","templated":true}]}}