{"id":4001,"date":"2025-09-17T16:55:19","date_gmt":"2025-09-17T14:55:19","guid":{"rendered":"https:\/\/tuto.provacy.com\/?page_id=4001"},"modified":"2025-09-22T11:39:58","modified_gmt":"2025-09-22T09:39:58","slug":"description","status":"publish","type":"page","link":"https:\/\/tuto.provacy.com\/en\/ais\/description\/","title":{"rendered":"1. Description"},"content":{"rendered":"<h2 class=\"wp-block-heading\">Description<\/h2>\n\n\n\n<div class=\"wp-block-group top-nav is-nowrap is-layout-flex wp-container-core-group-layout-1 wp-block-group-is-layout-flex\">\n\n<\/div>\n\n\n\n<div class=\"wp-block-group is-content-justification-center is-nowrap is-layout-flex wp-container-core-group-layout-2 wp-block-group-is-layout-flex\" style=\"margin-top:var(--wp--preset--spacing--50);margin-bottom:var(--wp--preset--spacing--50);padding-top:var(--wp--preset--spacing--40);padding-right:0;padding-bottom:var(--wp--preset--spacing--40);padding-left:0\">\n<figure class=\"wp-block-image size-large\"><img decoding=\"async\" src=\"https:\/\/tuto.provacy.com\/wp-content\/uploads\/sites\/4\/2023\/08\/a907f114-2d8e-4def-8a24-d64ae40bc61d.png\" alt=\"\" \/><\/figure>\n<\/div>\n\n\n\n<h5 class=\"wp-block-heading\">Software and tools<\/h5>\n\n\n\n<p>By creating your system in Software\/Tool, you can link it to your processing forms when they involve personal data. This will allow you to: <\/p>\n\n\n\n<ul>\n<li>check, from the list of tools, which ones have an AI System form, <\/li>\n\n\n\n<li>see, from the list of processing activities, which ones use an AI System, <\/li>\n\n\n\n<li>retrieve the associated processing activities from the list of AI Systems.<\/li>\n<\/ul>\n\n\n\n<div class=\"wp-block-group is-content-justification-center is-nowrap is-layout-flex wp-container-core-group-layout-3 wp-block-group-is-layout-flex\" style=\"padding-top:var(--wp--preset--spacing--40);padding-right:var(--wp--preset--spacing--80);padding-bottom:var(--wp--preset--spacing--40);padding-left:var(--wp--preset--spacing--80)\">\n<figure class=\"wp-block-image size-large is-resized\"><img decoding=\"async\" src=\"https:\/\/tuto.provacy.com\/wp-content\/uploads\/sites\/4\/2023\/08\/c84cb81e-002d-4d0d-b6f1-8ed132bfd1c3.png\" alt=\"\" style=\"width:300px\" \/><\/figure>\n<\/div>\n\n\n\n<div class=\"wp-block-group is-content-justification-center is-nowrap is-layout-flex wp-container-core-group-layout-4 wp-block-group-is-layout-flex\" style=\"padding-top:var(--wp--preset--spacing--40);padding-right:var(--wp--preset--spacing--80);padding-bottom:var(--wp--preset--spacing--40);padding-left:var(--wp--preset--spacing--80)\">\n<figure class=\"wp-block-image size-large\"><img loading=\"lazy\" decoding=\"async\" width=\"1024\" height=\"204\" src=\"https:\/\/tuto.provacy.com\/wp-content\/uploads\/sites\/4\/2025\/09\/DESC_EN1.png\" alt=\"\" class=\"wp-image-4002\" srcset=\"https:\/\/tuto.provacy.com\/wp-content\/uploads\/sites\/4\/2025\/09\/DESC_EN1.png 1638w, https:\/\/tuto.provacy.com\/wp-content\/uploads\/sites\/4\/2025\/09\/DESC_EN1-300x63.png 300w, https:\/\/tuto.provacy.com\/wp-content\/uploads\/sites\/4\/2025\/09\/DESC_EN1-1024x214.png 1024w, https:\/\/tuto.provacy.com\/wp-content\/uploads\/sites\/4\/2025\/09\/DESC_EN1-768x161.png 768w, https:\/\/tuto.provacy.com\/wp-content\/uploads\/sites\/4\/2025\/09\/DESC_EN1-1536x322.png 1536w, https:\/\/tuto.provacy.com\/wp-content\/uploads\/sites\/4\/2025\/09\/DESC_EN1-18x4.png 18w\" sizes=\"(max-width: 1024px) 100vw, 1024px\" \/><\/figure>\n<\/div>\n\n\n\n<div class=\"wp-block-group is-content-justification-center is-nowrap is-layout-flex wp-container-core-group-layout-5 wp-block-group-is-layout-flex\" style=\"padding-top:var(--wp--preset--spacing--40);padding-right:var(--wp--preset--spacing--80);padding-bottom:var(--wp--preset--spacing--40);padding-left:var(--wp--preset--spacing--80)\">\n<figure class=\"wp-block-image size-large\"><img decoding=\"async\" src=\"https:\/\/tuto.provacy.com\/wp-content\/uploads\/sites\/4\/2023\/08\/5b7e1384-e63f-45a0-9f38-642753e320d4.png\" alt=\"\" \/><\/figure>\n<\/div>\n\n\n\n<h5 class=\"wp-block-heading\">Field management<\/h5>\n\n\n\n<p>Default choice lists are provided to define: <\/p>\n\n\n\n<ul>\n<li class=\"translation-block\">the <strong>AI family<\/strong> (generative, predictive, autonomous, etc.),<\/li>\n\n\n\n<li class=\"translation-block\">the <strong>types of data<\/strong> used (no personal data, anonymized, sensitive personal data, etc.)<\/li>\n\n\n\n<li class=\"translation-block\">the <strong>status<\/strong> of the system (pending deployment, in deployment, active, archived).<\/li>\n<\/ul>\n\n\n\n<p>The Provacy administrator has control to customize these fields from the Administration menu:<\/p>\n\n\n\n<div class=\"wp-block-group is-content-justification-center is-nowrap is-layout-flex wp-container-core-group-layout-6 wp-block-group-is-layout-flex\" style=\"padding-top:var(--wp--preset--spacing--40);padding-right:var(--wp--preset--spacing--80);padding-bottom:var(--wp--preset--spacing--40);padding-left:var(--wp--preset--spacing--80)\">\n<figure class=\"wp-block-image size-large\"><img decoding=\"async\" src=\"https:\/\/tuto.provacy.com\/wp-content\/uploads\/sites\/4\/2023\/08\/a4aa0f2e-cb68-4b29-8238-9e413781bb80.png\" alt=\"\" \/><\/figure>\n<\/div>\n\n\n\n<blockquote class=\"wp-block-quote\">\n<p>\ud83d\udca1Missing fields to describe your AI systems? Request them from Support!<\/p>\n<\/blockquote>\n\n\n\n<div class=\"wp-block-columns bottom-nav is-layout-flex wp-container-core-columns-layout-1 wp-block-columns-is-layout-flex\">\n<div class=\"wp-block-column is-layout-flow wp-block-column-is-layout-flow\" style=\"flex-basis:25%\"><\/div>\n\n\n\n<div class=\"wp-block-column is-layout-flow wp-block-column-is-layout-flow\" style=\"flex-basis:50%\"><\/div>\n\n\n\n<div class=\"wp-block-column is-layout-flow wp-block-column-is-layout-flow\" style=\"flex-basis:25%\"><\/div>\n<\/div>\n\n\n\n<span class=\"sidebar-toggle hidden\" title=\"Show\/Hide side menu\"><i class=\"fal fa-table-layout\"><\/i><\/span>\n<script src=\"\/wp-includes\/js\/provacy\/js.cookie.min.js\"><\/script>\n<script>\nvar shown = true, $ = jQuery, b = $('body'), t = $('.sidebar-toggle'), c = Cookies.get('sidebar');\nif (c) {\n  shown = c == 1;\n}\nb.addClass('sidebar-' + (shown ? 'shown' : 'hidden'));\nif (shown) {\n  t.find('i').toggleClass('fa-table-layout fa-window-maximize');\n}\nt.on('click', function() {\n  shown = !shown;\n  t.find('i').toggleClass('fa-table-layout fa-window-maximize');\n  b.toggleClass('sidebar-shown sidebar-hidden');\n  Cookies.set('sidebar', shown ? 1 : 0, { expires: 30 });\n});\n\n$('figure.wp-lightbox-container').on('click', function(e) {\n  var img = $(e.target).parents('figure:first').find('img:first'), src = img.attr('src'), enlarged = $('figure.enlarged-image img.' + img.attr('class'));\n  if (enlarged.length && src != enlarged.attr('src')) {\n    let count = 0;\n    function incr() {\n      count++;\n      if (src != enlarged.attr('src'))\n        enlarged.attr('src', src);\n      if (count >= 10) {\n        clearInterval(intervalId);\n      }\n    }\n    const intervalId = setInterval(incr, 100);\n  }\n\n  \/\/console.log('lightbox clicked', e, this);\n});\n\n<\/script>","protected":false},"excerpt":{"rendered":"<p>Description Logiciel et outils En cr\u00e9ant votre syst\u00e8me dans Logiciel\/outil, vous pouvez le lier \u00e0 vos fiches de traitements lorsqu\u2019elles impliquent des donn\u00e9es personnelles. Vous pourrez ainsi : Administration des champs Des listes de choix sont propos\u00e9es par d\u00e9faut pour d\u00e9finir : L'administrateur Provacy a la main pour personnaliser ces champs depuis le menu Administration &hellip;<\/p>\n<p class=\"read-more\"> <a class=\"\" href=\"https:\/\/tuto.provacy.com\/en\/ais\/description\/\"> <span class=\"screen-reader-text\">1. Description<\/span> Read More &raquo;<\/a><\/p>","protected":false},"author":2,"featured_media":0,"parent":3987,"menu_order":114,"comment_status":"closed","ping_status":"closed","template":"","meta":{"site-sidebar-layout":"default","site-content-layout":"","ast-site-content-layout":"default","site-content-style":"default","site-sidebar-style":"default","ast-global-header-display":"","ast-banner-title-visibility":"","ast-main-header-display":"","ast-hfb-above-header-display":"","ast-hfb-below-header-display":"","ast-hfb-mobile-header-display":"","site-post-title":"","ast-breadcrumbs-content":"","ast-featured-img":"","footer-sml-layout":"","theme-transparent-header-meta":"","adv-header-id-meta":"","stick-header-meta":"","header-above-stick-meta":"","header-main-stick-meta":"","header-below-stick-meta":"","astra-migrate-meta-layouts":"set","footnotes":""},"yoast_head":"<!-- This site is optimized with the Yoast SEO plugin v23.3 - https:\/\/yoast.com\/wordpress\/plugins\/seo\/ -->\n<title>1. Description - Guide utilisateur<\/title>\n<meta name=\"robots\" content=\"noindex, follow, max-snippet:-1, max-image-preview:large, max-video-preview:-1\" \/>\n<meta property=\"og:locale\" content=\"en_GB\" \/>\n<meta property=\"og:type\" content=\"article\" \/>\n<meta property=\"og:title\" content=\"1. Description - Guide utilisateur\" \/>\n<meta property=\"og:description\" content=\"Description Logiciel et outils En cr\u00e9ant votre syst\u00e8me dans Logiciel\/outil, vous pouvez le lier \u00e0 vos fiches de traitements lorsqu\u2019elles impliquent des donn\u00e9es personnelles. Vous pourrez ainsi : Administration des champs Des listes de choix sont propos\u00e9es par d\u00e9faut pour d\u00e9finir : L&#039;administrateur Provacy a la main pour personnaliser ces champs depuis le menu Administration &hellip; 1. Description Read More &raquo;\" \/>\n<meta property=\"og:url\" content=\"https:\/\/tuto.provacy.com\/en\/ais\/description\/\" \/>\n<meta property=\"og:site_name\" content=\"Guide utilisateur\" \/>\n<meta property=\"article:modified_time\" content=\"2025-09-22T09:39:58+00:00\" \/>\n<meta property=\"og:image\" content=\"https:\/\/tuto.provacy.com\/wp-content\/uploads\/sites\/4\/2023\/08\/2b74b480-a626-4599-8001-0a11a9e0072c.png\" \/>\n<meta name=\"twitter:card\" content=\"summary_large_image\" \/>\n<meta name=\"twitter:label1\" content=\"Estimated reading time\" \/>\n\t<meta name=\"twitter:data1\" content=\"7 minutes\" \/>\n<script type=\"application\/ld+json\" class=\"yoast-schema-graph\">{\"@context\":\"https:\/\/schema.org\",\"@graph\":[{\"@type\":\"WebPage\",\"@id\":\"https:\/\/tuto.provacy.com\/ais\/description\/\",\"url\":\"https:\/\/tuto.provacy.com\/ais\/description\/\",\"name\":\"1. Description - Guide utilisateur\",\"isPartOf\":{\"@id\":\"https:\/\/tuto.provacy.com\/#website\"},\"primaryImageOfPage\":{\"@id\":\"https:\/\/tuto.provacy.com\/ais\/description\/#primaryimage\"},\"image\":{\"@id\":\"https:\/\/tuto.provacy.com\/ais\/description\/#primaryimage\"},\"thumbnailUrl\":\"https:\/\/tuto.provacy.com\/wp-content\/uploads\/sites\/4\/2023\/08\/2b74b480-a626-4599-8001-0a11a9e0072c.png\",\"datePublished\":\"2025-09-17T14:55:19+00:00\",\"dateModified\":\"2025-09-22T09:39:58+00:00\",\"breadcrumb\":{\"@id\":\"https:\/\/tuto.provacy.com\/ais\/description\/#breadcrumb\"},\"inLanguage\":\"en-GB\",\"potentialAction\":[{\"@type\":\"ReadAction\",\"target\":[\"https:\/\/tuto.provacy.com\/ais\/description\/\"]}]},{\"@type\":\"ImageObject\",\"inLanguage\":\"en-GB\",\"@id\":\"https:\/\/tuto.provacy.com\/ais\/description\/#primaryimage\",\"url\":\"https:\/\/tuto.provacy.com\/wp-content\/uploads\/sites\/4\/2023\/08\/2b74b480-a626-4599-8001-0a11a9e0072c.png\",\"contentUrl\":\"https:\/\/tuto.provacy.com\/wp-content\/uploads\/sites\/4\/2023\/08\/2b74b480-a626-4599-8001-0a11a9e0072c.png\"},{\"@type\":\"BreadcrumbList\",\"@id\":\"https:\/\/tuto.provacy.com\/ais\/description\/#breadcrumb\",\"itemListElement\":[{\"@type\":\"ListItem\",\"position\":1,\"name\":\"Accueil\",\"item\":\"https:\/\/tuto.provacy.com\/\"},{\"@type\":\"ListItem\",\"position\":2,\"name\":\"Syst\u00e8mes d'IA\",\"item\":\"https:\/\/tuto.provacy.com\/ais\/\"},{\"@type\":\"ListItem\",\"position\":3,\"name\":\"1. Description\"}]},{\"@type\":\"WebSite\",\"@id\":\"https:\/\/tuto.provacy.com\/#website\",\"url\":\"https:\/\/tuto.provacy.com\/\",\"name\":\"Guide utilisateur\",\"description\":\"\",\"publisher\":{\"@id\":\"https:\/\/tuto.provacy.com\/#organization\"},\"potentialAction\":[{\"@type\":\"SearchAction\",\"target\":{\"@type\":\"EntryPoint\",\"urlTemplate\":\"https:\/\/tuto.provacy.com\/?s={search_term_string}\"},\"query-input\":\"required name=search_term_string\"}],\"inLanguage\":\"en-GB\"},{\"@type\":\"Organization\",\"@id\":\"https:\/\/tuto.provacy.com\/#organization\",\"name\":\"Guide utilisateur\",\"url\":\"https:\/\/tuto.provacy.com\/\",\"logo\":{\"@type\":\"ImageObject\",\"inLanguage\":\"en-GB\",\"@id\":\"https:\/\/tuto.provacy.com\/#\/schema\/logo\/image\/\",\"url\":\"https:\/\/tuto.provacy.com\/wp-content\/uploads\/sites\/4\/2023\/10\/cropped-power-logo-white-slogan.png\",\"contentUrl\":\"https:\/\/tuto.provacy.com\/wp-content\/uploads\/sites\/4\/2023\/10\/cropped-power-logo-white-slogan.png\",\"width\":1231,\"height\":272,\"caption\":\"Guide utilisateur\"},\"image\":{\"@id\":\"https:\/\/tuto.provacy.com\/#\/schema\/logo\/image\/\"}}]}<\/script>\n<!-- \/ Yoast SEO plugin. -->","yoast_head_json":{"title":"1. Description - Guide utilisateur","robots":{"index":"noindex","follow":"follow","max-snippet":"max-snippet:-1","max-image-preview":"max-image-preview:large","max-video-preview":"max-video-preview:-1"},"og_locale":"en_GB","og_type":"article","og_title":"1. Description - Guide utilisateur","og_description":"Description Logiciel et outils En cr\u00e9ant votre syst\u00e8me dans Logiciel\/outil, vous pouvez le lier \u00e0 vos fiches de traitements lorsqu\u2019elles impliquent des donn\u00e9es personnelles. Vous pourrez ainsi : Administration des champs Des listes de choix sont propos\u00e9es par d\u00e9faut pour d\u00e9finir : L'administrateur Provacy a la main pour personnaliser ces champs depuis le menu Administration &hellip; 1. Description Read More &raquo;","og_url":"https:\/\/tuto.provacy.com\/en\/ais\/description\/","og_site_name":"Guide utilisateur","article_modified_time":"2025-09-22T09:39:58+00:00","og_image":[{"url":"https:\/\/tuto.provacy.com\/wp-content\/uploads\/sites\/4\/2023\/08\/2b74b480-a626-4599-8001-0a11a9e0072c.png"}],"twitter_card":"summary_large_image","twitter_misc":{"Estimated reading time":"7 minutes"},"schema":{"@context":"https:\/\/schema.org","@graph":[{"@type":"WebPage","@id":"https:\/\/tuto.provacy.com\/ais\/description\/","url":"https:\/\/tuto.provacy.com\/ais\/description\/","name":"1. Description - Guide utilisateur","isPartOf":{"@id":"https:\/\/tuto.provacy.com\/#website"},"primaryImageOfPage":{"@id":"https:\/\/tuto.provacy.com\/ais\/description\/#primaryimage"},"image":{"@id":"https:\/\/tuto.provacy.com\/ais\/description\/#primaryimage"},"thumbnailUrl":"https:\/\/tuto.provacy.com\/wp-content\/uploads\/sites\/4\/2023\/08\/2b74b480-a626-4599-8001-0a11a9e0072c.png","datePublished":"2025-09-17T14:55:19+00:00","dateModified":"2025-09-22T09:39:58+00:00","breadcrumb":{"@id":"https:\/\/tuto.provacy.com\/ais\/description\/#breadcrumb"},"inLanguage":"en-GB","potentialAction":[{"@type":"ReadAction","target":["https:\/\/tuto.provacy.com\/ais\/description\/"]}]},{"@type":"ImageObject","inLanguage":"en-GB","@id":"https:\/\/tuto.provacy.com\/ais\/description\/#primaryimage","url":"https:\/\/tuto.provacy.com\/wp-content\/uploads\/sites\/4\/2023\/08\/2b74b480-a626-4599-8001-0a11a9e0072c.png","contentUrl":"https:\/\/tuto.provacy.com\/wp-content\/uploads\/sites\/4\/2023\/08\/2b74b480-a626-4599-8001-0a11a9e0072c.png"},{"@type":"BreadcrumbList","@id":"https:\/\/tuto.provacy.com\/ais\/description\/#breadcrumb","itemListElement":[{"@type":"ListItem","position":1,"name":"Accueil","item":"https:\/\/tuto.provacy.com\/"},{"@type":"ListItem","position":2,"name":"Syst\u00e8mes d'IA","item":"https:\/\/tuto.provacy.com\/ais\/"},{"@type":"ListItem","position":3,"name":"1. Description"}]},{"@type":"WebSite","@id":"https:\/\/tuto.provacy.com\/#website","url":"https:\/\/tuto.provacy.com\/","name":"Guide utilisateur","description":"","publisher":{"@id":"https:\/\/tuto.provacy.com\/#organization"},"potentialAction":[{"@type":"SearchAction","target":{"@type":"EntryPoint","urlTemplate":"https:\/\/tuto.provacy.com\/?s={search_term_string}"},"query-input":"required name=search_term_string"}],"inLanguage":"en-GB"},{"@type":"Organization","@id":"https:\/\/tuto.provacy.com\/#organization","name":"Guide utilisateur","url":"https:\/\/tuto.provacy.com\/","logo":{"@type":"ImageObject","inLanguage":"en-GB","@id":"https:\/\/tuto.provacy.com\/#\/schema\/logo\/image\/","url":"https:\/\/tuto.provacy.com\/wp-content\/uploads\/sites\/4\/2023\/10\/cropped-power-logo-white-slogan.png","contentUrl":"https:\/\/tuto.provacy.com\/wp-content\/uploads\/sites\/4\/2023\/10\/cropped-power-logo-white-slogan.png","width":1231,"height":272,"caption":"Guide utilisateur"},"image":{"@id":"https:\/\/tuto.provacy.com\/#\/schema\/logo\/image\/"}}]}},"_links":{"self":[{"href":"https:\/\/tuto.provacy.com\/en\/wp-json\/wp\/v2\/pages\/4001"}],"collection":[{"href":"https:\/\/tuto.provacy.com\/en\/wp-json\/wp\/v2\/pages"}],"about":[{"href":"https:\/\/tuto.provacy.com\/en\/wp-json\/wp\/v2\/types\/page"}],"author":[{"embeddable":true,"href":"https:\/\/tuto.provacy.com\/en\/wp-json\/wp\/v2\/users\/2"}],"replies":[{"embeddable":true,"href":"https:\/\/tuto.provacy.com\/en\/wp-json\/wp\/v2\/comments?post=4001"}],"version-history":[{"count":8,"href":"https:\/\/tuto.provacy.com\/en\/wp-json\/wp\/v2\/pages\/4001\/revisions"}],"predecessor-version":[{"id":4073,"href":"https:\/\/tuto.provacy.com\/en\/wp-json\/wp\/v2\/pages\/4001\/revisions\/4073"}],"up":[{"embeddable":true,"href":"https:\/\/tuto.provacy.com\/en\/wp-json\/wp\/v2\/pages\/3987"}],"wp:attachment":[{"href":"https:\/\/tuto.provacy.com\/en\/wp-json\/wp\/v2\/media?parent=4001"}],"curies":[{"name":"wp","href":"https:\/\/api.w.org\/{rel}","templated":true}]}}