{"id":4025,"date":"2025-09-19T13:55:50","date_gmt":"2025-09-19T11:55:50","guid":{"rendered":"https:\/\/tuto.provacy.com\/?page_id=4025"},"modified":"2025-09-22T14:29:46","modified_gmt":"2025-09-22T12:29:46","slug":"obligations","status":"publish","type":"page","link":"https:\/\/tuto.provacy.com\/en\/ais\/obligations\/","title":{"rendered":"3. Obligations"},"content":{"rendered":"<div class=\"wp-block-group top-nav is-nowrap is-layout-flex wp-container-core-group-layout-1 wp-block-group-is-layout-flex\">\n\n<\/div>\n\n\n\n<h2 class=\"wp-block-heading\">Obligations<\/h2>\n\n\n\n<p style=\"margin-top:var(--wp--preset--spacing--20);margin-right:var(--wp--preset--spacing--20);margin-bottom:var(--wp--preset--spacing--20);margin-left:var(--wp--preset--spacing--20)\">The Obligations tab provides a checklist and allows you to monitor and document each obligation. A compliance score is then automatically calculated based on their completion, which gives you:<\/p>\n\n\n\n<ul>\n<li>a clear and immediate view of your level of compliance,<\/li>\n\n\n\n<li>the traceability of all your actions,<\/li>\n\n\n\n<li>and the ability to quickly prioritize the remaining items to be addressed.<\/li>\n<\/ul>\n\n\n\n<div class=\"wp-block-group is-content-justification-center is-nowrap is-layout-flex wp-container-core-group-layout-2 wp-block-group-is-layout-flex\" style=\"padding-top:var(--wp--preset--spacing--50);padding-right:var(--wp--preset--spacing--80);padding-bottom:var(--wp--preset--spacing--50);padding-left:var(--wp--preset--spacing--80)\">\n<figure class=\"wp-block-image size-large\"><img decoding=\"async\" src=\"https:\/\/tuto.provacy.com\/wp-content\/uploads\/sites\/4\/2023\/08\/666af9ea-1711-4c50-a0da-169b9f077f6e.png\" alt=\"\" \/><\/figure>\n<\/div>\n\n\n\n<blockquote class=\"wp-block-quote\">\n<p>\ud83d\udca1Use activities <img loading=\"lazy\" decoding=\"async\" width=\"107\" height=\"97\" class=\"wp-image-3261\" style=\"width: 50px\" src=\"https:\/\/tuto.provacy.com\/wp-content\/uploads\/sites\/4\/2025\/01\/activity.png\" alt=\"\" srcset=\"https:\/\/tuto.provacy.com\/wp-content\/uploads\/sites\/4\/2025\/01\/activity.png 107w, https:\/\/tuto.provacy.com\/wp-content\/uploads\/sites\/4\/2025\/01\/activity-13x12.png 13w\" sizes=\"(max-width: 107px) 100vw, 107px\" \/> from the <em>Links <\/em>tab to manage your follow-up with reminder emails!<\/p>\n<\/blockquote>\n\n\n\n<div class=\"wp-block-columns bottom-nav is-layout-flex wp-container-core-columns-layout-1 wp-block-columns-is-layout-flex\">\n<div class=\"wp-block-column is-layout-flow wp-block-column-is-layout-flow\" style=\"flex-basis:25%\"><\/div>\n\n\n\n<div class=\"wp-block-column is-layout-flow wp-block-column-is-layout-flow\" style=\"flex-basis:50%\"><\/div>\n\n\n\n<div class=\"wp-block-column is-layout-flow wp-block-column-is-layout-flow\" style=\"flex-basis:25%\"><\/div>\n<\/div>\n\n\n\n<span class=\"sidebar-toggle hidden\" title=\"Show\/Hide side menu\"><i class=\"fal fa-table-layout\"><\/i><\/span>\n<script src=\"\/wp-includes\/js\/provacy\/js.cookie.min.js\"><\/script>\n<script>\nvar shown = true, $ = jQuery, b = $('body'), t = $('.sidebar-toggle'), c = Cookies.get('sidebar');\nif (c) {\n  shown = c == 1;\n}\nb.addClass('sidebar-' + (shown ? 'shown' : 'hidden'));\nif (shown) {\n  t.find('i').toggleClass('fa-table-layout fa-window-maximize');\n}\nt.on('click', function() {\n  shown = !shown;\n  t.find('i').toggleClass('fa-table-layout fa-window-maximize');\n  b.toggleClass('sidebar-shown sidebar-hidden');\n  Cookies.set('sidebar', shown ? 1 : 0, { expires: 30 });\n});\n\n$('figure.wp-lightbox-container').on('click', function(e) {\n  var img = $(e.target).parents('figure:first').find('img:first'), src = img.attr('src'), enlarged = $('figure.enlarged-image img.' + img.attr('class'));\n  if (enlarged.length && src != enlarged.attr('src')) {\n    let count = 0;\n    function incr() {\n      count++;\n      if (src != enlarged.attr('src'))\n        enlarged.attr('src', src);\n      if (count >= 10) {\n        clearInterval(intervalId);\n      }\n    }\n    const intervalId = setInterval(incr, 100);\n  }\n\n  \/\/console.log('lightbox clicked', e, this);\n});\n\n<\/script>","protected":false},"excerpt":{"rendered":"<p>Obligations L\u2019onglet Obligations propose une check-list et permet de contr\u00f4ler et documenter chaque obligation. Un score de conformit\u00e9 est ensuite calcul\u00e9 automatiquement en fonction de leur r\u00e9alisation, ce qui vous offre : \ud83d\udca1Utilisez les activit\u00e9s depuis l'onglet Liens pour g\u00e9rer votre suivi avec des mails de rappel !<\/p>","protected":false},"author":2,"featured_media":0,"parent":3987,"menu_order":116,"comment_status":"closed","ping_status":"closed","template":"","meta":{"site-sidebar-layout":"default","site-content-layout":"","ast-site-content-layout":"default","site-content-style":"default","site-sidebar-style":"default","ast-global-header-display":"","ast-banner-title-visibility":"","ast-main-header-display":"","ast-hfb-above-header-display":"","ast-hfb-below-header-display":"","ast-hfb-mobile-header-display":"","site-post-title":"","ast-breadcrumbs-content":"","ast-featured-img":"","footer-sml-layout":"","theme-transparent-header-meta":"","adv-header-id-meta":"","stick-header-meta":"","header-above-stick-meta":"","header-main-stick-meta":"","header-below-stick-meta":"","astra-migrate-meta-layouts":"set","footnotes":""},"yoast_head":"<!-- This site is optimized with the Yoast SEO plugin v23.3 - https:\/\/yoast.com\/wordpress\/plugins\/seo\/ -->\n<title>3. Obligations - Guide utilisateur<\/title>\n<meta name=\"robots\" content=\"noindex, follow, max-snippet:-1, max-image-preview:large, max-video-preview:-1\" \/>\n<meta property=\"og:locale\" content=\"en_GB\" \/>\n<meta property=\"og:type\" content=\"article\" \/>\n<meta property=\"og:title\" content=\"3. Obligations - Guide utilisateur\" \/>\n<meta property=\"og:description\" content=\"Obligations L\u2019onglet Obligations propose une check-list et permet de contr\u00f4ler et documenter chaque obligation. Un score de conformit\u00e9 est ensuite calcul\u00e9 automatiquement en fonction de leur r\u00e9alisation, ce qui vous offre : \ud83d\udca1Utilisez les activit\u00e9s depuis l&#039;onglet Liens pour g\u00e9rer votre suivi avec des mails de rappel !\" \/>\n<meta property=\"og:url\" content=\"https:\/\/tuto.provacy.com\/en\/ais\/obligations\/\" \/>\n<meta property=\"og:site_name\" content=\"Guide utilisateur\" \/>\n<meta property=\"article:modified_time\" content=\"2025-09-22T12:29:46+00:00\" \/>\n<meta property=\"og:image\" content=\"https:\/\/tuto.provacy.com\/wp-content\/uploads\/sites\/4\/2023\/08\/4c667026-63af-436e-bb38-31e93a42b4c7.png\" \/>\n<meta name=\"twitter:card\" content=\"summary_large_image\" \/>\n<meta name=\"twitter:label1\" content=\"Estimated reading time\" \/>\n\t<meta name=\"twitter:data1\" content=\"2 minutes\" \/>\n<script type=\"application\/ld+json\" class=\"yoast-schema-graph\">{\"@context\":\"https:\/\/schema.org\",\"@graph\":[{\"@type\":\"WebPage\",\"@id\":\"https:\/\/tuto.provacy.com\/ais\/obligations\/\",\"url\":\"https:\/\/tuto.provacy.com\/ais\/obligations\/\",\"name\":\"3. Obligations - Guide utilisateur\",\"isPartOf\":{\"@id\":\"https:\/\/tuto.provacy.com\/#website\"},\"primaryImageOfPage\":{\"@id\":\"https:\/\/tuto.provacy.com\/ais\/obligations\/#primaryimage\"},\"image\":{\"@id\":\"https:\/\/tuto.provacy.com\/ais\/obligations\/#primaryimage\"},\"thumbnailUrl\":\"https:\/\/tuto.provacy.com\/wp-content\/uploads\/sites\/4\/2023\/08\/4c667026-63af-436e-bb38-31e93a42b4c7.png\",\"datePublished\":\"2025-09-19T11:55:50+00:00\",\"dateModified\":\"2025-09-22T12:29:46+00:00\",\"breadcrumb\":{\"@id\":\"https:\/\/tuto.provacy.com\/ais\/obligations\/#breadcrumb\"},\"inLanguage\":\"en-GB\",\"potentialAction\":[{\"@type\":\"ReadAction\",\"target\":[\"https:\/\/tuto.provacy.com\/ais\/obligations\/\"]}]},{\"@type\":\"ImageObject\",\"inLanguage\":\"en-GB\",\"@id\":\"https:\/\/tuto.provacy.com\/ais\/obligations\/#primaryimage\",\"url\":\"https:\/\/tuto.provacy.com\/wp-content\/uploads\/sites\/4\/2023\/08\/4c667026-63af-436e-bb38-31e93a42b4c7.png\",\"contentUrl\":\"https:\/\/tuto.provacy.com\/wp-content\/uploads\/sites\/4\/2023\/08\/4c667026-63af-436e-bb38-31e93a42b4c7.png\"},{\"@type\":\"BreadcrumbList\",\"@id\":\"https:\/\/tuto.provacy.com\/ais\/obligations\/#breadcrumb\",\"itemListElement\":[{\"@type\":\"ListItem\",\"position\":1,\"name\":\"Accueil\",\"item\":\"https:\/\/tuto.provacy.com\/\"},{\"@type\":\"ListItem\",\"position\":2,\"name\":\"Syst\u00e8mes d'IA\",\"item\":\"https:\/\/tuto.provacy.com\/ais\/\"},{\"@type\":\"ListItem\",\"position\":3,\"name\":\"3. Obligations\"}]},{\"@type\":\"WebSite\",\"@id\":\"https:\/\/tuto.provacy.com\/#website\",\"url\":\"https:\/\/tuto.provacy.com\/\",\"name\":\"Guide utilisateur\",\"description\":\"\",\"publisher\":{\"@id\":\"https:\/\/tuto.provacy.com\/#organization\"},\"potentialAction\":[{\"@type\":\"SearchAction\",\"target\":{\"@type\":\"EntryPoint\",\"urlTemplate\":\"https:\/\/tuto.provacy.com\/?s={search_term_string}\"},\"query-input\":\"required name=search_term_string\"}],\"inLanguage\":\"en-GB\"},{\"@type\":\"Organization\",\"@id\":\"https:\/\/tuto.provacy.com\/#organization\",\"name\":\"Guide utilisateur\",\"url\":\"https:\/\/tuto.provacy.com\/\",\"logo\":{\"@type\":\"ImageObject\",\"inLanguage\":\"en-GB\",\"@id\":\"https:\/\/tuto.provacy.com\/#\/schema\/logo\/image\/\",\"url\":\"https:\/\/tuto.provacy.com\/wp-content\/uploads\/sites\/4\/2023\/10\/cropped-power-logo-white-slogan.png\",\"contentUrl\":\"https:\/\/tuto.provacy.com\/wp-content\/uploads\/sites\/4\/2023\/10\/cropped-power-logo-white-slogan.png\",\"width\":1231,\"height\":272,\"caption\":\"Guide utilisateur\"},\"image\":{\"@id\":\"https:\/\/tuto.provacy.com\/#\/schema\/logo\/image\/\"}}]}<\/script>\n<!-- \/ Yoast SEO plugin. -->","yoast_head_json":{"title":"3. Obligations - Guide utilisateur","robots":{"index":"noindex","follow":"follow","max-snippet":"max-snippet:-1","max-image-preview":"max-image-preview:large","max-video-preview":"max-video-preview:-1"},"og_locale":"en_GB","og_type":"article","og_title":"3. Obligations - Guide utilisateur","og_description":"Obligations L\u2019onglet Obligations propose une check-list et permet de contr\u00f4ler et documenter chaque obligation. Un score de conformit\u00e9 est ensuite calcul\u00e9 automatiquement en fonction de leur r\u00e9alisation, ce qui vous offre : \ud83d\udca1Utilisez les activit\u00e9s depuis l'onglet Liens pour g\u00e9rer votre suivi avec des mails de rappel !","og_url":"https:\/\/tuto.provacy.com\/en\/ais\/obligations\/","og_site_name":"Guide utilisateur","article_modified_time":"2025-09-22T12:29:46+00:00","og_image":[{"url":"https:\/\/tuto.provacy.com\/wp-content\/uploads\/sites\/4\/2023\/08\/4c667026-63af-436e-bb38-31e93a42b4c7.png"}],"twitter_card":"summary_large_image","twitter_misc":{"Estimated reading time":"2 minutes"},"schema":{"@context":"https:\/\/schema.org","@graph":[{"@type":"WebPage","@id":"https:\/\/tuto.provacy.com\/ais\/obligations\/","url":"https:\/\/tuto.provacy.com\/ais\/obligations\/","name":"3. Obligations - Guide utilisateur","isPartOf":{"@id":"https:\/\/tuto.provacy.com\/#website"},"primaryImageOfPage":{"@id":"https:\/\/tuto.provacy.com\/ais\/obligations\/#primaryimage"},"image":{"@id":"https:\/\/tuto.provacy.com\/ais\/obligations\/#primaryimage"},"thumbnailUrl":"https:\/\/tuto.provacy.com\/wp-content\/uploads\/sites\/4\/2023\/08\/4c667026-63af-436e-bb38-31e93a42b4c7.png","datePublished":"2025-09-19T11:55:50+00:00","dateModified":"2025-09-22T12:29:46+00:00","breadcrumb":{"@id":"https:\/\/tuto.provacy.com\/ais\/obligations\/#breadcrumb"},"inLanguage":"en-GB","potentialAction":[{"@type":"ReadAction","target":["https:\/\/tuto.provacy.com\/ais\/obligations\/"]}]},{"@type":"ImageObject","inLanguage":"en-GB","@id":"https:\/\/tuto.provacy.com\/ais\/obligations\/#primaryimage","url":"https:\/\/tuto.provacy.com\/wp-content\/uploads\/sites\/4\/2023\/08\/4c667026-63af-436e-bb38-31e93a42b4c7.png","contentUrl":"https:\/\/tuto.provacy.com\/wp-content\/uploads\/sites\/4\/2023\/08\/4c667026-63af-436e-bb38-31e93a42b4c7.png"},{"@type":"BreadcrumbList","@id":"https:\/\/tuto.provacy.com\/ais\/obligations\/#breadcrumb","itemListElement":[{"@type":"ListItem","position":1,"name":"Accueil","item":"https:\/\/tuto.provacy.com\/"},{"@type":"ListItem","position":2,"name":"Syst\u00e8mes d'IA","item":"https:\/\/tuto.provacy.com\/ais\/"},{"@type":"ListItem","position":3,"name":"3. Obligations"}]},{"@type":"WebSite","@id":"https:\/\/tuto.provacy.com\/#website","url":"https:\/\/tuto.provacy.com\/","name":"Guide utilisateur","description":"","publisher":{"@id":"https:\/\/tuto.provacy.com\/#organization"},"potentialAction":[{"@type":"SearchAction","target":{"@type":"EntryPoint","urlTemplate":"https:\/\/tuto.provacy.com\/?s={search_term_string}"},"query-input":"required name=search_term_string"}],"inLanguage":"en-GB"},{"@type":"Organization","@id":"https:\/\/tuto.provacy.com\/#organization","name":"Guide utilisateur","url":"https:\/\/tuto.provacy.com\/","logo":{"@type":"ImageObject","inLanguage":"en-GB","@id":"https:\/\/tuto.provacy.com\/#\/schema\/logo\/image\/","url":"https:\/\/tuto.provacy.com\/wp-content\/uploads\/sites\/4\/2023\/10\/cropped-power-logo-white-slogan.png","contentUrl":"https:\/\/tuto.provacy.com\/wp-content\/uploads\/sites\/4\/2023\/10\/cropped-power-logo-white-slogan.png","width":1231,"height":272,"caption":"Guide utilisateur"},"image":{"@id":"https:\/\/tuto.provacy.com\/#\/schema\/logo\/image\/"}}]}},"_links":{"self":[{"href":"https:\/\/tuto.provacy.com\/en\/wp-json\/wp\/v2\/pages\/4025"}],"collection":[{"href":"https:\/\/tuto.provacy.com\/en\/wp-json\/wp\/v2\/pages"}],"about":[{"href":"https:\/\/tuto.provacy.com\/en\/wp-json\/wp\/v2\/types\/page"}],"author":[{"embeddable":true,"href":"https:\/\/tuto.provacy.com\/en\/wp-json\/wp\/v2\/users\/2"}],"replies":[{"embeddable":true,"href":"https:\/\/tuto.provacy.com\/en\/wp-json\/wp\/v2\/comments?post=4025"}],"version-history":[{"count":7,"href":"https:\/\/tuto.provacy.com\/en\/wp-json\/wp\/v2\/pages\/4025\/revisions"}],"predecessor-version":[{"id":4080,"href":"https:\/\/tuto.provacy.com\/en\/wp-json\/wp\/v2\/pages\/4025\/revisions\/4080"}],"up":[{"embeddable":true,"href":"https:\/\/tuto.provacy.com\/en\/wp-json\/wp\/v2\/pages\/3987"}],"wp:attachment":[{"href":"https:\/\/tuto.provacy.com\/en\/wp-json\/wp\/v2\/media?parent=4025"}],"curies":[{"name":"wp","href":"https:\/\/api.w.org\/{rel}","templated":true}]}}