{"id":4163,"date":"2025-10-27T18:00:39","date_gmt":"2025-10-27T17:00:39","guid":{"rendered":"https:\/\/tuto.provacy.com\/?page_id=4163"},"modified":"2026-03-02T14:26:28","modified_gmt":"2026-03-02T13:26:28","slug":"qr-code","status":"publish","type":"page","link":"https:\/\/tuto.provacy.com\/en\/notices\/qr-code\/","title":{"rendered":"\ud83d\udcfd\ufe0fQR code"},"content":{"rendered":"<h4 class=\"wp-block-heading\"><img loading=\"lazy\" decoding=\"async\" width=\"803\" height=\"800\" class=\"wp-image-4172\" style=\"width: 50px\" src=\"https:\/\/tuto.provacy.com\/wp-content\/uploads\/sites\/4\/2025\/10\/get-4-svg-2025-10-27_16_11.png\" alt=\"\" srcset=\"https:\/\/tuto.provacy.com\/wp-content\/uploads\/sites\/4\/2025\/10\/get-4-svg-2025-10-27_16_11.png 803w, https:\/\/tuto.provacy.com\/wp-content\/uploads\/sites\/4\/2025\/10\/get-4-svg-2025-10-27_16_11-300x300.png 300w, https:\/\/tuto.provacy.com\/wp-content\/uploads\/sites\/4\/2025\/10\/get-4-svg-2025-10-27_16_11-150x150.png 150w, https:\/\/tuto.provacy.com\/wp-content\/uploads\/sites\/4\/2025\/10\/get-4-svg-2025-10-27_16_11-768x765.png 768w, https:\/\/tuto.provacy.com\/wp-content\/uploads\/sites\/4\/2025\/10\/get-4-svg-2025-10-27_16_11-12x12.png 12w\" sizes=\"(max-width: 803px) 100vw, 803px\" \/> QR code <\/h4>\n\n\n\n<p>Generate a QR code in one click that links to the record\u2019s published form.<\/p>\n\n\n\n<div class=\"wp-block-group is-content-justification-center is-nowrap is-layout-flex wp-container-core-group-layout-1 wp-block-group-is-layout-flex\" style=\"padding-top:var(--wp--preset--spacing--40);padding-right:var(--wp--preset--spacing--80);padding-bottom:var(--wp--preset--spacing--40);padding-left:var(--wp--preset--spacing--80)\">\n<figure class=\"wp-block-image size-full is-resized\"><img loading=\"lazy\" decoding=\"async\" width=\"803\" height=\"800\" src=\"https:\/\/tuto.provacy.com\/wp-content\/uploads\/sites\/4\/2025\/10\/get-4-svg-2025-10-27_16_11.png\" alt=\"\" class=\"wp-image-4172\" style=\"width:200px\" srcset=\"https:\/\/tuto.provacy.com\/wp-content\/uploads\/sites\/4\/2025\/10\/get-4-svg-2025-10-27_16_11.png 803w, https:\/\/tuto.provacy.com\/wp-content\/uploads\/sites\/4\/2025\/10\/get-4-svg-2025-10-27_16_11-300x300.png 300w, https:\/\/tuto.provacy.com\/wp-content\/uploads\/sites\/4\/2025\/10\/get-4-svg-2025-10-27_16_11-150x150.png 150w, https:\/\/tuto.provacy.com\/wp-content\/uploads\/sites\/4\/2025\/10\/get-4-svg-2025-10-27_16_11-768x765.png 768w, https:\/\/tuto.provacy.com\/wp-content\/uploads\/sites\/4\/2025\/10\/get-4-svg-2025-10-27_16_11-12x12.png 12w\" sizes=\"(max-width: 803px) 100vw, 803px\" \/><\/figure>\n\n\n\n<figure class=\"wp-block-image size-full is-resized\"><img loading=\"lazy\" decoding=\"async\" width=\"304\" height=\"150\" src=\"https:\/\/tuto.provacy.com\/wp-content\/uploads\/sites\/4\/2025\/10\/CHANGE-LOG-5.5.2-Page-1.png\" alt=\"\" class=\"wp-image-4182\" style=\"width:200px\" srcset=\"https:\/\/tuto.provacy.com\/wp-content\/uploads\/sites\/4\/2025\/10\/CHANGE-LOG-5.5.2-Page-1.png 304w, https:\/\/tuto.provacy.com\/wp-content\/uploads\/sites\/4\/2025\/10\/CHANGE-LOG-5.5.2-Page-1-300x148.png 300w, https:\/\/tuto.provacy.com\/wp-content\/uploads\/sites\/4\/2025\/10\/CHANGE-LOG-5.5.2-Page-1-18x9.png 18w\" sizes=\"(max-width: 304px) 100vw, 304px\" \/><\/figure>\n\n\n\n<figure class=\"wp-block-image size-full is-resized\"><img loading=\"lazy\" decoding=\"async\" width=\"597\" height=\"701\" src=\"https:\/\/tuto.provacy.com\/wp-content\/uploads\/sites\/4\/2025\/10\/Capture-decran-2025-10-28-073942.png\" alt=\"\" class=\"wp-image-4181\" style=\"width:250px\" srcset=\"https:\/\/tuto.provacy.com\/wp-content\/uploads\/sites\/4\/2025\/10\/Capture-decran-2025-10-28-073942.png 590w, https:\/\/tuto.provacy.com\/wp-content\/uploads\/sites\/4\/2025\/10\/Capture-decran-2025-10-28-073942-248x300.png 248w, https:\/\/tuto.provacy.com\/wp-content\/uploads\/sites\/4\/2025\/10\/Capture-decran-2025-10-28-073942-10x12.png 10w\" sizes=\"(max-width: 597px) 100vw, 597px\" \/><\/figure>\n<\/div>\n\n\n\n<blockquote class=\"wp-block-quote\">\n<p>\u2699\ufe0f By default, this feature is available to DPOs and DPO assistants. Contact Support to enable it for other roles.<\/p>\n<\/blockquote>\n\n\n\n<p>This QR code can be added to your information materials (posters, forms, privacy policies, etc.) to provide additional information to data subjects.<\/p>\n\n\n\n<p>The QR code remains valid over time: when a record form is updated or replaced, it automatically redirects to the newly published version.<\/p>\n\n\n\n<div class=\"video-fr\"><figure class=\"wp-block-embed is-type-video is-provider-youtube wp-block-embed-youtube wp-embed-aspect-16-9 wp-has-aspect-ratio\"><div class=\"wp-block-embed__wrapper\">\n<div class=\"ast-oembed-container\" style=\"height: 100%;\"><iframe loading=\"lazy\" title=\"QRcode\" width=\"500\" height=\"281\" src=\"https:\/\/www.youtube.com\/embed\/S7MO_c15yv0?feature=oembed\" frameborder=\"0\" allow=\"accelerometer; autoplay; clipboard-write; encrypted-media; gyroscope; picture-in-picture; web-share\" referrerpolicy=\"strict-origin-when-cross-origin\" allowfullscreen><\/iframe><\/div>\n<\/div><\/figure><\/div>\n<div class=\"video-en\"><figure class=\"wp-block-embed is-type-video is-provider-youtube wp-block-embed-youtube wp-embed-aspect-16-9 wp-has-aspect-ratio\"><div class=\"wp-block-embed__wrapper\">\n<div class=\"ast-oembed-container\" style=\"height: 100%;\"><iframe loading=\"lazy\" title=\"QR code en\" width=\"500\" height=\"281\" src=\"https:\/\/www.youtube.com\/embed\/kV0mTgwKtMg?feature=oembed\" frameborder=\"0\" allow=\"accelerometer; autoplay; clipboard-write; encrypted-media; gyroscope; picture-in-picture; web-share\" referrerpolicy=\"strict-origin-when-cross-origin\" allowfullscreen><\/iframe><\/div>\n<\/div><\/figure><\/div>\n\n\n\n<p><\/p>\n\n\n\n<div class=\"wp-block-group top-nav is-nowrap is-layout-flex wp-container-core-group-layout-2 wp-block-group-is-layout-flex\">\n\n<\/div>\n\n\n\n<div class=\"wp-block-columns bottom-nav is-layout-flex wp-container-core-columns-layout-1 wp-block-columns-is-layout-flex\">\n<div class=\"wp-block-column is-layout-flow wp-block-column-is-layout-flow\" style=\"flex-basis:25%\"><\/div>\n\n\n\n<div class=\"wp-block-column is-layout-flow wp-block-column-is-layout-flow\" style=\"flex-basis:50%\"><\/div>\n\n\n\n<div class=\"wp-block-column is-layout-flow wp-block-column-is-layout-flow\" style=\"flex-basis:25%\"><\/div>\n<\/div>\n\n\n\n<span class=\"sidebar-toggle hidden\" title=\"Show\/Hide side menu\"><i class=\"fal fa-table-layout\"><\/i><\/span>\n<script src=\"\/wp-includes\/js\/provacy\/js.cookie.min.js\"><\/script>\n<script>\nvar shown = true, $ = jQuery, b = $('body'), t = $('.sidebar-toggle'), c = Cookies.get('sidebar');\nif (c) {\n  shown = c == 1;\n}\nb.addClass('sidebar-' + (shown ? 'shown' : 'hidden'));\nif (shown) {\n  t.find('i').toggleClass('fa-table-layout fa-window-maximize');\n}\nt.on('click', function() {\n  shown = !shown;\n  t.find('i').toggleClass('fa-table-layout fa-window-maximize');\n  b.toggleClass('sidebar-shown sidebar-hidden');\n  Cookies.set('sidebar', shown ? 1 : 0, { expires: 30 });\n});\n\n$('figure.wp-lightbox-container').on('click', function(e) {\n  var img = $(e.target).parents('figure:first').find('img:first'), src = img.attr('src'), enlarged = $('figure.enlarged-image img.' + img.attr('class'));\n  if (enlarged.length && src != enlarged.attr('src')) {\n    let count = 0;\n    function incr() {\n      count++;\n      if (src != enlarged.attr('src'))\n        enlarged.attr('src', src);\n      if (count >= 10) {\n        clearInterval(intervalId);\n      }\n    }\n    const intervalId = setInterval(incr, 100);\n  }\n\n  \/\/console.log('lightbox clicked', e, this);\n});\n\n<\/script>","protected":false},"excerpt":{"rendered":"<p>QR code G\u00e9n\u00e9rez un QR code en un clic qui renvoie vers la fiche publi\u00e9e au registre. \u2699\ufe0f Par d\u00e9faut, cette fonctionnalit\u00e9 est accessible aux DPO et assistants DPO. Contactez le Support pour l'ouvrir \u00e0 d'autres r\u00f4les. Ce QR code peut \u00eatre int\u00e9gr\u00e9 \u00e0 vos supports d\u2019information (affiches, formulaires, politiques de confidentialit\u00e9, etc.) pour compl\u00e9ter &hellip;<\/p>\n<p class=\"read-more\"> <a class=\"\" href=\"https:\/\/tuto.provacy.com\/en\/notices\/qr-code\/\"> <span class=\"screen-reader-text\">\ud83d\udcfd\ufe0fQR code<\/span> Read More &raquo;<\/a><\/p>","protected":false},"author":2,"featured_media":0,"parent":1703,"menu_order":63,"comment_status":"closed","ping_status":"closed","template":"","meta":{"site-sidebar-layout":"default","site-content-layout":"","ast-site-content-layout":"default","site-content-style":"default","site-sidebar-style":"default","ast-global-header-display":"","ast-banner-title-visibility":"","ast-main-header-display":"","ast-hfb-above-header-display":"","ast-hfb-below-header-display":"","ast-hfb-mobile-header-display":"","site-post-title":"","ast-breadcrumbs-content":"","ast-featured-img":"","footer-sml-layout":"","theme-transparent-header-meta":"","adv-header-id-meta":"","stick-header-meta":"","header-above-stick-meta":"","header-main-stick-meta":"","header-below-stick-meta":"","astra-migrate-meta-layouts":"set","footnotes":""},"yoast_head":"<!-- This site is optimized with the Yoast SEO plugin v23.3 - https:\/\/yoast.com\/wordpress\/plugins\/seo\/ -->\n<title>\ud83d\udcfd\ufe0fQR code - Guide utilisateur<\/title>\n<meta name=\"robots\" content=\"noindex, follow, max-snippet:-1, max-image-preview:large, max-video-preview:-1\" \/>\n<meta property=\"og:locale\" content=\"en_GB\" \/>\n<meta property=\"og:type\" content=\"article\" \/>\n<meta property=\"og:title\" content=\"\ud83d\udcfd\ufe0fQR code - Guide utilisateur\" \/>\n<meta property=\"og:description\" content=\"QR code G\u00e9n\u00e9rez un QR code en un clic qui renvoie vers la fiche publi\u00e9e au registre. \u2699\ufe0f Par d\u00e9faut, cette fonctionnalit\u00e9 est accessible aux DPO et assistants DPO. Contactez le Support pour l&#039;ouvrir \u00e0 d&#039;autres r\u00f4les. Ce QR code peut \u00eatre int\u00e9gr\u00e9 \u00e0 vos supports d\u2019information (affiches, formulaires, politiques de confidentialit\u00e9, etc.) pour compl\u00e9ter &hellip; \ud83d\udcfd\ufe0fQR code Read More &raquo;\" \/>\n<meta property=\"og:url\" content=\"https:\/\/tuto.provacy.com\/en\/notices\/qr-code\/\" \/>\n<meta property=\"og:site_name\" content=\"Guide utilisateur\" \/>\n<meta property=\"article:modified_time\" content=\"2026-03-02T13:26:28+00:00\" \/>\n<meta property=\"og:image\" content=\"https:\/\/tuto.provacy.com\/wp-content\/uploads\/sites\/4\/2025\/10\/get-4-svg-2025-10-27_16_11.png\" \/>\n<meta name=\"twitter:card\" content=\"summary_large_image\" \/>\n<meta name=\"twitter:label1\" content=\"Estimated reading time\" \/>\n\t<meta name=\"twitter:data1\" content=\"5 minutes\" \/>\n<script type=\"application\/ld+json\" class=\"yoast-schema-graph\">{\"@context\":\"https:\/\/schema.org\",\"@graph\":[{\"@type\":\"WebPage\",\"@id\":\"https:\/\/tuto.provacy.com\/notices\/qr-code\/\",\"url\":\"https:\/\/tuto.provacy.com\/notices\/qr-code\/\",\"name\":\"\ud83d\udcfd\ufe0fQR code - Guide utilisateur\",\"isPartOf\":{\"@id\":\"https:\/\/tuto.provacy.com\/#website\"},\"primaryImageOfPage\":{\"@id\":\"https:\/\/tuto.provacy.com\/notices\/qr-code\/#primaryimage\"},\"image\":{\"@id\":\"https:\/\/tuto.provacy.com\/notices\/qr-code\/#primaryimage\"},\"thumbnailUrl\":\"https:\/\/tuto.provacy.com\/wp-content\/uploads\/sites\/4\/2025\/10\/get-4-svg-2025-10-27_16_11.png\",\"datePublished\":\"2025-10-27T17:00:39+00:00\",\"dateModified\":\"2026-03-02T13:26:28+00:00\",\"breadcrumb\":{\"@id\":\"https:\/\/tuto.provacy.com\/notices\/qr-code\/#breadcrumb\"},\"inLanguage\":\"en-GB\",\"potentialAction\":[{\"@type\":\"ReadAction\",\"target\":[\"https:\/\/tuto.provacy.com\/notices\/qr-code\/\"]}]},{\"@type\":\"ImageObject\",\"inLanguage\":\"en-GB\",\"@id\":\"https:\/\/tuto.provacy.com\/notices\/qr-code\/#primaryimage\",\"url\":\"https:\/\/tuto.provacy.com\/wp-content\/uploads\/sites\/4\/2025\/10\/get-4-svg-2025-10-27_16_11.png\",\"contentUrl\":\"https:\/\/tuto.provacy.com\/wp-content\/uploads\/sites\/4\/2025\/10\/get-4-svg-2025-10-27_16_11.png\"},{\"@type\":\"BreadcrumbList\",\"@id\":\"https:\/\/tuto.provacy.com\/notices\/qr-code\/#breadcrumb\",\"itemListElement\":[{\"@type\":\"ListItem\",\"position\":1,\"name\":\"Accueil\",\"item\":\"https:\/\/tuto.provacy.com\/\"},{\"@type\":\"ListItem\",\"position\":2,\"name\":\"Informations l\u00e9gales\",\"item\":\"https:\/\/tuto.provacy.com\/notices\/\"},{\"@type\":\"ListItem\",\"position\":3,\"name\":\"\ud83d\udcfd\ufe0fQR code\"}]},{\"@type\":\"WebSite\",\"@id\":\"https:\/\/tuto.provacy.com\/#website\",\"url\":\"https:\/\/tuto.provacy.com\/\",\"name\":\"Guide utilisateur\",\"description\":\"\",\"publisher\":{\"@id\":\"https:\/\/tuto.provacy.com\/#organization\"},\"potentialAction\":[{\"@type\":\"SearchAction\",\"target\":{\"@type\":\"EntryPoint\",\"urlTemplate\":\"https:\/\/tuto.provacy.com\/?s={search_term_string}\"},\"query-input\":\"required name=search_term_string\"}],\"inLanguage\":\"en-GB\"},{\"@type\":\"Organization\",\"@id\":\"https:\/\/tuto.provacy.com\/#organization\",\"name\":\"Guide utilisateur\",\"url\":\"https:\/\/tuto.provacy.com\/\",\"logo\":{\"@type\":\"ImageObject\",\"inLanguage\":\"en-GB\",\"@id\":\"https:\/\/tuto.provacy.com\/#\/schema\/logo\/image\/\",\"url\":\"https:\/\/tuto.provacy.com\/wp-content\/uploads\/sites\/4\/2023\/10\/cropped-power-logo-white-slogan.png\",\"contentUrl\":\"https:\/\/tuto.provacy.com\/wp-content\/uploads\/sites\/4\/2023\/10\/cropped-power-logo-white-slogan.png\",\"width\":1231,\"height\":272,\"caption\":\"Guide utilisateur\"},\"image\":{\"@id\":\"https:\/\/tuto.provacy.com\/#\/schema\/logo\/image\/\"}}]}<\/script>\n<!-- \/ Yoast SEO plugin. -->","yoast_head_json":{"title":"\ud83d\udcfd\ufe0fQR code - Guide utilisateur","robots":{"index":"noindex","follow":"follow","max-snippet":"max-snippet:-1","max-image-preview":"max-image-preview:large","max-video-preview":"max-video-preview:-1"},"og_locale":"en_GB","og_type":"article","og_title":"\ud83d\udcfd\ufe0fQR code - Guide utilisateur","og_description":"QR code G\u00e9n\u00e9rez un QR code en un clic qui renvoie vers la fiche publi\u00e9e au registre. \u2699\ufe0f Par d\u00e9faut, cette fonctionnalit\u00e9 est accessible aux DPO et assistants DPO. Contactez le Support pour l'ouvrir \u00e0 d'autres r\u00f4les. Ce QR code peut \u00eatre int\u00e9gr\u00e9 \u00e0 vos supports d\u2019information (affiches, formulaires, politiques de confidentialit\u00e9, etc.) pour compl\u00e9ter &hellip; \ud83d\udcfd\ufe0fQR code Read More &raquo;","og_url":"https:\/\/tuto.provacy.com\/en\/notices\/qr-code\/","og_site_name":"Guide utilisateur","article_modified_time":"2026-03-02T13:26:28+00:00","og_image":[{"url":"https:\/\/tuto.provacy.com\/wp-content\/uploads\/sites\/4\/2025\/10\/get-4-svg-2025-10-27_16_11.png"}],"twitter_card":"summary_large_image","twitter_misc":{"Estimated reading time":"5 minutes"},"schema":{"@context":"https:\/\/schema.org","@graph":[{"@type":"WebPage","@id":"https:\/\/tuto.provacy.com\/notices\/qr-code\/","url":"https:\/\/tuto.provacy.com\/notices\/qr-code\/","name":"\ud83d\udcfd\ufe0fQR code - Guide utilisateur","isPartOf":{"@id":"https:\/\/tuto.provacy.com\/#website"},"primaryImageOfPage":{"@id":"https:\/\/tuto.provacy.com\/notices\/qr-code\/#primaryimage"},"image":{"@id":"https:\/\/tuto.provacy.com\/notices\/qr-code\/#primaryimage"},"thumbnailUrl":"https:\/\/tuto.provacy.com\/wp-content\/uploads\/sites\/4\/2025\/10\/get-4-svg-2025-10-27_16_11.png","datePublished":"2025-10-27T17:00:39+00:00","dateModified":"2026-03-02T13:26:28+00:00","breadcrumb":{"@id":"https:\/\/tuto.provacy.com\/notices\/qr-code\/#breadcrumb"},"inLanguage":"en-GB","potentialAction":[{"@type":"ReadAction","target":["https:\/\/tuto.provacy.com\/notices\/qr-code\/"]}]},{"@type":"ImageObject","inLanguage":"en-GB","@id":"https:\/\/tuto.provacy.com\/notices\/qr-code\/#primaryimage","url":"https:\/\/tuto.provacy.com\/wp-content\/uploads\/sites\/4\/2025\/10\/get-4-svg-2025-10-27_16_11.png","contentUrl":"https:\/\/tuto.provacy.com\/wp-content\/uploads\/sites\/4\/2025\/10\/get-4-svg-2025-10-27_16_11.png"},{"@type":"BreadcrumbList","@id":"https:\/\/tuto.provacy.com\/notices\/qr-code\/#breadcrumb","itemListElement":[{"@type":"ListItem","position":1,"name":"Accueil","item":"https:\/\/tuto.provacy.com\/"},{"@type":"ListItem","position":2,"name":"Informations l\u00e9gales","item":"https:\/\/tuto.provacy.com\/notices\/"},{"@type":"ListItem","position":3,"name":"\ud83d\udcfd\ufe0fQR code"}]},{"@type":"WebSite","@id":"https:\/\/tuto.provacy.com\/#website","url":"https:\/\/tuto.provacy.com\/","name":"Guide utilisateur","description":"","publisher":{"@id":"https:\/\/tuto.provacy.com\/#organization"},"potentialAction":[{"@type":"SearchAction","target":{"@type":"EntryPoint","urlTemplate":"https:\/\/tuto.provacy.com\/?s={search_term_string}"},"query-input":"required name=search_term_string"}],"inLanguage":"en-GB"},{"@type":"Organization","@id":"https:\/\/tuto.provacy.com\/#organization","name":"Guide utilisateur","url":"https:\/\/tuto.provacy.com\/","logo":{"@type":"ImageObject","inLanguage":"en-GB","@id":"https:\/\/tuto.provacy.com\/#\/schema\/logo\/image\/","url":"https:\/\/tuto.provacy.com\/wp-content\/uploads\/sites\/4\/2023\/10\/cropped-power-logo-white-slogan.png","contentUrl":"https:\/\/tuto.provacy.com\/wp-content\/uploads\/sites\/4\/2023\/10\/cropped-power-logo-white-slogan.png","width":1231,"height":272,"caption":"Guide utilisateur"},"image":{"@id":"https:\/\/tuto.provacy.com\/#\/schema\/logo\/image\/"}}]}},"_links":{"self":[{"href":"https:\/\/tuto.provacy.com\/en\/wp-json\/wp\/v2\/pages\/4163"}],"collection":[{"href":"https:\/\/tuto.provacy.com\/en\/wp-json\/wp\/v2\/pages"}],"about":[{"href":"https:\/\/tuto.provacy.com\/en\/wp-json\/wp\/v2\/types\/page"}],"author":[{"embeddable":true,"href":"https:\/\/tuto.provacy.com\/en\/wp-json\/wp\/v2\/users\/2"}],"replies":[{"embeddable":true,"href":"https:\/\/tuto.provacy.com\/en\/wp-json\/wp\/v2\/comments?post=4163"}],"version-history":[{"count":11,"href":"https:\/\/tuto.provacy.com\/en\/wp-json\/wp\/v2\/pages\/4163\/revisions"}],"predecessor-version":[{"id":4502,"href":"https:\/\/tuto.provacy.com\/en\/wp-json\/wp\/v2\/pages\/4163\/revisions\/4502"}],"up":[{"embeddable":true,"href":"https:\/\/tuto.provacy.com\/en\/wp-json\/wp\/v2\/pages\/1703"}],"wp:attachment":[{"href":"https:\/\/tuto.provacy.com\/en\/wp-json\/wp\/v2\/media?parent=4163"}],"curies":[{"name":"wp","href":"https:\/\/api.w.org\/{rel}","templated":true}]}}