{"id":4588,"date":"2026-04-24T11:28:30","date_gmt":"2026-04-24T09:28:30","guid":{"rendered":"https:\/\/tuto.provacy.com\/?page_id=4588"},"modified":"2026-04-24T15:33:29","modified_gmt":"2026-04-24T13:33:29","slug":"risk","status":"publish","type":"page","link":"https:\/\/tuto.provacy.com\/en\/risk\/","title":{"rendered":"Risque"},"content":{"rendered":"<div class=\"wp-block-group top-nav is-nowrap is-layout-flex wp-container-core-group-layout-1 wp-block-group-is-layout-flex\">\n\n<\/div>\n\n\n\n<h2 class=\"wp-block-heading\">Niveau de risque d\u00e9tect\u00e9<\/h2>\n\n\n\n<p>Le logiciel Provacy analyse automatiquement les informations renseign\u00e9es dans votre fiche de traitement pour estimer le niveau de risque associ\u00e9.<\/p>\n\n\n\n<p>Tous les indicateurs sont regroup\u00e9s dans un tableau de synth\u00e8se, qui vous permet de :<\/p>\n\n\n\n<ul>\n<li>comprendre rapidement les facteurs de risque<\/li>\n\n\n\n<li>identifier les axes d\u2019am\u00e9lioration<\/li>\n\n\n\n<li>prioriser vos actions<\/li>\n<\/ul>\n\n\n\n<div class=\"wp-block-group is-content-justification-space-between is-nowrap is-layout-flex wp-container-core-group-layout-4 wp-block-group-is-layout-flex\">\n<div class=\"wp-block-group is-vertical is-layout-flex wp-container-core-group-layout-2 wp-block-group-is-layout-flex\">\n<p>Le calcul s\u2019appuie sur 3 dimensions compl\u00e9mentaires :<\/p>\n\n\n\n<ul>\n<li>La sensibilit\u00e9 des donn\u00e9es trait\u00e9es<\/li>\n\n\n\n<li>La surface d\u2019exposition du traitement<\/li>\n\n\n\n<li>Le niveau de ma\u00eetrise (vos \u00e9valuations)<\/li>\n<\/ul>\n<\/div>\n\n\n\n<div class=\"wp-block-group is-nowrap is-layout-flex wp-container-core-group-layout-3 wp-block-group-is-layout-flex\">\n<figure class=\"wp-block-image size-large is-resized\"><img loading=\"lazy\" decoding=\"async\" width=\"1024\" height=\"399\" src=\"https:\/\/tuto.provacy.com\/wp-content\/uploads\/sites\/4\/2026\/04\/RISQUE-CONFORMITE-Page-1-1024x399.png\" alt=\"\" class=\"wp-image-4595\" style=\"width:500px\" srcset=\"https:\/\/tuto.provacy.com\/wp-content\/uploads\/sites\/4\/2026\/04\/RISQUE-CONFORMITE-Page-1-1024x399.png 1024w, https:\/\/tuto.provacy.com\/wp-content\/uploads\/sites\/4\/2026\/04\/RISQUE-CONFORMITE-Page-1-300x117.png 300w, https:\/\/tuto.provacy.com\/wp-content\/uploads\/sites\/4\/2026\/04\/RISQUE-CONFORMITE-Page-1-768x299.png 768w, https:\/\/tuto.provacy.com\/wp-content\/uploads\/sites\/4\/2026\/04\/RISQUE-CONFORMITE-Page-1-18x7.png 18w, https:\/\/tuto.provacy.com\/wp-content\/uploads\/sites\/4\/2026\/04\/RISQUE-CONFORMITE-Page-1.png 1133w\" sizes=\"(max-width: 1024px) 100vw, 1024px\" \/><\/figure>\n<\/div>\n<\/div>\n\n\n\n<blockquote class=\"wp-block-quote\">\n<p>En r\u00e9sum\u00e9 : le risque vient des donn\u00e9es, se propage par l\u2019exposition, et s\u2019aggrave lorsque la ma\u00eetrise est insuffisante.<\/p>\n<\/blockquote>\n\n\n\n<div class=\"wp-block-group is-content-justification-center is-nowrap is-layout-flex wp-container-core-group-layout-5 wp-block-group-is-layout-flex\">\n<figure class=\"wp-block-image size-large\"><img loading=\"lazy\" decoding=\"async\" width=\"1024\" height=\"695\" src=\"https:\/\/tuto.provacy.com\/wp-content\/uploads\/sites\/4\/2026\/04\/RISQUE-CONFORMITE-Page-1-5-1024x695.png\" alt=\"\" class=\"wp-image-4603\" srcset=\"https:\/\/tuto.provacy.com\/wp-content\/uploads\/sites\/4\/2026\/04\/RISQUE-CONFORMITE-Page-1-5-1024x695.png 1024w, https:\/\/tuto.provacy.com\/wp-content\/uploads\/sites\/4\/2026\/04\/RISQUE-CONFORMITE-Page-1-5-300x204.png 300w, https:\/\/tuto.provacy.com\/wp-content\/uploads\/sites\/4\/2026\/04\/RISQUE-CONFORMITE-Page-1-5-768x521.png 768w, https:\/\/tuto.provacy.com\/wp-content\/uploads\/sites\/4\/2026\/04\/RISQUE-CONFORMITE-Page-1-5-1536x1043.png 1536w, https:\/\/tuto.provacy.com\/wp-content\/uploads\/sites\/4\/2026\/04\/RISQUE-CONFORMITE-Page-1-5-18x12.png 18w, https:\/\/tuto.provacy.com\/wp-content\/uploads\/sites\/4\/2026\/04\/RISQUE-CONFORMITE-Page-1-5.png 1875w\" sizes=\"(max-width: 1024px) 100vw, 1024px\" \/><\/figure>\n<\/div>\n\n\n\n<h5 class=\"wp-block-heading\">Une logique simple, progressive et transparente<\/h5>\n\n\n\n<p>Chaque crit\u00e8re est \u00e9valu\u00e9 par paliers. Plus on monte dans les niveaux, plus le risque augmente. <\/p>\n\n\n\n<p>Pour les crit\u00e8res li\u00e9s \u00e0 l\u2019exposition, le logiciel affiche des seuils de d\u00e9part dans le tableau de synth\u00e8se. Cela signifie que le risque commence \u00e0 augmenter \u00e0 partir de certains niveaux, par exemple :<\/p>\n\n\n\n<ul>\n<li>\u00e0 partir de 500 personnes concern\u00e9es<\/li>\n\n\n\n<li>\u00e0 partir de 5 cat\u00e9gories de donn\u00e9es<\/li>\n\n\n\n<li>\u00e0 partir d'un tiers impliqu\u00e9<\/li>\n\n\n\n<li>\u00e0 partir de 50 destinataires, etc.<\/li>\n<\/ul>\n\n\n\n<p>Ensuite, le risque augmente progressivement par paliers. Plus un traitement est \u00e9tendu (volume, acteurs, outils\u2026), plus son niveau de risque augmente.<\/p>\n\n\n\n<blockquote class=\"wp-block-quote\">\n<p>Ces seuils sont d\u00e9finis par d\u00e9faut pour proposer une lecture coh\u00e9rente du risque. Ils peuvent toutefois \u00eatre ajust\u00e9s \u00e0 la demande, en fonction de votre contexte ou de vos exigences internes, en contactant le support Provacy.<\/p>\n<\/blockquote>\n\n\n\n<h5 class=\"wp-block-heading\">Taux d'incertitude<\/h5>\n\n\n\n<p>Lorsque certaines informations ne sont pas renseign\u00e9es dans la fiche, le logiciel affiche un niveau d\u2019incertitude.<\/p>\n\n\n\n<div class=\"wp-block-group is-content-justification-center is-nowrap is-layout-flex wp-container-core-group-layout-6 wp-block-group-is-layout-flex\">\n<figure class=\"wp-block-image size-large is-resized\"><img loading=\"lazy\" decoding=\"async\" width=\"1024\" height=\"315\" src=\"https:\/\/tuto.provacy.com\/wp-content\/uploads\/sites\/4\/2026\/04\/RISQUE-CONFORMITE-Page-1-4-1024x315.png\" alt=\"\" class=\"wp-image-4600\" style=\"width:600px\" srcset=\"https:\/\/tuto.provacy.com\/wp-content\/uploads\/sites\/4\/2026\/04\/RISQUE-CONFORMITE-Page-1-4-1024x315.png 1024w, https:\/\/tuto.provacy.com\/wp-content\/uploads\/sites\/4\/2026\/04\/RISQUE-CONFORMITE-Page-1-4-300x92.png 300w, https:\/\/tuto.provacy.com\/wp-content\/uploads\/sites\/4\/2026\/04\/RISQUE-CONFORMITE-Page-1-4-768x236.png 768w, https:\/\/tuto.provacy.com\/wp-content\/uploads\/sites\/4\/2026\/04\/RISQUE-CONFORMITE-Page-1-4-18x6.png 18w, https:\/\/tuto.provacy.com\/wp-content\/uploads\/sites\/4\/2026\/04\/RISQUE-CONFORMITE-Page-1-4.png 1530w\" sizes=\"(max-width: 1024px) 100vw, 1024px\" \/><\/figure>\n<\/div>\n\n\n\n<h5 class=\"wp-block-heading\">Vous gardez la ma\u00eetrise du risque<\/h5>\n\n\n\n<p>Le Niveau de risque d\u00e9tect\u00e9 est une aide, mais la d\u00e9cision finale reste entre vos mains. Deux curseurs sont toujours d\u00e9finis dans la fiche, en bas de page :<\/p>\n\n\n\n<ul>\n<li>Risque avant mesures de s\u00e9curit\u00e9<\/li>\n\n\n\n<li>Risque apr\u00e8s mesures de s\u00e9curit\u00e9<\/li>\n<\/ul>\n\n\n\n<div class=\"wp-block-group is-content-justification-center is-nowrap is-layout-flex wp-container-core-group-layout-7 wp-block-group-is-layout-flex\">\n<figure class=\"wp-block-image size-large\"><img loading=\"lazy\" decoding=\"async\" width=\"1024\" height=\"440\" src=\"https:\/\/tuto.provacy.com\/wp-content\/uploads\/sites\/4\/2026\/04\/RISQUE-CONFORMITE-Page-1-6-1024x440.png\" alt=\"\" class=\"wp-image-4604\" srcset=\"https:\/\/tuto.provacy.com\/wp-content\/uploads\/sites\/4\/2026\/04\/RISQUE-CONFORMITE-Page-1-6-1024x440.png 1024w, https:\/\/tuto.provacy.com\/wp-content\/uploads\/sites\/4\/2026\/04\/RISQUE-CONFORMITE-Page-1-6-300x129.png 300w, https:\/\/tuto.provacy.com\/wp-content\/uploads\/sites\/4\/2026\/04\/RISQUE-CONFORMITE-Page-1-6-768x330.png 768w, https:\/\/tuto.provacy.com\/wp-content\/uploads\/sites\/4\/2026\/04\/RISQUE-CONFORMITE-Page-1-6-1536x660.png 1536w, https:\/\/tuto.provacy.com\/wp-content\/uploads\/sites\/4\/2026\/04\/RISQUE-CONFORMITE-Page-1-6-18x8.png 18w, https:\/\/tuto.provacy.com\/wp-content\/uploads\/sites\/4\/2026\/04\/RISQUE-CONFORMITE-Page-1-6.png 1884w\" sizes=\"(max-width: 1024px) 100vw, 1024px\" \/><\/figure>\n<\/div>\n\n\n\n<blockquote class=\"wp-block-quote\">\n<p>Le score propos\u00e9 vous guide, mais ne remplace pas votre expertise : c\u2019est bien l\u2019utilisateur qui valide le niveau de risque final du traitement.<\/p>\n<\/blockquote>\n\n\n\n<p>Available columns:<\/p>\n\n\n\n<div class=\"wp-block-group is-content-justification-center is-nowrap is-layout-flex wp-container-core-group-layout-8 wp-block-group-is-layout-flex\">\n<figure data-wp-context=\"{ &quot;core&quot;:\t\t\t\t{ &quot;image&quot;:\t\t\t\t\t{   &quot;imageLoaded&quot;: false,\t\t\t\t\t\t&quot;initialized&quot;: false,\t\t\t\t\t\t&quot;lightboxEnabled&quot;: false,\t\t\t\t\t\t&quot;hideAnimationEnabled&quot;: false,\t\t\t\t\t\t&quot;preloadInitialized&quot;: false,\t\t\t\t\t\t&quot;lightboxAnimation&quot;: &quot;zoom&quot;,\t\t\t\t\t\t&quot;imageUploadedSrc&quot;: &quot;https:\/\/tuto.provacy.com\/wp-content\/uploads\/sites\/4\/2026\/04\/RISQUE-CONFORMITE-Page-1-7.png&quot;,\t\t\t\t\t\t&quot;imageCurrentSrc&quot;: &quot;&quot;,\t\t\t\t\t\t&quot;targetWidth&quot;: &quot;1879&quot;,\t\t\t\t\t\t&quot;targetHeight&quot;: &quot;1316&quot;,\t\t\t\t\t\t&quot;scaleAttr&quot;: &quot;&quot;,\t\t\t\t\t\t&quot;dialogLabel&quot;: &quot;Enlarged image&quot;\t\t\t\t\t}\t\t\t\t}\t\t\t}\" data-wp-interactive class=\"wp-block-image size-large wp-lightbox-container\"><img loading=\"lazy\" decoding=\"async\" width=\"1024\" height=\"717\" data-wp-effect--setstylesonresize=\"effects.core.image.setStylesOnResize\" data-wp-effect=\"effects.core.image.setButtonStyles\" data-wp-init=\"effects.core.image.initOriginImage\" data-wp-on--click=\"actions.core.image.showLightbox\" data-wp-on--load=\"actions.core.image.handleLoad\" src=\"https:\/\/tuto.provacy.com\/wp-content\/uploads\/sites\/4\/2026\/04\/RISQUE-CONFORMITE-Page-1-7-1024x717.png\" alt=\"\" class=\"wp-image-4613\" srcset=\"https:\/\/tuto.provacy.com\/wp-content\/uploads\/sites\/4\/2026\/04\/RISQUE-CONFORMITE-Page-1-7-1024x717.png 1024w, https:\/\/tuto.provacy.com\/wp-content\/uploads\/sites\/4\/2026\/04\/RISQUE-CONFORMITE-Page-1-7-300x210.png 300w, https:\/\/tuto.provacy.com\/wp-content\/uploads\/sites\/4\/2026\/04\/RISQUE-CONFORMITE-Page-1-7-768x538.png 768w, https:\/\/tuto.provacy.com\/wp-content\/uploads\/sites\/4\/2026\/04\/RISQUE-CONFORMITE-Page-1-7-1536x1076.png 1536w, https:\/\/tuto.provacy.com\/wp-content\/uploads\/sites\/4\/2026\/04\/RISQUE-CONFORMITE-Page-1-7-18x12.png 18w, https:\/\/tuto.provacy.com\/wp-content\/uploads\/sites\/4\/2026\/04\/RISQUE-CONFORMITE-Page-1-7.png 1879w\" sizes=\"(max-width: 1024px) 100vw, 1024px\" \/><button\n\t\t\tclass=\"lightbox-trigger\"\n\t\t\ttype=\"button\"\n\t\t\taria-haspopup=\"dialog\"\n\t\t\taria-label=\"Enlarge image\"\n\t\t\tdata-wp-on--click=\"actions.core.image.showLightbox\"\n\t\t\tdata-wp-style--right=\"context.core.image.imageButtonRight\"\n\t\t\tdata-wp-style--top=\"context.core.image.imageButtonTop\"\n\t\t>\n\t\t\t<svg xmlns=\"http:\/\/www.w3.org\/2000\/svg\" width=\"12\" height=\"12\" fill=\"none\" viewbox=\"0 0 12 12\">\n\t\t\t\t<path fill=\"#fff\" d=\"M2 0a2 2 0 0 0-2 2v2h1.5V2a.5.5 0 0 1 .5-.5h2V0H2Zm2 10.5H2a.5.5 0 0 1-.5-.5V8H0v2a2 2 0 0 0 2 2h2v-1.5ZM8 12v-1.5h2a.5.5 0 0 0 .5-.5V8H12v2a2 2 0 0 1-2 2H8Zm2-12a2 2 0 0 1 2 2v2h-1.5V2a.5.5 0 0 0-.5-.5H8V0h2Z\" \/>\n\t\t\t<\/svg>\n\t\t<\/button>        <div data-wp-body=\"\" class=\"wp-lightbox-overlay zoom\"\n            data-wp-bind--role=\"selectors.core.image.roleAttribute\"\n            data-wp-bind--aria-label=\"selectors.core.image.dialogLabel\"\n            data-wp-class--initialized=\"context.core.image.initialized\"\n            data-wp-class--active=\"context.core.image.lightboxEnabled\"\n            data-wp-class--hideanimationenabled=\"context.core.image.hideAnimationEnabled\"\n            data-wp-bind--aria-modal=\"selectors.core.image.ariaModal\"\n            data-wp-effect=\"effects.core.image.initLightbox\"\n            data-wp-on--keydown=\"actions.core.image.handleKeydown\"\n            data-wp-on--touchstart=\"actions.core.image.handleTouchStart\"\n            data-wp-on--touchmove=\"actions.core.image.handleTouchMove\"\n            data-wp-on--touchend=\"actions.core.image.handleTouchEnd\"\n            data-wp-on--click=\"actions.core.image.hideLightbox\"\n            tabindex=\"-1\"\n            >\n                <button type=\"button\" aria-label=\"Close\" style=\"fill: #000\" class=\"close-button\" data-wp-on--click=\"actions.core.image.hideLightbox\">\n                    <svg xmlns=\"http:\/\/www.w3.org\/2000\/svg\" viewbox=\"0 0 24 24\" width=\"20\" height=\"20\" aria-hidden=\"true\" focusable=\"false\"><path d=\"M13 11.8l6.1-6.3-1-1-6.1 6.2-6.1-6.2-1 1 6.1 6.3-6.5 6.7 1 1 6.5-6.6 6.5 6.6 1-1z\"><\/path><\/svg>\n                <\/button>\n                <div class=\"lightbox-image-container\">\n<figure class=\"wp-block-image size-large responsive-image\"><img decoding=\"async\" data-wp-bind--src=\"context.core.image.imageCurrentSrc\" data-wp-style--object-fit=\"selectors.core.image.lightboxObjectFit\" src=\"\" alt=\"\" class=\"wp-image-4613\" \/><\/figure>\n<\/div>\n                <div class=\"lightbox-image-container\">\n<figure class=\"wp-block-image size-large enlarged-image\"><img decoding=\"async\" data-wp-bind--src=\"selectors.core.image.enlargedImgSrc\" data-wp-style--object-fit=\"selectors.core.image.lightboxObjectFit\" src=\"\" alt=\"\" class=\"wp-image-4613\" \/><\/figure>\n<\/div>\n                <div class=\"scrim\" style=\"background-color: #fff\" aria-hidden=\"true\"><\/div>\n        <\/div><\/figure>\n<\/div>\n\n\n\n<div class=\"wp-block-columns bottom-nav is-layout-flex wp-container-core-columns-layout-1 wp-block-columns-is-layout-flex\">\n<div class=\"wp-block-column is-layout-flow wp-block-column-is-layout-flow\" style=\"flex-basis:25%\"><\/div>\n\n\n\n<div class=\"wp-block-column is-layout-flow wp-block-column-is-layout-flow\" style=\"flex-basis:50%\"><\/div>\n\n\n\n<div class=\"wp-block-column is-layout-flow wp-block-column-is-layout-flow\" style=\"flex-basis:25%\"><\/div>\n<\/div>\n\n\n\n<span class=\"sidebar-toggle hidden\" title=\"Show\/Hide side menu\"><i class=\"fal fa-table-layout\"><\/i><\/span>\n<script src=\"\/wp-includes\/js\/provacy\/js.cookie.min.js\"><\/script>\n<script>\nvar shown = true, $ = jQuery, b = $('body'), t = $('.sidebar-toggle'), c = Cookies.get('sidebar');\nif (c) {\n  shown = c == 1;\n}\nb.addClass('sidebar-' + (shown ? 'shown' : 'hidden'));\nif (shown) {\n  t.find('i').toggleClass('fa-table-layout fa-window-maximize');\n}\nt.on('click', function() {\n  shown = !shown;\n  t.find('i').toggleClass('fa-table-layout fa-window-maximize');\n  b.toggleClass('sidebar-shown sidebar-hidden');\n  Cookies.set('sidebar', shown ? 1 : 0, { expires: 30 });\n});\n\n$('figure.wp-lightbox-container').on('click', function(e) {\n  var img = $(e.target).parents('figure:first').find('img:first'), src = img.attr('src'), enlarged = $('figure.enlarged-image img.' + img.attr('class'));\n  if (enlarged.length && src != enlarged.attr('src')) {\n    let count = 0;\n    function incr() {\n      count++;\n      if (src != enlarged.attr('src'))\n        enlarged.attr('src', src);\n      if (count >= 10) {\n        clearInterval(intervalId);\n      }\n    }\n    const intervalId = setInterval(incr, 100);\n  }\n\n  \/\/console.log('lightbox clicked', e, this);\n});\n\n<\/script>","protected":false},"excerpt":{"rendered":"<p>Niveau de risque d\u00e9tect\u00e9 Le logiciel Provacy analyse automatiquement les informations renseign\u00e9es dans votre fiche de traitement pour estimer le niveau de risque associ\u00e9. Tous les indicateurs sont regroup\u00e9s dans un tableau de synth\u00e8se, qui vous permet de : Le calcul s\u2019appuie sur 3 dimensions compl\u00e9mentaires : En r\u00e9sum\u00e9 : le risque vient des donn\u00e9es, &hellip;<\/p>\n<p class=\"read-more\"> <a class=\"\" href=\"https:\/\/tuto.provacy.com\/en\/risk\/\"> <span class=\"screen-reader-text\">Risque<\/span> Read More &raquo;<\/a><\/p>","protected":false},"author":2,"featured_media":0,"parent":0,"menu_order":1,"comment_status":"closed","ping_status":"closed","template":"","meta":{"site-sidebar-layout":"default","site-content-layout":"","ast-site-content-layout":"default","site-content-style":"default","site-sidebar-style":"default","ast-global-header-display":"","ast-banner-title-visibility":"","ast-main-header-display":"","ast-hfb-above-header-display":"","ast-hfb-below-header-display":"","ast-hfb-mobile-header-display":"","site-post-title":"","ast-breadcrumbs-content":"","ast-featured-img":"","footer-sml-layout":"","theme-transparent-header-meta":"","adv-header-id-meta":"","stick-header-meta":"","header-above-stick-meta":"","header-main-stick-meta":"","header-below-stick-meta":"","astra-migrate-meta-layouts":"set","footnotes":""},"yoast_head":"<!-- This site is optimized with the Yoast SEO plugin v23.3 - https:\/\/yoast.com\/wordpress\/plugins\/seo\/ -->\n<title>Risque - Guide utilisateur<\/title>\n<meta name=\"robots\" content=\"noindex, follow, max-snippet:-1, max-image-preview:large, max-video-preview:-1\" \/>\n<meta property=\"og:locale\" content=\"en_GB\" \/>\n<meta property=\"og:type\" content=\"article\" \/>\n<meta property=\"og:title\" content=\"Risque - Guide utilisateur\" \/>\n<meta property=\"og:description\" content=\"Niveau de risque d\u00e9tect\u00e9 Le logiciel Provacy analyse automatiquement les informations renseign\u00e9es dans votre fiche de traitement pour estimer le niveau de risque associ\u00e9. Tous les indicateurs sont regroup\u00e9s dans un tableau de synth\u00e8se, qui vous permet de : Le calcul s\u2019appuie sur 3 dimensions compl\u00e9mentaires : En r\u00e9sum\u00e9 : le risque vient des donn\u00e9es, &hellip; Risque Read More &raquo;\" \/>\n<meta property=\"og:url\" content=\"https:\/\/tuto.provacy.com\/en\/risk\/\" \/>\n<meta property=\"og:site_name\" content=\"Guide utilisateur\" \/>\n<meta property=\"article:modified_time\" content=\"2026-04-24T13:33:29+00:00\" \/>\n<meta property=\"og:image\" content=\"https:\/\/tuto.provacy.com\/wp-content\/uploads\/sites\/4\/2026\/04\/RISQUE-CONFORMITE-Page-1-1024x399.png\" \/>\n<meta name=\"twitter:card\" content=\"summary_large_image\" \/>\n<meta name=\"twitter:label1\" content=\"Estimated reading time\" \/>\n\t<meta name=\"twitter:data1\" content=\"3 minutes\" \/>\n<script type=\"application\/ld+json\" class=\"yoast-schema-graph\">{\"@context\":\"https:\/\/schema.org\",\"@graph\":[{\"@type\":\"WebPage\",\"@id\":\"https:\/\/tuto.provacy.com\/risk\/\",\"url\":\"https:\/\/tuto.provacy.com\/risk\/\",\"name\":\"Risque - Guide utilisateur\",\"isPartOf\":{\"@id\":\"https:\/\/tuto.provacy.com\/#website\"},\"primaryImageOfPage\":{\"@id\":\"https:\/\/tuto.provacy.com\/risk\/#primaryimage\"},\"image\":{\"@id\":\"https:\/\/tuto.provacy.com\/risk\/#primaryimage\"},\"thumbnailUrl\":\"https:\/\/tuto.provacy.com\/wp-content\/uploads\/sites\/4\/2026\/04\/RISQUE-CONFORMITE-Page-1-1024x399.png\",\"datePublished\":\"2026-04-24T09:28:30+00:00\",\"dateModified\":\"2026-04-24T13:33:29+00:00\",\"breadcrumb\":{\"@id\":\"https:\/\/tuto.provacy.com\/risk\/#breadcrumb\"},\"inLanguage\":\"en-GB\",\"potentialAction\":[{\"@type\":\"ReadAction\",\"target\":[\"https:\/\/tuto.provacy.com\/risk\/\"]}]},{\"@type\":\"ImageObject\",\"inLanguage\":\"en-GB\",\"@id\":\"https:\/\/tuto.provacy.com\/risk\/#primaryimage\",\"url\":\"https:\/\/tuto.provacy.com\/wp-content\/uploads\/sites\/4\/2026\/04\/RISQUE-CONFORMITE-Page-1-1024x399.png\",\"contentUrl\":\"https:\/\/tuto.provacy.com\/wp-content\/uploads\/sites\/4\/2026\/04\/RISQUE-CONFORMITE-Page-1-1024x399.png\"},{\"@type\":\"BreadcrumbList\",\"@id\":\"https:\/\/tuto.provacy.com\/risk\/#breadcrumb\",\"itemListElement\":[{\"@type\":\"ListItem\",\"position\":1,\"name\":\"Accueil\",\"item\":\"https:\/\/tuto.provacy.com\/\"},{\"@type\":\"ListItem\",\"position\":2,\"name\":\"Risque\"}]},{\"@type\":\"WebSite\",\"@id\":\"https:\/\/tuto.provacy.com\/#website\",\"url\":\"https:\/\/tuto.provacy.com\/\",\"name\":\"Guide utilisateur\",\"description\":\"\",\"publisher\":{\"@id\":\"https:\/\/tuto.provacy.com\/#organization\"},\"potentialAction\":[{\"@type\":\"SearchAction\",\"target\":{\"@type\":\"EntryPoint\",\"urlTemplate\":\"https:\/\/tuto.provacy.com\/?s={search_term_string}\"},\"query-input\":\"required name=search_term_string\"}],\"inLanguage\":\"en-GB\"},{\"@type\":\"Organization\",\"@id\":\"https:\/\/tuto.provacy.com\/#organization\",\"name\":\"Guide utilisateur\",\"url\":\"https:\/\/tuto.provacy.com\/\",\"logo\":{\"@type\":\"ImageObject\",\"inLanguage\":\"en-GB\",\"@id\":\"https:\/\/tuto.provacy.com\/#\/schema\/logo\/image\/\",\"url\":\"https:\/\/tuto.provacy.com\/wp-content\/uploads\/sites\/4\/2023\/10\/cropped-power-logo-white-slogan.png\",\"contentUrl\":\"https:\/\/tuto.provacy.com\/wp-content\/uploads\/sites\/4\/2023\/10\/cropped-power-logo-white-slogan.png\",\"width\":1231,\"height\":272,\"caption\":\"Guide utilisateur\"},\"image\":{\"@id\":\"https:\/\/tuto.provacy.com\/#\/schema\/logo\/image\/\"}}]}<\/script>\n<!-- \/ Yoast SEO plugin. -->","yoast_head_json":{"title":"Risque - Guide utilisateur","robots":{"index":"noindex","follow":"follow","max-snippet":"max-snippet:-1","max-image-preview":"max-image-preview:large","max-video-preview":"max-video-preview:-1"},"og_locale":"en_GB","og_type":"article","og_title":"Risque - Guide utilisateur","og_description":"Niveau de risque d\u00e9tect\u00e9 Le logiciel Provacy analyse automatiquement les informations renseign\u00e9es dans votre fiche de traitement pour estimer le niveau de risque associ\u00e9. Tous les indicateurs sont regroup\u00e9s dans un tableau de synth\u00e8se, qui vous permet de : Le calcul s\u2019appuie sur 3 dimensions compl\u00e9mentaires : En r\u00e9sum\u00e9 : le risque vient des donn\u00e9es, &hellip; Risque Read More &raquo;","og_url":"https:\/\/tuto.provacy.com\/en\/risk\/","og_site_name":"Guide utilisateur","article_modified_time":"2026-04-24T13:33:29+00:00","og_image":[{"url":"https:\/\/tuto.provacy.com\/wp-content\/uploads\/sites\/4\/2026\/04\/RISQUE-CONFORMITE-Page-1-1024x399.png"}],"twitter_card":"summary_large_image","twitter_misc":{"Estimated reading time":"3 minutes"},"schema":{"@context":"https:\/\/schema.org","@graph":[{"@type":"WebPage","@id":"https:\/\/tuto.provacy.com\/risk\/","url":"https:\/\/tuto.provacy.com\/risk\/","name":"Risque - Guide utilisateur","isPartOf":{"@id":"https:\/\/tuto.provacy.com\/#website"},"primaryImageOfPage":{"@id":"https:\/\/tuto.provacy.com\/risk\/#primaryimage"},"image":{"@id":"https:\/\/tuto.provacy.com\/risk\/#primaryimage"},"thumbnailUrl":"https:\/\/tuto.provacy.com\/wp-content\/uploads\/sites\/4\/2026\/04\/RISQUE-CONFORMITE-Page-1-1024x399.png","datePublished":"2026-04-24T09:28:30+00:00","dateModified":"2026-04-24T13:33:29+00:00","breadcrumb":{"@id":"https:\/\/tuto.provacy.com\/risk\/#breadcrumb"},"inLanguage":"en-GB","potentialAction":[{"@type":"ReadAction","target":["https:\/\/tuto.provacy.com\/risk\/"]}]},{"@type":"ImageObject","inLanguage":"en-GB","@id":"https:\/\/tuto.provacy.com\/risk\/#primaryimage","url":"https:\/\/tuto.provacy.com\/wp-content\/uploads\/sites\/4\/2026\/04\/RISQUE-CONFORMITE-Page-1-1024x399.png","contentUrl":"https:\/\/tuto.provacy.com\/wp-content\/uploads\/sites\/4\/2026\/04\/RISQUE-CONFORMITE-Page-1-1024x399.png"},{"@type":"BreadcrumbList","@id":"https:\/\/tuto.provacy.com\/risk\/#breadcrumb","itemListElement":[{"@type":"ListItem","position":1,"name":"Accueil","item":"https:\/\/tuto.provacy.com\/"},{"@type":"ListItem","position":2,"name":"Risque"}]},{"@type":"WebSite","@id":"https:\/\/tuto.provacy.com\/#website","url":"https:\/\/tuto.provacy.com\/","name":"Guide utilisateur","description":"","publisher":{"@id":"https:\/\/tuto.provacy.com\/#organization"},"potentialAction":[{"@type":"SearchAction","target":{"@type":"EntryPoint","urlTemplate":"https:\/\/tuto.provacy.com\/?s={search_term_string}"},"query-input":"required name=search_term_string"}],"inLanguage":"en-GB"},{"@type":"Organization","@id":"https:\/\/tuto.provacy.com\/#organization","name":"Guide utilisateur","url":"https:\/\/tuto.provacy.com\/","logo":{"@type":"ImageObject","inLanguage":"en-GB","@id":"https:\/\/tuto.provacy.com\/#\/schema\/logo\/image\/","url":"https:\/\/tuto.provacy.com\/wp-content\/uploads\/sites\/4\/2023\/10\/cropped-power-logo-white-slogan.png","contentUrl":"https:\/\/tuto.provacy.com\/wp-content\/uploads\/sites\/4\/2023\/10\/cropped-power-logo-white-slogan.png","width":1231,"height":272,"caption":"Guide utilisateur"},"image":{"@id":"https:\/\/tuto.provacy.com\/#\/schema\/logo\/image\/"}}]}},"_links":{"self":[{"href":"https:\/\/tuto.provacy.com\/en\/wp-json\/wp\/v2\/pages\/4588"}],"collection":[{"href":"https:\/\/tuto.provacy.com\/en\/wp-json\/wp\/v2\/pages"}],"about":[{"href":"https:\/\/tuto.provacy.com\/en\/wp-json\/wp\/v2\/types\/page"}],"author":[{"embeddable":true,"href":"https:\/\/tuto.provacy.com\/en\/wp-json\/wp\/v2\/users\/2"}],"replies":[{"embeddable":true,"href":"https:\/\/tuto.provacy.com\/en\/wp-json\/wp\/v2\/comments?post=4588"}],"version-history":[{"count":14,"href":"https:\/\/tuto.provacy.com\/en\/wp-json\/wp\/v2\/pages\/4588\/revisions"}],"predecessor-version":[{"id":4614,"href":"https:\/\/tuto.provacy.com\/en\/wp-json\/wp\/v2\/pages\/4588\/revisions\/4614"}],"wp:attachment":[{"href":"https:\/\/tuto.provacy.com\/en\/wp-json\/wp\/v2\/media?parent=4588"}],"curies":[{"name":"wp","href":"https:\/\/api.w.org\/{rel}","templated":true}]}}