{"id":4621,"date":"2026-04-24T16:51:22","date_gmt":"2026-04-24T14:51:22","guid":{"rendered":"https:\/\/tuto.provacy.com\/?page_id=4621"},"modified":"2026-04-24T16:55:21","modified_gmt":"2026-04-24T14:55:21","slug":"compliance","status":"publish","type":"page","link":"https:\/\/tuto.provacy.com\/en\/indic\/compliance\/","title":{"rendered":"Conformit\u00e9"},"content":{"rendered":"<div class=\"wp-block-group top-nav is-nowrap is-layout-flex wp-container-core-group-layout-1 wp-block-group-is-layout-flex\">\n\n<\/div>\n\n\n\n<h2 class=\"wp-block-heading\">Niveau de conformit\u00e9<\/h2>\n\n\n\n<p>En compl\u00e9ment du niveau de risque, Provacy calcule automatiquement un niveau de conformit\u00e9 pour chaque traitement. Cet indicateur refl\u00e8te votre niveau de ma\u00eetrise RGPD.<\/p>\n\n\n\n<div class=\"wp-block-group is-content-justification-left is-nowrap is-layout-flex wp-container-core-group-layout-3 wp-block-group-is-layout-flex\" style=\"margin-top:var(--wp--preset--spacing--20);margin-bottom:var(--wp--preset--spacing--20);padding-top:var(--wp--preset--spacing--40);padding-right:var(--wp--preset--spacing--80);padding-bottom:var(--wp--preset--spacing--40);padding-left:var(--wp--preset--spacing--80)\">\n<div class=\"wp-block-group is-vertical is-layout-flex wp-container-core-group-layout-2 wp-block-group-is-layout-flex\">\n<p>Le calcul repose sur des crit\u00e8res cl\u00e9s \u00e9valu\u00e9s progressivement, au fur et \u00e0 mesure que vous compl\u00e9tez votre fiche :<\/p>\n\n\n\n<ul>\n<li>les informations l\u00e9gales<\/li>\n\n\n\n<li>la dur\u00e9e de conservation<\/li>\n\n\n\n<li>la<strong> <\/strong>gestion des tiers<\/li>\n\n\n\n<li>l\u2019encadrement des transferts<\/li>\n\n\n\n<li>la s\u00e9curit\u00e9 des donn\u00e9es...<\/li>\n<\/ul>\n<\/div>\n\n\n\n<figure class=\"wp-block-image size-large is-resized\"><img loading=\"lazy\" decoding=\"async\" width=\"1024\" height=\"855\" src=\"https:\/\/tuto.provacy.com\/wp-content\/uploads\/sites\/4\/2026\/04\/RISQUE-CONFORMITE-Page-1-9-1024x855.png\" alt=\"\" class=\"wp-image-4623\" style=\"width:380px\" srcset=\"https:\/\/tuto.provacy.com\/wp-content\/uploads\/sites\/4\/2026\/04\/RISQUE-CONFORMITE-Page-1-9-1024x855.png 1024w, https:\/\/tuto.provacy.com\/wp-content\/uploads\/sites\/4\/2026\/04\/RISQUE-CONFORMITE-Page-1-9-300x250.png 300w, https:\/\/tuto.provacy.com\/wp-content\/uploads\/sites\/4\/2026\/04\/RISQUE-CONFORMITE-Page-1-9-768x641.png 768w, https:\/\/tuto.provacy.com\/wp-content\/uploads\/sites\/4\/2026\/04\/RISQUE-CONFORMITE-Page-1-9-14x12.png 14w, https:\/\/tuto.provacy.com\/wp-content\/uploads\/sites\/4\/2026\/04\/RISQUE-CONFORMITE-Page-1-9.png 1127w\" sizes=\"(max-width: 1024px) 100vw, 1024px\" \/><\/figure>\n<\/div>\n\n\n\n<p>\ud83d\udc49 Chaque niveau correspond \u00e0 un score :<\/p>\n\n\n\n<ul>\n<li>Non conforme \u2192 0<\/li>\n\n\n\n<li>Peu conforme \u2192 40<\/li>\n\n\n\n<li>Conforme \u2192 75<\/li>\n\n\n\n<li>Bonne pratique \u2192 100<\/li>\n<\/ul>\n\n\n\n<p>Le niveau de conformit\u00e9 global du traitement correspond \u00e0 la moyenne de ces \u00e9valuations. Si certaines informations ne sont pas renseign\u00e9es, un <strong>taux d\u2019incertitude<\/strong> est affich\u00e9. Le diagramme radar met en lumi\u00e8re les niveaux de ma\u00eetrise pour chaque exigence.<\/p>\n\n\n\n<div class=\"wp-block-group is-content-justification-center is-nowrap is-layout-flex wp-container-core-group-layout-4 wp-block-group-is-layout-flex\">\n<figure class=\"wp-block-image size-large\"><img loading=\"lazy\" decoding=\"async\" width=\"1024\" height=\"497\" src=\"https:\/\/tuto.provacy.com\/wp-content\/uploads\/sites\/4\/2026\/04\/RISQUE-CONFORMITE-Page-1-11-1024x497.png\" alt=\"\" class=\"wp-image-4629\" srcset=\"https:\/\/tuto.provacy.com\/wp-content\/uploads\/sites\/4\/2026\/04\/RISQUE-CONFORMITE-Page-1-11-1024x497.png 1024w, https:\/\/tuto.provacy.com\/wp-content\/uploads\/sites\/4\/2026\/04\/RISQUE-CONFORMITE-Page-1-11-300x146.png 300w, https:\/\/tuto.provacy.com\/wp-content\/uploads\/sites\/4\/2026\/04\/RISQUE-CONFORMITE-Page-1-11-768x373.png 768w, https:\/\/tuto.provacy.com\/wp-content\/uploads\/sites\/4\/2026\/04\/RISQUE-CONFORMITE-Page-1-11-1536x746.png 1536w, https:\/\/tuto.provacy.com\/wp-content\/uploads\/sites\/4\/2026\/04\/RISQUE-CONFORMITE-Page-1-11-18x9.png 18w, https:\/\/tuto.provacy.com\/wp-content\/uploads\/sites\/4\/2026\/04\/RISQUE-CONFORMITE-Page-1-11.png 1993w\" sizes=\"(max-width: 1024px) 100vw, 1024px\" \/><\/figure>\n<\/div>\n\n\n\n<div class=\"wp-block-columns bottom-nav is-layout-flex wp-container-core-columns-layout-1 wp-block-columns-is-layout-flex\">\n<div class=\"wp-block-column is-layout-flow wp-block-column-is-layout-flow\" style=\"flex-basis:25%\"><\/div>\n\n\n\n<div class=\"wp-block-column is-layout-flow wp-block-column-is-layout-flow\" style=\"flex-basis:50%\"><\/div>\n\n\n\n<div class=\"wp-block-column is-layout-flow wp-block-column-is-layout-flow\" style=\"flex-basis:25%\"><\/div>\n<\/div>\n\n\n\n<span class=\"sidebar-toggle hidden\" title=\"Show\/Hide side menu\"><i class=\"fal fa-table-layout\"><\/i><\/span>\n<script src=\"\/wp-includes\/js\/provacy\/js.cookie.min.js\"><\/script>\n<script>\nvar shown = true, $ = jQuery, b = $('body'), t = $('.sidebar-toggle'), c = Cookies.get('sidebar');\nif (c) {\n  shown = c == 1;\n}\nb.addClass('sidebar-' + (shown ? 'shown' : 'hidden'));\nif (shown) {\n  t.find('i').toggleClass('fa-table-layout fa-window-maximize');\n}\nt.on('click', function() {\n  shown = !shown;\n  t.find('i').toggleClass('fa-table-layout fa-window-maximize');\n  b.toggleClass('sidebar-shown sidebar-hidden');\n  Cookies.set('sidebar', shown ? 1 : 0, { expires: 30 });\n});\n\n$('figure.wp-lightbox-container').on('click', function(e) {\n  var img = $(e.target).parents('figure:first').find('img:first'), src = img.attr('src'), enlarged = $('figure.enlarged-image img.' + img.attr('class'));\n  if (enlarged.length && src != enlarged.attr('src')) {\n    let count = 0;\n    function incr() {\n      count++;\n      if (src != enlarged.attr('src'))\n        enlarged.attr('src', src);\n      if (count >= 10) {\n        clearInterval(intervalId);\n      }\n    }\n    const intervalId = setInterval(incr, 100);\n  }\n\n  \/\/console.log('lightbox clicked', e, this);\n});\n\n<\/script>","protected":false},"excerpt":{"rendered":"<p>Niveau de conformit\u00e9 En compl\u00e9ment du niveau de risque, Provacy calcule automatiquement un niveau de conformit\u00e9 pour chaque traitement. Cet indicateur refl\u00e8te votre niveau de ma\u00eetrise RGPD. Le calcul repose sur des crit\u00e8res cl\u00e9s \u00e9valu\u00e9s progressivement, au fur et \u00e0 mesure que vous compl\u00e9tez votre fiche : \ud83d\udc49 Chaque niveau correspond \u00e0 un score : &hellip;<\/p>\n<p class=\"read-more\"> <a class=\"\" href=\"https:\/\/tuto.provacy.com\/en\/indic\/compliance\/\"> <span class=\"screen-reader-text\">Conformit\u00e9<\/span> Read More &raquo;<\/a><\/p>","protected":false},"author":2,"featured_media":0,"parent":4615,"menu_order":3,"comment_status":"closed","ping_status":"closed","template":"","meta":{"site-sidebar-layout":"default","site-content-layout":"","ast-site-content-layout":"default","site-content-style":"default","site-sidebar-style":"default","ast-global-header-display":"","ast-banner-title-visibility":"","ast-main-header-display":"","ast-hfb-above-header-display":"","ast-hfb-below-header-display":"","ast-hfb-mobile-header-display":"","site-post-title":"","ast-breadcrumbs-content":"","ast-featured-img":"","footer-sml-layout":"","theme-transparent-header-meta":"","adv-header-id-meta":"","stick-header-meta":"","header-above-stick-meta":"","header-main-stick-meta":"","header-below-stick-meta":"","astra-migrate-meta-layouts":"set","footnotes":""},"yoast_head":"<!-- This site is optimized with the Yoast SEO plugin v23.3 - https:\/\/yoast.com\/wordpress\/plugins\/seo\/ -->\n<title>Conformit\u00e9 - Guide utilisateur<\/title>\n<meta name=\"robots\" content=\"noindex, follow, max-snippet:-1, max-image-preview:large, max-video-preview:-1\" \/>\n<meta property=\"og:locale\" content=\"en_GB\" \/>\n<meta property=\"og:type\" content=\"article\" \/>\n<meta property=\"og:title\" content=\"Conformit\u00e9 - Guide utilisateur\" \/>\n<meta property=\"og:description\" content=\"Niveau de conformit\u00e9 En compl\u00e9ment du niveau de risque, Provacy calcule automatiquement un niveau de conformit\u00e9 pour chaque traitement. Cet indicateur refl\u00e8te votre niveau de ma\u00eetrise RGPD. Le calcul repose sur des crit\u00e8res cl\u00e9s \u00e9valu\u00e9s progressivement, au fur et \u00e0 mesure que vous compl\u00e9tez votre fiche : \ud83d\udc49 Chaque niveau correspond \u00e0 un score : &hellip; Conformit\u00e9 Read More &raquo;\" \/>\n<meta property=\"og:url\" content=\"https:\/\/tuto.provacy.com\/en\/indic\/compliance\/\" \/>\n<meta property=\"og:site_name\" content=\"Guide utilisateur\" \/>\n<meta property=\"article:modified_time\" content=\"2026-04-24T14:55:21+00:00\" \/>\n<meta property=\"og:image\" content=\"https:\/\/tuto.provacy.com\/wp-content\/uploads\/sites\/4\/2026\/04\/RISQUE-CONFORMITE-Page-1-9-1024x855.png\" \/>\n<meta name=\"twitter:card\" content=\"summary_large_image\" \/>\n<meta name=\"twitter:label1\" content=\"Estimated reading time\" \/>\n\t<meta name=\"twitter:data1\" content=\"2 minutes\" \/>\n<script type=\"application\/ld+json\" class=\"yoast-schema-graph\">{\"@context\":\"https:\/\/schema.org\",\"@graph\":[{\"@type\":\"WebPage\",\"@id\":\"https:\/\/tuto.provacy.com\/indic\/compliance\/\",\"url\":\"https:\/\/tuto.provacy.com\/indic\/compliance\/\",\"name\":\"Conformit\u00e9 - Guide utilisateur\",\"isPartOf\":{\"@id\":\"https:\/\/tuto.provacy.com\/#website\"},\"primaryImageOfPage\":{\"@id\":\"https:\/\/tuto.provacy.com\/indic\/compliance\/#primaryimage\"},\"image\":{\"@id\":\"https:\/\/tuto.provacy.com\/indic\/compliance\/#primaryimage\"},\"thumbnailUrl\":\"https:\/\/tuto.provacy.com\/wp-content\/uploads\/sites\/4\/2026\/04\/RISQUE-CONFORMITE-Page-1-9-1024x855.png\",\"datePublished\":\"2026-04-24T14:51:22+00:00\",\"dateModified\":\"2026-04-24T14:55:21+00:00\",\"breadcrumb\":{\"@id\":\"https:\/\/tuto.provacy.com\/indic\/compliance\/#breadcrumb\"},\"inLanguage\":\"en-GB\",\"potentialAction\":[{\"@type\":\"ReadAction\",\"target\":[\"https:\/\/tuto.provacy.com\/indic\/compliance\/\"]}]},{\"@type\":\"ImageObject\",\"inLanguage\":\"en-GB\",\"@id\":\"https:\/\/tuto.provacy.com\/indic\/compliance\/#primaryimage\",\"url\":\"https:\/\/tuto.provacy.com\/wp-content\/uploads\/sites\/4\/2026\/04\/RISQUE-CONFORMITE-Page-1-9-1024x855.png\",\"contentUrl\":\"https:\/\/tuto.provacy.com\/wp-content\/uploads\/sites\/4\/2026\/04\/RISQUE-CONFORMITE-Page-1-9-1024x855.png\"},{\"@type\":\"BreadcrumbList\",\"@id\":\"https:\/\/tuto.provacy.com\/indic\/compliance\/#breadcrumb\",\"itemListElement\":[{\"@type\":\"ListItem\",\"position\":1,\"name\":\"Accueil\",\"item\":\"https:\/\/tuto.provacy.com\/\"},{\"@type\":\"ListItem\",\"position\":2,\"name\":\"Indicateurs risque &amp; conformit\u00e9\",\"item\":\"https:\/\/tuto.provacy.com\/indic\/\"},{\"@type\":\"ListItem\",\"position\":3,\"name\":\"Conformit\u00e9\"}]},{\"@type\":\"WebSite\",\"@id\":\"https:\/\/tuto.provacy.com\/#website\",\"url\":\"https:\/\/tuto.provacy.com\/\",\"name\":\"Guide utilisateur\",\"description\":\"\",\"publisher\":{\"@id\":\"https:\/\/tuto.provacy.com\/#organization\"},\"potentialAction\":[{\"@type\":\"SearchAction\",\"target\":{\"@type\":\"EntryPoint\",\"urlTemplate\":\"https:\/\/tuto.provacy.com\/?s={search_term_string}\"},\"query-input\":\"required name=search_term_string\"}],\"inLanguage\":\"en-GB\"},{\"@type\":\"Organization\",\"@id\":\"https:\/\/tuto.provacy.com\/#organization\",\"name\":\"Guide utilisateur\",\"url\":\"https:\/\/tuto.provacy.com\/\",\"logo\":{\"@type\":\"ImageObject\",\"inLanguage\":\"en-GB\",\"@id\":\"https:\/\/tuto.provacy.com\/#\/schema\/logo\/image\/\",\"url\":\"https:\/\/tuto.provacy.com\/wp-content\/uploads\/sites\/4\/2023\/10\/cropped-power-logo-white-slogan.png\",\"contentUrl\":\"https:\/\/tuto.provacy.com\/wp-content\/uploads\/sites\/4\/2023\/10\/cropped-power-logo-white-slogan.png\",\"width\":1231,\"height\":272,\"caption\":\"Guide utilisateur\"},\"image\":{\"@id\":\"https:\/\/tuto.provacy.com\/#\/schema\/logo\/image\/\"}}]}<\/script>\n<!-- \/ Yoast SEO plugin. -->","yoast_head_json":{"title":"Conformit\u00e9 - Guide utilisateur","robots":{"index":"noindex","follow":"follow","max-snippet":"max-snippet:-1","max-image-preview":"max-image-preview:large","max-video-preview":"max-video-preview:-1"},"og_locale":"en_GB","og_type":"article","og_title":"Conformit\u00e9 - Guide utilisateur","og_description":"Niveau de conformit\u00e9 En compl\u00e9ment du niveau de risque, Provacy calcule automatiquement un niveau de conformit\u00e9 pour chaque traitement. Cet indicateur refl\u00e8te votre niveau de ma\u00eetrise RGPD. Le calcul repose sur des crit\u00e8res cl\u00e9s \u00e9valu\u00e9s progressivement, au fur et \u00e0 mesure que vous compl\u00e9tez votre fiche : \ud83d\udc49 Chaque niveau correspond \u00e0 un score : &hellip; Conformit\u00e9 Read More &raquo;","og_url":"https:\/\/tuto.provacy.com\/en\/indic\/compliance\/","og_site_name":"Guide utilisateur","article_modified_time":"2026-04-24T14:55:21+00:00","og_image":[{"url":"https:\/\/tuto.provacy.com\/wp-content\/uploads\/sites\/4\/2026\/04\/RISQUE-CONFORMITE-Page-1-9-1024x855.png"}],"twitter_card":"summary_large_image","twitter_misc":{"Estimated reading time":"2 minutes"},"schema":{"@context":"https:\/\/schema.org","@graph":[{"@type":"WebPage","@id":"https:\/\/tuto.provacy.com\/indic\/compliance\/","url":"https:\/\/tuto.provacy.com\/indic\/compliance\/","name":"Conformit\u00e9 - Guide utilisateur","isPartOf":{"@id":"https:\/\/tuto.provacy.com\/#website"},"primaryImageOfPage":{"@id":"https:\/\/tuto.provacy.com\/indic\/compliance\/#primaryimage"},"image":{"@id":"https:\/\/tuto.provacy.com\/indic\/compliance\/#primaryimage"},"thumbnailUrl":"https:\/\/tuto.provacy.com\/wp-content\/uploads\/sites\/4\/2026\/04\/RISQUE-CONFORMITE-Page-1-9-1024x855.png","datePublished":"2026-04-24T14:51:22+00:00","dateModified":"2026-04-24T14:55:21+00:00","breadcrumb":{"@id":"https:\/\/tuto.provacy.com\/indic\/compliance\/#breadcrumb"},"inLanguage":"en-GB","potentialAction":[{"@type":"ReadAction","target":["https:\/\/tuto.provacy.com\/indic\/compliance\/"]}]},{"@type":"ImageObject","inLanguage":"en-GB","@id":"https:\/\/tuto.provacy.com\/indic\/compliance\/#primaryimage","url":"https:\/\/tuto.provacy.com\/wp-content\/uploads\/sites\/4\/2026\/04\/RISQUE-CONFORMITE-Page-1-9-1024x855.png","contentUrl":"https:\/\/tuto.provacy.com\/wp-content\/uploads\/sites\/4\/2026\/04\/RISQUE-CONFORMITE-Page-1-9-1024x855.png"},{"@type":"BreadcrumbList","@id":"https:\/\/tuto.provacy.com\/indic\/compliance\/#breadcrumb","itemListElement":[{"@type":"ListItem","position":1,"name":"Accueil","item":"https:\/\/tuto.provacy.com\/"},{"@type":"ListItem","position":2,"name":"Indicateurs risque &amp; conformit\u00e9","item":"https:\/\/tuto.provacy.com\/indic\/"},{"@type":"ListItem","position":3,"name":"Conformit\u00e9"}]},{"@type":"WebSite","@id":"https:\/\/tuto.provacy.com\/#website","url":"https:\/\/tuto.provacy.com\/","name":"Guide utilisateur","description":"","publisher":{"@id":"https:\/\/tuto.provacy.com\/#organization"},"potentialAction":[{"@type":"SearchAction","target":{"@type":"EntryPoint","urlTemplate":"https:\/\/tuto.provacy.com\/?s={search_term_string}"},"query-input":"required name=search_term_string"}],"inLanguage":"en-GB"},{"@type":"Organization","@id":"https:\/\/tuto.provacy.com\/#organization","name":"Guide utilisateur","url":"https:\/\/tuto.provacy.com\/","logo":{"@type":"ImageObject","inLanguage":"en-GB","@id":"https:\/\/tuto.provacy.com\/#\/schema\/logo\/image\/","url":"https:\/\/tuto.provacy.com\/wp-content\/uploads\/sites\/4\/2023\/10\/cropped-power-logo-white-slogan.png","contentUrl":"https:\/\/tuto.provacy.com\/wp-content\/uploads\/sites\/4\/2023\/10\/cropped-power-logo-white-slogan.png","width":1231,"height":272,"caption":"Guide utilisateur"},"image":{"@id":"https:\/\/tuto.provacy.com\/#\/schema\/logo\/image\/"}}]}},"_links":{"self":[{"href":"https:\/\/tuto.provacy.com\/en\/wp-json\/wp\/v2\/pages\/4621"}],"collection":[{"href":"https:\/\/tuto.provacy.com\/en\/wp-json\/wp\/v2\/pages"}],"about":[{"href":"https:\/\/tuto.provacy.com\/en\/wp-json\/wp\/v2\/types\/page"}],"author":[{"embeddable":true,"href":"https:\/\/tuto.provacy.com\/en\/wp-json\/wp\/v2\/users\/2"}],"replies":[{"embeddable":true,"href":"https:\/\/tuto.provacy.com\/en\/wp-json\/wp\/v2\/comments?post=4621"}],"version-history":[{"count":6,"href":"https:\/\/tuto.provacy.com\/en\/wp-json\/wp\/v2\/pages\/4621\/revisions"}],"predecessor-version":[{"id":4631,"href":"https:\/\/tuto.provacy.com\/en\/wp-json\/wp\/v2\/pages\/4621\/revisions\/4631"}],"up":[{"embeddable":true,"href":"https:\/\/tuto.provacy.com\/en\/wp-json\/wp\/v2\/pages\/4615"}],"wp:attachment":[{"href":"https:\/\/tuto.provacy.com\/en\/wp-json\/wp\/v2\/media?parent=4621"}],"curies":[{"name":"wp","href":"https:\/\/api.w.org\/{rel}","templated":true}]}}