{"id":4699,"date":"2026-05-12T17:22:53","date_gmt":"2026-05-12T15:22:53","guid":{"rendered":"https:\/\/tuto.provacy.com\/?page_id=4699"},"modified":"2026-05-12T18:04:23","modified_gmt":"2026-05-12T16:04:23","slug":"diag","status":"publish","type":"page","link":"https:\/\/tuto.provacy.com\/en\/diag\/","title":{"rendered":"DPIA Assessment"},"content":{"rendered":"<div class=\"wp-block-group top-nav is-nowrap is-layout-flex wp-container-core-group-layout-1 wp-block-group-is-layout-flex\">\n\n<\/div>\n\n\n\n<h2 class=\"wp-block-heading\">DPIA Assessment<\/h2>\n\n\n\n<p>Each processing activity form includes a DPIA tab used to assess whether a Data Protection Impact Assessment (DPIA) is required.<\/p>\n\n\n\n<div class=\"wp-block-group is-nowrap is-layout-flex wp-container-core-group-layout-3 wp-block-group-is-layout-flex\">\n<div class=\"wp-block-group is-vertical is-layout-flex wp-container-core-group-layout-2 wp-block-group-is-layout-flex\">\n<p>The assessment is based on the CNIL decision tree and is carried out in 3 steps:<\/p>\n\n\n\n<ol>\n<li>Check whether the processing activity is included in the list of processing operations exempt from a DPIA;<\/li>\n\n\n\n<li>Check whether it is included in the list of processing operations subject to a DPIA;<\/li>\n\n\n\n<li>Check whether the processing activity meets at least 2 risk criteria requiring a DPIA.<\/li>\n<\/ol>\n<\/div>\n\n\n\n<figure class=\"wp-block-image size-large is-resized\"><img loading=\"lazy\" decoding=\"async\" width=\"961\" height=\"1024\" src=\"https:\/\/tuto.provacy.com\/wp-content\/uploads\/sites\/4\/2026\/05\/Dois-je-faire-une-AIPD-Page-1-1.png\" alt=\"\" class=\"wp-image-4701\" style=\"width:500px\" srcset=\"https:\/\/tuto.provacy.com\/wp-content\/uploads\/sites\/4\/2026\/05\/Dois-je-faire-une-AIPD-Page-1-1.png 2355w, https:\/\/tuto.provacy.com\/wp-content\/uploads\/sites\/4\/2026\/05\/Dois-je-faire-une-AIPD-Page-1-1-282x300.png 282w, https:\/\/tuto.provacy.com\/wp-content\/uploads\/sites\/4\/2026\/05\/Dois-je-faire-une-AIPD-Page-1-1-961x1024.png 961w, https:\/\/tuto.provacy.com\/wp-content\/uploads\/sites\/4\/2026\/05\/Dois-je-faire-une-AIPD-Page-1-1-768x818.png 768w, https:\/\/tuto.provacy.com\/wp-content\/uploads\/sites\/4\/2026\/05\/Dois-je-faire-une-AIPD-Page-1-1-1442x1536.png 1442w, https:\/\/tuto.provacy.com\/wp-content\/uploads\/sites\/4\/2026\/05\/Dois-je-faire-une-AIPD-Page-1-1-1922x2048.png 1922w, https:\/\/tuto.provacy.com\/wp-content\/uploads\/sites\/4\/2026\/05\/Dois-je-faire-une-AIPD-Page-1-1-11x12.png 11w\" sizes=\"(max-width: 961px) 100vw, 961px\" \/><\/figure>\n<\/div>\n\n\n\n<div class=\"wp-block-group is-content-justification-center is-nowrap is-layout-flex wp-container-core-group-layout-4 wp-block-group-is-layout-flex\">\n<figure class=\"wp-block-image size-large\"><img loading=\"lazy\" decoding=\"async\" width=\"1024\" height=\"579\" src=\"https:\/\/tuto.provacy.com\/wp-content\/uploads\/sites\/4\/2026\/05\/Dois-je-faire-une-AIPD-Page-1-5.png\" alt=\"\" class=\"wp-image-4705\" srcset=\"https:\/\/tuto.provacy.com\/wp-content\/uploads\/sites\/4\/2026\/05\/Dois-je-faire-une-AIPD-Page-1-5.png 2833w, https:\/\/tuto.provacy.com\/wp-content\/uploads\/sites\/4\/2026\/05\/Dois-je-faire-une-AIPD-Page-1-5-300x168.png 300w, https:\/\/tuto.provacy.com\/wp-content\/uploads\/sites\/4\/2026\/05\/Dois-je-faire-une-AIPD-Page-1-5-1024x573.png 1024w, https:\/\/tuto.provacy.com\/wp-content\/uploads\/sites\/4\/2026\/05\/Dois-je-faire-une-AIPD-Page-1-5-768x429.png 768w, https:\/\/tuto.provacy.com\/wp-content\/uploads\/sites\/4\/2026\/05\/Dois-je-faire-une-AIPD-Page-1-5-1536x859.png 1536w, https:\/\/tuto.provacy.com\/wp-content\/uploads\/sites\/4\/2026\/05\/Dois-je-faire-une-AIPD-Page-1-5-2048x1145.png 2048w, https:\/\/tuto.provacy.com\/wp-content\/uploads\/sites\/4\/2026\/05\/Dois-je-faire-une-AIPD-Page-1-5-18x10.png 18w\" sizes=\"(max-width: 1024px) 100vw, 1024px\" \/><\/figure>\n<\/div>\n\n\n\n<div class=\"wp-block-group is-nowrap is-layout-flex wp-container-core-group-layout-6 wp-block-group-is-layout-flex\">\n<div class=\"wp-block-group is-vertical is-layout-flex wp-container-core-group-layout-5 wp-block-group-is-layout-flex\">\n<p style=\"margin-top:0;margin-bottom:0\">Based on the answers provided, Provacy automatically displays an assessment:<\/p>\n\n\n\n<ul>\n<li>Unavailable when the answers are incomplete.<\/li>\n\n\n\n<li>DPIA required<\/li>\n\n\n\n<li>DPIA exemption<\/li>\n<\/ul>\n\n\n\n<p style=\"margin-top:var(--wp--preset--spacing--20);margin-bottom:var(--wp--preset--spacing--20)\">This assessment is provided as a decision-support tool. As indicated in the form:<\/p>\n\n\n\n<blockquote class=\"wp-block-quote\">\n<p>\u00ab This assessment is based on the information provided and does not constitute an automatic obligation. \u00bb<\/p>\n<\/blockquote>\n<\/div>\n\n\n\n<figure class=\"wp-block-image size-full is-resized\"><img loading=\"lazy\" decoding=\"async\" width=\"928\" height=\"469\" src=\"https:\/\/tuto.provacy.com\/wp-content\/uploads\/sites\/4\/2026\/05\/Dois-je-faire-une-AIPD-Page-1-4.png\" alt=\"\" class=\"wp-image-4702\" style=\"width:500px\" srcset=\"https:\/\/tuto.provacy.com\/wp-content\/uploads\/sites\/4\/2026\/05\/Dois-je-faire-une-AIPD-Page-1-4.png 973w, https:\/\/tuto.provacy.com\/wp-content\/uploads\/sites\/4\/2026\/05\/Dois-je-faire-une-AIPD-Page-1-4-300x141.png 300w, https:\/\/tuto.provacy.com\/wp-content\/uploads\/sites\/4\/2026\/05\/Dois-je-faire-une-AIPD-Page-1-4-768x360.png 768w, https:\/\/tuto.provacy.com\/wp-content\/uploads\/sites\/4\/2026\/05\/Dois-je-faire-une-AIPD-Page-1-4-18x8.png 18w\" sizes=\"(max-width: 928px) 100vw, 928px\" \/><\/figure>\n<\/div>\n\n\n\n<p>Additional analysis may therefore still be necessary. For example:<\/p>\n\n\n\n<ul>\n<li>a DPIA has already been carried out for a similar or shared processing activity;<\/li>\n\n\n\n<li>the processing activity is particularly innovative or sensitive and presents high risks to data subjects, even if no comparable case has yet been formally identified by a supervisory authority.<\/li>\n<\/ul>\n\n\n\n<p>The comment field below the assessment can be used to document and justify the final decision made.<\/p>\n\n\n\n<div class=\"wp-block-group is-content-justification-center is-nowrap is-layout-flex wp-container-core-group-layout-7 wp-block-group-is-layout-flex\">\n<figure class=\"wp-block-image size-large\"><img loading=\"lazy\" decoding=\"async\" width=\"1024\" height=\"349\" src=\"https:\/\/tuto.provacy.com\/wp-content\/uploads\/sites\/4\/2026\/05\/AIPD-Page-1-4.png\" alt=\"\" class=\"wp-image-4709\" srcset=\"https:\/\/tuto.provacy.com\/wp-content\/uploads\/sites\/4\/2026\/05\/AIPD-Page-1-4.png 3242w, https:\/\/tuto.provacy.com\/wp-content\/uploads\/sites\/4\/2026\/05\/AIPD-Page-1-4-300x106.png 300w, https:\/\/tuto.provacy.com\/wp-content\/uploads\/sites\/4\/2026\/05\/AIPD-Page-1-4-1024x363.png 1024w, https:\/\/tuto.provacy.com\/wp-content\/uploads\/sites\/4\/2026\/05\/AIPD-Page-1-4-768x272.png 768w, https:\/\/tuto.provacy.com\/wp-content\/uploads\/sites\/4\/2026\/05\/AIPD-Page-1-4-1536x544.png 1536w, https:\/\/tuto.provacy.com\/wp-content\/uploads\/sites\/4\/2026\/05\/AIPD-Page-1-4-2048x726.png 2048w, https:\/\/tuto.provacy.com\/wp-content\/uploads\/sites\/4\/2026\/05\/AIPD-Page-1-4-18x6.png 18w\" sizes=\"(max-width: 1024px) 100vw, 1024px\" \/><\/figure>\n<\/div>\n\n\n\n<div class=\"wp-block-columns bottom-nav is-layout-flex wp-container-core-columns-layout-1 wp-block-columns-is-layout-flex\">\n<div class=\"wp-block-column is-layout-flow wp-block-column-is-layout-flow\" style=\"flex-basis:25%\"><\/div>\n\n\n\n<div class=\"wp-block-column is-layout-flow wp-block-column-is-layout-flow\" style=\"flex-basis:50%\"><\/div>\n\n\n\n<div class=\"wp-block-column is-layout-flow wp-block-column-is-layout-flow\" style=\"flex-basis:25%\"><\/div>\n<\/div>\n\n\n\n<span class=\"sidebar-toggle hidden\" title=\"Show\/Hide side menu\"><i class=\"fal fa-table-layout\"><\/i><\/span>\n<script src=\"\/wp-includes\/js\/provacy\/js.cookie.min.js\"><\/script>\n<script>\nvar shown = true, $ = jQuery, b = $('body'), t = $('.sidebar-toggle'), c = Cookies.get('sidebar');\nif (c) {\n  shown = c == 1;\n}\nb.addClass('sidebar-' + (shown ? 'shown' : 'hidden'));\nif (shown) {\n  t.find('i').toggleClass('fa-table-layout fa-window-maximize');\n}\nt.on('click', function() {\n  shown = !shown;\n  t.find('i').toggleClass('fa-table-layout fa-window-maximize');\n  b.toggleClass('sidebar-shown sidebar-hidden');\n  Cookies.set('sidebar', shown ? 1 : 0, { expires: 30 });\n});\n\n$('figure.wp-lightbox-container').on('click', function(e) {\n  var img = $(e.target).parents('figure:first').find('img:first'), src = img.attr('src'), enlarged = $('figure.enlarged-image img.' + img.attr('class'));\n  if (enlarged.length && src != enlarged.attr('src')) {\n    let count = 0;\n    function incr() {\n      count++;\n      if (src != enlarged.attr('src'))\n        enlarged.attr('src', src);\n      if (count >= 10) {\n        clearInterval(intervalId);\n      }\n    }\n    const intervalId = setInterval(incr, 100);\n  }\n\n  \/\/console.log('lightbox clicked', e, this);\n});\n\n<\/script>","protected":false},"excerpt":{"rendered":"<p>Diagnostic AIPD Chaque fiche de traitement comporte un onglet AIPD permettant d\u2019\u00e9valuer si une analyse d\u2019impact relative \u00e0 la protection des donn\u00e9es (AIPD) est n\u00e9cessaire. Le diagnostic repose sur l\u2019arbre de d\u00e9cision de la CNIL et s\u2019effectue en 3 \u00e9tapes : Selon les r\u00e9ponses apport\u00e9es, Provacy affiche automatiquement un diagnostic : Ce diagnostic constitue une &hellip;<\/p>\n<p class=\"read-more\"> <a class=\"\" href=\"https:\/\/tuto.provacy.com\/en\/diag\/\"> <span class=\"screen-reader-text\">DPIA Assessment<\/span> Read More &raquo;<\/a><\/p>","protected":false},"author":2,"featured_media":0,"parent":0,"menu_order":88,"comment_status":"closed","ping_status":"closed","template":"","meta":{"site-sidebar-layout":"default","site-content-layout":"","ast-site-content-layout":"default","site-content-style":"default","site-sidebar-style":"default","ast-global-header-display":"","ast-banner-title-visibility":"","ast-main-header-display":"","ast-hfb-above-header-display":"","ast-hfb-below-header-display":"","ast-hfb-mobile-header-display":"","site-post-title":"","ast-breadcrumbs-content":"","ast-featured-img":"","footer-sml-layout":"","theme-transparent-header-meta":"","adv-header-id-meta":"","stick-header-meta":"","header-above-stick-meta":"","header-main-stick-meta":"","header-below-stick-meta":"","astra-migrate-meta-layouts":"set","footnotes":""},"yoast_head":"<!-- This site is optimized with the Yoast SEO plugin v23.3 - https:\/\/yoast.com\/wordpress\/plugins\/seo\/ -->\n<title>Diagnostic AIPD - Guide utilisateur<\/title>\n<meta name=\"robots\" content=\"noindex, follow, max-snippet:-1, max-image-preview:large, max-video-preview:-1\" \/>\n<meta property=\"og:locale\" content=\"en_GB\" \/>\n<meta property=\"og:type\" content=\"article\" \/>\n<meta property=\"og:title\" content=\"Diagnostic AIPD - Guide utilisateur\" \/>\n<meta property=\"og:description\" content=\"Diagnostic AIPD Chaque fiche de traitement comporte un onglet AIPD permettant d\u2019\u00e9valuer si une analyse d\u2019impact relative \u00e0 la protection des donn\u00e9es (AIPD) est n\u00e9cessaire. Le diagnostic repose sur l\u2019arbre de d\u00e9cision de la CNIL et s\u2019effectue en 3 \u00e9tapes : Selon les r\u00e9ponses apport\u00e9es, Provacy affiche automatiquement un diagnostic : Ce diagnostic constitue une &hellip; Diagnostic AIPD Read More &raquo;\" \/>\n<meta property=\"og:url\" content=\"https:\/\/tuto.provacy.com\/en\/diag\/\" \/>\n<meta property=\"og:site_name\" content=\"Guide utilisateur\" \/>\n<meta property=\"article:modified_time\" content=\"2026-05-12T16:04:23+00:00\" \/>\n<meta property=\"og:image\" content=\"https:\/\/tuto.provacy.com\/wp-content\/uploads\/sites\/4\/2026\/05\/Dois-je-faire-une-AIPD-Page-1-961x1024.png\" \/>\n<meta name=\"twitter:card\" content=\"summary_large_image\" \/>\n<meta name=\"twitter:label1\" content=\"Estimated reading time\" \/>\n\t<meta name=\"twitter:data1\" content=\"2 minutes\" \/>\n<script type=\"application\/ld+json\" class=\"yoast-schema-graph\">{\"@context\":\"https:\/\/schema.org\",\"@graph\":[{\"@type\":\"WebPage\",\"@id\":\"https:\/\/tuto.provacy.com\/diag\/\",\"url\":\"https:\/\/tuto.provacy.com\/diag\/\",\"name\":\"Diagnostic AIPD - Guide utilisateur\",\"isPartOf\":{\"@id\":\"https:\/\/tuto.provacy.com\/#website\"},\"primaryImageOfPage\":{\"@id\":\"https:\/\/tuto.provacy.com\/diag\/#primaryimage\"},\"image\":{\"@id\":\"https:\/\/tuto.provacy.com\/diag\/#primaryimage\"},\"thumbnailUrl\":\"https:\/\/tuto.provacy.com\/wp-content\/uploads\/sites\/4\/2026\/05\/Dois-je-faire-une-AIPD-Page-1-961x1024.png\",\"datePublished\":\"2026-05-12T15:22:53+00:00\",\"dateModified\":\"2026-05-12T16:04:23+00:00\",\"breadcrumb\":{\"@id\":\"https:\/\/tuto.provacy.com\/diag\/#breadcrumb\"},\"inLanguage\":\"en-GB\",\"potentialAction\":[{\"@type\":\"ReadAction\",\"target\":[\"https:\/\/tuto.provacy.com\/diag\/\"]}]},{\"@type\":\"ImageObject\",\"inLanguage\":\"en-GB\",\"@id\":\"https:\/\/tuto.provacy.com\/diag\/#primaryimage\",\"url\":\"https:\/\/tuto.provacy.com\/wp-content\/uploads\/sites\/4\/2026\/05\/Dois-je-faire-une-AIPD-Page-1-961x1024.png\",\"contentUrl\":\"https:\/\/tuto.provacy.com\/wp-content\/uploads\/sites\/4\/2026\/05\/Dois-je-faire-une-AIPD-Page-1-961x1024.png\"},{\"@type\":\"BreadcrumbList\",\"@id\":\"https:\/\/tuto.provacy.com\/diag\/#breadcrumb\",\"itemListElement\":[{\"@type\":\"ListItem\",\"position\":1,\"name\":\"Accueil\",\"item\":\"https:\/\/tuto.provacy.com\/\"},{\"@type\":\"ListItem\",\"position\":2,\"name\":\"Diagnostic AIPD\"}]},{\"@type\":\"WebSite\",\"@id\":\"https:\/\/tuto.provacy.com\/#website\",\"url\":\"https:\/\/tuto.provacy.com\/\",\"name\":\"Guide utilisateur\",\"description\":\"\",\"publisher\":{\"@id\":\"https:\/\/tuto.provacy.com\/#organization\"},\"potentialAction\":[{\"@type\":\"SearchAction\",\"target\":{\"@type\":\"EntryPoint\",\"urlTemplate\":\"https:\/\/tuto.provacy.com\/?s={search_term_string}\"},\"query-input\":\"required name=search_term_string\"}],\"inLanguage\":\"en-GB\"},{\"@type\":\"Organization\",\"@id\":\"https:\/\/tuto.provacy.com\/#organization\",\"name\":\"Guide utilisateur\",\"url\":\"https:\/\/tuto.provacy.com\/\",\"logo\":{\"@type\":\"ImageObject\",\"inLanguage\":\"en-GB\",\"@id\":\"https:\/\/tuto.provacy.com\/#\/schema\/logo\/image\/\",\"url\":\"https:\/\/tuto.provacy.com\/wp-content\/uploads\/sites\/4\/2023\/10\/cropped-power-logo-white-slogan.png\",\"contentUrl\":\"https:\/\/tuto.provacy.com\/wp-content\/uploads\/sites\/4\/2023\/10\/cropped-power-logo-white-slogan.png\",\"width\":1231,\"height\":272,\"caption\":\"Guide utilisateur\"},\"image\":{\"@id\":\"https:\/\/tuto.provacy.com\/#\/schema\/logo\/image\/\"}}]}<\/script>\n<!-- \/ Yoast SEO plugin. -->","yoast_head_json":{"title":"Diagnostic AIPD - Guide utilisateur","robots":{"index":"noindex","follow":"follow","max-snippet":"max-snippet:-1","max-image-preview":"max-image-preview:large","max-video-preview":"max-video-preview:-1"},"og_locale":"en_GB","og_type":"article","og_title":"Diagnostic AIPD - Guide utilisateur","og_description":"Diagnostic AIPD Chaque fiche de traitement comporte un onglet AIPD permettant d\u2019\u00e9valuer si une analyse d\u2019impact relative \u00e0 la protection des donn\u00e9es (AIPD) est n\u00e9cessaire. Le diagnostic repose sur l\u2019arbre de d\u00e9cision de la CNIL et s\u2019effectue en 3 \u00e9tapes : Selon les r\u00e9ponses apport\u00e9es, Provacy affiche automatiquement un diagnostic : Ce diagnostic constitue une &hellip; Diagnostic AIPD Read More &raquo;","og_url":"https:\/\/tuto.provacy.com\/en\/diag\/","og_site_name":"Guide utilisateur","article_modified_time":"2026-05-12T16:04:23+00:00","og_image":[{"url":"https:\/\/tuto.provacy.com\/wp-content\/uploads\/sites\/4\/2026\/05\/Dois-je-faire-une-AIPD-Page-1-961x1024.png"}],"twitter_card":"summary_large_image","twitter_misc":{"Estimated reading time":"2 minutes"},"schema":{"@context":"https:\/\/schema.org","@graph":[{"@type":"WebPage","@id":"https:\/\/tuto.provacy.com\/diag\/","url":"https:\/\/tuto.provacy.com\/diag\/","name":"Diagnostic AIPD - Guide utilisateur","isPartOf":{"@id":"https:\/\/tuto.provacy.com\/#website"},"primaryImageOfPage":{"@id":"https:\/\/tuto.provacy.com\/diag\/#primaryimage"},"image":{"@id":"https:\/\/tuto.provacy.com\/diag\/#primaryimage"},"thumbnailUrl":"https:\/\/tuto.provacy.com\/wp-content\/uploads\/sites\/4\/2026\/05\/Dois-je-faire-une-AIPD-Page-1-961x1024.png","datePublished":"2026-05-12T15:22:53+00:00","dateModified":"2026-05-12T16:04:23+00:00","breadcrumb":{"@id":"https:\/\/tuto.provacy.com\/diag\/#breadcrumb"},"inLanguage":"en-GB","potentialAction":[{"@type":"ReadAction","target":["https:\/\/tuto.provacy.com\/diag\/"]}]},{"@type":"ImageObject","inLanguage":"en-GB","@id":"https:\/\/tuto.provacy.com\/diag\/#primaryimage","url":"https:\/\/tuto.provacy.com\/wp-content\/uploads\/sites\/4\/2026\/05\/Dois-je-faire-une-AIPD-Page-1-961x1024.png","contentUrl":"https:\/\/tuto.provacy.com\/wp-content\/uploads\/sites\/4\/2026\/05\/Dois-je-faire-une-AIPD-Page-1-961x1024.png"},{"@type":"BreadcrumbList","@id":"https:\/\/tuto.provacy.com\/diag\/#breadcrumb","itemListElement":[{"@type":"ListItem","position":1,"name":"Accueil","item":"https:\/\/tuto.provacy.com\/"},{"@type":"ListItem","position":2,"name":"Diagnostic AIPD"}]},{"@type":"WebSite","@id":"https:\/\/tuto.provacy.com\/#website","url":"https:\/\/tuto.provacy.com\/","name":"Guide utilisateur","description":"","publisher":{"@id":"https:\/\/tuto.provacy.com\/#organization"},"potentialAction":[{"@type":"SearchAction","target":{"@type":"EntryPoint","urlTemplate":"https:\/\/tuto.provacy.com\/?s={search_term_string}"},"query-input":"required name=search_term_string"}],"inLanguage":"en-GB"},{"@type":"Organization","@id":"https:\/\/tuto.provacy.com\/#organization","name":"Guide utilisateur","url":"https:\/\/tuto.provacy.com\/","logo":{"@type":"ImageObject","inLanguage":"en-GB","@id":"https:\/\/tuto.provacy.com\/#\/schema\/logo\/image\/","url":"https:\/\/tuto.provacy.com\/wp-content\/uploads\/sites\/4\/2023\/10\/cropped-power-logo-white-slogan.png","contentUrl":"https:\/\/tuto.provacy.com\/wp-content\/uploads\/sites\/4\/2023\/10\/cropped-power-logo-white-slogan.png","width":1231,"height":272,"caption":"Guide utilisateur"},"image":{"@id":"https:\/\/tuto.provacy.com\/#\/schema\/logo\/image\/"}}]}},"_links":{"self":[{"href":"https:\/\/tuto.provacy.com\/en\/wp-json\/wp\/v2\/pages\/4699"}],"collection":[{"href":"https:\/\/tuto.provacy.com\/en\/wp-json\/wp\/v2\/pages"}],"about":[{"href":"https:\/\/tuto.provacy.com\/en\/wp-json\/wp\/v2\/types\/page"}],"author":[{"embeddable":true,"href":"https:\/\/tuto.provacy.com\/en\/wp-json\/wp\/v2\/users\/2"}],"replies":[{"embeddable":true,"href":"https:\/\/tuto.provacy.com\/en\/wp-json\/wp\/v2\/comments?post=4699"}],"version-history":[{"count":7,"href":"https:\/\/tuto.provacy.com\/en\/wp-json\/wp\/v2\/pages\/4699\/revisions"}],"predecessor-version":[{"id":4710,"href":"https:\/\/tuto.provacy.com\/en\/wp-json\/wp\/v2\/pages\/4699\/revisions\/4710"}],"wp:attachment":[{"href":"https:\/\/tuto.provacy.com\/en\/wp-json\/wp\/v2\/media?parent=4699"}],"curies":[{"name":"wp","href":"https:\/\/api.w.org\/{rel}","templated":true}]}}