{"id":870,"date":"2023-08-18T07:22:59","date_gmt":"2023-08-18T05:22:59","guid":{"rendered":"https:\/\/tuto.provacy.com\/?page_id=870"},"modified":"2025-03-24T13:17:19","modified_gmt":"2025-03-24T12:17:19","slug":"new","status":"publish","type":"page","link":"https:\/\/tuto.provacy.com\/en\/deploy\/new\/","title":{"rendered":"2. Deploy"},"content":{"rendered":"<div class=\"wp-block-group top-nav is-nowrap is-layout-flex wp-container-core-group-layout-1 wp-block-group-is-layout-flex\">\n\n<\/div>\n\n\n\n<h5 class=\"wp-block-heading\">Deploying a form<\/h5>\n\n\n\n<p>Description tab: selection of the Data Controller to be deployed.<\/p>\n\n\n\n<div class=\"wp-block-group is-nowrap is-layout-flex wp-container-core-group-layout-2 wp-block-group-is-layout-flex\" style=\"padding-top:var(--wp--preset--spacing--50);padding-right:var(--wp--preset--spacing--80);padding-bottom:var(--wp--preset--spacing--50);padding-left:var(--wp--preset--spacing--80)\">\n<figure class=\"wp-block-image size-large\"><img decoding=\"async\" src=\"https:\/\/tuto.provacy.com\/wp-content\/uploads\/sites\/4\/2023\/08\/74a218fd-2b1e-4e51-8420-2b602f855800.png\" alt=\"\" \/><\/figure>\n<\/div>\n\n\n\n<p>Select deployment targets (Deployment tab)<\/p>\n\n\n\n<div class=\"wp-block-group is-nowrap is-layout-flex wp-container-core-group-layout-3 wp-block-group-is-layout-flex\" style=\"padding-top:var(--wp--preset--spacing--50);padding-right:var(--wp--preset--spacing--80);padding-bottom:var(--wp--preset--spacing--50);padding-left:var(--wp--preset--spacing--80)\">\n<figure class=\"wp-block-image size-large\"><img decoding=\"async\" src=\"https:\/\/tuto.provacy.com\/wp-content\/uploads\/sites\/4\/2023\/08\/ba2cfe88-61ff-4f38-a642-405ad80a5e24.png\" alt=\"\" \/><\/figure>\n<\/div>\n\n\n\n<p class=\"has-text-align-left\">The record appears in the register of target data controllers as soon as it is published. Targets can be adjusted (added or deleted) even if the processing record has been published (there is no need to create new versions).<\/p>\n\n\n\n<p>Identification of activated targets :<\/p>\n\n\n\n<div class=\"wp-block-group is-nowrap is-layout-flex wp-container-core-group-layout-4 wp-block-group-is-layout-flex\" style=\"padding-top:var(--wp--preset--spacing--50);padding-right:var(--wp--preset--spacing--80);padding-bottom:var(--wp--preset--spacing--50);padding-left:var(--wp--preset--spacing--80)\">\n<figure class=\"wp-block-image size-large\"><img decoding=\"async\" src=\"https:\/\/tuto.provacy.com\/wp-content\/uploads\/sites\/4\/2023\/08\/bd11d750-b611-4cbd-822e-88b536861bee.png\" alt=\"\" \/><\/figure>\n<\/div>\n\n\n\n<p>Filter on deployment targets :<\/p>\n\n\n\n<div class=\"wp-block-group is-nowrap is-layout-flex wp-container-core-group-layout-5 wp-block-group-is-layout-flex\" style=\"padding-top:var(--wp--preset--spacing--50);padding-right:var(--wp--preset--spacing--80);padding-bottom:var(--wp--preset--spacing--50);padding-left:var(--wp--preset--spacing--80)\">\n<figure class=\"wp-block-image size-large\"><img decoding=\"async\" src=\"https:\/\/tuto.provacy.com\/wp-content\/uploads\/sites\/4\/2023\/08\/9484bec5-0ffd-4c56-a822-246ad60a1509.png\" alt=\"\" \/><\/figure>\n<\/div>\n\n\n\n<span class=\"sidebar-toggle hidden\" title=\"Show\/Hide side menu\"><i class=\"fal fa-table-layout\"><\/i><\/span>\n<script src=\"\/wp-includes\/js\/provacy\/js.cookie.min.js\"><\/script>\n<script>\nvar shown = true, $ = jQuery, b = $('body'), t = $('.sidebar-toggle'), c = Cookies.get('sidebar');\nif (c) {\n  shown = c == 1;\n}\nb.addClass('sidebar-' + (shown ? 'shown' : 'hidden'));\nif (shown) {\n  t.find('i').toggleClass('fa-table-layout fa-window-maximize');\n}\nt.on('click', function() {\n  shown = !shown;\n  t.find('i').toggleClass('fa-table-layout fa-window-maximize');\n  b.toggleClass('sidebar-shown sidebar-hidden');\n  Cookies.set('sidebar', shown ? 1 : 0, { expires: 30 });\n});\n\n$('figure.wp-lightbox-container').on('click', function(e) {\n  var img = $(e.target).parents('figure:first').find('img:first'), src = img.attr('src'), enlarged = $('figure.enlarged-image img.' + img.attr('class'));\n  if (enlarged.length && src != enlarged.attr('src')) {\n    let count = 0;\n    function incr() {\n      count++;\n      if (src != enlarged.attr('src'))\n        enlarged.attr('src', src);\n      if (count >= 10) {\n        clearInterval(intervalId);\n      }\n    }\n    const intervalId = setInterval(incr, 100);\n  }\n\n  \/\/console.log('lightbox clicked', e, this);\n});\n\n<\/script>","protected":false},"excerpt":{"rendered":"<p>D\u00e9ployer une fiche Onglet Description : s\u00e9lection du Responsable de traitements qui d\u00e9ploie. S\u00e9lectionner les cibles du d\u00e9ploiement (onglet D\u00e9ploiement) La fiche appara\u00eet dans le registre des Responsables de traitements cibles d\u00e8s sa publication. L'ajustement des cibles (ajout ou suppression) est possible m\u00eame si la fiche traitement est publi\u00e9e (il est inutile de cr\u00e9er de &hellip;<\/p>\n<p class=\"read-more\"> <a class=\"\" href=\"https:\/\/tuto.provacy.com\/en\/deploy\/new\/\"> <span class=\"screen-reader-text\">2. Deploy<\/span> Read More &raquo;<\/a><\/p>","protected":false},"author":2,"featured_media":0,"parent":1347,"menu_order":56,"comment_status":"closed","ping_status":"closed","template":"","meta":{"site-sidebar-layout":"default","site-content-layout":"","ast-site-content-layout":"default","site-content-style":"default","site-sidebar-style":"default","ast-global-header-display":"","ast-banner-title-visibility":"","ast-main-header-display":"","ast-hfb-above-header-display":"","ast-hfb-below-header-display":"","ast-hfb-mobile-header-display":"","site-post-title":"","ast-breadcrumbs-content":"","ast-featured-img":"","footer-sml-layout":"","theme-transparent-header-meta":"","adv-header-id-meta":"","stick-header-meta":"","header-above-stick-meta":"","header-main-stick-meta":"","header-below-stick-meta":"","astra-migrate-meta-layouts":"set","footnotes":""},"yoast_head":"<!-- This site is optimized with the Yoast SEO plugin v23.3 - https:\/\/yoast.com\/wordpress\/plugins\/seo\/ -->\n<title>2. D\u00e9ployer - Guide utilisateur<\/title>\n<meta name=\"robots\" content=\"noindex, follow, max-snippet:-1, max-image-preview:large, max-video-preview:-1\" \/>\n<meta property=\"og:locale\" content=\"en_GB\" \/>\n<meta property=\"og:type\" content=\"article\" \/>\n<meta property=\"og:title\" content=\"2. D\u00e9ployer - Guide utilisateur\" \/>\n<meta property=\"og:description\" content=\"D\u00e9ployer une fiche Onglet Description : s\u00e9lection du Responsable de traitements qui d\u00e9ploie. S\u00e9lectionner les cibles du d\u00e9ploiement (onglet D\u00e9ploiement) La fiche appara\u00eet dans le registre des Responsables de traitements cibles d\u00e8s sa publication. L&#039;ajustement des cibles (ajout ou suppression) est possible m\u00eame si la fiche traitement est publi\u00e9e (il est inutile de cr\u00e9er de &hellip; 2. D\u00e9ployer Read More &raquo;\" \/>\n<meta property=\"og:url\" content=\"https:\/\/tuto.provacy.com\/en\/deploy\/new\/\" \/>\n<meta property=\"og:site_name\" content=\"Guide utilisateur\" \/>\n<meta property=\"article:modified_time\" content=\"2025-03-24T12:17:19+00:00\" \/>\n<meta property=\"og:image\" content=\"https:\/\/tuto.provacy.com\/wp-content\/uploads\/sites\/4\/2023\/08\/5ab47c92-d2a6-4e60-99f3-cd2d7e6eba38.png\" \/>\n<meta name=\"twitter:card\" content=\"summary_large_image\" \/>\n<meta name=\"twitter:label1\" content=\"Estimated reading time\" \/>\n\t<meta name=\"twitter:data1\" content=\"2 minutes\" \/>\n<script type=\"application\/ld+json\" class=\"yoast-schema-graph\">{\"@context\":\"https:\/\/schema.org\",\"@graph\":[{\"@type\":\"WebPage\",\"@id\":\"https:\/\/tuto.provacy.com\/deploy\/new\/\",\"url\":\"https:\/\/tuto.provacy.com\/deploy\/new\/\",\"name\":\"2. D\u00e9ployer - Guide utilisateur\",\"isPartOf\":{\"@id\":\"https:\/\/tuto.provacy.com\/#website\"},\"primaryImageOfPage\":{\"@id\":\"https:\/\/tuto.provacy.com\/deploy\/new\/#primaryimage\"},\"image\":{\"@id\":\"https:\/\/tuto.provacy.com\/deploy\/new\/#primaryimage\"},\"thumbnailUrl\":\"https:\/\/tuto.provacy.com\/wp-content\/uploads\/sites\/4\/2023\/08\/5ab47c92-d2a6-4e60-99f3-cd2d7e6eba38.png\",\"datePublished\":\"2023-08-18T05:22:59+00:00\",\"dateModified\":\"2025-03-24T12:17:19+00:00\",\"breadcrumb\":{\"@id\":\"https:\/\/tuto.provacy.com\/deploy\/new\/#breadcrumb\"},\"inLanguage\":\"en-GB\",\"potentialAction\":[{\"@type\":\"ReadAction\",\"target\":[\"https:\/\/tuto.provacy.com\/deploy\/new\/\"]}]},{\"@type\":\"ImageObject\",\"inLanguage\":\"en-GB\",\"@id\":\"https:\/\/tuto.provacy.com\/deploy\/new\/#primaryimage\",\"url\":\"https:\/\/tuto.provacy.com\/wp-content\/uploads\/sites\/4\/2023\/08\/5ab47c92-d2a6-4e60-99f3-cd2d7e6eba38.png\",\"contentUrl\":\"https:\/\/tuto.provacy.com\/wp-content\/uploads\/sites\/4\/2023\/08\/5ab47c92-d2a6-4e60-99f3-cd2d7e6eba38.png\"},{\"@type\":\"BreadcrumbList\",\"@id\":\"https:\/\/tuto.provacy.com\/deploy\/new\/#breadcrumb\",\"itemListElement\":[{\"@type\":\"ListItem\",\"position\":1,\"name\":\"Accueil\",\"item\":\"https:\/\/tuto.provacy.com\/\"},{\"@type\":\"ListItem\",\"position\":2,\"name\":\"D\u00e9ploiements\",\"item\":\"https:\/\/tuto.provacy.com\/deploy\/\"},{\"@type\":\"ListItem\",\"position\":3,\"name\":\"2. D\u00e9ployer\"}]},{\"@type\":\"WebSite\",\"@id\":\"https:\/\/tuto.provacy.com\/#website\",\"url\":\"https:\/\/tuto.provacy.com\/\",\"name\":\"Guide utilisateur\",\"description\":\"\",\"publisher\":{\"@id\":\"https:\/\/tuto.provacy.com\/#organization\"},\"potentialAction\":[{\"@type\":\"SearchAction\",\"target\":{\"@type\":\"EntryPoint\",\"urlTemplate\":\"https:\/\/tuto.provacy.com\/?s={search_term_string}\"},\"query-input\":\"required name=search_term_string\"}],\"inLanguage\":\"en-GB\"},{\"@type\":\"Organization\",\"@id\":\"https:\/\/tuto.provacy.com\/#organization\",\"name\":\"Guide utilisateur\",\"url\":\"https:\/\/tuto.provacy.com\/\",\"logo\":{\"@type\":\"ImageObject\",\"inLanguage\":\"en-GB\",\"@id\":\"https:\/\/tuto.provacy.com\/#\/schema\/logo\/image\/\",\"url\":\"https:\/\/tuto.provacy.com\/wp-content\/uploads\/sites\/4\/2023\/10\/cropped-power-logo-white-slogan.png\",\"contentUrl\":\"https:\/\/tuto.provacy.com\/wp-content\/uploads\/sites\/4\/2023\/10\/cropped-power-logo-white-slogan.png\",\"width\":1231,\"height\":272,\"caption\":\"Guide utilisateur\"},\"image\":{\"@id\":\"https:\/\/tuto.provacy.com\/#\/schema\/logo\/image\/\"}}]}<\/script>\n<!-- \/ Yoast SEO plugin. -->","yoast_head_json":{"title":"2. D\u00e9ployer - Guide utilisateur","robots":{"index":"noindex","follow":"follow","max-snippet":"max-snippet:-1","max-image-preview":"max-image-preview:large","max-video-preview":"max-video-preview:-1"},"og_locale":"en_GB","og_type":"article","og_title":"2. D\u00e9ployer - Guide utilisateur","og_description":"D\u00e9ployer une fiche Onglet Description : s\u00e9lection du Responsable de traitements qui d\u00e9ploie. S\u00e9lectionner les cibles du d\u00e9ploiement (onglet D\u00e9ploiement) La fiche appara\u00eet dans le registre des Responsables de traitements cibles d\u00e8s sa publication. L'ajustement des cibles (ajout ou suppression) est possible m\u00eame si la fiche traitement est publi\u00e9e (il est inutile de cr\u00e9er de &hellip; 2. D\u00e9ployer Read More &raquo;","og_url":"https:\/\/tuto.provacy.com\/en\/deploy\/new\/","og_site_name":"Guide utilisateur","article_modified_time":"2025-03-24T12:17:19+00:00","og_image":[{"url":"https:\/\/tuto.provacy.com\/wp-content\/uploads\/sites\/4\/2023\/08\/5ab47c92-d2a6-4e60-99f3-cd2d7e6eba38.png"}],"twitter_card":"summary_large_image","twitter_misc":{"Estimated reading time":"2 minutes"},"schema":{"@context":"https:\/\/schema.org","@graph":[{"@type":"WebPage","@id":"https:\/\/tuto.provacy.com\/deploy\/new\/","url":"https:\/\/tuto.provacy.com\/deploy\/new\/","name":"2. D\u00e9ployer - Guide utilisateur","isPartOf":{"@id":"https:\/\/tuto.provacy.com\/#website"},"primaryImageOfPage":{"@id":"https:\/\/tuto.provacy.com\/deploy\/new\/#primaryimage"},"image":{"@id":"https:\/\/tuto.provacy.com\/deploy\/new\/#primaryimage"},"thumbnailUrl":"https:\/\/tuto.provacy.com\/wp-content\/uploads\/sites\/4\/2023\/08\/5ab47c92-d2a6-4e60-99f3-cd2d7e6eba38.png","datePublished":"2023-08-18T05:22:59+00:00","dateModified":"2025-03-24T12:17:19+00:00","breadcrumb":{"@id":"https:\/\/tuto.provacy.com\/deploy\/new\/#breadcrumb"},"inLanguage":"en-GB","potentialAction":[{"@type":"ReadAction","target":["https:\/\/tuto.provacy.com\/deploy\/new\/"]}]},{"@type":"ImageObject","inLanguage":"en-GB","@id":"https:\/\/tuto.provacy.com\/deploy\/new\/#primaryimage","url":"https:\/\/tuto.provacy.com\/wp-content\/uploads\/sites\/4\/2023\/08\/5ab47c92-d2a6-4e60-99f3-cd2d7e6eba38.png","contentUrl":"https:\/\/tuto.provacy.com\/wp-content\/uploads\/sites\/4\/2023\/08\/5ab47c92-d2a6-4e60-99f3-cd2d7e6eba38.png"},{"@type":"BreadcrumbList","@id":"https:\/\/tuto.provacy.com\/deploy\/new\/#breadcrumb","itemListElement":[{"@type":"ListItem","position":1,"name":"Accueil","item":"https:\/\/tuto.provacy.com\/"},{"@type":"ListItem","position":2,"name":"D\u00e9ploiements","item":"https:\/\/tuto.provacy.com\/deploy\/"},{"@type":"ListItem","position":3,"name":"2. D\u00e9ployer"}]},{"@type":"WebSite","@id":"https:\/\/tuto.provacy.com\/#website","url":"https:\/\/tuto.provacy.com\/","name":"Guide utilisateur","description":"","publisher":{"@id":"https:\/\/tuto.provacy.com\/#organization"},"potentialAction":[{"@type":"SearchAction","target":{"@type":"EntryPoint","urlTemplate":"https:\/\/tuto.provacy.com\/?s={search_term_string}"},"query-input":"required name=search_term_string"}],"inLanguage":"en-GB"},{"@type":"Organization","@id":"https:\/\/tuto.provacy.com\/#organization","name":"Guide utilisateur","url":"https:\/\/tuto.provacy.com\/","logo":{"@type":"ImageObject","inLanguage":"en-GB","@id":"https:\/\/tuto.provacy.com\/#\/schema\/logo\/image\/","url":"https:\/\/tuto.provacy.com\/wp-content\/uploads\/sites\/4\/2023\/10\/cropped-power-logo-white-slogan.png","contentUrl":"https:\/\/tuto.provacy.com\/wp-content\/uploads\/sites\/4\/2023\/10\/cropped-power-logo-white-slogan.png","width":1231,"height":272,"caption":"Guide utilisateur"},"image":{"@id":"https:\/\/tuto.provacy.com\/#\/schema\/logo\/image\/"}}]}},"_links":{"self":[{"href":"https:\/\/tuto.provacy.com\/en\/wp-json\/wp\/v2\/pages\/870"}],"collection":[{"href":"https:\/\/tuto.provacy.com\/en\/wp-json\/wp\/v2\/pages"}],"about":[{"href":"https:\/\/tuto.provacy.com\/en\/wp-json\/wp\/v2\/types\/page"}],"author":[{"embeddable":true,"href":"https:\/\/tuto.provacy.com\/en\/wp-json\/wp\/v2\/users\/2"}],"replies":[{"embeddable":true,"href":"https:\/\/tuto.provacy.com\/en\/wp-json\/wp\/v2\/comments?post=870"}],"version-history":[{"count":24,"href":"https:\/\/tuto.provacy.com\/en\/wp-json\/wp\/v2\/pages\/870\/revisions"}],"predecessor-version":[{"id":3716,"href":"https:\/\/tuto.provacy.com\/en\/wp-json\/wp\/v2\/pages\/870\/revisions\/3716"}],"up":[{"embeddable":true,"href":"https:\/\/tuto.provacy.com\/en\/wp-json\/wp\/v2\/pages\/1347"}],"wp:attachment":[{"href":"https:\/\/tuto.provacy.com\/en\/wp-json\/wp\/v2\/media?parent=870"}],"curies":[{"name":"wp","href":"https:\/\/api.w.org\/{rel}","templated":true}]}}