{"id":892,"date":"2023-08-18T08:59:23","date_gmt":"2023-08-18T06:59:23","guid":{"rendered":"https:\/\/tuto.provacy.com\/?page_id=892"},"modified":"2025-03-16T16:55:59","modified_gmt":"2025-03-16T15:55:59","slug":"edit","status":"publish","type":"page","link":"https:\/\/tuto.provacy.com\/en\/deploy\/edit\/","title":{"rendered":"7. Changes to the organisation"},"content":{"rendered":"<div class=\"wp-block-group top-nav is-nowrap is-layout-flex wp-container-core-group-layout-1 wp-block-group-is-layout-flex\">\n\n<\/div>\n\n\n\n<p>The administrator modifies the organisation from the Entities menu:<\/p>\n\n\n\n<div class=\"wp-block-group is-nowrap is-layout-flex wp-container-core-group-layout-2 wp-block-group-is-layout-flex\" style=\"padding-top:var(--wp--preset--spacing--50);padding-right:var(--wp--preset--spacing--50);padding-bottom:var(--wp--preset--spacing--50);padding-left:var(--wp--preset--spacing--50)\">\n<figure class=\"wp-block-image size-large\"><img decoding=\"async\" src=\"https:\/\/tuto.provacy.com\/wp-content\/uploads\/sites\/4\/2023\/08\/b4d3bf57-24b7-4e87-bf58-1dcbb2da991f.png\" alt=\"\" \/><\/figure>\n<\/div>\n\n\n\n<h4 class=\"wp-block-heading\">Deactivate an entity<\/h4>\n\n\n\n<p>Companies disappear.<\/p>\n\n\n\n<p><img loading=\"lazy\" decoding=\"async\" width=\"191\" height=\"150\" class=\"wp-image-3643\" style=\"width: 50px\" src=\"https:\/\/tuto.provacy.com\/wp-content\/uploads\/sites\/4\/2025\/03\/Deployment-Page-1.png\" alt=\"\" srcset=\"https:\/\/tuto.provacy.com\/wp-content\/uploads\/sites\/4\/2025\/03\/Deployment-Page-1.png 191w, https:\/\/tuto.provacy.com\/wp-content\/uploads\/sites\/4\/2025\/03\/Deployment-Page-1-15x12.png 15w\" sizes=\"(max-width: 191px) 100vw, 191px\" \/> The controller is removed from deployments, virtual groups and target groups. Their registry is deactivated.<\/p>\n\n\n\n<h4 class=\"wp-block-heading\">Reactivate an entity<\/h4>\n\n\n\n<p>You have disabled an entity by mistake.<\/p>\n\n\n\n<p><img loading=\"lazy\" decoding=\"async\" width=\"191\" height=\"150\" class=\"wp-image-3643\" style=\"width: 50px\" src=\"https:\/\/tuto.provacy.com\/wp-content\/uploads\/sites\/4\/2025\/03\/Deployment-Page-1.png\" alt=\"\" srcset=\"https:\/\/tuto.provacy.com\/wp-content\/uploads\/sites\/4\/2025\/03\/Deployment-Page-1.png 191w, https:\/\/tuto.provacy.com\/wp-content\/uploads\/sites\/4\/2025\/03\/Deployment-Page-1-15x12.png 15w\" sizes=\"(max-width: 191px) 100vw, 191px\" \/> The controller reappears in deployments and virtual groups, <strong>but not in the target groups<\/strong>. Its register is reactivated.<\/p>\n\n\n\n<h4 class=\"wp-block-heading\">Add new entities<\/h4>\n\n\n\n<p>New companies are added.<\/p>\n\n\n\n<p><img loading=\"lazy\" decoding=\"async\" width=\"191\" height=\"150\" class=\"wp-image-3643\" style=\"width: 50px\" src=\"https:\/\/tuto.provacy.com\/wp-content\/uploads\/sites\/4\/2025\/03\/Deployment-Page-1.png\" alt=\"\" srcset=\"https:\/\/tuto.provacy.com\/wp-content\/uploads\/sites\/4\/2025\/03\/Deployment-Page-1.png 191w, https:\/\/tuto.provacy.com\/wp-content\/uploads\/sites\/4\/2025\/03\/Deployment-Page-1-15x12.png 15w\" sizes=\"(max-width: 191px) 100vw, 191px\" \/> Virtual groups (all controllers or all subsidiaries) are updated, as are the deployments to these groups.<\/p>\n\n\n\n<p><img loading=\"lazy\" decoding=\"async\" width=\"191\" height=\"150\" class=\"wp-image-3643\" style=\"width: 50px\" src=\"https:\/\/tuto.provacy.com\/wp-content\/uploads\/sites\/4\/2025\/03\/Deployment-Page-1.png\" alt=\"\" srcset=\"https:\/\/tuto.provacy.com\/wp-content\/uploads\/sites\/4\/2025\/03\/Deployment-Page-1.png 191w, https:\/\/tuto.provacy.com\/wp-content\/uploads\/sites\/4\/2025\/03\/Deployment-Page-1-15x12.png 15w\" sizes=\"(max-width: 191px) 100vw, 191px\" \/> If necessary, you will need to add the new entity to target groups to automatically update deployments to this new controller.<\/p>\n\n\n\n<span class=\"sidebar-toggle hidden\" title=\"Show\/Hide side menu\"><i class=\"fal fa-table-layout\"><\/i><\/span>\n<script src=\"\/wp-includes\/js\/provacy\/js.cookie.min.js\"><\/script>\n<script>\nvar shown = true, $ = jQuery, b = $('body'), t = $('.sidebar-toggle'), c = Cookies.get('sidebar');\nif (c) {\n  shown = c == 1;\n}\nb.addClass('sidebar-' + (shown ? 'shown' : 'hidden'));\nif (shown) {\n  t.find('i').toggleClass('fa-table-layout fa-window-maximize');\n}\nt.on('click', function() {\n  shown = !shown;\n  t.find('i').toggleClass('fa-table-layout fa-window-maximize');\n  b.toggleClass('sidebar-shown sidebar-hidden');\n  Cookies.set('sidebar', shown ? 1 : 0, { expires: 30 });\n});\n\n$('figure.wp-lightbox-container').on('click', function(e) {\n  var img = $(e.target).parents('figure:first').find('img:first'), src = img.attr('src'), enlarged = $('figure.enlarged-image img.' + img.attr('class'));\n  if (enlarged.length && src != enlarged.attr('src')) {\n    let count = 0;\n    function incr() {\n      count++;\n      if (src != enlarged.attr('src'))\n        enlarged.attr('src', src);\n      if (count >= 10) {\n        clearInterval(intervalId);\n      }\n    }\n    const intervalId = setInterval(incr, 100);\n  }\n\n  \/\/console.log('lightbox clicked', e, this);\n});\n\n<\/script>","protected":false},"excerpt":{"rendered":"<p>L'administrateur modifie l'organisation depuis le menu Entit\u00e9s : D\u00e9sactivation d\u2019une entit\u00e9 Des soci\u00e9t\u00e9s disparaissent. Le responsable de traitement est supprim\u00e9 des d\u00e9ploiements, des groupes virtuels et des groupes cibles. Son registre est d\u00e9sactiv\u00e9. R\u00e9activation d\u2019une entit\u00e9 Vous avez d\u00e9sactiv\u00e9 une entit\u00e9 par erreur. Le responsable de traitement r\u00e9appara\u00eet dans les d\u00e9ploiements et les groupes virtuels, &hellip;<\/p>\n<p class=\"read-more\"> <a class=\"\" href=\"https:\/\/tuto.provacy.com\/en\/deploy\/edit\/\"> <span class=\"screen-reader-text\">7. Changes to the organisation<\/span> Read More &raquo;<\/a><\/p>","protected":false},"author":2,"featured_media":0,"parent":1347,"menu_order":61,"comment_status":"closed","ping_status":"closed","template":"","meta":{"site-sidebar-layout":"default","site-content-layout":"","ast-site-content-layout":"default","site-content-style":"default","site-sidebar-style":"default","ast-global-header-display":"","ast-banner-title-visibility":"","ast-main-header-display":"","ast-hfb-above-header-display":"","ast-hfb-below-header-display":"","ast-hfb-mobile-header-display":"","site-post-title":"","ast-breadcrumbs-content":"","ast-featured-img":"","footer-sml-layout":"","theme-transparent-header-meta":"","adv-header-id-meta":"","stick-header-meta":"","header-above-stick-meta":"","header-main-stick-meta":"","header-below-stick-meta":"","astra-migrate-meta-layouts":"set","footnotes":""},"yoast_head":"<!-- This site is optimized with the Yoast SEO plugin v23.3 - https:\/\/yoast.com\/wordpress\/plugins\/seo\/ -->\n<title>7. Modification organisation - Guide utilisateur<\/title>\n<meta name=\"robots\" content=\"noindex, follow, max-snippet:-1, max-image-preview:large, max-video-preview:-1\" \/>\n<meta property=\"og:locale\" content=\"en_GB\" \/>\n<meta property=\"og:type\" content=\"article\" \/>\n<meta property=\"og:title\" content=\"7. Modification organisation - Guide utilisateur\" \/>\n<meta property=\"og:description\" content=\"L&#039;administrateur modifie l&#039;organisation depuis le menu Entit\u00e9s : D\u00e9sactivation d\u2019une entit\u00e9 Des soci\u00e9t\u00e9s disparaissent. Le responsable de traitement est supprim\u00e9 des d\u00e9ploiements, des groupes virtuels et des groupes cibles. Son registre est d\u00e9sactiv\u00e9. R\u00e9activation d\u2019une entit\u00e9 Vous avez d\u00e9sactiv\u00e9 une entit\u00e9 par erreur. Le responsable de traitement r\u00e9appara\u00eet dans les d\u00e9ploiements et les groupes virtuels, &hellip; 7. Modification organisation Read More &raquo;\" \/>\n<meta property=\"og:url\" content=\"https:\/\/tuto.provacy.com\/en\/deploy\/edit\/\" \/>\n<meta property=\"og:site_name\" content=\"Guide utilisateur\" \/>\n<meta property=\"article:modified_time\" content=\"2025-03-16T15:55:59+00:00\" \/>\n<meta property=\"og:image\" content=\"https:\/\/tuto.provacy.com\/wp-content\/uploads\/sites\/4\/2023\/08\/af991547-07b5-4557-884f-6109d47fae52.png\" \/>\n<meta name=\"twitter:card\" content=\"summary_large_image\" \/>\n<meta name=\"twitter:label1\" content=\"Estimated reading time\" \/>\n\t<meta name=\"twitter:data1\" content=\"2 minutes\" \/>\n<script type=\"application\/ld+json\" class=\"yoast-schema-graph\">{\"@context\":\"https:\/\/schema.org\",\"@graph\":[{\"@type\":\"WebPage\",\"@id\":\"https:\/\/tuto.provacy.com\/deploy\/edit\/\",\"url\":\"https:\/\/tuto.provacy.com\/deploy\/edit\/\",\"name\":\"7. Modification organisation - Guide utilisateur\",\"isPartOf\":{\"@id\":\"https:\/\/tuto.provacy.com\/#website\"},\"primaryImageOfPage\":{\"@id\":\"https:\/\/tuto.provacy.com\/deploy\/edit\/#primaryimage\"},\"image\":{\"@id\":\"https:\/\/tuto.provacy.com\/deploy\/edit\/#primaryimage\"},\"thumbnailUrl\":\"https:\/\/tuto.provacy.com\/wp-content\/uploads\/sites\/4\/2023\/08\/af991547-07b5-4557-884f-6109d47fae52.png\",\"datePublished\":\"2023-08-18T06:59:23+00:00\",\"dateModified\":\"2025-03-16T15:55:59+00:00\",\"breadcrumb\":{\"@id\":\"https:\/\/tuto.provacy.com\/deploy\/edit\/#breadcrumb\"},\"inLanguage\":\"en-GB\",\"potentialAction\":[{\"@type\":\"ReadAction\",\"target\":[\"https:\/\/tuto.provacy.com\/deploy\/edit\/\"]}]},{\"@type\":\"ImageObject\",\"inLanguage\":\"en-GB\",\"@id\":\"https:\/\/tuto.provacy.com\/deploy\/edit\/#primaryimage\",\"url\":\"https:\/\/tuto.provacy.com\/wp-content\/uploads\/sites\/4\/2023\/08\/af991547-07b5-4557-884f-6109d47fae52.png\",\"contentUrl\":\"https:\/\/tuto.provacy.com\/wp-content\/uploads\/sites\/4\/2023\/08\/af991547-07b5-4557-884f-6109d47fae52.png\"},{\"@type\":\"BreadcrumbList\",\"@id\":\"https:\/\/tuto.provacy.com\/deploy\/edit\/#breadcrumb\",\"itemListElement\":[{\"@type\":\"ListItem\",\"position\":1,\"name\":\"Accueil\",\"item\":\"https:\/\/tuto.provacy.com\/\"},{\"@type\":\"ListItem\",\"position\":2,\"name\":\"D\u00e9ploiements\",\"item\":\"https:\/\/tuto.provacy.com\/deploy\/\"},{\"@type\":\"ListItem\",\"position\":3,\"name\":\"7. Modification organisation\"}]},{\"@type\":\"WebSite\",\"@id\":\"https:\/\/tuto.provacy.com\/#website\",\"url\":\"https:\/\/tuto.provacy.com\/\",\"name\":\"Guide utilisateur\",\"description\":\"\",\"publisher\":{\"@id\":\"https:\/\/tuto.provacy.com\/#organization\"},\"potentialAction\":[{\"@type\":\"SearchAction\",\"target\":{\"@type\":\"EntryPoint\",\"urlTemplate\":\"https:\/\/tuto.provacy.com\/?s={search_term_string}\"},\"query-input\":\"required name=search_term_string\"}],\"inLanguage\":\"en-GB\"},{\"@type\":\"Organization\",\"@id\":\"https:\/\/tuto.provacy.com\/#organization\",\"name\":\"Guide utilisateur\",\"url\":\"https:\/\/tuto.provacy.com\/\",\"logo\":{\"@type\":\"ImageObject\",\"inLanguage\":\"en-GB\",\"@id\":\"https:\/\/tuto.provacy.com\/#\/schema\/logo\/image\/\",\"url\":\"https:\/\/tuto.provacy.com\/wp-content\/uploads\/sites\/4\/2023\/10\/cropped-power-logo-white-slogan.png\",\"contentUrl\":\"https:\/\/tuto.provacy.com\/wp-content\/uploads\/sites\/4\/2023\/10\/cropped-power-logo-white-slogan.png\",\"width\":1231,\"height\":272,\"caption\":\"Guide utilisateur\"},\"image\":{\"@id\":\"https:\/\/tuto.provacy.com\/#\/schema\/logo\/image\/\"}}]}<\/script>\n<!-- \/ Yoast SEO plugin. -->","yoast_head_json":{"title":"7. Modification organisation - Guide utilisateur","robots":{"index":"noindex","follow":"follow","max-snippet":"max-snippet:-1","max-image-preview":"max-image-preview:large","max-video-preview":"max-video-preview:-1"},"og_locale":"en_GB","og_type":"article","og_title":"7. Modification organisation - Guide utilisateur","og_description":"L'administrateur modifie l'organisation depuis le menu Entit\u00e9s : D\u00e9sactivation d\u2019une entit\u00e9 Des soci\u00e9t\u00e9s disparaissent. Le responsable de traitement est supprim\u00e9 des d\u00e9ploiements, des groupes virtuels et des groupes cibles. Son registre est d\u00e9sactiv\u00e9. R\u00e9activation d\u2019une entit\u00e9 Vous avez d\u00e9sactiv\u00e9 une entit\u00e9 par erreur. Le responsable de traitement r\u00e9appara\u00eet dans les d\u00e9ploiements et les groupes virtuels, &hellip; 7. Modification organisation Read More &raquo;","og_url":"https:\/\/tuto.provacy.com\/en\/deploy\/edit\/","og_site_name":"Guide utilisateur","article_modified_time":"2025-03-16T15:55:59+00:00","og_image":[{"url":"https:\/\/tuto.provacy.com\/wp-content\/uploads\/sites\/4\/2023\/08\/af991547-07b5-4557-884f-6109d47fae52.png"}],"twitter_card":"summary_large_image","twitter_misc":{"Estimated reading time":"2 minutes"},"schema":{"@context":"https:\/\/schema.org","@graph":[{"@type":"WebPage","@id":"https:\/\/tuto.provacy.com\/deploy\/edit\/","url":"https:\/\/tuto.provacy.com\/deploy\/edit\/","name":"7. Modification organisation - Guide utilisateur","isPartOf":{"@id":"https:\/\/tuto.provacy.com\/#website"},"primaryImageOfPage":{"@id":"https:\/\/tuto.provacy.com\/deploy\/edit\/#primaryimage"},"image":{"@id":"https:\/\/tuto.provacy.com\/deploy\/edit\/#primaryimage"},"thumbnailUrl":"https:\/\/tuto.provacy.com\/wp-content\/uploads\/sites\/4\/2023\/08\/af991547-07b5-4557-884f-6109d47fae52.png","datePublished":"2023-08-18T06:59:23+00:00","dateModified":"2025-03-16T15:55:59+00:00","breadcrumb":{"@id":"https:\/\/tuto.provacy.com\/deploy\/edit\/#breadcrumb"},"inLanguage":"en-GB","potentialAction":[{"@type":"ReadAction","target":["https:\/\/tuto.provacy.com\/deploy\/edit\/"]}]},{"@type":"ImageObject","inLanguage":"en-GB","@id":"https:\/\/tuto.provacy.com\/deploy\/edit\/#primaryimage","url":"https:\/\/tuto.provacy.com\/wp-content\/uploads\/sites\/4\/2023\/08\/af991547-07b5-4557-884f-6109d47fae52.png","contentUrl":"https:\/\/tuto.provacy.com\/wp-content\/uploads\/sites\/4\/2023\/08\/af991547-07b5-4557-884f-6109d47fae52.png"},{"@type":"BreadcrumbList","@id":"https:\/\/tuto.provacy.com\/deploy\/edit\/#breadcrumb","itemListElement":[{"@type":"ListItem","position":1,"name":"Accueil","item":"https:\/\/tuto.provacy.com\/"},{"@type":"ListItem","position":2,"name":"D\u00e9ploiements","item":"https:\/\/tuto.provacy.com\/deploy\/"},{"@type":"ListItem","position":3,"name":"7. Modification organisation"}]},{"@type":"WebSite","@id":"https:\/\/tuto.provacy.com\/#website","url":"https:\/\/tuto.provacy.com\/","name":"Guide utilisateur","description":"","publisher":{"@id":"https:\/\/tuto.provacy.com\/#organization"},"potentialAction":[{"@type":"SearchAction","target":{"@type":"EntryPoint","urlTemplate":"https:\/\/tuto.provacy.com\/?s={search_term_string}"},"query-input":"required name=search_term_string"}],"inLanguage":"en-GB"},{"@type":"Organization","@id":"https:\/\/tuto.provacy.com\/#organization","name":"Guide utilisateur","url":"https:\/\/tuto.provacy.com\/","logo":{"@type":"ImageObject","inLanguage":"en-GB","@id":"https:\/\/tuto.provacy.com\/#\/schema\/logo\/image\/","url":"https:\/\/tuto.provacy.com\/wp-content\/uploads\/sites\/4\/2023\/10\/cropped-power-logo-white-slogan.png","contentUrl":"https:\/\/tuto.provacy.com\/wp-content\/uploads\/sites\/4\/2023\/10\/cropped-power-logo-white-slogan.png","width":1231,"height":272,"caption":"Guide utilisateur"},"image":{"@id":"https:\/\/tuto.provacy.com\/#\/schema\/logo\/image\/"}}]}},"_links":{"self":[{"href":"https:\/\/tuto.provacy.com\/en\/wp-json\/wp\/v2\/pages\/892"}],"collection":[{"href":"https:\/\/tuto.provacy.com\/en\/wp-json\/wp\/v2\/pages"}],"about":[{"href":"https:\/\/tuto.provacy.com\/en\/wp-json\/wp\/v2\/types\/page"}],"author":[{"embeddable":true,"href":"https:\/\/tuto.provacy.com\/en\/wp-json\/wp\/v2\/users\/2"}],"replies":[{"embeddable":true,"href":"https:\/\/tuto.provacy.com\/en\/wp-json\/wp\/v2\/comments?post=892"}],"version-history":[{"count":21,"href":"https:\/\/tuto.provacy.com\/en\/wp-json\/wp\/v2\/pages\/892\/revisions"}],"predecessor-version":[{"id":3652,"href":"https:\/\/tuto.provacy.com\/en\/wp-json\/wp\/v2\/pages\/892\/revisions\/3652"}],"up":[{"embeddable":true,"href":"https:\/\/tuto.provacy.com\/en\/wp-json\/wp\/v2\/pages\/1347"}],"wp:attachment":[{"href":"https:\/\/tuto.provacy.com\/en\/wp-json\/wp\/v2\/media?parent=892"}],"curies":[{"name":"wp","href":"https:\/\/api.w.org\/{rel}","templated":true}]}}