{"id":931,"date":"2023-08-22T17:12:21","date_gmt":"2023-08-22T15:12:21","guid":{"rendered":"https:\/\/tuto.provacy.com\/?page_id=931"},"modified":"2026-01-23T09:29:42","modified_gmt":"2026-01-23T08:29:42","slug":"duration","status":"publish","type":"page","link":"https:\/\/tuto.provacy.com\/en\/data\/duration\/","title":{"rendered":"4. Duration"},"content":{"rendered":"<div class=\"wp-block-group top-nav is-nowrap is-layout-flex wp-container-core-group-layout-1 wp-block-group-is-layout-flex\">\n\n<\/div>\n\n\n\n<h5 class=\"wp-block-heading\">4. Duration<\/h5>\n\n\n\n<h5 class=\"wp-block-heading\">How long are these data kept in active environments ?<\/h5>\n\n\n\n<p class=\"translation-block\">The 3 sliders can be used to construct a sentence and thus define <strong>precisely<\/strong> the retention period in the active database. For example, \"15 days from the end of the last contact\" or \"Immediate deletion from the end of the clearance\". Click on \ud83d\udec8 to display the possible values.<\/p>\n\n\n\n<p><img loading=\"lazy\" decoding=\"async\" width=\"116\" height=\"113\" class=\"wp-image-2673\" style=\"width: 30px\" src=\"https:\/\/tuto.provacy.com\/wp-content\/uploads\/sites\/4\/2024\/05\/AIDE_TABLEAU-DE-DONNEES-Page-1-5.png\" alt=\"\" srcset=\"https:\/\/tuto.provacy.com\/wp-content\/uploads\/sites\/4\/2024\/05\/AIDE_TABLEAU-DE-DONNEES-Page-1-5.png 116w, https:\/\/tuto.provacy.com\/wp-content\/uploads\/sites\/4\/2024\/05\/AIDE_TABLEAU-DE-DONNEES-Page-1-5-12x12.png 12w\" sizes=\"(max-width: 116px) 100vw, 116px\" \/> This information is published in the processing register.<\/p>\n\n\n\n<div class=\"wp-block-group is-nowrap is-layout-flex wp-container-core-group-layout-2 wp-block-group-is-layout-flex\">\n<figure class=\"wp-block-image size-large\"><img decoding=\"async\" src=\"https:\/\/tuto.provacy.com\/wp-content\/uploads\/sites\/4\/2023\/08\/75fc546e-dd20-43a6-9712-677dcb9ec7d5.png\" alt=\"\" \/><\/figure>\n<\/div>\n\n\n\n<div class=\"wp-block-columns bottom-nav is-layout-flex wp-container-core-columns-layout-1 wp-block-columns-is-layout-flex\">\n<div class=\"wp-block-column is-layout-flow wp-block-column-is-layout-flow\" style=\"flex-basis:25%\"><\/div>\n\n\n\n<div class=\"wp-block-column is-layout-flow wp-block-column-is-layout-flow\" style=\"flex-basis:50%\"><\/div>\n\n\n\n<div class=\"wp-block-column is-layout-flow wp-block-column-is-layout-flow\" style=\"flex-basis:25%\"><\/div>\n<\/div>\n\n\n\n<span class=\"sidebar-toggle hidden\" title=\"Show\/Hide side menu\"><i class=\"fal fa-table-layout\"><\/i><\/span>\n<script src=\"\/wp-includes\/js\/provacy\/js.cookie.min.js\"><\/script>\n<script>\nvar shown = true, $ = jQuery, b = $('body'), t = $('.sidebar-toggle'), c = Cookies.get('sidebar');\nif (c) {\n  shown = c == 1;\n}\nb.addClass('sidebar-' + (shown ? 'shown' : 'hidden'));\nif (shown) {\n  t.find('i').toggleClass('fa-table-layout fa-window-maximize');\n}\nt.on('click', function() {\n  shown = !shown;\n  t.find('i').toggleClass('fa-table-layout fa-window-maximize');\n  b.toggleClass('sidebar-shown sidebar-hidden');\n  Cookies.set('sidebar', shown ? 1 : 0, { expires: 30 });\n});\n\n$('figure.wp-lightbox-container').on('click', function(e) {\n  var img = $(e.target).parents('figure:first').find('img:first'), src = img.attr('src'), enlarged = $('figure.enlarged-image img.' + img.attr('class'));\n  if (enlarged.length && src != enlarged.attr('src')) {\n    let count = 0;\n    function incr() {\n      count++;\n      if (src != enlarged.attr('src'))\n        enlarged.attr('src', src);\n      if (count >= 10) {\n        clearInterval(intervalId);\n      }\n    }\n    const intervalId = setInterval(incr, 100);\n  }\n\n  \/\/console.log('lightbox clicked', e, this);\n});\n\n<\/script>","protected":false},"excerpt":{"rendered":"<p>4. Dur\u00e9es de conservation Combien de temps conserve-t-on ces donn\u00e9es en base active ? Les 3 curseurs permettent de construire une phrase et ainsi d\u00e9finir pr\u00e9cis\u00e9ment la dur\u00e9e de conservation en base active. Par exemple, \"15 jours \u00e0 partir de la fin du dernier contact\" ou \"Suppression imm\u00e9diate \u00e0 partir de la fin de l'habilitation\". &hellip;<\/p>\n<p class=\"read-more\"> <a class=\"\" href=\"https:\/\/tuto.provacy.com\/en\/data\/duration\/\"> <span class=\"screen-reader-text\">4. Duration<\/span> Read More &raquo;<\/a><\/p>","protected":false},"author":2,"featured_media":0,"parent":925,"menu_order":47,"comment_status":"closed","ping_status":"closed","template":"","meta":{"site-sidebar-layout":"default","site-content-layout":"","ast-site-content-layout":"default","site-content-style":"default","site-sidebar-style":"default","ast-global-header-display":"","ast-banner-title-visibility":"","ast-main-header-display":"","ast-hfb-above-header-display":"","ast-hfb-below-header-display":"","ast-hfb-mobile-header-display":"","site-post-title":"","ast-breadcrumbs-content":"","ast-featured-img":"","footer-sml-layout":"","theme-transparent-header-meta":"","adv-header-id-meta":"","stick-header-meta":"","header-above-stick-meta":"","header-main-stick-meta":"","header-below-stick-meta":"","astra-migrate-meta-layouts":"set","footnotes":""},"yoast_head":"<!-- This site is optimized with the Yoast SEO plugin v23.3 - https:\/\/yoast.com\/wordpress\/plugins\/seo\/ -->\n<title>4. Dur\u00e9es de conservation - Guide utilisateur<\/title>\n<meta name=\"robots\" content=\"noindex, follow, max-snippet:-1, max-image-preview:large, max-video-preview:-1\" \/>\n<meta property=\"og:locale\" content=\"en_GB\" \/>\n<meta property=\"og:type\" content=\"article\" \/>\n<meta property=\"og:title\" content=\"4. Dur\u00e9es de conservation - Guide utilisateur\" \/>\n<meta property=\"og:description\" content=\"4. Dur\u00e9es de conservation Combien de temps conserve-t-on ces donn\u00e9es en base active ? Les 3 curseurs permettent de construire une phrase et ainsi d\u00e9finir pr\u00e9cis\u00e9ment la dur\u00e9e de conservation en base active. Par exemple, &quot;15 jours \u00e0 partir de la fin du dernier contact&quot; ou &quot;Suppression imm\u00e9diate \u00e0 partir de la fin de l&#039;habilitation&quot;. &hellip; 4. Dur\u00e9es de conservation Read More &raquo;\" \/>\n<meta property=\"og:url\" content=\"https:\/\/tuto.provacy.com\/en\/data\/duration\/\" \/>\n<meta property=\"og:site_name\" content=\"Guide utilisateur\" \/>\n<meta property=\"article:modified_time\" content=\"2026-01-23T08:29:42+00:00\" \/>\n<meta property=\"og:image\" content=\"https:\/\/tuto.provacy.com\/wp-content\/uploads\/sites\/4\/2024\/05\/AIDE_TABLEAU-DE-DONNEES-Page-1-5.png\" \/>\n<meta name=\"twitter:card\" content=\"summary_large_image\" \/>\n<meta name=\"twitter:label1\" content=\"Estimated reading time\" \/>\n\t<meta name=\"twitter:data1\" content=\"1 minute\" \/>\n<script type=\"application\/ld+json\" class=\"yoast-schema-graph\">{\"@context\":\"https:\/\/schema.org\",\"@graph\":[{\"@type\":\"WebPage\",\"@id\":\"https:\/\/tuto.provacy.com\/data\/duration\/\",\"url\":\"https:\/\/tuto.provacy.com\/data\/duration\/\",\"name\":\"4. Dur\u00e9es de conservation - Guide utilisateur\",\"isPartOf\":{\"@id\":\"https:\/\/tuto.provacy.com\/#website\"},\"primaryImageOfPage\":{\"@id\":\"https:\/\/tuto.provacy.com\/data\/duration\/#primaryimage\"},\"image\":{\"@id\":\"https:\/\/tuto.provacy.com\/data\/duration\/#primaryimage\"},\"thumbnailUrl\":\"https:\/\/tuto.provacy.com\/wp-content\/uploads\/sites\/4\/2024\/05\/AIDE_TABLEAU-DE-DONNEES-Page-1-5.png\",\"datePublished\":\"2023-08-22T15:12:21+00:00\",\"dateModified\":\"2026-01-23T08:29:42+00:00\",\"breadcrumb\":{\"@id\":\"https:\/\/tuto.provacy.com\/data\/duration\/#breadcrumb\"},\"inLanguage\":\"en-GB\",\"potentialAction\":[{\"@type\":\"ReadAction\",\"target\":[\"https:\/\/tuto.provacy.com\/data\/duration\/\"]}]},{\"@type\":\"ImageObject\",\"inLanguage\":\"en-GB\",\"@id\":\"https:\/\/tuto.provacy.com\/data\/duration\/#primaryimage\",\"url\":\"https:\/\/tuto.provacy.com\/wp-content\/uploads\/sites\/4\/2024\/05\/AIDE_TABLEAU-DE-DONNEES-Page-1-5.png\",\"contentUrl\":\"https:\/\/tuto.provacy.com\/wp-content\/uploads\/sites\/4\/2024\/05\/AIDE_TABLEAU-DE-DONNEES-Page-1-5.png\"},{\"@type\":\"BreadcrumbList\",\"@id\":\"https:\/\/tuto.provacy.com\/data\/duration\/#breadcrumb\",\"itemListElement\":[{\"@type\":\"ListItem\",\"position\":1,\"name\":\"Accueil\",\"item\":\"https:\/\/tuto.provacy.com\/\"},{\"@type\":\"ListItem\",\"position\":2,\"name\":\"Donn\u00e9es\",\"item\":\"https:\/\/tuto.provacy.com\/data\/\"},{\"@type\":\"ListItem\",\"position\":3,\"name\":\"4. Dur\u00e9es de conservation\"}]},{\"@type\":\"WebSite\",\"@id\":\"https:\/\/tuto.provacy.com\/#website\",\"url\":\"https:\/\/tuto.provacy.com\/\",\"name\":\"Guide utilisateur\",\"description\":\"\",\"publisher\":{\"@id\":\"https:\/\/tuto.provacy.com\/#organization\"},\"potentialAction\":[{\"@type\":\"SearchAction\",\"target\":{\"@type\":\"EntryPoint\",\"urlTemplate\":\"https:\/\/tuto.provacy.com\/?s={search_term_string}\"},\"query-input\":\"required name=search_term_string\"}],\"inLanguage\":\"en-GB\"},{\"@type\":\"Organization\",\"@id\":\"https:\/\/tuto.provacy.com\/#organization\",\"name\":\"Guide utilisateur\",\"url\":\"https:\/\/tuto.provacy.com\/\",\"logo\":{\"@type\":\"ImageObject\",\"inLanguage\":\"en-GB\",\"@id\":\"https:\/\/tuto.provacy.com\/#\/schema\/logo\/image\/\",\"url\":\"https:\/\/tuto.provacy.com\/wp-content\/uploads\/sites\/4\/2023\/10\/cropped-power-logo-white-slogan.png\",\"contentUrl\":\"https:\/\/tuto.provacy.com\/wp-content\/uploads\/sites\/4\/2023\/10\/cropped-power-logo-white-slogan.png\",\"width\":1231,\"height\":272,\"caption\":\"Guide utilisateur\"},\"image\":{\"@id\":\"https:\/\/tuto.provacy.com\/#\/schema\/logo\/image\/\"}}]}<\/script>\n<!-- \/ Yoast SEO plugin. -->","yoast_head_json":{"title":"4. Dur\u00e9es de conservation - Guide utilisateur","robots":{"index":"noindex","follow":"follow","max-snippet":"max-snippet:-1","max-image-preview":"max-image-preview:large","max-video-preview":"max-video-preview:-1"},"og_locale":"en_GB","og_type":"article","og_title":"4. Dur\u00e9es de conservation - Guide utilisateur","og_description":"4. Dur\u00e9es de conservation Combien de temps conserve-t-on ces donn\u00e9es en base active ? Les 3 curseurs permettent de construire une phrase et ainsi d\u00e9finir pr\u00e9cis\u00e9ment la dur\u00e9e de conservation en base active. Par exemple, \"15 jours \u00e0 partir de la fin du dernier contact\" ou \"Suppression imm\u00e9diate \u00e0 partir de la fin de l'habilitation\". &hellip; 4. Dur\u00e9es de conservation Read More &raquo;","og_url":"https:\/\/tuto.provacy.com\/en\/data\/duration\/","og_site_name":"Guide utilisateur","article_modified_time":"2026-01-23T08:29:42+00:00","og_image":[{"url":"https:\/\/tuto.provacy.com\/wp-content\/uploads\/sites\/4\/2024\/05\/AIDE_TABLEAU-DE-DONNEES-Page-1-5.png"}],"twitter_card":"summary_large_image","twitter_misc":{"Estimated reading time":"1 minute"},"schema":{"@context":"https:\/\/schema.org","@graph":[{"@type":"WebPage","@id":"https:\/\/tuto.provacy.com\/data\/duration\/","url":"https:\/\/tuto.provacy.com\/data\/duration\/","name":"4. Dur\u00e9es de conservation - Guide utilisateur","isPartOf":{"@id":"https:\/\/tuto.provacy.com\/#website"},"primaryImageOfPage":{"@id":"https:\/\/tuto.provacy.com\/data\/duration\/#primaryimage"},"image":{"@id":"https:\/\/tuto.provacy.com\/data\/duration\/#primaryimage"},"thumbnailUrl":"https:\/\/tuto.provacy.com\/wp-content\/uploads\/sites\/4\/2024\/05\/AIDE_TABLEAU-DE-DONNEES-Page-1-5.png","datePublished":"2023-08-22T15:12:21+00:00","dateModified":"2026-01-23T08:29:42+00:00","breadcrumb":{"@id":"https:\/\/tuto.provacy.com\/data\/duration\/#breadcrumb"},"inLanguage":"en-GB","potentialAction":[{"@type":"ReadAction","target":["https:\/\/tuto.provacy.com\/data\/duration\/"]}]},{"@type":"ImageObject","inLanguage":"en-GB","@id":"https:\/\/tuto.provacy.com\/data\/duration\/#primaryimage","url":"https:\/\/tuto.provacy.com\/wp-content\/uploads\/sites\/4\/2024\/05\/AIDE_TABLEAU-DE-DONNEES-Page-1-5.png","contentUrl":"https:\/\/tuto.provacy.com\/wp-content\/uploads\/sites\/4\/2024\/05\/AIDE_TABLEAU-DE-DONNEES-Page-1-5.png"},{"@type":"BreadcrumbList","@id":"https:\/\/tuto.provacy.com\/data\/duration\/#breadcrumb","itemListElement":[{"@type":"ListItem","position":1,"name":"Accueil","item":"https:\/\/tuto.provacy.com\/"},{"@type":"ListItem","position":2,"name":"Donn\u00e9es","item":"https:\/\/tuto.provacy.com\/data\/"},{"@type":"ListItem","position":3,"name":"4. Dur\u00e9es de conservation"}]},{"@type":"WebSite","@id":"https:\/\/tuto.provacy.com\/#website","url":"https:\/\/tuto.provacy.com\/","name":"Guide utilisateur","description":"","publisher":{"@id":"https:\/\/tuto.provacy.com\/#organization"},"potentialAction":[{"@type":"SearchAction","target":{"@type":"EntryPoint","urlTemplate":"https:\/\/tuto.provacy.com\/?s={search_term_string}"},"query-input":"required name=search_term_string"}],"inLanguage":"en-GB"},{"@type":"Organization","@id":"https:\/\/tuto.provacy.com\/#organization","name":"Guide utilisateur","url":"https:\/\/tuto.provacy.com\/","logo":{"@type":"ImageObject","inLanguage":"en-GB","@id":"https:\/\/tuto.provacy.com\/#\/schema\/logo\/image\/","url":"https:\/\/tuto.provacy.com\/wp-content\/uploads\/sites\/4\/2023\/10\/cropped-power-logo-white-slogan.png","contentUrl":"https:\/\/tuto.provacy.com\/wp-content\/uploads\/sites\/4\/2023\/10\/cropped-power-logo-white-slogan.png","width":1231,"height":272,"caption":"Guide utilisateur"},"image":{"@id":"https:\/\/tuto.provacy.com\/#\/schema\/logo\/image\/"}}]}},"_links":{"self":[{"href":"https:\/\/tuto.provacy.com\/en\/wp-json\/wp\/v2\/pages\/931"}],"collection":[{"href":"https:\/\/tuto.provacy.com\/en\/wp-json\/wp\/v2\/pages"}],"about":[{"href":"https:\/\/tuto.provacy.com\/en\/wp-json\/wp\/v2\/types\/page"}],"author":[{"embeddable":true,"href":"https:\/\/tuto.provacy.com\/en\/wp-json\/wp\/v2\/users\/2"}],"replies":[{"embeddable":true,"href":"https:\/\/tuto.provacy.com\/en\/wp-json\/wp\/v2\/comments?post=931"}],"version-history":[{"count":14,"href":"https:\/\/tuto.provacy.com\/en\/wp-json\/wp\/v2\/pages\/931\/revisions"}],"predecessor-version":[{"id":4461,"href":"https:\/\/tuto.provacy.com\/en\/wp-json\/wp\/v2\/pages\/931\/revisions\/4461"}],"up":[{"embeddable":true,"href":"https:\/\/tuto.provacy.com\/en\/wp-json\/wp\/v2\/pages\/925"}],"wp:attachment":[{"href":"https:\/\/tuto.provacy.com\/en\/wp-json\/wp\/v2\/media?parent=931"}],"curies":[{"name":"wp","href":"https:\/\/api.w.org\/{rel}","templated":true}]}}