{"id":933,"date":"2023-08-22T17:13:46","date_gmt":"2023-08-22T15:13:46","guid":{"rendered":"https:\/\/tuto.provacy.com\/?page_id=933"},"modified":"2026-04-23T14:57:04","modified_gmt":"2026-04-23T12:57:04","slug":"tool","status":"publish","type":"page","link":"https:\/\/tuto.provacy.com\/en\/data\/tool\/","title":{"rendered":"6. Software and tools"},"content":{"rendered":"<div class=\"wp-block-group top-nav is-nowrap is-layout-flex wp-container-core-group-layout-1 wp-block-group-is-layout-flex\">\n\n<\/div>\n\n\n\n<h5 class=\"wp-block-heading\">6. Software and tools<\/h5>\n\n\n\n<h5 class=\"wp-block-heading\">Where is this data captured and stored?<\/h5>\n\n\n\n<p>This information does not appear in the official record, as it is not part of the information required under Article 30 of the GDPR. If you nevertheless wish to include it, please contact Provacy support.<\/p>\n\n\n\n<div class=\"wp-block-group is-nowrap is-layout-flex wp-container-core-group-layout-2 wp-block-group-is-layout-flex\" style=\"padding-top:var(--wp--preset--spacing--50);padding-right:var(--wp--preset--spacing--70);padding-bottom:var(--wp--preset--spacing--50);padding-left:var(--wp--preset--spacing--70)\">\n<figure class=\"wp-block-image size-large\"><img decoding=\"async\" src=\"https:\/\/tuto.provacy.com\/wp-content\/uploads\/sites\/4\/2023\/08\/34c4adfd-75ca-4039-b170-75abce235a16.png\" alt=\"\" \/><\/figure>\n<\/div>\n\n\n\n<div class=\"wp-block-group is-content-justification-center is-nowrap is-layout-flex wp-container-core-group-layout-3 wp-block-group-is-layout-flex\" style=\"padding-top:var(--wp--preset--spacing--50);padding-right:var(--wp--preset--spacing--70);padding-bottom:var(--wp--preset--spacing--50);padding-left:var(--wp--preset--spacing--70)\">\n<figure class=\"wp-block-image size-large\"><img decoding=\"async\" src=\"https:\/\/tuto.provacy.com\/wp-content\/uploads\/sites\/4\/2023\/08\/605fe218-2b2d-446a-9845-0724b5e57c36.png\" alt=\"\" \/><\/figure>\n<\/div>\n\n\n\n<p><img loading=\"lazy\" decoding=\"async\" width=\"144\" height=\"144\" class=\"wp-image-3799\" style=\"width: 70px\" src=\"https:\/\/tuto.provacy.com\/wp-content\/uploads\/sites\/4\/2025\/04\/CHANGE-LOG-5.3.2-Page-1.png\" alt=\"\" srcset=\"https:\/\/tuto.provacy.com\/wp-content\/uploads\/sites\/4\/2025\/04\/CHANGE-LOG-5.3.2-Page-1.png 144w, https:\/\/tuto.provacy.com\/wp-content\/uploads\/sites\/4\/2025\/04\/CHANGE-LOG-5.3.2-Page-1-12x12.png 12w\" sizes=\"(max-width: 144px) 100vw, 144px\" \/> The <img loading=\"lazy\" decoding=\"async\" width=\"97\" height=\"40\" class=\"wp-image-3800\" style=\"width: 97px\" src=\"https:\/\/tuto.provacy.com\/wp-content\/uploads\/sites\/4\/2025\/04\/D9993-2025-04-25_17_00.png\" alt=\"\" srcset=\"https:\/\/tuto.provacy.com\/wp-content\/uploads\/sites\/4\/2025\/04\/D9993-2025-04-25_17_00.png 113w, https:\/\/tuto.provacy.com\/wp-content\/uploads\/sites\/4\/2025\/04\/D9993-2025-04-25_17_00-18x7.png 18w\" sizes=\"(max-width: 97px) 100vw, 97px\" \/>  command allows you to qualify the flow of tools in <strong>published files.<\/strong>.<\/p>\n\n\n\n<p>To adjust tools by data category:<\/p>\n\n\n\n<div class=\"wp-block-group is-content-justification-center is-nowrap is-layout-flex wp-container-core-group-layout-4 wp-block-group-is-layout-flex\">\n<figure class=\"wp-block-image size-large\"><img loading=\"lazy\" decoding=\"async\" width=\"826\" height=\"1024\" src=\"https:\/\/tuto.provacy.com\/wp-content\/uploads\/sites\/4\/2026\/04\/DONNEES-Page-1-10.png\" alt=\"\" class=\"wp-image-4555\" srcset=\"https:\/\/tuto.provacy.com\/wp-content\/uploads\/sites\/4\/2026\/04\/DONNEES-Page-1-10.png 2049w, https:\/\/tuto.provacy.com\/wp-content\/uploads\/sites\/4\/2026\/04\/DONNEES-Page-1-10-241x300.png 241w, https:\/\/tuto.provacy.com\/wp-content\/uploads\/sites\/4\/2026\/04\/DONNEES-Page-1-10-824x1024.png 824w, https:\/\/tuto.provacy.com\/wp-content\/uploads\/sites\/4\/2026\/04\/DONNEES-Page-1-10-768x954.png 768w, https:\/\/tuto.provacy.com\/wp-content\/uploads\/sites\/4\/2026\/04\/DONNEES-Page-1-10-1236x1536.png 1236w, https:\/\/tuto.provacy.com\/wp-content\/uploads\/sites\/4\/2026\/04\/DONNEES-Page-1-10-1648x2048.png 1648w, https:\/\/tuto.provacy.com\/wp-content\/uploads\/sites\/4\/2026\/04\/DONNEES-Page-1-10-10x12.png 10w\" sizes=\"(max-width: 826px) 100vw, 826px\" \/><\/figure>\n<\/div>\n\n\n\n<p>Find a summary of all selected tools at the bottom of the tab:<\/p>\n\n\n\n<div class=\"wp-block-group is-content-justification-center is-nowrap is-layout-flex wp-container-core-group-layout-5 wp-block-group-is-layout-flex\">\n<figure class=\"wp-block-image size-large\"><img loading=\"lazy\" decoding=\"async\" width=\"1024\" height=\"331\" src=\"https:\/\/tuto.provacy.com\/wp-content\/uploads\/sites\/4\/2026\/04\/DONNEES-Page-1-18.png\" alt=\"\" class=\"wp-image-4567\" srcset=\"https:\/\/tuto.provacy.com\/wp-content\/uploads\/sites\/4\/2026\/04\/DONNEES-Page-1-18.png 1886w, https:\/\/tuto.provacy.com\/wp-content\/uploads\/sites\/4\/2026\/04\/DONNEES-Page-1-18-300x98.png 300w, https:\/\/tuto.provacy.com\/wp-content\/uploads\/sites\/4\/2026\/04\/DONNEES-Page-1-18-1024x334.png 1024w, https:\/\/tuto.provacy.com\/wp-content\/uploads\/sites\/4\/2026\/04\/DONNEES-Page-1-18-768x250.png 768w, https:\/\/tuto.provacy.com\/wp-content\/uploads\/sites\/4\/2026\/04\/DONNEES-Page-1-18-1536x501.png 1536w, https:\/\/tuto.provacy.com\/wp-content\/uploads\/sites\/4\/2026\/04\/DONNEES-Page-1-18-18x6.png 18w\" sizes=\"(max-width: 1024px) 100vw, 1024px\" \/><\/figure>\n<\/div>\n\n\n\n<p>Available columns:<\/p>\n\n\n\n<div class=\"wp-block-group is-content-justification-center is-nowrap is-layout-flex wp-container-core-group-layout-6 wp-block-group-is-layout-flex\">\n<figure class=\"wp-block-image size-large\"><img loading=\"lazy\" decoding=\"async\" width=\"1024\" height=\"621\" src=\"https:\/\/tuto.provacy.com\/wp-content\/uploads\/sites\/4\/2026\/04\/DONNEES-Page-1-13.png\" alt=\"\" class=\"wp-image-4558\" srcset=\"https:\/\/tuto.provacy.com\/wp-content\/uploads\/sites\/4\/2026\/04\/DONNEES-Page-1-13.png 1879w, https:\/\/tuto.provacy.com\/wp-content\/uploads\/sites\/4\/2026\/04\/DONNEES-Page-1-13-300x182.png 300w, https:\/\/tuto.provacy.com\/wp-content\/uploads\/sites\/4\/2026\/04\/DONNEES-Page-1-13-1024x621.png 1024w, https:\/\/tuto.provacy.com\/wp-content\/uploads\/sites\/4\/2026\/04\/DONNEES-Page-1-13-768x466.png 768w, https:\/\/tuto.provacy.com\/wp-content\/uploads\/sites\/4\/2026\/04\/DONNEES-Page-1-13-1536x932.png 1536w, https:\/\/tuto.provacy.com\/wp-content\/uploads\/sites\/4\/2026\/04\/DONNEES-Page-1-13-18x12.png 18w\" sizes=\"(max-width: 1024px) 100vw, 1024px\" \/><\/figure>\n<\/div>\n\n\n\n<p>From the tools list, display the associated processing activities or contracts: <\/p>\n\n\n\n<div class=\"wp-block-group is-content-justification-center is-nowrap is-layout-flex wp-container-core-group-layout-7 wp-block-group-is-layout-flex\">\n<figure class=\"wp-block-image size-large\"><img loading=\"lazy\" decoding=\"async\" width=\"1024\" height=\"609\" src=\"https:\/\/tuto.provacy.com\/wp-content\/uploads\/sites\/4\/2026\/04\/DONNEES-Page-1-15.png\" alt=\"\" class=\"wp-image-4563\" srcset=\"https:\/\/tuto.provacy.com\/wp-content\/uploads\/sites\/4\/2026\/04\/DONNEES-Page-1-15.png 1924w, https:\/\/tuto.provacy.com\/wp-content\/uploads\/sites\/4\/2026\/04\/DONNEES-Page-1-15-300x184.png 300w, https:\/\/tuto.provacy.com\/wp-content\/uploads\/sites\/4\/2026\/04\/DONNEES-Page-1-15-1024x627.png 1024w, https:\/\/tuto.provacy.com\/wp-content\/uploads\/sites\/4\/2026\/04\/DONNEES-Page-1-15-768x470.png 768w, https:\/\/tuto.provacy.com\/wp-content\/uploads\/sites\/4\/2026\/04\/DONNEES-Page-1-15-1536x940.png 1536w, https:\/\/tuto.provacy.com\/wp-content\/uploads\/sites\/4\/2026\/04\/DONNEES-Page-1-15-18x12.png 18w\" sizes=\"(max-width: 1024px) 100vw, 1024px\" \/><\/figure>\n<\/div>\n\n\n\n<h5 class=\"wp-block-heading\"><strong>List of Flows<\/strong><\/h5>\n\n\n\n<p>In the Administration menu, access the list of all tools classified as senders or receivers.<\/p>\n\n\n\n<div class=\"wp-block-group is-content-justification-center is-nowrap is-layout-flex wp-container-core-group-layout-8 wp-block-group-is-layout-flex\" style=\"padding-top:var(--wp--preset--spacing--50);padding-right:var(--wp--preset--spacing--70);padding-bottom:var(--wp--preset--spacing--50);padding-left:var(--wp--preset--spacing--70)\">\n<figure class=\"wp-block-image size-full\"><img loading=\"lazy\" decoding=\"async\" width=\"336\" height=\"196\" src=\"https:\/\/tuto.provacy.com\/wp-content\/uploads\/sites\/4\/2025\/04\/D9993-2025-04-25_16_14.png\" alt=\"\" class=\"wp-image-3784\" srcset=\"https:\/\/tuto.provacy.com\/wp-content\/uploads\/sites\/4\/2025\/04\/D9993-2025-04-25_16_14.png 323w, https:\/\/tuto.provacy.com\/wp-content\/uploads\/sites\/4\/2025\/04\/D9993-2025-04-25_16_14-300x183.png 300w, https:\/\/tuto.provacy.com\/wp-content\/uploads\/sites\/4\/2025\/04\/D9993-2025-04-25_16_14-18x12.png 18w\" sizes=\"(max-width: 336px) 100vw, 336px\" \/><\/figure>\n<\/div>\n\n\n\n<h5 class=\"wp-block-heading\">Interactive flow mapping<\/h5>\n\n\n\n<p>The flow animation illustrates the movement of data in one direction or the other.<\/p>\n\n\n\n<div class=\"wp-block-group is-content-justification-center is-nowrap is-layout-flex wp-container-core-group-layout-9 wp-block-group-is-layout-flex\" style=\"padding-top:var(--wp--preset--spacing--50);padding-right:var(--wp--preset--spacing--70);padding-bottom:var(--wp--preset--spacing--50);padding-left:var(--wp--preset--spacing--70)\">\n<figure class=\"wp-block-image size-full\"><img loading=\"lazy\" decoding=\"async\" width=\"320\" height=\"196\" src=\"https:\/\/tuto.provacy.com\/wp-content\/uploads\/sites\/4\/2025\/04\/D9993-2025-04-25_16_15.png\" alt=\"\" class=\"wp-image-3790\" srcset=\"https:\/\/tuto.provacy.com\/wp-content\/uploads\/sites\/4\/2025\/04\/D9993-2025-04-25_16_15.png 322w, https:\/\/tuto.provacy.com\/wp-content\/uploads\/sites\/4\/2025\/04\/D9993-2025-04-25_16_15-300x184.png 300w, https:\/\/tuto.provacy.com\/wp-content\/uploads\/sites\/4\/2025\/04\/D9993-2025-04-25_16_15-18x12.png 18w\" sizes=\"(max-width: 320px) 100vw, 320px\" \/><\/figure>\n<\/div>\n\n\n\n<div class=\"wp-block-group is-content-justification-center is-nowrap is-layout-flex wp-container-core-group-layout-10 wp-block-group-is-layout-flex\" style=\"padding-top:var(--wp--preset--spacing--50);padding-right:var(--wp--preset--spacing--70);padding-bottom:var(--wp--preset--spacing--50);padding-left:var(--wp--preset--spacing--70)\">\n<figure class=\"wp-block-image size-large\"><img decoding=\"async\" src=\"https:\/\/tuto.provacy.com\/wp-content\/uploads\/sites\/4\/2023\/08\/4d4065f8-6e81-47ca-b6e0-ccf6ebe91cc5.png\" alt=\"\" \/><\/figure>\n<\/div>\n\n\n\n<div class=\"wp-block-columns bottom-nav is-layout-flex wp-container-core-columns-layout-1 wp-block-columns-is-layout-flex\">\n<div class=\"wp-block-column is-layout-flow wp-block-column-is-layout-flow\" style=\"flex-basis:25%\"><\/div>\n\n\n\n<div class=\"wp-block-column is-layout-flow wp-block-column-is-layout-flow\" style=\"flex-basis:50%\"><\/div>\n\n\n\n<div class=\"wp-block-column is-layout-flow wp-block-column-is-layout-flow\" style=\"flex-basis:25%\"><\/div>\n<\/div>\n\n\n\n<span class=\"sidebar-toggle hidden\" title=\"Show\/Hide side menu\"><i class=\"fal fa-table-layout\"><\/i><\/span>\n<script src=\"\/wp-includes\/js\/provacy\/js.cookie.min.js\"><\/script>\n<script>\nvar shown = true, $ = jQuery, b = $('body'), t = $('.sidebar-toggle'), c = Cookies.get('sidebar');\nif (c) {\n  shown = c == 1;\n}\nb.addClass('sidebar-' + (shown ? 'shown' : 'hidden'));\nif (shown) {\n  t.find('i').toggleClass('fa-table-layout fa-window-maximize');\n}\nt.on('click', function() {\n  shown = !shown;\n  t.find('i').toggleClass('fa-table-layout fa-window-maximize');\n  b.toggleClass('sidebar-shown sidebar-hidden');\n  Cookies.set('sidebar', shown ? 1 : 0, { expires: 30 });\n});\n\n$('figure.wp-lightbox-container').on('click', function(e) {\n  var img = $(e.target).parents('figure:first').find('img:first'), src = img.attr('src'), enlarged = $('figure.enlarged-image img.' + img.attr('class'));\n  if (enlarged.length && src != enlarged.attr('src')) {\n    let count = 0;\n    function incr() {\n      count++;\n      if (src != enlarged.attr('src'))\n        enlarged.attr('src', src);\n      if (count >= 10) {\n        clearInterval(intervalId);\n      }\n    }\n    const intervalId = setInterval(incr, 100);\n  }\n\n  \/\/console.log('lightbox clicked', e, this);\n});\n\n<\/script>","protected":false},"excerpt":{"rendered":"<p>6. Logiciels et outils O\u00f9 ces donn\u00e9es sont-elles saisies et stock\u00e9es ? Cette information n\u2019appara\u00eet pas dans le registre officiel, car elle ne fait pas partie des informations requises par l\u2019article 30 du RGPD. Si vous souhaitez n\u00e9anmoins l\u2019y faire figurer, demandez au support Provacy. La commande vous permet de qualifier le flux des outils &hellip;<\/p>\n<p class=\"read-more\"> <a class=\"\" href=\"https:\/\/tuto.provacy.com\/en\/data\/tool\/\"> <span class=\"screen-reader-text\">6. Software and tools<\/span> Read More &raquo;<\/a><\/p>","protected":false},"author":2,"featured_media":0,"parent":925,"menu_order":48,"comment_status":"closed","ping_status":"closed","template":"","meta":{"site-sidebar-layout":"default","site-content-layout":"","ast-site-content-layout":"default","site-content-style":"default","site-sidebar-style":"default","ast-global-header-display":"","ast-banner-title-visibility":"","ast-main-header-display":"","ast-hfb-above-header-display":"","ast-hfb-below-header-display":"","ast-hfb-mobile-header-display":"","site-post-title":"","ast-breadcrumbs-content":"","ast-featured-img":"","footer-sml-layout":"","theme-transparent-header-meta":"","adv-header-id-meta":"","stick-header-meta":"","header-above-stick-meta":"","header-main-stick-meta":"","header-below-stick-meta":"","astra-migrate-meta-layouts":"set","footnotes":""},"yoast_head":"<!-- This site is optimized with the Yoast SEO plugin v23.3 - https:\/\/yoast.com\/wordpress\/plugins\/seo\/ -->\n<title>6. Logiciels et outils - Guide utilisateur<\/title>\n<meta name=\"robots\" content=\"noindex, follow, max-snippet:-1, max-image-preview:large, max-video-preview:-1\" \/>\n<meta property=\"og:locale\" content=\"en_GB\" \/>\n<meta property=\"og:type\" content=\"article\" \/>\n<meta property=\"og:title\" content=\"6. Logiciels et outils - Guide utilisateur\" \/>\n<meta property=\"og:description\" content=\"6. Logiciels et outils O\u00f9 ces donn\u00e9es sont-elles saisies et stock\u00e9es ? Cette information n\u2019appara\u00eet pas dans le registre officiel, car elle ne fait pas partie des informations requises par l\u2019article 30 du RGPD. Si vous souhaitez n\u00e9anmoins l\u2019y faire figurer, demandez au support Provacy. La commande vous permet de qualifier le flux des outils &hellip; 6. Logiciels et outils Read More &raquo;\" \/>\n<meta property=\"og:url\" content=\"https:\/\/tuto.provacy.com\/en\/data\/tool\/\" \/>\n<meta property=\"og:site_name\" content=\"Guide utilisateur\" \/>\n<meta property=\"article:modified_time\" content=\"2026-04-23T12:57:04+00:00\" \/>\n<meta property=\"og:image\" content=\"https:\/\/tuto.provacy.com\/wp-content\/uploads\/sites\/4\/2023\/08\/bcf34337-4f2d-4730-89a1-71ee06488713.png\" \/>\n<meta name=\"twitter:card\" content=\"summary_large_image\" \/>\n<meta name=\"twitter:label1\" content=\"Estimated reading time\" \/>\n\t<meta name=\"twitter:data1\" content=\"3 minutes\" \/>\n<script type=\"application\/ld+json\" class=\"yoast-schema-graph\">{\"@context\":\"https:\/\/schema.org\",\"@graph\":[{\"@type\":\"WebPage\",\"@id\":\"https:\/\/tuto.provacy.com\/data\/tool\/\",\"url\":\"https:\/\/tuto.provacy.com\/data\/tool\/\",\"name\":\"6. Logiciels et outils - Guide utilisateur\",\"isPartOf\":{\"@id\":\"https:\/\/tuto.provacy.com\/#website\"},\"primaryImageOfPage\":{\"@id\":\"https:\/\/tuto.provacy.com\/data\/tool\/#primaryimage\"},\"image\":{\"@id\":\"https:\/\/tuto.provacy.com\/data\/tool\/#primaryimage\"},\"thumbnailUrl\":\"https:\/\/tuto.provacy.com\/wp-content\/uploads\/sites\/4\/2023\/08\/bcf34337-4f2d-4730-89a1-71ee06488713.png\",\"datePublished\":\"2023-08-22T15:13:46+00:00\",\"dateModified\":\"2026-04-23T12:57:04+00:00\",\"breadcrumb\":{\"@id\":\"https:\/\/tuto.provacy.com\/data\/tool\/#breadcrumb\"},\"inLanguage\":\"en-GB\",\"potentialAction\":[{\"@type\":\"ReadAction\",\"target\":[\"https:\/\/tuto.provacy.com\/data\/tool\/\"]}]},{\"@type\":\"ImageObject\",\"inLanguage\":\"en-GB\",\"@id\":\"https:\/\/tuto.provacy.com\/data\/tool\/#primaryimage\",\"url\":\"https:\/\/tuto.provacy.com\/wp-content\/uploads\/sites\/4\/2023\/08\/bcf34337-4f2d-4730-89a1-71ee06488713.png\",\"contentUrl\":\"https:\/\/tuto.provacy.com\/wp-content\/uploads\/sites\/4\/2023\/08\/bcf34337-4f2d-4730-89a1-71ee06488713.png\"},{\"@type\":\"BreadcrumbList\",\"@id\":\"https:\/\/tuto.provacy.com\/data\/tool\/#breadcrumb\",\"itemListElement\":[{\"@type\":\"ListItem\",\"position\":1,\"name\":\"Accueil\",\"item\":\"https:\/\/tuto.provacy.com\/\"},{\"@type\":\"ListItem\",\"position\":2,\"name\":\"Donn\u00e9es\",\"item\":\"https:\/\/tuto.provacy.com\/data\/\"},{\"@type\":\"ListItem\",\"position\":3,\"name\":\"6. Logiciels et outils\"}]},{\"@type\":\"WebSite\",\"@id\":\"https:\/\/tuto.provacy.com\/#website\",\"url\":\"https:\/\/tuto.provacy.com\/\",\"name\":\"Guide utilisateur\",\"description\":\"\",\"publisher\":{\"@id\":\"https:\/\/tuto.provacy.com\/#organization\"},\"potentialAction\":[{\"@type\":\"SearchAction\",\"target\":{\"@type\":\"EntryPoint\",\"urlTemplate\":\"https:\/\/tuto.provacy.com\/?s={search_term_string}\"},\"query-input\":\"required name=search_term_string\"}],\"inLanguage\":\"en-GB\"},{\"@type\":\"Organization\",\"@id\":\"https:\/\/tuto.provacy.com\/#organization\",\"name\":\"Guide utilisateur\",\"url\":\"https:\/\/tuto.provacy.com\/\",\"logo\":{\"@type\":\"ImageObject\",\"inLanguage\":\"en-GB\",\"@id\":\"https:\/\/tuto.provacy.com\/#\/schema\/logo\/image\/\",\"url\":\"https:\/\/tuto.provacy.com\/wp-content\/uploads\/sites\/4\/2023\/10\/cropped-power-logo-white-slogan.png\",\"contentUrl\":\"https:\/\/tuto.provacy.com\/wp-content\/uploads\/sites\/4\/2023\/10\/cropped-power-logo-white-slogan.png\",\"width\":1231,\"height\":272,\"caption\":\"Guide utilisateur\"},\"image\":{\"@id\":\"https:\/\/tuto.provacy.com\/#\/schema\/logo\/image\/\"}}]}<\/script>\n<!-- \/ Yoast SEO plugin. -->","yoast_head_json":{"title":"6. Logiciels et outils - Guide utilisateur","robots":{"index":"noindex","follow":"follow","max-snippet":"max-snippet:-1","max-image-preview":"max-image-preview:large","max-video-preview":"max-video-preview:-1"},"og_locale":"en_GB","og_type":"article","og_title":"6. Logiciels et outils - Guide utilisateur","og_description":"6. Logiciels et outils O\u00f9 ces donn\u00e9es sont-elles saisies et stock\u00e9es ? Cette information n\u2019appara\u00eet pas dans le registre officiel, car elle ne fait pas partie des informations requises par l\u2019article 30 du RGPD. Si vous souhaitez n\u00e9anmoins l\u2019y faire figurer, demandez au support Provacy. La commande vous permet de qualifier le flux des outils &hellip; 6. Logiciels et outils Read More &raquo;","og_url":"https:\/\/tuto.provacy.com\/en\/data\/tool\/","og_site_name":"Guide utilisateur","article_modified_time":"2026-04-23T12:57:04+00:00","og_image":[{"url":"https:\/\/tuto.provacy.com\/wp-content\/uploads\/sites\/4\/2023\/08\/bcf34337-4f2d-4730-89a1-71ee06488713.png"}],"twitter_card":"summary_large_image","twitter_misc":{"Estimated reading time":"3 minutes"},"schema":{"@context":"https:\/\/schema.org","@graph":[{"@type":"WebPage","@id":"https:\/\/tuto.provacy.com\/data\/tool\/","url":"https:\/\/tuto.provacy.com\/data\/tool\/","name":"6. Logiciels et outils - Guide utilisateur","isPartOf":{"@id":"https:\/\/tuto.provacy.com\/#website"},"primaryImageOfPage":{"@id":"https:\/\/tuto.provacy.com\/data\/tool\/#primaryimage"},"image":{"@id":"https:\/\/tuto.provacy.com\/data\/tool\/#primaryimage"},"thumbnailUrl":"https:\/\/tuto.provacy.com\/wp-content\/uploads\/sites\/4\/2023\/08\/bcf34337-4f2d-4730-89a1-71ee06488713.png","datePublished":"2023-08-22T15:13:46+00:00","dateModified":"2026-04-23T12:57:04+00:00","breadcrumb":{"@id":"https:\/\/tuto.provacy.com\/data\/tool\/#breadcrumb"},"inLanguage":"en-GB","potentialAction":[{"@type":"ReadAction","target":["https:\/\/tuto.provacy.com\/data\/tool\/"]}]},{"@type":"ImageObject","inLanguage":"en-GB","@id":"https:\/\/tuto.provacy.com\/data\/tool\/#primaryimage","url":"https:\/\/tuto.provacy.com\/wp-content\/uploads\/sites\/4\/2023\/08\/bcf34337-4f2d-4730-89a1-71ee06488713.png","contentUrl":"https:\/\/tuto.provacy.com\/wp-content\/uploads\/sites\/4\/2023\/08\/bcf34337-4f2d-4730-89a1-71ee06488713.png"},{"@type":"BreadcrumbList","@id":"https:\/\/tuto.provacy.com\/data\/tool\/#breadcrumb","itemListElement":[{"@type":"ListItem","position":1,"name":"Accueil","item":"https:\/\/tuto.provacy.com\/"},{"@type":"ListItem","position":2,"name":"Donn\u00e9es","item":"https:\/\/tuto.provacy.com\/data\/"},{"@type":"ListItem","position":3,"name":"6. Logiciels et outils"}]},{"@type":"WebSite","@id":"https:\/\/tuto.provacy.com\/#website","url":"https:\/\/tuto.provacy.com\/","name":"Guide utilisateur","description":"","publisher":{"@id":"https:\/\/tuto.provacy.com\/#organization"},"potentialAction":[{"@type":"SearchAction","target":{"@type":"EntryPoint","urlTemplate":"https:\/\/tuto.provacy.com\/?s={search_term_string}"},"query-input":"required name=search_term_string"}],"inLanguage":"en-GB"},{"@type":"Organization","@id":"https:\/\/tuto.provacy.com\/#organization","name":"Guide utilisateur","url":"https:\/\/tuto.provacy.com\/","logo":{"@type":"ImageObject","inLanguage":"en-GB","@id":"https:\/\/tuto.provacy.com\/#\/schema\/logo\/image\/","url":"https:\/\/tuto.provacy.com\/wp-content\/uploads\/sites\/4\/2023\/10\/cropped-power-logo-white-slogan.png","contentUrl":"https:\/\/tuto.provacy.com\/wp-content\/uploads\/sites\/4\/2023\/10\/cropped-power-logo-white-slogan.png","width":1231,"height":272,"caption":"Guide utilisateur"},"image":{"@id":"https:\/\/tuto.provacy.com\/#\/schema\/logo\/image\/"}}]}},"_links":{"self":[{"href":"https:\/\/tuto.provacy.com\/en\/wp-json\/wp\/v2\/pages\/933"}],"collection":[{"href":"https:\/\/tuto.provacy.com\/en\/wp-json\/wp\/v2\/pages"}],"about":[{"href":"https:\/\/tuto.provacy.com\/en\/wp-json\/wp\/v2\/types\/page"}],"author":[{"embeddable":true,"href":"https:\/\/tuto.provacy.com\/en\/wp-json\/wp\/v2\/users\/2"}],"replies":[{"embeddable":true,"href":"https:\/\/tuto.provacy.com\/en\/wp-json\/wp\/v2\/comments?post=933"}],"version-history":[{"count":28,"href":"https:\/\/tuto.provacy.com\/en\/wp-json\/wp\/v2\/pages\/933\/revisions"}],"predecessor-version":[{"id":4568,"href":"https:\/\/tuto.provacy.com\/en\/wp-json\/wp\/v2\/pages\/933\/revisions\/4568"}],"up":[{"embeddable":true,"href":"https:\/\/tuto.provacy.com\/en\/wp-json\/wp\/v2\/pages\/925"}],"wp:attachment":[{"href":"https:\/\/tuto.provacy.com\/en\/wp-json\/wp\/v2\/media?parent=933"}],"curies":[{"name":"wp","href":"https:\/\/api.w.org\/{rel}","templated":true}]}}