{"id":937,"date":"2023-08-22T17:16:37","date_gmt":"2023-08-22T15:16:37","guid":{"rendered":"https:\/\/tuto.provacy.com\/?page_id=937"},"modified":"2026-01-23T10:02:03","modified_gmt":"2026-01-23T09:02:03","slug":"details","status":"publish","type":"page","link":"https:\/\/tuto.provacy.com\/en\/data\/details\/","title":{"rendered":"9. Adjustment by data category"},"content":{"rendered":"<div class=\"wp-block-group top-nav is-nowrap is-layout-flex wp-container-core-group-layout-1 wp-block-group-is-layout-flex\">\n\n<\/div>\n\n\n\n<h5 class=\"wp-block-heading\">9. Adjustment by data category<\/h5>\n\n\n\n<p>The table action buttons allow you to define a common value for all selected data categories. When hovering the mouse, the applied value is displayed in a tooltip.<\/p>\n\n\n\n<div class=\"wp-block-group is-nowrap is-layout-flex wp-container-core-group-layout-2 wp-block-group-is-layout-flex\">\n<figure class=\"wp-block-image size-large is-resized\"><img decoding=\"async\" src=\"https:\/\/tuto.provacy.com\/wp-content\/uploads\/sites\/4\/2023\/08\/dfc3429f-8594-4720-811e-a87edc222303.png\" alt=\"\" style=\"width:800px\" \/><\/figure>\n<\/div>\n\n\n\n<blockquote class=\"wp-block-quote\">\n<p class=\"translation-block\"><strong>Warning<\/strong>: for <strong>Tools<\/strong> and <strong>Third Parties<\/strong>, selecting a common value beforehand is mandatory in order to perform subsequent adjustments. During the adjustment phase, only the common values defined for tools and third parties are available.<\/p>\n<\/blockquote>\n\n\n\n<p class=\"translation-block\"><strong>Two methods<\/strong> are available to adjust values by data category or add notes:<\/p>\n\n\n\n<ol>\n<li class=\"translation-block\"><strong>One-off modification<\/strong>: click directly in the table cell you want to edit. A window opens, allowing you to select another value or add a note.<\/li>\n\n\n\n<li class=\"translation-block\"><strong>Global modification by category<\/strong>: click on the pencil-shaped icon associated with the category. A dedicated window opens, allowing you to modify all values and notes for that data category.<\/li>\n<\/ol>\n\n\n\n<div class=\"wp-block-group is-nowrap is-layout-flex wp-container-core-group-layout-3 wp-block-group-is-layout-flex\">\n<figure class=\"wp-block-image size-large\"><img decoding=\"async\" src=\"https:\/\/tuto.provacy.com\/wp-content\/uploads\/sites\/4\/2023\/08\/7a1c3498-06a9-4ea1-bf0a-d5cd7488cd03.png\" alt=\"\" \/><\/figure>\n<\/div>\n\n\n\n<div class=\"wp-block-group is-nowrap is-layout-flex wp-container-core-group-layout-4 wp-block-group-is-layout-flex\">\n<figure class=\"wp-block-image size-large\"><img decoding=\"async\" src=\"https:\/\/tuto.provacy.com\/wp-content\/uploads\/sites\/4\/2023\/08\/36fd1771-c3d6-440f-aa0f-c5b5edc2138f.png\" alt=\"\" \/><\/figure>\n<\/div>\n\n\n\n<div class=\"wp-block-columns bottom-nav is-layout-flex wp-container-core-columns-layout-1 wp-block-columns-is-layout-flex\">\n<div class=\"wp-block-column is-layout-flow wp-block-column-is-layout-flow\" style=\"flex-basis:25%\"><\/div>\n\n\n\n<div class=\"wp-block-column is-layout-flow wp-block-column-is-layout-flow\" style=\"flex-basis:50%\"><\/div>\n\n\n\n<div class=\"wp-block-column is-layout-flow wp-block-column-is-layout-flow\" style=\"flex-basis:25%\"><\/div>\n<\/div>\n\n\n\n<span class=\"sidebar-toggle hidden\" title=\"Show\/Hide side menu\"><i class=\"fal fa-table-layout\"><\/i><\/span>\n<script src=\"\/wp-includes\/js\/provacy\/js.cookie.min.js\"><\/script>\n<script>\nvar shown = true, $ = jQuery, b = $('body'), t = $('.sidebar-toggle'), c = Cookies.get('sidebar');\nif (c) {\n  shown = c == 1;\n}\nb.addClass('sidebar-' + (shown ? 'shown' : 'hidden'));\nif (shown) {\n  t.find('i').toggleClass('fa-table-layout fa-window-maximize');\n}\nt.on('click', function() {\n  shown = !shown;\n  t.find('i').toggleClass('fa-table-layout fa-window-maximize');\n  b.toggleClass('sidebar-shown sidebar-hidden');\n  Cookies.set('sidebar', shown ? 1 : 0, { expires: 30 });\n});\n\n$('figure.wp-lightbox-container').on('click', function(e) {\n  var img = $(e.target).parents('figure:first').find('img:first'), src = img.attr('src'), enlarged = $('figure.enlarged-image img.' + img.attr('class'));\n  if (enlarged.length && src != enlarged.attr('src')) {\n    let count = 0;\n    function incr() {\n      count++;\n      if (src != enlarged.attr('src'))\n        enlarged.attr('src', src);\n      if (count >= 10) {\n        clearInterval(intervalId);\n      }\n    }\n    const intervalId = setInterval(incr, 100);\n  }\n\n  \/\/console.log('lightbox clicked', e, this);\n});\n\n<\/script>","protected":false},"excerpt":{"rendered":"<p>9. Ajustement par cat\u00e9gorie de donn\u00e9es Les boutons d\u2019action du tableau permettent de d\u00e9finir une valeur commune pour l\u2019ensemble des cat\u00e9gories de donn\u00e9es s\u00e9lectionn\u00e9es. Lors du survol de la souris, la valeur appliqu\u00e9e s\u2019affiche dans une infobulle. Attention : pour les Outils et les Tiers, la s\u00e9lection pr\u00e9alable d\u2019une valeur commune est obligatoire afin de &hellip;<\/p>\n<p class=\"read-more\"> <a class=\"\" href=\"https:\/\/tuto.provacy.com\/en\/data\/details\/\"> <span class=\"screen-reader-text\">9. Adjustment by data category<\/span> Read More &raquo;<\/a><\/p>","protected":false},"author":2,"featured_media":0,"parent":925,"menu_order":51,"comment_status":"closed","ping_status":"closed","template":"","meta":{"site-sidebar-layout":"default","site-content-layout":"","ast-site-content-layout":"default","site-content-style":"default","site-sidebar-style":"default","ast-global-header-display":"","ast-banner-title-visibility":"","ast-main-header-display":"","ast-hfb-above-header-display":"","ast-hfb-below-header-display":"","ast-hfb-mobile-header-display":"","site-post-title":"","ast-breadcrumbs-content":"","ast-featured-img":"","footer-sml-layout":"","theme-transparent-header-meta":"","adv-header-id-meta":"","stick-header-meta":"","header-above-stick-meta":"","header-main-stick-meta":"","header-below-stick-meta":"","astra-migrate-meta-layouts":"set","footnotes":""},"yoast_head":"<!-- This site is optimized with the Yoast SEO plugin v23.3 - https:\/\/yoast.com\/wordpress\/plugins\/seo\/ -->\n<title>9. Ajustement par cat\u00e9gorie de donn\u00e9es - Guide utilisateur<\/title>\n<meta name=\"robots\" content=\"noindex, follow, max-snippet:-1, max-image-preview:large, max-video-preview:-1\" \/>\n<meta property=\"og:locale\" content=\"en_GB\" \/>\n<meta property=\"og:type\" content=\"article\" \/>\n<meta property=\"og:title\" content=\"9. Ajustement par cat\u00e9gorie de donn\u00e9es - Guide utilisateur\" \/>\n<meta property=\"og:description\" content=\"9. Ajustement par cat\u00e9gorie de donn\u00e9es Les boutons d\u2019action du tableau permettent de d\u00e9finir une valeur commune pour l\u2019ensemble des cat\u00e9gories de donn\u00e9es s\u00e9lectionn\u00e9es. Lors du survol de la souris, la valeur appliqu\u00e9e s\u2019affiche dans une infobulle. Attention : pour les Outils et les Tiers, la s\u00e9lection pr\u00e9alable d\u2019une valeur commune est obligatoire afin de &hellip; 9. Ajustement par cat\u00e9gorie de donn\u00e9es Read More &raquo;\" \/>\n<meta property=\"og:url\" content=\"https:\/\/tuto.provacy.com\/en\/data\/details\/\" \/>\n<meta property=\"og:site_name\" content=\"Guide utilisateur\" \/>\n<meta property=\"article:modified_time\" content=\"2026-01-23T09:02:03+00:00\" \/>\n<meta property=\"og:image\" content=\"https:\/\/tuto.provacy.com\/wp-content\/uploads\/sites\/4\/2023\/08\/b8f5471d-29b9-4b29-92f7-ace73cc9bbac.png\" \/>\n<meta name=\"twitter:card\" content=\"summary_large_image\" \/>\n<meta name=\"twitter:label1\" content=\"Estimated reading time\" \/>\n\t<meta name=\"twitter:data1\" content=\"2 minutes\" \/>\n<script type=\"application\/ld+json\" class=\"yoast-schema-graph\">{\"@context\":\"https:\/\/schema.org\",\"@graph\":[{\"@type\":\"WebPage\",\"@id\":\"https:\/\/tuto.provacy.com\/data\/details\/\",\"url\":\"https:\/\/tuto.provacy.com\/data\/details\/\",\"name\":\"9. Ajustement par cat\u00e9gorie de donn\u00e9es - Guide utilisateur\",\"isPartOf\":{\"@id\":\"https:\/\/tuto.provacy.com\/#website\"},\"primaryImageOfPage\":{\"@id\":\"https:\/\/tuto.provacy.com\/data\/details\/#primaryimage\"},\"image\":{\"@id\":\"https:\/\/tuto.provacy.com\/data\/details\/#primaryimage\"},\"thumbnailUrl\":\"https:\/\/tuto.provacy.com\/wp-content\/uploads\/sites\/4\/2023\/08\/b8f5471d-29b9-4b29-92f7-ace73cc9bbac.png\",\"datePublished\":\"2023-08-22T15:16:37+00:00\",\"dateModified\":\"2026-01-23T09:02:03+00:00\",\"breadcrumb\":{\"@id\":\"https:\/\/tuto.provacy.com\/data\/details\/#breadcrumb\"},\"inLanguage\":\"en-GB\",\"potentialAction\":[{\"@type\":\"ReadAction\",\"target\":[\"https:\/\/tuto.provacy.com\/data\/details\/\"]}]},{\"@type\":\"ImageObject\",\"inLanguage\":\"en-GB\",\"@id\":\"https:\/\/tuto.provacy.com\/data\/details\/#primaryimage\",\"url\":\"https:\/\/tuto.provacy.com\/wp-content\/uploads\/sites\/4\/2023\/08\/b8f5471d-29b9-4b29-92f7-ace73cc9bbac.png\",\"contentUrl\":\"https:\/\/tuto.provacy.com\/wp-content\/uploads\/sites\/4\/2023\/08\/b8f5471d-29b9-4b29-92f7-ace73cc9bbac.png\"},{\"@type\":\"BreadcrumbList\",\"@id\":\"https:\/\/tuto.provacy.com\/data\/details\/#breadcrumb\",\"itemListElement\":[{\"@type\":\"ListItem\",\"position\":1,\"name\":\"Accueil\",\"item\":\"https:\/\/tuto.provacy.com\/\"},{\"@type\":\"ListItem\",\"position\":2,\"name\":\"Donn\u00e9es\",\"item\":\"https:\/\/tuto.provacy.com\/data\/\"},{\"@type\":\"ListItem\",\"position\":3,\"name\":\"9. Ajustement par cat\u00e9gorie de donn\u00e9es\"}]},{\"@type\":\"WebSite\",\"@id\":\"https:\/\/tuto.provacy.com\/#website\",\"url\":\"https:\/\/tuto.provacy.com\/\",\"name\":\"Guide utilisateur\",\"description\":\"\",\"publisher\":{\"@id\":\"https:\/\/tuto.provacy.com\/#organization\"},\"potentialAction\":[{\"@type\":\"SearchAction\",\"target\":{\"@type\":\"EntryPoint\",\"urlTemplate\":\"https:\/\/tuto.provacy.com\/?s={search_term_string}\"},\"query-input\":\"required name=search_term_string\"}],\"inLanguage\":\"en-GB\"},{\"@type\":\"Organization\",\"@id\":\"https:\/\/tuto.provacy.com\/#organization\",\"name\":\"Guide utilisateur\",\"url\":\"https:\/\/tuto.provacy.com\/\",\"logo\":{\"@type\":\"ImageObject\",\"inLanguage\":\"en-GB\",\"@id\":\"https:\/\/tuto.provacy.com\/#\/schema\/logo\/image\/\",\"url\":\"https:\/\/tuto.provacy.com\/wp-content\/uploads\/sites\/4\/2023\/10\/cropped-power-logo-white-slogan.png\",\"contentUrl\":\"https:\/\/tuto.provacy.com\/wp-content\/uploads\/sites\/4\/2023\/10\/cropped-power-logo-white-slogan.png\",\"width\":1231,\"height\":272,\"caption\":\"Guide utilisateur\"},\"image\":{\"@id\":\"https:\/\/tuto.provacy.com\/#\/schema\/logo\/image\/\"}}]}<\/script>\n<!-- \/ Yoast SEO plugin. -->","yoast_head_json":{"title":"9. Ajustement par cat\u00e9gorie de donn\u00e9es - Guide utilisateur","robots":{"index":"noindex","follow":"follow","max-snippet":"max-snippet:-1","max-image-preview":"max-image-preview:large","max-video-preview":"max-video-preview:-1"},"og_locale":"en_GB","og_type":"article","og_title":"9. Ajustement par cat\u00e9gorie de donn\u00e9es - Guide utilisateur","og_description":"9. Ajustement par cat\u00e9gorie de donn\u00e9es Les boutons d\u2019action du tableau permettent de d\u00e9finir une valeur commune pour l\u2019ensemble des cat\u00e9gories de donn\u00e9es s\u00e9lectionn\u00e9es. Lors du survol de la souris, la valeur appliqu\u00e9e s\u2019affiche dans une infobulle. Attention : pour les Outils et les Tiers, la s\u00e9lection pr\u00e9alable d\u2019une valeur commune est obligatoire afin de &hellip; 9. Ajustement par cat\u00e9gorie de donn\u00e9es Read More &raquo;","og_url":"https:\/\/tuto.provacy.com\/en\/data\/details\/","og_site_name":"Guide utilisateur","article_modified_time":"2026-01-23T09:02:03+00:00","og_image":[{"url":"https:\/\/tuto.provacy.com\/wp-content\/uploads\/sites\/4\/2023\/08\/b8f5471d-29b9-4b29-92f7-ace73cc9bbac.png"}],"twitter_card":"summary_large_image","twitter_misc":{"Estimated reading time":"2 minutes"},"schema":{"@context":"https:\/\/schema.org","@graph":[{"@type":"WebPage","@id":"https:\/\/tuto.provacy.com\/data\/details\/","url":"https:\/\/tuto.provacy.com\/data\/details\/","name":"9. Ajustement par cat\u00e9gorie de donn\u00e9es - Guide utilisateur","isPartOf":{"@id":"https:\/\/tuto.provacy.com\/#website"},"primaryImageOfPage":{"@id":"https:\/\/tuto.provacy.com\/data\/details\/#primaryimage"},"image":{"@id":"https:\/\/tuto.provacy.com\/data\/details\/#primaryimage"},"thumbnailUrl":"https:\/\/tuto.provacy.com\/wp-content\/uploads\/sites\/4\/2023\/08\/b8f5471d-29b9-4b29-92f7-ace73cc9bbac.png","datePublished":"2023-08-22T15:16:37+00:00","dateModified":"2026-01-23T09:02:03+00:00","breadcrumb":{"@id":"https:\/\/tuto.provacy.com\/data\/details\/#breadcrumb"},"inLanguage":"en-GB","potentialAction":[{"@type":"ReadAction","target":["https:\/\/tuto.provacy.com\/data\/details\/"]}]},{"@type":"ImageObject","inLanguage":"en-GB","@id":"https:\/\/tuto.provacy.com\/data\/details\/#primaryimage","url":"https:\/\/tuto.provacy.com\/wp-content\/uploads\/sites\/4\/2023\/08\/b8f5471d-29b9-4b29-92f7-ace73cc9bbac.png","contentUrl":"https:\/\/tuto.provacy.com\/wp-content\/uploads\/sites\/4\/2023\/08\/b8f5471d-29b9-4b29-92f7-ace73cc9bbac.png"},{"@type":"BreadcrumbList","@id":"https:\/\/tuto.provacy.com\/data\/details\/#breadcrumb","itemListElement":[{"@type":"ListItem","position":1,"name":"Accueil","item":"https:\/\/tuto.provacy.com\/"},{"@type":"ListItem","position":2,"name":"Donn\u00e9es","item":"https:\/\/tuto.provacy.com\/data\/"},{"@type":"ListItem","position":3,"name":"9. Ajustement par cat\u00e9gorie de donn\u00e9es"}]},{"@type":"WebSite","@id":"https:\/\/tuto.provacy.com\/#website","url":"https:\/\/tuto.provacy.com\/","name":"Guide utilisateur","description":"","publisher":{"@id":"https:\/\/tuto.provacy.com\/#organization"},"potentialAction":[{"@type":"SearchAction","target":{"@type":"EntryPoint","urlTemplate":"https:\/\/tuto.provacy.com\/?s={search_term_string}"},"query-input":"required name=search_term_string"}],"inLanguage":"en-GB"},{"@type":"Organization","@id":"https:\/\/tuto.provacy.com\/#organization","name":"Guide utilisateur","url":"https:\/\/tuto.provacy.com\/","logo":{"@type":"ImageObject","inLanguage":"en-GB","@id":"https:\/\/tuto.provacy.com\/#\/schema\/logo\/image\/","url":"https:\/\/tuto.provacy.com\/wp-content\/uploads\/sites\/4\/2023\/10\/cropped-power-logo-white-slogan.png","contentUrl":"https:\/\/tuto.provacy.com\/wp-content\/uploads\/sites\/4\/2023\/10\/cropped-power-logo-white-slogan.png","width":1231,"height":272,"caption":"Guide utilisateur"},"image":{"@id":"https:\/\/tuto.provacy.com\/#\/schema\/logo\/image\/"}}]}},"_links":{"self":[{"href":"https:\/\/tuto.provacy.com\/en\/wp-json\/wp\/v2\/pages\/937"}],"collection":[{"href":"https:\/\/tuto.provacy.com\/en\/wp-json\/wp\/v2\/pages"}],"about":[{"href":"https:\/\/tuto.provacy.com\/en\/wp-json\/wp\/v2\/types\/page"}],"author":[{"embeddable":true,"href":"https:\/\/tuto.provacy.com\/en\/wp-json\/wp\/v2\/users\/2"}],"replies":[{"embeddable":true,"href":"https:\/\/tuto.provacy.com\/en\/wp-json\/wp\/v2\/comments?post=937"}],"version-history":[{"count":20,"href":"https:\/\/tuto.provacy.com\/en\/wp-json\/wp\/v2\/pages\/937\/revisions"}],"predecessor-version":[{"id":4464,"href":"https:\/\/tuto.provacy.com\/en\/wp-json\/wp\/v2\/pages\/937\/revisions\/4464"}],"up":[{"embeddable":true,"href":"https:\/\/tuto.provacy.com\/en\/wp-json\/wp\/v2\/pages\/925"}],"wp:attachment":[{"href":"https:\/\/tuto.provacy.com\/en\/wp-json\/wp\/v2\/media?parent=937"}],"curies":[{"name":"wp","href":"https:\/\/api.w.org\/{rel}","templated":true}]}}